{"id":3408,"date":"2020-11-16T22:59:09","date_gmt":"2020-11-16T22:59:09","guid":{"rendered":"https:\/\/distribuidor-cintas-adhesivas.es\/producto\/promotor-de-adhesion-94\/"},"modified":"2023-02-08T11:52:20","modified_gmt":"2023-02-08T11:52:20","slug":"primer-p94","status":"publish","type":"product","link":"https:\/\/distribuidor-cintas-adhesivas.es\/en\/producto\/primer-p94\/","title":{"rendered":"3M\u2122 Imprimaci\u00f3n P94 para Cintas Adhesivas"},"content":{"rendered":"<p>El primer P94 de 3M\u2122 es un producto para imprimaci\u00f3n de cintas adhesivas. Principalmente, se utiliza para potenciar la adhesi\u00f3n de las cintas a superficies tales como, polietileno, polipropileno, ABS, mezclas de PET\/PBT, cemento, madera, vidrio, metal y superficies met\u00e1licas pintadas.<\/p>\n<h4><strong><a href=\"https:\/\/solbi-mural.com\/es\/adhesivos-primers\/67-856-3m-imprimacion-p94-para-cintas-adhesivas-bote-de-950-ml-0021200239298.html\">Compra on-line Primer P94<\/a><\/strong><\/h4>\n<h4><strong>Caracter\u00edsticas<\/strong><\/h4>\n<ul>\n<li>Acelerar la adhesi\u00f3n sobre superficies dif\u00edciles, tales como:\n<ul>\n<li>Polietileno (PE).<\/li>\n<li>Polipropileno (PP).<\/li>\n<li>Acrilonitrilo butadieno estireno (ABS).<\/li>\n<li>Mezclas PET\/PBT polibutileno (PBT) y tereftalato de polietileno (PET).<\/li>\n<li>Barnices en polvo.<\/li>\n<li>Madera.<\/li>\n<li>Metal.<\/li>\n<li>Superficies expuestas a la humedad permanente (ventanas, cocinas, cuartos de ba\u00f1os y espejos).<\/li>\n<li>Zonas porosas.<\/li>\n<\/ul>\n<\/li>\n<\/ul>\n<h4><strong>Propiedades t\u00e9cnicas<\/strong><\/h4>\n<ul>\n<li>S\u00f3lidos: 6%<\/li>\n<li>Color: \u00c1mbar<\/li>\n<li>Punto de inflamaci\u00f3n: -20 \u00baC<\/li>\n<li>Viscosidad: <span dir=\"ltr\" role=\"presentation\">35+ 5 mPa\u00b7s<\/span><\/li>\n<\/ul>\n<h4><strong>Aplicaci\u00f3n t\u00e9cnica<\/strong><\/h4>\n<ul>\n<li><em>Preparaci\u00f3n del \u00e1rea a aplicar<\/em>: Superficies completamente limpias y secas. Si est\u00e1n sucias, se limpiaran anteriormente con una mezcla al 50% de agua y alcohol isoprop\u00edlico. Uso de pa\u00f1o que no desprenda hilos.<\/li>\n<li><em>Uso<\/em>: Agitar el bote antes de su empleo. Aplicar una fina capa usando la m\u00ednima cantidad que permita extenderlo por toda la superficie. Esperar a que se seque antes de usar la cinta (5 minutos aproximadamente). Si el \u00e1rea es porosa, aplicar dos capas finas.<\/li>\n<li><em>Limpieza<\/em>: Solo se elimina con alcohol isoprop\u00edlico.<\/li>\n<\/ul>\n<h4><strong>Productos relacionados<\/strong><\/h4>\n<ul>\n<li>\n<p class=\"h1\"><a href=\"https:\/\/solbi-mural.com\/es\/adhesivos-primers\/59-847-3m-stamark-p50-imprimacion-bote-de-20l-3134375274383.html\">3M\u2122 STAMARK\u2122 P50 Imprimaci\u00f3n<\/a><\/p>\n<\/li>\n<li>\n<p class=\"h1\">3<a href=\"https:\/\/solbi-mural.com\/es\/adhesivos-primers\/1147-1405-limpiador-y-activador-para-cintas-adhesivas-ap-111-barrita-de-066ml-0051115711299.html\">M\u2122 Limpiador y activador para Cintas Adhesivas AP111<\/a><\/p>\n<\/li>\n<\/ul>\n<p>&nbsp;<\/p>\n","protected":false},"excerpt":{"rendered":"<p>El primer P94 de 3M\u2122 es un producto para imprimaci\u00f3n de cintas adhesivas. Principalmente, se utiliza para potenciar la adhesi\u00f3n de las cintas a superficies tales como, polietileno, polipropileno, ABS, mezclas de PET\/PBT, cemento, madera, vidrio, metal y superficies met\u00e1licas pintadas. Compra on-line Primer P94 Caracter\u00edsticas Acelerar la adhesi\u00f3n sobre superficies dif\u00edciles, tales como: Polietileno [&hellip;]<\/p>\n","protected":false},"featured_media":3405,"template":"","meta":{"site-sidebar-layout":"default","site-content-layout":"","ast-site-content-layout":"default","site-content-style":"default","site-sidebar-style":"default","ast-global-header-display":"","ast-banner-title-visibility":"","ast-main-header-display":"","ast-hfb-above-header-display":"","ast-hfb-below-header-display":"","ast-hfb-mobile-header-display":"","site-post-title":"","ast-breadcrumbs-content":"","ast-featured-img":"","footer-sml-layout":"","ast-disable-related-posts":"","theme-transparent-header-meta":"","adv-header-id-meta":"","stick-header-meta":"","header-above-stick-meta":"","header-main-stick-meta":"","header-below-stick-meta":"","astra-migrate-meta-layouts":"default","ast-page-background-enabled":"default","ast-page-background-meta":{"desktop":{"background-color":"","background-image":"","background-repeat":"repeat","background-position":"center center","background-size":"auto","background-attachment":"scroll","background-type":"","background-media":"","overlay-type":"","overlay-color":"","overlay-opacity":"","overlay-gradient":""},"tablet":{"background-color":"","background-image":"","background-repeat":"repeat","background-position":"center center","background-size":"auto","background-attachment":"scroll","background-type":"","background-media":"","overlay-type":"","overlay-color":"","overlay-opacity":"","overlay-gradient":""},"mobile":{"background-color":"","background-image":"","background-repeat":"repeat","background-position":"center center","background-size":"auto","background-attachment":"scroll","background-type":"","background-media":"","overlay-type":"","overlay-color":"","overlay-opacity":"","overlay-gradient":""}},"ast-content-background-meta":{"desktop":{"background-color":"var(--ast-global-color-5)","background-image":"","background-repeat":"repeat","background-position":"center center","background-size":"auto","background-attachment":"scroll","background-type":"","background-media":"","overlay-type":"","overlay-color":"","overlay-opacity":"","overlay-gradient":""},"tablet":{"background-color":"var(--ast-global-color-5)","background-image":"","background-repeat":"repeat","background-position":"center center","background-size":"auto","background-attachment":"scroll","background-type":"","background-media":"","overlay-type":"","overlay-color":"","overlay-opacity":"","overlay-gradient":""},"mobile":{"background-color":"var(--ast-global-color-5)","background-image":"","background-repeat":"repeat","background-position":"center center","background-size":"auto","background-attachment":"scroll","background-type":"","background-media":"","overlay-type":"","overlay-color":"","overlay-opacity":"","overlay-gradient":""}}},"product_brand":[],"product_cat":[925],"product_tag":[1803,1800,1798,1801,1799,1802,1804,1805,1806],"class_list":{"0":"post-3408","1":"product","2":"type-product","3":"status-publish","4":"has-post-thumbnail","6":"product_cat-special-adhesives","7":"product_tag-3m-adhesive-promoter-en","8":"product_tag-3m-p94-en","9":"product_tag-3m-primer-en","10":"product_tag-3m-primer-p94-en","11":"product_tag-3m-primer-p94-en-en","12":"product_tag-3m-promoter-en","13":"product_tag-primer-p94-en","14":"product_tag-promotor-adhesion-en","15":"product_tag-promotor-adhesion-p94-en","16":"desktop-align-center","17":"tablet-align-center","18":"mobile-align-center","20":"first","21":"instock","22":"shipping-taxable","23":"product-type-simple"},"yoast_head":"<!-- This site is optimized with the Yoast SEO Premium plugin v27.2 (Yoast SEO v27.2) - https:\/\/yoast.com\/product\/yoast-seo-premium-wordpress\/ -->\n<title>Primer P94 - 3M\u2122 Imprimaci\u00f3n P94 para Cintas Adhesivas<\/title>\n<meta name=\"description\" content=\"El Primer P94 de 3M\u2122 se usa para potenciar la adhesi\u00f3n de las cintas a superficies dif\u00edciles como, PE, PP, ABS, PET\/PBT, cemento, madera, vidrio y metal.\" \/>\n<meta name=\"robots\" content=\"index, follow, max-snippet:-1, max-image-preview:large, max-video-preview:-1\" \/>\n<link rel=\"canonical\" href=\"https:\/\/distribuidor-cintas-adhesivas.es\/en\/producto\/primer-p94\/\" \/>\n<meta property=\"og:locale\" content=\"en_US\" \/>\n<meta property=\"og:type\" content=\"article\" \/>\n<meta property=\"og:title\" content=\"3M\u2122 Imprimaci\u00f3n P94 para Cintas Adhesivas\" \/>\n<meta property=\"og:description\" content=\"El Primer P94 de 3M\u2122 se usa para potenciar la adhesi\u00f3n de las cintas a superficies dif\u00edciles como, PE, PP, ABS, PET\/PBT, cemento, madera, vidrio y metal.\" \/>\n<meta property=\"og:url\" content=\"https:\/\/distribuidor-cintas-adhesivas.es\/en\/producto\/primer-p94\/\" \/>\n<meta property=\"og:site_name\" content=\"Distribuidor de cintas 3M, productos 3M, http:\/\/www.http:\/\/distribuidorcintas3m.es, Mejores ofertas en cintas\" \/>\n<meta property=\"article:modified_time\" content=\"2023-02-08T11:52:20+00:00\" \/>\n<meta property=\"og:image\" content=\"https:\/\/distribuidor-cintas-adhesivas.es\/wp-content\/uploads\/2020\/11\/Sin-titulo-1.jpg\" \/>\n\t<meta property=\"og:image:width\" content=\"1450\" \/>\n\t<meta property=\"og:image:height\" content=\"1450\" \/>\n\t<meta property=\"og:image:type\" content=\"image\/jpeg\" \/>\n<meta name=\"twitter:card\" content=\"summary_large_image\" \/>\n<meta name=\"twitter:label1\" content=\"Est. reading time\" \/>\n\t<meta name=\"twitter:data1\" content=\"1 minute\" \/>\n<script type=\"application\/ld+json\" class=\"yoast-schema-graph\">{\"@context\":\"https:\/\/schema.org\",\"@graph\":[{\"@type\":\"WebPage\",\"@id\":\"https:\/\/distribuidor-cintas-adhesivas.es\/en\/producto\/primer-p94\/\",\"url\":\"https:\/\/distribuidor-cintas-adhesivas.es\/en\/producto\/primer-p94\/\",\"name\":\"Primer P94 - 3M\u2122 Imprimaci\u00f3n P94 para Cintas Adhesivas\",\"isPartOf\":{\"@id\":\"https:\/\/distribuidor-cintas-adhesivas.es\/en\/#website\"},\"primaryImageOfPage\":{\"@id\":\"https:\/\/distribuidor-cintas-adhesivas.es\/en\/producto\/primer-p94\/#primaryimage\"},\"image\":{\"@id\":\"https:\/\/distribuidor-cintas-adhesivas.es\/en\/producto\/primer-p94\/#primaryimage\"},\"thumbnailUrl\":\"https:\/\/distribuidor-cintas-adhesivas.es\/wp-content\/uploads\/2020\/11\/Sin-titulo-1.jpg\",\"datePublished\":\"2020-11-16T22:59:09+00:00\",\"dateModified\":\"2023-02-08T11:52:20+00:00\",\"description\":\"El Primer P94 de 3M\u2122 se usa para potenciar la adhesi\u00f3n de las cintas a superficies dif\u00edciles como, PE, PP, ABS, PET\/PBT, cemento, madera, vidrio y metal.\",\"breadcrumb\":{\"@id\":\"https:\/\/distribuidor-cintas-adhesivas.es\/en\/producto\/primer-p94\/#breadcrumb\"},\"inLanguage\":\"en-US\",\"potentialAction\":[{\"@type\":\"ReadAction\",\"target\":[\"https:\/\/distribuidor-cintas-adhesivas.es\/en\/producto\/primer-p94\/\"]}]},{\"@type\":\"ImageObject\",\"inLanguage\":\"en-US\",\"@id\":\"https:\/\/distribuidor-cintas-adhesivas.es\/en\/producto\/primer-p94\/#primaryimage\",\"url\":\"https:\/\/distribuidor-cintas-adhesivas.es\/wp-content\/uploads\/2020\/11\/Sin-titulo-1.jpg\",\"contentUrl\":\"https:\/\/distribuidor-cintas-adhesivas.es\/wp-content\/uploads\/2020\/11\/Sin-titulo-1.jpg\",\"width\":1450,\"height\":1450,\"caption\":\"El Primer P94 de 3M\u2122 se usa para potenciar la adhesi\u00f3n de las cintas a superficies dif\u00edciles como, PE, PP, ABS, PET\/PBT, cemento, madera, vidrio y metal.\"},{\"@type\":\"BreadcrumbList\",\"@id\":\"https:\/\/distribuidor-cintas-adhesivas.es\/en\/producto\/primer-p94\/#breadcrumb\",\"itemListElement\":[{\"@type\":\"ListItem\",\"position\":1,\"name\":\"Portada\",\"item\":\"https:\/\/distribuidor-cintas-adhesivas.es\/en\/\"},{\"@type\":\"ListItem\",\"position\":2,\"name\":\"Products\",\"item\":\"https:\/\/distribuidor-cintas-adhesivas.es\/shop\/\"},{\"@type\":\"ListItem\",\"position\":3,\"name\":\"3M\u2122 Imprimaci\u00f3n P94 para Cintas Adhesivas\"}]},{\"@type\":\"WebSite\",\"@id\":\"https:\/\/distribuidor-cintas-adhesivas.es\/en\/#website\",\"url\":\"https:\/\/distribuidor-cintas-adhesivas.es\/en\/\",\"name\":\"Distribuidor de cintas 3M\",\"description\":\"Distribuidor de cintas 3M, productos 3M, cinta adhesiva, 3M cinta doble cara, adhesivos 3M, cinta antideslizante, velcro 3M, cinta reflectante, 3m scotch, selladores de tuber\u00edas, formadores de juntas, retenedores, cianocrilatos reforzados con caucho, cianocrilatos ultrar\u00e1pidos, cianocrilatos para plasticos y caucho, cianocrilatos generales, cianocrilatos con poco olor, cianocrilatos para metales, adhesivos en aerosol, selladores y adhesivos, cintas de aluminio, cintas de vinilo para se\u00f1alizaci\u00f3n, cintas de tela americanas, cintas de papel para enmascarar, cintas para embalaje\",\"publisher\":{\"@id\":\"https:\/\/distribuidor-cintas-adhesivas.es\/en\/#organization\"},\"potentialAction\":[{\"@type\":\"SearchAction\",\"target\":{\"@type\":\"EntryPoint\",\"urlTemplate\":\"https:\/\/distribuidor-cintas-adhesivas.es\/en\/?s={search_term_string}\"},\"query-input\":{\"@type\":\"PropertyValueSpecification\",\"valueRequired\":true,\"valueName\":\"search_term_string\"}}],\"inLanguage\":\"en-US\"},{\"@type\":\"Organization\",\"@id\":\"https:\/\/distribuidor-cintas-adhesivas.es\/en\/#organization\",\"name\":\"Distribuidor de cintas 3M\",\"url\":\"https:\/\/distribuidor-cintas-adhesivas.es\/en\/\",\"logo\":{\"@type\":\"ImageObject\",\"inLanguage\":\"en-US\",\"@id\":\"https:\/\/distribuidor-cintas-adhesivas.es\/en\/#\/schema\/logo\/image\/\",\"url\":\"https:\/\/distribuidor-cintas-adhesivas.es\/wp-content\/uploads\/2022\/10\/logo-espanol-portugues.png\",\"contentUrl\":\"https:\/\/distribuidor-cintas-adhesivas.es\/wp-content\/uploads\/2022\/10\/logo-espanol-portugues.png\",\"width\":739,\"height\":150,\"caption\":\"Distribuidor de cintas 3M\"},\"image\":{\"@id\":\"https:\/\/distribuidor-cintas-adhesivas.es\/en\/#\/schema\/logo\/image\/\"},\"sameAs\":[\"https:\/\/distribuidorcintastesa.es\",\"https:\/\/solbi-mural.com\/es\/\",\"https:\/\/muralsrd.com\/\",\"https:\/\/www.instagram.com\/solbimural\/?igsh=ZnR6ZmkzZm1ubWhl\"]}]}<\/script>\n<!-- \/ Yoast SEO Premium plugin. -->","yoast_head_json":{"title":"Primer P94 - 3M\u2122 Imprimaci\u00f3n P94 para Cintas Adhesivas","description":"El Primer P94 de 3M\u2122 se usa para potenciar la adhesi\u00f3n de las cintas a superficies dif\u00edciles como, PE, PP, ABS, PET\/PBT, cemento, madera, vidrio y metal.","robots":{"index":"index","follow":"follow","max-snippet":"max-snippet:-1","max-image-preview":"max-image-preview:large","max-video-preview":"max-video-preview:-1"},"canonical":"https:\/\/distribuidor-cintas-adhesivas.es\/en\/producto\/primer-p94\/","og_locale":"en_US","og_type":"article","og_title":"3M\u2122 Imprimaci\u00f3n P94 para Cintas Adhesivas","og_description":"El Primer P94 de 3M\u2122 se usa para potenciar la adhesi\u00f3n de las cintas a superficies dif\u00edciles como, PE, PP, ABS, PET\/PBT, cemento, madera, vidrio y metal.","og_url":"https:\/\/distribuidor-cintas-adhesivas.es\/en\/producto\/primer-p94\/","og_site_name":"Distribuidor de cintas 3M, productos 3M, http:\/\/www.http:\/\/distribuidorcintas3m.es, Mejores ofertas en cintas","article_modified_time":"2023-02-08T11:52:20+00:00","og_image":[{"width":1450,"height":1450,"url":"https:\/\/distribuidor-cintas-adhesivas.es\/wp-content\/uploads\/2020\/11\/Sin-titulo-1.jpg","type":"image\/jpeg"}],"twitter_card":"summary_large_image","twitter_misc":{"Est. reading time":"1 minute"},"schema":{"@context":"https:\/\/schema.org","@graph":[{"@type":"WebPage","@id":"https:\/\/distribuidor-cintas-adhesivas.es\/en\/producto\/primer-p94\/","url":"https:\/\/distribuidor-cintas-adhesivas.es\/en\/producto\/primer-p94\/","name":"Primer P94 - 3M\u2122 Imprimaci\u00f3n P94 para Cintas Adhesivas","isPartOf":{"@id":"https:\/\/distribuidor-cintas-adhesivas.es\/en\/#website"},"primaryImageOfPage":{"@id":"https:\/\/distribuidor-cintas-adhesivas.es\/en\/producto\/primer-p94\/#primaryimage"},"image":{"@id":"https:\/\/distribuidor-cintas-adhesivas.es\/en\/producto\/primer-p94\/#primaryimage"},"thumbnailUrl":"https:\/\/distribuidor-cintas-adhesivas.es\/wp-content\/uploads\/2020\/11\/Sin-titulo-1.jpg","datePublished":"2020-11-16T22:59:09+00:00","dateModified":"2023-02-08T11:52:20+00:00","description":"El Primer P94 de 3M\u2122 se usa para potenciar la adhesi\u00f3n de las cintas a superficies dif\u00edciles como, PE, PP, ABS, PET\/PBT, cemento, madera, vidrio y metal.","breadcrumb":{"@id":"https:\/\/distribuidor-cintas-adhesivas.es\/en\/producto\/primer-p94\/#breadcrumb"},"inLanguage":"en-US","potentialAction":[{"@type":"ReadAction","target":["https:\/\/distribuidor-cintas-adhesivas.es\/en\/producto\/primer-p94\/"]}]},{"@type":"ImageObject","inLanguage":"en-US","@id":"https:\/\/distribuidor-cintas-adhesivas.es\/en\/producto\/primer-p94\/#primaryimage","url":"https:\/\/distribuidor-cintas-adhesivas.es\/wp-content\/uploads\/2020\/11\/Sin-titulo-1.jpg","contentUrl":"https:\/\/distribuidor-cintas-adhesivas.es\/wp-content\/uploads\/2020\/11\/Sin-titulo-1.jpg","width":1450,"height":1450,"caption":"El Primer P94 de 3M\u2122 se usa para potenciar la adhesi\u00f3n de las cintas a superficies dif\u00edciles como, PE, PP, ABS, PET\/PBT, cemento, madera, vidrio y metal."},{"@type":"BreadcrumbList","@id":"https:\/\/distribuidor-cintas-adhesivas.es\/en\/producto\/primer-p94\/#breadcrumb","itemListElement":[{"@type":"ListItem","position":1,"name":"Portada","item":"https:\/\/distribuidor-cintas-adhesivas.es\/en\/"},{"@type":"ListItem","position":2,"name":"Products","item":"https:\/\/distribuidor-cintas-adhesivas.es\/shop\/"},{"@type":"ListItem","position":3,"name":"3M\u2122 Imprimaci\u00f3n P94 para Cintas Adhesivas"}]},{"@type":"WebSite","@id":"https:\/\/distribuidor-cintas-adhesivas.es\/en\/#website","url":"https:\/\/distribuidor-cintas-adhesivas.es\/en\/","name":"Distribuidor de cintas 3M","description":"Distribuidor de cintas 3M, productos 3M, cinta adhesiva, 3M cinta doble cara, adhesivos 3M, cinta antideslizante, velcro 3M, cinta reflectante, 3m scotch, selladores de tuber\u00edas, formadores de juntas, retenedores, cianocrilatos reforzados con caucho, cianocrilatos ultrar\u00e1pidos, cianocrilatos para plasticos y caucho, cianocrilatos generales, cianocrilatos con poco olor, cianocrilatos para metales, adhesivos en aerosol, selladores y adhesivos, cintas de aluminio, cintas de vinilo para se\u00f1alizaci\u00f3n, cintas de tela americanas, cintas de papel para enmascarar, cintas para embalaje","publisher":{"@id":"https:\/\/distribuidor-cintas-adhesivas.es\/en\/#organization"},"potentialAction":[{"@type":"SearchAction","target":{"@type":"EntryPoint","urlTemplate":"https:\/\/distribuidor-cintas-adhesivas.es\/en\/?s={search_term_string}"},"query-input":{"@type":"PropertyValueSpecification","valueRequired":true,"valueName":"search_term_string"}}],"inLanguage":"en-US"},{"@type":"Organization","@id":"https:\/\/distribuidor-cintas-adhesivas.es\/en\/#organization","name":"Distribuidor de cintas 3M","url":"https:\/\/distribuidor-cintas-adhesivas.es\/en\/","logo":{"@type":"ImageObject","inLanguage":"en-US","@id":"https:\/\/distribuidor-cintas-adhesivas.es\/en\/#\/schema\/logo\/image\/","url":"https:\/\/distribuidor-cintas-adhesivas.es\/wp-content\/uploads\/2022\/10\/logo-espanol-portugues.png","contentUrl":"https:\/\/distribuidor-cintas-adhesivas.es\/wp-content\/uploads\/2022\/10\/logo-espanol-portugues.png","width":739,"height":150,"caption":"Distribuidor de cintas 3M"},"image":{"@id":"https:\/\/distribuidor-cintas-adhesivas.es\/en\/#\/schema\/logo\/image\/"},"sameAs":["https:\/\/distribuidorcintastesa.es","https:\/\/solbi-mural.com\/es\/","https:\/\/muralsrd.com\/","https:\/\/www.instagram.com\/solbimural\/?igsh=ZnR6ZmkzZm1ubWhl"]}]}},"_links":{"self":[{"href":"https:\/\/distribuidor-cintas-adhesivas.es\/en\/wp-json\/wp\/v2\/product\/3408","targetHints":{"allow":["GET"]}}],"collection":[{"href":"https:\/\/distribuidor-cintas-adhesivas.es\/en\/wp-json\/wp\/v2\/product"}],"about":[{"href":"https:\/\/distribuidor-cintas-adhesivas.es\/en\/wp-json\/wp\/v2\/types\/product"}],"wp:featuredmedia":[{"embeddable":true,"href":"https:\/\/distribuidor-cintas-adhesivas.es\/en\/wp-json\/wp\/v2\/media\/3405"}],"wp:attachment":[{"href":"https:\/\/distribuidor-cintas-adhesivas.es\/en\/wp-json\/wp\/v2\/media?parent=3408"}],"wp:term":[{"taxonomy":"product_brand","embeddable":true,"href":"https:\/\/distribuidor-cintas-adhesivas.es\/en\/wp-json\/wp\/v2\/product_brand?post=3408"},{"taxonomy":"product_cat","embeddable":true,"href":"https:\/\/distribuidor-cintas-adhesivas.es\/en\/wp-json\/wp\/v2\/product_cat?post=3408"},{"taxonomy":"product_tag","embeddable":true,"href":"https:\/\/distribuidor-cintas-adhesivas.es\/en\/wp-json\/wp\/v2\/product_tag?post=3408"}],"curies":[{"name":"wp","href":"https:\/\/api.w.org\/{rel}","templated":true}]}}