{"id":3482,"date":"2020-11-16T01:18:19","date_gmt":"2020-11-16T01:18:19","guid":{"rendered":"https:\/\/distribuidor-cintas-adhesivas.es\/producto\/cinta-transferible-de-laminacion-468mp-2\/"},"modified":"2023-02-09T10:59:41","modified_gmt":"2023-02-09T10:59:41","slug":"3m-468mp","status":"publish","type":"product","link":"https:\/\/distribuidor-cintas-adhesivas.es\/en\/producto\/3m-468mp\/","title":{"rendered":"3M\u2122 Cinta Transferidora 468MP"},"content":{"rendered":"<p>La cinta de 3M 468MP resultada ideal para garantizar una elevada resistencia\u00a0 a la cizalladura y a diferentes rangos de temperatura, as\u00ed como a agentes qu\u00edmicos.<\/p>\n<h4><a href=\"https:\/\/solbi-mural.com\/es\/cintas-adhesivas-doble-cara\/80-2786-3m-cinta-transferidora-468mp-rollo-de-55-m-x-610-mm-5900422034704.html\"><strong>Compra on-line 3M 468MP<\/strong><\/a><\/h4>\n<h4><strong>Caracter\u00edsticas<\/strong><\/h4>\n<ul>\n<li>Excelente uni\u00f3n a pl\u00e1sticos, de alta energ\u00eda superficial, y a metales.<\/li>\n<li>Su gran aguante a la cizalladura evita el levantamiento de los bordes y el deslizamiento.<\/li>\n<li>Admite la recolocaci\u00f3n de piezas a corto plazo, logrando una mayor precisi\u00f3n.<\/li>\n<li>Elevada resistencia a la humedad, a los disolventes y a los rayos UV.<\/li>\n<li>Aplicaci\u00f3n sencilla.<\/li>\n<li>Existe un modelo m\u00e1s grueso <a href=\"https:\/\/solbi-mural.com\/es\/cintas-adhesivas-doble-cara\/553-1336-3m-cinta-transferidora-467mp-rollo-de-55-m-x-41-mm-0051111922927.html\">467MP<\/a><\/li>\n<\/ul>\n<h4><strong>Propiedades t\u00e9cnicas<\/strong><\/h4>\n<ul>\n<li>Espesor del liner principal: 0&#8217;11 mm<\/li>\n<li>Espesor total de la cinta: 0&#8217;13 mm<\/li>\n<li>Tipo de adhesivo: Acr\u00edlico de elevado rendimiento<\/li>\n<li>Exterior\/Interior<\/li>\n<li>Longitud total: 55 m o 165 m<\/li>\n<li>Protector principal: Papel kraft<\/li>\n<li>Temperatura m\u00e1xima de funcionamiento: 204 \u00baC<\/li>\n<\/ul>\n<h4><strong>Aplicaciones recomendadas<\/strong><\/h4>\n<ul>\n<li>\u00a0Uni\u00f3n gr\u00e1fica: placas de Identificaci\u00f3n, automotriz, electrodom\u00e9sticos, aeroespacial, electr\u00f3nica y transporte.<\/li>\n<li>Ideal para uniones, fijaciones, montajes, sostenimientos y laminaciones.<\/li>\n<li>Uni\u00f3n a pl\u00e1sticos de media y alta energ\u00eda superficial.<\/li>\n<li>Uni\u00f3n de metales.<\/li>\n<li>Diferentes uniones en la industria general.<\/li>\n<\/ul>\n<h4><strong>Productos relacionados<\/strong><\/h4>\n<p class=\"h1\">\n<ul>\n<li><a href=\"https:\/\/solbi-mural.com\/es\/cintas-adhesivas-doble-cara\/1694-2055-3m-cinta-transferidora-9774wl-uso-en-plasticos-tejidos-y-espumas-hojas-de-210-mm-x-295-mm-4054596776395.html\">3M\u2122 Cinta Transferidora 9774WL &#8211; Uso en pl\u00e1sticos, tejidos y espumas<\/a><\/li>\n<li><a href=\"https:\/\/solbi-mural.com\/es\/inicio\/1700-2061-3m-cinta-transferidora-9775wl-uso-en-plasticos-tejidos-maderas-y-espumas-hoja-de-210-mm-x-295-mm-4054596772946.html\">3M\u2122 Cinta Transferidora 9775WL &#8211; Uso en pl\u00e1sticos, tejidos maderas y espumas<\/a><\/li>\n<li><a href=\"https:\/\/solbi-mural.com\/es\/inicio\/1704-2064-3m-vhb-cinta-transferidora-f9469pc-uso-en-interior-y-exterior-hojas-de-210-mm-x-295-mm-4054596775879.html\">3M\u2122 Cinta Transferidora F9469PC &#8211; Uso en interior y exterior<\/a><\/li>\n<li><a href=\"https:\/\/solbi-mural.com\/es\/inicio\/144-2042-3m-cinta-transferidora-9471le-uso-para-materiales-de-bajaalta-energia-superficial-hojas-de-210-mm-x-295-mm-4054596773714.html\">3M\u2122 Cinta Transferidora 9471LE &#8211; Uso para materiales de baja\/alta energ\u00eda superficial<\/a><\/li>\n<li><a href=\"https:\/\/solbi-mural.com\/es\/inicio\/1692-2053-3m-cinta-transferidora-9627-uso-general-en-plasticos-hojas-de-210-mm-x-295-mm-4054596776104.html\">3M\u2122 Cinta Transferidora 9627 &#8211; Uso general en pl\u00e1sticos<\/a><\/li>\n<li><a href=\"https:\/\/solbi-mural.com\/es\/cintas-adhesivas-doble-cara\/652-1338-3m-cinta-transferidora-9472le-hojas-de-203-mm-x-279-mm.html\">3M\u2122 Cinta Transferidora 9472LE &#8211; Uso general<\/a><\/li>\n<li><a href=\"https:\/\/solbi-mural.com\/es\/cintas-adhesivas-doble-cara\/1789-2703-3m-vhb-cinta-doble-cara-transfer-9473pc-rollo-de-55-m-x-25-mm-x-026-mm.html\">3M\u2122\u00a0 VHB\u2122 Cinta Doble Cara Transfer 9473PC<\/a><\/li>\n<li><a href=\"https:\/\/solbi-mural.com\/es\/cintas-adhesivas-doble-cara\/81-1307-3m-cinta-transferidora-scotch-atg-904-rollo-de-44-m-x-19-mm-5010027826137.html\">3M\u2122 Cinta Transferidora Scotch\u00ae ATG 904<\/a><\/li>\n<\/ul>\n<p>&nbsp;<\/p>\n","protected":false},"excerpt":{"rendered":"<p>La cinta de 3M 468MP resultada ideal para garantizar una elevada resistencia\u00a0 a la cizalladura y a diferentes rangos de temperatura, as\u00ed como a agentes qu\u00edmicos. Compra on-line 3M 468MP Caracter\u00edsticas Excelente uni\u00f3n a pl\u00e1sticos, de alta energ\u00eda superficial, y a metales. Su gran aguante a la cizalladura evita el levantamiento de los bordes y [&hellip;]<\/p>\n","protected":false},"featured_media":3479,"template":"","meta":{"site-sidebar-layout":"default","site-content-layout":"","ast-site-content-layout":"default","site-content-style":"default","site-sidebar-style":"default","ast-global-header-display":"","ast-banner-title-visibility":"","ast-main-header-display":"","ast-hfb-above-header-display":"","ast-hfb-below-header-display":"","ast-hfb-mobile-header-display":"","site-post-title":"","ast-breadcrumbs-content":"","ast-featured-img":"","footer-sml-layout":"","ast-disable-related-posts":"","theme-transparent-header-meta":"","adv-header-id-meta":"","stick-header-meta":"","header-above-stick-meta":"","header-main-stick-meta":"","header-below-stick-meta":"","astra-migrate-meta-layouts":"default","ast-page-background-enabled":"default","ast-page-background-meta":{"desktop":{"background-color":"","background-image":"","background-repeat":"repeat","background-position":"center center","background-size":"auto","background-attachment":"scroll","background-type":"","background-media":"","overlay-type":"","overlay-color":"","overlay-opacity":"","overlay-gradient":""},"tablet":{"background-color":"","background-image":"","background-repeat":"repeat","background-position":"center center","background-size":"auto","background-attachment":"scroll","background-type":"","background-media":"","overlay-type":"","overlay-color":"","overlay-opacity":"","overlay-gradient":""},"mobile":{"background-color":"","background-image":"","background-repeat":"repeat","background-position":"center center","background-size":"auto","background-attachment":"scroll","background-type":"","background-media":"","overlay-type":"","overlay-color":"","overlay-opacity":"","overlay-gradient":""}},"ast-content-background-meta":{"desktop":{"background-color":"var(--ast-global-color-5)","background-image":"","background-repeat":"repeat","background-position":"center center","background-size":"auto","background-attachment":"scroll","background-type":"","background-media":"","overlay-type":"","overlay-color":"","overlay-opacity":"","overlay-gradient":""},"tablet":{"background-color":"var(--ast-global-color-5)","background-image":"","background-repeat":"repeat","background-position":"center center","background-size":"auto","background-attachment":"scroll","background-type":"","background-media":"","overlay-type":"","overlay-color":"","overlay-opacity":"","overlay-gradient":""},"mobile":{"background-color":"var(--ast-global-color-5)","background-image":"","background-repeat":"repeat","background-position":"center center","background-size":"auto","background-attachment":"scroll","background-type":"","background-media":"","overlay-type":"","overlay-color":"","overlay-opacity":"","overlay-gradient":""}}},"product_brand":[],"product_cat":[929],"product_tag":[1955,1956,1957,1960,1959,1958,1961,1962,1963,1964,1965,1966,1967,1968,1969],"class_list":{"0":"post-3482","1":"product","2":"type-product","3":"status-publish","4":"has-post-thumbnail","6":"product_cat-thin-tapes-and-transfer-tapes","7":"product_tag-3-en","8":"product_tag-3m-468mp-en","9":"product_tag-3m-tape-468mp-en","10":"product_tag-3m-transfer-en","11":"product_tag-3m-transfer-ribbon-en","12":"product_tag-3m-transfer-tape-en","13":"product_tag-cinta-468mp-en","14":"product_tag-cinta-espuma-en","15":"product_tag-cinta-madera-en","16":"product_tag-cinta-metal-en","17":"product_tag-cinta-plasticos-dificiles-en","18":"product_tag-cinta-resistencia-cizalladura-en","19":"product_tag-cinta-transferidora-en","20":"product_tag-cinta-union-grafica-en","21":"product_tag-cintra-transfer-en","22":"desktop-align-center","23":"tablet-align-center","24":"mobile-align-center","26":"first","27":"instock","28":"shipping-taxable","29":"product-type-simple"},"yoast_head":"<!-- This site is optimized with the Yoast SEO Premium plugin v27.2 (Yoast SEO v27.2) - https:\/\/yoast.com\/product\/yoast-seo-premium-wordpress\/ -->\n<title>3M\u2122 Cinta Transferidora 468MP - Distribuidor de cintas 3M, productos 3M, http:\/\/www.http:\/\/distribuidorcintas3m.es, Mejores ofertas en cintas<\/title>\n<meta name=\"robots\" content=\"index, follow, max-snippet:-1, max-image-preview:large, max-video-preview:-1\" \/>\n<link rel=\"canonical\" href=\"https:\/\/distribuidor-cintas-adhesivas.es\/en\/producto\/3m-468mp\/\" \/>\n<meta property=\"og:locale\" content=\"en_US\" \/>\n<meta property=\"og:type\" content=\"article\" \/>\n<meta property=\"og:title\" content=\"3M\u2122 Cinta Transferidora 468MP\" \/>\n<meta property=\"og:description\" content=\"La cinta de 3M 468MP resultada ideal para garantizar una elevada resistencia\u00a0 a la cizalladura y a diferentes rangos de temperatura, as\u00ed como a agentes qu\u00edmicos. Compra on-line 3M 468MP Caracter\u00edsticas Excelente uni\u00f3n a pl\u00e1sticos, de alta energ\u00eda superficial, y a metales. Su gran aguante a la cizalladura evita el levantamiento de los bordes y [&hellip;]\" \/>\n<meta property=\"og:url\" content=\"https:\/\/distribuidor-cintas-adhesivas.es\/en\/producto\/3m-468mp\/\" \/>\n<meta property=\"og:site_name\" content=\"Distribuidor de cintas 3M, productos 3M, http:\/\/www.http:\/\/distribuidorcintas3m.es, Mejores ofertas en cintas\" \/>\n<meta property=\"article:modified_time\" content=\"2023-02-09T10:59:41+00:00\" \/>\n<meta property=\"og:image\" content=\"https:\/\/distribuidor-cintas-adhesivas.es\/wp-content\/uploads\/2020\/11\/3m-cinta-transferidora-468mp-rollo-de-55-m-x-610-mm.jpg\" \/>\n\t<meta property=\"og:image:width\" content=\"600\" \/>\n\t<meta property=\"og:image:height\" content=\"600\" \/>\n\t<meta property=\"og:image:type\" content=\"image\/jpeg\" \/>\n<meta name=\"twitter:card\" content=\"summary_large_image\" \/>\n<meta name=\"twitter:label1\" content=\"Est. reading time\" \/>\n\t<meta name=\"twitter:data1\" content=\"1 minute\" \/>\n<script type=\"application\/ld+json\" class=\"yoast-schema-graph\">{\"@context\":\"https:\/\/schema.org\",\"@graph\":[{\"@type\":\"WebPage\",\"@id\":\"https:\/\/distribuidor-cintas-adhesivas.es\/en\/producto\/3m-468mp\/\",\"url\":\"https:\/\/distribuidor-cintas-adhesivas.es\/en\/producto\/3m-468mp\/\",\"name\":\"3M\u2122 Cinta Transferidora 468MP - Distribuidor de cintas 3M, productos 3M, http:\/\/www.http:\/\/distribuidorcintas3m.es, Mejores ofertas en cintas\",\"isPartOf\":{\"@id\":\"https:\/\/distribuidor-cintas-adhesivas.es\/en\/#website\"},\"primaryImageOfPage\":{\"@id\":\"https:\/\/distribuidor-cintas-adhesivas.es\/en\/producto\/3m-468mp\/#primaryimage\"},\"image\":{\"@id\":\"https:\/\/distribuidor-cintas-adhesivas.es\/en\/producto\/3m-468mp\/#primaryimage\"},\"thumbnailUrl\":\"https:\/\/distribuidor-cintas-adhesivas.es\/wp-content\/uploads\/2020\/11\/3m-cinta-transferidora-468mp-rollo-de-55-m-x-610-mm.jpg\",\"datePublished\":\"2020-11-16T01:18:19+00:00\",\"dateModified\":\"2023-02-09T10:59:41+00:00\",\"breadcrumb\":{\"@id\":\"https:\/\/distribuidor-cintas-adhesivas.es\/en\/producto\/3m-468mp\/#breadcrumb\"},\"inLanguage\":\"en-US\",\"potentialAction\":[{\"@type\":\"ReadAction\",\"target\":[\"https:\/\/distribuidor-cintas-adhesivas.es\/en\/producto\/3m-468mp\/\"]}]},{\"@type\":\"ImageObject\",\"inLanguage\":\"en-US\",\"@id\":\"https:\/\/distribuidor-cintas-adhesivas.es\/en\/producto\/3m-468mp\/#primaryimage\",\"url\":\"https:\/\/distribuidor-cintas-adhesivas.es\/wp-content\/uploads\/2020\/11\/3m-cinta-transferidora-468mp-rollo-de-55-m-x-610-mm.jpg\",\"contentUrl\":\"https:\/\/distribuidor-cintas-adhesivas.es\/wp-content\/uploads\/2020\/11\/3m-cinta-transferidora-468mp-rollo-de-55-m-x-610-mm.jpg\",\"width\":600,\"height\":600,\"caption\":\"La cinta transferidora de 3M 468MP resultada ideal para garantizar una elevada resistencia\u00a0 a la cizalladura, a diferentes temperaturas y a agentes qu\u00edmicos.\"},{\"@type\":\"BreadcrumbList\",\"@id\":\"https:\/\/distribuidor-cintas-adhesivas.es\/en\/producto\/3m-468mp\/#breadcrumb\",\"itemListElement\":[{\"@type\":\"ListItem\",\"position\":1,\"name\":\"Portada\",\"item\":\"https:\/\/distribuidor-cintas-adhesivas.es\/en\/\"},{\"@type\":\"ListItem\",\"position\":2,\"name\":\"Products\",\"item\":\"https:\/\/distribuidor-cintas-adhesivas.es\/shop\/\"},{\"@type\":\"ListItem\",\"position\":3,\"name\":\"3M\u2122 Cinta Transferidora 468MP\"}]},{\"@type\":\"WebSite\",\"@id\":\"https:\/\/distribuidor-cintas-adhesivas.es\/en\/#website\",\"url\":\"https:\/\/distribuidor-cintas-adhesivas.es\/en\/\",\"name\":\"Distribuidor de cintas 3M\",\"description\":\"Distribuidor de cintas 3M, productos 3M, cinta adhesiva, 3M cinta doble cara, adhesivos 3M, cinta antideslizante, velcro 3M, cinta reflectante, 3m scotch, selladores de tuber\u00edas, formadores de juntas, retenedores, cianocrilatos reforzados con caucho, cianocrilatos ultrar\u00e1pidos, cianocrilatos para plasticos y caucho, cianocrilatos generales, cianocrilatos con poco olor, cianocrilatos para metales, adhesivos en aerosol, selladores y adhesivos, cintas de aluminio, cintas de vinilo para se\u00f1alizaci\u00f3n, cintas de tela americanas, cintas de papel para enmascarar, cintas para embalaje\",\"publisher\":{\"@id\":\"https:\/\/distribuidor-cintas-adhesivas.es\/en\/#organization\"},\"potentialAction\":[{\"@type\":\"SearchAction\",\"target\":{\"@type\":\"EntryPoint\",\"urlTemplate\":\"https:\/\/distribuidor-cintas-adhesivas.es\/en\/?s={search_term_string}\"},\"query-input\":{\"@type\":\"PropertyValueSpecification\",\"valueRequired\":true,\"valueName\":\"search_term_string\"}}],\"inLanguage\":\"en-US\"},{\"@type\":\"Organization\",\"@id\":\"https:\/\/distribuidor-cintas-adhesivas.es\/en\/#organization\",\"name\":\"Distribuidor de cintas 3M\",\"url\":\"https:\/\/distribuidor-cintas-adhesivas.es\/en\/\",\"logo\":{\"@type\":\"ImageObject\",\"inLanguage\":\"en-US\",\"@id\":\"https:\/\/distribuidor-cintas-adhesivas.es\/en\/#\/schema\/logo\/image\/\",\"url\":\"https:\/\/distribuidor-cintas-adhesivas.es\/wp-content\/uploads\/2022\/10\/logo-espanol-portugues.png\",\"contentUrl\":\"https:\/\/distribuidor-cintas-adhesivas.es\/wp-content\/uploads\/2022\/10\/logo-espanol-portugues.png\",\"width\":739,\"height\":150,\"caption\":\"Distribuidor de cintas 3M\"},\"image\":{\"@id\":\"https:\/\/distribuidor-cintas-adhesivas.es\/en\/#\/schema\/logo\/image\/\"},\"sameAs\":[\"https:\/\/distribuidorcintastesa.es\",\"https:\/\/solbi-mural.com\/es\/\",\"https:\/\/muralsrd.com\/\",\"https:\/\/www.instagram.com\/solbimural\/?igsh=ZnR6ZmkzZm1ubWhl\"]}]}<\/script>\n<!-- \/ Yoast SEO Premium plugin. -->","yoast_head_json":{"title":"3M\u2122 Cinta Transferidora 468MP - Distribuidor de cintas 3M, productos 3M, http:\/\/www.http:\/\/distribuidorcintas3m.es, Mejores ofertas en cintas","robots":{"index":"index","follow":"follow","max-snippet":"max-snippet:-1","max-image-preview":"max-image-preview:large","max-video-preview":"max-video-preview:-1"},"canonical":"https:\/\/distribuidor-cintas-adhesivas.es\/en\/producto\/3m-468mp\/","og_locale":"en_US","og_type":"article","og_title":"3M\u2122 Cinta Transferidora 468MP","og_description":"La cinta de 3M 468MP resultada ideal para garantizar una elevada resistencia\u00a0 a la cizalladura y a diferentes rangos de temperatura, as\u00ed como a agentes qu\u00edmicos. Compra on-line 3M 468MP Caracter\u00edsticas Excelente uni\u00f3n a pl\u00e1sticos, de alta energ\u00eda superficial, y a metales. Su gran aguante a la cizalladura evita el levantamiento de los bordes y [&hellip;]","og_url":"https:\/\/distribuidor-cintas-adhesivas.es\/en\/producto\/3m-468mp\/","og_site_name":"Distribuidor de cintas 3M, productos 3M, http:\/\/www.http:\/\/distribuidorcintas3m.es, Mejores ofertas en cintas","article_modified_time":"2023-02-09T10:59:41+00:00","og_image":[{"width":600,"height":600,"url":"https:\/\/distribuidor-cintas-adhesivas.es\/wp-content\/uploads\/2020\/11\/3m-cinta-transferidora-468mp-rollo-de-55-m-x-610-mm.jpg","type":"image\/jpeg"}],"twitter_card":"summary_large_image","twitter_misc":{"Est. reading time":"1 minute"},"schema":{"@context":"https:\/\/schema.org","@graph":[{"@type":"WebPage","@id":"https:\/\/distribuidor-cintas-adhesivas.es\/en\/producto\/3m-468mp\/","url":"https:\/\/distribuidor-cintas-adhesivas.es\/en\/producto\/3m-468mp\/","name":"3M\u2122 Cinta Transferidora 468MP - Distribuidor de cintas 3M, productos 3M, http:\/\/www.http:\/\/distribuidorcintas3m.es, Mejores ofertas en cintas","isPartOf":{"@id":"https:\/\/distribuidor-cintas-adhesivas.es\/en\/#website"},"primaryImageOfPage":{"@id":"https:\/\/distribuidor-cintas-adhesivas.es\/en\/producto\/3m-468mp\/#primaryimage"},"image":{"@id":"https:\/\/distribuidor-cintas-adhesivas.es\/en\/producto\/3m-468mp\/#primaryimage"},"thumbnailUrl":"https:\/\/distribuidor-cintas-adhesivas.es\/wp-content\/uploads\/2020\/11\/3m-cinta-transferidora-468mp-rollo-de-55-m-x-610-mm.jpg","datePublished":"2020-11-16T01:18:19+00:00","dateModified":"2023-02-09T10:59:41+00:00","breadcrumb":{"@id":"https:\/\/distribuidor-cintas-adhesivas.es\/en\/producto\/3m-468mp\/#breadcrumb"},"inLanguage":"en-US","potentialAction":[{"@type":"ReadAction","target":["https:\/\/distribuidor-cintas-adhesivas.es\/en\/producto\/3m-468mp\/"]}]},{"@type":"ImageObject","inLanguage":"en-US","@id":"https:\/\/distribuidor-cintas-adhesivas.es\/en\/producto\/3m-468mp\/#primaryimage","url":"https:\/\/distribuidor-cintas-adhesivas.es\/wp-content\/uploads\/2020\/11\/3m-cinta-transferidora-468mp-rollo-de-55-m-x-610-mm.jpg","contentUrl":"https:\/\/distribuidor-cintas-adhesivas.es\/wp-content\/uploads\/2020\/11\/3m-cinta-transferidora-468mp-rollo-de-55-m-x-610-mm.jpg","width":600,"height":600,"caption":"La cinta transferidora de 3M 468MP resultada ideal para garantizar una elevada resistencia\u00a0 a la cizalladura, a diferentes temperaturas y a agentes qu\u00edmicos."},{"@type":"BreadcrumbList","@id":"https:\/\/distribuidor-cintas-adhesivas.es\/en\/producto\/3m-468mp\/#breadcrumb","itemListElement":[{"@type":"ListItem","position":1,"name":"Portada","item":"https:\/\/distribuidor-cintas-adhesivas.es\/en\/"},{"@type":"ListItem","position":2,"name":"Products","item":"https:\/\/distribuidor-cintas-adhesivas.es\/shop\/"},{"@type":"ListItem","position":3,"name":"3M\u2122 Cinta Transferidora 468MP"}]},{"@type":"WebSite","@id":"https:\/\/distribuidor-cintas-adhesivas.es\/en\/#website","url":"https:\/\/distribuidor-cintas-adhesivas.es\/en\/","name":"Distribuidor de cintas 3M","description":"Distribuidor de cintas 3M, productos 3M, cinta adhesiva, 3M cinta doble cara, adhesivos 3M, cinta antideslizante, velcro 3M, cinta reflectante, 3m scotch, selladores de tuber\u00edas, formadores de juntas, retenedores, cianocrilatos reforzados con caucho, cianocrilatos ultrar\u00e1pidos, cianocrilatos para plasticos y caucho, cianocrilatos generales, cianocrilatos con poco olor, cianocrilatos para metales, adhesivos en aerosol, selladores y adhesivos, cintas de aluminio, cintas de vinilo para se\u00f1alizaci\u00f3n, cintas de tela americanas, cintas de papel para enmascarar, cintas para embalaje","publisher":{"@id":"https:\/\/distribuidor-cintas-adhesivas.es\/en\/#organization"},"potentialAction":[{"@type":"SearchAction","target":{"@type":"EntryPoint","urlTemplate":"https:\/\/distribuidor-cintas-adhesivas.es\/en\/?s={search_term_string}"},"query-input":{"@type":"PropertyValueSpecification","valueRequired":true,"valueName":"search_term_string"}}],"inLanguage":"en-US"},{"@type":"Organization","@id":"https:\/\/distribuidor-cintas-adhesivas.es\/en\/#organization","name":"Distribuidor de cintas 3M","url":"https:\/\/distribuidor-cintas-adhesivas.es\/en\/","logo":{"@type":"ImageObject","inLanguage":"en-US","@id":"https:\/\/distribuidor-cintas-adhesivas.es\/en\/#\/schema\/logo\/image\/","url":"https:\/\/distribuidor-cintas-adhesivas.es\/wp-content\/uploads\/2022\/10\/logo-espanol-portugues.png","contentUrl":"https:\/\/distribuidor-cintas-adhesivas.es\/wp-content\/uploads\/2022\/10\/logo-espanol-portugues.png","width":739,"height":150,"caption":"Distribuidor de cintas 3M"},"image":{"@id":"https:\/\/distribuidor-cintas-adhesivas.es\/en\/#\/schema\/logo\/image\/"},"sameAs":["https:\/\/distribuidorcintastesa.es","https:\/\/solbi-mural.com\/es\/","https:\/\/muralsrd.com\/","https:\/\/www.instagram.com\/solbimural\/?igsh=ZnR6ZmkzZm1ubWhl"]}]}},"_links":{"self":[{"href":"https:\/\/distribuidor-cintas-adhesivas.es\/en\/wp-json\/wp\/v2\/product\/3482","targetHints":{"allow":["GET"]}}],"collection":[{"href":"https:\/\/distribuidor-cintas-adhesivas.es\/en\/wp-json\/wp\/v2\/product"}],"about":[{"href":"https:\/\/distribuidor-cintas-adhesivas.es\/en\/wp-json\/wp\/v2\/types\/product"}],"wp:featuredmedia":[{"embeddable":true,"href":"https:\/\/distribuidor-cintas-adhesivas.es\/en\/wp-json\/wp\/v2\/media\/3479"}],"wp:attachment":[{"href":"https:\/\/distribuidor-cintas-adhesivas.es\/en\/wp-json\/wp\/v2\/media?parent=3482"}],"wp:term":[{"taxonomy":"product_brand","embeddable":true,"href":"https:\/\/distribuidor-cintas-adhesivas.es\/en\/wp-json\/wp\/v2\/product_brand?post=3482"},{"taxonomy":"product_cat","embeddable":true,"href":"https:\/\/distribuidor-cintas-adhesivas.es\/en\/wp-json\/wp\/v2\/product_cat?post=3482"},{"taxonomy":"product_tag","embeddable":true,"href":"https:\/\/distribuidor-cintas-adhesivas.es\/en\/wp-json\/wp\/v2\/product_tag?post=3482"}],"curies":[{"name":"wp","href":"https:\/\/api.w.org\/{rel}","templated":true}]}}