{"id":5492,"date":"2024-07-29T11:12:58","date_gmt":"2024-07-29T11:12:58","guid":{"rendered":"https:\/\/distribuidor-cintas-adhesivas.es\/producto\/3m-scotch-weld-low-odour-acrylic-adhesive-dp810ns\/"},"modified":"2024-08-01T11:06:12","modified_gmt":"2024-08-01T11:06:12","slug":"3m-scotch-weld-low-odour-acrylic-adhesive-dp810","status":"publish","type":"product","link":"https:\/\/distribuidor-cintas-adhesivas.es\/en\/producto\/3m-scotch-weld-low-odour-acrylic-adhesive-dp810\/","title":{"rendered":"3M\u2122 Scotch-Weld\u2122 Low Odour Acrylic Adhesive DP810"},"content":{"rendered":"<p>3M\u2122 Scotch-Weld\u2122 Low Odour Acrylic Adhesive DP810 is a virtually odourless two-component reinforced adhesive. Designed for environments where flammability and fumes are a problem. It provides high peel and shear strength, impact durability. It is composed of liquid reactive polymers that undergo a chemical reaction when mixed and then harden to form a solid plastic material. Once the two components have been mixed to the specified ratio, the curing process begins; this provides a limited range of time to apply the adhesive and bond the two surfaces together as required.<\/p>\n<div class=\"content user-select-text\" tabindex=\"0\" aria-description=\"\" aria-label=\"Enviado por Copilot: Claro, puedo ayudarte con eso. Aqu\u00ed tienes la parafraseada: &quot;Los epoxi se componen de pol\u00edmeros reactivos l\u00edquidos que experimentan una reacci\u00f3n qu\u00edmica al mezclarse y luego se endurecen para formar un material pl\u00e1stico s\u00f3lido. Una vez que los dos componentes se han mezclado seg\u00fan la relaci\u00f3n especificada, comienza el proceso de curado; esto proporciona una ventana de tiempo limitada para aplicar el adhesivo y unir las dos superficies seg\u00fan sea necesario.&quot;[^1^] [^2^] \u00bfHay algo m\u00e1s en lo que pueda ayudarte? \ud83d\ude0a\">\n<div class=\"ac-container ac-adaptiveCard has-image\">\n<div class=\"ac-textBlock\"><strong style=\"color: #000000; font-size: 24px;\">Buy online<\/strong><\/div>\n<\/div>\n<\/div>\n<h4><span style=\"color: #3366ff;\"><a style=\"color: #3366ff;\" href=\"https:\/\/solbi-mural.com\/en\/3m-adhesives-cleaners-and-primers\/1701-3m-scotch-weld-low-odor-acrylic-adhesive-810-485ml-cartridge-7100200509.html\" target=\"_blank\" rel=\"noopener\"><strong>DP810<\/strong><\/a><\/span><\/h4>\n<p>&nbsp;<\/p>\n<h4>Features<\/h4>\n<ul>\n<li>Mixing time of 10 minutes and fast cure in 20 minutes (at room temperature 20\/25\u00b0C), full cure between 8 and 24 hours, (INFO: Excess adhesive exposed to air around bond lines can remain wet for up to 48 hours).<\/li>\n<li>3M\u2122 Scotch-Weld\u2122 Low Odour Acrylic Adhesive DP810 binds oily metals (with minimal surface cleaning preparation)<\/li>\n<li>Approved to UL 746C, which regulates the use of polymeric materials in electrical equipment<\/li>\n<li>Non-flammable<\/li>\n<li>Green colour<\/li>\n<li>Mixing ratio 1:1<\/li>\n<\/ul>\n<p><strong style=\"font-size: 1.3em;\">Applications <\/strong><\/p>\n<ul>\n<li><span style=\"font-size: 16px;\">Easy and quick to apply<\/span><\/li>\n<li><span style=\"font-size: 16px;\">Requires an applicator, available at <\/span><strong><span style=\"color: #3366ff;\"><a style=\"color: #3366ff;\" href=\"https:\/\/solbi-mural.com\/en\/appliances-and-dispensers\/62-3m-scotch-weld-epx-manual-applicator-0051111920800.html\" target=\"_blank\" rel=\"noopener\">manual<\/a> <\/span><\/strong><span style=\"font-size: 16px;\">or automatic (if you need the latter, please contact us).<\/span><\/li>\n<li>Need a <strong><span style=\"color: #3366ff;\"><a style=\"color: #3366ff;\" href=\"https:\/\/solbi-mural.com\/en\/appliances-and-dispensers\/63-3m-scotch-weld-epx-plunger-for-epx-applicator-3134375465236.html\" target=\"_blank\" rel=\"noopener\">plunger for small cartridges<\/a><\/span><\/strong><\/li>\n<li>Different mixing nozzles available, depending on cartridge size<\/li>\n<li>Recommended use with <strong><span style=\"color: #3366ff;\"><a style=\"color: #3366ff;\" href=\"https:\/\/solbi-mural.com\/en\/adhesives-primers\/549-3m-scotch-weld-epx-green-nozzle-45ml-nozzle-0051111922927.html\" target=\"_blank\" rel=\"noopener\">green nozzle<\/a><\/span><\/strong> for small cartridges and<strong> <span style=\"color: #3366ff;\"><a style=\"color: #3366ff;\" href=\"https:\/\/solbi-mural.com\/en\/adhesives-primers\/1767-3m-scotch-weld-epx-structural-adhesive-nozzle-400ml-nozzle.html\" target=\"_blank\" rel=\"noopener\">white nozzle<\/a><\/span> <\/strong>for large cartridges<\/li>\n<li>Suitable for joining most plastics, composites and metals.<\/li>\n<li>Sectors: Carpentry, signalling, special vehicles, metal work.<\/li>\n<li>Can be used indoors or outdoors in a wide range of applications.<\/li>\n<\/ul>\n<p><span style=\"color: #ff0000;\"><strong>Reminder<\/strong><\/span>: As stated above, the shelf life is short, so you will need to buy as many nozzles as you want to use the adhesive. The nozzle mixture hardens in 10 minutes. If you use it continuously, the adhesive inside the nozzle will not harden.<\/p>\n<p>&nbsp;<\/p>\n<h4>Related Products<\/h4>\n<ul>\n<li style=\"list-style-type: none;\">\n<ul>\n<li><a href=\"https:\/\/distribuidor-cintas-adhesivas.es\/en\/producto\/3m-scotch-weld-epoxy-adhesive-dp100-plus\/\" target=\"_blank\" rel=\"noopener\">DP100 Plus<\/a><\/li>\n<li><a href=\"https:\/\/distribuidor-cintas-adhesivas.es\/en\/producto\/3m-scotch-weld-epoxy-adhesive-dp410\/\" target=\"_blank\" rel=\"noopener\">DP410<\/a><\/li>\n<li><a href=\"https:\/\/distribuidor-cintas-adhesivas.es\/en\/producto\/3m-scotch-weld-metal-bonder-acrylic-adhesive-8407ns\/\" target=\"_blank\" rel=\"noopener\">DP8407<\/a><\/li>\n<li><a href=\"https:\/\/distribuidor-cintas-adhesivas.es\/en\/producto\/3m-scotch-weld-epoxy-adhesive-dp460\/\" target=\"_blank\" rel=\"noopener\">DP460<\/a><\/li>\n<\/ul>\n<\/li>\n<\/ul>\n","protected":false},"excerpt":{"rendered":"<p>3M\u2122 Scotch-Weld\u2122 Low Odour Acrylic Adhesive DP810 is a virtually odourless two-component reinforced adhesive. Designed for environments where flammability and fumes are a problem. It provides high peel and shear strength, impact durability. It is composed of liquid reactive polymers that undergo a chemical reaction when mixed and then harden to form a solid plastic [&hellip;]<\/p>\n","protected":false},"featured_media":5488,"template":"","meta":{"site-sidebar-layout":"default","site-content-layout":"","ast-site-content-layout":"default","site-content-style":"default","site-sidebar-style":"default","ast-global-header-display":"","ast-banner-title-visibility":"","ast-main-header-display":"","ast-hfb-above-header-display":"","ast-hfb-below-header-display":"","ast-hfb-mobile-header-display":"","site-post-title":"","ast-breadcrumbs-content":"","ast-featured-img":"","footer-sml-layout":"","ast-disable-related-posts":"","theme-transparent-header-meta":"default","adv-header-id-meta":"","stick-header-meta":"","header-above-stick-meta":"","header-main-stick-meta":"","header-below-stick-meta":"","astra-migrate-meta-layouts":"set","ast-page-background-enabled":"default","ast-page-background-meta":{"desktop":{"background-color":"","background-image":"","background-repeat":"repeat","background-position":"center center","background-size":"auto","background-attachment":"scroll","background-type":"","background-media":"","overlay-type":"","overlay-color":"","overlay-opacity":"","overlay-gradient":""},"tablet":{"background-color":"","background-image":"","background-repeat":"repeat","background-position":"center center","background-size":"auto","background-attachment":"scroll","background-type":"","background-media":"","overlay-type":"","overlay-color":"","overlay-opacity":"","overlay-gradient":""},"mobile":{"background-color":"","background-image":"","background-repeat":"repeat","background-position":"center center","background-size":"auto","background-attachment":"scroll","background-type":"","background-media":"","overlay-type":"","overlay-color":"","overlay-opacity":"","overlay-gradient":""}},"ast-content-background-meta":{"desktop":{"background-color":"var(--ast-global-color-5)","background-image":"","background-repeat":"repeat","background-position":"center center","background-size":"auto","background-attachment":"scroll","background-type":"","background-media":"","overlay-type":"","overlay-color":"","overlay-opacity":"","overlay-gradient":""},"tablet":{"background-color":"var(--ast-global-color-5)","background-image":"","background-repeat":"repeat","background-position":"center center","background-size":"auto","background-attachment":"scroll","background-type":"","background-media":"","overlay-type":"","overlay-color":"","overlay-opacity":"","overlay-gradient":""},"mobile":{"background-color":"var(--ast-global-color-5)","background-image":"","background-repeat":"repeat","background-position":"center center","background-size":"auto","background-attachment":"scroll","background-type":"","background-media":"","overlay-type":"","overlay-color":"","overlay-opacity":"","overlay-gradient":""}}},"product_brand":[],"product_cat":[919,3011],"product_tag":[3012,3034,3033,3032],"class_list":{"0":"post-5492","1":"product","2":"type-product","3":"status-publish","4":"has-post-thumbnail","6":"product_cat-adhesives","7":"product_cat-two-component-epoxy-adhesive","8":"product_tag-3m-two-component-adhesive","9":"product_tag-dp810-3m-low-odour","10":"product_tag-epoxy-adhesive-dp810","11":"product_tag-odorless-two-component-adhesive","12":"desktop-align-center","13":"tablet-align-center","14":"mobile-align-center","16":"first","17":"instock","18":"shipping-taxable","19":"product-type-simple"},"yoast_head":"<!-- This site is optimized with the Yoast SEO Premium plugin v27.5 (Yoast SEO v27.5) - https:\/\/yoast.com\/product\/yoast-seo-premium-wordpress\/ -->\n<title>3M\u2122 Scotch-Weld\u2122 Low Odour Acrylic Adhesive DP810<\/title>\n<meta name=\"description\" content=\"3M\u2122 Scotch-Weld\u2122 Low Odour Acrylic Adhesive DP810 two-component, almost odourless adhesive. For environments where flammability and fumes are a problem.\" \/>\n<meta name=\"robots\" content=\"index, follow, max-snippet:-1, max-image-preview:large, max-video-preview:-1\" \/>\n<link rel=\"canonical\" href=\"https:\/\/distribuidor-cintas-adhesivas.es\/en\/producto\/3m-scotch-weld-low-odour-acrylic-adhesive-dp810\/\" \/>\n<meta property=\"og:locale\" content=\"en_US\" \/>\n<meta property=\"og:type\" content=\"article\" \/>\n<meta property=\"og:title\" content=\"3M\u2122 Scotch-Weld\u2122 Low Odour Acrylic Adhesive DP810\" \/>\n<meta property=\"og:description\" content=\"3M\u2122 Scotch-Weld\u2122 Low Odour Acrylic Adhesive DP810 two-component, almost odourless adhesive. For environments where flammability and fumes are a problem.\" \/>\n<meta property=\"og:url\" content=\"https:\/\/distribuidor-cintas-adhesivas.es\/en\/producto\/3m-scotch-weld-low-odour-acrylic-adhesive-dp810\/\" \/>\n<meta property=\"og:site_name\" content=\"Distribuidor de cintas 3M, productos 3M, http:\/\/www.http:\/\/distribuidorcintas3m.es, Mejores ofertas en cintas\" \/>\n<meta property=\"article:modified_time\" content=\"2024-08-01T11:06:12+00:00\" \/>\n<meta property=\"og:image\" content=\"https:\/\/distribuidor-cintas-adhesivas.es\/wp-content\/uploads\/2024\/07\/3M-ADHESIVO-EPOXI-BICOMPONENTE-DP810.jpg\" \/>\n\t<meta property=\"og:image:width\" content=\"800\" \/>\n\t<meta property=\"og:image:height\" content=\"800\" \/>\n\t<meta property=\"og:image:type\" content=\"image\/jpeg\" \/>\n<meta name=\"twitter:card\" content=\"summary_large_image\" \/>\n<meta name=\"twitter:label1\" content=\"Est. reading time\" \/>\n\t<meta name=\"twitter:data1\" content=\"2 minutes\" \/>\n<script type=\"application\/ld+json\" class=\"yoast-schema-graph\">{\"@context\":\"https:\\\/\\\/schema.org\",\"@graph\":[{\"@type\":\"WebPage\",\"@id\":\"https:\\\/\\\/distribuidor-cintas-adhesivas.es\\\/en\\\/producto\\\/3m-scotch-weld-low-odour-acrylic-adhesive-dp810\\\/\",\"url\":\"https:\\\/\\\/distribuidor-cintas-adhesivas.es\\\/en\\\/producto\\\/3m-scotch-weld-low-odour-acrylic-adhesive-dp810\\\/\",\"name\":\"3M\u2122 Scotch-Weld\u2122 Low Odour Acrylic Adhesive DP810\",\"isPartOf\":{\"@id\":\"https:\\\/\\\/distribuidor-cintas-adhesivas.es\\\/en\\\/#website\"},\"primaryImageOfPage\":{\"@id\":\"https:\\\/\\\/distribuidor-cintas-adhesivas.es\\\/en\\\/producto\\\/3m-scotch-weld-low-odour-acrylic-adhesive-dp810\\\/#primaryimage\"},\"image\":{\"@id\":\"https:\\\/\\\/distribuidor-cintas-adhesivas.es\\\/en\\\/producto\\\/3m-scotch-weld-low-odour-acrylic-adhesive-dp810\\\/#primaryimage\"},\"thumbnailUrl\":\"https:\\\/\\\/distribuidor-cintas-adhesivas.es\\\/wp-content\\\/uploads\\\/2024\\\/07\\\/3M-ADHESIVO-EPOXI-BICOMPONENTE-DP810.jpg\",\"datePublished\":\"2024-07-29T11:12:58+00:00\",\"dateModified\":\"2024-08-01T11:06:12+00:00\",\"description\":\"3M\u2122 Scotch-Weld\u2122 Low Odour Acrylic Adhesive DP810 two-component, almost odourless adhesive. For environments where flammability and fumes are a problem.\",\"breadcrumb\":{\"@id\":\"https:\\\/\\\/distribuidor-cintas-adhesivas.es\\\/en\\\/producto\\\/3m-scotch-weld-low-odour-acrylic-adhesive-dp810\\\/#breadcrumb\"},\"inLanguage\":\"en-US\",\"potentialAction\":[{\"@type\":\"ReadAction\",\"target\":[\"https:\\\/\\\/distribuidor-cintas-adhesivas.es\\\/en\\\/producto\\\/3m-scotch-weld-low-odour-acrylic-adhesive-dp810\\\/\"]}]},{\"@type\":\"ImageObject\",\"inLanguage\":\"en-US\",\"@id\":\"https:\\\/\\\/distribuidor-cintas-adhesivas.es\\\/en\\\/producto\\\/3m-scotch-weld-low-odour-acrylic-adhesive-dp810\\\/#primaryimage\",\"url\":\"https:\\\/\\\/distribuidor-cintas-adhesivas.es\\\/wp-content\\\/uploads\\\/2024\\\/07\\\/3M-ADHESIVO-EPOXI-BICOMPONENTE-DP810.jpg\",\"contentUrl\":\"https:\\\/\\\/distribuidor-cintas-adhesivas.es\\\/wp-content\\\/uploads\\\/2024\\\/07\\\/3M-ADHESIVO-EPOXI-BICOMPONENTE-DP810.jpg\",\"width\":800,\"height\":800,\"caption\":\"3M TWO COMPONENT EPOXY ADHESIVE DP810\"},{\"@type\":\"BreadcrumbList\",\"@id\":\"https:\\\/\\\/distribuidor-cintas-adhesivas.es\\\/en\\\/producto\\\/3m-scotch-weld-low-odour-acrylic-adhesive-dp810\\\/#breadcrumb\",\"itemListElement\":[{\"@type\":\"ListItem\",\"position\":1,\"name\":\"Portada\",\"item\":\"https:\\\/\\\/distribuidor-cintas-adhesivas.es\\\/en\\\/\"},{\"@type\":\"ListItem\",\"position\":2,\"name\":\"Products\",\"item\":\"https:\\\/\\\/distribuidor-cintas-adhesivas.es\\\/shop\\\/\"},{\"@type\":\"ListItem\",\"position\":3,\"name\":\"3M\u2122 Scotch-Weld\u2122 Low Odour Acrylic Adhesive DP810\"}]},{\"@type\":\"WebSite\",\"@id\":\"https:\\\/\\\/distribuidor-cintas-adhesivas.es\\\/en\\\/#website\",\"url\":\"https:\\\/\\\/distribuidor-cintas-adhesivas.es\\\/en\\\/\",\"name\":\"Distribuidor de cintas 3M\",\"description\":\"Distribuidor de cintas 3M, productos 3M, cinta adhesiva, 3M cinta doble cara, adhesivos 3M, cinta antideslizante, velcro 3M, cinta reflectante, 3m scotch, selladores de tuber\u00edas, formadores de juntas, retenedores, cianocrilatos reforzados con caucho, cianocrilatos ultrar\u00e1pidos, cianocrilatos para plasticos y caucho, cianocrilatos generales, cianocrilatos con poco olor, cianocrilatos para metales, adhesivos en aerosol, selladores y adhesivos, cintas de aluminio, cintas de vinilo para se\u00f1alizaci\u00f3n, cintas de tela americanas, cintas de papel para enmascarar, cintas para embalaje\",\"publisher\":{\"@id\":\"https:\\\/\\\/distribuidor-cintas-adhesivas.es\\\/en\\\/#organization\"},\"potentialAction\":[{\"@type\":\"SearchAction\",\"target\":{\"@type\":\"EntryPoint\",\"urlTemplate\":\"https:\\\/\\\/distribuidor-cintas-adhesivas.es\\\/en\\\/?s={search_term_string}\"},\"query-input\":{\"@type\":\"PropertyValueSpecification\",\"valueRequired\":true,\"valueName\":\"search_term_string\"}}],\"inLanguage\":\"en-US\"},{\"@type\":\"Organization\",\"@id\":\"https:\\\/\\\/distribuidor-cintas-adhesivas.es\\\/en\\\/#organization\",\"name\":\"Distribuidor de cintas 3M\",\"url\":\"https:\\\/\\\/distribuidor-cintas-adhesivas.es\\\/en\\\/\",\"logo\":{\"@type\":\"ImageObject\",\"inLanguage\":\"en-US\",\"@id\":\"https:\\\/\\\/distribuidor-cintas-adhesivas.es\\\/en\\\/#\\\/schema\\\/logo\\\/image\\\/\",\"url\":\"https:\\\/\\\/distribuidor-cintas-adhesivas.es\\\/wp-content\\\/uploads\\\/2022\\\/10\\\/logo-espanol-portugues.png\",\"contentUrl\":\"https:\\\/\\\/distribuidor-cintas-adhesivas.es\\\/wp-content\\\/uploads\\\/2022\\\/10\\\/logo-espanol-portugues.png\",\"width\":739,\"height\":150,\"caption\":\"Distribuidor de cintas 3M\"},\"image\":{\"@id\":\"https:\\\/\\\/distribuidor-cintas-adhesivas.es\\\/en\\\/#\\\/schema\\\/logo\\\/image\\\/\"},\"sameAs\":[\"https:\\\/\\\/distribuidorcintastesa.es\",\"https:\\\/\\\/solbi-mural.com\\\/es\\\/\",\"https:\\\/\\\/muralsrd.com\\\/\",\"https:\\\/\\\/www.instagram.com\\\/solbimural\\\/?igsh=ZnR6ZmkzZm1ubWhl\"]}]}<\/script>\n<!-- \/ Yoast SEO Premium plugin. -->","yoast_head_json":{"title":"3M\u2122 Scotch-Weld\u2122 Low Odour Acrylic Adhesive DP810","description":"3M\u2122 Scotch-Weld\u2122 Low Odour Acrylic Adhesive DP810 two-component, almost odourless adhesive. For environments where flammability and fumes are a problem.","robots":{"index":"index","follow":"follow","max-snippet":"max-snippet:-1","max-image-preview":"max-image-preview:large","max-video-preview":"max-video-preview:-1"},"canonical":"https:\/\/distribuidor-cintas-adhesivas.es\/en\/producto\/3m-scotch-weld-low-odour-acrylic-adhesive-dp810\/","og_locale":"en_US","og_type":"article","og_title":"3M\u2122 Scotch-Weld\u2122 Low Odour Acrylic Adhesive DP810","og_description":"3M\u2122 Scotch-Weld\u2122 Low Odour Acrylic Adhesive DP810 two-component, almost odourless adhesive. For environments where flammability and fumes are a problem.","og_url":"https:\/\/distribuidor-cintas-adhesivas.es\/en\/producto\/3m-scotch-weld-low-odour-acrylic-adhesive-dp810\/","og_site_name":"Distribuidor de cintas 3M, productos 3M, http:\/\/www.http:\/\/distribuidorcintas3m.es, Mejores ofertas en cintas","article_modified_time":"2024-08-01T11:06:12+00:00","og_image":[{"width":800,"height":800,"url":"https:\/\/distribuidor-cintas-adhesivas.es\/wp-content\/uploads\/2024\/07\/3M-ADHESIVO-EPOXI-BICOMPONENTE-DP810.jpg","type":"image\/jpeg"}],"twitter_card":"summary_large_image","twitter_misc":{"Est. reading time":"2 minutes"},"schema":{"@context":"https:\/\/schema.org","@graph":[{"@type":"WebPage","@id":"https:\/\/distribuidor-cintas-adhesivas.es\/en\/producto\/3m-scotch-weld-low-odour-acrylic-adhesive-dp810\/","url":"https:\/\/distribuidor-cintas-adhesivas.es\/en\/producto\/3m-scotch-weld-low-odour-acrylic-adhesive-dp810\/","name":"3M\u2122 Scotch-Weld\u2122 Low Odour Acrylic Adhesive DP810","isPartOf":{"@id":"https:\/\/distribuidor-cintas-adhesivas.es\/en\/#website"},"primaryImageOfPage":{"@id":"https:\/\/distribuidor-cintas-adhesivas.es\/en\/producto\/3m-scotch-weld-low-odour-acrylic-adhesive-dp810\/#primaryimage"},"image":{"@id":"https:\/\/distribuidor-cintas-adhesivas.es\/en\/producto\/3m-scotch-weld-low-odour-acrylic-adhesive-dp810\/#primaryimage"},"thumbnailUrl":"https:\/\/distribuidor-cintas-adhesivas.es\/wp-content\/uploads\/2024\/07\/3M-ADHESIVO-EPOXI-BICOMPONENTE-DP810.jpg","datePublished":"2024-07-29T11:12:58+00:00","dateModified":"2024-08-01T11:06:12+00:00","description":"3M\u2122 Scotch-Weld\u2122 Low Odour Acrylic Adhesive DP810 two-component, almost odourless adhesive. For environments where flammability and fumes are a problem.","breadcrumb":{"@id":"https:\/\/distribuidor-cintas-adhesivas.es\/en\/producto\/3m-scotch-weld-low-odour-acrylic-adhesive-dp810\/#breadcrumb"},"inLanguage":"en-US","potentialAction":[{"@type":"ReadAction","target":["https:\/\/distribuidor-cintas-adhesivas.es\/en\/producto\/3m-scotch-weld-low-odour-acrylic-adhesive-dp810\/"]}]},{"@type":"ImageObject","inLanguage":"en-US","@id":"https:\/\/distribuidor-cintas-adhesivas.es\/en\/producto\/3m-scotch-weld-low-odour-acrylic-adhesive-dp810\/#primaryimage","url":"https:\/\/distribuidor-cintas-adhesivas.es\/wp-content\/uploads\/2024\/07\/3M-ADHESIVO-EPOXI-BICOMPONENTE-DP810.jpg","contentUrl":"https:\/\/distribuidor-cintas-adhesivas.es\/wp-content\/uploads\/2024\/07\/3M-ADHESIVO-EPOXI-BICOMPONENTE-DP810.jpg","width":800,"height":800,"caption":"3M TWO COMPONENT EPOXY ADHESIVE DP810"},{"@type":"BreadcrumbList","@id":"https:\/\/distribuidor-cintas-adhesivas.es\/en\/producto\/3m-scotch-weld-low-odour-acrylic-adhesive-dp810\/#breadcrumb","itemListElement":[{"@type":"ListItem","position":1,"name":"Portada","item":"https:\/\/distribuidor-cintas-adhesivas.es\/en\/"},{"@type":"ListItem","position":2,"name":"Products","item":"https:\/\/distribuidor-cintas-adhesivas.es\/shop\/"},{"@type":"ListItem","position":3,"name":"3M\u2122 Scotch-Weld\u2122 Low Odour Acrylic Adhesive DP810"}]},{"@type":"WebSite","@id":"https:\/\/distribuidor-cintas-adhesivas.es\/en\/#website","url":"https:\/\/distribuidor-cintas-adhesivas.es\/en\/","name":"Distribuidor de cintas 3M","description":"Distribuidor de cintas 3M, productos 3M, cinta adhesiva, 3M cinta doble cara, adhesivos 3M, cinta antideslizante, velcro 3M, cinta reflectante, 3m scotch, selladores de tuber\u00edas, formadores de juntas, retenedores, cianocrilatos reforzados con caucho, cianocrilatos ultrar\u00e1pidos, cianocrilatos para plasticos y caucho, cianocrilatos generales, cianocrilatos con poco olor, cianocrilatos para metales, adhesivos en aerosol, selladores y adhesivos, cintas de aluminio, cintas de vinilo para se\u00f1alizaci\u00f3n, cintas de tela americanas, cintas de papel para enmascarar, cintas para embalaje","publisher":{"@id":"https:\/\/distribuidor-cintas-adhesivas.es\/en\/#organization"},"potentialAction":[{"@type":"SearchAction","target":{"@type":"EntryPoint","urlTemplate":"https:\/\/distribuidor-cintas-adhesivas.es\/en\/?s={search_term_string}"},"query-input":{"@type":"PropertyValueSpecification","valueRequired":true,"valueName":"search_term_string"}}],"inLanguage":"en-US"},{"@type":"Organization","@id":"https:\/\/distribuidor-cintas-adhesivas.es\/en\/#organization","name":"Distribuidor de cintas 3M","url":"https:\/\/distribuidor-cintas-adhesivas.es\/en\/","logo":{"@type":"ImageObject","inLanguage":"en-US","@id":"https:\/\/distribuidor-cintas-adhesivas.es\/en\/#\/schema\/logo\/image\/","url":"https:\/\/distribuidor-cintas-adhesivas.es\/wp-content\/uploads\/2022\/10\/logo-espanol-portugues.png","contentUrl":"https:\/\/distribuidor-cintas-adhesivas.es\/wp-content\/uploads\/2022\/10\/logo-espanol-portugues.png","width":739,"height":150,"caption":"Distribuidor de cintas 3M"},"image":{"@id":"https:\/\/distribuidor-cintas-adhesivas.es\/en\/#\/schema\/logo\/image\/"},"sameAs":["https:\/\/distribuidorcintastesa.es","https:\/\/solbi-mural.com\/es\/","https:\/\/muralsrd.com\/","https:\/\/www.instagram.com\/solbimural\/?igsh=ZnR6ZmkzZm1ubWhl"]}]}},"_links":{"self":[{"href":"https:\/\/distribuidor-cintas-adhesivas.es\/en\/wp-json\/wp\/v2\/product\/5492","targetHints":{"allow":["GET"]}}],"collection":[{"href":"https:\/\/distribuidor-cintas-adhesivas.es\/en\/wp-json\/wp\/v2\/product"}],"about":[{"href":"https:\/\/distribuidor-cintas-adhesivas.es\/en\/wp-json\/wp\/v2\/types\/product"}],"wp:featuredmedia":[{"embeddable":true,"href":"https:\/\/distribuidor-cintas-adhesivas.es\/en\/wp-json\/wp\/v2\/media\/5488"}],"wp:attachment":[{"href":"https:\/\/distribuidor-cintas-adhesivas.es\/en\/wp-json\/wp\/v2\/media?parent=5492"}],"wp:term":[{"taxonomy":"product_brand","embeddable":true,"href":"https:\/\/distribuidor-cintas-adhesivas.es\/en\/wp-json\/wp\/v2\/product_brand?post=5492"},{"taxonomy":"product_cat","embeddable":true,"href":"https:\/\/distribuidor-cintas-adhesivas.es\/en\/wp-json\/wp\/v2\/product_cat?post=5492"},{"taxonomy":"product_tag","embeddable":true,"href":"https:\/\/distribuidor-cintas-adhesivas.es\/en\/wp-json\/wp\/v2\/product_tag?post=5492"}],"curies":[{"name":"wp","href":"https:\/\/api.w.org\/{rel}","templated":true}]}}