{"id":5519,"date":"2024-07-31T15:36:52","date_gmt":"2024-07-31T15:25:34","guid":{"rendered":"https:\/\/distribuidor-cintas-adhesivas.es\/?post_type=product&#038;p=5519"},"modified":"2024-07-31T15:35:49","modified_gmt":"2024-07-31T15:35:49","slug":"3m-scotch-weld-epoxy-adhesive-dp460","status":"publish","type":"product","link":"https:\/\/distribuidor-cintas-adhesivas.es\/en\/producto\/3m-scotch-weld-epoxy-adhesive-dp460\/","title":{"rendered":"3M\u2122 Scotch-Weld\u2122 Epoxy Adhesive DP460"},"content":{"rendered":"<p>3M\u2122 Scotch-Weld\u2122 Epoxy Adhesive DP460 is a two-component reinforced adhesive. Designed to bond to different surfaces such as ceramics, wood and some plastics. It is composed of liquid reactive polymers that undergo a chemical reaction when mixed and then harden to form a solid plastic material. Once the two components have been mixed to the specified ratio, the curing process begins; this provides a limited range of time to apply the adhesive and bond the two surfaces together as required.<\/p>\n<div class=\"content user-select-text\" tabindex=\"0\" aria-description=\"\" aria-label=\"Enviado por Copilot: Claro, puedo ayudarte con eso. Aqu\u00ed tienes la parafraseada: &quot;Los epoxi se componen de pol\u00edmeros reactivos l\u00edquidos que experimentan una reacci\u00f3n qu\u00edmica al mezclarse y luego se endurecen para formar un material pl\u00e1stico s\u00f3lido. Una vez que los dos componentes se han mezclado seg\u00fan la relaci\u00f3n especificada, comienza el proceso de curado; esto proporciona una ventana de tiempo limitada para aplicar el adhesivo y unir las dos superficies seg\u00fan sea necesario.&quot;[^1^] [^2^] \u00bfHay algo m\u00e1s en lo que pueda ayudarte? \ud83d\ude0a\">\n<div class=\"ac-container ac-adaptiveCard has-image\">\n<div class=\"ac-textBlock\"><strong style=\"color: #000000; font-size: 24px;\">Buy online<\/strong><\/div>\n<\/div>\n<\/div>\n<h4><span style=\"color: #3366ff;\"><a style=\"color: #3366ff;\" href=\"https:\/\/solbi-mural.com\/en\/adhesives-primers\/1766-3m-scotch-weld-epx-white-epoxy-adhesive-dp460-400ml-cartridge.html\" target=\"_blank\" rel=\"noopener\"><strong>DP460<\/strong><\/a><\/span><\/h4>\n<p>&nbsp;<\/p>\n<h4>Features<\/h4>\n<ul>\n<li>Mixing time of 60 minutes and curing in 4 hours (at room temperature 20\/25\u00baC)<\/li>\n<li>3M\u2122 Scotch-Weld\u2122 Epoxy Adhesive DP460 resistant to impact and demanding conditions<\/li>\n<li>Shear and peel strength.<\/li>\n<li>White colour<\/li>\n<li>Mixing ratio 2:1<\/li>\n<\/ul>\n<p><strong style=\"font-size: 1.3em;\">Applications <\/strong><\/p>\n<ul>\n<li>Easy and quick to apply<\/li>\n<li>Requires an applicator, available in <span style=\"color: #3366ff;\"><strong><a style=\"color: #3366ff;\" href=\"https:\/\/solbi-mural.com\/en\/appliances-and-dispensers\/62-3m-scotch-weld-epx-manual-applicator-0051111920800.html\" target=\"_blank\" rel=\"noopener\">manual<\/a><\/strong><\/span> or automatic (if you need the latter, please contact us).<\/li>\n<li>Need a <span style=\"color: #3366ff;\"><strong><a style=\"color: #3366ff;\" href=\"https:\/\/solbi-mural.com\/en\/appliances-and-dispensers\/63-3m-scotch-weld-epx-plunger-for-epx-applicator-3134375465236.html\" target=\"_blank\" rel=\"noopener\">plunger for small cartridges<\/a><\/strong><\/span><\/li>\n<li>Different mixing nozzles available, depending on cartridge size<\/li>\n<li>Recommended use with the <strong><span style=\"color: #3366ff;\"><a style=\"color: #3366ff;\" href=\"https:\/\/solbi-mural.com\/en\/adhesives-primers\/549-3m-scotch-weld-epx-green-nozzle-45ml-nozzle-0051111922927.html\" target=\"_blank\" rel=\"noopener\">green nozzle<\/a><\/span><\/strong> or with the <span style=\"color: #3366ff;\"><strong><a style=\"color: #3366ff;\" href=\"https:\/\/solbi-mural.com\/en\/adhesives-primers\/1728-3m-scotch-weld-epx-mixing-nozzle-white-helical-485-ml-50-ml.html\" target=\"_blank\" rel=\"noopener\">white helical nozzle<\/a><\/strong><\/span> for small cartridges.<\/li>\n<li>Suitable for ceramics, wood and some plastics.<\/li>\n<li>Industrial sector or for intensive use.<\/li>\n<li>Can be used indoors or outdoors.<\/li>\n<\/ul>\n<p><strong><span style=\"color: #ff0000;\">Reminder<\/span><\/strong>: You will need to buy as many grouts as you wish to use the adhesive. The grout mix hardens in 60 minutes. If you use it continuously, the adhesive inside the nozzle will not harden.<\/p>\n<p>&nbsp;<\/p>\n<h4><strong>Related Products<\/strong><\/h4>\n<ul>\n<li style=\"list-style-type: none;\">\n<ul>\n<li><a href=\"https:\/\/distribuidor-cintas-adhesivas.es\/en\/producto\/3m-scotch-weld-epoxy-adhesive-dp100-plus\/\" target=\"_blank\" rel=\"noopener\">DP100 Plus<\/a><\/li>\n<li><a href=\"https:\/\/distribuidor-cintas-adhesivas.es\/en\/producto\/3m-scotch-weld-epoxy-adhesive-dp410\/\" target=\"_blank\" rel=\"noopener\">DP410<\/a><\/li>\n<li><a href=\"https:\/\/distribuidor-cintas-adhesivas.es\/en\/producto\/3m-scotch-weld-low-odour-acrylic-adhesive-dp810\/\" target=\"_blank\" rel=\"noopener\">DP810<\/a><\/li>\n<\/ul>\n<\/li>\n<\/ul>\n","protected":false},"excerpt":{"rendered":"<p>3M\u2122 Scotch-Weld\u2122 Epoxy Adhesive DP460 is a two-component reinforced adhesive. Designed to bond to different surfaces such as ceramics, wood and some plastics. It is composed of liquid reactive polymers that undergo a chemical reaction when mixed and then harden to form a solid plastic material. Once the two components have been mixed to the [&hellip;]<\/p>\n","protected":false},"featured_media":5515,"template":"","meta":{"site-sidebar-layout":"default","site-content-layout":"","ast-site-content-layout":"default","site-content-style":"default","site-sidebar-style":"default","ast-global-header-display":"","ast-banner-title-visibility":"","ast-main-header-display":"","ast-hfb-above-header-display":"","ast-hfb-below-header-display":"","ast-hfb-mobile-header-display":"","site-post-title":"","ast-breadcrumbs-content":"","ast-featured-img":"","footer-sml-layout":"","ast-disable-related-posts":"","theme-transparent-header-meta":"default","adv-header-id-meta":"","stick-header-meta":"","header-above-stick-meta":"","header-main-stick-meta":"","header-below-stick-meta":"","astra-migrate-meta-layouts":"set","ast-page-background-enabled":"default","ast-page-background-meta":{"desktop":{"background-color":"","background-image":"","background-repeat":"repeat","background-position":"center center","background-size":"auto","background-attachment":"scroll","background-type":"","background-media":"","overlay-type":"","overlay-color":"","overlay-opacity":"","overlay-gradient":""},"tablet":{"background-color":"","background-image":"","background-repeat":"repeat","background-position":"center center","background-size":"auto","background-attachment":"scroll","background-type":"","background-media":"","overlay-type":"","overlay-color":"","overlay-opacity":"","overlay-gradient":""},"mobile":{"background-color":"","background-image":"","background-repeat":"repeat","background-position":"center center","background-size":"auto","background-attachment":"scroll","background-type":"","background-media":"","overlay-type":"","overlay-color":"","overlay-opacity":"","overlay-gradient":""}},"ast-content-background-meta":{"desktop":{"background-color":"var(--ast-global-color-5)","background-image":"","background-repeat":"repeat","background-position":"center center","background-size":"auto","background-attachment":"scroll","background-type":"","background-media":"","overlay-type":"","overlay-color":"","overlay-opacity":"","overlay-gradient":""},"tablet":{"background-color":"var(--ast-global-color-5)","background-image":"","background-repeat":"repeat","background-position":"center center","background-size":"auto","background-attachment":"scroll","background-type":"","background-media":"","overlay-type":"","overlay-color":"","overlay-opacity":"","overlay-gradient":""},"mobile":{"background-color":"var(--ast-global-color-5)","background-image":"","background-repeat":"repeat","background-position":"center center","background-size":"auto","background-attachment":"scroll","background-type":"","background-media":"","overlay-type":"","overlay-color":"","overlay-opacity":"","overlay-gradient":""}}},"product_brand":[],"product_cat":[919,3011],"product_tag":[3012,3054,3013],"class_list":{"0":"post-5519","1":"product","2":"type-product","3":"status-publish","4":"has-post-thumbnail","6":"product_cat-adhesives","7":"product_cat-two-component-epoxy-adhesive","8":"product_tag-3m-two-component-adhesive","9":"product_tag-dp460-3m-en","10":"product_tag-epx-epoxy-adhesive","11":"desktop-align-center","12":"tablet-align-center","13":"mobile-align-center","15":"first","16":"instock","17":"shipping-taxable","18":"product-type-simple"},"yoast_head":"<!-- This site is optimized with the Yoast SEO Premium plugin v27.2 (Yoast SEO v27.2) - https:\/\/yoast.com\/product\/yoast-seo-premium-wordpress\/ -->\n<title>3M\u2122 Scotch-Weld\u2122 Epoxy Adhesive DP460<\/title>\n<meta name=\"description\" content=\"3M\u2122 Scotch-Weld\u2122 Epoxy Adhesive DP460 two-component reinforced adhesive. Bonds to various surfaces such as ceramics, wood and some plastics.\" \/>\n<meta name=\"robots\" content=\"index, follow, max-snippet:-1, max-image-preview:large, max-video-preview:-1\" \/>\n<link rel=\"canonical\" href=\"https:\/\/distribuidor-cintas-adhesivas.es\/en\/producto\/3m-scotch-weld-epoxy-adhesive-dp460\/\" \/>\n<meta property=\"og:locale\" content=\"en_US\" \/>\n<meta property=\"og:type\" content=\"article\" \/>\n<meta property=\"og:title\" content=\"3M\u2122 Scotch-Weld\u2122 Epoxy Adhesive DP460\" \/>\n<meta property=\"og:description\" content=\"3M\u2122 Scotch-Weld\u2122 Epoxy Adhesive DP460 two-component reinforced adhesive. Bonds to various surfaces such as ceramics, wood and some plastics.\" \/>\n<meta property=\"og:url\" content=\"https:\/\/distribuidor-cintas-adhesivas.es\/en\/producto\/3m-scotch-weld-epoxy-adhesive-dp460\/\" \/>\n<meta property=\"og:site_name\" content=\"Distribuidor de cintas 3M, productos 3M, http:\/\/www.http:\/\/distribuidorcintas3m.es, Mejores ofertas en cintas\" \/>\n<meta property=\"article:modified_time\" content=\"2024-07-31T15:35:49+00:00\" \/>\n<meta property=\"og:image\" content=\"https:\/\/distribuidor-cintas-adhesivas.es\/wp-content\/uploads\/2024\/07\/Adhesivo-bicomponente-Epoxi-3M-DP460.jpg\" \/>\n\t<meta property=\"og:image:width\" content=\"800\" \/>\n\t<meta property=\"og:image:height\" content=\"800\" \/>\n\t<meta property=\"og:image:type\" content=\"image\/jpeg\" \/>\n<meta name=\"twitter:card\" content=\"summary_large_image\" \/>\n<meta name=\"twitter:label1\" content=\"Est. reading time\" \/>\n\t<meta name=\"twitter:data1\" content=\"2 minutes\" \/>\n<script type=\"application\/ld+json\" class=\"yoast-schema-graph\">{\"@context\":\"https:\/\/schema.org\",\"@graph\":[{\"@type\":\"WebPage\",\"@id\":\"https:\/\/distribuidor-cintas-adhesivas.es\/en\/producto\/3m-scotch-weld-epoxy-adhesive-dp460\/\",\"url\":\"https:\/\/distribuidor-cintas-adhesivas.es\/en\/producto\/3m-scotch-weld-epoxy-adhesive-dp460\/\",\"name\":\"3M\u2122 Scotch-Weld\u2122 Epoxy Adhesive DP460\",\"isPartOf\":{\"@id\":\"https:\/\/distribuidor-cintas-adhesivas.es\/en\/#website\"},\"primaryImageOfPage\":{\"@id\":\"https:\/\/distribuidor-cintas-adhesivas.es\/en\/producto\/3m-scotch-weld-epoxy-adhesive-dp460\/#primaryimage\"},\"image\":{\"@id\":\"https:\/\/distribuidor-cintas-adhesivas.es\/en\/producto\/3m-scotch-weld-epoxy-adhesive-dp460\/#primaryimage\"},\"thumbnailUrl\":\"https:\/\/distribuidor-cintas-adhesivas.es\/wp-content\/uploads\/2024\/07\/Adhesivo-bicomponente-Epoxi-3M-DP460.jpg\",\"datePublished\":\"2024-07-31T15:25:34+00:00\",\"dateModified\":\"2024-07-31T15:35:49+00:00\",\"description\":\"3M\u2122 Scotch-Weld\u2122 Epoxy Adhesive DP460 two-component reinforced adhesive. Bonds to various surfaces such as ceramics, wood and some plastics.\",\"breadcrumb\":{\"@id\":\"https:\/\/distribuidor-cintas-adhesivas.es\/en\/producto\/3m-scotch-weld-epoxy-adhesive-dp460\/#breadcrumb\"},\"inLanguage\":\"en-US\",\"potentialAction\":[{\"@type\":\"ReadAction\",\"target\":[\"https:\/\/distribuidor-cintas-adhesivas.es\/en\/producto\/3m-scotch-weld-epoxy-adhesive-dp460\/\"]}]},{\"@type\":\"ImageObject\",\"inLanguage\":\"en-US\",\"@id\":\"https:\/\/distribuidor-cintas-adhesivas.es\/en\/producto\/3m-scotch-weld-epoxy-adhesive-dp460\/#primaryimage\",\"url\":\"https:\/\/distribuidor-cintas-adhesivas.es\/wp-content\/uploads\/2024\/07\/Adhesivo-bicomponente-Epoxi-3M-DP460.jpg\",\"contentUrl\":\"https:\/\/distribuidor-cintas-adhesivas.es\/wp-content\/uploads\/2024\/07\/Adhesivo-bicomponente-Epoxi-3M-DP460.jpg\",\"width\":800,\"height\":800,\"caption\":\"3M Epoxy Two-Pack Adhesive DP460\"},{\"@type\":\"BreadcrumbList\",\"@id\":\"https:\/\/distribuidor-cintas-adhesivas.es\/en\/producto\/3m-scotch-weld-epoxy-adhesive-dp460\/#breadcrumb\",\"itemListElement\":[{\"@type\":\"ListItem\",\"position\":1,\"name\":\"Portada\",\"item\":\"https:\/\/distribuidor-cintas-adhesivas.es\/en\/\"},{\"@type\":\"ListItem\",\"position\":2,\"name\":\"Products\",\"item\":\"https:\/\/distribuidor-cintas-adhesivas.es\/shop\/\"},{\"@type\":\"ListItem\",\"position\":3,\"name\":\"3M\u2122 Scotch-Weld\u2122 Epoxy Adhesive DP460\"}]},{\"@type\":\"WebSite\",\"@id\":\"https:\/\/distribuidor-cintas-adhesivas.es\/en\/#website\",\"url\":\"https:\/\/distribuidor-cintas-adhesivas.es\/en\/\",\"name\":\"Distribuidor de cintas 3M\",\"description\":\"Distribuidor de cintas 3M, productos 3M, cinta adhesiva, 3M cinta doble cara, adhesivos 3M, cinta antideslizante, velcro 3M, cinta reflectante, 3m scotch, selladores de tuber\u00edas, formadores de juntas, retenedores, cianocrilatos reforzados con caucho, cianocrilatos ultrar\u00e1pidos, cianocrilatos para plasticos y caucho, cianocrilatos generales, cianocrilatos con poco olor, cianocrilatos para metales, adhesivos en aerosol, selladores y adhesivos, cintas de aluminio, cintas de vinilo para se\u00f1alizaci\u00f3n, cintas de tela americanas, cintas de papel para enmascarar, cintas para embalaje\",\"publisher\":{\"@id\":\"https:\/\/distribuidor-cintas-adhesivas.es\/en\/#organization\"},\"potentialAction\":[{\"@type\":\"SearchAction\",\"target\":{\"@type\":\"EntryPoint\",\"urlTemplate\":\"https:\/\/distribuidor-cintas-adhesivas.es\/en\/?s={search_term_string}\"},\"query-input\":{\"@type\":\"PropertyValueSpecification\",\"valueRequired\":true,\"valueName\":\"search_term_string\"}}],\"inLanguage\":\"en-US\"},{\"@type\":\"Organization\",\"@id\":\"https:\/\/distribuidor-cintas-adhesivas.es\/en\/#organization\",\"name\":\"Distribuidor de cintas 3M\",\"url\":\"https:\/\/distribuidor-cintas-adhesivas.es\/en\/\",\"logo\":{\"@type\":\"ImageObject\",\"inLanguage\":\"en-US\",\"@id\":\"https:\/\/distribuidor-cintas-adhesivas.es\/en\/#\/schema\/logo\/image\/\",\"url\":\"https:\/\/distribuidor-cintas-adhesivas.es\/wp-content\/uploads\/2022\/10\/logo-espanol-portugues.png\",\"contentUrl\":\"https:\/\/distribuidor-cintas-adhesivas.es\/wp-content\/uploads\/2022\/10\/logo-espanol-portugues.png\",\"width\":739,\"height\":150,\"caption\":\"Distribuidor de cintas 3M\"},\"image\":{\"@id\":\"https:\/\/distribuidor-cintas-adhesivas.es\/en\/#\/schema\/logo\/image\/\"},\"sameAs\":[\"https:\/\/distribuidorcintastesa.es\",\"https:\/\/solbi-mural.com\/es\/\",\"https:\/\/muralsrd.com\/\",\"https:\/\/www.instagram.com\/solbimural\/?igsh=ZnR6ZmkzZm1ubWhl\"]}]}<\/script>\n<!-- \/ Yoast SEO Premium plugin. -->","yoast_head_json":{"title":"3M\u2122 Scotch-Weld\u2122 Epoxy Adhesive DP460","description":"3M\u2122 Scotch-Weld\u2122 Epoxy Adhesive DP460 two-component reinforced adhesive. Bonds to various surfaces such as ceramics, wood and some plastics.","robots":{"index":"index","follow":"follow","max-snippet":"max-snippet:-1","max-image-preview":"max-image-preview:large","max-video-preview":"max-video-preview:-1"},"canonical":"https:\/\/distribuidor-cintas-adhesivas.es\/en\/producto\/3m-scotch-weld-epoxy-adhesive-dp460\/","og_locale":"en_US","og_type":"article","og_title":"3M\u2122 Scotch-Weld\u2122 Epoxy Adhesive DP460","og_description":"3M\u2122 Scotch-Weld\u2122 Epoxy Adhesive DP460 two-component reinforced adhesive. Bonds to various surfaces such as ceramics, wood and some plastics.","og_url":"https:\/\/distribuidor-cintas-adhesivas.es\/en\/producto\/3m-scotch-weld-epoxy-adhesive-dp460\/","og_site_name":"Distribuidor de cintas 3M, productos 3M, http:\/\/www.http:\/\/distribuidorcintas3m.es, Mejores ofertas en cintas","article_modified_time":"2024-07-31T15:35:49+00:00","og_image":[{"width":800,"height":800,"url":"https:\/\/distribuidor-cintas-adhesivas.es\/wp-content\/uploads\/2024\/07\/Adhesivo-bicomponente-Epoxi-3M-DP460.jpg","type":"image\/jpeg"}],"twitter_card":"summary_large_image","twitter_misc":{"Est. reading time":"2 minutes"},"schema":{"@context":"https:\/\/schema.org","@graph":[{"@type":"WebPage","@id":"https:\/\/distribuidor-cintas-adhesivas.es\/en\/producto\/3m-scotch-weld-epoxy-adhesive-dp460\/","url":"https:\/\/distribuidor-cintas-adhesivas.es\/en\/producto\/3m-scotch-weld-epoxy-adhesive-dp460\/","name":"3M\u2122 Scotch-Weld\u2122 Epoxy Adhesive DP460","isPartOf":{"@id":"https:\/\/distribuidor-cintas-adhesivas.es\/en\/#website"},"primaryImageOfPage":{"@id":"https:\/\/distribuidor-cintas-adhesivas.es\/en\/producto\/3m-scotch-weld-epoxy-adhesive-dp460\/#primaryimage"},"image":{"@id":"https:\/\/distribuidor-cintas-adhesivas.es\/en\/producto\/3m-scotch-weld-epoxy-adhesive-dp460\/#primaryimage"},"thumbnailUrl":"https:\/\/distribuidor-cintas-adhesivas.es\/wp-content\/uploads\/2024\/07\/Adhesivo-bicomponente-Epoxi-3M-DP460.jpg","datePublished":"2024-07-31T15:25:34+00:00","dateModified":"2024-07-31T15:35:49+00:00","description":"3M\u2122 Scotch-Weld\u2122 Epoxy Adhesive DP460 two-component reinforced adhesive. Bonds to various surfaces such as ceramics, wood and some plastics.","breadcrumb":{"@id":"https:\/\/distribuidor-cintas-adhesivas.es\/en\/producto\/3m-scotch-weld-epoxy-adhesive-dp460\/#breadcrumb"},"inLanguage":"en-US","potentialAction":[{"@type":"ReadAction","target":["https:\/\/distribuidor-cintas-adhesivas.es\/en\/producto\/3m-scotch-weld-epoxy-adhesive-dp460\/"]}]},{"@type":"ImageObject","inLanguage":"en-US","@id":"https:\/\/distribuidor-cintas-adhesivas.es\/en\/producto\/3m-scotch-weld-epoxy-adhesive-dp460\/#primaryimage","url":"https:\/\/distribuidor-cintas-adhesivas.es\/wp-content\/uploads\/2024\/07\/Adhesivo-bicomponente-Epoxi-3M-DP460.jpg","contentUrl":"https:\/\/distribuidor-cintas-adhesivas.es\/wp-content\/uploads\/2024\/07\/Adhesivo-bicomponente-Epoxi-3M-DP460.jpg","width":800,"height":800,"caption":"3M Epoxy Two-Pack Adhesive DP460"},{"@type":"BreadcrumbList","@id":"https:\/\/distribuidor-cintas-adhesivas.es\/en\/producto\/3m-scotch-weld-epoxy-adhesive-dp460\/#breadcrumb","itemListElement":[{"@type":"ListItem","position":1,"name":"Portada","item":"https:\/\/distribuidor-cintas-adhesivas.es\/en\/"},{"@type":"ListItem","position":2,"name":"Products","item":"https:\/\/distribuidor-cintas-adhesivas.es\/shop\/"},{"@type":"ListItem","position":3,"name":"3M\u2122 Scotch-Weld\u2122 Epoxy Adhesive DP460"}]},{"@type":"WebSite","@id":"https:\/\/distribuidor-cintas-adhesivas.es\/en\/#website","url":"https:\/\/distribuidor-cintas-adhesivas.es\/en\/","name":"Distribuidor de cintas 3M","description":"Distribuidor de cintas 3M, productos 3M, cinta adhesiva, 3M cinta doble cara, adhesivos 3M, cinta antideslizante, velcro 3M, cinta reflectante, 3m scotch, selladores de tuber\u00edas, formadores de juntas, retenedores, cianocrilatos reforzados con caucho, cianocrilatos ultrar\u00e1pidos, cianocrilatos para plasticos y caucho, cianocrilatos generales, cianocrilatos con poco olor, cianocrilatos para metales, adhesivos en aerosol, selladores y adhesivos, cintas de aluminio, cintas de vinilo para se\u00f1alizaci\u00f3n, cintas de tela americanas, cintas de papel para enmascarar, cintas para embalaje","publisher":{"@id":"https:\/\/distribuidor-cintas-adhesivas.es\/en\/#organization"},"potentialAction":[{"@type":"SearchAction","target":{"@type":"EntryPoint","urlTemplate":"https:\/\/distribuidor-cintas-adhesivas.es\/en\/?s={search_term_string}"},"query-input":{"@type":"PropertyValueSpecification","valueRequired":true,"valueName":"search_term_string"}}],"inLanguage":"en-US"},{"@type":"Organization","@id":"https:\/\/distribuidor-cintas-adhesivas.es\/en\/#organization","name":"Distribuidor de cintas 3M","url":"https:\/\/distribuidor-cintas-adhesivas.es\/en\/","logo":{"@type":"ImageObject","inLanguage":"en-US","@id":"https:\/\/distribuidor-cintas-adhesivas.es\/en\/#\/schema\/logo\/image\/","url":"https:\/\/distribuidor-cintas-adhesivas.es\/wp-content\/uploads\/2022\/10\/logo-espanol-portugues.png","contentUrl":"https:\/\/distribuidor-cintas-adhesivas.es\/wp-content\/uploads\/2022\/10\/logo-espanol-portugues.png","width":739,"height":150,"caption":"Distribuidor de cintas 3M"},"image":{"@id":"https:\/\/distribuidor-cintas-adhesivas.es\/en\/#\/schema\/logo\/image\/"},"sameAs":["https:\/\/distribuidorcintastesa.es","https:\/\/solbi-mural.com\/es\/","https:\/\/muralsrd.com\/","https:\/\/www.instagram.com\/solbimural\/?igsh=ZnR6ZmkzZm1ubWhl"]}]}},"_links":{"self":[{"href":"https:\/\/distribuidor-cintas-adhesivas.es\/en\/wp-json\/wp\/v2\/product\/5519","targetHints":{"allow":["GET"]}}],"collection":[{"href":"https:\/\/distribuidor-cintas-adhesivas.es\/en\/wp-json\/wp\/v2\/product"}],"about":[{"href":"https:\/\/distribuidor-cintas-adhesivas.es\/en\/wp-json\/wp\/v2\/types\/product"}],"wp:featuredmedia":[{"embeddable":true,"href":"https:\/\/distribuidor-cintas-adhesivas.es\/en\/wp-json\/wp\/v2\/media\/5515"}],"wp:attachment":[{"href":"https:\/\/distribuidor-cintas-adhesivas.es\/en\/wp-json\/wp\/v2\/media?parent=5519"}],"wp:term":[{"taxonomy":"product_brand","embeddable":true,"href":"https:\/\/distribuidor-cintas-adhesivas.es\/en\/wp-json\/wp\/v2\/product_brand?post=5519"},{"taxonomy":"product_cat","embeddable":true,"href":"https:\/\/distribuidor-cintas-adhesivas.es\/en\/wp-json\/wp\/v2\/product_cat?post=5519"},{"taxonomy":"product_tag","embeddable":true,"href":"https:\/\/distribuidor-cintas-adhesivas.es\/en\/wp-json\/wp\/v2\/product_tag?post=5519"}],"curies":[{"name":"wp","href":"https:\/\/api.w.org\/{rel}","templated":true}]}}