{"id":3315,"date":"2021-01-14T11:50:36","date_gmt":"2021-01-14T11:50:36","guid":{"rendered":"https:\/\/distribuidor-cintas-adhesivas.es\/producto\/colgadores-adhesivos-hang-tab-scotchpad-1076-transparente\/"},"modified":"2023-02-08T09:31:40","modified_gmt":"2023-02-08T09:31:40","slug":"3m-perchas-1076","status":"publish","type":"product","link":"https:\/\/distribuidor-cintas-adhesivas.es\/fr\/producto\/3m-perchas-1076\/","title":{"rendered":"3M\u2122 Perchas Adhesivas ScotchPad\u2122 Hang Tab 1076, Transparente"},"content":{"rendered":"<p>Las 3M\u2122 Perchas Adhesivos ScotchPad\u2122 Hang Tab 1076 de , permite ver los gr\u00e1ficos del embalaje. Se une a la gran mayor\u00eda de superficies de productos o embalajes para aplicaciones de exhibici\u00f3n en los lineales de venta de las tiendas. <span lang=\"pt\" xml:lang=\"pt\">Los colgadores adhesivos Bl\u00edster incluyen una pel\u00edcula de poli\u00e9ster orientada de forma biaxial con un soporte de adhesivo de resina de goma sensible a la presi\u00f3n y de fusi\u00f3n por calor, y est\u00e1 laminada a una parte superior de poli\u00e9ster.<\/span><\/p>\n<h4><a href=\"https:\/\/solbi-mural.com\/es\/perchas-adhesivas-hang-tab\/301-801-3m-perchas-adhesivas-redondas-1076-hang-tabs-transparente-50mm-x-50mm-caja-de-500-perchas-0021200620145.html#\/29-color-transparente\"><strong>Compra on-line 3M\u2122 Perchas 1076<\/strong><\/a><\/h4>\n<h4><strong>Caracter\u00edsticas<\/strong><\/h4>\n<ul>\n<li><span lang=\"pt\" xml:lang=\"pt\">Perchas adhesivas que se pegan r\u00e1pidamente a la superficie de un producto. Estos ganchos son excelentes para colgar paquetes envueltos y para la reparaci\u00f3n en la tienda de paquetes da\u00f1ados.<\/span><\/li>\n<li><span lang=\"pt\" xml:lang=\"pt\">Con un soporte de poli\u00e9ster transparente, resistente a la abrasi\u00f3n, a las rajas y a los desgarros, mientras permite que una copia importante del embalaje y de los gr\u00e1ficos se muestre a trav\u00e9s de ella<\/span><\/li>\n<li>Los pads transparentes no oscurecen los gr\u00e1ficos del embalaje.<\/li>\n<li>Precortado, formato flexible para conveniencia y f\u00e1cil uso.<\/li>\n<li>Respaldo fuerte de poli\u00e9ster que resiste la abrasi\u00f3n, tirones y cortes.<\/li>\n<li>Adhesivo de caucho resina hot melt agresivo que se une a una variedad de superficies, incluyendo embalajes envueltos.<\/li>\n<li>Perfecto para uso en alimentos, papeler\u00edas, industria en general, tiendas, farmacias, departamentos comerciales, hogar y jardines.<\/li>\n<li>Embalaje, fijaci\u00f3n, reparaci\u00f3n, exhibici\u00f3n y colgado.<\/li>\n<\/ul>\n<h4><strong>Productos Relacionados<\/strong><\/h4>\n<ul>\n<li><a href=\"https:\/\/distribuidor-cintas-adhesivas.es\/producto\/3m-colgadores-adhesivos-scotchpad-2\/\">1075<\/a><\/li>\n<li><a href=\"https:\/\/distribuidor-cintas-adhesivas.es\/producto\/3m-colgadores-adhesivos-scotchpad-3\/\">1074<\/a><\/li>\n<\/ul>\n<p>&nbsp;<\/p>\n<div class=\"notranslate\" style=\"all: initial;\"><\/div>\n","protected":false},"excerpt":{"rendered":"<p>Las 3M\u2122 Perchas Adhesivos ScotchPad\u2122 Hang Tab 1076 de , permite ver los gr\u00e1ficos del embalaje. Se une a la gran mayor\u00eda de superficies de productos o embalajes para aplicaciones de exhibici\u00f3n en los lineales de venta de las tiendas. Los colgadores adhesivos Bl\u00edster incluyen una pel\u00edcula de poli\u00e9ster orientada de forma biaxial con un [&hellip;]<\/p>\n","protected":false},"featured_media":1593,"template":"","meta":{"site-sidebar-layout":"default","site-content-layout":"","ast-site-content-layout":"default","site-content-style":"default","site-sidebar-style":"default","ast-global-header-display":"","ast-banner-title-visibility":"","ast-main-header-display":"","ast-hfb-above-header-display":"","ast-hfb-below-header-display":"","ast-hfb-mobile-header-display":"","site-post-title":"","ast-breadcrumbs-content":"","ast-featured-img":"","footer-sml-layout":"","ast-disable-related-posts":"","theme-transparent-header-meta":"","adv-header-id-meta":"","stick-header-meta":"","header-above-stick-meta":"","header-main-stick-meta":"","header-below-stick-meta":"","astra-migrate-meta-layouts":"default","ast-page-background-enabled":"default","ast-page-background-meta":{"desktop":{"background-color":"","background-image":"","background-repeat":"repeat","background-position":"center center","background-size":"auto","background-attachment":"scroll","background-type":"","background-media":"","overlay-type":"","overlay-color":"","overlay-opacity":"","overlay-gradient":""},"tablet":{"background-color":"","background-image":"","background-repeat":"repeat","background-position":"center center","background-size":"auto","background-attachment":"scroll","background-type":"","background-media":"","overlay-type":"","overlay-color":"","overlay-opacity":"","overlay-gradient":""},"mobile":{"background-color":"","background-image":"","background-repeat":"repeat","background-position":"center center","background-size":"auto","background-attachment":"scroll","background-type":"","background-media":"","overlay-type":"","overlay-color":"","overlay-opacity":"","overlay-gradient":""}},"ast-content-background-meta":{"desktop":{"background-color":"var(--ast-global-color-5)","background-image":"","background-repeat":"repeat","background-position":"center center","background-size":"auto","background-attachment":"scroll","background-type":"","background-media":"","overlay-type":"","overlay-color":"","overlay-opacity":"","overlay-gradient":""},"tablet":{"background-color":"var(--ast-global-color-5)","background-image":"","background-repeat":"repeat","background-position":"center center","background-size":"auto","background-attachment":"scroll","background-type":"","background-media":"","overlay-type":"","overlay-color":"","overlay-opacity":"","overlay-gradient":""},"mobile":{"background-color":"var(--ast-global-color-5)","background-image":"","background-repeat":"repeat","background-position":"center center","background-size":"auto","background-attachment":"scroll","background-type":"","background-media":"","overlay-type":"","overlay-color":"","overlay-opacity":"","overlay-gradient":""}}},"product_brand":[],"product_cat":[968],"product_tag":[1582,1637,1583,1584,1585,1638,1565,1563,1566,1564,1567],"class_list":{"0":"post-3315","1":"product","2":"type-product","3":"status-publish","4":"has-post-thumbnail","6":"product_cat-solutions-demballage","7":"product_tag-3m-1076-fr","8":"product_tag-3m-crochet-1076-fr","9":"product_tag-3m-crochets-1076-fr","10":"product_tag-3m-crochets-adhesifs-1076-fr","11":"product_tag-3m-crochets-adhesifs-scotchpad-hang-tab-1076-fr","12":"product_tag-crochet-1076-fr","13":"product_tag-crochets-adhesifs-fr","14":"product_tag-crochets-adheadhesifs-expedition-fr","15":"product_tag-crochets-adhesifs-presentation-fr","16":"product_tag-crochets-expedition-fr","17":"product_tag-perchas-exihibicion-fr","18":"desktop-align-center","19":"tablet-align-center","20":"mobile-align-center","22":"first","23":"instock","24":"shipping-taxable","25":"product-type-simple"},"yoast_head":"<!-- This site is optimized with the Yoast SEO Premium plugin v27.2 (Yoast SEO v27.2) - https:\/\/yoast.com\/product\/yoast-seo-premium-wordpress\/ -->\n<title>3M\u2122 Percha 1076<\/title>\n<meta name=\"description\" content=\"Perchas 1076 de 3M\u2122. Se unen a la gran mayor\u00eda de superficies de productos o embalajes para aplicaciones de exhibici\u00f3n en las tiendas.\" \/>\n<meta name=\"robots\" content=\"index, follow, max-snippet:-1, max-image-preview:large, max-video-preview:-1\" \/>\n<link rel=\"canonical\" href=\"https:\/\/distribuidor-cintas-adhesivas.es\/fr\/producto\/3m-perchas-1076\/\" \/>\n<meta property=\"og:locale\" content=\"fr_FR\" \/>\n<meta property=\"og:type\" content=\"article\" \/>\n<meta property=\"og:title\" content=\"3M\u2122 Perchas Adhesivas ScotchPad\u2122 Hang Tab 1076, Transparente\" \/>\n<meta property=\"og:description\" content=\"Perchas 1076 de 3M\u2122. Se unen a la gran mayor\u00eda de superficies de productos o embalajes para aplicaciones de exhibici\u00f3n en las tiendas.\" \/>\n<meta property=\"og:url\" content=\"https:\/\/distribuidor-cintas-adhesivas.es\/fr\/producto\/3m-perchas-1076\/\" \/>\n<meta property=\"og:site_name\" content=\"Distribuidor de cintas 3M, productos 3M, http:\/\/www.http:\/\/distribuidorcintas3m.es, Mejores ofertas en cintas\" \/>\n<meta property=\"article:modified_time\" content=\"2023-02-08T09:31:40+00:00\" \/>\n<meta property=\"og:image\" content=\"https:\/\/distribuidor-cintas-adhesivas.es\/wp-content\/uploads\/2021\/01\/3m-hang-tab-1076-a.jpg\" \/>\n\t<meta property=\"og:image:width\" content=\"1300\" \/>\n\t<meta property=\"og:image:height\" content=\"1205\" \/>\n\t<meta property=\"og:image:type\" content=\"image\/jpeg\" \/>\n<meta name=\"twitter:card\" content=\"summary_large_image\" \/>\n<meta name=\"twitter:label1\" content=\"Dur\u00e9e de lecture estim\u00e9e\" \/>\n\t<meta name=\"twitter:data1\" content=\"1 minute\" \/>\n<script type=\"application\/ld+json\" class=\"yoast-schema-graph\">{\"@context\":\"https:\/\/schema.org\",\"@graph\":[{\"@type\":\"WebPage\",\"@id\":\"https:\/\/distribuidor-cintas-adhesivas.es\/fr\/producto\/3m-perchas-1076\/\",\"url\":\"https:\/\/distribuidor-cintas-adhesivas.es\/fr\/producto\/3m-perchas-1076\/\",\"name\":\"3M\u2122 Percha 1076\",\"isPartOf\":{\"@id\":\"https:\/\/distribuidor-cintas-adhesivas.es\/fr\/#website\"},\"primaryImageOfPage\":{\"@id\":\"https:\/\/distribuidor-cintas-adhesivas.es\/fr\/producto\/3m-perchas-1076\/#primaryimage\"},\"image\":{\"@id\":\"https:\/\/distribuidor-cintas-adhesivas.es\/fr\/producto\/3m-perchas-1076\/#primaryimage\"},\"thumbnailUrl\":\"https:\/\/distribuidor-cintas-adhesivas.es\/wp-content\/uploads\/2021\/01\/3m-hang-tab-1076-a.jpg\",\"datePublished\":\"2021-01-14T11:50:36+00:00\",\"dateModified\":\"2023-02-08T09:31:40+00:00\",\"description\":\"Perchas 1076 de 3M\u2122. Se unen a la gran mayor\u00eda de superficies de productos o embalajes para aplicaciones de exhibici\u00f3n en las tiendas.\",\"breadcrumb\":{\"@id\":\"https:\/\/distribuidor-cintas-adhesivas.es\/fr\/producto\/3m-perchas-1076\/#breadcrumb\"},\"inLanguage\":\"fr-FR\",\"potentialAction\":[{\"@type\":\"ReadAction\",\"target\":[\"https:\/\/distribuidor-cintas-adhesivas.es\/fr\/producto\/3m-perchas-1076\/\"]}]},{\"@type\":\"ImageObject\",\"inLanguage\":\"fr-FR\",\"@id\":\"https:\/\/distribuidor-cintas-adhesivas.es\/fr\/producto\/3m-perchas-1076\/#primaryimage\",\"url\":\"https:\/\/distribuidor-cintas-adhesivas.es\/wp-content\/uploads\/2021\/01\/3m-hang-tab-1076-a.jpg\",\"contentUrl\":\"https:\/\/distribuidor-cintas-adhesivas.es\/wp-content\/uploads\/2021\/01\/3m-hang-tab-1076-a.jpg\",\"width\":1300,\"height\":1205,\"caption\":\"3M\u2122 Colgadores Adhesivos ScotchPad\u2122. Se une a la gran mayor\u00eda de superficies de productos o embalajes para aplicaciones de exhibici\u00f3n en las tiendas.\"},{\"@type\":\"BreadcrumbList\",\"@id\":\"https:\/\/distribuidor-cintas-adhesivas.es\/fr\/producto\/3m-perchas-1076\/#breadcrumb\",\"itemListElement\":[{\"@type\":\"ListItem\",\"position\":1,\"name\":\"Portada\",\"item\":\"https:\/\/distribuidor-cintas-adhesivas.es\/fr\/\"},{\"@type\":\"ListItem\",\"position\":2,\"name\":\"Produits\",\"item\":\"https:\/\/distribuidor-cintas-adhesivas.es\/shop\/\"},{\"@type\":\"ListItem\",\"position\":3,\"name\":\"3M\u2122 Perchas Adhesivas ScotchPad\u2122 Hang Tab 1076, Transparente\"}]},{\"@type\":\"WebSite\",\"@id\":\"https:\/\/distribuidor-cintas-adhesivas.es\/fr\/#website\",\"url\":\"https:\/\/distribuidor-cintas-adhesivas.es\/fr\/\",\"name\":\"Distribuidor de cintas 3M\",\"description\":\"Distribuidor de cintas 3M, productos 3M, cinta adhesiva, 3M cinta doble cara, adhesivos 3M, cinta antideslizante, velcro 3M, cinta reflectante, 3m scotch, selladores de tuber\u00edas, formadores de juntas, retenedores, cianocrilatos reforzados con caucho, cianocrilatos ultrar\u00e1pidos, cianocrilatos para plasticos y caucho, cianocrilatos generales, cianocrilatos con poco olor, cianocrilatos para metales, adhesivos en aerosol, selladores y adhesivos, cintas de aluminio, cintas de vinilo para se\u00f1alizaci\u00f3n, cintas de tela americanas, cintas de papel para enmascarar, cintas para embalaje\",\"publisher\":{\"@id\":\"https:\/\/distribuidor-cintas-adhesivas.es\/fr\/#organization\"},\"potentialAction\":[{\"@type\":\"SearchAction\",\"target\":{\"@type\":\"EntryPoint\",\"urlTemplate\":\"https:\/\/distribuidor-cintas-adhesivas.es\/fr\/?s={search_term_string}\"},\"query-input\":{\"@type\":\"PropertyValueSpecification\",\"valueRequired\":true,\"valueName\":\"search_term_string\"}}],\"inLanguage\":\"fr-FR\"},{\"@type\":\"Organization\",\"@id\":\"https:\/\/distribuidor-cintas-adhesivas.es\/fr\/#organization\",\"name\":\"Distribuidor de cintas 3M\",\"url\":\"https:\/\/distribuidor-cintas-adhesivas.es\/fr\/\",\"logo\":{\"@type\":\"ImageObject\",\"inLanguage\":\"fr-FR\",\"@id\":\"https:\/\/distribuidor-cintas-adhesivas.es\/fr\/#\/schema\/logo\/image\/\",\"url\":\"https:\/\/distribuidor-cintas-adhesivas.es\/wp-content\/uploads\/2022\/10\/logo-espanol-portugues.png\",\"contentUrl\":\"https:\/\/distribuidor-cintas-adhesivas.es\/wp-content\/uploads\/2022\/10\/logo-espanol-portugues.png\",\"width\":739,\"height\":150,\"caption\":\"Distribuidor de cintas 3M\"},\"image\":{\"@id\":\"https:\/\/distribuidor-cintas-adhesivas.es\/fr\/#\/schema\/logo\/image\/\"},\"sameAs\":[\"https:\/\/distribuidorcintastesa.es\",\"https:\/\/solbi-mural.com\/es\/\",\"https:\/\/muralsrd.com\/\",\"https:\/\/www.instagram.com\/solbimural\/?igsh=ZnR6ZmkzZm1ubWhl\"]}]}<\/script>\n<!-- \/ Yoast SEO Premium plugin. -->","yoast_head_json":{"title":"3M\u2122 Percha 1076","description":"Perchas 1076 de 3M\u2122. Se unen a la gran mayor\u00eda de superficies de productos o embalajes para aplicaciones de exhibici\u00f3n en las tiendas.","robots":{"index":"index","follow":"follow","max-snippet":"max-snippet:-1","max-image-preview":"max-image-preview:large","max-video-preview":"max-video-preview:-1"},"canonical":"https:\/\/distribuidor-cintas-adhesivas.es\/fr\/producto\/3m-perchas-1076\/","og_locale":"fr_FR","og_type":"article","og_title":"3M\u2122 Perchas Adhesivas ScotchPad\u2122 Hang Tab 1076, Transparente","og_description":"Perchas 1076 de 3M\u2122. Se unen a la gran mayor\u00eda de superficies de productos o embalajes para aplicaciones de exhibici\u00f3n en las tiendas.","og_url":"https:\/\/distribuidor-cintas-adhesivas.es\/fr\/producto\/3m-perchas-1076\/","og_site_name":"Distribuidor de cintas 3M, productos 3M, http:\/\/www.http:\/\/distribuidorcintas3m.es, Mejores ofertas en cintas","article_modified_time":"2023-02-08T09:31:40+00:00","og_image":[{"width":1300,"height":1205,"url":"https:\/\/distribuidor-cintas-adhesivas.es\/wp-content\/uploads\/2021\/01\/3m-hang-tab-1076-a.jpg","type":"image\/jpeg"}],"twitter_card":"summary_large_image","twitter_misc":{"Dur\u00e9e de lecture estim\u00e9e":"1 minute"},"schema":{"@context":"https:\/\/schema.org","@graph":[{"@type":"WebPage","@id":"https:\/\/distribuidor-cintas-adhesivas.es\/fr\/producto\/3m-perchas-1076\/","url":"https:\/\/distribuidor-cintas-adhesivas.es\/fr\/producto\/3m-perchas-1076\/","name":"3M\u2122 Percha 1076","isPartOf":{"@id":"https:\/\/distribuidor-cintas-adhesivas.es\/fr\/#website"},"primaryImageOfPage":{"@id":"https:\/\/distribuidor-cintas-adhesivas.es\/fr\/producto\/3m-perchas-1076\/#primaryimage"},"image":{"@id":"https:\/\/distribuidor-cintas-adhesivas.es\/fr\/producto\/3m-perchas-1076\/#primaryimage"},"thumbnailUrl":"https:\/\/distribuidor-cintas-adhesivas.es\/wp-content\/uploads\/2021\/01\/3m-hang-tab-1076-a.jpg","datePublished":"2021-01-14T11:50:36+00:00","dateModified":"2023-02-08T09:31:40+00:00","description":"Perchas 1076 de 3M\u2122. Se unen a la gran mayor\u00eda de superficies de productos o embalajes para aplicaciones de exhibici\u00f3n en las tiendas.","breadcrumb":{"@id":"https:\/\/distribuidor-cintas-adhesivas.es\/fr\/producto\/3m-perchas-1076\/#breadcrumb"},"inLanguage":"fr-FR","potentialAction":[{"@type":"ReadAction","target":["https:\/\/distribuidor-cintas-adhesivas.es\/fr\/producto\/3m-perchas-1076\/"]}]},{"@type":"ImageObject","inLanguage":"fr-FR","@id":"https:\/\/distribuidor-cintas-adhesivas.es\/fr\/producto\/3m-perchas-1076\/#primaryimage","url":"https:\/\/distribuidor-cintas-adhesivas.es\/wp-content\/uploads\/2021\/01\/3m-hang-tab-1076-a.jpg","contentUrl":"https:\/\/distribuidor-cintas-adhesivas.es\/wp-content\/uploads\/2021\/01\/3m-hang-tab-1076-a.jpg","width":1300,"height":1205,"caption":"3M\u2122 Colgadores Adhesivos ScotchPad\u2122. Se une a la gran mayor\u00eda de superficies de productos o embalajes para aplicaciones de exhibici\u00f3n en las tiendas."},{"@type":"BreadcrumbList","@id":"https:\/\/distribuidor-cintas-adhesivas.es\/fr\/producto\/3m-perchas-1076\/#breadcrumb","itemListElement":[{"@type":"ListItem","position":1,"name":"Portada","item":"https:\/\/distribuidor-cintas-adhesivas.es\/fr\/"},{"@type":"ListItem","position":2,"name":"Produits","item":"https:\/\/distribuidor-cintas-adhesivas.es\/shop\/"},{"@type":"ListItem","position":3,"name":"3M\u2122 Perchas Adhesivas ScotchPad\u2122 Hang Tab 1076, Transparente"}]},{"@type":"WebSite","@id":"https:\/\/distribuidor-cintas-adhesivas.es\/fr\/#website","url":"https:\/\/distribuidor-cintas-adhesivas.es\/fr\/","name":"Distribuidor de cintas 3M","description":"Distribuidor de cintas 3M, productos 3M, cinta adhesiva, 3M cinta doble cara, adhesivos 3M, cinta antideslizante, velcro 3M, cinta reflectante, 3m scotch, selladores de tuber\u00edas, formadores de juntas, retenedores, cianocrilatos reforzados con caucho, cianocrilatos ultrar\u00e1pidos, cianocrilatos para plasticos y caucho, cianocrilatos generales, cianocrilatos con poco olor, cianocrilatos para metales, adhesivos en aerosol, selladores y adhesivos, cintas de aluminio, cintas de vinilo para se\u00f1alizaci\u00f3n, cintas de tela americanas, cintas de papel para enmascarar, cintas para embalaje","publisher":{"@id":"https:\/\/distribuidor-cintas-adhesivas.es\/fr\/#organization"},"potentialAction":[{"@type":"SearchAction","target":{"@type":"EntryPoint","urlTemplate":"https:\/\/distribuidor-cintas-adhesivas.es\/fr\/?s={search_term_string}"},"query-input":{"@type":"PropertyValueSpecification","valueRequired":true,"valueName":"search_term_string"}}],"inLanguage":"fr-FR"},{"@type":"Organization","@id":"https:\/\/distribuidor-cintas-adhesivas.es\/fr\/#organization","name":"Distribuidor de cintas 3M","url":"https:\/\/distribuidor-cintas-adhesivas.es\/fr\/","logo":{"@type":"ImageObject","inLanguage":"fr-FR","@id":"https:\/\/distribuidor-cintas-adhesivas.es\/fr\/#\/schema\/logo\/image\/","url":"https:\/\/distribuidor-cintas-adhesivas.es\/wp-content\/uploads\/2022\/10\/logo-espanol-portugues.png","contentUrl":"https:\/\/distribuidor-cintas-adhesivas.es\/wp-content\/uploads\/2022\/10\/logo-espanol-portugues.png","width":739,"height":150,"caption":"Distribuidor de cintas 3M"},"image":{"@id":"https:\/\/distribuidor-cintas-adhesivas.es\/fr\/#\/schema\/logo\/image\/"},"sameAs":["https:\/\/distribuidorcintastesa.es","https:\/\/solbi-mural.com\/es\/","https:\/\/muralsrd.com\/","https:\/\/www.instagram.com\/solbimural\/?igsh=ZnR6ZmkzZm1ubWhl"]}]}},"_links":{"self":[{"href":"https:\/\/distribuidor-cintas-adhesivas.es\/fr\/wp-json\/wp\/v2\/product\/3315","targetHints":{"allow":["GET"]}}],"collection":[{"href":"https:\/\/distribuidor-cintas-adhesivas.es\/fr\/wp-json\/wp\/v2\/product"}],"about":[{"href":"https:\/\/distribuidor-cintas-adhesivas.es\/fr\/wp-json\/wp\/v2\/types\/product"}],"wp:featuredmedia":[{"embeddable":true,"href":"https:\/\/distribuidor-cintas-adhesivas.es\/fr\/wp-json\/wp\/v2\/media\/1593"}],"wp:attachment":[{"href":"https:\/\/distribuidor-cintas-adhesivas.es\/fr\/wp-json\/wp\/v2\/media?parent=3315"}],"wp:term":[{"taxonomy":"product_brand","embeddable":true,"href":"https:\/\/distribuidor-cintas-adhesivas.es\/fr\/wp-json\/wp\/v2\/product_brand?post=3315"},{"taxonomy":"product_cat","embeddable":true,"href":"https:\/\/distribuidor-cintas-adhesivas.es\/fr\/wp-json\/wp\/v2\/product_cat?post=3315"},{"taxonomy":"product_tag","embeddable":true,"href":"https:\/\/distribuidor-cintas-adhesivas.es\/fr\/wp-json\/wp\/v2\/product_tag?post=3315"}],"curies":[{"name":"wp","href":"https:\/\/api.w.org\/{rel}","templated":true}]}}