{"id":3422,"date":"2020-11-16T22:53:33","date_gmt":"2020-11-16T22:53:33","guid":{"rendered":"https:\/\/distribuidor-cintas-adhesivas.es\/producto\/3m-4411\/"},"modified":"2023-02-08T11:49:42","modified_gmt":"2023-02-08T11:49:42","slug":"3m-4411","status":"publish","type":"product","link":"https:\/\/distribuidor-cintas-adhesivas.es\/fr\/producto\/3m-4411\/","title":{"rendered":"3M\u2122 Cinta Selladora 4411N"},"content":{"rendered":"<p>Cinta selladora adhesiva 3M 4411 de una cara acr\u00edlica son muy conformables, su soporte es una l\u00e1mina ionom\u00e9rica de altas prestaciones. Est\u00e1 dise\u00f1ada para ofrecer un sellado profesional sobre una junta, corte o grieta ya existente expuestos a luz solar directa, as\u00ed como a temperaturas o condiciones de humedad extremas.<\/p>\n<h4><strong><a href=\"https:\/\/solbi-mural.com\/es\/cintas-adhesivas-una-cara\/656-628-3m-cinta-selladora-4411b-rollo-de-33m-x-50mm.html\">Compra on-line 3M 4411<\/a><\/strong><\/h4>\n<h4><strong>Caracter\u00edsticas<\/strong><\/h4>\n<ul>\n<li>No requiere tiempo de curado.<\/li>\n<li>Sistema limpio y ordenando.<\/li>\n<li>Tiene excelentes propiedades de sellado y durabilidad en intemperie y exteriores.<\/li>\n<li>Uni\u00f3n consistente en espesor y ancho.<\/li>\n<li>Alto desempe\u00f1o en el sello y mayor rendimiento.<\/li>\n<li>Soporte que permite el rotulado.<\/li>\n<li>Adhesi\u00f3n a numerosas superficies sin tiempo de espera, goteo, rezume y sin necesidad de limpiar.<\/li>\n<li>No se craquela.<\/li>\n<li>Disponible en color negro y transparente.<\/li>\n<\/ul>\n<h4><strong>Propiedades t\u00e9cnicas<\/strong><\/h4>\n<ul>\n<li>Espesor soporte: 0&rsquo;05 mm<\/li>\n<li>Longitud: 33 m<\/li>\n<li>Grosor: 50 mm<\/li>\n<li>Resistencia a la tracci\u00f3n [kPa]: 87<\/li>\n<li>Resistencia a temperatura (corto plazo): 150 \u00baC<\/li>\n<li>Resistencia a temperatura (largo plazo): 90 \u00baC<\/li>\n<li>Temperatura de funcionamiento m\u00ednima\/m\u00e1xima: 4 \u00baC &#8211; 38 \u00baC<\/li>\n<li>Tipo de adhesivo: acr\u00edlico<\/li>\n<\/ul>\n<h4><strong>Aplicaciones recomendadas<\/strong><\/h4>\n<ul>\n<li>Tareas de sellado complicado, como juntas, penetraciones o cierres.<\/li>\n<li>Sellado de techos de remolques y camiones.<\/li>\n<li>Sellado de tragaluces.<\/li>\n<li>Sellado de molduras en tejados.<\/li>\n<li>Sellado de ventanas y puertas.<\/li>\n<\/ul>\n<h4><strong>Productos relacionados<\/strong><\/h4>\n<ul>\n<li class=\"h1\">3M\u2122 Cinta Selladora 8067E<\/li>\n<li>3M\u2122 Cinta Selladora 2228<\/li>\n<li>3M\u2122 Cinta Selladora 08475<\/li>\n<li>3M\u2122 Cinta Selladora 1226<\/li>\n<li>3M\u2122 Cinta Selladora 5413<\/li>\n<\/ul>\n<div class=\"notranslate\" style=\"all: initial;\"><\/div>\n","protected":false},"excerpt":{"rendered":"<p>Cinta selladora adhesiva 3M 4411 de una cara acr\u00edlica son muy conformables, su soporte es una l\u00e1mina ionom\u00e9rica de altas prestaciones. Est\u00e1 dise\u00f1ada para ofrecer un sellado profesional sobre una junta, corte o grieta ya existente expuestos a luz solar directa, as\u00ed como a temperaturas o condiciones de humedad extremas. Compra on-line 3M 4411 Caracter\u00edsticas [&hellip;]<\/p>\n","protected":false},"featured_media":3446,"template":"","meta":{"site-sidebar-layout":"default","site-content-layout":"","ast-site-content-layout":"default","site-content-style":"default","site-sidebar-style":"default","ast-global-header-display":"","ast-banner-title-visibility":"","ast-main-header-display":"","ast-hfb-above-header-display":"","ast-hfb-below-header-display":"","ast-hfb-mobile-header-display":"","site-post-title":"","ast-breadcrumbs-content":"","ast-featured-img":"","footer-sml-layout":"","ast-disable-related-posts":"","theme-transparent-header-meta":"","adv-header-id-meta":"","stick-header-meta":"","header-above-stick-meta":"","header-main-stick-meta":"","header-below-stick-meta":"","astra-migrate-meta-layouts":"default","ast-page-background-enabled":"default","ast-page-background-meta":{"desktop":{"background-color":"","background-image":"","background-repeat":"repeat","background-position":"center center","background-size":"auto","background-attachment":"scroll","background-type":"","background-media":"","overlay-type":"","overlay-color":"","overlay-opacity":"","overlay-gradient":""},"tablet":{"background-color":"","background-image":"","background-repeat":"repeat","background-position":"center center","background-size":"auto","background-attachment":"scroll","background-type":"","background-media":"","overlay-type":"","overlay-color":"","overlay-opacity":"","overlay-gradient":""},"mobile":{"background-color":"","background-image":"","background-repeat":"repeat","background-position":"center center","background-size":"auto","background-attachment":"scroll","background-type":"","background-media":"","overlay-type":"","overlay-color":"","overlay-opacity":"","overlay-gradient":""}},"ast-content-background-meta":{"desktop":{"background-color":"var(--ast-global-color-5)","background-image":"","background-repeat":"repeat","background-position":"center center","background-size":"auto","background-attachment":"scroll","background-type":"","background-media":"","overlay-type":"","overlay-color":"","overlay-opacity":"","overlay-gradient":""},"tablet":{"background-color":"var(--ast-global-color-5)","background-image":"","background-repeat":"repeat","background-position":"center center","background-size":"auto","background-attachment":"scroll","background-type":"","background-media":"","overlay-type":"","overlay-color":"","overlay-opacity":"","overlay-gradient":""},"mobile":{"background-color":"var(--ast-global-color-5)","background-image":"","background-repeat":"repeat","background-position":"center center","background-size":"auto","background-attachment":"scroll","background-type":"","background-media":"","overlay-type":"","overlay-color":"","overlay-opacity":"","overlay-gradient":""}}},"product_brand":[],"product_cat":[967],"product_tag":[1845,1846,1851,1847,1848,1849,1850,1852,1853,1854],"class_list":{"0":"post-3422","1":"product","2":"type-product","3":"status-publish","4":"has-post-thumbnail","6":"product_cat-produits-detancheite","7":"product_tag-3m-4411-fr","8":"product_tag-3m-4412-fr","9":"product_tag-3m-etancheite-extreme-fr","10":"product_tag-3m-ruban-4411-fr","11":"product_tag-3m-ruban-4412-fr","12":"product_tag-3m-ruban-etancheite-4411-fr","13":"product_tag-3m-ruban-etancheite-4412-fr","14":"product_tag-3m-scellement-multi-usage-fr","15":"product_tag-cinta-sellado-extremo-fr","16":"product_tag-cinta-sellado-multiusos-fr","17":"desktop-align-center","18":"tablet-align-center","19":"mobile-align-center","21":"first","22":"instock","23":"shipping-taxable","24":"product-type-simple"},"yoast_head":"<!-- This site is optimized with the Yoast SEO Premium plugin v27.2 (Yoast SEO v27.2) - https:\/\/yoast.com\/product\/yoast-seo-premium-wordpress\/ -->\n<title>3M 4411 - 3M\u2122 Cinta Selladora 4411N<\/title>\n<meta name=\"description\" content=\"Las cinta de 3M 4411 y 4412 est\u00e1n dise\u00f1ada para ofrecer un sellado profesional sobre una junta, corte o grieta. Soporte de l\u00e1mina ionom\u00e9rica.\" \/>\n<meta name=\"robots\" content=\"index, follow, max-snippet:-1, max-image-preview:large, max-video-preview:-1\" \/>\n<link rel=\"canonical\" href=\"https:\/\/distribuidor-cintas-adhesivas.es\/fr\/producto\/3m-4411\/\" \/>\n<meta property=\"og:locale\" content=\"fr_FR\" \/>\n<meta property=\"og:type\" content=\"article\" \/>\n<meta property=\"og:title\" content=\"3M\u2122 Cinta Selladora 4411N\" \/>\n<meta property=\"og:description\" content=\"Las cinta de 3M 4411 y 4412 est\u00e1n dise\u00f1ada para ofrecer un sellado profesional sobre una junta, corte o grieta. Soporte de l\u00e1mina ionom\u00e9rica.\" \/>\n<meta property=\"og:url\" content=\"https:\/\/distribuidor-cintas-adhesivas.es\/fr\/producto\/3m-4411\/\" \/>\n<meta property=\"og:site_name\" content=\"Distribuidor de cintas 3M, productos 3M, http:\/\/www.http:\/\/distribuidorcintas3m.es, Mejores ofertas en cintas\" \/>\n<meta property=\"article:modified_time\" content=\"2023-02-08T11:49:42+00:00\" \/>\n<meta property=\"og:image\" content=\"https:\/\/distribuidor-cintas-adhesivas.es\/wp-content\/uploads\/2020\/11\/2.jpg\" \/>\n\t<meta property=\"og:image:width\" content=\"2500\" \/>\n\t<meta property=\"og:image:height\" content=\"2500\" \/>\n\t<meta property=\"og:image:type\" content=\"image\/jpeg\" \/>\n<meta name=\"twitter:card\" content=\"summary_large_image\" \/>\n<meta name=\"twitter:label1\" content=\"Dur\u00e9e de lecture estim\u00e9e\" \/>\n\t<meta name=\"twitter:data1\" content=\"1 minute\" \/>\n<script type=\"application\/ld+json\" class=\"yoast-schema-graph\">{\"@context\":\"https:\/\/schema.org\",\"@graph\":[{\"@type\":\"WebPage\",\"@id\":\"https:\/\/distribuidor-cintas-adhesivas.es\/fr\/producto\/3m-4411\/\",\"url\":\"https:\/\/distribuidor-cintas-adhesivas.es\/fr\/producto\/3m-4411\/\",\"name\":\"3M 4411 - 3M\u2122 Cinta Selladora 4411N\",\"isPartOf\":{\"@id\":\"https:\/\/distribuidor-cintas-adhesivas.es\/fr\/#website\"},\"primaryImageOfPage\":{\"@id\":\"https:\/\/distribuidor-cintas-adhesivas.es\/fr\/producto\/3m-4411\/#primaryimage\"},\"image\":{\"@id\":\"https:\/\/distribuidor-cintas-adhesivas.es\/fr\/producto\/3m-4411\/#primaryimage\"},\"thumbnailUrl\":\"https:\/\/distribuidor-cintas-adhesivas.es\/wp-content\/uploads\/2020\/11\/2.jpg\",\"datePublished\":\"2020-11-16T22:53:33+00:00\",\"dateModified\":\"2023-02-08T11:49:42+00:00\",\"description\":\"Las cinta de 3M 4411 y 4412 est\u00e1n dise\u00f1ada para ofrecer un sellado profesional sobre una junta, corte o grieta. Soporte de l\u00e1mina ionom\u00e9rica.\",\"breadcrumb\":{\"@id\":\"https:\/\/distribuidor-cintas-adhesivas.es\/fr\/producto\/3m-4411\/#breadcrumb\"},\"inLanguage\":\"fr-FR\",\"potentialAction\":[{\"@type\":\"ReadAction\",\"target\":[\"https:\/\/distribuidor-cintas-adhesivas.es\/fr\/producto\/3m-4411\/\"]}]},{\"@type\":\"ImageObject\",\"inLanguage\":\"fr-FR\",\"@id\":\"https:\/\/distribuidor-cintas-adhesivas.es\/fr\/producto\/3m-4411\/#primaryimage\",\"url\":\"https:\/\/distribuidor-cintas-adhesivas.es\/wp-content\/uploads\/2020\/11\/2.jpg\",\"contentUrl\":\"https:\/\/distribuidor-cintas-adhesivas.es\/wp-content\/uploads\/2020\/11\/2.jpg\",\"width\":2500,\"height\":2500,\"caption\":\"Cinta selladora adhesiva 3M 4411 de una cara acr\u00edlica son muy conformables, su soporte es una l\u00e1mina ionom\u00e9rica de altas prestaciones. Est\u00e1 dise\u00f1ada para ofrecer un sellado profesional sobre una junta, corte o grieta ya existente expuestos a luz solar directa, as\u00ed como a temperaturas o condiciones de humedad extremas.\"},{\"@type\":\"BreadcrumbList\",\"@id\":\"https:\/\/distribuidor-cintas-adhesivas.es\/fr\/producto\/3m-4411\/#breadcrumb\",\"itemListElement\":[{\"@type\":\"ListItem\",\"position\":1,\"name\":\"Portada\",\"item\":\"https:\/\/distribuidor-cintas-adhesivas.es\/fr\/\"},{\"@type\":\"ListItem\",\"position\":2,\"name\":\"Produits\",\"item\":\"https:\/\/distribuidor-cintas-adhesivas.es\/shop\/\"},{\"@type\":\"ListItem\",\"position\":3,\"name\":\"3M\u2122 Cinta Selladora 4411N\"}]},{\"@type\":\"WebSite\",\"@id\":\"https:\/\/distribuidor-cintas-adhesivas.es\/fr\/#website\",\"url\":\"https:\/\/distribuidor-cintas-adhesivas.es\/fr\/\",\"name\":\"Distribuidor de cintas 3M\",\"description\":\"Distribuidor de cintas 3M, productos 3M, cinta adhesiva, 3M cinta doble cara, adhesivos 3M, cinta antideslizante, velcro 3M, cinta reflectante, 3m scotch, selladores de tuber\u00edas, formadores de juntas, retenedores, cianocrilatos reforzados con caucho, cianocrilatos ultrar\u00e1pidos, cianocrilatos para plasticos y caucho, cianocrilatos generales, cianocrilatos con poco olor, cianocrilatos para metales, adhesivos en aerosol, selladores y adhesivos, cintas de aluminio, cintas de vinilo para se\u00f1alizaci\u00f3n, cintas de tela americanas, cintas de papel para enmascarar, cintas para embalaje\",\"publisher\":{\"@id\":\"https:\/\/distribuidor-cintas-adhesivas.es\/fr\/#organization\"},\"potentialAction\":[{\"@type\":\"SearchAction\",\"target\":{\"@type\":\"EntryPoint\",\"urlTemplate\":\"https:\/\/distribuidor-cintas-adhesivas.es\/fr\/?s={search_term_string}\"},\"query-input\":{\"@type\":\"PropertyValueSpecification\",\"valueRequired\":true,\"valueName\":\"search_term_string\"}}],\"inLanguage\":\"fr-FR\"},{\"@type\":\"Organization\",\"@id\":\"https:\/\/distribuidor-cintas-adhesivas.es\/fr\/#organization\",\"name\":\"Distribuidor de cintas 3M\",\"url\":\"https:\/\/distribuidor-cintas-adhesivas.es\/fr\/\",\"logo\":{\"@type\":\"ImageObject\",\"inLanguage\":\"fr-FR\",\"@id\":\"https:\/\/distribuidor-cintas-adhesivas.es\/fr\/#\/schema\/logo\/image\/\",\"url\":\"https:\/\/distribuidor-cintas-adhesivas.es\/wp-content\/uploads\/2022\/10\/logo-espanol-portugues.png\",\"contentUrl\":\"https:\/\/distribuidor-cintas-adhesivas.es\/wp-content\/uploads\/2022\/10\/logo-espanol-portugues.png\",\"width\":739,\"height\":150,\"caption\":\"Distribuidor de cintas 3M\"},\"image\":{\"@id\":\"https:\/\/distribuidor-cintas-adhesivas.es\/fr\/#\/schema\/logo\/image\/\"},\"sameAs\":[\"https:\/\/distribuidorcintastesa.es\",\"https:\/\/solbi-mural.com\/es\/\",\"https:\/\/muralsrd.com\/\",\"https:\/\/www.instagram.com\/solbimural\/?igsh=ZnR6ZmkzZm1ubWhl\"]}]}<\/script>\n<!-- \/ Yoast SEO Premium plugin. -->","yoast_head_json":{"title":"3M 4411 - 3M\u2122 Cinta Selladora 4411N","description":"Las cinta de 3M 4411 y 4412 est\u00e1n dise\u00f1ada para ofrecer un sellado profesional sobre una junta, corte o grieta. Soporte de l\u00e1mina ionom\u00e9rica.","robots":{"index":"index","follow":"follow","max-snippet":"max-snippet:-1","max-image-preview":"max-image-preview:large","max-video-preview":"max-video-preview:-1"},"canonical":"https:\/\/distribuidor-cintas-adhesivas.es\/fr\/producto\/3m-4411\/","og_locale":"fr_FR","og_type":"article","og_title":"3M\u2122 Cinta Selladora 4411N","og_description":"Las cinta de 3M 4411 y 4412 est\u00e1n dise\u00f1ada para ofrecer un sellado profesional sobre una junta, corte o grieta. Soporte de l\u00e1mina ionom\u00e9rica.","og_url":"https:\/\/distribuidor-cintas-adhesivas.es\/fr\/producto\/3m-4411\/","og_site_name":"Distribuidor de cintas 3M, productos 3M, http:\/\/www.http:\/\/distribuidorcintas3m.es, Mejores ofertas en cintas","article_modified_time":"2023-02-08T11:49:42+00:00","og_image":[{"width":2500,"height":2500,"url":"https:\/\/distribuidor-cintas-adhesivas.es\/wp-content\/uploads\/2020\/11\/2.jpg","type":"image\/jpeg"}],"twitter_card":"summary_large_image","twitter_misc":{"Dur\u00e9e de lecture estim\u00e9e":"1 minute"},"schema":{"@context":"https:\/\/schema.org","@graph":[{"@type":"WebPage","@id":"https:\/\/distribuidor-cintas-adhesivas.es\/fr\/producto\/3m-4411\/","url":"https:\/\/distribuidor-cintas-adhesivas.es\/fr\/producto\/3m-4411\/","name":"3M 4411 - 3M\u2122 Cinta Selladora 4411N","isPartOf":{"@id":"https:\/\/distribuidor-cintas-adhesivas.es\/fr\/#website"},"primaryImageOfPage":{"@id":"https:\/\/distribuidor-cintas-adhesivas.es\/fr\/producto\/3m-4411\/#primaryimage"},"image":{"@id":"https:\/\/distribuidor-cintas-adhesivas.es\/fr\/producto\/3m-4411\/#primaryimage"},"thumbnailUrl":"https:\/\/distribuidor-cintas-adhesivas.es\/wp-content\/uploads\/2020\/11\/2.jpg","datePublished":"2020-11-16T22:53:33+00:00","dateModified":"2023-02-08T11:49:42+00:00","description":"Las cinta de 3M 4411 y 4412 est\u00e1n dise\u00f1ada para ofrecer un sellado profesional sobre una junta, corte o grieta. Soporte de l\u00e1mina ionom\u00e9rica.","breadcrumb":{"@id":"https:\/\/distribuidor-cintas-adhesivas.es\/fr\/producto\/3m-4411\/#breadcrumb"},"inLanguage":"fr-FR","potentialAction":[{"@type":"ReadAction","target":["https:\/\/distribuidor-cintas-adhesivas.es\/fr\/producto\/3m-4411\/"]}]},{"@type":"ImageObject","inLanguage":"fr-FR","@id":"https:\/\/distribuidor-cintas-adhesivas.es\/fr\/producto\/3m-4411\/#primaryimage","url":"https:\/\/distribuidor-cintas-adhesivas.es\/wp-content\/uploads\/2020\/11\/2.jpg","contentUrl":"https:\/\/distribuidor-cintas-adhesivas.es\/wp-content\/uploads\/2020\/11\/2.jpg","width":2500,"height":2500,"caption":"Cinta selladora adhesiva 3M 4411 de una cara acr\u00edlica son muy conformables, su soporte es una l\u00e1mina ionom\u00e9rica de altas prestaciones. Est\u00e1 dise\u00f1ada para ofrecer un sellado profesional sobre una junta, corte o grieta ya existente expuestos a luz solar directa, as\u00ed como a temperaturas o condiciones de humedad extremas."},{"@type":"BreadcrumbList","@id":"https:\/\/distribuidor-cintas-adhesivas.es\/fr\/producto\/3m-4411\/#breadcrumb","itemListElement":[{"@type":"ListItem","position":1,"name":"Portada","item":"https:\/\/distribuidor-cintas-adhesivas.es\/fr\/"},{"@type":"ListItem","position":2,"name":"Produits","item":"https:\/\/distribuidor-cintas-adhesivas.es\/shop\/"},{"@type":"ListItem","position":3,"name":"3M\u2122 Cinta Selladora 4411N"}]},{"@type":"WebSite","@id":"https:\/\/distribuidor-cintas-adhesivas.es\/fr\/#website","url":"https:\/\/distribuidor-cintas-adhesivas.es\/fr\/","name":"Distribuidor de cintas 3M","description":"Distribuidor de cintas 3M, productos 3M, cinta adhesiva, 3M cinta doble cara, adhesivos 3M, cinta antideslizante, velcro 3M, cinta reflectante, 3m scotch, selladores de tuber\u00edas, formadores de juntas, retenedores, cianocrilatos reforzados con caucho, cianocrilatos ultrar\u00e1pidos, cianocrilatos para plasticos y caucho, cianocrilatos generales, cianocrilatos con poco olor, cianocrilatos para metales, adhesivos en aerosol, selladores y adhesivos, cintas de aluminio, cintas de vinilo para se\u00f1alizaci\u00f3n, cintas de tela americanas, cintas de papel para enmascarar, cintas para embalaje","publisher":{"@id":"https:\/\/distribuidor-cintas-adhesivas.es\/fr\/#organization"},"potentialAction":[{"@type":"SearchAction","target":{"@type":"EntryPoint","urlTemplate":"https:\/\/distribuidor-cintas-adhesivas.es\/fr\/?s={search_term_string}"},"query-input":{"@type":"PropertyValueSpecification","valueRequired":true,"valueName":"search_term_string"}}],"inLanguage":"fr-FR"},{"@type":"Organization","@id":"https:\/\/distribuidor-cintas-adhesivas.es\/fr\/#organization","name":"Distribuidor de cintas 3M","url":"https:\/\/distribuidor-cintas-adhesivas.es\/fr\/","logo":{"@type":"ImageObject","inLanguage":"fr-FR","@id":"https:\/\/distribuidor-cintas-adhesivas.es\/fr\/#\/schema\/logo\/image\/","url":"https:\/\/distribuidor-cintas-adhesivas.es\/wp-content\/uploads\/2022\/10\/logo-espanol-portugues.png","contentUrl":"https:\/\/distribuidor-cintas-adhesivas.es\/wp-content\/uploads\/2022\/10\/logo-espanol-portugues.png","width":739,"height":150,"caption":"Distribuidor de cintas 3M"},"image":{"@id":"https:\/\/distribuidor-cintas-adhesivas.es\/fr\/#\/schema\/logo\/image\/"},"sameAs":["https:\/\/distribuidorcintastesa.es","https:\/\/solbi-mural.com\/es\/","https:\/\/muralsrd.com\/","https:\/\/www.instagram.com\/solbimural\/?igsh=ZnR6ZmkzZm1ubWhl"]}]}},"_links":{"self":[{"href":"https:\/\/distribuidor-cintas-adhesivas.es\/fr\/wp-json\/wp\/v2\/product\/3422","targetHints":{"allow":["GET"]}}],"collection":[{"href":"https:\/\/distribuidor-cintas-adhesivas.es\/fr\/wp-json\/wp\/v2\/product"}],"about":[{"href":"https:\/\/distribuidor-cintas-adhesivas.es\/fr\/wp-json\/wp\/v2\/types\/product"}],"wp:featuredmedia":[{"embeddable":true,"href":"https:\/\/distribuidor-cintas-adhesivas.es\/fr\/wp-json\/wp\/v2\/media\/3446"}],"wp:attachment":[{"href":"https:\/\/distribuidor-cintas-adhesivas.es\/fr\/wp-json\/wp\/v2\/media?parent=3422"}],"wp:term":[{"taxonomy":"product_brand","embeddable":true,"href":"https:\/\/distribuidor-cintas-adhesivas.es\/fr\/wp-json\/wp\/v2\/product_brand?post=3422"},{"taxonomy":"product_cat","embeddable":true,"href":"https:\/\/distribuidor-cintas-adhesivas.es\/fr\/wp-json\/wp\/v2\/product_cat?post=3422"},{"taxonomy":"product_tag","embeddable":true,"href":"https:\/\/distribuidor-cintas-adhesivas.es\/fr\/wp-json\/wp\/v2\/product_tag?post=3422"}],"curies":[{"name":"wp","href":"https:\/\/api.w.org\/{rel}","templated":true}]}}