{"id":3453,"date":"2020-11-16T22:41:30","date_gmt":"2020-11-16T22:41:30","guid":{"rendered":"https:\/\/distribuidor-cintas-adhesivas.es\/producto\/cinta-de-espuma-acrilica-vhb4991-gris\/"},"modified":"2023-02-09T09:29:11","modified_gmt":"2023-02-09T09:29:11","slug":"3m-4991","status":"publish","type":"product","link":"https:\/\/distribuidor-cintas-adhesivas.es\/fr\/producto\/3m-4991\/","title":{"rendered":"3M\u2122 VHB\u2122 Cinta de Espuma Acr\u00edlica 4991F"},"content":{"rendered":"<p>La cinta de 3M VHB 4991 est\u00e1 formada por espuma acr\u00edlica gris, de celda cerrada, con adhesivo acr\u00edlico en ambos lados, lo que le confiere poder adhesivo inmediato y alta resistencia al desprendimiento.<\/p>\n<h4><a href=\"https:\/\/solbi-mural.com\/es\/cintas-adhesivas-doble-cara\/87-69-3m-vhb-cinta-de-espuma-acrilica-4991f-rollo-de-55m-x-19mm-x-23mm-4054596308534.html\"><strong>Compra on-line 3M VHB 4991<\/strong><\/a><\/h4>\n<h4><strong>Caracter\u00edsticas<\/strong><\/h4>\n<ul>\n<li>Se recomienda para la uni\u00f3n de la mayor\u00eda de los materiales (acero inoxidable, aluminio, pl\u00e1sticos, acero galvanizado, acr\u00edlicos, ABS, policarbonato, madera pinta y hormig\u00f3n).<\/li>\n<li>Reemplaza tornillos, remaches, soldaduras, adhesivos l\u00edquidos y otros sujetadores mec\u00e1nicos permanentes.<\/li>\n<li>Suprime el uso de herramientas como taladro, atornillado, soldado y rectificado.<\/li>\n<li>Montaje de materiales compuestos, tales como: Alucobond, Reynobond, Alpolic, Fibrocemento y ACM.<\/li>\n<li>Montaje de l\u00e1minas met\u00e1licas.<\/li>\n<li>Viscoel\u00e1stica.<\/li>\n<li>Durabilidad a largo plazo.<\/li>\n<li>Uni\u00f3n permanente e invisible que hace que las superficies permanezcan lisas.<\/li>\n<li>Elevada absorci\u00f3n din\u00e1mica que minimiza la vibraci\u00f3n y la tensi\u00f3n por impacto.<\/li>\n<li>Gran resistencia a plastificantes.<\/li>\n<li>Pegado de piso, techo y laterales.<\/li>\n<\/ul>\n<h4><strong>Aplicaciones recomendadas<\/strong><\/h4>\n<ul>\n<li>Uni\u00f3n de ventanas de lentes con carcasas<\/li>\n<li class=\"sps2-pdp_details--highlights_item mds-font_paragraph\">Uni\u00f3n de paneles a marcos<\/li>\n<li>Uni\u00f3n de materiales decorativos, molduras, montajes<\/li>\n<li>Uni\u00f3n de pantallas electr\u00f3nicas<\/li>\n<li class=\"sps2-pdp_details--highlights_item mds-font_paragraph\">Uni\u00f3n de rigidizadores a paneles<\/li>\n<li class=\"sps2-pdp_details--highlights_item mds-font_paragraph\">Uni\u00f3n de placas, logotipos y se\u00f1ales<\/li>\n<\/ul>\n<h4><strong>Productos relacionados<\/strong><\/h4>\n<ul>\n<li><a href=\"https:\/\/solbi-mural.com\/es\/cintas-adhesivas-doble-cara\/107-81-3m-vhb-cinta-de-espuma-de-doble-cara-de-altas-prestaciones-4614-rollo-66m-x-9mm-x-08mm-4001895724916.html\">3M VHB 4614<\/a><\/li>\n<li><a href=\"https:\/\/solbi-mural.com\/es\/cintas-adhesivas-doble-cara\/100-79-3m-vhb-cinta-de-espuma-acrilica-5952f-rollo-de-137m-x-19mm-x-11mm-0051115255229.html\">3M VHB5952F<\/a><\/li>\n<li><a href=\"https:\/\/solbi-mural.com\/es\/cintas-adhesivas-doble-cara\/85-67-3m-vhb-cinta-de-espuma-acrilica-5962f-rollo-de-8m-x-19mm-x-16mm-4054596308602.html\">3M VHB 5962F<\/a><\/li>\n<li><a href=\"https:\/\/solbi-mural.com\/es\/cintas-adhesivas-doble-cara\/88-70-3m-vhb-cinta-de-espuma-acrilica-conformable-4941p-rollo-de-33m-x-19mm-x-11mm.html\">3M VHB4941P<\/a><\/li>\n<li><a href=\"https:\/\/solbi-mural.com\/es\/busqueda?controller=search&amp;s=GPH-060GF\">3M VHB GPH-060GF<\/a><\/li>\n<li><a href=\"https:\/\/solbi-mural.com\/es\/busqueda?controller=search&amp;s=GPH-110GF\">3M VHB GPH-110GF<\/a><\/li>\n<li><a href=\"https:\/\/solbi-mural.com\/es\/busqueda?controller=search&amp;s=GPH-160GF\">3M VHB GPH-160GF<\/a><\/li>\n<li><a href=\"https:\/\/solbi-mural.com\/es\/cintas-adhesivas-doble-cara\/471-504-3m-vhb-cinta-de-espuma-acrilica-rp25-rollo-de-33m-x-25mm-x-06mm-0051111922088.html\">3M VHB RP25<\/a><\/li>\n<li><a href=\"https:\/\/solbi-mural.com\/es\/cintas-adhesivas-doble-cara\/480-514-3m-vhb-cinta-de-espuma-acrilica-conformable-4941f-rollo-de-33m-x-19mm-x-11mm-0021200742545.html\">3M VHB 4941F<\/a><\/li>\n<li><a href=\"https:\/\/solbi-mural.com\/es\/cintas-adhesivas-doble-cara\/1789-2703-3m-vhb-cinta-doble-cara-transfer-9473pc-rollo-de-55-m-x-25-mm-x-026-mm.html\">3M VHB 9473PC<\/a><\/li>\n<\/ul>\n<h4><a href=\"https:\/\/distribuidor-cintas-adhesivas.es\/fr\/3m_vhb_ruban_mousse_acrylique_double_face\/\"><strong>M\u00e1s informaci\u00f3n<\/strong><\/a><\/h4>\n","protected":false},"excerpt":{"rendered":"<p>La cinta de 3M VHB 4991 est\u00e1 formada por espuma acr\u00edlica gris, de celda cerrada, con adhesivo acr\u00edlico en ambos lados, lo que le confiere poder adhesivo inmediato y alta resistencia al desprendimiento. Compra on-line 3M VHB 4991 Caracter\u00edsticas Se recomienda para la uni\u00f3n de la mayor\u00eda de los materiales (acero inoxidable, aluminio, pl\u00e1sticos, acero [&hellip;]<\/p>\n","protected":false},"featured_media":3418,"template":"","meta":{"site-sidebar-layout":"default","site-content-layout":"","ast-site-content-layout":"default","site-content-style":"default","site-sidebar-style":"default","ast-global-header-display":"","ast-banner-title-visibility":"","ast-main-header-display":"","ast-hfb-above-header-display":"","ast-hfb-below-header-display":"","ast-hfb-mobile-header-display":"","site-post-title":"","ast-breadcrumbs-content":"","ast-featured-img":"","footer-sml-layout":"","ast-disable-related-posts":"","theme-transparent-header-meta":"","adv-header-id-meta":"","stick-header-meta":"","header-above-stick-meta":"","header-main-stick-meta":"","header-below-stick-meta":"","astra-migrate-meta-layouts":"default","ast-page-background-enabled":"default","ast-page-background-meta":{"desktop":{"background-color":"","background-image":"","background-repeat":"repeat","background-position":"center center","background-size":"auto","background-attachment":"scroll","background-type":"","background-media":"","overlay-type":"","overlay-color":"","overlay-opacity":"","overlay-gradient":""},"tablet":{"background-color":"","background-image":"","background-repeat":"repeat","background-position":"center center","background-size":"auto","background-attachment":"scroll","background-type":"","background-media":"","overlay-type":"","overlay-color":"","overlay-opacity":"","overlay-gradient":""},"mobile":{"background-color":"","background-image":"","background-repeat":"repeat","background-position":"center center","background-size":"auto","background-attachment":"scroll","background-type":"","background-media":"","overlay-type":"","overlay-color":"","overlay-opacity":"","overlay-gradient":""}},"ast-content-background-meta":{"desktop":{"background-color":"var(--ast-global-color-5)","background-image":"","background-repeat":"repeat","background-position":"center center","background-size":"auto","background-attachment":"scroll","background-type":"","background-media":"","overlay-type":"","overlay-color":"","overlay-opacity":"","overlay-gradient":""},"tablet":{"background-color":"var(--ast-global-color-5)","background-image":"","background-repeat":"repeat","background-position":"center center","background-size":"auto","background-attachment":"scroll","background-type":"","background-media":"","overlay-type":"","overlay-color":"","overlay-opacity":"","overlay-gradient":""},"mobile":{"background-color":"var(--ast-global-color-5)","background-image":"","background-repeat":"repeat","background-position":"center center","background-size":"auto","background-attachment":"scroll","background-type":"","background-media":"","overlay-type":"","overlay-color":"","overlay-opacity":"","overlay-gradient":""}}},"product_brand":[],"product_cat":[953],"product_tag":[1883,1884,1885,1886,1887,1888,1890,1891,1889],"class_list":{"0":"post-3453","1":"product","2":"type-product","3":"status-publish","4":"has-post-thumbnail","6":"product_cat-rubans-vhb","7":"product_tag-3m-4991-fr","8":"product_tag-3m-double-face-ruban-fr","9":"product_tag-3m-ruban-vhb-fr","10":"product_tag-3m-vhb-fr","11":"product_tag-3m-vhb-4991-fr","12":"product_tag-3m-viscoelastique-fr","13":"product_tag-cinta-vhb-fr","14":"product_tag-cinta-viscoelastica-fr","15":"product_tag-ruban-double-face-fr","16":"desktop-align-center","17":"tablet-align-center","18":"mobile-align-center","20":"first","21":"instock","22":"shipping-taxable","23":"product-type-simple"},"yoast_head":"<!-- This site is optimized with the Yoast SEO Premium plugin v27.2 (Yoast SEO v27.2) - https:\/\/yoast.com\/product\/yoast-seo-premium-wordpress\/ -->\n<title>3M 4991 - 3M\u2122 VHB\u2122 Cinta de Espuma Acr\u00edlica 4991F<\/title>\n<meta name=\"description\" content=\"La cinta de 3M 4991 es un sustituto de aplicaciones mec\u00e1nicas. Se usa para aplicaciones de embellecedores, molduras y materiales decorativos.\" \/>\n<meta name=\"robots\" content=\"index, follow, max-snippet:-1, max-image-preview:large, max-video-preview:-1\" \/>\n<link rel=\"canonical\" href=\"https:\/\/distribuidor-cintas-adhesivas.es\/fr\/producto\/3m-4991\/\" \/>\n<meta property=\"og:locale\" content=\"fr_FR\" \/>\n<meta property=\"og:type\" content=\"article\" \/>\n<meta property=\"og:title\" content=\"3M\u2122 VHB\u2122 Cinta de Espuma Acr\u00edlica 4991F\" \/>\n<meta property=\"og:description\" content=\"La cinta de 3M 4991 es un sustituto de aplicaciones mec\u00e1nicas. Se usa para aplicaciones de embellecedores, molduras y materiales decorativos.\" \/>\n<meta property=\"og:url\" content=\"https:\/\/distribuidor-cintas-adhesivas.es\/fr\/producto\/3m-4991\/\" \/>\n<meta property=\"og:site_name\" content=\"Distribuidor de cintas 3M, productos 3M, http:\/\/www.http:\/\/distribuidorcintas3m.es, Mejores ofertas en cintas\" \/>\n<meta property=\"article:modified_time\" content=\"2023-02-09T09:29:11+00:00\" \/>\n<meta property=\"og:image\" content=\"https:\/\/distribuidor-cintas-adhesivas.es\/wp-content\/uploads\/2020\/11\/4991F-GREY.jpg\" \/>\n\t<meta property=\"og:image:width\" content=\"1463\" \/>\n\t<meta property=\"og:image:height\" content=\"1463\" \/>\n\t<meta property=\"og:image:type\" content=\"image\/jpeg\" \/>\n<meta name=\"twitter:card\" content=\"summary_large_image\" \/>\n<meta name=\"twitter:label1\" content=\"Dur\u00e9e de lecture estim\u00e9e\" \/>\n\t<meta name=\"twitter:data1\" content=\"1 minute\" \/>\n<script type=\"application\/ld+json\" class=\"yoast-schema-graph\">{\"@context\":\"https:\/\/schema.org\",\"@graph\":[{\"@type\":\"WebPage\",\"@id\":\"https:\/\/distribuidor-cintas-adhesivas.es\/fr\/producto\/3m-4991\/\",\"url\":\"https:\/\/distribuidor-cintas-adhesivas.es\/fr\/producto\/3m-4991\/\",\"name\":\"3M 4991 - 3M\u2122 VHB\u2122 Cinta de Espuma Acr\u00edlica 4991F\",\"isPartOf\":{\"@id\":\"https:\/\/distribuidor-cintas-adhesivas.es\/fr\/#website\"},\"primaryImageOfPage\":{\"@id\":\"https:\/\/distribuidor-cintas-adhesivas.es\/fr\/producto\/3m-4991\/#primaryimage\"},\"image\":{\"@id\":\"https:\/\/distribuidor-cintas-adhesivas.es\/fr\/producto\/3m-4991\/#primaryimage\"},\"thumbnailUrl\":\"https:\/\/distribuidor-cintas-adhesivas.es\/wp-content\/uploads\/2020\/11\/4991F-GREY.jpg\",\"datePublished\":\"2020-11-16T22:41:30+00:00\",\"dateModified\":\"2023-02-09T09:29:11+00:00\",\"description\":\"La cinta de 3M 4991 es un sustituto de aplicaciones mec\u00e1nicas. Se usa para aplicaciones de embellecedores, molduras y materiales decorativos.\",\"breadcrumb\":{\"@id\":\"https:\/\/distribuidor-cintas-adhesivas.es\/fr\/producto\/3m-4991\/#breadcrumb\"},\"inLanguage\":\"fr-FR\",\"potentialAction\":[{\"@type\":\"ReadAction\",\"target\":[\"https:\/\/distribuidor-cintas-adhesivas.es\/fr\/producto\/3m-4991\/\"]}]},{\"@type\":\"ImageObject\",\"inLanguage\":\"fr-FR\",\"@id\":\"https:\/\/distribuidor-cintas-adhesivas.es\/fr\/producto\/3m-4991\/#primaryimage\",\"url\":\"https:\/\/distribuidor-cintas-adhesivas.es\/wp-content\/uploads\/2020\/11\/4991F-GREY.jpg\",\"contentUrl\":\"https:\/\/distribuidor-cintas-adhesivas.es\/wp-content\/uploads\/2020\/11\/4991F-GREY.jpg\",\"width\":1463,\"height\":1463},{\"@type\":\"BreadcrumbList\",\"@id\":\"https:\/\/distribuidor-cintas-adhesivas.es\/fr\/producto\/3m-4991\/#breadcrumb\",\"itemListElement\":[{\"@type\":\"ListItem\",\"position\":1,\"name\":\"Portada\",\"item\":\"https:\/\/distribuidor-cintas-adhesivas.es\/fr\/\"},{\"@type\":\"ListItem\",\"position\":2,\"name\":\"Produits\",\"item\":\"https:\/\/distribuidor-cintas-adhesivas.es\/shop\/\"},{\"@type\":\"ListItem\",\"position\":3,\"name\":\"3M\u2122 VHB\u2122 Cinta de Espuma Acr\u00edlica 4991F\"}]},{\"@type\":\"WebSite\",\"@id\":\"https:\/\/distribuidor-cintas-adhesivas.es\/fr\/#website\",\"url\":\"https:\/\/distribuidor-cintas-adhesivas.es\/fr\/\",\"name\":\"Distribuidor de cintas 3M\",\"description\":\"Distribuidor de cintas 3M, productos 3M, cinta adhesiva, 3M cinta doble cara, adhesivos 3M, cinta antideslizante, velcro 3M, cinta reflectante, 3m scotch, selladores de tuber\u00edas, formadores de juntas, retenedores, cianocrilatos reforzados con caucho, cianocrilatos ultrar\u00e1pidos, cianocrilatos para plasticos y caucho, cianocrilatos generales, cianocrilatos con poco olor, cianocrilatos para metales, adhesivos en aerosol, selladores y adhesivos, cintas de aluminio, cintas de vinilo para se\u00f1alizaci\u00f3n, cintas de tela americanas, cintas de papel para enmascarar, cintas para embalaje\",\"publisher\":{\"@id\":\"https:\/\/distribuidor-cintas-adhesivas.es\/fr\/#organization\"},\"potentialAction\":[{\"@type\":\"SearchAction\",\"target\":{\"@type\":\"EntryPoint\",\"urlTemplate\":\"https:\/\/distribuidor-cintas-adhesivas.es\/fr\/?s={search_term_string}\"},\"query-input\":{\"@type\":\"PropertyValueSpecification\",\"valueRequired\":true,\"valueName\":\"search_term_string\"}}],\"inLanguage\":\"fr-FR\"},{\"@type\":\"Organization\",\"@id\":\"https:\/\/distribuidor-cintas-adhesivas.es\/fr\/#organization\",\"name\":\"Distribuidor de cintas 3M\",\"url\":\"https:\/\/distribuidor-cintas-adhesivas.es\/fr\/\",\"logo\":{\"@type\":\"ImageObject\",\"inLanguage\":\"fr-FR\",\"@id\":\"https:\/\/distribuidor-cintas-adhesivas.es\/fr\/#\/schema\/logo\/image\/\",\"url\":\"https:\/\/distribuidor-cintas-adhesivas.es\/wp-content\/uploads\/2022\/10\/logo-espanol-portugues.png\",\"contentUrl\":\"https:\/\/distribuidor-cintas-adhesivas.es\/wp-content\/uploads\/2022\/10\/logo-espanol-portugues.png\",\"width\":739,\"height\":150,\"caption\":\"Distribuidor de cintas 3M\"},\"image\":{\"@id\":\"https:\/\/distribuidor-cintas-adhesivas.es\/fr\/#\/schema\/logo\/image\/\"},\"sameAs\":[\"https:\/\/distribuidorcintastesa.es\",\"https:\/\/solbi-mural.com\/es\/\",\"https:\/\/muralsrd.com\/\",\"https:\/\/www.instagram.com\/solbimural\/?igsh=ZnR6ZmkzZm1ubWhl\"]}]}<\/script>\n<!-- \/ Yoast SEO Premium plugin. -->","yoast_head_json":{"title":"3M 4991 - 3M\u2122 VHB\u2122 Cinta de Espuma Acr\u00edlica 4991F","description":"La cinta de 3M 4991 es un sustituto de aplicaciones mec\u00e1nicas. Se usa para aplicaciones de embellecedores, molduras y materiales decorativos.","robots":{"index":"index","follow":"follow","max-snippet":"max-snippet:-1","max-image-preview":"max-image-preview:large","max-video-preview":"max-video-preview:-1"},"canonical":"https:\/\/distribuidor-cintas-adhesivas.es\/fr\/producto\/3m-4991\/","og_locale":"fr_FR","og_type":"article","og_title":"3M\u2122 VHB\u2122 Cinta de Espuma Acr\u00edlica 4991F","og_description":"La cinta de 3M 4991 es un sustituto de aplicaciones mec\u00e1nicas. Se usa para aplicaciones de embellecedores, molduras y materiales decorativos.","og_url":"https:\/\/distribuidor-cintas-adhesivas.es\/fr\/producto\/3m-4991\/","og_site_name":"Distribuidor de cintas 3M, productos 3M, http:\/\/www.http:\/\/distribuidorcintas3m.es, Mejores ofertas en cintas","article_modified_time":"2023-02-09T09:29:11+00:00","og_image":[{"width":1463,"height":1463,"url":"https:\/\/distribuidor-cintas-adhesivas.es\/wp-content\/uploads\/2020\/11\/4991F-GREY.jpg","type":"image\/jpeg"}],"twitter_card":"summary_large_image","twitter_misc":{"Dur\u00e9e de lecture estim\u00e9e":"1 minute"},"schema":{"@context":"https:\/\/schema.org","@graph":[{"@type":"WebPage","@id":"https:\/\/distribuidor-cintas-adhesivas.es\/fr\/producto\/3m-4991\/","url":"https:\/\/distribuidor-cintas-adhesivas.es\/fr\/producto\/3m-4991\/","name":"3M 4991 - 3M\u2122 VHB\u2122 Cinta de Espuma Acr\u00edlica 4991F","isPartOf":{"@id":"https:\/\/distribuidor-cintas-adhesivas.es\/fr\/#website"},"primaryImageOfPage":{"@id":"https:\/\/distribuidor-cintas-adhesivas.es\/fr\/producto\/3m-4991\/#primaryimage"},"image":{"@id":"https:\/\/distribuidor-cintas-adhesivas.es\/fr\/producto\/3m-4991\/#primaryimage"},"thumbnailUrl":"https:\/\/distribuidor-cintas-adhesivas.es\/wp-content\/uploads\/2020\/11\/4991F-GREY.jpg","datePublished":"2020-11-16T22:41:30+00:00","dateModified":"2023-02-09T09:29:11+00:00","description":"La cinta de 3M 4991 es un sustituto de aplicaciones mec\u00e1nicas. Se usa para aplicaciones de embellecedores, molduras y materiales decorativos.","breadcrumb":{"@id":"https:\/\/distribuidor-cintas-adhesivas.es\/fr\/producto\/3m-4991\/#breadcrumb"},"inLanguage":"fr-FR","potentialAction":[{"@type":"ReadAction","target":["https:\/\/distribuidor-cintas-adhesivas.es\/fr\/producto\/3m-4991\/"]}]},{"@type":"ImageObject","inLanguage":"fr-FR","@id":"https:\/\/distribuidor-cintas-adhesivas.es\/fr\/producto\/3m-4991\/#primaryimage","url":"https:\/\/distribuidor-cintas-adhesivas.es\/wp-content\/uploads\/2020\/11\/4991F-GREY.jpg","contentUrl":"https:\/\/distribuidor-cintas-adhesivas.es\/wp-content\/uploads\/2020\/11\/4991F-GREY.jpg","width":1463,"height":1463},{"@type":"BreadcrumbList","@id":"https:\/\/distribuidor-cintas-adhesivas.es\/fr\/producto\/3m-4991\/#breadcrumb","itemListElement":[{"@type":"ListItem","position":1,"name":"Portada","item":"https:\/\/distribuidor-cintas-adhesivas.es\/fr\/"},{"@type":"ListItem","position":2,"name":"Produits","item":"https:\/\/distribuidor-cintas-adhesivas.es\/shop\/"},{"@type":"ListItem","position":3,"name":"3M\u2122 VHB\u2122 Cinta de Espuma Acr\u00edlica 4991F"}]},{"@type":"WebSite","@id":"https:\/\/distribuidor-cintas-adhesivas.es\/fr\/#website","url":"https:\/\/distribuidor-cintas-adhesivas.es\/fr\/","name":"Distribuidor de cintas 3M","description":"Distribuidor de cintas 3M, productos 3M, cinta adhesiva, 3M cinta doble cara, adhesivos 3M, cinta antideslizante, velcro 3M, cinta reflectante, 3m scotch, selladores de tuber\u00edas, formadores de juntas, retenedores, cianocrilatos reforzados con caucho, cianocrilatos ultrar\u00e1pidos, cianocrilatos para plasticos y caucho, cianocrilatos generales, cianocrilatos con poco olor, cianocrilatos para metales, adhesivos en aerosol, selladores y adhesivos, cintas de aluminio, cintas de vinilo para se\u00f1alizaci\u00f3n, cintas de tela americanas, cintas de papel para enmascarar, cintas para embalaje","publisher":{"@id":"https:\/\/distribuidor-cintas-adhesivas.es\/fr\/#organization"},"potentialAction":[{"@type":"SearchAction","target":{"@type":"EntryPoint","urlTemplate":"https:\/\/distribuidor-cintas-adhesivas.es\/fr\/?s={search_term_string}"},"query-input":{"@type":"PropertyValueSpecification","valueRequired":true,"valueName":"search_term_string"}}],"inLanguage":"fr-FR"},{"@type":"Organization","@id":"https:\/\/distribuidor-cintas-adhesivas.es\/fr\/#organization","name":"Distribuidor de cintas 3M","url":"https:\/\/distribuidor-cintas-adhesivas.es\/fr\/","logo":{"@type":"ImageObject","inLanguage":"fr-FR","@id":"https:\/\/distribuidor-cintas-adhesivas.es\/fr\/#\/schema\/logo\/image\/","url":"https:\/\/distribuidor-cintas-adhesivas.es\/wp-content\/uploads\/2022\/10\/logo-espanol-portugues.png","contentUrl":"https:\/\/distribuidor-cintas-adhesivas.es\/wp-content\/uploads\/2022\/10\/logo-espanol-portugues.png","width":739,"height":150,"caption":"Distribuidor de cintas 3M"},"image":{"@id":"https:\/\/distribuidor-cintas-adhesivas.es\/fr\/#\/schema\/logo\/image\/"},"sameAs":["https:\/\/distribuidorcintastesa.es","https:\/\/solbi-mural.com\/es\/","https:\/\/muralsrd.com\/","https:\/\/www.instagram.com\/solbimural\/?igsh=ZnR6ZmkzZm1ubWhl"]}]}},"_links":{"self":[{"href":"https:\/\/distribuidor-cintas-adhesivas.es\/fr\/wp-json\/wp\/v2\/product\/3453","targetHints":{"allow":["GET"]}}],"collection":[{"href":"https:\/\/distribuidor-cintas-adhesivas.es\/fr\/wp-json\/wp\/v2\/product"}],"about":[{"href":"https:\/\/distribuidor-cintas-adhesivas.es\/fr\/wp-json\/wp\/v2\/types\/product"}],"wp:featuredmedia":[{"embeddable":true,"href":"https:\/\/distribuidor-cintas-adhesivas.es\/fr\/wp-json\/wp\/v2\/media\/3418"}],"wp:attachment":[{"href":"https:\/\/distribuidor-cintas-adhesivas.es\/fr\/wp-json\/wp\/v2\/media?parent=3453"}],"wp:term":[{"taxonomy":"product_brand","embeddable":true,"href":"https:\/\/distribuidor-cintas-adhesivas.es\/fr\/wp-json\/wp\/v2\/product_brand?post=3453"},{"taxonomy":"product_cat","embeddable":true,"href":"https:\/\/distribuidor-cintas-adhesivas.es\/fr\/wp-json\/wp\/v2\/product_cat?post=3453"},{"taxonomy":"product_tag","embeddable":true,"href":"https:\/\/distribuidor-cintas-adhesivas.es\/fr\/wp-json\/wp\/v2\/product_tag?post=3453"}],"curies":[{"name":"wp","href":"https:\/\/api.w.org\/{rel}","templated":true}]}}