{"id":4669,"date":"2024-04-22T11:14:52","date_gmt":"2024-04-22T11:14:52","guid":{"rendered":"https:\/\/distribuidor-cintas-adhesivas.es\/producto\/3m-dual-lock-sistemas-de-union-desmontable-sj355d\/"},"modified":"2024-07-22T09:09:36","modified_gmt":"2024-07-22T09:09:36","slug":"systeme-de-fixation-amovible-3m-dual-lock-sj355d","status":"publish","type":"product","link":"https:\/\/distribuidor-cintas-adhesivas.es\/fr\/producto\/systeme-de-fixation-amovible-3m-dual-lock-sj355d\/","title":{"rendered":"3M\u2122 Dual Lock\u2122 Syst\u00e8mes de fixation amovible SJ355D"},"content":{"rendered":"<p>Le syst\u00e8me de fixation amovible 3M\u2122 Dual Lock\u2122 SJ355D vous permet d&rsquo;oublier les outils et syst\u00e8mes compliqu\u00e9s. Le syst\u00e8me de verrouillage offre une solution simple et efficace \u00e0 vos besoins de fixation.<\/p>\n<h4><span style=\"color: #3366ff;\"><a style=\"color: #3366ff;\" href=\"https:\/\/solbi-mural.com\/fr\/velcro-dual-lock\/23-18-3m-dual-lock-systeme-dunion-amovible-sj355b-cf-noir-rouleau-de-25m-x-25mm-4001895502385.html\" target=\"_blank\" rel=\"noopener\"><strong>Acheter en ligne 3M\u2122 SJ355D<\/strong><\/a><\/span><\/h4>\n<h4><\/h4>\n<h4><strong>Caract\u00e9ristiques<\/strong><\/h4>\n<ul>\n<li>Syst\u00e8me de verrouillage du filament noir, en forme de champignon, avec adh\u00e9sif acrylique sensible \u00e0 la pression.<\/li>\n<li>Compatible avec le type 250 et peut \u00e9galement \u00eatre combin\u00e9 avec le type 170 ou 400<\/li>\n<li>Ce syst\u00e8me se ferme de mani\u00e8re audible et offre une r\u00e9sistance \u00e0 la traction cinq fois sup\u00e9rieure \u00e0 celle des fermetures auto-agrippantes traditionnelles.<\/li>\n<li>Peut \u00eatre ouvert et ferm\u00e9 1000 fois avant de perdre 50% de sa r\u00e9sistance initiale \u00e0 la traction.<\/li>\n<li>Con\u00e7u sp\u00e9cifiquement pour le collage des m\u00e9taux, du verre, des peintures et des plastiques avec des \u00e9nergies de surface \u00e9lev\u00e9es \u00e0 moyennes.<\/li>\n<li>Ce ruban en mousse permet un meilleur contact avec les surfaces textur\u00e9es ou irr\u00e9guli\u00e8res.<\/li>\n<li>Densit\u00e9 de 40 filaments en forme de champignon par centim\u00e8tre carr\u00e9, \u00e9paisseur de collage de 5,7 mm, r\u00e9sistance \u00e0 la temp\u00e9rature de -30 \u00b0C \u00e0 70 \u00b0C \u00e0 long terme (+95 \u00b0C \u00e0 court terme).<\/li>\n<\/ul>\n<h4><strong>Applications<\/strong><\/h4>\n<ul>\n<li>Le syst\u00e8me de fixation amovible 3M\u2122 Dual Lock\u2122 SJ355D permet de s\u00e9curiser les portes, les panneaux, les enseignes et les \u00e9l\u00e9ments d&rsquo;affichage qui n\u00e9cessitent des ouvertures et des fermetures fr\u00e9quentes. Permet un acc\u00e8s r\u00e9p\u00e9t\u00e9 sans perte significative de force adh\u00e9sive au fil du temps.<\/li>\n<li>Adh\u00e8re bien au papier et au carton, \u00e0 la peinture, au m\u00e9tal expos\u00e9 et peint, au verre, au bois et \u00e0 de nombreux plastiques.<\/li>\n<li>Convient \u00e0 divers secteurs tels que les transports, l&rsquo;\u00e9lectronique, l&rsquo;am\u00e9nagement de bureaux et de magasins.<\/li>\n<li>Convient pour une utilisation en int\u00e9rieur et en ext\u00e9rieur.<\/li>\n<\/ul>\n<h4><strong>Produits similaires<\/strong><\/h4>\n<ul>\n<li><a href=\"https:\/\/distribuidor-cintas-adhesivas.es\/fr\/producto\/systeme-de-fixation-amovible-3m-dual-lock-sj3870\/\" target=\"_blank\" rel=\"noopener\">SJ3870<\/a><\/li>\n<\/ul>\n","protected":false},"excerpt":{"rendered":"<p>Le syst\u00e8me de fixation amovible 3M\u2122 Dual Lock\u2122 SJ355D vous permet d&rsquo;oublier les outils et syst\u00e8mes compliqu\u00e9s. Le syst\u00e8me de verrouillage offre une solution simple et efficace \u00e0 vos besoins de fixation. Acheter en ligne 3M\u2122 SJ355D Caract\u00e9ristiques Syst\u00e8me de verrouillage du filament noir, en forme de champignon, avec adh\u00e9sif acrylique sensible \u00e0 la pression. [&hellip;]<\/p>\n","protected":false},"featured_media":4648,"template":"","meta":{"site-sidebar-layout":"default","site-content-layout":"","ast-site-content-layout":"default","site-content-style":"default","site-sidebar-style":"default","ast-global-header-display":"","ast-banner-title-visibility":"","ast-main-header-display":"","ast-hfb-above-header-display":"","ast-hfb-below-header-display":"","ast-hfb-mobile-header-display":"","site-post-title":"","ast-breadcrumbs-content":"","ast-featured-img":"","footer-sml-layout":"","ast-disable-related-posts":"","theme-transparent-header-meta":"default","adv-header-id-meta":"","stick-header-meta":"","header-above-stick-meta":"","header-main-stick-meta":"","header-below-stick-meta":"","astra-migrate-meta-layouts":"set","ast-page-background-enabled":"default","ast-page-background-meta":{"desktop":{"background-color":"","background-image":"","background-repeat":"repeat","background-position":"center center","background-size":"auto","background-attachment":"scroll","background-type":"","background-media":"","overlay-type":"","overlay-color":"","overlay-opacity":"","overlay-gradient":""},"tablet":{"background-color":"","background-image":"","background-repeat":"repeat","background-position":"center center","background-size":"auto","background-attachment":"scroll","background-type":"","background-media":"","overlay-type":"","overlay-color":"","overlay-opacity":"","overlay-gradient":""},"mobile":{"background-color":"","background-image":"","background-repeat":"repeat","background-position":"center center","background-size":"auto","background-attachment":"scroll","background-type":"","background-media":"","overlay-type":"","overlay-color":"","overlay-opacity":"","overlay-gradient":""}},"ast-content-background-meta":{"desktop":{"background-color":"var(--ast-global-color-5)","background-image":"","background-repeat":"repeat","background-position":"center center","background-size":"auto","background-attachment":"scroll","background-type":"","background-media":"","overlay-type":"","overlay-color":"","overlay-opacity":"","overlay-gradient":""},"tablet":{"background-color":"var(--ast-global-color-5)","background-image":"","background-repeat":"repeat","background-position":"center center","background-size":"auto","background-attachment":"scroll","background-type":"","background-media":"","overlay-type":"","overlay-color":"","overlay-opacity":"","overlay-gradient":""},"mobile":{"background-color":"var(--ast-global-color-5)","background-image":"","background-repeat":"repeat","background-position":"center center","background-size":"auto","background-attachment":"scroll","background-type":"","background-media":"","overlay-type":"","overlay-color":"","overlay-opacity":"","overlay-gradient":""}}},"product_brand":[],"product_cat":[954],"product_tag":[2549,2550,2551,2552,2553],"class_list":{"0":"post-4669","1":"product","2":"type-product","3":"status-publish","4":"has-post-thumbnail","6":"product_cat-dual-lock-fr","7":"product_tag-dual-lock-fr","8":"product_tag-sistema-union-desmontable-fr","9":"product_tag-sj355-fr","10":"product_tag-sj355d-fr","11":"product_tag-velcro-fr","12":"desktop-align-center","13":"tablet-align-center","14":"mobile-align-center","16":"first","17":"instock","18":"shipping-taxable","19":"product-type-simple"},"yoast_head":"<!-- This site is optimized with the Yoast SEO Premium plugin v27.2 (Yoast SEO v27.2) - https:\/\/yoast.com\/product\/yoast-seo-premium-wordpress\/ -->\n<title>Syst\u00e8me de fixation amovible 3M\u2122 Dual Lock\u2122 SJ355D<\/title>\n<meta name=\"description\" content=\"Le syst\u00e8me de fixation amovible 3M\u2122 Dual Lock\u2122 SJ355D est utile pour les applications en int\u00e9rieur (papier, carton, peinture, m\u00e9tal expos\u00e9, etc.).\" \/>\n<meta name=\"robots\" content=\"index, follow, max-snippet:-1, max-image-preview:large, max-video-preview:-1\" \/>\n<link rel=\"canonical\" href=\"https:\/\/distribuidor-cintas-adhesivas.es\/fr\/producto\/systeme-de-fixation-amovible-3m-dual-lock-sj355d\/\" \/>\n<meta property=\"og:locale\" content=\"fr_FR\" \/>\n<meta property=\"og:type\" content=\"article\" \/>\n<meta property=\"og:title\" content=\"3M\u2122 Dual Lock\u2122 Syst\u00e8mes de fixation amovible SJ355D\" \/>\n<meta property=\"og:description\" content=\"Le syst\u00e8me de fixation amovible 3M\u2122 Dual Lock\u2122 SJ355D est utile pour les applications en int\u00e9rieur (papier, carton, peinture, m\u00e9tal expos\u00e9, etc.).\" \/>\n<meta property=\"og:url\" content=\"https:\/\/distribuidor-cintas-adhesivas.es\/fr\/producto\/systeme-de-fixation-amovible-3m-dual-lock-sj355d\/\" \/>\n<meta property=\"og:site_name\" content=\"Distribuidor de cintas 3M, productos 3M, http:\/\/www.http:\/\/distribuidorcintas3m.es, Mejores ofertas en cintas\" \/>\n<meta property=\"article:modified_time\" content=\"2024-07-22T09:09:36+00:00\" \/>\n<meta property=\"og:image\" content=\"https:\/\/distribuidor-cintas-adhesivas.es\/wp-content\/uploads\/2024\/04\/3m-dual-lock-sistemas-de-union-desmontable-sj355b-cf-negro-rollo-de-25m-x-25mm-1.jpg\" \/>\n\t<meta property=\"og:image:width\" content=\"800\" \/>\n\t<meta property=\"og:image:height\" content=\"800\" \/>\n\t<meta property=\"og:image:type\" content=\"image\/jpeg\" \/>\n<meta name=\"twitter:card\" content=\"summary_large_image\" \/>\n<meta name=\"twitter:label1\" content=\"Dur\u00e9e de lecture estim\u00e9e\" \/>\n\t<meta name=\"twitter:data1\" content=\"2 minutes\" \/>\n<script type=\"application\/ld+json\" class=\"yoast-schema-graph\">{\"@context\":\"https:\/\/schema.org\",\"@graph\":[{\"@type\":\"WebPage\",\"@id\":\"https:\/\/distribuidor-cintas-adhesivas.es\/fr\/producto\/systeme-de-fixation-amovible-3m-dual-lock-sj355d\/\",\"url\":\"https:\/\/distribuidor-cintas-adhesivas.es\/fr\/producto\/systeme-de-fixation-amovible-3m-dual-lock-sj355d\/\",\"name\":\"Syst\u00e8me de fixation amovible 3M\u2122 Dual Lock\u2122 SJ355D\",\"isPartOf\":{\"@id\":\"https:\/\/distribuidor-cintas-adhesivas.es\/fr\/#website\"},\"primaryImageOfPage\":{\"@id\":\"https:\/\/distribuidor-cintas-adhesivas.es\/fr\/producto\/systeme-de-fixation-amovible-3m-dual-lock-sj355d\/#primaryimage\"},\"image\":{\"@id\":\"https:\/\/distribuidor-cintas-adhesivas.es\/fr\/producto\/systeme-de-fixation-amovible-3m-dual-lock-sj355d\/#primaryimage\"},\"thumbnailUrl\":\"https:\/\/distribuidor-cintas-adhesivas.es\/wp-content\/uploads\/2024\/04\/3m-dual-lock-sistemas-de-union-desmontable-sj355b-cf-negro-rollo-de-25m-x-25mm-1.jpg\",\"datePublished\":\"2024-04-22T11:14:52+00:00\",\"dateModified\":\"2024-07-22T09:09:36+00:00\",\"description\":\"Le syst\u00e8me de fixation amovible 3M\u2122 Dual Lock\u2122 SJ355D est utile pour les applications en int\u00e9rieur (papier, carton, peinture, m\u00e9tal expos\u00e9, etc.).\",\"breadcrumb\":{\"@id\":\"https:\/\/distribuidor-cintas-adhesivas.es\/fr\/producto\/systeme-de-fixation-amovible-3m-dual-lock-sj355d\/#breadcrumb\"},\"inLanguage\":\"fr-FR\",\"potentialAction\":[{\"@type\":\"ReadAction\",\"target\":[\"https:\/\/distribuidor-cintas-adhesivas.es\/fr\/producto\/systeme-de-fixation-amovible-3m-dual-lock-sj355d\/\"]}]},{\"@type\":\"ImageObject\",\"inLanguage\":\"fr-FR\",\"@id\":\"https:\/\/distribuidor-cintas-adhesivas.es\/fr\/producto\/systeme-de-fixation-amovible-3m-dual-lock-sj355d\/#primaryimage\",\"url\":\"https:\/\/distribuidor-cintas-adhesivas.es\/wp-content\/uploads\/2024\/04\/3m-dual-lock-sistemas-de-union-desmontable-sj355b-cf-negro-rollo-de-25m-x-25mm-1.jpg\",\"contentUrl\":\"https:\/\/distribuidor-cintas-adhesivas.es\/wp-content\/uploads\/2024\/04\/3m-dual-lock-sistemas-de-union-desmontable-sj355b-cf-negro-rollo-de-25m-x-25mm-1.jpg\",\"width\":800,\"height\":800,\"caption\":\"Syst\u00e8mes d'assemblage d\u00e9tachables 3M Dual Lock SJ355D\"},{\"@type\":\"BreadcrumbList\",\"@id\":\"https:\/\/distribuidor-cintas-adhesivas.es\/fr\/producto\/systeme-de-fixation-amovible-3m-dual-lock-sj355d\/#breadcrumb\",\"itemListElement\":[{\"@type\":\"ListItem\",\"position\":1,\"name\":\"Portada\",\"item\":\"https:\/\/distribuidor-cintas-adhesivas.es\/fr\/\"},{\"@type\":\"ListItem\",\"position\":2,\"name\":\"Produits\",\"item\":\"https:\/\/distribuidor-cintas-adhesivas.es\/shop\/\"},{\"@type\":\"ListItem\",\"position\":3,\"name\":\"3M\u2122 Dual Lock\u2122 Syst\u00e8mes de fixation amovible SJ355D\"}]},{\"@type\":\"WebSite\",\"@id\":\"https:\/\/distribuidor-cintas-adhesivas.es\/fr\/#website\",\"url\":\"https:\/\/distribuidor-cintas-adhesivas.es\/fr\/\",\"name\":\"Distribuidor de cintas 3M\",\"description\":\"Distribuidor de cintas 3M, productos 3M, cinta adhesiva, 3M cinta doble cara, adhesivos 3M, cinta antideslizante, velcro 3M, cinta reflectante, 3m scotch, selladores de tuber\u00edas, formadores de juntas, retenedores, cianocrilatos reforzados con caucho, cianocrilatos ultrar\u00e1pidos, cianocrilatos para plasticos y caucho, cianocrilatos generales, cianocrilatos con poco olor, cianocrilatos para metales, adhesivos en aerosol, selladores y adhesivos, cintas de aluminio, cintas de vinilo para se\u00f1alizaci\u00f3n, cintas de tela americanas, cintas de papel para enmascarar, cintas para embalaje\",\"publisher\":{\"@id\":\"https:\/\/distribuidor-cintas-adhesivas.es\/fr\/#organization\"},\"potentialAction\":[{\"@type\":\"SearchAction\",\"target\":{\"@type\":\"EntryPoint\",\"urlTemplate\":\"https:\/\/distribuidor-cintas-adhesivas.es\/fr\/?s={search_term_string}\"},\"query-input\":{\"@type\":\"PropertyValueSpecification\",\"valueRequired\":true,\"valueName\":\"search_term_string\"}}],\"inLanguage\":\"fr-FR\"},{\"@type\":\"Organization\",\"@id\":\"https:\/\/distribuidor-cintas-adhesivas.es\/fr\/#organization\",\"name\":\"Distribuidor de cintas 3M\",\"url\":\"https:\/\/distribuidor-cintas-adhesivas.es\/fr\/\",\"logo\":{\"@type\":\"ImageObject\",\"inLanguage\":\"fr-FR\",\"@id\":\"https:\/\/distribuidor-cintas-adhesivas.es\/fr\/#\/schema\/logo\/image\/\",\"url\":\"https:\/\/distribuidor-cintas-adhesivas.es\/wp-content\/uploads\/2022\/10\/logo-espanol-portugues.png\",\"contentUrl\":\"https:\/\/distribuidor-cintas-adhesivas.es\/wp-content\/uploads\/2022\/10\/logo-espanol-portugues.png\",\"width\":739,\"height\":150,\"caption\":\"Distribuidor de cintas 3M\"},\"image\":{\"@id\":\"https:\/\/distribuidor-cintas-adhesivas.es\/fr\/#\/schema\/logo\/image\/\"},\"sameAs\":[\"https:\/\/distribuidorcintastesa.es\",\"https:\/\/solbi-mural.com\/es\/\",\"https:\/\/muralsrd.com\/\",\"https:\/\/www.instagram.com\/solbimural\/?igsh=ZnR6ZmkzZm1ubWhl\"]}]}<\/script>\n<!-- \/ Yoast SEO Premium plugin. -->","yoast_head_json":{"title":"Syst\u00e8me de fixation amovible 3M\u2122 Dual Lock\u2122 SJ355D","description":"Le syst\u00e8me de fixation amovible 3M\u2122 Dual Lock\u2122 SJ355D est utile pour les applications en int\u00e9rieur (papier, carton, peinture, m\u00e9tal expos\u00e9, etc.).","robots":{"index":"index","follow":"follow","max-snippet":"max-snippet:-1","max-image-preview":"max-image-preview:large","max-video-preview":"max-video-preview:-1"},"canonical":"https:\/\/distribuidor-cintas-adhesivas.es\/fr\/producto\/systeme-de-fixation-amovible-3m-dual-lock-sj355d\/","og_locale":"fr_FR","og_type":"article","og_title":"3M\u2122 Dual Lock\u2122 Syst\u00e8mes de fixation amovible SJ355D","og_description":"Le syst\u00e8me de fixation amovible 3M\u2122 Dual Lock\u2122 SJ355D est utile pour les applications en int\u00e9rieur (papier, carton, peinture, m\u00e9tal expos\u00e9, etc.).","og_url":"https:\/\/distribuidor-cintas-adhesivas.es\/fr\/producto\/systeme-de-fixation-amovible-3m-dual-lock-sj355d\/","og_site_name":"Distribuidor de cintas 3M, productos 3M, http:\/\/www.http:\/\/distribuidorcintas3m.es, Mejores ofertas en cintas","article_modified_time":"2024-07-22T09:09:36+00:00","og_image":[{"width":800,"height":800,"url":"https:\/\/distribuidor-cintas-adhesivas.es\/wp-content\/uploads\/2024\/04\/3m-dual-lock-sistemas-de-union-desmontable-sj355b-cf-negro-rollo-de-25m-x-25mm-1.jpg","type":"image\/jpeg"}],"twitter_card":"summary_large_image","twitter_misc":{"Dur\u00e9e de lecture estim\u00e9e":"2 minutes"},"schema":{"@context":"https:\/\/schema.org","@graph":[{"@type":"WebPage","@id":"https:\/\/distribuidor-cintas-adhesivas.es\/fr\/producto\/systeme-de-fixation-amovible-3m-dual-lock-sj355d\/","url":"https:\/\/distribuidor-cintas-adhesivas.es\/fr\/producto\/systeme-de-fixation-amovible-3m-dual-lock-sj355d\/","name":"Syst\u00e8me de fixation amovible 3M\u2122 Dual Lock\u2122 SJ355D","isPartOf":{"@id":"https:\/\/distribuidor-cintas-adhesivas.es\/fr\/#website"},"primaryImageOfPage":{"@id":"https:\/\/distribuidor-cintas-adhesivas.es\/fr\/producto\/systeme-de-fixation-amovible-3m-dual-lock-sj355d\/#primaryimage"},"image":{"@id":"https:\/\/distribuidor-cintas-adhesivas.es\/fr\/producto\/systeme-de-fixation-amovible-3m-dual-lock-sj355d\/#primaryimage"},"thumbnailUrl":"https:\/\/distribuidor-cintas-adhesivas.es\/wp-content\/uploads\/2024\/04\/3m-dual-lock-sistemas-de-union-desmontable-sj355b-cf-negro-rollo-de-25m-x-25mm-1.jpg","datePublished":"2024-04-22T11:14:52+00:00","dateModified":"2024-07-22T09:09:36+00:00","description":"Le syst\u00e8me de fixation amovible 3M\u2122 Dual Lock\u2122 SJ355D est utile pour les applications en int\u00e9rieur (papier, carton, peinture, m\u00e9tal expos\u00e9, etc.).","breadcrumb":{"@id":"https:\/\/distribuidor-cintas-adhesivas.es\/fr\/producto\/systeme-de-fixation-amovible-3m-dual-lock-sj355d\/#breadcrumb"},"inLanguage":"fr-FR","potentialAction":[{"@type":"ReadAction","target":["https:\/\/distribuidor-cintas-adhesivas.es\/fr\/producto\/systeme-de-fixation-amovible-3m-dual-lock-sj355d\/"]}]},{"@type":"ImageObject","inLanguage":"fr-FR","@id":"https:\/\/distribuidor-cintas-adhesivas.es\/fr\/producto\/systeme-de-fixation-amovible-3m-dual-lock-sj355d\/#primaryimage","url":"https:\/\/distribuidor-cintas-adhesivas.es\/wp-content\/uploads\/2024\/04\/3m-dual-lock-sistemas-de-union-desmontable-sj355b-cf-negro-rollo-de-25m-x-25mm-1.jpg","contentUrl":"https:\/\/distribuidor-cintas-adhesivas.es\/wp-content\/uploads\/2024\/04\/3m-dual-lock-sistemas-de-union-desmontable-sj355b-cf-negro-rollo-de-25m-x-25mm-1.jpg","width":800,"height":800,"caption":"Syst\u00e8mes d'assemblage d\u00e9tachables 3M Dual Lock SJ355D"},{"@type":"BreadcrumbList","@id":"https:\/\/distribuidor-cintas-adhesivas.es\/fr\/producto\/systeme-de-fixation-amovible-3m-dual-lock-sj355d\/#breadcrumb","itemListElement":[{"@type":"ListItem","position":1,"name":"Portada","item":"https:\/\/distribuidor-cintas-adhesivas.es\/fr\/"},{"@type":"ListItem","position":2,"name":"Produits","item":"https:\/\/distribuidor-cintas-adhesivas.es\/shop\/"},{"@type":"ListItem","position":3,"name":"3M\u2122 Dual Lock\u2122 Syst\u00e8mes de fixation amovible SJ355D"}]},{"@type":"WebSite","@id":"https:\/\/distribuidor-cintas-adhesivas.es\/fr\/#website","url":"https:\/\/distribuidor-cintas-adhesivas.es\/fr\/","name":"Distribuidor de cintas 3M","description":"Distribuidor de cintas 3M, productos 3M, cinta adhesiva, 3M cinta doble cara, adhesivos 3M, cinta antideslizante, velcro 3M, cinta reflectante, 3m scotch, selladores de tuber\u00edas, formadores de juntas, retenedores, cianocrilatos reforzados con caucho, cianocrilatos ultrar\u00e1pidos, cianocrilatos para plasticos y caucho, cianocrilatos generales, cianocrilatos con poco olor, cianocrilatos para metales, adhesivos en aerosol, selladores y adhesivos, cintas de aluminio, cintas de vinilo para se\u00f1alizaci\u00f3n, cintas de tela americanas, cintas de papel para enmascarar, cintas para embalaje","publisher":{"@id":"https:\/\/distribuidor-cintas-adhesivas.es\/fr\/#organization"},"potentialAction":[{"@type":"SearchAction","target":{"@type":"EntryPoint","urlTemplate":"https:\/\/distribuidor-cintas-adhesivas.es\/fr\/?s={search_term_string}"},"query-input":{"@type":"PropertyValueSpecification","valueRequired":true,"valueName":"search_term_string"}}],"inLanguage":"fr-FR"},{"@type":"Organization","@id":"https:\/\/distribuidor-cintas-adhesivas.es\/fr\/#organization","name":"Distribuidor de cintas 3M","url":"https:\/\/distribuidor-cintas-adhesivas.es\/fr\/","logo":{"@type":"ImageObject","inLanguage":"fr-FR","@id":"https:\/\/distribuidor-cintas-adhesivas.es\/fr\/#\/schema\/logo\/image\/","url":"https:\/\/distribuidor-cintas-adhesivas.es\/wp-content\/uploads\/2022\/10\/logo-espanol-portugues.png","contentUrl":"https:\/\/distribuidor-cintas-adhesivas.es\/wp-content\/uploads\/2022\/10\/logo-espanol-portugues.png","width":739,"height":150,"caption":"Distribuidor de cintas 3M"},"image":{"@id":"https:\/\/distribuidor-cintas-adhesivas.es\/fr\/#\/schema\/logo\/image\/"},"sameAs":["https:\/\/distribuidorcintastesa.es","https:\/\/solbi-mural.com\/es\/","https:\/\/muralsrd.com\/","https:\/\/www.instagram.com\/solbimural\/?igsh=ZnR6ZmkzZm1ubWhl"]}]}},"_links":{"self":[{"href":"https:\/\/distribuidor-cintas-adhesivas.es\/fr\/wp-json\/wp\/v2\/product\/4669","targetHints":{"allow":["GET"]}}],"collection":[{"href":"https:\/\/distribuidor-cintas-adhesivas.es\/fr\/wp-json\/wp\/v2\/product"}],"about":[{"href":"https:\/\/distribuidor-cintas-adhesivas.es\/fr\/wp-json\/wp\/v2\/types\/product"}],"wp:featuredmedia":[{"embeddable":true,"href":"https:\/\/distribuidor-cintas-adhesivas.es\/fr\/wp-json\/wp\/v2\/media\/4648"}],"wp:attachment":[{"href":"https:\/\/distribuidor-cintas-adhesivas.es\/fr\/wp-json\/wp\/v2\/media?parent=4669"}],"wp:term":[{"taxonomy":"product_brand","embeddable":true,"href":"https:\/\/distribuidor-cintas-adhesivas.es\/fr\/wp-json\/wp\/v2\/product_brand?post=4669"},{"taxonomy":"product_cat","embeddable":true,"href":"https:\/\/distribuidor-cintas-adhesivas.es\/fr\/wp-json\/wp\/v2\/product_cat?post=4669"},{"taxonomy":"product_tag","embeddable":true,"href":"https:\/\/distribuidor-cintas-adhesivas.es\/fr\/wp-json\/wp\/v2\/product_tag?post=4669"}],"curies":[{"name":"wp","href":"https:\/\/api.w.org\/{rel}","templated":true}]}}