{"id":4716,"date":"2024-04-23T14:27:23","date_gmt":"2024-04-23T14:27:23","guid":{"rendered":"https:\/\/distribuidor-cintas-adhesivas.es\/producto\/3m-dual-lock-sistemas-de-union-desmontable-sj3550cf\/"},"modified":"2024-07-22T09:09:15","modified_gmt":"2024-07-22T09:09:15","slug":"systeme-de-fixation-amovible-3m-dual-lock-sj3550cf","status":"publish","type":"product","link":"https:\/\/distribuidor-cintas-adhesivas.es\/fr\/producto\/systeme-de-fixation-amovible-3m-dual-lock-sj3550cf\/","title":{"rendered":"Syst\u00e8me de fixation amovible 3M\u2122 Dual-Lock\u2122 SJ3550CF"},"content":{"rendered":"<p>Syst\u00e8me de fixation amovible 3M\u2122 Dual-Lock\u2122 SJ3550CF vous permet d&rsquo;oublier les outils et les syst\u00e8mes compliqu\u00e9s. Le syst\u00e8me de verrouillage constitue une solution simple et efficace pour vos besoins de fixation.<\/p>\n<h4><span style=\"color: #3366ff;\"><a style=\"color: #3366ff;\" href=\"https:\/\/solbi-mural.com\/fr\/recherche?s=sj3550\" target=\"_blank\" rel=\"noopener\"><strong>Acheter en ligne 3M SJ3550<\/strong><\/a><\/span><\/h4>\n<h4><\/h4>\n<h4>Caract\u00e9ristiques<\/h4>\n<ul>\n<li>Le syst\u00e8me de verrouillage du filament en forme de champignon noir avec adh\u00e9sif acrylique sensible \u00e0 la pression<\/li>\n<li>Compatible avec le type 26 et peut \u00e9galement \u00eatre combin\u00e9 avec les types 40 ou 62<\/li>\n<li>Le ruban acrylique incolore adh\u00e8re solidement \u00e0 divers substrats, tels que les m\u00e9taux, le verre et les plastiques (y compris les acryliques, le polycarbonate et l&rsquo;ABS).<\/li>\n<li>Cette fixation discr\u00e8te, qui remplace les vis et les boulons, permet un ajustement pr\u00e9cis et un aspect agr\u00e9able.<\/li>\n<li>R\u00e9sistance \u00e0 la temp\u00e9rature de 104 \u00b0C.<\/li>\n<\/ul>\n<h4><strong>Applications du syst\u00e8me de fixation amovible 3M\u2122 Dual-Lock\u2122 SJ3550CF<\/strong><\/h4>\n<ul>\n<li>Ce syst\u00e8me de collage d\u00e9tachable Dual Lock s\u00e9curise les portes, les panneaux, les enseignes et les \u00e9l\u00e9ments d&rsquo;affichage qui n\u00e9cessitent des ouvertures et des fermetures fr\u00e9quentes. Il permet un acc\u00e8s r\u00e9p\u00e9t\u00e9 sans perte significative de force adh\u00e9sive au fil du temps.<\/li>\n<li>Il offre une r\u00e9sistance \u00e0 la traction jusqu&rsquo;\u00e0 5 fois sup\u00e9rieure \u00e0 celle des produits de fixation habituels.<\/li>\n<li>Conception incolore prot\u00e9g\u00e9e par un film protecteur amovible.<\/li>\n<li>Adh\u00e8re bien au papier et au carton, \u00e0 la peinture, au m\u00e9tal expos\u00e9 et peint, au verre et \u00e0 de nombreux plastiques.<\/li>\n<li>Convient \u00e0 divers secteurs tels que les transports, l&rsquo;\u00e9lectronique, l&rsquo;am\u00e9nagement de bureaux et de magasins.<\/li>\n<li>Convient pour une utilisation int\u00e9rieure et ext\u00e9rieure.<\/li>\n<\/ul>\n<h4><strong>Produits similaires<\/strong><\/h4>\n<ul>\n<li><a href=\"https:\/\/distribuidor-cintas-adhesivas.es\/fr\/producto\/systeme-de-fixation-amovible-3m-dual-lock-sj3870\/\" target=\"_blank\" rel=\"noopener\">SJ3870<\/a><\/li>\n<li><a href=\"https:\/\/distribuidor-cintas-adhesivas.es\/fr\/producto\/systeme-de-fixation-amovible-3m-dual-lock-sj355d\/\" target=\"_blank\" rel=\"noopener\">SJ355D<\/a><\/li>\n<\/ul>\n","protected":false},"excerpt":{"rendered":"<p>Syst\u00e8me de fixation amovible 3M\u2122 Dual-Lock\u2122 SJ3550CF vous permet d&rsquo;oublier les outils et les syst\u00e8mes compliqu\u00e9s. Le syst\u00e8me de verrouillage constitue une solution simple et efficace pour vos besoins de fixation. Acheter en ligne 3M SJ3550 Caract\u00e9ristiques Le syst\u00e8me de verrouillage du filament en forme de champignon noir avec adh\u00e9sif acrylique sensible \u00e0 la pression [&hellip;]<\/p>\n","protected":false},"featured_media":4708,"template":"","meta":{"site-sidebar-layout":"default","site-content-layout":"","ast-site-content-layout":"default","site-content-style":"default","site-sidebar-style":"default","ast-global-header-display":"","ast-banner-title-visibility":"","ast-main-header-display":"","ast-hfb-above-header-display":"","ast-hfb-below-header-display":"","ast-hfb-mobile-header-display":"","site-post-title":"","ast-breadcrumbs-content":"","ast-featured-img":"","footer-sml-layout":"","ast-disable-related-posts":"","theme-transparent-header-meta":"default","adv-header-id-meta":"","stick-header-meta":"","header-above-stick-meta":"","header-main-stick-meta":"","header-below-stick-meta":"","astra-migrate-meta-layouts":"set","ast-page-background-enabled":"default","ast-page-background-meta":{"desktop":{"background-color":"","background-image":"","background-repeat":"repeat","background-position":"center center","background-size":"auto","background-attachment":"scroll","background-type":"","background-media":"","overlay-type":"","overlay-color":"","overlay-opacity":"","overlay-gradient":""},"tablet":{"background-color":"","background-image":"","background-repeat":"repeat","background-position":"center center","background-size":"auto","background-attachment":"scroll","background-type":"","background-media":"","overlay-type":"","overlay-color":"","overlay-opacity":"","overlay-gradient":""},"mobile":{"background-color":"","background-image":"","background-repeat":"repeat","background-position":"center center","background-size":"auto","background-attachment":"scroll","background-type":"","background-media":"","overlay-type":"","overlay-color":"","overlay-opacity":"","overlay-gradient":""}},"ast-content-background-meta":{"desktop":{"background-color":"var(--ast-global-color-5)","background-image":"","background-repeat":"repeat","background-position":"center center","background-size":"auto","background-attachment":"scroll","background-type":"","background-media":"","overlay-type":"","overlay-color":"","overlay-opacity":"","overlay-gradient":""},"tablet":{"background-color":"var(--ast-global-color-5)","background-image":"","background-repeat":"repeat","background-position":"center center","background-size":"auto","background-attachment":"scroll","background-type":"","background-media":"","overlay-type":"","overlay-color":"","overlay-opacity":"","overlay-gradient":""},"mobile":{"background-color":"var(--ast-global-color-5)","background-image":"","background-repeat":"repeat","background-position":"center center","background-size":"auto","background-attachment":"scroll","background-type":"","background-media":"","overlay-type":"","overlay-color":"","overlay-opacity":"","overlay-gradient":""}}},"product_brand":[],"product_cat":[954],"product_tag":[2549,2585,2586,2587,2588,2553],"class_list":{"0":"post-4716","1":"product","2":"type-product","3":"status-publish","4":"has-post-thumbnail","6":"product_cat-dual-lock-fr","7":"product_tag-dual-lock-fr","8":"product_tag-sj3550-fr","9":"product_tag-sj3550cf-fr","10":"product_tag-tb3550-fr","11":"product_tag-tb3550cf-fr","12":"product_tag-velcro-fr","13":"desktop-align-center","14":"tablet-align-center","15":"mobile-align-center","17":"first","18":"instock","19":"shipping-taxable","20":"product-type-simple"},"yoast_head":"<!-- This site is optimized with the Yoast SEO Premium plugin v27.2 (Yoast SEO v27.2) - https:\/\/yoast.com\/product\/yoast-seo-premium-wordpress\/ -->\n<title>Syst\u00e8me de fixation amovible 3M\u2122 Dual-Lock\u2122 SJ3550CF - Distribuidor de cintas 3M, productos 3M, http:\/\/www.http:\/\/distribuidorcintas3m.es, Mejores ofertas en cintas<\/title>\n<meta name=\"description\" content=\"Syst\u00e8me de fixation amovible 3M\u2122 Dual-Lock\u2122 SJ3550CF assure une fermeture invisible des acc\u00e8s aux portes, des enseignes et des composants.\" \/>\n<meta name=\"robots\" content=\"index, follow, max-snippet:-1, max-image-preview:large, max-video-preview:-1\" \/>\n<link rel=\"canonical\" href=\"https:\/\/distribuidor-cintas-adhesivas.es\/fr\/producto\/systeme-de-fixation-amovible-3m-dual-lock-sj3550cf\/\" \/>\n<meta property=\"og:locale\" content=\"fr_FR\" \/>\n<meta property=\"og:type\" content=\"article\" \/>\n<meta property=\"og:title\" content=\"Syst\u00e8me de fixation amovible 3M\u2122 Dual-Lock\u2122 SJ3550CF\" \/>\n<meta property=\"og:description\" content=\"Syst\u00e8me de fixation amovible 3M\u2122 Dual-Lock\u2122 SJ3550CF assure une fermeture invisible des acc\u00e8s aux portes, des enseignes et des composants.\" \/>\n<meta property=\"og:url\" content=\"https:\/\/distribuidor-cintas-adhesivas.es\/fr\/producto\/systeme-de-fixation-amovible-3m-dual-lock-sj3550cf\/\" \/>\n<meta property=\"og:site_name\" content=\"Distribuidor de cintas 3M, productos 3M, http:\/\/www.http:\/\/distribuidorcintas3m.es, Mejores ofertas en cintas\" \/>\n<meta property=\"article:modified_time\" content=\"2024-07-22T09:09:15+00:00\" \/>\n<meta property=\"og:image\" content=\"https:\/\/distribuidor-cintas-adhesivas.es\/wp-content\/uploads\/2024\/04\/3m-dual-lock-sistema-de-cierre-reposicionable-sjtb3550-negro-rollo-25m-x-25mm-3.jpg\" \/>\n\t<meta property=\"og:image:width\" content=\"800\" \/>\n\t<meta property=\"og:image:height\" content=\"800\" \/>\n\t<meta property=\"og:image:type\" content=\"image\/jpeg\" \/>\n<meta name=\"twitter:card\" content=\"summary_large_image\" \/>\n<meta name=\"twitter:label1\" content=\"Dur\u00e9e de lecture estim\u00e9e\" \/>\n\t<meta name=\"twitter:data1\" content=\"2 minutes\" \/>\n<script type=\"application\/ld+json\" class=\"yoast-schema-graph\">{\"@context\":\"https:\/\/schema.org\",\"@graph\":[{\"@type\":\"WebPage\",\"@id\":\"https:\/\/distribuidor-cintas-adhesivas.es\/fr\/producto\/systeme-de-fixation-amovible-3m-dual-lock-sj3550cf\/\",\"url\":\"https:\/\/distribuidor-cintas-adhesivas.es\/fr\/producto\/systeme-de-fixation-amovible-3m-dual-lock-sj3550cf\/\",\"name\":\"Syst\u00e8me de fixation amovible 3M\u2122 Dual-Lock\u2122 SJ3550CF - Distribuidor de cintas 3M, productos 3M, http:\/\/www.http:\/\/distribuidorcintas3m.es, Mejores ofertas en cintas\",\"isPartOf\":{\"@id\":\"https:\/\/distribuidor-cintas-adhesivas.es\/fr\/#website\"},\"primaryImageOfPage\":{\"@id\":\"https:\/\/distribuidor-cintas-adhesivas.es\/fr\/producto\/systeme-de-fixation-amovible-3m-dual-lock-sj3550cf\/#primaryimage\"},\"image\":{\"@id\":\"https:\/\/distribuidor-cintas-adhesivas.es\/fr\/producto\/systeme-de-fixation-amovible-3m-dual-lock-sj3550cf\/#primaryimage\"},\"thumbnailUrl\":\"https:\/\/distribuidor-cintas-adhesivas.es\/wp-content\/uploads\/2024\/04\/3m-dual-lock-sistema-de-cierre-reposicionable-sjtb3550-negro-rollo-25m-x-25mm-3.jpg\",\"datePublished\":\"2024-04-23T14:27:23+00:00\",\"dateModified\":\"2024-07-22T09:09:15+00:00\",\"description\":\"Syst\u00e8me de fixation amovible 3M\u2122 Dual-Lock\u2122 SJ3550CF assure une fermeture invisible des acc\u00e8s aux portes, des enseignes et des composants.\",\"breadcrumb\":{\"@id\":\"https:\/\/distribuidor-cintas-adhesivas.es\/fr\/producto\/systeme-de-fixation-amovible-3m-dual-lock-sj3550cf\/#breadcrumb\"},\"inLanguage\":\"fr-FR\",\"potentialAction\":[{\"@type\":\"ReadAction\",\"target\":[\"https:\/\/distribuidor-cintas-adhesivas.es\/fr\/producto\/systeme-de-fixation-amovible-3m-dual-lock-sj3550cf\/\"]}]},{\"@type\":\"ImageObject\",\"inLanguage\":\"fr-FR\",\"@id\":\"https:\/\/distribuidor-cintas-adhesivas.es\/fr\/producto\/systeme-de-fixation-amovible-3m-dual-lock-sj3550cf\/#primaryimage\",\"url\":\"https:\/\/distribuidor-cintas-adhesivas.es\/wp-content\/uploads\/2024\/04\/3m-dual-lock-sistema-de-cierre-reposicionable-sjtb3550-negro-rollo-25m-x-25mm-3.jpg\",\"contentUrl\":\"https:\/\/distribuidor-cintas-adhesivas.es\/wp-content\/uploads\/2024\/04\/3m-dual-lock-sistema-de-cierre-reposicionable-sjtb3550-negro-rollo-25m-x-25mm-3.jpg\",\"width\":800,\"height\":800,\"caption\":\"Syst\u00e8me de fixation amovible 3M Dual-Lock SJ3550CF\"},{\"@type\":\"BreadcrumbList\",\"@id\":\"https:\/\/distribuidor-cintas-adhesivas.es\/fr\/producto\/systeme-de-fixation-amovible-3m-dual-lock-sj3550cf\/#breadcrumb\",\"itemListElement\":[{\"@type\":\"ListItem\",\"position\":1,\"name\":\"Portada\",\"item\":\"https:\/\/distribuidor-cintas-adhesivas.es\/fr\/\"},{\"@type\":\"ListItem\",\"position\":2,\"name\":\"Produits\",\"item\":\"https:\/\/distribuidor-cintas-adhesivas.es\/shop\/\"},{\"@type\":\"ListItem\",\"position\":3,\"name\":\"Syst\u00e8me de fixation amovible 3M\u2122 Dual-Lock\u2122 SJ3550CF\"}]},{\"@type\":\"WebSite\",\"@id\":\"https:\/\/distribuidor-cintas-adhesivas.es\/fr\/#website\",\"url\":\"https:\/\/distribuidor-cintas-adhesivas.es\/fr\/\",\"name\":\"Distribuidor de cintas 3M\",\"description\":\"Distribuidor de cintas 3M, productos 3M, cinta adhesiva, 3M cinta doble cara, adhesivos 3M, cinta antideslizante, velcro 3M, cinta reflectante, 3m scotch, selladores de tuber\u00edas, formadores de juntas, retenedores, cianocrilatos reforzados con caucho, cianocrilatos ultrar\u00e1pidos, cianocrilatos para plasticos y caucho, cianocrilatos generales, cianocrilatos con poco olor, cianocrilatos para metales, adhesivos en aerosol, selladores y adhesivos, cintas de aluminio, cintas de vinilo para se\u00f1alizaci\u00f3n, cintas de tela americanas, cintas de papel para enmascarar, cintas para embalaje\",\"publisher\":{\"@id\":\"https:\/\/distribuidor-cintas-adhesivas.es\/fr\/#organization\"},\"potentialAction\":[{\"@type\":\"SearchAction\",\"target\":{\"@type\":\"EntryPoint\",\"urlTemplate\":\"https:\/\/distribuidor-cintas-adhesivas.es\/fr\/?s={search_term_string}\"},\"query-input\":{\"@type\":\"PropertyValueSpecification\",\"valueRequired\":true,\"valueName\":\"search_term_string\"}}],\"inLanguage\":\"fr-FR\"},{\"@type\":\"Organization\",\"@id\":\"https:\/\/distribuidor-cintas-adhesivas.es\/fr\/#organization\",\"name\":\"Distribuidor de cintas 3M\",\"url\":\"https:\/\/distribuidor-cintas-adhesivas.es\/fr\/\",\"logo\":{\"@type\":\"ImageObject\",\"inLanguage\":\"fr-FR\",\"@id\":\"https:\/\/distribuidor-cintas-adhesivas.es\/fr\/#\/schema\/logo\/image\/\",\"url\":\"https:\/\/distribuidor-cintas-adhesivas.es\/wp-content\/uploads\/2022\/10\/logo-espanol-portugues.png\",\"contentUrl\":\"https:\/\/distribuidor-cintas-adhesivas.es\/wp-content\/uploads\/2022\/10\/logo-espanol-portugues.png\",\"width\":739,\"height\":150,\"caption\":\"Distribuidor de cintas 3M\"},\"image\":{\"@id\":\"https:\/\/distribuidor-cintas-adhesivas.es\/fr\/#\/schema\/logo\/image\/\"},\"sameAs\":[\"https:\/\/distribuidorcintastesa.es\",\"https:\/\/solbi-mural.com\/es\/\",\"https:\/\/muralsrd.com\/\",\"https:\/\/www.instagram.com\/solbimural\/?igsh=ZnR6ZmkzZm1ubWhl\"]}]}<\/script>\n<!-- \/ Yoast SEO Premium plugin. -->","yoast_head_json":{"title":"Syst\u00e8me de fixation amovible 3M\u2122 Dual-Lock\u2122 SJ3550CF - Distribuidor de cintas 3M, productos 3M, http:\/\/www.http:\/\/distribuidorcintas3m.es, Mejores ofertas en cintas","description":"Syst\u00e8me de fixation amovible 3M\u2122 Dual-Lock\u2122 SJ3550CF assure une fermeture invisible des acc\u00e8s aux portes, des enseignes et des composants.","robots":{"index":"index","follow":"follow","max-snippet":"max-snippet:-1","max-image-preview":"max-image-preview:large","max-video-preview":"max-video-preview:-1"},"canonical":"https:\/\/distribuidor-cintas-adhesivas.es\/fr\/producto\/systeme-de-fixation-amovible-3m-dual-lock-sj3550cf\/","og_locale":"fr_FR","og_type":"article","og_title":"Syst\u00e8me de fixation amovible 3M\u2122 Dual-Lock\u2122 SJ3550CF","og_description":"Syst\u00e8me de fixation amovible 3M\u2122 Dual-Lock\u2122 SJ3550CF assure une fermeture invisible des acc\u00e8s aux portes, des enseignes et des composants.","og_url":"https:\/\/distribuidor-cintas-adhesivas.es\/fr\/producto\/systeme-de-fixation-amovible-3m-dual-lock-sj3550cf\/","og_site_name":"Distribuidor de cintas 3M, productos 3M, http:\/\/www.http:\/\/distribuidorcintas3m.es, Mejores ofertas en cintas","article_modified_time":"2024-07-22T09:09:15+00:00","og_image":[{"width":800,"height":800,"url":"https:\/\/distribuidor-cintas-adhesivas.es\/wp-content\/uploads\/2024\/04\/3m-dual-lock-sistema-de-cierre-reposicionable-sjtb3550-negro-rollo-25m-x-25mm-3.jpg","type":"image\/jpeg"}],"twitter_card":"summary_large_image","twitter_misc":{"Dur\u00e9e de lecture estim\u00e9e":"2 minutes"},"schema":{"@context":"https:\/\/schema.org","@graph":[{"@type":"WebPage","@id":"https:\/\/distribuidor-cintas-adhesivas.es\/fr\/producto\/systeme-de-fixation-amovible-3m-dual-lock-sj3550cf\/","url":"https:\/\/distribuidor-cintas-adhesivas.es\/fr\/producto\/systeme-de-fixation-amovible-3m-dual-lock-sj3550cf\/","name":"Syst\u00e8me de fixation amovible 3M\u2122 Dual-Lock\u2122 SJ3550CF - Distribuidor de cintas 3M, productos 3M, http:\/\/www.http:\/\/distribuidorcintas3m.es, Mejores ofertas en cintas","isPartOf":{"@id":"https:\/\/distribuidor-cintas-adhesivas.es\/fr\/#website"},"primaryImageOfPage":{"@id":"https:\/\/distribuidor-cintas-adhesivas.es\/fr\/producto\/systeme-de-fixation-amovible-3m-dual-lock-sj3550cf\/#primaryimage"},"image":{"@id":"https:\/\/distribuidor-cintas-adhesivas.es\/fr\/producto\/systeme-de-fixation-amovible-3m-dual-lock-sj3550cf\/#primaryimage"},"thumbnailUrl":"https:\/\/distribuidor-cintas-adhesivas.es\/wp-content\/uploads\/2024\/04\/3m-dual-lock-sistema-de-cierre-reposicionable-sjtb3550-negro-rollo-25m-x-25mm-3.jpg","datePublished":"2024-04-23T14:27:23+00:00","dateModified":"2024-07-22T09:09:15+00:00","description":"Syst\u00e8me de fixation amovible 3M\u2122 Dual-Lock\u2122 SJ3550CF assure une fermeture invisible des acc\u00e8s aux portes, des enseignes et des composants.","breadcrumb":{"@id":"https:\/\/distribuidor-cintas-adhesivas.es\/fr\/producto\/systeme-de-fixation-amovible-3m-dual-lock-sj3550cf\/#breadcrumb"},"inLanguage":"fr-FR","potentialAction":[{"@type":"ReadAction","target":["https:\/\/distribuidor-cintas-adhesivas.es\/fr\/producto\/systeme-de-fixation-amovible-3m-dual-lock-sj3550cf\/"]}]},{"@type":"ImageObject","inLanguage":"fr-FR","@id":"https:\/\/distribuidor-cintas-adhesivas.es\/fr\/producto\/systeme-de-fixation-amovible-3m-dual-lock-sj3550cf\/#primaryimage","url":"https:\/\/distribuidor-cintas-adhesivas.es\/wp-content\/uploads\/2024\/04\/3m-dual-lock-sistema-de-cierre-reposicionable-sjtb3550-negro-rollo-25m-x-25mm-3.jpg","contentUrl":"https:\/\/distribuidor-cintas-adhesivas.es\/wp-content\/uploads\/2024\/04\/3m-dual-lock-sistema-de-cierre-reposicionable-sjtb3550-negro-rollo-25m-x-25mm-3.jpg","width":800,"height":800,"caption":"Syst\u00e8me de fixation amovible 3M Dual-Lock SJ3550CF"},{"@type":"BreadcrumbList","@id":"https:\/\/distribuidor-cintas-adhesivas.es\/fr\/producto\/systeme-de-fixation-amovible-3m-dual-lock-sj3550cf\/#breadcrumb","itemListElement":[{"@type":"ListItem","position":1,"name":"Portada","item":"https:\/\/distribuidor-cintas-adhesivas.es\/fr\/"},{"@type":"ListItem","position":2,"name":"Produits","item":"https:\/\/distribuidor-cintas-adhesivas.es\/shop\/"},{"@type":"ListItem","position":3,"name":"Syst\u00e8me de fixation amovible 3M\u2122 Dual-Lock\u2122 SJ3550CF"}]},{"@type":"WebSite","@id":"https:\/\/distribuidor-cintas-adhesivas.es\/fr\/#website","url":"https:\/\/distribuidor-cintas-adhesivas.es\/fr\/","name":"Distribuidor de cintas 3M","description":"Distribuidor de cintas 3M, productos 3M, cinta adhesiva, 3M cinta doble cara, adhesivos 3M, cinta antideslizante, velcro 3M, cinta reflectante, 3m scotch, selladores de tuber\u00edas, formadores de juntas, retenedores, cianocrilatos reforzados con caucho, cianocrilatos ultrar\u00e1pidos, cianocrilatos para plasticos y caucho, cianocrilatos generales, cianocrilatos con poco olor, cianocrilatos para metales, adhesivos en aerosol, selladores y adhesivos, cintas de aluminio, cintas de vinilo para se\u00f1alizaci\u00f3n, cintas de tela americanas, cintas de papel para enmascarar, cintas para embalaje","publisher":{"@id":"https:\/\/distribuidor-cintas-adhesivas.es\/fr\/#organization"},"potentialAction":[{"@type":"SearchAction","target":{"@type":"EntryPoint","urlTemplate":"https:\/\/distribuidor-cintas-adhesivas.es\/fr\/?s={search_term_string}"},"query-input":{"@type":"PropertyValueSpecification","valueRequired":true,"valueName":"search_term_string"}}],"inLanguage":"fr-FR"},{"@type":"Organization","@id":"https:\/\/distribuidor-cintas-adhesivas.es\/fr\/#organization","name":"Distribuidor de cintas 3M","url":"https:\/\/distribuidor-cintas-adhesivas.es\/fr\/","logo":{"@type":"ImageObject","inLanguage":"fr-FR","@id":"https:\/\/distribuidor-cintas-adhesivas.es\/fr\/#\/schema\/logo\/image\/","url":"https:\/\/distribuidor-cintas-adhesivas.es\/wp-content\/uploads\/2022\/10\/logo-espanol-portugues.png","contentUrl":"https:\/\/distribuidor-cintas-adhesivas.es\/wp-content\/uploads\/2022\/10\/logo-espanol-portugues.png","width":739,"height":150,"caption":"Distribuidor de cintas 3M"},"image":{"@id":"https:\/\/distribuidor-cintas-adhesivas.es\/fr\/#\/schema\/logo\/image\/"},"sameAs":["https:\/\/distribuidorcintastesa.es","https:\/\/solbi-mural.com\/es\/","https:\/\/muralsrd.com\/","https:\/\/www.instagram.com\/solbimural\/?igsh=ZnR6ZmkzZm1ubWhl"]}]}},"_links":{"self":[{"href":"https:\/\/distribuidor-cintas-adhesivas.es\/fr\/wp-json\/wp\/v2\/product\/4716","targetHints":{"allow":["GET"]}}],"collection":[{"href":"https:\/\/distribuidor-cintas-adhesivas.es\/fr\/wp-json\/wp\/v2\/product"}],"about":[{"href":"https:\/\/distribuidor-cintas-adhesivas.es\/fr\/wp-json\/wp\/v2\/types\/product"}],"wp:featuredmedia":[{"embeddable":true,"href":"https:\/\/distribuidor-cintas-adhesivas.es\/fr\/wp-json\/wp\/v2\/media\/4708"}],"wp:attachment":[{"href":"https:\/\/distribuidor-cintas-adhesivas.es\/fr\/wp-json\/wp\/v2\/media?parent=4716"}],"wp:term":[{"taxonomy":"product_brand","embeddable":true,"href":"https:\/\/distribuidor-cintas-adhesivas.es\/fr\/wp-json\/wp\/v2\/product_brand?post=4716"},{"taxonomy":"product_cat","embeddable":true,"href":"https:\/\/distribuidor-cintas-adhesivas.es\/fr\/wp-json\/wp\/v2\/product_cat?post=4716"},{"taxonomy":"product_tag","embeddable":true,"href":"https:\/\/distribuidor-cintas-adhesivas.es\/fr\/wp-json\/wp\/v2\/product_tag?post=4716"}],"curies":[{"name":"wp","href":"https:\/\/api.w.org\/{rel}","templated":true}]}}