{"id":4744,"date":"2024-04-25T13:37:46","date_gmt":"2024-04-25T14:41:57","guid":{"rendered":"https:\/\/distribuidor-cintas-adhesivas.es\/?post_type=product&#038;p=4744"},"modified":"2024-07-22T09:02:56","modified_gmt":"2024-07-22T09:02:56","slug":"3m-diamond-grade-983s-contour-de-securite-segmente-ece104","status":"publish","type":"product","link":"https:\/\/distribuidor-cintas-adhesivas.es\/fr\/producto\/3m-diamond-grade-983s-contour-de-securite-segmente-ece104\/","title":{"rendered":"3M\u2122 Diamond Grade\u2122 983S Contour de s\u00e9curit\u00e9 segment\u00e9 ECE104"},"content":{"rendered":"<p>Le ruban 3M\u2122 Diamond Grade\u2122 983S Contour de s\u00e9curit\u00e9 segment\u00e9 ECE104 est con\u00e7u pour am\u00e9liorer la visibilit\u00e9 sur les camions-citernes et v\u00e9hicules aux formes difficiles. Le ruban r\u00e9fl\u00e9chissant 3M 983S offre une excellente r\u00e9flectivit\u00e9 et luminosit\u00e9, garantie pour dix ans et conforme aux exigences de la norme UNECE 104. Il est \u00e9galement disponible en diff\u00e9rentes couleurs, telles que le jaune, le blanc ou le rouge.<\/p>\n<h4><span style=\"color: #3366ff;\"><a style=\"color: #3366ff;\" href=\"https:\/\/solbi-mural.com\/fr\/3m-reflechissants\/39-29-3m-diamond-grade-983-72s-reflechissant-segm-citerne-rouleau-50mm-x-50m-4046719623860.html\" target=\"_blank\" rel=\"noopener\"><strong>Acheter en ligne 3M 983S<\/strong><\/a><\/span><\/h4>\n<h4><\/h4>\n<h4>Caract\u00e9ristiques<\/h4>\n<ul>\n<li>S\u00e9curit\u00e9 et r\u00e9duction des accidents<\/li>\n<li>Image de marque : en \u00e9tant proactif en mati\u00e8re de s\u00e9curit\u00e9, vous am\u00e9liorez l&rsquo;image de votre entreprise.<\/li>\n<li>Protection juridique : \u00e9vite d&rsquo;\u00e9ventuelles actions en justice li\u00e9es \u00e0 la s\u00e9curit\u00e9 de tiers.<\/li>\n<li>Sans PVC : Construit sans PVC et avec un adh\u00e9sif sans solvant.<\/li>\n<li>Couleurs vives et lumineuses offrant une grande visibilit\u00e9.<\/li>\n<li>Luminosit\u00e9 de jour comme de nuit : reste visible dans diff\u00e9rentes conditions de luminosit\u00e9.<\/li>\n<li>R\u00e9sistant \u00e0 l&rsquo;eau : aucune perte de r\u00e9tror\u00e9flexion en cas d&rsquo;humidit\u00e9.<\/li>\n<li>Pas de p\u00e9n\u00e9tration de salet\u00e9 ou d&rsquo;eau sur les bords.<\/li>\n<li>Adh\u00e9sif sensible \u00e0 la pression.<\/li>\n<\/ul>\n<h4><strong>Applications du ruban\u00a03M\u2122 Diamond Grade\u2122 983S Contour de s\u00e9curit\u00e9 segment\u00e9 ECE104<\/strong><\/h4>\n<ul>\n<li>Facile \u00e0 appliquer<\/li>\n<li>R\u00e9sistant \u00e0 la d\u00e9lamination et \u00e0 d&rsquo;autres dommages.<\/li>\n<li>Conservent leur brillance et leur couleur m\u00eame dans des conditions de travail difficiles.<\/li>\n<li>Garantie 3M de 10 ans<\/li>\n<\/ul>\n<h4>Approbation de la norme ECE104<\/h4>\n<p>Le nouveau r\u00e8glement 48 de la CEE-ONU d\u00e9finit le marquage volontaire ou obligatoire \u00e0 l&rsquo;aide de mat\u00e9riaux adh\u00e9sifs r\u00e9fl\u00e9chissants \u00e0 l&rsquo;arri\u00e8re et sur les c\u00f4t\u00e9s des diff\u00e9rents types de v\u00e9hicules.<\/p>\n<p>Ce nouveau r\u00e8glement rend obligatoire le marquage du contour des v\u00e9hicules \u00e0 moteur d&rsquo;au moins 4 roues destin\u00e9s au transport de marchandises, dont le poids maximal autoris\u00e9 est sup\u00e9rieur \u00e0 7,5 tonnes et dont la largeur est \u00e9gale ou sup\u00e9rieure \u00e0 2,1 m\u00e8tres.<\/p>\n<h4><strong>Produits similaires<\/strong><\/h4>\n<ul>\n<li><a href=\"https:\/\/distribuidor-cintas-adhesivas.es\/fr\/producto\/3m-957s-contour-de-securite-segmente-ece104\/\" target=\"_blank\" rel=\"noopener\">957S<\/a><\/li>\n<\/ul>\n","protected":false},"excerpt":{"rendered":"<p>Le ruban 3M\u2122 Diamond Grade\u2122 983S Contour de s\u00e9curit\u00e9 segment\u00e9 ECE104 est con\u00e7u pour am\u00e9liorer la visibilit\u00e9 sur les camions-citernes et v\u00e9hicules aux formes difficiles. Le ruban r\u00e9fl\u00e9chissant 3M 983S offre une excellente r\u00e9flectivit\u00e9 et luminosit\u00e9, garantie pour dix ans et conforme aux exigences de la norme UNECE 104. Il est \u00e9galement disponible en diff\u00e9rentes [&hellip;]<\/p>\n","protected":false},"featured_media":4726,"template":"","meta":{"site-sidebar-layout":"default","site-content-layout":"","ast-site-content-layout":"default","site-content-style":"default","site-sidebar-style":"default","ast-global-header-display":"","ast-banner-title-visibility":"","ast-main-header-display":"","ast-hfb-above-header-display":"","ast-hfb-below-header-display":"","ast-hfb-mobile-header-display":"","site-post-title":"","ast-breadcrumbs-content":"","ast-featured-img":"","footer-sml-layout":"","ast-disable-related-posts":"","theme-transparent-header-meta":"default","adv-header-id-meta":"","stick-header-meta":"","header-above-stick-meta":"","header-main-stick-meta":"","header-below-stick-meta":"","astra-migrate-meta-layouts":"set","ast-page-background-enabled":"default","ast-page-background-meta":{"desktop":{"background-color":"","background-image":"","background-repeat":"repeat","background-position":"center center","background-size":"auto","background-attachment":"scroll","background-type":"","background-media":"","overlay-type":"","overlay-color":"","overlay-opacity":"","overlay-gradient":""},"tablet":{"background-color":"","background-image":"","background-repeat":"repeat","background-position":"center center","background-size":"auto","background-attachment":"scroll","background-type":"","background-media":"","overlay-type":"","overlay-color":"","overlay-opacity":"","overlay-gradient":""},"mobile":{"background-color":"","background-image":"","background-repeat":"repeat","background-position":"center center","background-size":"auto","background-attachment":"scroll","background-type":"","background-media":"","overlay-type":"","overlay-color":"","overlay-opacity":"","overlay-gradient":""}},"ast-content-background-meta":{"desktop":{"background-color":"var(--ast-global-color-5)","background-image":"","background-repeat":"repeat","background-position":"center center","background-size":"auto","background-attachment":"scroll","background-type":"","background-media":"","overlay-type":"","overlay-color":"","overlay-opacity":"","overlay-gradient":""},"tablet":{"background-color":"var(--ast-global-color-5)","background-image":"","background-repeat":"repeat","background-position":"center center","background-size":"auto","background-attachment":"scroll","background-type":"","background-media":"","overlay-type":"","overlay-color":"","overlay-opacity":"","overlay-gradient":""},"mobile":{"background-color":"var(--ast-global-color-5)","background-image":"","background-repeat":"repeat","background-position":"center center","background-size":"auto","background-attachment":"scroll","background-type":"","background-media":"","overlay-type":"","overlay-color":"","overlay-opacity":"","overlay-gradient":""}}},"product_brand":[],"product_cat":[2650],"product_tag":[2605,2606,2651,2607,2653,2652],"class_list":{"0":"post-4744","1":"product","2":"type-product","3":"status-publish","4":"has-post-thumbnail","6":"product_cat-rubans-reflechissants-fr","7":"product_tag-3m-fr","8":"product_tag-983s","9":"product_tag-camion-citerne-fr","10":"product_tag-diamond-grade-fr","11":"product_tag-retroreflechissant","12":"product_tag-ruban-reflechissant-fr","13":"desktop-align-center","14":"tablet-align-center","15":"mobile-align-center","17":"first","18":"instock","19":"shipping-taxable","20":"product-type-simple"},"yoast_head":"<!-- This site is optimized with the Yoast SEO Premium plugin v27.2 (Yoast SEO v27.2) - https:\/\/yoast.com\/product\/yoast-seo-premium-wordpress\/ -->\n<title>3M\u2122 Diamond Grade\u2122 983S Contour s\u00e9curit\u00e9 segment\u00e9 ECE104<\/title>\n<meta name=\"description\" content=\"3M\u2122 Diamond Grade\u2122 983S Contour de s\u00e9curit\u00e9 segment\u00e9 ECE104 est con\u00e7u pour am\u00e9liorer la visibilit\u00e9 sur les camions-citernes.\" \/>\n<meta name=\"robots\" content=\"index, follow, max-snippet:-1, max-image-preview:large, max-video-preview:-1\" \/>\n<link rel=\"canonical\" href=\"https:\/\/distribuidor-cintas-adhesivas.es\/fr\/producto\/3m-diamond-grade-983s-contour-de-securite-segmente-ece104\/\" \/>\n<meta property=\"og:locale\" content=\"fr_FR\" \/>\n<meta property=\"og:type\" content=\"article\" \/>\n<meta property=\"og:title\" content=\"3M\u2122 Diamond Grade\u2122 983S Contour de s\u00e9curit\u00e9 segment\u00e9 ECE104\" \/>\n<meta property=\"og:description\" content=\"3M\u2122 Diamond Grade\u2122 983S Contour de s\u00e9curit\u00e9 segment\u00e9 ECE104 est con\u00e7u pour am\u00e9liorer la visibilit\u00e9 sur les camions-citernes.\" \/>\n<meta property=\"og:url\" content=\"https:\/\/distribuidor-cintas-adhesivas.es\/fr\/producto\/3m-diamond-grade-983s-contour-de-securite-segmente-ece104\/\" \/>\n<meta property=\"og:site_name\" content=\"Distribuidor de cintas 3M, productos 3M, http:\/\/www.http:\/\/distribuidorcintas3m.es, Mejores ofertas en cintas\" \/>\n<meta property=\"article:modified_time\" content=\"2024-07-22T09:02:56+00:00\" \/>\n<meta property=\"og:image\" content=\"https:\/\/distribuidor-cintas-adhesivas.es\/wp-content\/uploads\/2024\/04\/3m-diamond-grade-983-72s-reflectante-segm-cisterna-rollo-50mm-x-50m.jpg\" \/>\n\t<meta property=\"og:image:width\" content=\"800\" \/>\n\t<meta property=\"og:image:height\" content=\"800\" \/>\n\t<meta property=\"og:image:type\" content=\"image\/jpeg\" \/>\n<meta name=\"twitter:card\" content=\"summary_large_image\" \/>\n<meta name=\"twitter:label1\" content=\"Dur\u00e9e de lecture estim\u00e9e\" \/>\n\t<meta name=\"twitter:data1\" content=\"2 minutes\" \/>\n<script type=\"application\/ld+json\" class=\"yoast-schema-graph\">{\"@context\":\"https:\/\/schema.org\",\"@graph\":[{\"@type\":\"WebPage\",\"@id\":\"https:\/\/distribuidor-cintas-adhesivas.es\/fr\/producto\/3m-diamond-grade-983s-contour-de-securite-segmente-ece104\/\",\"url\":\"https:\/\/distribuidor-cintas-adhesivas.es\/fr\/producto\/3m-diamond-grade-983s-contour-de-securite-segmente-ece104\/\",\"name\":\"3M\u2122 Diamond Grade\u2122 983S Contour s\u00e9curit\u00e9 segment\u00e9 ECE104\",\"isPartOf\":{\"@id\":\"https:\/\/distribuidor-cintas-adhesivas.es\/fr\/#website\"},\"primaryImageOfPage\":{\"@id\":\"https:\/\/distribuidor-cintas-adhesivas.es\/fr\/producto\/3m-diamond-grade-983s-contour-de-securite-segmente-ece104\/#primaryimage\"},\"image\":{\"@id\":\"https:\/\/distribuidor-cintas-adhesivas.es\/fr\/producto\/3m-diamond-grade-983s-contour-de-securite-segmente-ece104\/#primaryimage\"},\"thumbnailUrl\":\"https:\/\/distribuidor-cintas-adhesivas.es\/wp-content\/uploads\/2024\/04\/3m-diamond-grade-983-72s-reflectante-segm-cisterna-rollo-50mm-x-50m.jpg\",\"datePublished\":\"2024-04-25T14:41:57+00:00\",\"dateModified\":\"2024-07-22T09:02:56+00:00\",\"description\":\"3M\u2122 Diamond Grade\u2122 983S Contour de s\u00e9curit\u00e9 segment\u00e9 ECE104 est con\u00e7u pour am\u00e9liorer la visibilit\u00e9 sur les camions-citernes.\",\"breadcrumb\":{\"@id\":\"https:\/\/distribuidor-cintas-adhesivas.es\/fr\/producto\/3m-diamond-grade-983s-contour-de-securite-segmente-ece104\/#breadcrumb\"},\"inLanguage\":\"fr-FR\",\"potentialAction\":[{\"@type\":\"ReadAction\",\"target\":[\"https:\/\/distribuidor-cintas-adhesivas.es\/fr\/producto\/3m-diamond-grade-983s-contour-de-securite-segmente-ece104\/\"]}]},{\"@type\":\"ImageObject\",\"inLanguage\":\"fr-FR\",\"@id\":\"https:\/\/distribuidor-cintas-adhesivas.es\/fr\/producto\/3m-diamond-grade-983s-contour-de-securite-segmente-ece104\/#primaryimage\",\"url\":\"https:\/\/distribuidor-cintas-adhesivas.es\/wp-content\/uploads\/2024\/04\/3m-diamond-grade-983-72s-reflectante-segm-cisterna-rollo-50mm-x-50m.jpg\",\"contentUrl\":\"https:\/\/distribuidor-cintas-adhesivas.es\/wp-content\/uploads\/2024\/04\/3m-diamond-grade-983-72s-reflectante-segm-cisterna-rollo-50mm-x-50m.jpg\",\"width\":800,\"height\":800,\"caption\":\"3M Diamond Grade 983S Contour s\u00e9curit\u00e9 segment\u00e9 ECE104\"},{\"@type\":\"BreadcrumbList\",\"@id\":\"https:\/\/distribuidor-cintas-adhesivas.es\/fr\/producto\/3m-diamond-grade-983s-contour-de-securite-segmente-ece104\/#breadcrumb\",\"itemListElement\":[{\"@type\":\"ListItem\",\"position\":1,\"name\":\"Portada\",\"item\":\"https:\/\/distribuidor-cintas-adhesivas.es\/fr\/\"},{\"@type\":\"ListItem\",\"position\":2,\"name\":\"Produits\",\"item\":\"https:\/\/distribuidor-cintas-adhesivas.es\/shop\/\"},{\"@type\":\"ListItem\",\"position\":3,\"name\":\"3M\u2122 Diamond Grade\u2122 983S Contour de s\u00e9curit\u00e9 segment\u00e9 ECE104\"}]},{\"@type\":\"WebSite\",\"@id\":\"https:\/\/distribuidor-cintas-adhesivas.es\/fr\/#website\",\"url\":\"https:\/\/distribuidor-cintas-adhesivas.es\/fr\/\",\"name\":\"Distribuidor de cintas 3M\",\"description\":\"Distribuidor de cintas 3M, productos 3M, cinta adhesiva, 3M cinta doble cara, adhesivos 3M, cinta antideslizante, velcro 3M, cinta reflectante, 3m scotch, selladores de tuber\u00edas, formadores de juntas, retenedores, cianocrilatos reforzados con caucho, cianocrilatos ultrar\u00e1pidos, cianocrilatos para plasticos y caucho, cianocrilatos generales, cianocrilatos con poco olor, cianocrilatos para metales, adhesivos en aerosol, selladores y adhesivos, cintas de aluminio, cintas de vinilo para se\u00f1alizaci\u00f3n, cintas de tela americanas, cintas de papel para enmascarar, cintas para embalaje\",\"publisher\":{\"@id\":\"https:\/\/distribuidor-cintas-adhesivas.es\/fr\/#organization\"},\"potentialAction\":[{\"@type\":\"SearchAction\",\"target\":{\"@type\":\"EntryPoint\",\"urlTemplate\":\"https:\/\/distribuidor-cintas-adhesivas.es\/fr\/?s={search_term_string}\"},\"query-input\":{\"@type\":\"PropertyValueSpecification\",\"valueRequired\":true,\"valueName\":\"search_term_string\"}}],\"inLanguage\":\"fr-FR\"},{\"@type\":\"Organization\",\"@id\":\"https:\/\/distribuidor-cintas-adhesivas.es\/fr\/#organization\",\"name\":\"Distribuidor de cintas 3M\",\"url\":\"https:\/\/distribuidor-cintas-adhesivas.es\/fr\/\",\"logo\":{\"@type\":\"ImageObject\",\"inLanguage\":\"fr-FR\",\"@id\":\"https:\/\/distribuidor-cintas-adhesivas.es\/fr\/#\/schema\/logo\/image\/\",\"url\":\"https:\/\/distribuidor-cintas-adhesivas.es\/wp-content\/uploads\/2022\/10\/logo-espanol-portugues.png\",\"contentUrl\":\"https:\/\/distribuidor-cintas-adhesivas.es\/wp-content\/uploads\/2022\/10\/logo-espanol-portugues.png\",\"width\":739,\"height\":150,\"caption\":\"Distribuidor de cintas 3M\"},\"image\":{\"@id\":\"https:\/\/distribuidor-cintas-adhesivas.es\/fr\/#\/schema\/logo\/image\/\"},\"sameAs\":[\"https:\/\/distribuidorcintastesa.es\",\"https:\/\/solbi-mural.com\/es\/\",\"https:\/\/muralsrd.com\/\",\"https:\/\/www.instagram.com\/solbimural\/?igsh=ZnR6ZmkzZm1ubWhl\"]}]}<\/script>\n<!-- \/ Yoast SEO Premium plugin. -->","yoast_head_json":{"title":"3M\u2122 Diamond Grade\u2122 983S Contour s\u00e9curit\u00e9 segment\u00e9 ECE104","description":"3M\u2122 Diamond Grade\u2122 983S Contour de s\u00e9curit\u00e9 segment\u00e9 ECE104 est con\u00e7u pour am\u00e9liorer la visibilit\u00e9 sur les camions-citernes.","robots":{"index":"index","follow":"follow","max-snippet":"max-snippet:-1","max-image-preview":"max-image-preview:large","max-video-preview":"max-video-preview:-1"},"canonical":"https:\/\/distribuidor-cintas-adhesivas.es\/fr\/producto\/3m-diamond-grade-983s-contour-de-securite-segmente-ece104\/","og_locale":"fr_FR","og_type":"article","og_title":"3M\u2122 Diamond Grade\u2122 983S Contour de s\u00e9curit\u00e9 segment\u00e9 ECE104","og_description":"3M\u2122 Diamond Grade\u2122 983S Contour de s\u00e9curit\u00e9 segment\u00e9 ECE104 est con\u00e7u pour am\u00e9liorer la visibilit\u00e9 sur les camions-citernes.","og_url":"https:\/\/distribuidor-cintas-adhesivas.es\/fr\/producto\/3m-diamond-grade-983s-contour-de-securite-segmente-ece104\/","og_site_name":"Distribuidor de cintas 3M, productos 3M, http:\/\/www.http:\/\/distribuidorcintas3m.es, Mejores ofertas en cintas","article_modified_time":"2024-07-22T09:02:56+00:00","og_image":[{"width":800,"height":800,"url":"https:\/\/distribuidor-cintas-adhesivas.es\/wp-content\/uploads\/2024\/04\/3m-diamond-grade-983-72s-reflectante-segm-cisterna-rollo-50mm-x-50m.jpg","type":"image\/jpeg"}],"twitter_card":"summary_large_image","twitter_misc":{"Dur\u00e9e de lecture estim\u00e9e":"2 minutes"},"schema":{"@context":"https:\/\/schema.org","@graph":[{"@type":"WebPage","@id":"https:\/\/distribuidor-cintas-adhesivas.es\/fr\/producto\/3m-diamond-grade-983s-contour-de-securite-segmente-ece104\/","url":"https:\/\/distribuidor-cintas-adhesivas.es\/fr\/producto\/3m-diamond-grade-983s-contour-de-securite-segmente-ece104\/","name":"3M\u2122 Diamond Grade\u2122 983S Contour s\u00e9curit\u00e9 segment\u00e9 ECE104","isPartOf":{"@id":"https:\/\/distribuidor-cintas-adhesivas.es\/fr\/#website"},"primaryImageOfPage":{"@id":"https:\/\/distribuidor-cintas-adhesivas.es\/fr\/producto\/3m-diamond-grade-983s-contour-de-securite-segmente-ece104\/#primaryimage"},"image":{"@id":"https:\/\/distribuidor-cintas-adhesivas.es\/fr\/producto\/3m-diamond-grade-983s-contour-de-securite-segmente-ece104\/#primaryimage"},"thumbnailUrl":"https:\/\/distribuidor-cintas-adhesivas.es\/wp-content\/uploads\/2024\/04\/3m-diamond-grade-983-72s-reflectante-segm-cisterna-rollo-50mm-x-50m.jpg","datePublished":"2024-04-25T14:41:57+00:00","dateModified":"2024-07-22T09:02:56+00:00","description":"3M\u2122 Diamond Grade\u2122 983S Contour de s\u00e9curit\u00e9 segment\u00e9 ECE104 est con\u00e7u pour am\u00e9liorer la visibilit\u00e9 sur les camions-citernes.","breadcrumb":{"@id":"https:\/\/distribuidor-cintas-adhesivas.es\/fr\/producto\/3m-diamond-grade-983s-contour-de-securite-segmente-ece104\/#breadcrumb"},"inLanguage":"fr-FR","potentialAction":[{"@type":"ReadAction","target":["https:\/\/distribuidor-cintas-adhesivas.es\/fr\/producto\/3m-diamond-grade-983s-contour-de-securite-segmente-ece104\/"]}]},{"@type":"ImageObject","inLanguage":"fr-FR","@id":"https:\/\/distribuidor-cintas-adhesivas.es\/fr\/producto\/3m-diamond-grade-983s-contour-de-securite-segmente-ece104\/#primaryimage","url":"https:\/\/distribuidor-cintas-adhesivas.es\/wp-content\/uploads\/2024\/04\/3m-diamond-grade-983-72s-reflectante-segm-cisterna-rollo-50mm-x-50m.jpg","contentUrl":"https:\/\/distribuidor-cintas-adhesivas.es\/wp-content\/uploads\/2024\/04\/3m-diamond-grade-983-72s-reflectante-segm-cisterna-rollo-50mm-x-50m.jpg","width":800,"height":800,"caption":"3M Diamond Grade 983S Contour s\u00e9curit\u00e9 segment\u00e9 ECE104"},{"@type":"BreadcrumbList","@id":"https:\/\/distribuidor-cintas-adhesivas.es\/fr\/producto\/3m-diamond-grade-983s-contour-de-securite-segmente-ece104\/#breadcrumb","itemListElement":[{"@type":"ListItem","position":1,"name":"Portada","item":"https:\/\/distribuidor-cintas-adhesivas.es\/fr\/"},{"@type":"ListItem","position":2,"name":"Produits","item":"https:\/\/distribuidor-cintas-adhesivas.es\/shop\/"},{"@type":"ListItem","position":3,"name":"3M\u2122 Diamond Grade\u2122 983S Contour de s\u00e9curit\u00e9 segment\u00e9 ECE104"}]},{"@type":"WebSite","@id":"https:\/\/distribuidor-cintas-adhesivas.es\/fr\/#website","url":"https:\/\/distribuidor-cintas-adhesivas.es\/fr\/","name":"Distribuidor de cintas 3M","description":"Distribuidor de cintas 3M, productos 3M, cinta adhesiva, 3M cinta doble cara, adhesivos 3M, cinta antideslizante, velcro 3M, cinta reflectante, 3m scotch, selladores de tuber\u00edas, formadores de juntas, retenedores, cianocrilatos reforzados con caucho, cianocrilatos ultrar\u00e1pidos, cianocrilatos para plasticos y caucho, cianocrilatos generales, cianocrilatos con poco olor, cianocrilatos para metales, adhesivos en aerosol, selladores y adhesivos, cintas de aluminio, cintas de vinilo para se\u00f1alizaci\u00f3n, cintas de tela americanas, cintas de papel para enmascarar, cintas para embalaje","publisher":{"@id":"https:\/\/distribuidor-cintas-adhesivas.es\/fr\/#organization"},"potentialAction":[{"@type":"SearchAction","target":{"@type":"EntryPoint","urlTemplate":"https:\/\/distribuidor-cintas-adhesivas.es\/fr\/?s={search_term_string}"},"query-input":{"@type":"PropertyValueSpecification","valueRequired":true,"valueName":"search_term_string"}}],"inLanguage":"fr-FR"},{"@type":"Organization","@id":"https:\/\/distribuidor-cintas-adhesivas.es\/fr\/#organization","name":"Distribuidor de cintas 3M","url":"https:\/\/distribuidor-cintas-adhesivas.es\/fr\/","logo":{"@type":"ImageObject","inLanguage":"fr-FR","@id":"https:\/\/distribuidor-cintas-adhesivas.es\/fr\/#\/schema\/logo\/image\/","url":"https:\/\/distribuidor-cintas-adhesivas.es\/wp-content\/uploads\/2022\/10\/logo-espanol-portugues.png","contentUrl":"https:\/\/distribuidor-cintas-adhesivas.es\/wp-content\/uploads\/2022\/10\/logo-espanol-portugues.png","width":739,"height":150,"caption":"Distribuidor de cintas 3M"},"image":{"@id":"https:\/\/distribuidor-cintas-adhesivas.es\/fr\/#\/schema\/logo\/image\/"},"sameAs":["https:\/\/distribuidorcintastesa.es","https:\/\/solbi-mural.com\/es\/","https:\/\/muralsrd.com\/","https:\/\/www.instagram.com\/solbimural\/?igsh=ZnR6ZmkzZm1ubWhl"]}]}},"_links":{"self":[{"href":"https:\/\/distribuidor-cintas-adhesivas.es\/fr\/wp-json\/wp\/v2\/product\/4744","targetHints":{"allow":["GET"]}}],"collection":[{"href":"https:\/\/distribuidor-cintas-adhesivas.es\/fr\/wp-json\/wp\/v2\/product"}],"about":[{"href":"https:\/\/distribuidor-cintas-adhesivas.es\/fr\/wp-json\/wp\/v2\/types\/product"}],"wp:featuredmedia":[{"embeddable":true,"href":"https:\/\/distribuidor-cintas-adhesivas.es\/fr\/wp-json\/wp\/v2\/media\/4726"}],"wp:attachment":[{"href":"https:\/\/distribuidor-cintas-adhesivas.es\/fr\/wp-json\/wp\/v2\/media?parent=4744"}],"wp:term":[{"taxonomy":"product_brand","embeddable":true,"href":"https:\/\/distribuidor-cintas-adhesivas.es\/fr\/wp-json\/wp\/v2\/product_brand?post=4744"},{"taxonomy":"product_cat","embeddable":true,"href":"https:\/\/distribuidor-cintas-adhesivas.es\/fr\/wp-json\/wp\/v2\/product_cat?post=4744"},{"taxonomy":"product_tag","embeddable":true,"href":"https:\/\/distribuidor-cintas-adhesivas.es\/fr\/wp-json\/wp\/v2\/product_tag?post=4744"}],"curies":[{"name":"wp","href":"https:\/\/api.w.org\/{rel}","templated":true}]}}