{"id":4885,"date":"2024-05-06T10:07:18","date_gmt":"2024-05-06T07:45:22","guid":{"rendered":"https:\/\/distribuidor-cintas-adhesivas.es\/?post_type=product&#038;p=4885"},"modified":"2024-07-22T09:02:44","modified_gmt":"2024-07-22T09:02:44","slug":"3m-stamark-p50-primaire","status":"publish","type":"product","link":"https:\/\/distribuidor-cintas-adhesivas.es\/fr\/producto\/3m-stamark-p50-primaire\/","title":{"rendered":"3M\u2122 Stamark\u2122 P50 Primaire"},"content":{"rendered":"<p>3M\u2122 Stamark\u2122 P50 Primaire est utilis\u00e9 pour la pr\u00e9paration des surfaces. Ce primer 3M pour Stamark am\u00e9liore l&rsquo;adh\u00e9rence de ces rubans pour la pose sur les trottoirs et les routes en tant que marquage routier. Il augmente l&rsquo;adh\u00e9rence du ruban sur l&rsquo;asphalte ancien. Nous recommandons \u00e9galement ce produit pour l&rsquo;asphalte neuf afin d&rsquo;am\u00e9liorer les propri\u00e9t\u00e9s d&rsquo;adh\u00e9rence du produit.<\/p>\n<h4><span style=\"color: #3366ff;\"><a style=\"color: #3366ff;\" href=\"https:\/\/solbi-mural.com\/fr\/adhesifs-primers\/59-847-3m-stamark-p50-primer-pot-de-20l-3134375274383.html\" target=\"_blank\" rel=\"noopener\"><strong>Achat en ligne 3M Primer P50<\/strong><\/a><\/span><\/h4>\n<h4><\/h4>\n<h4>Caract\u00e9ristiques<\/h4>\n<ul>\n<li>3M\u2122 Stamark\u2122 P50 Primaire est un adh\u00e9sif de pr\u00e9paration de surface.<\/li>\n<li>Ce primaire est utilis\u00e9 pour am\u00e9liorer l&rsquo;adh\u00e9rence des rubans 3M\u2122 Stamark\u2122.<\/li>\n<li>Ne doit pas \u00eatre utilis\u00e9 dans les applications Inlay, de bitume ou sans primer.<\/li>\n<li>CE PRODUIT EST UNIQUEMENT DISPONIBLE POUR LA VENTE DIRECTE EN ESPAGNE CONTINENTALE<\/li>\n<\/ul>\n<h4>Applications<\/h4>\n<ul>\n<li>Rendement de 0,2 &#8211; 0,3 litre\/m2<\/li>\n<li>Application \u00e0 l&rsquo;aide d&rsquo;un rouleau ou d&rsquo;un chariot de pulv\u00e9risation m\u00e9canique<\/li>\n<\/ul>\n<h4>Produits similaires<\/h4>\n<ul>\n<li><a href=\"https:\/\/distribuidor-cintas-adhesivas.es\/fr\/producto\/3m-primer-111-incolore-dosette\/\" target=\"_blank\" rel=\"noopener\">Primer 3M 111 dosette<\/a><\/li>\n<\/ul>\n","protected":false},"excerpt":{"rendered":"<p>3M\u2122 Stamark\u2122 P50 Primaire est utilis\u00e9 pour la pr\u00e9paration des surfaces. Ce primer 3M pour Stamark am\u00e9liore l&rsquo;adh\u00e9rence de ces rubans pour la pose sur les trottoirs et les routes en tant que marquage routier. Il augmente l&rsquo;adh\u00e9rence du ruban sur l&rsquo;asphalte ancien. Nous recommandons \u00e9galement ce produit pour l&rsquo;asphalte neuf afin d&rsquo;am\u00e9liorer les propri\u00e9t\u00e9s [&hellip;]<\/p>\n","protected":false},"featured_media":4788,"template":"","meta":{"site-sidebar-layout":"default","site-content-layout":"","ast-site-content-layout":"default","site-content-style":"default","site-sidebar-style":"default","ast-global-header-display":"","ast-banner-title-visibility":"","ast-main-header-display":"","ast-hfb-above-header-display":"","ast-hfb-below-header-display":"","ast-hfb-mobile-header-display":"","site-post-title":"","ast-breadcrumbs-content":"","ast-featured-img":"","footer-sml-layout":"","ast-disable-related-posts":"","theme-transparent-header-meta":"default","adv-header-id-meta":"","stick-header-meta":"","header-above-stick-meta":"","header-main-stick-meta":"","header-below-stick-meta":"","astra-migrate-meta-layouts":"set","ast-page-background-enabled":"default","ast-page-background-meta":{"desktop":{"background-color":"","background-image":"","background-repeat":"repeat","background-position":"center center","background-size":"auto","background-attachment":"scroll","background-type":"","background-media":"","overlay-type":"","overlay-color":"","overlay-opacity":"","overlay-gradient":""},"tablet":{"background-color":"","background-image":"","background-repeat":"repeat","background-position":"center center","background-size":"auto","background-attachment":"scroll","background-type":"","background-media":"","overlay-type":"","overlay-color":"","overlay-opacity":"","overlay-gradient":""},"mobile":{"background-color":"","background-image":"","background-repeat":"repeat","background-position":"center center","background-size":"auto","background-attachment":"scroll","background-type":"","background-media":"","overlay-type":"","overlay-color":"","overlay-opacity":"","overlay-gradient":""}},"ast-content-background-meta":{"desktop":{"background-color":"var(--ast-global-color-5)","background-image":"","background-repeat":"repeat","background-position":"center center","background-size":"auto","background-attachment":"scroll","background-type":"","background-media":"","overlay-type":"","overlay-color":"","overlay-opacity":"","overlay-gradient":""},"tablet":{"background-color":"var(--ast-global-color-5)","background-image":"","background-repeat":"repeat","background-position":"center center","background-size":"auto","background-attachment":"scroll","background-type":"","background-media":"","overlay-type":"","overlay-color":"","overlay-opacity":"","overlay-gradient":""},"mobile":{"background-color":"var(--ast-global-color-5)","background-image":"","background-repeat":"repeat","background-position":"center center","background-size":"auto","background-attachment":"scroll","background-type":"","background-media":"","overlay-type":"","overlay-color":"","overlay-opacity":"","overlay-gradient":""}}},"product_brand":[],"product_cat":[2669],"product_tag":[2605,2722,2724,2723,2725],"class_list":{"0":"post-4885","1":"product","2":"type-product","3":"status-publish","4":"has-post-thumbnail","6":"product_cat-primer-fr","7":"product_tag-3m-fr","8":"product_tag-3m-p50-fr","9":"product_tag-primer-fr","10":"product_tag-primer-stamark-fr","11":"product_tag-stamark-fr","12":"desktop-align-center","13":"tablet-align-center","14":"mobile-align-center","16":"first","17":"instock","18":"shipping-taxable","19":"product-type-simple"},"yoast_head":"<!-- This site is optimized with the Yoast SEO Premium plugin v27.2 (Yoast SEO v27.2) - https:\/\/yoast.com\/product\/yoast-seo-premium-wordpress\/ -->\n<title>3M\u2122 Stamark\u2122 P50 Primaire<\/title>\n<meta name=\"description\" content=\"3M\u2122 Stamark\u2122 P50 Primaire est un adh\u00e9sif pour la pr\u00e9paration des surfaces, principalement pour am\u00e9liorer l&#039;adh\u00e9rence des rubans 3M\u2122 Stamark\u2122.\" \/>\n<meta name=\"robots\" content=\"index, follow, max-snippet:-1, max-image-preview:large, max-video-preview:-1\" \/>\n<link rel=\"canonical\" href=\"https:\/\/distribuidor-cintas-adhesivas.es\/fr\/producto\/3m-stamark-p50-primaire\/\" \/>\n<meta property=\"og:locale\" content=\"fr_FR\" \/>\n<meta property=\"og:type\" content=\"article\" \/>\n<meta property=\"og:title\" content=\"3M\u2122 Stamark\u2122 P50 Primaire\" \/>\n<meta property=\"og:description\" content=\"3M\u2122 Stamark\u2122 P50 Primaire est un adh\u00e9sif pour la pr\u00e9paration des surfaces, principalement pour am\u00e9liorer l&#039;adh\u00e9rence des rubans 3M\u2122 Stamark\u2122.\" \/>\n<meta property=\"og:url\" content=\"https:\/\/distribuidor-cintas-adhesivas.es\/fr\/producto\/3m-stamark-p50-primaire\/\" \/>\n<meta property=\"og:site_name\" content=\"Distribuidor de cintas 3M, productos 3M, http:\/\/www.http:\/\/distribuidorcintas3m.es, Mejores ofertas en cintas\" \/>\n<meta property=\"article:modified_time\" content=\"2024-07-22T09:02:44+00:00\" \/>\n<meta property=\"og:image\" content=\"https:\/\/distribuidor-cintas-adhesivas.es\/wp-content\/uploads\/2024\/04\/3m-stamark-p50-imprimacion-bote-de-20l.jpg\" \/>\n\t<meta property=\"og:image:width\" content=\"600\" \/>\n\t<meta property=\"og:image:height\" content=\"600\" \/>\n\t<meta property=\"og:image:type\" content=\"image\/jpeg\" \/>\n<meta name=\"twitter:card\" content=\"summary_large_image\" \/>\n<meta name=\"twitter:label1\" content=\"Dur\u00e9e de lecture estim\u00e9e\" \/>\n\t<meta name=\"twitter:data1\" content=\"1 minute\" \/>\n<script type=\"application\/ld+json\" class=\"yoast-schema-graph\">{\"@context\":\"https:\/\/schema.org\",\"@graph\":[{\"@type\":\"WebPage\",\"@id\":\"https:\/\/distribuidor-cintas-adhesivas.es\/fr\/producto\/3m-stamark-p50-primaire\/\",\"url\":\"https:\/\/distribuidor-cintas-adhesivas.es\/fr\/producto\/3m-stamark-p50-primaire\/\",\"name\":\"3M\u2122 Stamark\u2122 P50 Primaire\",\"isPartOf\":{\"@id\":\"https:\/\/distribuidor-cintas-adhesivas.es\/fr\/#website\"},\"primaryImageOfPage\":{\"@id\":\"https:\/\/distribuidor-cintas-adhesivas.es\/fr\/producto\/3m-stamark-p50-primaire\/#primaryimage\"},\"image\":{\"@id\":\"https:\/\/distribuidor-cintas-adhesivas.es\/fr\/producto\/3m-stamark-p50-primaire\/#primaryimage\"},\"thumbnailUrl\":\"https:\/\/distribuidor-cintas-adhesivas.es\/wp-content\/uploads\/2024\/04\/3m-stamark-p50-imprimacion-bote-de-20l.jpg\",\"datePublished\":\"2024-05-06T07:45:22+00:00\",\"dateModified\":\"2024-07-22T09:02:44+00:00\",\"description\":\"3M\u2122 Stamark\u2122 P50 Primaire est un adh\u00e9sif pour la pr\u00e9paration des surfaces, principalement pour am\u00e9liorer l'adh\u00e9rence des rubans 3M\u2122 Stamark\u2122.\",\"breadcrumb\":{\"@id\":\"https:\/\/distribuidor-cintas-adhesivas.es\/fr\/producto\/3m-stamark-p50-primaire\/#breadcrumb\"},\"inLanguage\":\"fr-FR\",\"potentialAction\":[{\"@type\":\"ReadAction\",\"target\":[\"https:\/\/distribuidor-cintas-adhesivas.es\/fr\/producto\/3m-stamark-p50-primaire\/\"]}]},{\"@type\":\"ImageObject\",\"inLanguage\":\"fr-FR\",\"@id\":\"https:\/\/distribuidor-cintas-adhesivas.es\/fr\/producto\/3m-stamark-p50-primaire\/#primaryimage\",\"url\":\"https:\/\/distribuidor-cintas-adhesivas.es\/wp-content\/uploads\/2024\/04\/3m-stamark-p50-imprimacion-bote-de-20l.jpg\",\"contentUrl\":\"https:\/\/distribuidor-cintas-adhesivas.es\/wp-content\/uploads\/2024\/04\/3m-stamark-p50-imprimacion-bote-de-20l.jpg\",\"width\":600,\"height\":600,\"caption\":\"3M STAMARK P50 Primer\"},{\"@type\":\"BreadcrumbList\",\"@id\":\"https:\/\/distribuidor-cintas-adhesivas.es\/fr\/producto\/3m-stamark-p50-primaire\/#breadcrumb\",\"itemListElement\":[{\"@type\":\"ListItem\",\"position\":1,\"name\":\"Portada\",\"item\":\"https:\/\/distribuidor-cintas-adhesivas.es\/fr\/\"},{\"@type\":\"ListItem\",\"position\":2,\"name\":\"Produits\",\"item\":\"https:\/\/distribuidor-cintas-adhesivas.es\/shop\/\"},{\"@type\":\"ListItem\",\"position\":3,\"name\":\"3M\u2122 Stamark\u2122 P50 Primaire\"}]},{\"@type\":\"WebSite\",\"@id\":\"https:\/\/distribuidor-cintas-adhesivas.es\/fr\/#website\",\"url\":\"https:\/\/distribuidor-cintas-adhesivas.es\/fr\/\",\"name\":\"Distribuidor de cintas 3M\",\"description\":\"Distribuidor de cintas 3M, productos 3M, cinta adhesiva, 3M cinta doble cara, adhesivos 3M, cinta antideslizante, velcro 3M, cinta reflectante, 3m scotch, selladores de tuber\u00edas, formadores de juntas, retenedores, cianocrilatos reforzados con caucho, cianocrilatos ultrar\u00e1pidos, cianocrilatos para plasticos y caucho, cianocrilatos generales, cianocrilatos con poco olor, cianocrilatos para metales, adhesivos en aerosol, selladores y adhesivos, cintas de aluminio, cintas de vinilo para se\u00f1alizaci\u00f3n, cintas de tela americanas, cintas de papel para enmascarar, cintas para embalaje\",\"publisher\":{\"@id\":\"https:\/\/distribuidor-cintas-adhesivas.es\/fr\/#organization\"},\"potentialAction\":[{\"@type\":\"SearchAction\",\"target\":{\"@type\":\"EntryPoint\",\"urlTemplate\":\"https:\/\/distribuidor-cintas-adhesivas.es\/fr\/?s={search_term_string}\"},\"query-input\":{\"@type\":\"PropertyValueSpecification\",\"valueRequired\":true,\"valueName\":\"search_term_string\"}}],\"inLanguage\":\"fr-FR\"},{\"@type\":\"Organization\",\"@id\":\"https:\/\/distribuidor-cintas-adhesivas.es\/fr\/#organization\",\"name\":\"Distribuidor de cintas 3M\",\"url\":\"https:\/\/distribuidor-cintas-adhesivas.es\/fr\/\",\"logo\":{\"@type\":\"ImageObject\",\"inLanguage\":\"fr-FR\",\"@id\":\"https:\/\/distribuidor-cintas-adhesivas.es\/fr\/#\/schema\/logo\/image\/\",\"url\":\"https:\/\/distribuidor-cintas-adhesivas.es\/wp-content\/uploads\/2022\/10\/logo-espanol-portugues.png\",\"contentUrl\":\"https:\/\/distribuidor-cintas-adhesivas.es\/wp-content\/uploads\/2022\/10\/logo-espanol-portugues.png\",\"width\":739,\"height\":150,\"caption\":\"Distribuidor de cintas 3M\"},\"image\":{\"@id\":\"https:\/\/distribuidor-cintas-adhesivas.es\/fr\/#\/schema\/logo\/image\/\"},\"sameAs\":[\"https:\/\/distribuidorcintastesa.es\",\"https:\/\/solbi-mural.com\/es\/\",\"https:\/\/muralsrd.com\/\",\"https:\/\/www.instagram.com\/solbimural\/?igsh=ZnR6ZmkzZm1ubWhl\"]}]}<\/script>\n<!-- \/ Yoast SEO Premium plugin. -->","yoast_head_json":{"title":"3M\u2122 Stamark\u2122 P50 Primaire","description":"3M\u2122 Stamark\u2122 P50 Primaire est un adh\u00e9sif pour la pr\u00e9paration des surfaces, principalement pour am\u00e9liorer l'adh\u00e9rence des rubans 3M\u2122 Stamark\u2122.","robots":{"index":"index","follow":"follow","max-snippet":"max-snippet:-1","max-image-preview":"max-image-preview:large","max-video-preview":"max-video-preview:-1"},"canonical":"https:\/\/distribuidor-cintas-adhesivas.es\/fr\/producto\/3m-stamark-p50-primaire\/","og_locale":"fr_FR","og_type":"article","og_title":"3M\u2122 Stamark\u2122 P50 Primaire","og_description":"3M\u2122 Stamark\u2122 P50 Primaire est un adh\u00e9sif pour la pr\u00e9paration des surfaces, principalement pour am\u00e9liorer l'adh\u00e9rence des rubans 3M\u2122 Stamark\u2122.","og_url":"https:\/\/distribuidor-cintas-adhesivas.es\/fr\/producto\/3m-stamark-p50-primaire\/","og_site_name":"Distribuidor de cintas 3M, productos 3M, http:\/\/www.http:\/\/distribuidorcintas3m.es, Mejores ofertas en cintas","article_modified_time":"2024-07-22T09:02:44+00:00","og_image":[{"width":600,"height":600,"url":"https:\/\/distribuidor-cintas-adhesivas.es\/wp-content\/uploads\/2024\/04\/3m-stamark-p50-imprimacion-bote-de-20l.jpg","type":"image\/jpeg"}],"twitter_card":"summary_large_image","twitter_misc":{"Dur\u00e9e de lecture estim\u00e9e":"1 minute"},"schema":{"@context":"https:\/\/schema.org","@graph":[{"@type":"WebPage","@id":"https:\/\/distribuidor-cintas-adhesivas.es\/fr\/producto\/3m-stamark-p50-primaire\/","url":"https:\/\/distribuidor-cintas-adhesivas.es\/fr\/producto\/3m-stamark-p50-primaire\/","name":"3M\u2122 Stamark\u2122 P50 Primaire","isPartOf":{"@id":"https:\/\/distribuidor-cintas-adhesivas.es\/fr\/#website"},"primaryImageOfPage":{"@id":"https:\/\/distribuidor-cintas-adhesivas.es\/fr\/producto\/3m-stamark-p50-primaire\/#primaryimage"},"image":{"@id":"https:\/\/distribuidor-cintas-adhesivas.es\/fr\/producto\/3m-stamark-p50-primaire\/#primaryimage"},"thumbnailUrl":"https:\/\/distribuidor-cintas-adhesivas.es\/wp-content\/uploads\/2024\/04\/3m-stamark-p50-imprimacion-bote-de-20l.jpg","datePublished":"2024-05-06T07:45:22+00:00","dateModified":"2024-07-22T09:02:44+00:00","description":"3M\u2122 Stamark\u2122 P50 Primaire est un adh\u00e9sif pour la pr\u00e9paration des surfaces, principalement pour am\u00e9liorer l'adh\u00e9rence des rubans 3M\u2122 Stamark\u2122.","breadcrumb":{"@id":"https:\/\/distribuidor-cintas-adhesivas.es\/fr\/producto\/3m-stamark-p50-primaire\/#breadcrumb"},"inLanguage":"fr-FR","potentialAction":[{"@type":"ReadAction","target":["https:\/\/distribuidor-cintas-adhesivas.es\/fr\/producto\/3m-stamark-p50-primaire\/"]}]},{"@type":"ImageObject","inLanguage":"fr-FR","@id":"https:\/\/distribuidor-cintas-adhesivas.es\/fr\/producto\/3m-stamark-p50-primaire\/#primaryimage","url":"https:\/\/distribuidor-cintas-adhesivas.es\/wp-content\/uploads\/2024\/04\/3m-stamark-p50-imprimacion-bote-de-20l.jpg","contentUrl":"https:\/\/distribuidor-cintas-adhesivas.es\/wp-content\/uploads\/2024\/04\/3m-stamark-p50-imprimacion-bote-de-20l.jpg","width":600,"height":600,"caption":"3M STAMARK P50 Primer"},{"@type":"BreadcrumbList","@id":"https:\/\/distribuidor-cintas-adhesivas.es\/fr\/producto\/3m-stamark-p50-primaire\/#breadcrumb","itemListElement":[{"@type":"ListItem","position":1,"name":"Portada","item":"https:\/\/distribuidor-cintas-adhesivas.es\/fr\/"},{"@type":"ListItem","position":2,"name":"Produits","item":"https:\/\/distribuidor-cintas-adhesivas.es\/shop\/"},{"@type":"ListItem","position":3,"name":"3M\u2122 Stamark\u2122 P50 Primaire"}]},{"@type":"WebSite","@id":"https:\/\/distribuidor-cintas-adhesivas.es\/fr\/#website","url":"https:\/\/distribuidor-cintas-adhesivas.es\/fr\/","name":"Distribuidor de cintas 3M","description":"Distribuidor de cintas 3M, productos 3M, cinta adhesiva, 3M cinta doble cara, adhesivos 3M, cinta antideslizante, velcro 3M, cinta reflectante, 3m scotch, selladores de tuber\u00edas, formadores de juntas, retenedores, cianocrilatos reforzados con caucho, cianocrilatos ultrar\u00e1pidos, cianocrilatos para plasticos y caucho, cianocrilatos generales, cianocrilatos con poco olor, cianocrilatos para metales, adhesivos en aerosol, selladores y adhesivos, cintas de aluminio, cintas de vinilo para se\u00f1alizaci\u00f3n, cintas de tela americanas, cintas de papel para enmascarar, cintas para embalaje","publisher":{"@id":"https:\/\/distribuidor-cintas-adhesivas.es\/fr\/#organization"},"potentialAction":[{"@type":"SearchAction","target":{"@type":"EntryPoint","urlTemplate":"https:\/\/distribuidor-cintas-adhesivas.es\/fr\/?s={search_term_string}"},"query-input":{"@type":"PropertyValueSpecification","valueRequired":true,"valueName":"search_term_string"}}],"inLanguage":"fr-FR"},{"@type":"Organization","@id":"https:\/\/distribuidor-cintas-adhesivas.es\/fr\/#organization","name":"Distribuidor de cintas 3M","url":"https:\/\/distribuidor-cintas-adhesivas.es\/fr\/","logo":{"@type":"ImageObject","inLanguage":"fr-FR","@id":"https:\/\/distribuidor-cintas-adhesivas.es\/fr\/#\/schema\/logo\/image\/","url":"https:\/\/distribuidor-cintas-adhesivas.es\/wp-content\/uploads\/2022\/10\/logo-espanol-portugues.png","contentUrl":"https:\/\/distribuidor-cintas-adhesivas.es\/wp-content\/uploads\/2022\/10\/logo-espanol-portugues.png","width":739,"height":150,"caption":"Distribuidor de cintas 3M"},"image":{"@id":"https:\/\/distribuidor-cintas-adhesivas.es\/fr\/#\/schema\/logo\/image\/"},"sameAs":["https:\/\/distribuidorcintastesa.es","https:\/\/solbi-mural.com\/es\/","https:\/\/muralsrd.com\/","https:\/\/www.instagram.com\/solbimural\/?igsh=ZnR6ZmkzZm1ubWhl"]}]}},"_links":{"self":[{"href":"https:\/\/distribuidor-cintas-adhesivas.es\/fr\/wp-json\/wp\/v2\/product\/4885","targetHints":{"allow":["GET"]}}],"collection":[{"href":"https:\/\/distribuidor-cintas-adhesivas.es\/fr\/wp-json\/wp\/v2\/product"}],"about":[{"href":"https:\/\/distribuidor-cintas-adhesivas.es\/fr\/wp-json\/wp\/v2\/types\/product"}],"wp:featuredmedia":[{"embeddable":true,"href":"https:\/\/distribuidor-cintas-adhesivas.es\/fr\/wp-json\/wp\/v2\/media\/4788"}],"wp:attachment":[{"href":"https:\/\/distribuidor-cintas-adhesivas.es\/fr\/wp-json\/wp\/v2\/media?parent=4885"}],"wp:term":[{"taxonomy":"product_brand","embeddable":true,"href":"https:\/\/distribuidor-cintas-adhesivas.es\/fr\/wp-json\/wp\/v2\/product_brand?post=4885"},{"taxonomy":"product_cat","embeddable":true,"href":"https:\/\/distribuidor-cintas-adhesivas.es\/fr\/wp-json\/wp\/v2\/product_cat?post=4885"},{"taxonomy":"product_tag","embeddable":true,"href":"https:\/\/distribuidor-cintas-adhesivas.es\/fr\/wp-json\/wp\/v2\/product_tag?post=4885"}],"curies":[{"name":"wp","href":"https:\/\/api.w.org\/{rel}","templated":true}]}}