{"id":4909,"date":"2024-05-06T10:50:00","date_gmt":"2024-05-06T10:50:00","guid":{"rendered":"https:\/\/distribuidor-cintas-adhesivas.es\/producto\/3m-primer-111-incolore-dosette\/"},"modified":"2024-07-22T08:52:14","modified_gmt":"2024-07-22T08:52:14","slug":"3m-primer-111-incolore","status":"publish","type":"product","link":"https:\/\/distribuidor-cintas-adhesivas.es\/fr\/producto\/3m-primer-111-incolore\/","title":{"rendered":"3M\u2122 Primer 111 incolore"},"content":{"rendered":"<p>3M\u2122 Primer 111 incolore est utilis\u00e9 pour la pr\u00e9paration de la surface. Ce primaire 3M pour VHB\u2122 permet une meilleure et plus rapide adh\u00e9sion de ces rubans pour l&rsquo;application. Il se pr\u00e9sente sous forme de tubes en verre monodoses avec une petite \u00e9ponge applicatrice \u00e0 l&rsquo;extr\u00e9mit\u00e9 du tube format 0.66ml ou en flacon de 250ml. Ce primaire est fabriqu\u00e9 \u00e0 base d&rsquo;alcool. Disponible en plusieurs formats.<\/p>\n<h4><span style=\"color: #3366ff;\"><a style=\"color: #3366ff;\" href=\"https:\/\/solbi-mural.com\/fr\/adhesifs-primers\/1147-1405-3m-nettoyant-et-activateur-pour-ruban-adhesifs-ap-111-tube-de-066ml-0051115711299.html\" target=\"_blank\" rel=\"noopener\"><strong>Acheter en ligne 3M AP111 0.66ml<\/strong><\/a><\/span><\/h4>\n<h4><span style=\"color: #3366ff;\"><a style=\"color: #3366ff;\" href=\"https:\/\/solbi-mural.com\/fr\/adhesifs-primers\/217-4693-3m-nettoyant-et-activateur-pour-ruban-adhesifs-ap-111-flacon-de-250-ml.html\" target=\"_blank\" rel=\"noopener\"><strong>Acheter en ligne 3M AP111 250ml<\/strong><\/a><\/span><\/h4>\n<h4><\/h4>\n<h4>Caract\u00e9ristiques<\/h4>\n<ul>\n<li>3M\u2122 Primer 111 incolore est utilis\u00e9 pour les adh\u00e9sifs \u00e0 base d&rsquo;alcool.<\/li>\n<li>Transparent une fois appliqu\u00e9.<\/li>\n<li>Peut \u00eatre utilis\u00e9 sur des substrats m\u00e9talliques et peints.<\/li>\n<li>Augmente la vitesse d&rsquo;obtention de l&rsquo;adh\u00e9rence maximale du ruban, tant \u00e0 temp\u00e9rature ambiante qu&rsquo;\u00e0 froid.<\/li>\n<\/ul>\n<h4>Applications<\/h4>\n<ul>\n<li>Avant chaque application du primaire, tester les surfaces et les formulations de peinture.<\/li>\n<li>Pour une application correcte du produit, la surface \u00e0 appr\u00eater doit \u00eatre s\u00e8che et exempte de salet\u00e9s et de graisses. Apr\u00e8s l&rsquo;application de l&rsquo;appr\u00eat, laissez-le s\u00e9cher compl\u00e8tement avant d&rsquo;appliquer le ruban, environ 5 minutes.<\/li>\n<li>Une autre application du 3M Primer AP111 est l&rsquo;utilisation en Autospoiler \/ Tunning. Pour acc\u00e9l\u00e9rer l&rsquo;adh\u00e9sion des rubans auto-adh\u00e9sifs et des bandes LED sur des surfaces probl\u00e9matiques telles que : le poly\u00e9thyl\u00e8ne (PE), le polypropyl\u00e8ne (PP), l&rsquo;acrylonitrile butadi\u00e8ne styr\u00e8ne (ABS), le polybutyl\u00e8ne (PBT) PET\/PBT et les m\u00e9langes de poly\u00e9thyl\u00e8ne t\u00e9r\u00e9phtalate (PET), les rev\u00eatements en poudre, le bois, le m\u00e9tal, les surfaces expos\u00e9es \u00e0 une humidit\u00e9 permanente (fen\u00eatres, vitrines, cuisines, salles de bains, miroirs) ou les surfaces poreuses.<\/li>\n<\/ul>\n<h4><strong>Produits similaires<\/strong><\/h4>\n<ul>\n<li>\u00a0<a href=\"https:\/\/distribuidor-cintas-adhesivas.es\/fr\/producto\/3m-stamark-p50-primer\/\" target=\"_blank\" rel=\"noopener\">Primer 3M P50<\/a><\/li>\n<\/ul>\n","protected":false},"excerpt":{"rendered":"<p>3M\u2122 Primer 111 incolore est utilis\u00e9 pour la pr\u00e9paration de la surface. Ce primaire 3M pour VHB\u2122 permet une meilleure et plus rapide adh\u00e9sion de ces rubans pour l&rsquo;application. Il se pr\u00e9sente sous forme de tubes en verre monodoses avec une petite \u00e9ponge applicatrice \u00e0 l&rsquo;extr\u00e9mit\u00e9 du tube format 0.66ml ou en flacon de 250ml. [&hellip;]<\/p>\n","protected":false},"featured_media":4893,"template":"","meta":{"site-sidebar-layout":"default","site-content-layout":"","ast-site-content-layout":"default","site-content-style":"default","site-sidebar-style":"default","ast-global-header-display":"","ast-banner-title-visibility":"","ast-main-header-display":"","ast-hfb-above-header-display":"","ast-hfb-below-header-display":"","ast-hfb-mobile-header-display":"","site-post-title":"","ast-breadcrumbs-content":"","ast-featured-img":"","footer-sml-layout":"","ast-disable-related-posts":"","theme-transparent-header-meta":"default","adv-header-id-meta":"","stick-header-meta":"","header-above-stick-meta":"","header-main-stick-meta":"","header-below-stick-meta":"","astra-migrate-meta-layouts":"set","ast-page-background-enabled":"default","ast-page-background-meta":{"desktop":{"background-color":"","background-image":"","background-repeat":"repeat","background-position":"center center","background-size":"auto","background-attachment":"scroll","background-type":"","background-media":"","overlay-type":"","overlay-color":"","overlay-opacity":"","overlay-gradient":""},"tablet":{"background-color":"","background-image":"","background-repeat":"repeat","background-position":"center center","background-size":"auto","background-attachment":"scroll","background-type":"","background-media":"","overlay-type":"","overlay-color":"","overlay-opacity":"","overlay-gradient":""},"mobile":{"background-color":"","background-image":"","background-repeat":"repeat","background-position":"center center","background-size":"auto","background-attachment":"scroll","background-type":"","background-media":"","overlay-type":"","overlay-color":"","overlay-opacity":"","overlay-gradient":""}},"ast-content-background-meta":{"desktop":{"background-color":"var(--ast-global-color-5)","background-image":"","background-repeat":"repeat","background-position":"center center","background-size":"auto","background-attachment":"scroll","background-type":"","background-media":"","overlay-type":"","overlay-color":"","overlay-opacity":"","overlay-gradient":""},"tablet":{"background-color":"var(--ast-global-color-5)","background-image":"","background-repeat":"repeat","background-position":"center center","background-size":"auto","background-attachment":"scroll","background-type":"","background-media":"","overlay-type":"","overlay-color":"","overlay-opacity":"","overlay-gradient":""},"mobile":{"background-color":"var(--ast-global-color-5)","background-image":"","background-repeat":"repeat","background-position":"center center","background-size":"auto","background-attachment":"scroll","background-type":"","background-media":"","overlay-type":"","overlay-color":"","overlay-opacity":"","overlay-gradient":""}}},"product_brand":[],"product_cat":[2669],"product_tag":[1885,2732,2733,2734,2735],"class_list":{"0":"post-4909","1":"product","2":"type-product","3":"status-publish","4":"has-post-thumbnail","6":"product_cat-primer-fr","7":"product_tag-3m-ruban-vhb-fr","8":"product_tag-ap111-fr","9":"product_tag-primaire-3m","10":"product_tag-primer-dosette","11":"product_tag-primer-vhb-fr","12":"desktop-align-center","13":"tablet-align-center","14":"mobile-align-center","16":"first","17":"instock","18":"shipping-taxable","19":"product-type-simple"},"yoast_head":"<!-- This site is optimized with the Yoast SEO Premium plugin v27.2 (Yoast SEO v27.2) - https:\/\/yoast.com\/product\/yoast-seo-premium-wordpress\/ -->\n<title>3M\u2122 Primer 111 incolore - Distribuidor de cintas 3M, productos 3M, http:\/\/www.http:\/\/distribuidorcintas3m.es, Mejores ofertas en cintas<\/title>\n<meta name=\"description\" content=\"3M\u2122 Primer 111 incolore permet d&#039;obtenir une adh\u00e9sion meilleure et plus rapide des rubans 3M\u2122 VHB\u2122, est utilis\u00e9 pour les adh\u00e9sifs \u00e0 base d&#039;alcool.\" \/>\n<meta name=\"robots\" content=\"index, follow, max-snippet:-1, max-image-preview:large, max-video-preview:-1\" \/>\n<link rel=\"canonical\" href=\"https:\/\/distribuidor-cintas-adhesivas.es\/fr\/producto\/3m-primer-111-incolore\/\" \/>\n<meta property=\"og:locale\" content=\"fr_FR\" \/>\n<meta property=\"og:type\" content=\"article\" \/>\n<meta property=\"og:title\" content=\"3M\u2122 Primer 111 incolore\" \/>\n<meta property=\"og:description\" content=\"3M\u2122 Primer 111 incolore permet d&#039;obtenir une adh\u00e9sion meilleure et plus rapide des rubans 3M\u2122 VHB\u2122, est utilis\u00e9 pour les adh\u00e9sifs \u00e0 base d&#039;alcool.\" \/>\n<meta property=\"og:url\" content=\"https:\/\/distribuidor-cintas-adhesivas.es\/fr\/producto\/3m-primer-111-incolore\/\" \/>\n<meta property=\"og:site_name\" content=\"Distribuidor de cintas 3M, productos 3M, http:\/\/www.http:\/\/distribuidorcintas3m.es, Mejores ofertas en cintas\" \/>\n<meta property=\"article:modified_time\" content=\"2024-07-22T08:52:14+00:00\" \/>\n<meta property=\"og:image\" content=\"https:\/\/distribuidor-cintas-adhesivas.es\/wp-content\/uploads\/2024\/05\/limpiador-activador-cintas-adhesivas-ap111-monodosis-3M.jpg\" \/>\n\t<meta property=\"og:image:width\" content=\"600\" \/>\n\t<meta property=\"og:image:height\" content=\"600\" \/>\n\t<meta property=\"og:image:type\" content=\"image\/jpeg\" \/>\n<meta name=\"twitter:card\" content=\"summary_large_image\" \/>\n<meta name=\"twitter:label1\" content=\"Dur\u00e9e de lecture estim\u00e9e\" \/>\n\t<meta name=\"twitter:data1\" content=\"2 minutes\" \/>\n<script type=\"application\/ld+json\" class=\"yoast-schema-graph\">{\"@context\":\"https:\/\/schema.org\",\"@graph\":[{\"@type\":\"WebPage\",\"@id\":\"https:\/\/distribuidor-cintas-adhesivas.es\/fr\/producto\/3m-primer-111-incolore\/\",\"url\":\"https:\/\/distribuidor-cintas-adhesivas.es\/fr\/producto\/3m-primer-111-incolore\/\",\"name\":\"3M\u2122 Primer 111 incolore - Distribuidor de cintas 3M, productos 3M, http:\/\/www.http:\/\/distribuidorcintas3m.es, Mejores ofertas en cintas\",\"isPartOf\":{\"@id\":\"https:\/\/distribuidor-cintas-adhesivas.es\/fr\/#website\"},\"primaryImageOfPage\":{\"@id\":\"https:\/\/distribuidor-cintas-adhesivas.es\/fr\/producto\/3m-primer-111-incolore\/#primaryimage\"},\"image\":{\"@id\":\"https:\/\/distribuidor-cintas-adhesivas.es\/fr\/producto\/3m-primer-111-incolore\/#primaryimage\"},\"thumbnailUrl\":\"https:\/\/distribuidor-cintas-adhesivas.es\/wp-content\/uploads\/2024\/05\/limpiador-activador-cintas-adhesivas-ap111-monodosis-3M.jpg\",\"datePublished\":\"2024-05-06T10:50:00+00:00\",\"dateModified\":\"2024-07-22T08:52:14+00:00\",\"description\":\"3M\u2122 Primer 111 incolore permet d'obtenir une adh\u00e9sion meilleure et plus rapide des rubans 3M\u2122 VHB\u2122, est utilis\u00e9 pour les adh\u00e9sifs \u00e0 base d'alcool.\",\"breadcrumb\":{\"@id\":\"https:\/\/distribuidor-cintas-adhesivas.es\/fr\/producto\/3m-primer-111-incolore\/#breadcrumb\"},\"inLanguage\":\"fr-FR\",\"potentialAction\":[{\"@type\":\"ReadAction\",\"target\":[\"https:\/\/distribuidor-cintas-adhesivas.es\/fr\/producto\/3m-primer-111-incolore\/\"]}]},{\"@type\":\"ImageObject\",\"inLanguage\":\"fr-FR\",\"@id\":\"https:\/\/distribuidor-cintas-adhesivas.es\/fr\/producto\/3m-primer-111-incolore\/#primaryimage\",\"url\":\"https:\/\/distribuidor-cintas-adhesivas.es\/wp-content\/uploads\/2024\/05\/limpiador-activador-cintas-adhesivas-ap111-monodosis-3M.jpg\",\"contentUrl\":\"https:\/\/distribuidor-cintas-adhesivas.es\/wp-content\/uploads\/2024\/05\/limpiador-activador-cintas-adhesivas-ap111-monodosis-3M.jpg\",\"width\":600,\"height\":600,\"caption\":\"adh\u00e9sif-activateur-nettoyeur-ap111-monodose-3M\"},{\"@type\":\"BreadcrumbList\",\"@id\":\"https:\/\/distribuidor-cintas-adhesivas.es\/fr\/producto\/3m-primer-111-incolore\/#breadcrumb\",\"itemListElement\":[{\"@type\":\"ListItem\",\"position\":1,\"name\":\"Portada\",\"item\":\"https:\/\/distribuidor-cintas-adhesivas.es\/fr\/\"},{\"@type\":\"ListItem\",\"position\":2,\"name\":\"Produits\",\"item\":\"https:\/\/distribuidor-cintas-adhesivas.es\/shop\/\"},{\"@type\":\"ListItem\",\"position\":3,\"name\":\"3M\u2122 Primer 111 incolore\"}]},{\"@type\":\"WebSite\",\"@id\":\"https:\/\/distribuidor-cintas-adhesivas.es\/fr\/#website\",\"url\":\"https:\/\/distribuidor-cintas-adhesivas.es\/fr\/\",\"name\":\"Distribuidor de cintas 3M\",\"description\":\"Distribuidor de cintas 3M, productos 3M, cinta adhesiva, 3M cinta doble cara, adhesivos 3M, cinta antideslizante, velcro 3M, cinta reflectante, 3m scotch, selladores de tuber\u00edas, formadores de juntas, retenedores, cianocrilatos reforzados con caucho, cianocrilatos ultrar\u00e1pidos, cianocrilatos para plasticos y caucho, cianocrilatos generales, cianocrilatos con poco olor, cianocrilatos para metales, adhesivos en aerosol, selladores y adhesivos, cintas de aluminio, cintas de vinilo para se\u00f1alizaci\u00f3n, cintas de tela americanas, cintas de papel para enmascarar, cintas para embalaje\",\"publisher\":{\"@id\":\"https:\/\/distribuidor-cintas-adhesivas.es\/fr\/#organization\"},\"potentialAction\":[{\"@type\":\"SearchAction\",\"target\":{\"@type\":\"EntryPoint\",\"urlTemplate\":\"https:\/\/distribuidor-cintas-adhesivas.es\/fr\/?s={search_term_string}\"},\"query-input\":{\"@type\":\"PropertyValueSpecification\",\"valueRequired\":true,\"valueName\":\"search_term_string\"}}],\"inLanguage\":\"fr-FR\"},{\"@type\":\"Organization\",\"@id\":\"https:\/\/distribuidor-cintas-adhesivas.es\/fr\/#organization\",\"name\":\"Distribuidor de cintas 3M\",\"url\":\"https:\/\/distribuidor-cintas-adhesivas.es\/fr\/\",\"logo\":{\"@type\":\"ImageObject\",\"inLanguage\":\"fr-FR\",\"@id\":\"https:\/\/distribuidor-cintas-adhesivas.es\/fr\/#\/schema\/logo\/image\/\",\"url\":\"https:\/\/distribuidor-cintas-adhesivas.es\/wp-content\/uploads\/2022\/10\/logo-espanol-portugues.png\",\"contentUrl\":\"https:\/\/distribuidor-cintas-adhesivas.es\/wp-content\/uploads\/2022\/10\/logo-espanol-portugues.png\",\"width\":739,\"height\":150,\"caption\":\"Distribuidor de cintas 3M\"},\"image\":{\"@id\":\"https:\/\/distribuidor-cintas-adhesivas.es\/fr\/#\/schema\/logo\/image\/\"},\"sameAs\":[\"https:\/\/distribuidorcintastesa.es\",\"https:\/\/solbi-mural.com\/es\/\",\"https:\/\/muralsrd.com\/\",\"https:\/\/www.instagram.com\/solbimural\/?igsh=ZnR6ZmkzZm1ubWhl\"]}]}<\/script>\n<!-- \/ Yoast SEO Premium plugin. -->","yoast_head_json":{"title":"3M\u2122 Primer 111 incolore - Distribuidor de cintas 3M, productos 3M, http:\/\/www.http:\/\/distribuidorcintas3m.es, Mejores ofertas en cintas","description":"3M\u2122 Primer 111 incolore permet d'obtenir une adh\u00e9sion meilleure et plus rapide des rubans 3M\u2122 VHB\u2122, est utilis\u00e9 pour les adh\u00e9sifs \u00e0 base d'alcool.","robots":{"index":"index","follow":"follow","max-snippet":"max-snippet:-1","max-image-preview":"max-image-preview:large","max-video-preview":"max-video-preview:-1"},"canonical":"https:\/\/distribuidor-cintas-adhesivas.es\/fr\/producto\/3m-primer-111-incolore\/","og_locale":"fr_FR","og_type":"article","og_title":"3M\u2122 Primer 111 incolore","og_description":"3M\u2122 Primer 111 incolore permet d'obtenir une adh\u00e9sion meilleure et plus rapide des rubans 3M\u2122 VHB\u2122, est utilis\u00e9 pour les adh\u00e9sifs \u00e0 base d'alcool.","og_url":"https:\/\/distribuidor-cintas-adhesivas.es\/fr\/producto\/3m-primer-111-incolore\/","og_site_name":"Distribuidor de cintas 3M, productos 3M, http:\/\/www.http:\/\/distribuidorcintas3m.es, Mejores ofertas en cintas","article_modified_time":"2024-07-22T08:52:14+00:00","og_image":[{"width":600,"height":600,"url":"https:\/\/distribuidor-cintas-adhesivas.es\/wp-content\/uploads\/2024\/05\/limpiador-activador-cintas-adhesivas-ap111-monodosis-3M.jpg","type":"image\/jpeg"}],"twitter_card":"summary_large_image","twitter_misc":{"Dur\u00e9e de lecture estim\u00e9e":"2 minutes"},"schema":{"@context":"https:\/\/schema.org","@graph":[{"@type":"WebPage","@id":"https:\/\/distribuidor-cintas-adhesivas.es\/fr\/producto\/3m-primer-111-incolore\/","url":"https:\/\/distribuidor-cintas-adhesivas.es\/fr\/producto\/3m-primer-111-incolore\/","name":"3M\u2122 Primer 111 incolore - Distribuidor de cintas 3M, productos 3M, http:\/\/www.http:\/\/distribuidorcintas3m.es, Mejores ofertas en cintas","isPartOf":{"@id":"https:\/\/distribuidor-cintas-adhesivas.es\/fr\/#website"},"primaryImageOfPage":{"@id":"https:\/\/distribuidor-cintas-adhesivas.es\/fr\/producto\/3m-primer-111-incolore\/#primaryimage"},"image":{"@id":"https:\/\/distribuidor-cintas-adhesivas.es\/fr\/producto\/3m-primer-111-incolore\/#primaryimage"},"thumbnailUrl":"https:\/\/distribuidor-cintas-adhesivas.es\/wp-content\/uploads\/2024\/05\/limpiador-activador-cintas-adhesivas-ap111-monodosis-3M.jpg","datePublished":"2024-05-06T10:50:00+00:00","dateModified":"2024-07-22T08:52:14+00:00","description":"3M\u2122 Primer 111 incolore permet d'obtenir une adh\u00e9sion meilleure et plus rapide des rubans 3M\u2122 VHB\u2122, est utilis\u00e9 pour les adh\u00e9sifs \u00e0 base d'alcool.","breadcrumb":{"@id":"https:\/\/distribuidor-cintas-adhesivas.es\/fr\/producto\/3m-primer-111-incolore\/#breadcrumb"},"inLanguage":"fr-FR","potentialAction":[{"@type":"ReadAction","target":["https:\/\/distribuidor-cintas-adhesivas.es\/fr\/producto\/3m-primer-111-incolore\/"]}]},{"@type":"ImageObject","inLanguage":"fr-FR","@id":"https:\/\/distribuidor-cintas-adhesivas.es\/fr\/producto\/3m-primer-111-incolore\/#primaryimage","url":"https:\/\/distribuidor-cintas-adhesivas.es\/wp-content\/uploads\/2024\/05\/limpiador-activador-cintas-adhesivas-ap111-monodosis-3M.jpg","contentUrl":"https:\/\/distribuidor-cintas-adhesivas.es\/wp-content\/uploads\/2024\/05\/limpiador-activador-cintas-adhesivas-ap111-monodosis-3M.jpg","width":600,"height":600,"caption":"adh\u00e9sif-activateur-nettoyeur-ap111-monodose-3M"},{"@type":"BreadcrumbList","@id":"https:\/\/distribuidor-cintas-adhesivas.es\/fr\/producto\/3m-primer-111-incolore\/#breadcrumb","itemListElement":[{"@type":"ListItem","position":1,"name":"Portada","item":"https:\/\/distribuidor-cintas-adhesivas.es\/fr\/"},{"@type":"ListItem","position":2,"name":"Produits","item":"https:\/\/distribuidor-cintas-adhesivas.es\/shop\/"},{"@type":"ListItem","position":3,"name":"3M\u2122 Primer 111 incolore"}]},{"@type":"WebSite","@id":"https:\/\/distribuidor-cintas-adhesivas.es\/fr\/#website","url":"https:\/\/distribuidor-cintas-adhesivas.es\/fr\/","name":"Distribuidor de cintas 3M","description":"Distribuidor de cintas 3M, productos 3M, cinta adhesiva, 3M cinta doble cara, adhesivos 3M, cinta antideslizante, velcro 3M, cinta reflectante, 3m scotch, selladores de tuber\u00edas, formadores de juntas, retenedores, cianocrilatos reforzados con caucho, cianocrilatos ultrar\u00e1pidos, cianocrilatos para plasticos y caucho, cianocrilatos generales, cianocrilatos con poco olor, cianocrilatos para metales, adhesivos en aerosol, selladores y adhesivos, cintas de aluminio, cintas de vinilo para se\u00f1alizaci\u00f3n, cintas de tela americanas, cintas de papel para enmascarar, cintas para embalaje","publisher":{"@id":"https:\/\/distribuidor-cintas-adhesivas.es\/fr\/#organization"},"potentialAction":[{"@type":"SearchAction","target":{"@type":"EntryPoint","urlTemplate":"https:\/\/distribuidor-cintas-adhesivas.es\/fr\/?s={search_term_string}"},"query-input":{"@type":"PropertyValueSpecification","valueRequired":true,"valueName":"search_term_string"}}],"inLanguage":"fr-FR"},{"@type":"Organization","@id":"https:\/\/distribuidor-cintas-adhesivas.es\/fr\/#organization","name":"Distribuidor de cintas 3M","url":"https:\/\/distribuidor-cintas-adhesivas.es\/fr\/","logo":{"@type":"ImageObject","inLanguage":"fr-FR","@id":"https:\/\/distribuidor-cintas-adhesivas.es\/fr\/#\/schema\/logo\/image\/","url":"https:\/\/distribuidor-cintas-adhesivas.es\/wp-content\/uploads\/2022\/10\/logo-espanol-portugues.png","contentUrl":"https:\/\/distribuidor-cintas-adhesivas.es\/wp-content\/uploads\/2022\/10\/logo-espanol-portugues.png","width":739,"height":150,"caption":"Distribuidor de cintas 3M"},"image":{"@id":"https:\/\/distribuidor-cintas-adhesivas.es\/fr\/#\/schema\/logo\/image\/"},"sameAs":["https:\/\/distribuidorcintastesa.es","https:\/\/solbi-mural.com\/es\/","https:\/\/muralsrd.com\/","https:\/\/www.instagram.com\/solbimural\/?igsh=ZnR6ZmkzZm1ubWhl"]}]}},"_links":{"self":[{"href":"https:\/\/distribuidor-cintas-adhesivas.es\/fr\/wp-json\/wp\/v2\/product\/4909","targetHints":{"allow":["GET"]}}],"collection":[{"href":"https:\/\/distribuidor-cintas-adhesivas.es\/fr\/wp-json\/wp\/v2\/product"}],"about":[{"href":"https:\/\/distribuidor-cintas-adhesivas.es\/fr\/wp-json\/wp\/v2\/types\/product"}],"wp:featuredmedia":[{"embeddable":true,"href":"https:\/\/distribuidor-cintas-adhesivas.es\/fr\/wp-json\/wp\/v2\/media\/4893"}],"wp:attachment":[{"href":"https:\/\/distribuidor-cintas-adhesivas.es\/fr\/wp-json\/wp\/v2\/media?parent=4909"}],"wp:term":[{"taxonomy":"product_brand","embeddable":true,"href":"https:\/\/distribuidor-cintas-adhesivas.es\/fr\/wp-json\/wp\/v2\/product_brand?post=4909"},{"taxonomy":"product_cat","embeddable":true,"href":"https:\/\/distribuidor-cintas-adhesivas.es\/fr\/wp-json\/wp\/v2\/product_cat?post=4909"},{"taxonomy":"product_tag","embeddable":true,"href":"https:\/\/distribuidor-cintas-adhesivas.es\/fr\/wp-json\/wp\/v2\/product_tag?post=4909"}],"curies":[{"name":"wp","href":"https:\/\/api.w.org\/{rel}","templated":true}]}}