{"id":4983,"date":"2024-05-07T11:47:15","date_gmt":"2024-05-07T11:47:15","guid":{"rendered":"https:\/\/distribuidor-cintas-adhesivas.es\/producto\/3m-3410-ruban-reflechissant-a-microprisme-classe-ra2\/"},"modified":"2024-07-22T08:51:40","modified_gmt":"2024-07-22T08:51:40","slug":"3m-3410-ruban-reflechissant-a-microprisme-classe-ra2","status":"publish","type":"product","link":"https:\/\/distribuidor-cintas-adhesivas.es\/fr\/producto\/3m-3410-ruban-reflechissant-a-microprisme-classe-ra2\/","title":{"rendered":"3M\u2122 3410 Ruban R\u00e9fl\u00e9chissant \u00e0 Microprisme Classe RA2"},"content":{"rendered":"<p>3M\u2122 3410 Ruban R\u00e9fl\u00e9chissant \u00e0 Microprisme Classe RA2 est con\u00e7u pour le marquage des v\u00e9hicules d&rsquo;urgence tels que les ambulances ou les d\u00e9panneuses, conform\u00e9ment \u00e0 la nouvelle r\u00e9glementation. L&rsquo;homologation selon la norme DIN 30710 est destin\u00e9e au marquage de s\u00e9curit\u00e9 des v\u00e9hicules b\u00e9n\u00e9ficiant de droits sp\u00e9ciaux conform\u00e9ment \u00e0 l&rsquo;article 35 (6) du code de la route allemand. Marquage V2.<\/p>\n<p>Conforme aux valeurs de r\u00e9flectivit\u00e9 de la norme EN 12899-1 : et au R\u00e8glement g\u00e9n\u00e9ral sur les v\u00e9hicules, BOE 23 janvier 2010 ; panneau V2 (V\u00e9hicule Obstacle sur la route), selon le rapport technique \u00e9mis par le L.C.O.E. (Laboratoire central officiel d&rsquo;\u00e9lectrotechnique). Il est vendu en paquets de 2 bandes (droite et gauche).<\/p>\n<h4><span style=\"color: #3366ff;\"><a style=\"color: #3366ff;\" href=\"https:\/\/solbi-mural.com\/fr\/3m-reflechissants\/61-2024-3m-feuille-retroreflechissante-microprismatique-3410-classe-ra2-blancrouge-paquet-de-2-rx-141mm-x-9m-1-gauche-1-droite.html\" target=\"_blank\" rel=\"noopener\"><strong>Achat en ligne 3M 3410<\/strong><\/a><\/span><\/h4>\n<p>&nbsp;<\/p>\n<h4>Caract\u00e9ristiques<\/h4>\n<ul>\n<li>3M\u2122 3410 Ruban R\u00e9fl\u00e9chissant \u00e0 Microprisme Classe RA2 est homologu\u00e9 pour la signalisation des ambulances. Marquage V2.<\/li>\n<li>Tr\u00e8s bonne vision nocturne<\/li>\n<li>Plus fin et plus souple gr\u00e2ce \u00e0 la construction monocouche<\/li>\n<li>Chevron blanc et rouge imprim\u00e9 \u00e0 45\u00b0.<\/li>\n<li>Aspect blanc (plus blanc que les rubans de marquage de v\u00e9hicules courants)<\/li>\n<\/ul>\n<p><strong style=\"font-size: 1.3em;\">Applications <\/strong><\/p>\n<ul>\n<li>Facile \u00e0 appliquer, il suffit d&rsquo;exercer une l\u00e9g\u00e8re pression \u00e0 la main ou \u00e0 l&rsquo;aide d&rsquo;une spatule en plastique\/caoutchouc.<\/li>\n<li>Convient pour l&rsquo;application sur des surfaces lisses et peu courb\u00e9es.<\/li>\n<li>R\u00e9sistant aux chocs<\/li>\n<li>Enlevable \u00e0 la chaleur<\/li>\n<li>Garantie 3M jusqu&rsquo;\u00e0 3 ans en ext\u00e9rieur<\/li>\n<\/ul>\n<p>Si vous recherchez de la flexibilit\u00e9 et\/ou un mat\u00e9riau adaptable pour les b\u00e2ches, nous vous recommandons les rubans 3M\u00a0<a href=\"https:\/\/solbi-mural.com\/fr\/3m-reflechissants\/48-44-3m-diamond-grade-997957-ruban-adhesif-reflechissant-micro-prismatique-segmente-classe-c-ece104-dg3-rouleau-50m-x-51mm.html\" target=\"_blank\" rel=\"noopener\">957S<\/a> o <a href=\"https:\/\/solbi-mural.com\/fr\/3m-reflechissants\/39-29-3m-diamond-grade-983-72s-reflechissant-segm-citerne-rouleau-50mm-x-50m-4046719623860.html\" target=\"_blank\" rel=\"noopener\">983S<\/a>.<\/p>\n<h4><strong>Produits similaires<\/strong><\/h4>\n<ul>\n<li><a href=\"https:\/\/distribuidor-cintas-adhesivas.es\/fr\/producto\/3m-823i-bande-reflechissante-flexible-classe-ra2\/\" target=\"_blank\" rel=\"noopener\">823i<\/a><\/li>\n<li><a href=\"https:\/\/distribuidor-cintas-adhesivas.es\/fr\/producto\/3m-957s-contour-de-securite-segmente-ece104\/\" target=\"_blank\" rel=\"noopener\">957S<\/a><\/li>\n<li><a href=\"https:\/\/distribuidor-cintas-adhesivas.es\/fr\/producto\/3m-diamond-grade-983s-contour-de-securite-segmente-ece104\/\" target=\"_blank\" rel=\"noopener\">983S<\/a><\/li>\n<li><a href=\"https:\/\/distribuidor-cintas-adhesivas.es\/fr\/producto\/3m-3932-haute-intensite-prismatique-serie-classe-ra2\/\">3932<\/a><\/li>\n<li><a href=\"https:\/\/distribuidor-cintas-adhesivas.es\/fr\/producto\/3m-engineer-grade-serie-3430-film-retroreflechissant\/\">3430 (3431)<\/a><\/li>\n<li><a href=\"https:\/\/distribuidor-cintas-adhesivas.es\/fr\/producto\/3m-diamond-grade-4083-speciale-pompiers\/\">4083<\/a><\/li>\n<\/ul>\n","protected":false},"excerpt":{"rendered":"<p>3M\u2122 3410 Ruban R\u00e9fl\u00e9chissant \u00e0 Microprisme Classe RA2 est con\u00e7u pour le marquage des v\u00e9hicules d&rsquo;urgence tels que les ambulances ou les d\u00e9panneuses, conform\u00e9ment \u00e0 la nouvelle r\u00e9glementation. L&rsquo;homologation selon la norme DIN 30710 est destin\u00e9e au marquage de s\u00e9curit\u00e9 des v\u00e9hicules b\u00e9n\u00e9ficiant de droits sp\u00e9ciaux conform\u00e9ment \u00e0 l&rsquo;article 35 (6) du code de la [&hellip;]<\/p>\n","protected":false},"featured_media":4979,"template":"","meta":{"site-sidebar-layout":"default","site-content-layout":"","ast-site-content-layout":"default","site-content-style":"default","site-sidebar-style":"default","ast-global-header-display":"","ast-banner-title-visibility":"","ast-main-header-display":"","ast-hfb-above-header-display":"","ast-hfb-below-header-display":"","ast-hfb-mobile-header-display":"","site-post-title":"","ast-breadcrumbs-content":"","ast-featured-img":"","footer-sml-layout":"","ast-disable-related-posts":"","theme-transparent-header-meta":"default","adv-header-id-meta":"","stick-header-meta":"","header-above-stick-meta":"","header-main-stick-meta":"","header-below-stick-meta":"","astra-migrate-meta-layouts":"set","ast-page-background-enabled":"default","ast-page-background-meta":{"desktop":{"background-color":"","background-image":"","background-repeat":"repeat","background-position":"center center","background-size":"auto","background-attachment":"scroll","background-type":"","background-media":"","overlay-type":"","overlay-color":"","overlay-opacity":"","overlay-gradient":""},"tablet":{"background-color":"","background-image":"","background-repeat":"repeat","background-position":"center center","background-size":"auto","background-attachment":"scroll","background-type":"","background-media":"","overlay-type":"","overlay-color":"","overlay-opacity":"","overlay-gradient":""},"mobile":{"background-color":"","background-image":"","background-repeat":"repeat","background-position":"center center","background-size":"auto","background-attachment":"scroll","background-type":"","background-media":"","overlay-type":"","overlay-color":"","overlay-opacity":"","overlay-gradient":""}},"ast-content-background-meta":{"desktop":{"background-color":"var(--ast-global-color-5)","background-image":"","background-repeat":"repeat","background-position":"center center","background-size":"auto","background-attachment":"scroll","background-type":"","background-media":"","overlay-type":"","overlay-color":"","overlay-opacity":"","overlay-gradient":""},"tablet":{"background-color":"var(--ast-global-color-5)","background-image":"","background-repeat":"repeat","background-position":"center center","background-size":"auto","background-attachment":"scroll","background-type":"","background-media":"","overlay-type":"","overlay-color":"","overlay-opacity":"","overlay-gradient":""},"mobile":{"background-color":"var(--ast-global-color-5)","background-image":"","background-repeat":"repeat","background-position":"center center","background-size":"auto","background-attachment":"scroll","background-type":"","background-media":"","overlay-type":"","overlay-color":"","overlay-opacity":"","overlay-gradient":""}}},"product_brand":[],"product_cat":[2650],"product_tag":[2754,2757,2758,2755,2756],"class_list":{"0":"post-4983","1":"product","2":"type-product","3":"status-publish","4":"has-post-thumbnail","6":"product_cat-rubans-reflechissants-fr","7":"product_tag-3410-3m-fr","8":"product_tag-bande-reflechissante-ambulance","9":"product_tag-bande-reflechissante-pour-grue","10":"product_tag-ruban-3410-3m","11":"product_tag-ruban-homologue","12":"desktop-align-center","13":"tablet-align-center","14":"mobile-align-center","16":"first","17":"instock","18":"shipping-taxable","19":"product-type-simple"},"yoast_head":"<!-- This site is optimized with the Yoast SEO Premium plugin v27.2 (Yoast SEO v27.2) - https:\/\/yoast.com\/product\/yoast-seo-premium-wordpress\/ -->\n<title>3M\u2122 3410 ruban r\u00e9fl\u00e9chissant \u00e0 microprisme classe RA2<\/title>\n<meta name=\"description\" content=\"3M\u2122 3410 ruban r\u00e9fl\u00e9chissant \u00e0 microprisme classe RA2 est utilis\u00e9 pour la signalisation des v\u00e9hicules d&#039;urgence tels que les ambulances ou les grues.\" \/>\n<meta name=\"robots\" content=\"index, follow, max-snippet:-1, max-image-preview:large, max-video-preview:-1\" \/>\n<link rel=\"canonical\" href=\"https:\/\/distribuidor-cintas-adhesivas.es\/fr\/producto\/3m-3410-ruban-reflechissant-a-microprisme-classe-ra2\/\" \/>\n<meta property=\"og:locale\" content=\"fr_FR\" \/>\n<meta property=\"og:type\" content=\"article\" \/>\n<meta property=\"og:title\" content=\"3M\u2122 3410 Ruban R\u00e9fl\u00e9chissant \u00e0 Microprisme Classe RA2\" \/>\n<meta property=\"og:description\" content=\"3M\u2122 3410 ruban r\u00e9fl\u00e9chissant \u00e0 microprisme classe RA2 est utilis\u00e9 pour la signalisation des v\u00e9hicules d&#039;urgence tels que les ambulances ou les grues.\" \/>\n<meta property=\"og:url\" content=\"https:\/\/distribuidor-cintas-adhesivas.es\/fr\/producto\/3m-3410-ruban-reflechissant-a-microprisme-classe-ra2\/\" \/>\n<meta property=\"og:site_name\" content=\"Distribuidor de cintas 3M, productos 3M, http:\/\/www.http:\/\/distribuidorcintas3m.es, Mejores ofertas en cintas\" \/>\n<meta property=\"article:modified_time\" content=\"2024-07-22T08:51:40+00:00\" \/>\n<meta property=\"og:image\" content=\"https:\/\/distribuidor-cintas-adhesivas.es\/wp-content\/uploads\/2024\/05\/3M-3410-Cinta-reflectante-Microprismas-Clase-RA2-scaled.jpeg\" \/>\n\t<meta property=\"og:image:width\" content=\"2560\" \/>\n\t<meta property=\"og:image:height\" content=\"2560\" \/>\n\t<meta property=\"og:image:type\" content=\"image\/jpeg\" \/>\n<meta name=\"twitter:card\" content=\"summary_large_image\" \/>\n<meta name=\"twitter:label1\" content=\"Dur\u00e9e de lecture estim\u00e9e\" \/>\n\t<meta name=\"twitter:data1\" content=\"2 minutes\" \/>\n<script type=\"application\/ld+json\" class=\"yoast-schema-graph\">{\"@context\":\"https:\/\/schema.org\",\"@graph\":[{\"@type\":\"WebPage\",\"@id\":\"https:\/\/distribuidor-cintas-adhesivas.es\/fr\/producto\/3m-3410-ruban-reflechissant-a-microprisme-classe-ra2\/\",\"url\":\"https:\/\/distribuidor-cintas-adhesivas.es\/fr\/producto\/3m-3410-ruban-reflechissant-a-microprisme-classe-ra2\/\",\"name\":\"3M\u2122 3410 ruban r\u00e9fl\u00e9chissant \u00e0 microprisme classe RA2\",\"isPartOf\":{\"@id\":\"https:\/\/distribuidor-cintas-adhesivas.es\/fr\/#website\"},\"primaryImageOfPage\":{\"@id\":\"https:\/\/distribuidor-cintas-adhesivas.es\/fr\/producto\/3m-3410-ruban-reflechissant-a-microprisme-classe-ra2\/#primaryimage\"},\"image\":{\"@id\":\"https:\/\/distribuidor-cintas-adhesivas.es\/fr\/producto\/3m-3410-ruban-reflechissant-a-microprisme-classe-ra2\/#primaryimage\"},\"thumbnailUrl\":\"https:\/\/distribuidor-cintas-adhesivas.es\/wp-content\/uploads\/2024\/05\/3M-3410-Cinta-reflectante-Microprismas-Clase-RA2-scaled.jpeg\",\"datePublished\":\"2024-05-07T11:47:15+00:00\",\"dateModified\":\"2024-07-22T08:51:40+00:00\",\"description\":\"3M\u2122 3410 ruban r\u00e9fl\u00e9chissant \u00e0 microprisme classe RA2 est utilis\u00e9 pour la signalisation des v\u00e9hicules d'urgence tels que les ambulances ou les grues.\",\"breadcrumb\":{\"@id\":\"https:\/\/distribuidor-cintas-adhesivas.es\/fr\/producto\/3m-3410-ruban-reflechissant-a-microprisme-classe-ra2\/#breadcrumb\"},\"inLanguage\":\"fr-FR\",\"potentialAction\":[{\"@type\":\"ReadAction\",\"target\":[\"https:\/\/distribuidor-cintas-adhesivas.es\/fr\/producto\/3m-3410-ruban-reflechissant-a-microprisme-classe-ra2\/\"]}]},{\"@type\":\"ImageObject\",\"inLanguage\":\"fr-FR\",\"@id\":\"https:\/\/distribuidor-cintas-adhesivas.es\/fr\/producto\/3m-3410-ruban-reflechissant-a-microprisme-classe-ra2\/#primaryimage\",\"url\":\"https:\/\/distribuidor-cintas-adhesivas.es\/wp-content\/uploads\/2024\/05\/3M-3410-Cinta-reflectante-Microprismas-Clase-RA2-scaled.jpeg\",\"contentUrl\":\"https:\/\/distribuidor-cintas-adhesivas.es\/wp-content\/uploads\/2024\/05\/3M-3410-Cinta-reflectante-Microprismas-Clase-RA2-scaled.jpeg\",\"width\":2560,\"height\":2560,\"caption\":\"3M 3410 Bande r\u00e9fl\u00e9chissante Microprismes Classe RA2\"},{\"@type\":\"BreadcrumbList\",\"@id\":\"https:\/\/distribuidor-cintas-adhesivas.es\/fr\/producto\/3m-3410-ruban-reflechissant-a-microprisme-classe-ra2\/#breadcrumb\",\"itemListElement\":[{\"@type\":\"ListItem\",\"position\":1,\"name\":\"Portada\",\"item\":\"https:\/\/distribuidor-cintas-adhesivas.es\/fr\/\"},{\"@type\":\"ListItem\",\"position\":2,\"name\":\"Produits\",\"item\":\"https:\/\/distribuidor-cintas-adhesivas.es\/shop\/\"},{\"@type\":\"ListItem\",\"position\":3,\"name\":\"3M\u2122 3410 Ruban R\u00e9fl\u00e9chissant \u00e0 Microprisme Classe RA2\"}]},{\"@type\":\"WebSite\",\"@id\":\"https:\/\/distribuidor-cintas-adhesivas.es\/fr\/#website\",\"url\":\"https:\/\/distribuidor-cintas-adhesivas.es\/fr\/\",\"name\":\"Distribuidor de cintas 3M\",\"description\":\"Distribuidor de cintas 3M, productos 3M, cinta adhesiva, 3M cinta doble cara, adhesivos 3M, cinta antideslizante, velcro 3M, cinta reflectante, 3m scotch, selladores de tuber\u00edas, formadores de juntas, retenedores, cianocrilatos reforzados con caucho, cianocrilatos ultrar\u00e1pidos, cianocrilatos para plasticos y caucho, cianocrilatos generales, cianocrilatos con poco olor, cianocrilatos para metales, adhesivos en aerosol, selladores y adhesivos, cintas de aluminio, cintas de vinilo para se\u00f1alizaci\u00f3n, cintas de tela americanas, cintas de papel para enmascarar, cintas para embalaje\",\"publisher\":{\"@id\":\"https:\/\/distribuidor-cintas-adhesivas.es\/fr\/#organization\"},\"potentialAction\":[{\"@type\":\"SearchAction\",\"target\":{\"@type\":\"EntryPoint\",\"urlTemplate\":\"https:\/\/distribuidor-cintas-adhesivas.es\/fr\/?s={search_term_string}\"},\"query-input\":{\"@type\":\"PropertyValueSpecification\",\"valueRequired\":true,\"valueName\":\"search_term_string\"}}],\"inLanguage\":\"fr-FR\"},{\"@type\":\"Organization\",\"@id\":\"https:\/\/distribuidor-cintas-adhesivas.es\/fr\/#organization\",\"name\":\"Distribuidor de cintas 3M\",\"url\":\"https:\/\/distribuidor-cintas-adhesivas.es\/fr\/\",\"logo\":{\"@type\":\"ImageObject\",\"inLanguage\":\"fr-FR\",\"@id\":\"https:\/\/distribuidor-cintas-adhesivas.es\/fr\/#\/schema\/logo\/image\/\",\"url\":\"https:\/\/distribuidor-cintas-adhesivas.es\/wp-content\/uploads\/2022\/10\/logo-espanol-portugues.png\",\"contentUrl\":\"https:\/\/distribuidor-cintas-adhesivas.es\/wp-content\/uploads\/2022\/10\/logo-espanol-portugues.png\",\"width\":739,\"height\":150,\"caption\":\"Distribuidor de cintas 3M\"},\"image\":{\"@id\":\"https:\/\/distribuidor-cintas-adhesivas.es\/fr\/#\/schema\/logo\/image\/\"},\"sameAs\":[\"https:\/\/distribuidorcintastesa.es\",\"https:\/\/solbi-mural.com\/es\/\",\"https:\/\/muralsrd.com\/\",\"https:\/\/www.instagram.com\/solbimural\/?igsh=ZnR6ZmkzZm1ubWhl\"]}]}<\/script>\n<!-- \/ Yoast SEO Premium plugin. -->","yoast_head_json":{"title":"3M\u2122 3410 ruban r\u00e9fl\u00e9chissant \u00e0 microprisme classe RA2","description":"3M\u2122 3410 ruban r\u00e9fl\u00e9chissant \u00e0 microprisme classe RA2 est utilis\u00e9 pour la signalisation des v\u00e9hicules d'urgence tels que les ambulances ou les grues.","robots":{"index":"index","follow":"follow","max-snippet":"max-snippet:-1","max-image-preview":"max-image-preview:large","max-video-preview":"max-video-preview:-1"},"canonical":"https:\/\/distribuidor-cintas-adhesivas.es\/fr\/producto\/3m-3410-ruban-reflechissant-a-microprisme-classe-ra2\/","og_locale":"fr_FR","og_type":"article","og_title":"3M\u2122 3410 Ruban R\u00e9fl\u00e9chissant \u00e0 Microprisme Classe RA2","og_description":"3M\u2122 3410 ruban r\u00e9fl\u00e9chissant \u00e0 microprisme classe RA2 est utilis\u00e9 pour la signalisation des v\u00e9hicules d'urgence tels que les ambulances ou les grues.","og_url":"https:\/\/distribuidor-cintas-adhesivas.es\/fr\/producto\/3m-3410-ruban-reflechissant-a-microprisme-classe-ra2\/","og_site_name":"Distribuidor de cintas 3M, productos 3M, http:\/\/www.http:\/\/distribuidorcintas3m.es, Mejores ofertas en cintas","article_modified_time":"2024-07-22T08:51:40+00:00","og_image":[{"width":2560,"height":2560,"url":"https:\/\/distribuidor-cintas-adhesivas.es\/wp-content\/uploads\/2024\/05\/3M-3410-Cinta-reflectante-Microprismas-Clase-RA2-scaled.jpeg","type":"image\/jpeg"}],"twitter_card":"summary_large_image","twitter_misc":{"Dur\u00e9e de lecture estim\u00e9e":"2 minutes"},"schema":{"@context":"https:\/\/schema.org","@graph":[{"@type":"WebPage","@id":"https:\/\/distribuidor-cintas-adhesivas.es\/fr\/producto\/3m-3410-ruban-reflechissant-a-microprisme-classe-ra2\/","url":"https:\/\/distribuidor-cintas-adhesivas.es\/fr\/producto\/3m-3410-ruban-reflechissant-a-microprisme-classe-ra2\/","name":"3M\u2122 3410 ruban r\u00e9fl\u00e9chissant \u00e0 microprisme classe RA2","isPartOf":{"@id":"https:\/\/distribuidor-cintas-adhesivas.es\/fr\/#website"},"primaryImageOfPage":{"@id":"https:\/\/distribuidor-cintas-adhesivas.es\/fr\/producto\/3m-3410-ruban-reflechissant-a-microprisme-classe-ra2\/#primaryimage"},"image":{"@id":"https:\/\/distribuidor-cintas-adhesivas.es\/fr\/producto\/3m-3410-ruban-reflechissant-a-microprisme-classe-ra2\/#primaryimage"},"thumbnailUrl":"https:\/\/distribuidor-cintas-adhesivas.es\/wp-content\/uploads\/2024\/05\/3M-3410-Cinta-reflectante-Microprismas-Clase-RA2-scaled.jpeg","datePublished":"2024-05-07T11:47:15+00:00","dateModified":"2024-07-22T08:51:40+00:00","description":"3M\u2122 3410 ruban r\u00e9fl\u00e9chissant \u00e0 microprisme classe RA2 est utilis\u00e9 pour la signalisation des v\u00e9hicules d'urgence tels que les ambulances ou les grues.","breadcrumb":{"@id":"https:\/\/distribuidor-cintas-adhesivas.es\/fr\/producto\/3m-3410-ruban-reflechissant-a-microprisme-classe-ra2\/#breadcrumb"},"inLanguage":"fr-FR","potentialAction":[{"@type":"ReadAction","target":["https:\/\/distribuidor-cintas-adhesivas.es\/fr\/producto\/3m-3410-ruban-reflechissant-a-microprisme-classe-ra2\/"]}]},{"@type":"ImageObject","inLanguage":"fr-FR","@id":"https:\/\/distribuidor-cintas-adhesivas.es\/fr\/producto\/3m-3410-ruban-reflechissant-a-microprisme-classe-ra2\/#primaryimage","url":"https:\/\/distribuidor-cintas-adhesivas.es\/wp-content\/uploads\/2024\/05\/3M-3410-Cinta-reflectante-Microprismas-Clase-RA2-scaled.jpeg","contentUrl":"https:\/\/distribuidor-cintas-adhesivas.es\/wp-content\/uploads\/2024\/05\/3M-3410-Cinta-reflectante-Microprismas-Clase-RA2-scaled.jpeg","width":2560,"height":2560,"caption":"3M 3410 Bande r\u00e9fl\u00e9chissante Microprismes Classe RA2"},{"@type":"BreadcrumbList","@id":"https:\/\/distribuidor-cintas-adhesivas.es\/fr\/producto\/3m-3410-ruban-reflechissant-a-microprisme-classe-ra2\/#breadcrumb","itemListElement":[{"@type":"ListItem","position":1,"name":"Portada","item":"https:\/\/distribuidor-cintas-adhesivas.es\/fr\/"},{"@type":"ListItem","position":2,"name":"Produits","item":"https:\/\/distribuidor-cintas-adhesivas.es\/shop\/"},{"@type":"ListItem","position":3,"name":"3M\u2122 3410 Ruban R\u00e9fl\u00e9chissant \u00e0 Microprisme Classe RA2"}]},{"@type":"WebSite","@id":"https:\/\/distribuidor-cintas-adhesivas.es\/fr\/#website","url":"https:\/\/distribuidor-cintas-adhesivas.es\/fr\/","name":"Distribuidor de cintas 3M","description":"Distribuidor de cintas 3M, productos 3M, cinta adhesiva, 3M cinta doble cara, adhesivos 3M, cinta antideslizante, velcro 3M, cinta reflectante, 3m scotch, selladores de tuber\u00edas, formadores de juntas, retenedores, cianocrilatos reforzados con caucho, cianocrilatos ultrar\u00e1pidos, cianocrilatos para plasticos y caucho, cianocrilatos generales, cianocrilatos con poco olor, cianocrilatos para metales, adhesivos en aerosol, selladores y adhesivos, cintas de aluminio, cintas de vinilo para se\u00f1alizaci\u00f3n, cintas de tela americanas, cintas de papel para enmascarar, cintas para embalaje","publisher":{"@id":"https:\/\/distribuidor-cintas-adhesivas.es\/fr\/#organization"},"potentialAction":[{"@type":"SearchAction","target":{"@type":"EntryPoint","urlTemplate":"https:\/\/distribuidor-cintas-adhesivas.es\/fr\/?s={search_term_string}"},"query-input":{"@type":"PropertyValueSpecification","valueRequired":true,"valueName":"search_term_string"}}],"inLanguage":"fr-FR"},{"@type":"Organization","@id":"https:\/\/distribuidor-cintas-adhesivas.es\/fr\/#organization","name":"Distribuidor de cintas 3M","url":"https:\/\/distribuidor-cintas-adhesivas.es\/fr\/","logo":{"@type":"ImageObject","inLanguage":"fr-FR","@id":"https:\/\/distribuidor-cintas-adhesivas.es\/fr\/#\/schema\/logo\/image\/","url":"https:\/\/distribuidor-cintas-adhesivas.es\/wp-content\/uploads\/2022\/10\/logo-espanol-portugues.png","contentUrl":"https:\/\/distribuidor-cintas-adhesivas.es\/wp-content\/uploads\/2022\/10\/logo-espanol-portugues.png","width":739,"height":150,"caption":"Distribuidor de cintas 3M"},"image":{"@id":"https:\/\/distribuidor-cintas-adhesivas.es\/fr\/#\/schema\/logo\/image\/"},"sameAs":["https:\/\/distribuidorcintastesa.es","https:\/\/solbi-mural.com\/es\/","https:\/\/muralsrd.com\/","https:\/\/www.instagram.com\/solbimural\/?igsh=ZnR6ZmkzZm1ubWhl"]}]}},"_links":{"self":[{"href":"https:\/\/distribuidor-cintas-adhesivas.es\/fr\/wp-json\/wp\/v2\/product\/4983","targetHints":{"allow":["GET"]}}],"collection":[{"href":"https:\/\/distribuidor-cintas-adhesivas.es\/fr\/wp-json\/wp\/v2\/product"}],"about":[{"href":"https:\/\/distribuidor-cintas-adhesivas.es\/fr\/wp-json\/wp\/v2\/types\/product"}],"wp:featuredmedia":[{"embeddable":true,"href":"https:\/\/distribuidor-cintas-adhesivas.es\/fr\/wp-json\/wp\/v2\/media\/4979"}],"wp:attachment":[{"href":"https:\/\/distribuidor-cintas-adhesivas.es\/fr\/wp-json\/wp\/v2\/media?parent=4983"}],"wp:term":[{"taxonomy":"product_brand","embeddable":true,"href":"https:\/\/distribuidor-cintas-adhesivas.es\/fr\/wp-json\/wp\/v2\/product_brand?post=4983"},{"taxonomy":"product_cat","embeddable":true,"href":"https:\/\/distribuidor-cintas-adhesivas.es\/fr\/wp-json\/wp\/v2\/product_cat?post=4983"},{"taxonomy":"product_tag","embeddable":true,"href":"https:\/\/distribuidor-cintas-adhesivas.es\/fr\/wp-json\/wp\/v2\/product_tag?post=4983"}],"curies":[{"name":"wp","href":"https:\/\/api.w.org\/{rel}","templated":true}]}}