{"id":5100,"date":"2024-05-22T10:23:51","date_gmt":"2024-05-22T10:23:51","guid":{"rendered":"https:\/\/distribuidor-cintas-adhesivas.es\/producto\/attache-a-crochet-et-boucle-3m-sj352b\/"},"modified":"2024-07-22T08:51:52","modified_gmt":"2024-07-22T08:51:52","slug":"attache-a-crochet-et-boucle-3m-sj352b","status":"publish","type":"product","link":"https:\/\/distribuidor-cintas-adhesivas.es\/fr\/producto\/attache-a-crochet-et-boucle-3m-sj352b\/","title":{"rendered":"Attache \u00e0 Crochet Et Boucle 3M\u2122 SJ352B"},"content":{"rendered":"<p>3M\u2122 Scotchmate\u2122 Hook and Loop Fastener syst\u00e8mes d&rsquo;attaches \u00e0 crochets et \u00e0 boucles sont con\u00e7us pour assurer une tenue durable. Le nylon tiss\u00e9 peut \u00eatre ouvert et ferm\u00e9 de nombreuses fois et assure une liaison ferme avec de nombreux mat\u00e9riaux vous permettant d&rsquo;oublier les outils et syst\u00e8mes compliqu\u00e9s. Attache \u00e0 Crochet Et Boucle 3M\u2122 SJ352B constitue une solution simple et efficace \u00e0 vos besoins de fixation.<\/p>\n<h4><span style=\"color: #3366ff;\"><a style=\"color: #3366ff;\" href=\"https:\/\/solbi-mural.com\/fr\/fermeture-repositionnable-double-hookloop\/34-5136-3m-scotchmate-systeme-dunion-hook-loop-fastener-sj352b-nylon-noir-pack-de-2-rouleaux-de-125m-x-25-mm.html\" target=\"_blank\" rel=\"noopener\"><strong>Achat en ligne 3M SJ352B<\/strong><\/a><\/span><\/h4>\n<h4><\/h4>\n<h4>Caract\u00e9ristiques<\/h4>\n<ul>\n<li>L&rsquo;Attache \u00e0 Crochet Et Boucle 3M\u2122 SJ352B a un adh\u00e9sif haute performance \u00e0 base de caoutchouc con\u00e7u pour les applications int\u00e9rieures n\u00e9cessitant une r\u00e9sistance aux temp\u00e9ratures moyennes.<\/li>\n<li>R\u00e9sistance aux temp\u00e9ratures moyennes jusqu&rsquo;\u00e0 +50\u00b0C \u00e0 long terme (+70\u00b0C \u00e0 court terme)<\/li>\n<li>Fabriqu\u00e9 en nylon pour une durabilit\u00e9 accrue apr\u00e8s des milliers de fixations<\/li>\n<li>Fixation rapide pour r\u00e9duire les co\u00fbts et le temps de production<\/li>\n<li>Fournit une liaison solide pour diff\u00e9rents types de surfaces<\/li>\n<li>Rev\u00eatement en film polypropyl\u00e8ne blanc<\/li>\n<\/ul>\n<h4>Applications<\/h4>\n<ul>\n<li>Ce syst\u00e8me de fixation par crochets et boucles d\u00e9tachables adh\u00e8re bien au papier et au carton, \u00e0 la peinture, au m\u00e9tal nu et peint, au verre, au bois scell\u00e9 et \u00e0 de nombreux plastiques.<\/li>\n<li>Il convient \u00e0 divers secteurs tels que les transports, l&rsquo;\u00e9lectronique, l&rsquo;am\u00e9nagement de bureaux et de magasins.<\/li>\n<li>Adapt\u00e9 pour l&rsquo;utilisation en int\u00e9rieur<\/li>\n<\/ul>\n<h4>Produits similaires<\/h4>\n<ul>\n<li><a href=\"https:\/\/distribuidor-cintas-adhesivas.es\/fr\/producto\/systeme-de-fixation-amovible-3m-dual-lock-sj3870\/\" target=\"_blank\" rel=\"noopener\">SJ3870<\/a><\/li>\n<li><a href=\"https:\/\/distribuidor-cintas-adhesivas.es\/fr\/producto\/systeme-de-fixation-amovible-3m-dual-lock-sj355d\/\" target=\"_blank\" rel=\"noopener\">SJ355D<\/a><\/li>\n<li><a href=\"https:\/\/distribuidor-cintas-adhesivas.es\/fr\/producto\/systeme-de-fixation-amovible-3m-dual-lock-sj3550cf\/\" target=\"_blank\" rel=\"noopener\">SJ3550CF<\/a><\/li>\n<\/ul>\n","protected":false},"excerpt":{"rendered":"<p>3M\u2122 Scotchmate\u2122 Hook and Loop Fastener syst\u00e8mes d&rsquo;attaches \u00e0 crochets et \u00e0 boucles sont con\u00e7us pour assurer une tenue durable. Le nylon tiss\u00e9 peut \u00eatre ouvert et ferm\u00e9 de nombreuses fois et assure une liaison ferme avec de nombreux mat\u00e9riaux vous permettant d&rsquo;oublier les outils et syst\u00e8mes compliqu\u00e9s. Attache \u00e0 Crochet Et Boucle 3M\u2122 SJ352B [&hellip;]<\/p>\n","protected":false},"featured_media":5085,"template":"","meta":{"site-sidebar-layout":"default","site-content-layout":"","ast-site-content-layout":"default","site-content-style":"default","site-sidebar-style":"default","ast-global-header-display":"","ast-banner-title-visibility":"","ast-main-header-display":"","ast-hfb-above-header-display":"","ast-hfb-below-header-display":"","ast-hfb-mobile-header-display":"","site-post-title":"","ast-breadcrumbs-content":"","ast-featured-img":"","footer-sml-layout":"","ast-disable-related-posts":"","theme-transparent-header-meta":"default","adv-header-id-meta":"","stick-header-meta":"","header-above-stick-meta":"","header-main-stick-meta":"","header-below-stick-meta":"","astra-migrate-meta-layouts":"set","ast-page-background-enabled":"default","ast-page-background-meta":{"desktop":{"background-color":"","background-image":"","background-repeat":"repeat","background-position":"center center","background-size":"auto","background-attachment":"scroll","background-type":"","background-media":"","overlay-type":"","overlay-color":"","overlay-opacity":"","overlay-gradient":""},"tablet":{"background-color":"","background-image":"","background-repeat":"repeat","background-position":"center center","background-size":"auto","background-attachment":"scroll","background-type":"","background-media":"","overlay-type":"","overlay-color":"","overlay-opacity":"","overlay-gradient":""},"mobile":{"background-color":"","background-image":"","background-repeat":"repeat","background-position":"center center","background-size":"auto","background-attachment":"scroll","background-type":"","background-media":"","overlay-type":"","overlay-color":"","overlay-opacity":"","overlay-gradient":""}},"ast-content-background-meta":{"desktop":{"background-color":"var(--ast-global-color-5)","background-image":"","background-repeat":"repeat","background-position":"center center","background-size":"auto","background-attachment":"scroll","background-type":"","background-media":"","overlay-type":"","overlay-color":"","overlay-opacity":"","overlay-gradient":""},"tablet":{"background-color":"var(--ast-global-color-5)","background-image":"","background-repeat":"repeat","background-position":"center center","background-size":"auto","background-attachment":"scroll","background-type":"","background-media":"","overlay-type":"","overlay-color":"","overlay-opacity":"","overlay-gradient":""},"mobile":{"background-color":"var(--ast-global-color-5)","background-image":"","background-repeat":"repeat","background-position":"center center","background-size":"auto","background-attachment":"scroll","background-type":"","background-media":"","overlay-type":"","overlay-color":"","overlay-opacity":"","overlay-gradient":""}}},"product_brand":[],"product_cat":[954],"product_tag":[2786,2784,2785,2787,2788],"class_list":{"0":"post-5100","1":"product","2":"type-product","3":"status-publish","4":"has-post-thumbnail","6":"product_cat-dual-lock-fr","7":"product_tag-attache-detachable-3m","8":"product_tag-crochet-et-boucle-3m","9":"product_tag-hook-and-loop-3m-fr","10":"product_tag-type-dual-lock","11":"product_tag-type-velcro","12":"desktop-align-center","13":"tablet-align-center","14":"mobile-align-center","16":"first","17":"instock","18":"shipping-taxable","19":"product-type-simple"},"yoast_head":"<!-- This site is optimized with the Yoast SEO Premium plugin v27.2 (Yoast SEO v27.2) - https:\/\/yoast.com\/product\/yoast-seo-premium-wordpress\/ -->\n<title>Attache \u00e0 Crochet Et Boucle 3M\u2122 SJ352B<\/title>\n<meta name=\"description\" content=\"Attache \u00e0 Crochet Et Boucle 3M\u2122 SJ352B est con\u00e7u pour les applications int\u00e9rieures n\u00e9cessitant une r\u00e9sistance aux temp\u00e9ratures moyennes.\" \/>\n<meta name=\"robots\" content=\"index, follow, max-snippet:-1, max-image-preview:large, max-video-preview:-1\" \/>\n<link rel=\"canonical\" href=\"https:\/\/distribuidor-cintas-adhesivas.es\/fr\/producto\/attache-a-crochet-et-boucle-3m-sj352b\/\" \/>\n<meta property=\"og:locale\" content=\"fr_FR\" \/>\n<meta property=\"og:type\" content=\"article\" \/>\n<meta property=\"og:title\" content=\"Attache \u00e0 Crochet Et Boucle 3M\u2122 SJ352B\" \/>\n<meta property=\"og:description\" content=\"Attache \u00e0 Crochet Et Boucle 3M\u2122 SJ352B est con\u00e7u pour les applications int\u00e9rieures n\u00e9cessitant une r\u00e9sistance aux temp\u00e9ratures moyennes.\" \/>\n<meta property=\"og:url\" content=\"https:\/\/distribuidor-cintas-adhesivas.es\/fr\/producto\/attache-a-crochet-et-boucle-3m-sj352b\/\" \/>\n<meta property=\"og:site_name\" content=\"Distribuidor de cintas 3M, productos 3M, http:\/\/www.http:\/\/distribuidorcintas3m.es, Mejores ofertas en cintas\" \/>\n<meta property=\"article:modified_time\" content=\"2024-07-22T08:51:52+00:00\" \/>\n<meta property=\"og:image\" content=\"https:\/\/distribuidor-cintas-adhesivas.es\/wp-content\/uploads\/2024\/05\/3M-Sistemas-de-Union-Desmontable-Hook-and-Loop-SJ352B.jpg\" \/>\n\t<meta property=\"og:image:width\" content=\"800\" \/>\n\t<meta property=\"og:image:height\" content=\"800\" \/>\n\t<meta property=\"og:image:type\" content=\"image\/jpeg\" \/>\n<meta name=\"twitter:card\" content=\"summary_large_image\" \/>\n<meta name=\"twitter:label1\" content=\"Dur\u00e9e de lecture estim\u00e9e\" \/>\n\t<meta name=\"twitter:data1\" content=\"2 minutes\" \/>\n<script type=\"application\/ld+json\" class=\"yoast-schema-graph\">{\"@context\":\"https:\/\/schema.org\",\"@graph\":[{\"@type\":\"WebPage\",\"@id\":\"https:\/\/distribuidor-cintas-adhesivas.es\/fr\/producto\/attache-a-crochet-et-boucle-3m-sj352b\/\",\"url\":\"https:\/\/distribuidor-cintas-adhesivas.es\/fr\/producto\/attache-a-crochet-et-boucle-3m-sj352b\/\",\"name\":\"Attache \u00e0 Crochet Et Boucle 3M\u2122 SJ352B\",\"isPartOf\":{\"@id\":\"https:\/\/distribuidor-cintas-adhesivas.es\/fr\/#website\"},\"primaryImageOfPage\":{\"@id\":\"https:\/\/distribuidor-cintas-adhesivas.es\/fr\/producto\/attache-a-crochet-et-boucle-3m-sj352b\/#primaryimage\"},\"image\":{\"@id\":\"https:\/\/distribuidor-cintas-adhesivas.es\/fr\/producto\/attache-a-crochet-et-boucle-3m-sj352b\/#primaryimage\"},\"thumbnailUrl\":\"https:\/\/distribuidor-cintas-adhesivas.es\/wp-content\/uploads\/2024\/05\/3M-Sistemas-de-Union-Desmontable-Hook-and-Loop-SJ352B.jpg\",\"datePublished\":\"2024-05-22T10:23:51+00:00\",\"dateModified\":\"2024-07-22T08:51:52+00:00\",\"description\":\"Attache \u00e0 Crochet Et Boucle 3M\u2122 SJ352B est con\u00e7u pour les applications int\u00e9rieures n\u00e9cessitant une r\u00e9sistance aux temp\u00e9ratures moyennes.\",\"breadcrumb\":{\"@id\":\"https:\/\/distribuidor-cintas-adhesivas.es\/fr\/producto\/attache-a-crochet-et-boucle-3m-sj352b\/#breadcrumb\"},\"inLanguage\":\"fr-FR\",\"potentialAction\":[{\"@type\":\"ReadAction\",\"target\":[\"https:\/\/distribuidor-cintas-adhesivas.es\/fr\/producto\/attache-a-crochet-et-boucle-3m-sj352b\/\"]}]},{\"@type\":\"ImageObject\",\"inLanguage\":\"fr-FR\",\"@id\":\"https:\/\/distribuidor-cintas-adhesivas.es\/fr\/producto\/attache-a-crochet-et-boucle-3m-sj352b\/#primaryimage\",\"url\":\"https:\/\/distribuidor-cintas-adhesivas.es\/wp-content\/uploads\/2024\/05\/3M-Sistemas-de-Union-Desmontable-Hook-and-Loop-SJ352B.jpg\",\"contentUrl\":\"https:\/\/distribuidor-cintas-adhesivas.es\/wp-content\/uploads\/2024\/05\/3M-Sistemas-de-Union-Desmontable-Hook-and-Loop-SJ352B.jpg\",\"width\":800,\"height\":800,\"caption\":\"Syst\u00e8mes d'assemblage d\u00e9tachables par crochets et boucles 3M SJ352B\"},{\"@type\":\"BreadcrumbList\",\"@id\":\"https:\/\/distribuidor-cintas-adhesivas.es\/fr\/producto\/attache-a-crochet-et-boucle-3m-sj352b\/#breadcrumb\",\"itemListElement\":[{\"@type\":\"ListItem\",\"position\":1,\"name\":\"Portada\",\"item\":\"https:\/\/distribuidor-cintas-adhesivas.es\/fr\/\"},{\"@type\":\"ListItem\",\"position\":2,\"name\":\"Produits\",\"item\":\"https:\/\/distribuidor-cintas-adhesivas.es\/shop\/\"},{\"@type\":\"ListItem\",\"position\":3,\"name\":\"Attache \u00e0 Crochet Et Boucle 3M\u2122 SJ352B\"}]},{\"@type\":\"WebSite\",\"@id\":\"https:\/\/distribuidor-cintas-adhesivas.es\/fr\/#website\",\"url\":\"https:\/\/distribuidor-cintas-adhesivas.es\/fr\/\",\"name\":\"Distribuidor de cintas 3M\",\"description\":\"Distribuidor de cintas 3M, productos 3M, cinta adhesiva, 3M cinta doble cara, adhesivos 3M, cinta antideslizante, velcro 3M, cinta reflectante, 3m scotch, selladores de tuber\u00edas, formadores de juntas, retenedores, cianocrilatos reforzados con caucho, cianocrilatos ultrar\u00e1pidos, cianocrilatos para plasticos y caucho, cianocrilatos generales, cianocrilatos con poco olor, cianocrilatos para metales, adhesivos en aerosol, selladores y adhesivos, cintas de aluminio, cintas de vinilo para se\u00f1alizaci\u00f3n, cintas de tela americanas, cintas de papel para enmascarar, cintas para embalaje\",\"publisher\":{\"@id\":\"https:\/\/distribuidor-cintas-adhesivas.es\/fr\/#organization\"},\"potentialAction\":[{\"@type\":\"SearchAction\",\"target\":{\"@type\":\"EntryPoint\",\"urlTemplate\":\"https:\/\/distribuidor-cintas-adhesivas.es\/fr\/?s={search_term_string}\"},\"query-input\":{\"@type\":\"PropertyValueSpecification\",\"valueRequired\":true,\"valueName\":\"search_term_string\"}}],\"inLanguage\":\"fr-FR\"},{\"@type\":\"Organization\",\"@id\":\"https:\/\/distribuidor-cintas-adhesivas.es\/fr\/#organization\",\"name\":\"Distribuidor de cintas 3M\",\"url\":\"https:\/\/distribuidor-cintas-adhesivas.es\/fr\/\",\"logo\":{\"@type\":\"ImageObject\",\"inLanguage\":\"fr-FR\",\"@id\":\"https:\/\/distribuidor-cintas-adhesivas.es\/fr\/#\/schema\/logo\/image\/\",\"url\":\"https:\/\/distribuidor-cintas-adhesivas.es\/wp-content\/uploads\/2022\/10\/logo-espanol-portugues.png\",\"contentUrl\":\"https:\/\/distribuidor-cintas-adhesivas.es\/wp-content\/uploads\/2022\/10\/logo-espanol-portugues.png\",\"width\":739,\"height\":150,\"caption\":\"Distribuidor de cintas 3M\"},\"image\":{\"@id\":\"https:\/\/distribuidor-cintas-adhesivas.es\/fr\/#\/schema\/logo\/image\/\"},\"sameAs\":[\"https:\/\/distribuidorcintastesa.es\",\"https:\/\/solbi-mural.com\/es\/\",\"https:\/\/muralsrd.com\/\",\"https:\/\/www.instagram.com\/solbimural\/?igsh=ZnR6ZmkzZm1ubWhl\"]}]}<\/script>\n<!-- \/ Yoast SEO Premium plugin. -->","yoast_head_json":{"title":"Attache \u00e0 Crochet Et Boucle 3M\u2122 SJ352B","description":"Attache \u00e0 Crochet Et Boucle 3M\u2122 SJ352B est con\u00e7u pour les applications int\u00e9rieures n\u00e9cessitant une r\u00e9sistance aux temp\u00e9ratures moyennes.","robots":{"index":"index","follow":"follow","max-snippet":"max-snippet:-1","max-image-preview":"max-image-preview:large","max-video-preview":"max-video-preview:-1"},"canonical":"https:\/\/distribuidor-cintas-adhesivas.es\/fr\/producto\/attache-a-crochet-et-boucle-3m-sj352b\/","og_locale":"fr_FR","og_type":"article","og_title":"Attache \u00e0 Crochet Et Boucle 3M\u2122 SJ352B","og_description":"Attache \u00e0 Crochet Et Boucle 3M\u2122 SJ352B est con\u00e7u pour les applications int\u00e9rieures n\u00e9cessitant une r\u00e9sistance aux temp\u00e9ratures moyennes.","og_url":"https:\/\/distribuidor-cintas-adhesivas.es\/fr\/producto\/attache-a-crochet-et-boucle-3m-sj352b\/","og_site_name":"Distribuidor de cintas 3M, productos 3M, http:\/\/www.http:\/\/distribuidorcintas3m.es, Mejores ofertas en cintas","article_modified_time":"2024-07-22T08:51:52+00:00","og_image":[{"width":800,"height":800,"url":"https:\/\/distribuidor-cintas-adhesivas.es\/wp-content\/uploads\/2024\/05\/3M-Sistemas-de-Union-Desmontable-Hook-and-Loop-SJ352B.jpg","type":"image\/jpeg"}],"twitter_card":"summary_large_image","twitter_misc":{"Dur\u00e9e de lecture estim\u00e9e":"2 minutes"},"schema":{"@context":"https:\/\/schema.org","@graph":[{"@type":"WebPage","@id":"https:\/\/distribuidor-cintas-adhesivas.es\/fr\/producto\/attache-a-crochet-et-boucle-3m-sj352b\/","url":"https:\/\/distribuidor-cintas-adhesivas.es\/fr\/producto\/attache-a-crochet-et-boucle-3m-sj352b\/","name":"Attache \u00e0 Crochet Et Boucle 3M\u2122 SJ352B","isPartOf":{"@id":"https:\/\/distribuidor-cintas-adhesivas.es\/fr\/#website"},"primaryImageOfPage":{"@id":"https:\/\/distribuidor-cintas-adhesivas.es\/fr\/producto\/attache-a-crochet-et-boucle-3m-sj352b\/#primaryimage"},"image":{"@id":"https:\/\/distribuidor-cintas-adhesivas.es\/fr\/producto\/attache-a-crochet-et-boucle-3m-sj352b\/#primaryimage"},"thumbnailUrl":"https:\/\/distribuidor-cintas-adhesivas.es\/wp-content\/uploads\/2024\/05\/3M-Sistemas-de-Union-Desmontable-Hook-and-Loop-SJ352B.jpg","datePublished":"2024-05-22T10:23:51+00:00","dateModified":"2024-07-22T08:51:52+00:00","description":"Attache \u00e0 Crochet Et Boucle 3M\u2122 SJ352B est con\u00e7u pour les applications int\u00e9rieures n\u00e9cessitant une r\u00e9sistance aux temp\u00e9ratures moyennes.","breadcrumb":{"@id":"https:\/\/distribuidor-cintas-adhesivas.es\/fr\/producto\/attache-a-crochet-et-boucle-3m-sj352b\/#breadcrumb"},"inLanguage":"fr-FR","potentialAction":[{"@type":"ReadAction","target":["https:\/\/distribuidor-cintas-adhesivas.es\/fr\/producto\/attache-a-crochet-et-boucle-3m-sj352b\/"]}]},{"@type":"ImageObject","inLanguage":"fr-FR","@id":"https:\/\/distribuidor-cintas-adhesivas.es\/fr\/producto\/attache-a-crochet-et-boucle-3m-sj352b\/#primaryimage","url":"https:\/\/distribuidor-cintas-adhesivas.es\/wp-content\/uploads\/2024\/05\/3M-Sistemas-de-Union-Desmontable-Hook-and-Loop-SJ352B.jpg","contentUrl":"https:\/\/distribuidor-cintas-adhesivas.es\/wp-content\/uploads\/2024\/05\/3M-Sistemas-de-Union-Desmontable-Hook-and-Loop-SJ352B.jpg","width":800,"height":800,"caption":"Syst\u00e8mes d'assemblage d\u00e9tachables par crochets et boucles 3M SJ352B"},{"@type":"BreadcrumbList","@id":"https:\/\/distribuidor-cintas-adhesivas.es\/fr\/producto\/attache-a-crochet-et-boucle-3m-sj352b\/#breadcrumb","itemListElement":[{"@type":"ListItem","position":1,"name":"Portada","item":"https:\/\/distribuidor-cintas-adhesivas.es\/fr\/"},{"@type":"ListItem","position":2,"name":"Produits","item":"https:\/\/distribuidor-cintas-adhesivas.es\/shop\/"},{"@type":"ListItem","position":3,"name":"Attache \u00e0 Crochet Et Boucle 3M\u2122 SJ352B"}]},{"@type":"WebSite","@id":"https:\/\/distribuidor-cintas-adhesivas.es\/fr\/#website","url":"https:\/\/distribuidor-cintas-adhesivas.es\/fr\/","name":"Distribuidor de cintas 3M","description":"Distribuidor de cintas 3M, productos 3M, cinta adhesiva, 3M cinta doble cara, adhesivos 3M, cinta antideslizante, velcro 3M, cinta reflectante, 3m scotch, selladores de tuber\u00edas, formadores de juntas, retenedores, cianocrilatos reforzados con caucho, cianocrilatos ultrar\u00e1pidos, cianocrilatos para plasticos y caucho, cianocrilatos generales, cianocrilatos con poco olor, cianocrilatos para metales, adhesivos en aerosol, selladores y adhesivos, cintas de aluminio, cintas de vinilo para se\u00f1alizaci\u00f3n, cintas de tela americanas, cintas de papel para enmascarar, cintas para embalaje","publisher":{"@id":"https:\/\/distribuidor-cintas-adhesivas.es\/fr\/#organization"},"potentialAction":[{"@type":"SearchAction","target":{"@type":"EntryPoint","urlTemplate":"https:\/\/distribuidor-cintas-adhesivas.es\/fr\/?s={search_term_string}"},"query-input":{"@type":"PropertyValueSpecification","valueRequired":true,"valueName":"search_term_string"}}],"inLanguage":"fr-FR"},{"@type":"Organization","@id":"https:\/\/distribuidor-cintas-adhesivas.es\/fr\/#organization","name":"Distribuidor de cintas 3M","url":"https:\/\/distribuidor-cintas-adhesivas.es\/fr\/","logo":{"@type":"ImageObject","inLanguage":"fr-FR","@id":"https:\/\/distribuidor-cintas-adhesivas.es\/fr\/#\/schema\/logo\/image\/","url":"https:\/\/distribuidor-cintas-adhesivas.es\/wp-content\/uploads\/2022\/10\/logo-espanol-portugues.png","contentUrl":"https:\/\/distribuidor-cintas-adhesivas.es\/wp-content\/uploads\/2022\/10\/logo-espanol-portugues.png","width":739,"height":150,"caption":"Distribuidor de cintas 3M"},"image":{"@id":"https:\/\/distribuidor-cintas-adhesivas.es\/fr\/#\/schema\/logo\/image\/"},"sameAs":["https:\/\/distribuidorcintastesa.es","https:\/\/solbi-mural.com\/es\/","https:\/\/muralsrd.com\/","https:\/\/www.instagram.com\/solbimural\/?igsh=ZnR6ZmkzZm1ubWhl"]}]}},"_links":{"self":[{"href":"https:\/\/distribuidor-cintas-adhesivas.es\/fr\/wp-json\/wp\/v2\/product\/5100","targetHints":{"allow":["GET"]}}],"collection":[{"href":"https:\/\/distribuidor-cintas-adhesivas.es\/fr\/wp-json\/wp\/v2\/product"}],"about":[{"href":"https:\/\/distribuidor-cintas-adhesivas.es\/fr\/wp-json\/wp\/v2\/types\/product"}],"wp:featuredmedia":[{"embeddable":true,"href":"https:\/\/distribuidor-cintas-adhesivas.es\/fr\/wp-json\/wp\/v2\/media\/5085"}],"wp:attachment":[{"href":"https:\/\/distribuidor-cintas-adhesivas.es\/fr\/wp-json\/wp\/v2\/media?parent=5100"}],"wp:term":[{"taxonomy":"product_brand","embeddable":true,"href":"https:\/\/distribuidor-cintas-adhesivas.es\/fr\/wp-json\/wp\/v2\/product_brand?post=5100"},{"taxonomy":"product_cat","embeddable":true,"href":"https:\/\/distribuidor-cintas-adhesivas.es\/fr\/wp-json\/wp\/v2\/product_cat?post=5100"},{"taxonomy":"product_tag","embeddable":true,"href":"https:\/\/distribuidor-cintas-adhesivas.es\/fr\/wp-json\/wp\/v2\/product_tag?post=5100"}],"curies":[{"name":"wp","href":"https:\/\/api.w.org\/{rel}","templated":true}]}}