{"id":5131,"date":"2024-06-18T11:44:04","date_gmt":"2024-06-18T11:44:04","guid":{"rendered":"https:\/\/distribuidor-cintas-adhesivas.es\/producto\/3m-3932-haute-intensite-prismatique-serie-classe-ra2\/"},"modified":"2024-07-22T08:47:14","modified_gmt":"2024-07-22T08:47:14","slug":"3m-3932-haute-intensite-prismatique-serie-classe-ra2","status":"publish","type":"product","link":"https:\/\/distribuidor-cintas-adhesivas.es\/fr\/producto\/3m-3932-haute-intensite-prismatique-serie-classe-ra2\/","title":{"rendered":"3M\u2122 3932 Haute Intensit\u00e9 Prismatique s\u00e9rie Classe RA2"},"content":{"rendered":"<p>3M\u2122 3932 Haute Intensit\u00e9 Prismatique s\u00e9rie Classe RA2 est approuv\u00e9 pour la production de panneaux de signalisation avec des \u00e9valuations techniques europ\u00e9ennes (European Technical Assessments &#8211; ETA), les dispositifs de chantier et les panneaux non r\u00e9glement\u00e9s qui sont expos\u00e9s verticalement en service. R\u00e9pond aux exigences de couleur et de performance de la norme EN 12899-1:2007 Clase RA2, il offre une r\u00e9flexion et une durabilit\u00e9 \u00e0 long terme, gr\u00e2ce \u00e0 un syst\u00e8me optique am\u00e9lior\u00e9 qui accro\u00eet la s\u00e9curit\u00e9 de nuit et \u00e0 une conception prismatique unique qui assure un niveau \u00e9lev\u00e9 de r\u00e9flexion dans diverses situations de contr\u00f4le de la circulation.<\/p>\n<h4><span style=\"color: #3366ff;\"><a style=\"color: #3366ff;\" href=\"https:\/\/solbi-mural.com\/fr\/recherche?s=3932\" target=\"_blank\" rel=\"noopener\"><strong>Achat en ligne 3M 3932<\/strong><\/a><\/span><\/h4>\n<p>&nbsp;<\/p>\n<h4>Caract\u00e9ristiques<\/h4>\n<ul>\n<li><span lang=\"pt\" xml:lang=\"pt\">3M\u2122 3932 Haute Intensit\u00e9 Prismatique s\u00e9rie Classe RA2 est agr\u00e9\u00e9 pour la fabrication de panneaux de signalisation et de dispositifs de chantier.<\/span><\/li>\n<li>Offre une r\u00e9flectivit\u00e9, un contraste des couleurs, une lisibilit\u00e9, une brillance et une durabilit\u00e9 bien sup\u00e9rieurs \u00e0 ceux des films en verre encapsul\u00e9 RA2.<\/li>\n<li>Le rev\u00eatement sup\u00e9rieur plus r\u00e9sistant permet d&rsquo;\u00e9viter les \u00e9raflures et les rayures.<\/li>\n<li>Ruban adh\u00e9sif respectueux de l&rsquo;environnement. Utilisation minimale de solvants et \u00e9missions minimales dans le processus de fabrication. Les \u00e9missions de compos\u00e9s organiques volatils (COV) sont r\u00e9duites de 97 %, la consommation d&rsquo;\u00e9nergie de 72 % et les d\u00e9chets solides de 46 %.<\/li>\n<li>Disponible en diff\u00e9rentes largeurs, 27.5mm ; 50mm ; 100mm ; 125mm et 150mm.<\/li>\n<li>Couleurs disponibles : blanc, jaune et rouge.<\/li>\n<\/ul>\n<h4><strong>Aplications\u00a0<\/strong><\/h4>\n<ul>\n<li>Facile \u00e0 appliquer, il suffit d&rsquo;exercer une l\u00e9g\u00e8re pression \u00e0 la main ou \u00e0 l&rsquo;aide d&rsquo;une spatule en plastique\/caoutchouc.<\/li>\n<li>Convient pour une application sur des surfaces lisses et peu courb\u00e9es.<\/li>\n<\/ul>\n<h4><strong>Productos Relacionados<\/strong><\/h4>\n<ul>\n<li><a href=\"https:\/\/distribuidor-cintas-adhesivas.es\/fr\/producto\/3m-823i-bande-reflechissante-flexible-classe-ra2\/\" target=\"_blank\" rel=\"noopener\">823i<\/a><\/li>\n<li><a href=\"https:\/\/distribuidor-cintas-adhesivas.es\/fr\/producto\/3m-957s-contour-de-securite-segmente-ece104\/\" target=\"_blank\" rel=\"noopener\">957S<\/a><\/li>\n<li><a href=\"https:\/\/distribuidor-cintas-adhesivas.es\/fr\/producto\/3m-diamond-grade-983s-contour-de-securite-segmente-ece104\/\" target=\"_blank\" rel=\"noopener\">983S<\/a><\/li>\n<li><a href=\"https:\/\/distribuidor-cintas-adhesivas.es\/fr\/producto\/3m-3410-ruban-reflechissant-a-microprisme-classe-ra2\/\">3410<\/a><\/li>\n<li><a href=\"https:\/\/distribuidor-cintas-adhesivas.es\/fr\/producto\/3m-engineer-grade-serie-3430-film-retroreflechissant\/\">3430 (3431)<\/a><\/li>\n<li><a href=\"https:\/\/distribuidor-cintas-adhesivas.es\/fr\/producto\/3m-diamond-grade-4083-speciale-pompiers\/\">4083<\/a><\/li>\n<\/ul>\n","protected":false},"excerpt":{"rendered":"<p>3M\u2122 3932 Haute Intensit\u00e9 Prismatique s\u00e9rie Classe RA2 est approuv\u00e9 pour la production de panneaux de signalisation avec des \u00e9valuations techniques europ\u00e9ennes (European Technical Assessments &#8211; ETA), les dispositifs de chantier et les panneaux non r\u00e9glement\u00e9s qui sont expos\u00e9s verticalement en service. R\u00e9pond aux exigences de couleur et de performance de la norme EN 12899-1:2007 [&hellip;]<\/p>\n","protected":false},"featured_media":5113,"template":"","meta":{"site-sidebar-layout":"default","site-content-layout":"","ast-site-content-layout":"default","site-content-style":"default","site-sidebar-style":"default","ast-global-header-display":"","ast-banner-title-visibility":"","ast-main-header-display":"","ast-hfb-above-header-display":"","ast-hfb-below-header-display":"","ast-hfb-mobile-header-display":"","site-post-title":"","ast-breadcrumbs-content":"","ast-featured-img":"","footer-sml-layout":"","ast-disable-related-posts":"","theme-transparent-header-meta":"default","adv-header-id-meta":"","stick-header-meta":"","header-above-stick-meta":"","header-main-stick-meta":"","header-below-stick-meta":"","astra-migrate-meta-layouts":"set","ast-page-background-enabled":"default","ast-page-background-meta":{"desktop":{"background-color":"","background-image":"","background-repeat":"repeat","background-position":"center center","background-size":"auto","background-attachment":"scroll","background-type":"","background-media":"","overlay-type":"","overlay-color":"","overlay-opacity":"","overlay-gradient":""},"tablet":{"background-color":"","background-image":"","background-repeat":"repeat","background-position":"center center","background-size":"auto","background-attachment":"scroll","background-type":"","background-media":"","overlay-type":"","overlay-color":"","overlay-opacity":"","overlay-gradient":""},"mobile":{"background-color":"","background-image":"","background-repeat":"repeat","background-position":"center center","background-size":"auto","background-attachment":"scroll","background-type":"","background-media":"","overlay-type":"","overlay-color":"","overlay-opacity":"","overlay-gradient":""}},"ast-content-background-meta":{"desktop":{"background-color":"var(--ast-global-color-5)","background-image":"","background-repeat":"repeat","background-position":"center center","background-size":"auto","background-attachment":"scroll","background-type":"","background-media":"","overlay-type":"","overlay-color":"","overlay-opacity":"","overlay-gradient":""},"tablet":{"background-color":"var(--ast-global-color-5)","background-image":"","background-repeat":"repeat","background-position":"center center","background-size":"auto","background-attachment":"scroll","background-type":"","background-media":"","overlay-type":"","overlay-color":"","overlay-opacity":"","overlay-gradient":""},"mobile":{"background-color":"var(--ast-global-color-5)","background-image":"","background-repeat":"repeat","background-position":"center center","background-size":"auto","background-attachment":"scroll","background-type":"","background-media":"","overlay-type":"","overlay-color":"","overlay-opacity":"","overlay-gradient":""}}},"product_brand":[],"product_cat":[2650],"product_tag":[2800,2770,2801,2802],"class_list":{"0":"post-5131","1":"product","2":"type-product","3":"status-publish","4":"has-post-thumbnail","6":"product_cat-rubans-reflechissants-fr","7":"product_tag-3m-3932-fr","8":"product_tag-bande-reflechissante-homologuee","9":"product_tag-ruban-3m","10":"product_tag-ruban-pour-panneaux-de-signalisation","11":"desktop-align-center","12":"tablet-align-center","13":"mobile-align-center","15":"first","16":"instock","17":"shipping-taxable","18":"product-type-simple"},"yoast_head":"<!-- This site is optimized with the Yoast SEO Premium plugin v27.2 (Yoast SEO v27.2) - https:\/\/yoast.com\/product\/yoast-seo-premium-wordpress\/ -->\n<title>3M\u2122 3932 Haute Intensit\u00e9 Prismatique s\u00e9rie Classe RA2<\/title>\n<meta name=\"description\" content=\"3M\u2122 3932 Haute Intensit\u00e9 Prismatique s\u00e9rie Classe RA2 est homologu\u00e9 pour la production de panneaux de signalisation et de dispositifs de chantier.\" \/>\n<meta name=\"robots\" content=\"index, follow, max-snippet:-1, max-image-preview:large, max-video-preview:-1\" \/>\n<link rel=\"canonical\" href=\"https:\/\/distribuidor-cintas-adhesivas.es\/fr\/producto\/3m-3932-haute-intensite-prismatique-serie-classe-ra2\/\" \/>\n<meta property=\"og:locale\" content=\"fr_FR\" \/>\n<meta property=\"og:type\" content=\"article\" \/>\n<meta property=\"og:title\" content=\"3M\u2122 3932 Haute Intensit\u00e9 Prismatique s\u00e9rie Classe RA2\" \/>\n<meta property=\"og:description\" content=\"3M\u2122 3932 Haute Intensit\u00e9 Prismatique s\u00e9rie Classe RA2 est homologu\u00e9 pour la production de panneaux de signalisation et de dispositifs de chantier.\" \/>\n<meta property=\"og:url\" content=\"https:\/\/distribuidor-cintas-adhesivas.es\/fr\/producto\/3m-3932-haute-intensite-prismatique-serie-classe-ra2\/\" \/>\n<meta property=\"og:site_name\" content=\"Distribuidor de cintas 3M, productos 3M, http:\/\/www.http:\/\/distribuidorcintas3m.es, Mejores ofertas en cintas\" \/>\n<meta property=\"article:modified_time\" content=\"2024-07-22T08:47:14+00:00\" \/>\n<meta property=\"og:image\" content=\"https:\/\/distribuidor-cintas-adhesivas.es\/wp-content\/uploads\/2024\/06\/3m-cinta-reflectante-3932-colores.jpg\" \/>\n\t<meta property=\"og:image:width\" content=\"800\" \/>\n\t<meta property=\"og:image:height\" content=\"800\" \/>\n\t<meta property=\"og:image:type\" content=\"image\/jpeg\" \/>\n<meta name=\"twitter:card\" content=\"summary_large_image\" \/>\n<meta name=\"twitter:label1\" content=\"Dur\u00e9e de lecture estim\u00e9e\" \/>\n\t<meta name=\"twitter:data1\" content=\"2 minutes\" \/>\n<script type=\"application\/ld+json\" class=\"yoast-schema-graph\">{\"@context\":\"https:\/\/schema.org\",\"@graph\":[{\"@type\":\"WebPage\",\"@id\":\"https:\/\/distribuidor-cintas-adhesivas.es\/fr\/producto\/3m-3932-haute-intensite-prismatique-serie-classe-ra2\/\",\"url\":\"https:\/\/distribuidor-cintas-adhesivas.es\/fr\/producto\/3m-3932-haute-intensite-prismatique-serie-classe-ra2\/\",\"name\":\"3M\u2122 3932 Haute Intensit\u00e9 Prismatique s\u00e9rie Classe RA2\",\"isPartOf\":{\"@id\":\"https:\/\/distribuidor-cintas-adhesivas.es\/fr\/#website\"},\"primaryImageOfPage\":{\"@id\":\"https:\/\/distribuidor-cintas-adhesivas.es\/fr\/producto\/3m-3932-haute-intensite-prismatique-serie-classe-ra2\/#primaryimage\"},\"image\":{\"@id\":\"https:\/\/distribuidor-cintas-adhesivas.es\/fr\/producto\/3m-3932-haute-intensite-prismatique-serie-classe-ra2\/#primaryimage\"},\"thumbnailUrl\":\"https:\/\/distribuidor-cintas-adhesivas.es\/wp-content\/uploads\/2024\/06\/3m-cinta-reflectante-3932-colores.jpg\",\"datePublished\":\"2024-06-18T11:44:04+00:00\",\"dateModified\":\"2024-07-22T08:47:14+00:00\",\"description\":\"3M\u2122 3932 Haute Intensit\u00e9 Prismatique s\u00e9rie Classe RA2 est homologu\u00e9 pour la production de panneaux de signalisation et de dispositifs de chantier.\",\"breadcrumb\":{\"@id\":\"https:\/\/distribuidor-cintas-adhesivas.es\/fr\/producto\/3m-3932-haute-intensite-prismatique-serie-classe-ra2\/#breadcrumb\"},\"inLanguage\":\"fr-FR\",\"potentialAction\":[{\"@type\":\"ReadAction\",\"target\":[\"https:\/\/distribuidor-cintas-adhesivas.es\/fr\/producto\/3m-3932-haute-intensite-prismatique-serie-classe-ra2\/\"]}]},{\"@type\":\"ImageObject\",\"inLanguage\":\"fr-FR\",\"@id\":\"https:\/\/distribuidor-cintas-adhesivas.es\/fr\/producto\/3m-3932-haute-intensite-prismatique-serie-classe-ra2\/#primaryimage\",\"url\":\"https:\/\/distribuidor-cintas-adhesivas.es\/wp-content\/uploads\/2024\/06\/3m-cinta-reflectante-3932-colores.jpg\",\"contentUrl\":\"https:\/\/distribuidor-cintas-adhesivas.es\/wp-content\/uploads\/2024\/06\/3m-cinta-reflectante-3932-colores.jpg\",\"width\":800,\"height\":800,\"caption\":\"3m-reflective-tape-3932-colours\"},{\"@type\":\"BreadcrumbList\",\"@id\":\"https:\/\/distribuidor-cintas-adhesivas.es\/fr\/producto\/3m-3932-haute-intensite-prismatique-serie-classe-ra2\/#breadcrumb\",\"itemListElement\":[{\"@type\":\"ListItem\",\"position\":1,\"name\":\"Portada\",\"item\":\"https:\/\/distribuidor-cintas-adhesivas.es\/fr\/\"},{\"@type\":\"ListItem\",\"position\":2,\"name\":\"Produits\",\"item\":\"https:\/\/distribuidor-cintas-adhesivas.es\/shop\/\"},{\"@type\":\"ListItem\",\"position\":3,\"name\":\"3M\u2122 3932 Haute Intensit\u00e9 Prismatique s\u00e9rie Classe RA2\"}]},{\"@type\":\"WebSite\",\"@id\":\"https:\/\/distribuidor-cintas-adhesivas.es\/fr\/#website\",\"url\":\"https:\/\/distribuidor-cintas-adhesivas.es\/fr\/\",\"name\":\"Distribuidor de cintas 3M\",\"description\":\"Distribuidor de cintas 3M, productos 3M, cinta adhesiva, 3M cinta doble cara, adhesivos 3M, cinta antideslizante, velcro 3M, cinta reflectante, 3m scotch, selladores de tuber\u00edas, formadores de juntas, retenedores, cianocrilatos reforzados con caucho, cianocrilatos ultrar\u00e1pidos, cianocrilatos para plasticos y caucho, cianocrilatos generales, cianocrilatos con poco olor, cianocrilatos para metales, adhesivos en aerosol, selladores y adhesivos, cintas de aluminio, cintas de vinilo para se\u00f1alizaci\u00f3n, cintas de tela americanas, cintas de papel para enmascarar, cintas para embalaje\",\"publisher\":{\"@id\":\"https:\/\/distribuidor-cintas-adhesivas.es\/fr\/#organization\"},\"potentialAction\":[{\"@type\":\"SearchAction\",\"target\":{\"@type\":\"EntryPoint\",\"urlTemplate\":\"https:\/\/distribuidor-cintas-adhesivas.es\/fr\/?s={search_term_string}\"},\"query-input\":{\"@type\":\"PropertyValueSpecification\",\"valueRequired\":true,\"valueName\":\"search_term_string\"}}],\"inLanguage\":\"fr-FR\"},{\"@type\":\"Organization\",\"@id\":\"https:\/\/distribuidor-cintas-adhesivas.es\/fr\/#organization\",\"name\":\"Distribuidor de cintas 3M\",\"url\":\"https:\/\/distribuidor-cintas-adhesivas.es\/fr\/\",\"logo\":{\"@type\":\"ImageObject\",\"inLanguage\":\"fr-FR\",\"@id\":\"https:\/\/distribuidor-cintas-adhesivas.es\/fr\/#\/schema\/logo\/image\/\",\"url\":\"https:\/\/distribuidor-cintas-adhesivas.es\/wp-content\/uploads\/2022\/10\/logo-espanol-portugues.png\",\"contentUrl\":\"https:\/\/distribuidor-cintas-adhesivas.es\/wp-content\/uploads\/2022\/10\/logo-espanol-portugues.png\",\"width\":739,\"height\":150,\"caption\":\"Distribuidor de cintas 3M\"},\"image\":{\"@id\":\"https:\/\/distribuidor-cintas-adhesivas.es\/fr\/#\/schema\/logo\/image\/\"},\"sameAs\":[\"https:\/\/distribuidorcintastesa.es\",\"https:\/\/solbi-mural.com\/es\/\",\"https:\/\/muralsrd.com\/\",\"https:\/\/www.instagram.com\/solbimural\/?igsh=ZnR6ZmkzZm1ubWhl\"]}]}<\/script>\n<!-- \/ Yoast SEO Premium plugin. -->","yoast_head_json":{"title":"3M\u2122 3932 Haute Intensit\u00e9 Prismatique s\u00e9rie Classe RA2","description":"3M\u2122 3932 Haute Intensit\u00e9 Prismatique s\u00e9rie Classe RA2 est homologu\u00e9 pour la production de panneaux de signalisation et de dispositifs de chantier.","robots":{"index":"index","follow":"follow","max-snippet":"max-snippet:-1","max-image-preview":"max-image-preview:large","max-video-preview":"max-video-preview:-1"},"canonical":"https:\/\/distribuidor-cintas-adhesivas.es\/fr\/producto\/3m-3932-haute-intensite-prismatique-serie-classe-ra2\/","og_locale":"fr_FR","og_type":"article","og_title":"3M\u2122 3932 Haute Intensit\u00e9 Prismatique s\u00e9rie Classe RA2","og_description":"3M\u2122 3932 Haute Intensit\u00e9 Prismatique s\u00e9rie Classe RA2 est homologu\u00e9 pour la production de panneaux de signalisation et de dispositifs de chantier.","og_url":"https:\/\/distribuidor-cintas-adhesivas.es\/fr\/producto\/3m-3932-haute-intensite-prismatique-serie-classe-ra2\/","og_site_name":"Distribuidor de cintas 3M, productos 3M, http:\/\/www.http:\/\/distribuidorcintas3m.es, Mejores ofertas en cintas","article_modified_time":"2024-07-22T08:47:14+00:00","og_image":[{"width":800,"height":800,"url":"https:\/\/distribuidor-cintas-adhesivas.es\/wp-content\/uploads\/2024\/06\/3m-cinta-reflectante-3932-colores.jpg","type":"image\/jpeg"}],"twitter_card":"summary_large_image","twitter_misc":{"Dur\u00e9e de lecture estim\u00e9e":"2 minutes"},"schema":{"@context":"https:\/\/schema.org","@graph":[{"@type":"WebPage","@id":"https:\/\/distribuidor-cintas-adhesivas.es\/fr\/producto\/3m-3932-haute-intensite-prismatique-serie-classe-ra2\/","url":"https:\/\/distribuidor-cintas-adhesivas.es\/fr\/producto\/3m-3932-haute-intensite-prismatique-serie-classe-ra2\/","name":"3M\u2122 3932 Haute Intensit\u00e9 Prismatique s\u00e9rie Classe RA2","isPartOf":{"@id":"https:\/\/distribuidor-cintas-adhesivas.es\/fr\/#website"},"primaryImageOfPage":{"@id":"https:\/\/distribuidor-cintas-adhesivas.es\/fr\/producto\/3m-3932-haute-intensite-prismatique-serie-classe-ra2\/#primaryimage"},"image":{"@id":"https:\/\/distribuidor-cintas-adhesivas.es\/fr\/producto\/3m-3932-haute-intensite-prismatique-serie-classe-ra2\/#primaryimage"},"thumbnailUrl":"https:\/\/distribuidor-cintas-adhesivas.es\/wp-content\/uploads\/2024\/06\/3m-cinta-reflectante-3932-colores.jpg","datePublished":"2024-06-18T11:44:04+00:00","dateModified":"2024-07-22T08:47:14+00:00","description":"3M\u2122 3932 Haute Intensit\u00e9 Prismatique s\u00e9rie Classe RA2 est homologu\u00e9 pour la production de panneaux de signalisation et de dispositifs de chantier.","breadcrumb":{"@id":"https:\/\/distribuidor-cintas-adhesivas.es\/fr\/producto\/3m-3932-haute-intensite-prismatique-serie-classe-ra2\/#breadcrumb"},"inLanguage":"fr-FR","potentialAction":[{"@type":"ReadAction","target":["https:\/\/distribuidor-cintas-adhesivas.es\/fr\/producto\/3m-3932-haute-intensite-prismatique-serie-classe-ra2\/"]}]},{"@type":"ImageObject","inLanguage":"fr-FR","@id":"https:\/\/distribuidor-cintas-adhesivas.es\/fr\/producto\/3m-3932-haute-intensite-prismatique-serie-classe-ra2\/#primaryimage","url":"https:\/\/distribuidor-cintas-adhesivas.es\/wp-content\/uploads\/2024\/06\/3m-cinta-reflectante-3932-colores.jpg","contentUrl":"https:\/\/distribuidor-cintas-adhesivas.es\/wp-content\/uploads\/2024\/06\/3m-cinta-reflectante-3932-colores.jpg","width":800,"height":800,"caption":"3m-reflective-tape-3932-colours"},{"@type":"BreadcrumbList","@id":"https:\/\/distribuidor-cintas-adhesivas.es\/fr\/producto\/3m-3932-haute-intensite-prismatique-serie-classe-ra2\/#breadcrumb","itemListElement":[{"@type":"ListItem","position":1,"name":"Portada","item":"https:\/\/distribuidor-cintas-adhesivas.es\/fr\/"},{"@type":"ListItem","position":2,"name":"Produits","item":"https:\/\/distribuidor-cintas-adhesivas.es\/shop\/"},{"@type":"ListItem","position":3,"name":"3M\u2122 3932 Haute Intensit\u00e9 Prismatique s\u00e9rie Classe RA2"}]},{"@type":"WebSite","@id":"https:\/\/distribuidor-cintas-adhesivas.es\/fr\/#website","url":"https:\/\/distribuidor-cintas-adhesivas.es\/fr\/","name":"Distribuidor de cintas 3M","description":"Distribuidor de cintas 3M, productos 3M, cinta adhesiva, 3M cinta doble cara, adhesivos 3M, cinta antideslizante, velcro 3M, cinta reflectante, 3m scotch, selladores de tuber\u00edas, formadores de juntas, retenedores, cianocrilatos reforzados con caucho, cianocrilatos ultrar\u00e1pidos, cianocrilatos para plasticos y caucho, cianocrilatos generales, cianocrilatos con poco olor, cianocrilatos para metales, adhesivos en aerosol, selladores y adhesivos, cintas de aluminio, cintas de vinilo para se\u00f1alizaci\u00f3n, cintas de tela americanas, cintas de papel para enmascarar, cintas para embalaje","publisher":{"@id":"https:\/\/distribuidor-cintas-adhesivas.es\/fr\/#organization"},"potentialAction":[{"@type":"SearchAction","target":{"@type":"EntryPoint","urlTemplate":"https:\/\/distribuidor-cintas-adhesivas.es\/fr\/?s={search_term_string}"},"query-input":{"@type":"PropertyValueSpecification","valueRequired":true,"valueName":"search_term_string"}}],"inLanguage":"fr-FR"},{"@type":"Organization","@id":"https:\/\/distribuidor-cintas-adhesivas.es\/fr\/#organization","name":"Distribuidor de cintas 3M","url":"https:\/\/distribuidor-cintas-adhesivas.es\/fr\/","logo":{"@type":"ImageObject","inLanguage":"fr-FR","@id":"https:\/\/distribuidor-cintas-adhesivas.es\/fr\/#\/schema\/logo\/image\/","url":"https:\/\/distribuidor-cintas-adhesivas.es\/wp-content\/uploads\/2022\/10\/logo-espanol-portugues.png","contentUrl":"https:\/\/distribuidor-cintas-adhesivas.es\/wp-content\/uploads\/2022\/10\/logo-espanol-portugues.png","width":739,"height":150,"caption":"Distribuidor de cintas 3M"},"image":{"@id":"https:\/\/distribuidor-cintas-adhesivas.es\/fr\/#\/schema\/logo\/image\/"},"sameAs":["https:\/\/distribuidorcintastesa.es","https:\/\/solbi-mural.com\/es\/","https:\/\/muralsrd.com\/","https:\/\/www.instagram.com\/solbimural\/?igsh=ZnR6ZmkzZm1ubWhl"]}]}},"_links":{"self":[{"href":"https:\/\/distribuidor-cintas-adhesivas.es\/fr\/wp-json\/wp\/v2\/product\/5131","targetHints":{"allow":["GET"]}}],"collection":[{"href":"https:\/\/distribuidor-cintas-adhesivas.es\/fr\/wp-json\/wp\/v2\/product"}],"about":[{"href":"https:\/\/distribuidor-cintas-adhesivas.es\/fr\/wp-json\/wp\/v2\/types\/product"}],"wp:featuredmedia":[{"embeddable":true,"href":"https:\/\/distribuidor-cintas-adhesivas.es\/fr\/wp-json\/wp\/v2\/media\/5113"}],"wp:attachment":[{"href":"https:\/\/distribuidor-cintas-adhesivas.es\/fr\/wp-json\/wp\/v2\/media?parent=5131"}],"wp:term":[{"taxonomy":"product_brand","embeddable":true,"href":"https:\/\/distribuidor-cintas-adhesivas.es\/fr\/wp-json\/wp\/v2\/product_brand?post=5131"},{"taxonomy":"product_cat","embeddable":true,"href":"https:\/\/distribuidor-cintas-adhesivas.es\/fr\/wp-json\/wp\/v2\/product_cat?post=5131"},{"taxonomy":"product_tag","embeddable":true,"href":"https:\/\/distribuidor-cintas-adhesivas.es\/fr\/wp-json\/wp\/v2\/product_tag?post=5131"}],"curies":[{"name":"wp","href":"https:\/\/api.w.org\/{rel}","templated":true}]}}