{"id":5173,"date":"2024-07-10T15:01:35","date_gmt":"2024-07-10T15:01:35","guid":{"rendered":"https:\/\/distribuidor-cintas-adhesivas.es\/producto\/3m-diamond-grade-4083-speciale-pompiers\/"},"modified":"2024-07-22T08:48:57","modified_gmt":"2024-07-22T08:48:57","slug":"3m-diamond-grade-4083-speciale-pompiers","status":"publish","type":"product","link":"https:\/\/distribuidor-cintas-adhesivas.es\/fr\/producto\/3m-diamond-grade-4083-speciale-pompiers\/","title":{"rendered":"3M\u2122 Diamond Grade\u2122 4083 Sp\u00e9ciale Pompiers"},"content":{"rendered":"<p>Le ruban 3M\u2122 Diamond Grade\u2122 4083 Sp\u00e9ciale Pompiers est con\u00e7u pour \u00eatre appliqu\u00e9 sur les v\u00e9hicules de pompiers ou d&rsquo;ambulances, afin d&rsquo;accro\u00eetre la visibilit\u00e9 de jour comme de nuit. Homologu\u00e9. Conforme aux valeurs de r\u00e9flectivit\u00e9 et de luminosit\u00e9 selon DIN 14502-3, et imprim\u00e9 avec le num\u00e9ro de l&rsquo;institut d&rsquo;essai fran\u00e7ais selon NIT 273:2006 \u00ab\u00a0TPESC B 07192 3M\u00a0\u00bb.<\/p>\n<p>Son format de vente est pr\u00e9sent\u00e9 en paquets de 2 bandes (droite et gauche vendues au m\u00e8tre lin\u00e9aire).<\/p>\n<h4><span style=\"color: #3366ff;\"><a style=\"color: #3366ff;\" href=\"https:\/\/solbi-mural.com\/fr\/3m-reflechissants\/1831-3m-ruban-reflechissant-diamond-grade-4083-classe-ra3-dg3-fluo-jaunerouge-140mm-linear-meter-1-m-gauche-1m-a-droite.html\" target=\"_blank\" rel=\"noopener\"><strong>Achat en ligne 3M 4083<\/strong><\/a><\/span><\/h4>\n<p>&nbsp;<\/p>\n<h4>Caract\u00e9ristiques<\/h4>\n<ul>\n<li>Approuv\u00e9 pour la signalisation des pompiers et des ambulances.<\/li>\n<li>3M\u2122 Diamond Grade\u2122 4083 Sp\u00e9ciale Pompiers fournit des valeurs de r\u00e9tror\u00e9flexion tr\u00e8s \u00e9lev\u00e9es m\u00eame \u00e0 un angle tr\u00e8s faible<\/li>\n<li>Classe B TPESC B 017192 France. Agr\u00e9ment imprim\u00e9 avec le num\u00e9ro de l&rsquo;institut d&rsquo;essai fran\u00e7ais conform\u00e9ment \u00e0 la norme NIT 273:2006 \u00ab\u00a0TPESC B 07192 3M\u00a0\u00bb.<\/li>\n<li>Rouge imprim\u00e9 sur jaune-limite-fluor avec chevron rouge de 100 mm \u00e0 un angle de 45\u00b0.<\/li>\n<\/ul>\n<h4>Applications<\/h4>\n<ul>\n<li>Facile \u00e0 appliquer, il suffit d&rsquo;exercer une l\u00e9g\u00e8re pression \u00e0 la main ou \u00e0 l&rsquo;aide d&rsquo;une spatule en plastique\/caoutchouc.<\/li>\n<li>Convient pour une application sur des surfaces lisses.<\/li>\n<\/ul>\n<p>Si vous recherchez de la flexibilit\u00e9 et\/ou un mat\u00e9riau adaptable pour les b\u00e2ches, nous vous recommandons les rubans 3M <a href=\"https:\/\/solbi-mural.com\/fr\/3m-reflechissants\/48-3m-diamond-grade-997957-ruban-adhesif-reflechissant-micro-prismatique-segmente-classe-c-ece104-dg3-rouleau-50m-x-51mm.html\" target=\"_blank\" rel=\"noopener\">957S<\/a> o <a href=\"https:\/\/solbi-mural.com\/fr\/3m-reflechissants\/39-3m-diamond-grade-983-72s-reflechissant-segm-citerne-rouleau-50mm-x-50m-4046719623860.html\" target=\"_blank\" rel=\"noopener\">983S<\/a>.<\/p>\n<h4>Produits similaires<\/h4>\n<ul>\n<li><a href=\"https:\/\/distribuidor-cintas-adhesivas.es\/fr\/producto\/3m-823i-bande-reflechissante-flexible-classe-ra2\/\">823i<\/a><\/li>\n<li><a href=\"https:\/\/distribuidor-cintas-adhesivas.es\/fr\/producto\/3m-3410-ruban-reflechissant-a-microprisme-classe-ra2\/\" target=\"_blank\" rel=\"noopener\">3410<\/a><\/li>\n<li><a href=\"https:\/\/distribuidor-cintas-adhesivas.es\/fr\/producto\/3m-957s-contour-de-securite-segmente-ece104\/\" target=\"_blank\" rel=\"noopener\">957S<\/a><\/li>\n<li><a href=\"https:\/\/distribuidor-cintas-adhesivas.es\/fr\/producto\/3m-diamond-grade-983s-contour-de-securite-segmente-ece104\/\" target=\"_blank\" rel=\"noopener\">983S<\/a><\/li>\n<li><a href=\"https:\/\/distribuidor-cintas-adhesivas.es\/fr\/producto\/3m-3932-haute-intensite-prismatique-serie-classe-ra2\/\" target=\"_blank\" rel=\"noopener\">3932<\/a><\/li>\n<li><a href=\"https:\/\/distribuidor-cintas-adhesivas.es\/fr\/producto\/3m-engineer-grade-serie-3430-film-retroreflechissant\/\">3430 (3431)<\/a><\/li>\n<\/ul>\n","protected":false},"excerpt":{"rendered":"<p>Le ruban 3M\u2122 Diamond Grade\u2122 4083 Sp\u00e9ciale Pompiers est con\u00e7u pour \u00eatre appliqu\u00e9 sur les v\u00e9hicules de pompiers ou d&rsquo;ambulances, afin d&rsquo;accro\u00eetre la visibilit\u00e9 de jour comme de nuit. Homologu\u00e9. Conforme aux valeurs de r\u00e9flectivit\u00e9 et de luminosit\u00e9 selon DIN 14502-3, et imprim\u00e9 avec le num\u00e9ro de l&rsquo;institut d&rsquo;essai fran\u00e7ais selon NIT 273:2006 \u00ab\u00a0TPESC B [&hellip;]<\/p>\n","protected":false},"featured_media":5171,"template":"","meta":{"site-sidebar-layout":"default","site-content-layout":"","ast-site-content-layout":"default","site-content-style":"default","site-sidebar-style":"default","ast-global-header-display":"","ast-banner-title-visibility":"","ast-main-header-display":"","ast-hfb-above-header-display":"","ast-hfb-below-header-display":"","ast-hfb-mobile-header-display":"","site-post-title":"","ast-breadcrumbs-content":"","ast-featured-img":"","footer-sml-layout":"","ast-disable-related-posts":"","theme-transparent-header-meta":"default","adv-header-id-meta":"","stick-header-meta":"","header-above-stick-meta":"","header-main-stick-meta":"","header-below-stick-meta":"","astra-migrate-meta-layouts":"set","ast-page-background-enabled":"default","ast-page-background-meta":{"desktop":{"background-color":"","background-image":"","background-repeat":"repeat","background-position":"center center","background-size":"auto","background-attachment":"scroll","background-type":"","background-media":"","overlay-type":"","overlay-color":"","overlay-opacity":"","overlay-gradient":""},"tablet":{"background-color":"","background-image":"","background-repeat":"repeat","background-position":"center center","background-size":"auto","background-attachment":"scroll","background-type":"","background-media":"","overlay-type":"","overlay-color":"","overlay-opacity":"","overlay-gradient":""},"mobile":{"background-color":"","background-image":"","background-repeat":"repeat","background-position":"center center","background-size":"auto","background-attachment":"scroll","background-type":"","background-media":"","overlay-type":"","overlay-color":"","overlay-opacity":"","overlay-gradient":""}},"ast-content-background-meta":{"desktop":{"background-color":"var(--ast-global-color-5)","background-image":"","background-repeat":"repeat","background-position":"center center","background-size":"auto","background-attachment":"scroll","background-type":"","background-media":"","overlay-type":"","overlay-color":"","overlay-opacity":"","overlay-gradient":""},"tablet":{"background-color":"var(--ast-global-color-5)","background-image":"","background-repeat":"repeat","background-position":"center center","background-size":"auto","background-attachment":"scroll","background-type":"","background-media":"","overlay-type":"","overlay-color":"","overlay-opacity":"","overlay-gradient":""},"mobile":{"background-color":"var(--ast-global-color-5)","background-image":"","background-repeat":"repeat","background-position":"center center","background-size":"auto","background-attachment":"scroll","background-type":"","background-media":"","overlay-type":"","overlay-color":"","overlay-opacity":"","overlay-gradient":""}}},"product_brand":[],"product_cat":[2650],"product_tag":[2824,2825,2826,2814,2770,2607,2830,2827,2828,2829],"class_list":{"0":"post-5173","1":"product","2":"type-product","3":"status-publish","4":"has-post-thumbnail","6":"product_cat-rubans-reflechissants-fr","7":"product_tag-3m-4083-fr","8":"product_tag-3m-4083-33-fr","9":"product_tag-3m-diamond-grade-fr","10":"product_tag-bande-reflechissante-3m","11":"product_tag-bande-reflechissante-homologuee","12":"product_tag-diamond-grade-fr","13":"product_tag-homologation-europeenne","14":"product_tag-ruban-4083-33","15":"product_tag-ruban-adhesif-pour-ambulance","16":"product_tag-ruban-pour-pompier","17":"desktop-align-center","18":"tablet-align-center","19":"mobile-align-center","21":"first","22":"instock","23":"shipping-taxable","24":"product-type-simple"},"yoast_head":"<!-- This site is optimized with the Yoast SEO Premium plugin v27.2 (Yoast SEO v27.2) - https:\/\/yoast.com\/product\/yoast-seo-premium-wordpress\/ -->\n<title>3M\u2122 Diamond Grade\u2122 4083 Sp\u00e9ciale Pompiers<\/title>\n<meta name=\"description\" content=\"3M\u2122 Diamond Grade\u2122 4083 Sp\u00e9ciale Pompiers est con\u00e7u pour \u00eatre appliqu\u00e9 sur les v\u00e9hicules de pompiers, afin d&#039;accro\u00eetre la visibilit\u00e9 de jour comme de nuit.\" \/>\n<meta name=\"robots\" content=\"index, follow, max-snippet:-1, max-image-preview:large, max-video-preview:-1\" \/>\n<link rel=\"canonical\" href=\"https:\/\/distribuidor-cintas-adhesivas.es\/fr\/producto\/3m-diamond-grade-4083-speciale-pompiers\/\" \/>\n<meta property=\"og:locale\" content=\"fr_FR\" \/>\n<meta property=\"og:type\" content=\"article\" \/>\n<meta property=\"og:title\" content=\"3M\u2122 Diamond Grade\u2122 4083 Sp\u00e9ciale Pompiers\" \/>\n<meta property=\"og:description\" content=\"3M\u2122 Diamond Grade\u2122 4083 Sp\u00e9ciale Pompiers est con\u00e7u pour \u00eatre appliqu\u00e9 sur les v\u00e9hicules de pompiers, afin d&#039;accro\u00eetre la visibilit\u00e9 de jour comme de nuit.\" \/>\n<meta property=\"og:url\" content=\"https:\/\/distribuidor-cintas-adhesivas.es\/fr\/producto\/3m-diamond-grade-4083-speciale-pompiers\/\" \/>\n<meta property=\"og:site_name\" content=\"Distribuidor de cintas 3M, productos 3M, http:\/\/www.http:\/\/distribuidorcintas3m.es, Mejores ofertas en cintas\" \/>\n<meta property=\"article:modified_time\" content=\"2024-07-22T08:48:57+00:00\" \/>\n<meta property=\"og:image\" content=\"https:\/\/distribuidor-cintas-adhesivas.es\/wp-content\/uploads\/2024\/07\/3m-cinta-reflectante-diamond-grade-4083-clase-ra3-dg3-amarillo-fluorrojo-140-mm-metro-lineal-1m-izquierda-1m-derecha.jpg\" \/>\n\t<meta property=\"og:image:width\" content=\"800\" \/>\n\t<meta property=\"og:image:height\" content=\"800\" \/>\n\t<meta property=\"og:image:type\" content=\"image\/jpeg\" \/>\n<meta name=\"twitter:card\" content=\"summary_large_image\" \/>\n<meta name=\"twitter:label1\" content=\"Dur\u00e9e de lecture estim\u00e9e\" \/>\n\t<meta name=\"twitter:data1\" content=\"2 minutes\" \/>\n<script type=\"application\/ld+json\" class=\"yoast-schema-graph\">{\"@context\":\"https:\/\/schema.org\",\"@graph\":[{\"@type\":\"WebPage\",\"@id\":\"https:\/\/distribuidor-cintas-adhesivas.es\/fr\/producto\/3m-diamond-grade-4083-speciale-pompiers\/\",\"url\":\"https:\/\/distribuidor-cintas-adhesivas.es\/fr\/producto\/3m-diamond-grade-4083-speciale-pompiers\/\",\"name\":\"3M\u2122 Diamond Grade\u2122 4083 Sp\u00e9ciale Pompiers\",\"isPartOf\":{\"@id\":\"https:\/\/distribuidor-cintas-adhesivas.es\/fr\/#website\"},\"primaryImageOfPage\":{\"@id\":\"https:\/\/distribuidor-cintas-adhesivas.es\/fr\/producto\/3m-diamond-grade-4083-speciale-pompiers\/#primaryimage\"},\"image\":{\"@id\":\"https:\/\/distribuidor-cintas-adhesivas.es\/fr\/producto\/3m-diamond-grade-4083-speciale-pompiers\/#primaryimage\"},\"thumbnailUrl\":\"https:\/\/distribuidor-cintas-adhesivas.es\/wp-content\/uploads\/2024\/07\/3m-cinta-reflectante-diamond-grade-4083-clase-ra3-dg3-amarillo-fluorrojo-140-mm-metro-lineal-1m-izquierda-1m-derecha.jpg\",\"datePublished\":\"2024-07-10T15:01:35+00:00\",\"dateModified\":\"2024-07-22T08:48:57+00:00\",\"description\":\"3M\u2122 Diamond Grade\u2122 4083 Sp\u00e9ciale Pompiers est con\u00e7u pour \u00eatre appliqu\u00e9 sur les v\u00e9hicules de pompiers, afin d'accro\u00eetre la visibilit\u00e9 de jour comme de nuit.\",\"breadcrumb\":{\"@id\":\"https:\/\/distribuidor-cintas-adhesivas.es\/fr\/producto\/3m-diamond-grade-4083-speciale-pompiers\/#breadcrumb\"},\"inLanguage\":\"fr-FR\",\"potentialAction\":[{\"@type\":\"ReadAction\",\"target\":[\"https:\/\/distribuidor-cintas-adhesivas.es\/fr\/producto\/3m-diamond-grade-4083-speciale-pompiers\/\"]}]},{\"@type\":\"ImageObject\",\"inLanguage\":\"fr-FR\",\"@id\":\"https:\/\/distribuidor-cintas-adhesivas.es\/fr\/producto\/3m-diamond-grade-4083-speciale-pompiers\/#primaryimage\",\"url\":\"https:\/\/distribuidor-cintas-adhesivas.es\/wp-content\/uploads\/2024\/07\/3m-cinta-reflectante-diamond-grade-4083-clase-ra3-dg3-amarillo-fluorrojo-140-mm-metro-lineal-1m-izquierda-1m-derecha.jpg\",\"contentUrl\":\"https:\/\/distribuidor-cintas-adhesivas.es\/wp-content\/uploads\/2024\/07\/3m-cinta-reflectante-diamond-grade-4083-clase-ra3-dg3-amarillo-fluorrojo-140-mm-metro-lineal-1m-izquierda-1m-derecha.jpg\",\"width\":800,\"height\":800,\"caption\":\"3M Diamond Grade 4083 Classe RA3\"},{\"@type\":\"BreadcrumbList\",\"@id\":\"https:\/\/distribuidor-cintas-adhesivas.es\/fr\/producto\/3m-diamond-grade-4083-speciale-pompiers\/#breadcrumb\",\"itemListElement\":[{\"@type\":\"ListItem\",\"position\":1,\"name\":\"Portada\",\"item\":\"https:\/\/distribuidor-cintas-adhesivas.es\/fr\/\"},{\"@type\":\"ListItem\",\"position\":2,\"name\":\"Produits\",\"item\":\"https:\/\/distribuidor-cintas-adhesivas.es\/shop\/\"},{\"@type\":\"ListItem\",\"position\":3,\"name\":\"3M\u2122 Diamond Grade\u2122 4083 Sp\u00e9ciale Pompiers\"}]},{\"@type\":\"WebSite\",\"@id\":\"https:\/\/distribuidor-cintas-adhesivas.es\/fr\/#website\",\"url\":\"https:\/\/distribuidor-cintas-adhesivas.es\/fr\/\",\"name\":\"Distribuidor de cintas 3M\",\"description\":\"Distribuidor de cintas 3M, productos 3M, cinta adhesiva, 3M cinta doble cara, adhesivos 3M, cinta antideslizante, velcro 3M, cinta reflectante, 3m scotch, selladores de tuber\u00edas, formadores de juntas, retenedores, cianocrilatos reforzados con caucho, cianocrilatos ultrar\u00e1pidos, cianocrilatos para plasticos y caucho, cianocrilatos generales, cianocrilatos con poco olor, cianocrilatos para metales, adhesivos en aerosol, selladores y adhesivos, cintas de aluminio, cintas de vinilo para se\u00f1alizaci\u00f3n, cintas de tela americanas, cintas de papel para enmascarar, cintas para embalaje\",\"publisher\":{\"@id\":\"https:\/\/distribuidor-cintas-adhesivas.es\/fr\/#organization\"},\"potentialAction\":[{\"@type\":\"SearchAction\",\"target\":{\"@type\":\"EntryPoint\",\"urlTemplate\":\"https:\/\/distribuidor-cintas-adhesivas.es\/fr\/?s={search_term_string}\"},\"query-input\":{\"@type\":\"PropertyValueSpecification\",\"valueRequired\":true,\"valueName\":\"search_term_string\"}}],\"inLanguage\":\"fr-FR\"},{\"@type\":\"Organization\",\"@id\":\"https:\/\/distribuidor-cintas-adhesivas.es\/fr\/#organization\",\"name\":\"Distribuidor de cintas 3M\",\"url\":\"https:\/\/distribuidor-cintas-adhesivas.es\/fr\/\",\"logo\":{\"@type\":\"ImageObject\",\"inLanguage\":\"fr-FR\",\"@id\":\"https:\/\/distribuidor-cintas-adhesivas.es\/fr\/#\/schema\/logo\/image\/\",\"url\":\"https:\/\/distribuidor-cintas-adhesivas.es\/wp-content\/uploads\/2022\/10\/logo-espanol-portugues.png\",\"contentUrl\":\"https:\/\/distribuidor-cintas-adhesivas.es\/wp-content\/uploads\/2022\/10\/logo-espanol-portugues.png\",\"width\":739,\"height\":150,\"caption\":\"Distribuidor de cintas 3M\"},\"image\":{\"@id\":\"https:\/\/distribuidor-cintas-adhesivas.es\/fr\/#\/schema\/logo\/image\/\"},\"sameAs\":[\"https:\/\/distribuidorcintastesa.es\",\"https:\/\/solbi-mural.com\/es\/\",\"https:\/\/muralsrd.com\/\",\"https:\/\/www.instagram.com\/solbimural\/?igsh=ZnR6ZmkzZm1ubWhl\"]}]}<\/script>\n<!-- \/ Yoast SEO Premium plugin. -->","yoast_head_json":{"title":"3M\u2122 Diamond Grade\u2122 4083 Sp\u00e9ciale Pompiers","description":"3M\u2122 Diamond Grade\u2122 4083 Sp\u00e9ciale Pompiers est con\u00e7u pour \u00eatre appliqu\u00e9 sur les v\u00e9hicules de pompiers, afin d'accro\u00eetre la visibilit\u00e9 de jour comme de nuit.","robots":{"index":"index","follow":"follow","max-snippet":"max-snippet:-1","max-image-preview":"max-image-preview:large","max-video-preview":"max-video-preview:-1"},"canonical":"https:\/\/distribuidor-cintas-adhesivas.es\/fr\/producto\/3m-diamond-grade-4083-speciale-pompiers\/","og_locale":"fr_FR","og_type":"article","og_title":"3M\u2122 Diamond Grade\u2122 4083 Sp\u00e9ciale Pompiers","og_description":"3M\u2122 Diamond Grade\u2122 4083 Sp\u00e9ciale Pompiers est con\u00e7u pour \u00eatre appliqu\u00e9 sur les v\u00e9hicules de pompiers, afin d'accro\u00eetre la visibilit\u00e9 de jour comme de nuit.","og_url":"https:\/\/distribuidor-cintas-adhesivas.es\/fr\/producto\/3m-diamond-grade-4083-speciale-pompiers\/","og_site_name":"Distribuidor de cintas 3M, productos 3M, http:\/\/www.http:\/\/distribuidorcintas3m.es, Mejores ofertas en cintas","article_modified_time":"2024-07-22T08:48:57+00:00","og_image":[{"width":800,"height":800,"url":"https:\/\/distribuidor-cintas-adhesivas.es\/wp-content\/uploads\/2024\/07\/3m-cinta-reflectante-diamond-grade-4083-clase-ra3-dg3-amarillo-fluorrojo-140-mm-metro-lineal-1m-izquierda-1m-derecha.jpg","type":"image\/jpeg"}],"twitter_card":"summary_large_image","twitter_misc":{"Dur\u00e9e de lecture estim\u00e9e":"2 minutes"},"schema":{"@context":"https:\/\/schema.org","@graph":[{"@type":"WebPage","@id":"https:\/\/distribuidor-cintas-adhesivas.es\/fr\/producto\/3m-diamond-grade-4083-speciale-pompiers\/","url":"https:\/\/distribuidor-cintas-adhesivas.es\/fr\/producto\/3m-diamond-grade-4083-speciale-pompiers\/","name":"3M\u2122 Diamond Grade\u2122 4083 Sp\u00e9ciale Pompiers","isPartOf":{"@id":"https:\/\/distribuidor-cintas-adhesivas.es\/fr\/#website"},"primaryImageOfPage":{"@id":"https:\/\/distribuidor-cintas-adhesivas.es\/fr\/producto\/3m-diamond-grade-4083-speciale-pompiers\/#primaryimage"},"image":{"@id":"https:\/\/distribuidor-cintas-adhesivas.es\/fr\/producto\/3m-diamond-grade-4083-speciale-pompiers\/#primaryimage"},"thumbnailUrl":"https:\/\/distribuidor-cintas-adhesivas.es\/wp-content\/uploads\/2024\/07\/3m-cinta-reflectante-diamond-grade-4083-clase-ra3-dg3-amarillo-fluorrojo-140-mm-metro-lineal-1m-izquierda-1m-derecha.jpg","datePublished":"2024-07-10T15:01:35+00:00","dateModified":"2024-07-22T08:48:57+00:00","description":"3M\u2122 Diamond Grade\u2122 4083 Sp\u00e9ciale Pompiers est con\u00e7u pour \u00eatre appliqu\u00e9 sur les v\u00e9hicules de pompiers, afin d'accro\u00eetre la visibilit\u00e9 de jour comme de nuit.","breadcrumb":{"@id":"https:\/\/distribuidor-cintas-adhesivas.es\/fr\/producto\/3m-diamond-grade-4083-speciale-pompiers\/#breadcrumb"},"inLanguage":"fr-FR","potentialAction":[{"@type":"ReadAction","target":["https:\/\/distribuidor-cintas-adhesivas.es\/fr\/producto\/3m-diamond-grade-4083-speciale-pompiers\/"]}]},{"@type":"ImageObject","inLanguage":"fr-FR","@id":"https:\/\/distribuidor-cintas-adhesivas.es\/fr\/producto\/3m-diamond-grade-4083-speciale-pompiers\/#primaryimage","url":"https:\/\/distribuidor-cintas-adhesivas.es\/wp-content\/uploads\/2024\/07\/3m-cinta-reflectante-diamond-grade-4083-clase-ra3-dg3-amarillo-fluorrojo-140-mm-metro-lineal-1m-izquierda-1m-derecha.jpg","contentUrl":"https:\/\/distribuidor-cintas-adhesivas.es\/wp-content\/uploads\/2024\/07\/3m-cinta-reflectante-diamond-grade-4083-clase-ra3-dg3-amarillo-fluorrojo-140-mm-metro-lineal-1m-izquierda-1m-derecha.jpg","width":800,"height":800,"caption":"3M Diamond Grade 4083 Classe RA3"},{"@type":"BreadcrumbList","@id":"https:\/\/distribuidor-cintas-adhesivas.es\/fr\/producto\/3m-diamond-grade-4083-speciale-pompiers\/#breadcrumb","itemListElement":[{"@type":"ListItem","position":1,"name":"Portada","item":"https:\/\/distribuidor-cintas-adhesivas.es\/fr\/"},{"@type":"ListItem","position":2,"name":"Produits","item":"https:\/\/distribuidor-cintas-adhesivas.es\/shop\/"},{"@type":"ListItem","position":3,"name":"3M\u2122 Diamond Grade\u2122 4083 Sp\u00e9ciale Pompiers"}]},{"@type":"WebSite","@id":"https:\/\/distribuidor-cintas-adhesivas.es\/fr\/#website","url":"https:\/\/distribuidor-cintas-adhesivas.es\/fr\/","name":"Distribuidor de cintas 3M","description":"Distribuidor de cintas 3M, productos 3M, cinta adhesiva, 3M cinta doble cara, adhesivos 3M, cinta antideslizante, velcro 3M, cinta reflectante, 3m scotch, selladores de tuber\u00edas, formadores de juntas, retenedores, cianocrilatos reforzados con caucho, cianocrilatos ultrar\u00e1pidos, cianocrilatos para plasticos y caucho, cianocrilatos generales, cianocrilatos con poco olor, cianocrilatos para metales, adhesivos en aerosol, selladores y adhesivos, cintas de aluminio, cintas de vinilo para se\u00f1alizaci\u00f3n, cintas de tela americanas, cintas de papel para enmascarar, cintas para embalaje","publisher":{"@id":"https:\/\/distribuidor-cintas-adhesivas.es\/fr\/#organization"},"potentialAction":[{"@type":"SearchAction","target":{"@type":"EntryPoint","urlTemplate":"https:\/\/distribuidor-cintas-adhesivas.es\/fr\/?s={search_term_string}"},"query-input":{"@type":"PropertyValueSpecification","valueRequired":true,"valueName":"search_term_string"}}],"inLanguage":"fr-FR"},{"@type":"Organization","@id":"https:\/\/distribuidor-cintas-adhesivas.es\/fr\/#organization","name":"Distribuidor de cintas 3M","url":"https:\/\/distribuidor-cintas-adhesivas.es\/fr\/","logo":{"@type":"ImageObject","inLanguage":"fr-FR","@id":"https:\/\/distribuidor-cintas-adhesivas.es\/fr\/#\/schema\/logo\/image\/","url":"https:\/\/distribuidor-cintas-adhesivas.es\/wp-content\/uploads\/2022\/10\/logo-espanol-portugues.png","contentUrl":"https:\/\/distribuidor-cintas-adhesivas.es\/wp-content\/uploads\/2022\/10\/logo-espanol-portugues.png","width":739,"height":150,"caption":"Distribuidor de cintas 3M"},"image":{"@id":"https:\/\/distribuidor-cintas-adhesivas.es\/fr\/#\/schema\/logo\/image\/"},"sameAs":["https:\/\/distribuidorcintastesa.es","https:\/\/solbi-mural.com\/es\/","https:\/\/muralsrd.com\/","https:\/\/www.instagram.com\/solbimural\/?igsh=ZnR6ZmkzZm1ubWhl"]}]}},"_links":{"self":[{"href":"https:\/\/distribuidor-cintas-adhesivas.es\/fr\/wp-json\/wp\/v2\/product\/5173","targetHints":{"allow":["GET"]}}],"collection":[{"href":"https:\/\/distribuidor-cintas-adhesivas.es\/fr\/wp-json\/wp\/v2\/product"}],"about":[{"href":"https:\/\/distribuidor-cintas-adhesivas.es\/fr\/wp-json\/wp\/v2\/types\/product"}],"wp:featuredmedia":[{"embeddable":true,"href":"https:\/\/distribuidor-cintas-adhesivas.es\/fr\/wp-json\/wp\/v2\/media\/5171"}],"wp:attachment":[{"href":"https:\/\/distribuidor-cintas-adhesivas.es\/fr\/wp-json\/wp\/v2\/media?parent=5173"}],"wp:term":[{"taxonomy":"product_brand","embeddable":true,"href":"https:\/\/distribuidor-cintas-adhesivas.es\/fr\/wp-json\/wp\/v2\/product_brand?post=5173"},{"taxonomy":"product_cat","embeddable":true,"href":"https:\/\/distribuidor-cintas-adhesivas.es\/fr\/wp-json\/wp\/v2\/product_cat?post=5173"},{"taxonomy":"product_tag","embeddable":true,"href":"https:\/\/distribuidor-cintas-adhesivas.es\/fr\/wp-json\/wp\/v2\/product_tag?post=5173"}],"curies":[{"name":"wp","href":"https:\/\/api.w.org\/{rel}","templated":true}]}}