{"id":5372,"date":"2024-07-22T11:30:40","date_gmt":"2024-07-22T11:30:40","guid":{"rendered":"https:\/\/distribuidor-cintas-adhesivas.es\/producto\/3m-vhb-ruban-mousse-acrylique-solide-usage-general\/"},"modified":"2024-07-24T14:50:51","modified_gmt":"2024-07-24T14:50:51","slug":"3m-vhb-ruban-mousse-acrylique-solide-usage-general","status":"publish","type":"product","link":"https:\/\/distribuidor-cintas-adhesivas.es\/fr\/producto\/3m-vhb-ruban-mousse-acrylique-solide-usage-general\/","title":{"rendered":"3M\u2122 VHB\u2122 Ruban Mousse Acrylique Solide Usage G\u00e9n\u00e9ral"},"content":{"rendered":"<p>3M\u2122 VHB\u2122 Ruban Mousse Acrylique Solide Usage G\u00e9n\u00e9ral offre une liaison durable, rapide et facile \u00e0 appliquer qui offre une r\u00e9sistance \u00e9lev\u00e9e et une durabilit\u00e9 \u00e0 long terme. Il permet d&rsquo;obtenir des liaisons presque invisibles qui rendent les surfaces lisses.<\/p>\n<h4>Achat en ligne<\/h4>\n<h4><span style=\"color: #3366ff;\"><a style=\"color: #3366ff;\" href=\"https:\/\/solbi-mural.com\/fr\/recherche?s=4614\" target=\"_blank\" rel=\"noopener\">4614 \u00e9paisseur 0.8mm<\/a><\/span><\/h4>\n<h4><span style=\"color: #3366ff;\"><a style=\"color: #3366ff;\" href=\"https:\/\/solbi-mural.com\/fr\/recherche?s=4910F\" target=\"_blank\" rel=\"noopener\"><strong>4910F \u00e9paisseur 1mm<\/strong><\/a><\/span><\/h4>\n<h4><span style=\"color: #3366ff;\"><a style=\"color: #3366ff;\" href=\"https:\/\/solbi-mural.com\/fr\/recherche?controller=search&amp;s=4918\" target=\"_blank\" rel=\"noopener\">4918F \u00e9paisseur 2mm<\/a><\/span><\/h4>\n<p>&nbsp;<\/p>\n<h4>Caract\u00e9ristiques<\/h4>\n<ul>\n<li>Adh\u00e9sif transparent \u00e0 usage g\u00e9n\u00e9ral avec un noyau en mousse acrylique <strong>solide<\/strong>.<\/li>\n<li>Particuli\u00e8rement sur les substrats \u00e0 haute \u00e9nergie de surface.<\/li>\n<li>3M\u2122 VHB\u2122 Ruban Mousse Acrylique Solide Usage G\u00e9n\u00e9ral adh\u00e8re \u00e0 une grande vari\u00e9t\u00e9 de substrats, y compris la plupart des rev\u00eatements en poudre et des surfaces irr\u00e9guli\u00e8res<\/li>\n<li>Peut remplacer les fixations m\u00e9caniques (rivets, soudures par points, vis) ou les adh\u00e9sifs liquides, \u00e9liminant ainsi les op\u00e9rations de per\u00e7age, de meulage, de rectification, de vissage, de soudage et de nettoyage.<\/li>\n<li>L&rsquo;absorption des contraintes dynamiques \u00e9lev\u00e9es r\u00e9duit les vibrations et les contraintes d&rsquo;impact.<\/li>\n<li>Cr\u00e9e un joint permanent contre l&rsquo;eau et l&rsquo;humidit\u00e9<\/li>\n<li>R\u00e9sistance \u00e0 la temp\u00e9rature Maximum 90\u00baC \u00e0 long terme (150\u00baC \u00e0 court terme)<\/li>\n<li>Couleur transparente\/incolore<\/li>\n<\/ul>\n<h4>Applications<\/h4>\n<ul>\n<li>Facile \u00e0 appliquer en exer\u00e7ant une l\u00e9g\u00e8re pression \u00e0 la main.<\/li>\n<li>Joint les deux surfaces au contact et permet une manipulation imm\u00e9diate.<\/li>\n<li>Dot\u00e9 d&rsquo;un noyau en mousse acrylique dure qui adh\u00e8re \u00e0 une grande vari\u00e9t\u00e9 de substrats.<\/li>\n<li>Il adh\u00e8re \u00e0 une large gamme de substrats notamment le m\u00e9tal, le verre et les plastiques tels que le polycarbonate et l&rsquo;acrylique.<\/li>\n<li>La gamme de rubans VHB\u2122 peut \u00eatre utilis\u00e9e \u00e0 l&rsquo;int\u00e9rieur ou \u00e0 l&rsquo;ext\u00e9rieur dans une grande vari\u00e9t\u00e9 d&rsquo;applications, notamment l&rsquo;assemblage de fen\u00eatres, de portes et d&rsquo;enseignes, les composants \u00e9lectroniques, la construction et d&rsquo;innombrables applications industrielles ou le collage de mat\u00e9riaux transparents, l&rsquo;assemblage d&rsquo;enseignes translucides r\u00e9tro\u00e9clair\u00e9es, le verre et les substrats \u00e0 haute \u00e9nergie de surface (HSE), les garnitures et les mat\u00e9riaux d\u00e9coratifs, les plaques signal\u00e9tiques et les logos, le collage de panneaux sur cadres et de raidisseurs sur panneaux.<\/li>\n<\/ul>\n<p>Dans cette m\u00eame famille, la r\u00e9f\u00e9rence suivante serait disponible : 4905. Si vous avez besoin de cette r\u00e9f\u00e9rence, vous pouvez nous <strong>contacter<\/strong> pour un devis et un d\u00e9lai par email <a href=\"mailto:federico@distribuidor-3m.solbi-mural.com\"><strong>federico@distribuidor-3m.solbi-mural.com<\/strong><\/a><\/p>\n<p>&nbsp;<\/p>\n<h4>Produits similaires<\/h4>\n<ul>\n<li style=\"list-style-type: none;\">\n<ul>\n<li><a href=\"https:\/\/distribuidor-cintas-adhesivas.es\/fr\/producto\/ruban-3m-vhb-gph\/\" target=\"_blank\" rel=\"noopener\">GPH-060GF ; GPH-110GF ; GPH-160GF<\/a><\/li>\n<li><a href=\"https:\/\/distribuidor-cintas-adhesivas.es\/fr\/producto\/ruban-3m-vhb-tres-conformable\/\" target=\"_blank\" rel=\"noopener\">VHB Tr\u00e8s Conformable<\/a><\/li>\n<li><a href=\"https:\/\/distribuidor-cintas-adhesivas.es\/fr\/producto\/3m-vhb-ruban-de-mousse-acrylique-conformable\/\" target=\"_blank\" rel=\"noopener\">VHB Conformable<\/a><\/li>\n<li><a href=\"https:\/\/distribuidor-cintas-adhesivas.es\/fr\/producto\/ruban-a-transfert-dadhesif-3m-vhb\/\" target=\"_blank\" rel=\"noopener\">VHB Transfer<\/a><\/li>\n<li><a href=\"https:\/\/distribuidor-cintas-adhesivas.es\/fr\/producto\/ruban-double-face-adhesif-3m-gpt-020\/\" target=\"_blank\" rel=\"noopener\">GPT-020<\/a><\/li>\n<\/ul>\n<\/li>\n<\/ul>\n","protected":false},"excerpt":{"rendered":"<p>3M\u2122 VHB\u2122 Ruban Mousse Acrylique Solide Usage G\u00e9n\u00e9ral offre une liaison durable, rapide et facile \u00e0 appliquer qui offre une r\u00e9sistance \u00e9lev\u00e9e et une durabilit\u00e9 \u00e0 long terme. Il permet d&rsquo;obtenir des liaisons presque invisibles qui rendent les surfaces lisses. Achat en ligne 4614 \u00e9paisseur 0.8mm 4910F \u00e9paisseur 1mm 4918F \u00e9paisseur 2mm &nbsp; Caract\u00e9ristiques Adh\u00e9sif [&hellip;]<\/p>\n","protected":false},"featured_media":5362,"template":"","meta":{"site-sidebar-layout":"default","site-content-layout":"","ast-site-content-layout":"default","site-content-style":"default","site-sidebar-style":"default","ast-global-header-display":"","ast-banner-title-visibility":"","ast-main-header-display":"","ast-hfb-above-header-display":"","ast-hfb-below-header-display":"","ast-hfb-mobile-header-display":"","site-post-title":"","ast-breadcrumbs-content":"","ast-featured-img":"","footer-sml-layout":"","ast-disable-related-posts":"","theme-transparent-header-meta":"default","adv-header-id-meta":"","stick-header-meta":"","header-above-stick-meta":"","header-main-stick-meta":"","header-below-stick-meta":"","astra-migrate-meta-layouts":"set","ast-page-background-enabled":"default","ast-page-background-meta":{"desktop":{"background-color":"","background-image":"","background-repeat":"repeat","background-position":"center center","background-size":"auto","background-attachment":"scroll","background-type":"","background-media":"","overlay-type":"","overlay-color":"","overlay-opacity":"","overlay-gradient":""},"tablet":{"background-color":"","background-image":"","background-repeat":"repeat","background-position":"center center","background-size":"auto","background-attachment":"scroll","background-type":"","background-media":"","overlay-type":"","overlay-color":"","overlay-opacity":"","overlay-gradient":""},"mobile":{"background-color":"","background-image":"","background-repeat":"repeat","background-position":"center center","background-size":"auto","background-attachment":"scroll","background-type":"","background-media":"","overlay-type":"","overlay-color":"","overlay-opacity":"","overlay-gradient":""}},"ast-content-background-meta":{"desktop":{"background-color":"var(--ast-global-color-5)","background-image":"","background-repeat":"repeat","background-position":"center center","background-size":"auto","background-attachment":"scroll","background-type":"","background-media":"","overlay-type":"","overlay-color":"","overlay-opacity":"","overlay-gradient":""},"tablet":{"background-color":"var(--ast-global-color-5)","background-image":"","background-repeat":"repeat","background-position":"center center","background-size":"auto","background-attachment":"scroll","background-type":"","background-media":"","overlay-type":"","overlay-color":"","overlay-opacity":"","overlay-gradient":""},"mobile":{"background-color":"var(--ast-global-color-5)","background-image":"","background-repeat":"repeat","background-position":"center center","background-size":"auto","background-attachment":"scroll","background-type":"","background-media":"","overlay-type":"","overlay-color":"","overlay-opacity":"","overlay-gradient":""}}},"product_brand":[],"product_cat":[2945,957,953],"product_tag":[2961,1927,1929,2962,2946,1931,2947,2948],"class_list":{"0":"post-5372","1":"product","2":"type-product","3":"status-publish","4":"has-post-thumbnail","6":"product_cat-rubans-adhesifs-double-face","7":"product_cat-rubans-en-mousse","8":"product_cat-rubans-vhb","9":"product_tag-3m-4614-fr","10":"product_tag-3m-4910f-fr","11":"product_tag-3m-vhb-4910f-fr","12":"product_tag-4918f","13":"product_tag-adhesif-transparent-3m","14":"product_tag-cinta-4910f-fr","15":"product_tag-ruban-4905","16":"product_tag-ruban-4910","17":"desktop-align-center","18":"tablet-align-center","19":"mobile-align-center","21":"first","22":"instock","23":"shipping-taxable","24":"product-type-simple"},"yoast_head":"<!-- This site is optimized with the Yoast SEO Premium plugin v27.2 (Yoast SEO v27.2) - https:\/\/yoast.com\/product\/yoast-seo-premium-wordpress\/ -->\n<title>3M\u2122 VHB\u2122 Ruban Mousse Acrylique Solide Usage G\u00e9n\u00e9ral<\/title>\n<meta name=\"description\" content=\"3M\u2122 VHB\u2122 Ruban Mousse Acrylique Solide Usage G\u00e9n\u00e9ral sp\u00e9cialement con\u00e7u pour adh\u00e9rer au m\u00e9tal, au verre et aux plastiques tels que le polycarbonate et l&#039;acrylique.\" \/>\n<meta name=\"robots\" content=\"index, follow, max-snippet:-1, max-image-preview:large, max-video-preview:-1\" \/>\n<link rel=\"canonical\" href=\"https:\/\/distribuidor-cintas-adhesivas.es\/fr\/producto\/3m-vhb-ruban-mousse-acrylique-solide-usage-general\/\" \/>\n<meta property=\"og:locale\" content=\"fr_FR\" \/>\n<meta property=\"og:type\" content=\"article\" \/>\n<meta property=\"og:title\" content=\"3M\u2122 VHB\u2122 Ruban Mousse Acrylique Solide Usage G\u00e9n\u00e9ral\" \/>\n<meta property=\"og:description\" content=\"3M\u2122 VHB\u2122 Ruban Mousse Acrylique Solide Usage G\u00e9n\u00e9ral sp\u00e9cialement con\u00e7u pour adh\u00e9rer au m\u00e9tal, au verre et aux plastiques tels que le polycarbonate et l&#039;acrylique.\" \/>\n<meta property=\"og:url\" content=\"https:\/\/distribuidor-cintas-adhesivas.es\/fr\/producto\/3m-vhb-ruban-mousse-acrylique-solide-usage-general\/\" \/>\n<meta property=\"og:site_name\" content=\"Distribuidor de cintas 3M, productos 3M, http:\/\/www.http:\/\/distribuidorcintas3m.es, Mejores ofertas en cintas\" \/>\n<meta property=\"article:modified_time\" content=\"2024-07-24T14:50:51+00:00\" \/>\n<meta property=\"og:image\" content=\"https:\/\/distribuidor-cintas-adhesivas.es\/wp-content\/uploads\/2024\/07\/CINTA-4910F-3M.jpg\" \/>\n\t<meta property=\"og:image:width\" content=\"800\" \/>\n\t<meta property=\"og:image:height\" content=\"800\" \/>\n\t<meta property=\"og:image:type\" content=\"image\/jpeg\" \/>\n<meta name=\"twitter:card\" content=\"summary_large_image\" \/>\n<meta name=\"twitter:label1\" content=\"Dur\u00e9e de lecture estim\u00e9e\" \/>\n\t<meta name=\"twitter:data1\" content=\"2 minutes\" \/>\n<script type=\"application\/ld+json\" class=\"yoast-schema-graph\">{\"@context\":\"https:\/\/schema.org\",\"@graph\":[{\"@type\":\"WebPage\",\"@id\":\"https:\/\/distribuidor-cintas-adhesivas.es\/fr\/producto\/3m-vhb-ruban-mousse-acrylique-solide-usage-general\/\",\"url\":\"https:\/\/distribuidor-cintas-adhesivas.es\/fr\/producto\/3m-vhb-ruban-mousse-acrylique-solide-usage-general\/\",\"name\":\"3M\u2122 VHB\u2122 Ruban Mousse Acrylique Solide Usage G\u00e9n\u00e9ral\",\"isPartOf\":{\"@id\":\"https:\/\/distribuidor-cintas-adhesivas.es\/fr\/#website\"},\"primaryImageOfPage\":{\"@id\":\"https:\/\/distribuidor-cintas-adhesivas.es\/fr\/producto\/3m-vhb-ruban-mousse-acrylique-solide-usage-general\/#primaryimage\"},\"image\":{\"@id\":\"https:\/\/distribuidor-cintas-adhesivas.es\/fr\/producto\/3m-vhb-ruban-mousse-acrylique-solide-usage-general\/#primaryimage\"},\"thumbnailUrl\":\"https:\/\/distribuidor-cintas-adhesivas.es\/wp-content\/uploads\/2024\/07\/CINTA-4910F-3M.jpg\",\"datePublished\":\"2024-07-22T11:30:40+00:00\",\"dateModified\":\"2024-07-24T14:50:51+00:00\",\"description\":\"3M\u2122 VHB\u2122 Ruban Mousse Acrylique Solide Usage G\u00e9n\u00e9ral sp\u00e9cialement con\u00e7u pour adh\u00e9rer au m\u00e9tal, au verre et aux plastiques tels que le polycarbonate et l'acrylique.\",\"breadcrumb\":{\"@id\":\"https:\/\/distribuidor-cintas-adhesivas.es\/fr\/producto\/3m-vhb-ruban-mousse-acrylique-solide-usage-general\/#breadcrumb\"},\"inLanguage\":\"fr-FR\",\"potentialAction\":[{\"@type\":\"ReadAction\",\"target\":[\"https:\/\/distribuidor-cintas-adhesivas.es\/fr\/producto\/3m-vhb-ruban-mousse-acrylique-solide-usage-general\/\"]}]},{\"@type\":\"ImageObject\",\"inLanguage\":\"fr-FR\",\"@id\":\"https:\/\/distribuidor-cintas-adhesivas.es\/fr\/producto\/3m-vhb-ruban-mousse-acrylique-solide-usage-general\/#primaryimage\",\"url\":\"https:\/\/distribuidor-cintas-adhesivas.es\/wp-content\/uploads\/2024\/07\/CINTA-4910F-3M.jpg\",\"contentUrl\":\"https:\/\/distribuidor-cintas-adhesivas.es\/wp-content\/uploads\/2024\/07\/CINTA-4910F-3M.jpg\",\"width\":800,\"height\":800,\"caption\":\"3M RUBAN 4910F\"},{\"@type\":\"BreadcrumbList\",\"@id\":\"https:\/\/distribuidor-cintas-adhesivas.es\/fr\/producto\/3m-vhb-ruban-mousse-acrylique-solide-usage-general\/#breadcrumb\",\"itemListElement\":[{\"@type\":\"ListItem\",\"position\":1,\"name\":\"Portada\",\"item\":\"https:\/\/distribuidor-cintas-adhesivas.es\/fr\/\"},{\"@type\":\"ListItem\",\"position\":2,\"name\":\"Produits\",\"item\":\"https:\/\/distribuidor-cintas-adhesivas.es\/shop\/\"},{\"@type\":\"ListItem\",\"position\":3,\"name\":\"3M\u2122 VHB\u2122 Ruban Mousse Acrylique Solide Usage G\u00e9n\u00e9ral\"}]},{\"@type\":\"WebSite\",\"@id\":\"https:\/\/distribuidor-cintas-adhesivas.es\/fr\/#website\",\"url\":\"https:\/\/distribuidor-cintas-adhesivas.es\/fr\/\",\"name\":\"Distribuidor de cintas 3M\",\"description\":\"Distribuidor de cintas 3M, productos 3M, cinta adhesiva, 3M cinta doble cara, adhesivos 3M, cinta antideslizante, velcro 3M, cinta reflectante, 3m scotch, selladores de tuber\u00edas, formadores de juntas, retenedores, cianocrilatos reforzados con caucho, cianocrilatos ultrar\u00e1pidos, cianocrilatos para plasticos y caucho, cianocrilatos generales, cianocrilatos con poco olor, cianocrilatos para metales, adhesivos en aerosol, selladores y adhesivos, cintas de aluminio, cintas de vinilo para se\u00f1alizaci\u00f3n, cintas de tela americanas, cintas de papel para enmascarar, cintas para embalaje\",\"publisher\":{\"@id\":\"https:\/\/distribuidor-cintas-adhesivas.es\/fr\/#organization\"},\"potentialAction\":[{\"@type\":\"SearchAction\",\"target\":{\"@type\":\"EntryPoint\",\"urlTemplate\":\"https:\/\/distribuidor-cintas-adhesivas.es\/fr\/?s={search_term_string}\"},\"query-input\":{\"@type\":\"PropertyValueSpecification\",\"valueRequired\":true,\"valueName\":\"search_term_string\"}}],\"inLanguage\":\"fr-FR\"},{\"@type\":\"Organization\",\"@id\":\"https:\/\/distribuidor-cintas-adhesivas.es\/fr\/#organization\",\"name\":\"Distribuidor de cintas 3M\",\"url\":\"https:\/\/distribuidor-cintas-adhesivas.es\/fr\/\",\"logo\":{\"@type\":\"ImageObject\",\"inLanguage\":\"fr-FR\",\"@id\":\"https:\/\/distribuidor-cintas-adhesivas.es\/fr\/#\/schema\/logo\/image\/\",\"url\":\"https:\/\/distribuidor-cintas-adhesivas.es\/wp-content\/uploads\/2022\/10\/logo-espanol-portugues.png\",\"contentUrl\":\"https:\/\/distribuidor-cintas-adhesivas.es\/wp-content\/uploads\/2022\/10\/logo-espanol-portugues.png\",\"width\":739,\"height\":150,\"caption\":\"Distribuidor de cintas 3M\"},\"image\":{\"@id\":\"https:\/\/distribuidor-cintas-adhesivas.es\/fr\/#\/schema\/logo\/image\/\"},\"sameAs\":[\"https:\/\/distribuidorcintastesa.es\",\"https:\/\/solbi-mural.com\/es\/\",\"https:\/\/muralsrd.com\/\",\"https:\/\/www.instagram.com\/solbimural\/?igsh=ZnR6ZmkzZm1ubWhl\"]}]}<\/script>\n<!-- \/ Yoast SEO Premium plugin. -->","yoast_head_json":{"title":"3M\u2122 VHB\u2122 Ruban Mousse Acrylique Solide Usage G\u00e9n\u00e9ral","description":"3M\u2122 VHB\u2122 Ruban Mousse Acrylique Solide Usage G\u00e9n\u00e9ral sp\u00e9cialement con\u00e7u pour adh\u00e9rer au m\u00e9tal, au verre et aux plastiques tels que le polycarbonate et l'acrylique.","robots":{"index":"index","follow":"follow","max-snippet":"max-snippet:-1","max-image-preview":"max-image-preview:large","max-video-preview":"max-video-preview:-1"},"canonical":"https:\/\/distribuidor-cintas-adhesivas.es\/fr\/producto\/3m-vhb-ruban-mousse-acrylique-solide-usage-general\/","og_locale":"fr_FR","og_type":"article","og_title":"3M\u2122 VHB\u2122 Ruban Mousse Acrylique Solide Usage G\u00e9n\u00e9ral","og_description":"3M\u2122 VHB\u2122 Ruban Mousse Acrylique Solide Usage G\u00e9n\u00e9ral sp\u00e9cialement con\u00e7u pour adh\u00e9rer au m\u00e9tal, au verre et aux plastiques tels que le polycarbonate et l'acrylique.","og_url":"https:\/\/distribuidor-cintas-adhesivas.es\/fr\/producto\/3m-vhb-ruban-mousse-acrylique-solide-usage-general\/","og_site_name":"Distribuidor de cintas 3M, productos 3M, http:\/\/www.http:\/\/distribuidorcintas3m.es, Mejores ofertas en cintas","article_modified_time":"2024-07-24T14:50:51+00:00","og_image":[{"width":800,"height":800,"url":"https:\/\/distribuidor-cintas-adhesivas.es\/wp-content\/uploads\/2024\/07\/CINTA-4910F-3M.jpg","type":"image\/jpeg"}],"twitter_card":"summary_large_image","twitter_misc":{"Dur\u00e9e de lecture estim\u00e9e":"2 minutes"},"schema":{"@context":"https:\/\/schema.org","@graph":[{"@type":"WebPage","@id":"https:\/\/distribuidor-cintas-adhesivas.es\/fr\/producto\/3m-vhb-ruban-mousse-acrylique-solide-usage-general\/","url":"https:\/\/distribuidor-cintas-adhesivas.es\/fr\/producto\/3m-vhb-ruban-mousse-acrylique-solide-usage-general\/","name":"3M\u2122 VHB\u2122 Ruban Mousse Acrylique Solide Usage G\u00e9n\u00e9ral","isPartOf":{"@id":"https:\/\/distribuidor-cintas-adhesivas.es\/fr\/#website"},"primaryImageOfPage":{"@id":"https:\/\/distribuidor-cintas-adhesivas.es\/fr\/producto\/3m-vhb-ruban-mousse-acrylique-solide-usage-general\/#primaryimage"},"image":{"@id":"https:\/\/distribuidor-cintas-adhesivas.es\/fr\/producto\/3m-vhb-ruban-mousse-acrylique-solide-usage-general\/#primaryimage"},"thumbnailUrl":"https:\/\/distribuidor-cintas-adhesivas.es\/wp-content\/uploads\/2024\/07\/CINTA-4910F-3M.jpg","datePublished":"2024-07-22T11:30:40+00:00","dateModified":"2024-07-24T14:50:51+00:00","description":"3M\u2122 VHB\u2122 Ruban Mousse Acrylique Solide Usage G\u00e9n\u00e9ral sp\u00e9cialement con\u00e7u pour adh\u00e9rer au m\u00e9tal, au verre et aux plastiques tels que le polycarbonate et l'acrylique.","breadcrumb":{"@id":"https:\/\/distribuidor-cintas-adhesivas.es\/fr\/producto\/3m-vhb-ruban-mousse-acrylique-solide-usage-general\/#breadcrumb"},"inLanguage":"fr-FR","potentialAction":[{"@type":"ReadAction","target":["https:\/\/distribuidor-cintas-adhesivas.es\/fr\/producto\/3m-vhb-ruban-mousse-acrylique-solide-usage-general\/"]}]},{"@type":"ImageObject","inLanguage":"fr-FR","@id":"https:\/\/distribuidor-cintas-adhesivas.es\/fr\/producto\/3m-vhb-ruban-mousse-acrylique-solide-usage-general\/#primaryimage","url":"https:\/\/distribuidor-cintas-adhesivas.es\/wp-content\/uploads\/2024\/07\/CINTA-4910F-3M.jpg","contentUrl":"https:\/\/distribuidor-cintas-adhesivas.es\/wp-content\/uploads\/2024\/07\/CINTA-4910F-3M.jpg","width":800,"height":800,"caption":"3M RUBAN 4910F"},{"@type":"BreadcrumbList","@id":"https:\/\/distribuidor-cintas-adhesivas.es\/fr\/producto\/3m-vhb-ruban-mousse-acrylique-solide-usage-general\/#breadcrumb","itemListElement":[{"@type":"ListItem","position":1,"name":"Portada","item":"https:\/\/distribuidor-cintas-adhesivas.es\/fr\/"},{"@type":"ListItem","position":2,"name":"Produits","item":"https:\/\/distribuidor-cintas-adhesivas.es\/shop\/"},{"@type":"ListItem","position":3,"name":"3M\u2122 VHB\u2122 Ruban Mousse Acrylique Solide Usage G\u00e9n\u00e9ral"}]},{"@type":"WebSite","@id":"https:\/\/distribuidor-cintas-adhesivas.es\/fr\/#website","url":"https:\/\/distribuidor-cintas-adhesivas.es\/fr\/","name":"Distribuidor de cintas 3M","description":"Distribuidor de cintas 3M, productos 3M, cinta adhesiva, 3M cinta doble cara, adhesivos 3M, cinta antideslizante, velcro 3M, cinta reflectante, 3m scotch, selladores de tuber\u00edas, formadores de juntas, retenedores, cianocrilatos reforzados con caucho, cianocrilatos ultrar\u00e1pidos, cianocrilatos para plasticos y caucho, cianocrilatos generales, cianocrilatos con poco olor, cianocrilatos para metales, adhesivos en aerosol, selladores y adhesivos, cintas de aluminio, cintas de vinilo para se\u00f1alizaci\u00f3n, cintas de tela americanas, cintas de papel para enmascarar, cintas para embalaje","publisher":{"@id":"https:\/\/distribuidor-cintas-adhesivas.es\/fr\/#organization"},"potentialAction":[{"@type":"SearchAction","target":{"@type":"EntryPoint","urlTemplate":"https:\/\/distribuidor-cintas-adhesivas.es\/fr\/?s={search_term_string}"},"query-input":{"@type":"PropertyValueSpecification","valueRequired":true,"valueName":"search_term_string"}}],"inLanguage":"fr-FR"},{"@type":"Organization","@id":"https:\/\/distribuidor-cintas-adhesivas.es\/fr\/#organization","name":"Distribuidor de cintas 3M","url":"https:\/\/distribuidor-cintas-adhesivas.es\/fr\/","logo":{"@type":"ImageObject","inLanguage":"fr-FR","@id":"https:\/\/distribuidor-cintas-adhesivas.es\/fr\/#\/schema\/logo\/image\/","url":"https:\/\/distribuidor-cintas-adhesivas.es\/wp-content\/uploads\/2022\/10\/logo-espanol-portugues.png","contentUrl":"https:\/\/distribuidor-cintas-adhesivas.es\/wp-content\/uploads\/2022\/10\/logo-espanol-portugues.png","width":739,"height":150,"caption":"Distribuidor de cintas 3M"},"image":{"@id":"https:\/\/distribuidor-cintas-adhesivas.es\/fr\/#\/schema\/logo\/image\/"},"sameAs":["https:\/\/distribuidorcintastesa.es","https:\/\/solbi-mural.com\/es\/","https:\/\/muralsrd.com\/","https:\/\/www.instagram.com\/solbimural\/?igsh=ZnR6ZmkzZm1ubWhl"]}]}},"_links":{"self":[{"href":"https:\/\/distribuidor-cintas-adhesivas.es\/fr\/wp-json\/wp\/v2\/product\/5372","targetHints":{"allow":["GET"]}}],"collection":[{"href":"https:\/\/distribuidor-cintas-adhesivas.es\/fr\/wp-json\/wp\/v2\/product"}],"about":[{"href":"https:\/\/distribuidor-cintas-adhesivas.es\/fr\/wp-json\/wp\/v2\/types\/product"}],"wp:featuredmedia":[{"embeddable":true,"href":"https:\/\/distribuidor-cintas-adhesivas.es\/fr\/wp-json\/wp\/v2\/media\/5362"}],"wp:attachment":[{"href":"https:\/\/distribuidor-cintas-adhesivas.es\/fr\/wp-json\/wp\/v2\/media?parent=5372"}],"wp:term":[{"taxonomy":"product_brand","embeddable":true,"href":"https:\/\/distribuidor-cintas-adhesivas.es\/fr\/wp-json\/wp\/v2\/product_brand?post=5372"},{"taxonomy":"product_cat","embeddable":true,"href":"https:\/\/distribuidor-cintas-adhesivas.es\/fr\/wp-json\/wp\/v2\/product_cat?post=5372"},{"taxonomy":"product_tag","embeddable":true,"href":"https:\/\/distribuidor-cintas-adhesivas.es\/fr\/wp-json\/wp\/v2\/product_tag?post=5372"}],"curies":[{"name":"wp","href":"https:\/\/api.w.org\/{rel}","templated":true}]}}