{"id":5398,"date":"2024-07-23T14:00:24","date_gmt":"2024-07-23T14:00:24","guid":{"rendered":"https:\/\/distribuidor-cintas-adhesivas.es\/producto\/ruban-a-transfert-dadhesif-3m-vhb\/"},"modified":"2024-07-24T14:46:42","modified_gmt":"2024-07-24T14:46:42","slug":"ruban-a-transfert-dadhesif-3m-vhb","status":"publish","type":"product","link":"https:\/\/distribuidor-cintas-adhesivas.es\/fr\/producto\/ruban-a-transfert-dadhesif-3m-vhb\/","title":{"rendered":"Ruban \u00e0 Transfert d&rsquo;Adh\u00e9sif 3M\u2122 VHB\u2122"},"content":{"rendered":"<p>Ruban \u00e0 Transfert d&rsquo;Adh\u00e9sif 3M\u2122 VHB\u2122 offre de hautes performances et est parfait pour l&rsquo;assemblage dans les processus industriels ou pour la fabrication d&rsquo;\u00e9l\u00e9ments m\u00e9talliques. Ce ruban a un pouvoir adh\u00e9sif \u00e9lev\u00e9, qui se renforce avec le temps.<\/p>\n<h4><strong>Achat en ligne<\/strong><\/h4>\n<h4><span style=\"color: #3366ff;\"><a style=\"color: #3366ff;\" href=\"https:\/\/solbi-mural.com\/fr\/recherche?s=9469\" target=\"_blank\" rel=\"noopener\">9469PC 130 microns<\/a><\/span><\/h4>\n<h4><span style=\"color: #3366ff;\"><a style=\"color: #3366ff;\" href=\"https:\/\/solbi-mural.com\/fr\/recherche?s=9473\" target=\"_blank\" rel=\"noopener\">9473PC 260 microns<\/a><\/span><\/h4>\n<p>&nbsp;<\/p>\n<h4>Caract\u00e9ristiques<\/h4>\n<ul>\n<li>Ruban de transfert double face transparent avec adh\u00e9sif acrylique haute performance 100MP.<\/li>\n<li>Liner papier kraft 105 \u00b5m n\u00b0 58 couch\u00e9 multicouche.<\/li>\n<li>Remplace les fixations m\u00e9caniques (rivets, soudures par points, vis) ou les adh\u00e9sifs liquides, \u00e9liminant ainsi les op\u00e9rations de per\u00e7age, pon\u00e7age, meulage, vissage, soudure et nettoyage.<\/li>\n<li>Ruban \u00e0 Transfert d&rsquo;Adh\u00e9sif 3M\u2122 VHB\u2122 est plus r\u00e9sistant que les rubans sensibles \u00e0 la pression classiques.<\/li>\n<li>Cr\u00e9e un joint permanent contre l&rsquo;eau et l&rsquo;humidit\u00e9<\/li>\n<li>R\u00e9sistance maximale \u00e0 la temp\u00e9rature 149\u00baC (260\u00baC \u00e0 court terme)<\/li>\n<li>Couleur transparente\/incolore<\/li>\n<li>R\u00e9sistant aux UV<\/li>\n<\/ul>\n<h4>Applications<\/h4>\n<ul>\n<li>Facile \u00e0 appliquer en exer\u00e7ant une l\u00e9g\u00e8re pression \u00e0 la main.<\/li>\n<li>Adh\u00e8re aux deux surfaces par contact<\/li>\n<li>Les rubans 9469PC et 9473PC adh\u00e8rent \u00e0 l&rsquo;acier inoxydable (19,5 N\/cm pour les deux rubans) et au poly\u00e9thyl\u00e8ne t\u00e9r\u00e9phtalate (PET) ( 9469PC 11,1 N\/cm ; 9473PC 12,4 N\/cm).<\/li>\n<li>La gamme de rubans VHB\u2122 peut \u00eatre utilis\u00e9e \u00e0 l&rsquo;int\u00e9rieur ou \u00e0 l&rsquo;ext\u00e9rieur et convient aux industries a\u00e9rospatiale, \u00e9lectrom\u00e9nager et automobile, pour la fixation de circuits sur les fonds de panier, les t\u00e2ches \u00e9lectroniques, la fixation de circuits flexibles, la fixation de chauffages flexibles, l&rsquo;assemblage industriel g\u00e9n\u00e9ral, la fixation d&rsquo;\u00e9l\u00e9ments graphiques, les t\u00e2ches industrielles, la fabrication m\u00e9tallique, la fixation de plaques signal\u00e9tiques, l&rsquo;industrie solaire et l&rsquo;industrie des transports.<\/li>\n<\/ul>\n<p>&nbsp;<\/p>\n<h4>Produits similaires<\/h4>\n<ul>\n<li style=\"list-style-type: none;\">\n<ul>\n<li><a href=\"https:\/\/distribuidor-cintas-adhesivas.es\/fr\/producto\/ruban-3m-vhb-gph\/\" target=\"_blank\" rel=\"noopener\">GPH-060GF ; GPH-110GF ; GPH-160GF<\/a><\/li>\n<li><a href=\"https:\/\/distribuidor-cintas-adhesivas.es\/fr\/producto\/ruban-3m-vhb-tres-conformable\/\" target=\"_blank\" rel=\"noopener\">VHB Tr\u00e8s Conformable<\/a><\/li>\n<li><a href=\"https:\/\/distribuidor-cintas-adhesivas.es\/fr\/producto\/3m-vhb-ruban-de-mousse-acrylique-conformable\/\" target=\"_blank\" rel=\"noopener\">VHB Conformable<\/a><\/li>\n<li><a href=\"https:\/\/distribuidor-cintas-adhesivas.es\/fr\/producto\/3m-vhb-ruban-mousse-acrylique-solide-usage-general\/\" target=\"_blank\" rel=\"noopener\">VHB Solide<\/a><\/li>\n<li><a href=\"https:\/\/distribuidor-cintas-adhesivas.es\/fr\/producto\/ruban-double-face-adhesif-3m-gpt-020\/\" target=\"_blank\" rel=\"noopener\">GPT-020<\/a><\/li>\n<\/ul>\n<\/li>\n<\/ul>\n","protected":false},"excerpt":{"rendered":"<p>Ruban \u00e0 Transfert d&rsquo;Adh\u00e9sif 3M\u2122 VHB\u2122 offre de hautes performances et est parfait pour l&rsquo;assemblage dans les processus industriels ou pour la fabrication d&rsquo;\u00e9l\u00e9ments m\u00e9talliques. Ce ruban a un pouvoir adh\u00e9sif \u00e9lev\u00e9, qui se renforce avec le temps. Achat en ligne 9469PC 130 microns 9473PC 260 microns &nbsp; Caract\u00e9ristiques Ruban de transfert double face transparent [&hellip;]<\/p>\n","protected":false},"featured_media":5396,"template":"","meta":{"site-sidebar-layout":"default","site-content-layout":"","ast-site-content-layout":"default","site-content-style":"default","site-sidebar-style":"default","ast-global-header-display":"","ast-banner-title-visibility":"","ast-main-header-display":"","ast-hfb-above-header-display":"","ast-hfb-below-header-display":"","ast-hfb-mobile-header-display":"","site-post-title":"","ast-breadcrumbs-content":"","ast-featured-img":"","footer-sml-layout":"","ast-disable-related-posts":"","theme-transparent-header-meta":"default","adv-header-id-meta":"","stick-header-meta":"","header-above-stick-meta":"","header-main-stick-meta":"","header-below-stick-meta":"","astra-migrate-meta-layouts":"set","ast-page-background-enabled":"default","ast-page-background-meta":{"desktop":{"background-color":"","background-image":"","background-repeat":"repeat","background-position":"center center","background-size":"auto","background-attachment":"scroll","background-type":"","background-media":"","overlay-type":"","overlay-color":"","overlay-opacity":"","overlay-gradient":""},"tablet":{"background-color":"","background-image":"","background-repeat":"repeat","background-position":"center center","background-size":"auto","background-attachment":"scroll","background-type":"","background-media":"","overlay-type":"","overlay-color":"","overlay-opacity":"","overlay-gradient":""},"mobile":{"background-color":"","background-image":"","background-repeat":"repeat","background-position":"center center","background-size":"auto","background-attachment":"scroll","background-type":"","background-media":"","overlay-type":"","overlay-color":"","overlay-opacity":"","overlay-gradient":""}},"ast-content-background-meta":{"desktop":{"background-color":"var(--ast-global-color-5)","background-image":"","background-repeat":"repeat","background-position":"center center","background-size":"auto","background-attachment":"scroll","background-type":"","background-media":"","overlay-type":"","overlay-color":"","overlay-opacity":"","overlay-gradient":""},"tablet":{"background-color":"var(--ast-global-color-5)","background-image":"","background-repeat":"repeat","background-position":"center center","background-size":"auto","background-attachment":"scroll","background-type":"","background-media":"","overlay-type":"","overlay-color":"","overlay-opacity":"","overlay-gradient":""},"mobile":{"background-color":"var(--ast-global-color-5)","background-image":"","background-repeat":"repeat","background-position":"center center","background-size":"auto","background-attachment":"scroll","background-type":"","background-media":"","overlay-type":"","overlay-color":"","overlay-opacity":"","overlay-gradient":""}}},"product_brand":[],"product_cat":[2945,953],"product_tag":[2970,2972,2973],"class_list":{"0":"post-5398","1":"product","2":"type-product","3":"status-publish","4":"has-post-thumbnail","6":"product_cat-rubans-adhesifs-double-face","7":"product_cat-rubans-vhb","8":"product_tag-3m-vhb-transparent","9":"product_tag-resistance-aux-hautes-temperatures","10":"product_tag-vhb-9469pc-fr","11":"desktop-align-center","12":"tablet-align-center","13":"mobile-align-center","15":"first","16":"instock","17":"shipping-taxable","18":"product-type-simple"},"yoast_head":"<!-- This site is optimized with the Yoast SEO Premium plugin v27.2 (Yoast SEO v27.2) - https:\/\/yoast.com\/product\/yoast-seo-premium-wordpress\/ -->\n<title>Ruban \u00e0 Transfert d&#039;Adh\u00e9sif 3M\u2122 VHB\u2122<\/title>\n<meta name=\"description\" content=\"Ruban \u00e0 Transfert d&#039;Adh\u00e9sif 3M\u2122 VHB\u2122 offre des performances \u00e9lev\u00e9es pour l&#039;assemblage dans les processus industriels ou pour la fabrication d&#039;\u00e9l\u00e9ments m\u00e9talliques.\" \/>\n<meta name=\"robots\" content=\"index, follow, max-snippet:-1, max-image-preview:large, max-video-preview:-1\" \/>\n<link rel=\"canonical\" href=\"https:\/\/distribuidor-cintas-adhesivas.es\/fr\/producto\/ruban-a-transfert-dadhesif-3m-vhb\/\" \/>\n<meta property=\"og:locale\" content=\"fr_FR\" \/>\n<meta property=\"og:type\" content=\"article\" \/>\n<meta property=\"og:title\" content=\"Ruban \u00e0 Transfert d&#039;Adh\u00e9sif 3M\u2122 VHB\u2122\" \/>\n<meta property=\"og:description\" content=\"Ruban \u00e0 Transfert d&#039;Adh\u00e9sif 3M\u2122 VHB\u2122 offre des performances \u00e9lev\u00e9es pour l&#039;assemblage dans les processus industriels ou pour la fabrication d&#039;\u00e9l\u00e9ments m\u00e9talliques.\" \/>\n<meta property=\"og:url\" content=\"https:\/\/distribuidor-cintas-adhesivas.es\/fr\/producto\/ruban-a-transfert-dadhesif-3m-vhb\/\" \/>\n<meta property=\"og:site_name\" content=\"Distribuidor de cintas 3M, productos 3M, http:\/\/www.http:\/\/distribuidorcintas3m.es, Mejores ofertas en cintas\" \/>\n<meta property=\"article:modified_time\" content=\"2024-07-24T14:46:42+00:00\" \/>\n<meta property=\"og:image\" content=\"https:\/\/distribuidor-cintas-adhesivas.es\/wp-content\/uploads\/2024\/07\/VHB-9473PC-3M-ROLLO.jpg\" \/>\n\t<meta property=\"og:image:width\" content=\"800\" \/>\n\t<meta property=\"og:image:height\" content=\"800\" \/>\n\t<meta property=\"og:image:type\" content=\"image\/jpeg\" \/>\n<meta name=\"twitter:card\" content=\"summary_large_image\" \/>\n<meta name=\"twitter:label1\" content=\"Dur\u00e9e de lecture estim\u00e9e\" \/>\n\t<meta name=\"twitter:data1\" content=\"2 minutes\" \/>\n<script type=\"application\/ld+json\" class=\"yoast-schema-graph\">{\"@context\":\"https:\/\/schema.org\",\"@graph\":[{\"@type\":\"WebPage\",\"@id\":\"https:\/\/distribuidor-cintas-adhesivas.es\/fr\/producto\/ruban-a-transfert-dadhesif-3m-vhb\/\",\"url\":\"https:\/\/distribuidor-cintas-adhesivas.es\/fr\/producto\/ruban-a-transfert-dadhesif-3m-vhb\/\",\"name\":\"Ruban \u00e0 Transfert d'Adh\u00e9sif 3M\u2122 VHB\u2122\",\"isPartOf\":{\"@id\":\"https:\/\/distribuidor-cintas-adhesivas.es\/fr\/#website\"},\"primaryImageOfPage\":{\"@id\":\"https:\/\/distribuidor-cintas-adhesivas.es\/fr\/producto\/ruban-a-transfert-dadhesif-3m-vhb\/#primaryimage\"},\"image\":{\"@id\":\"https:\/\/distribuidor-cintas-adhesivas.es\/fr\/producto\/ruban-a-transfert-dadhesif-3m-vhb\/#primaryimage\"},\"thumbnailUrl\":\"https:\/\/distribuidor-cintas-adhesivas.es\/wp-content\/uploads\/2024\/07\/VHB-9473PC-3M-ROLLO.jpg\",\"datePublished\":\"2024-07-23T14:00:24+00:00\",\"dateModified\":\"2024-07-24T14:46:42+00:00\",\"description\":\"Ruban \u00e0 Transfert d'Adh\u00e9sif 3M\u2122 VHB\u2122 offre des performances \u00e9lev\u00e9es pour l'assemblage dans les processus industriels ou pour la fabrication d'\u00e9l\u00e9ments m\u00e9talliques.\",\"breadcrumb\":{\"@id\":\"https:\/\/distribuidor-cintas-adhesivas.es\/fr\/producto\/ruban-a-transfert-dadhesif-3m-vhb\/#breadcrumb\"},\"inLanguage\":\"fr-FR\",\"potentialAction\":[{\"@type\":\"ReadAction\",\"target\":[\"https:\/\/distribuidor-cintas-adhesivas.es\/fr\/producto\/ruban-a-transfert-dadhesif-3m-vhb\/\"]}]},{\"@type\":\"ImageObject\",\"inLanguage\":\"fr-FR\",\"@id\":\"https:\/\/distribuidor-cintas-adhesivas.es\/fr\/producto\/ruban-a-transfert-dadhesif-3m-vhb\/#primaryimage\",\"url\":\"https:\/\/distribuidor-cintas-adhesivas.es\/wp-content\/uploads\/2024\/07\/VHB-9473PC-3M-ROLLO.jpg\",\"contentUrl\":\"https:\/\/distribuidor-cintas-adhesivas.es\/wp-content\/uploads\/2024\/07\/VHB-9473PC-3M-ROLLO.jpg\",\"width\":800,\"height\":800,\"caption\":\"VHB 9473PC 3M ROULEAU\"},{\"@type\":\"BreadcrumbList\",\"@id\":\"https:\/\/distribuidor-cintas-adhesivas.es\/fr\/producto\/ruban-a-transfert-dadhesif-3m-vhb\/#breadcrumb\",\"itemListElement\":[{\"@type\":\"ListItem\",\"position\":1,\"name\":\"Portada\",\"item\":\"https:\/\/distribuidor-cintas-adhesivas.es\/fr\/\"},{\"@type\":\"ListItem\",\"position\":2,\"name\":\"Produits\",\"item\":\"https:\/\/distribuidor-cintas-adhesivas.es\/shop\/\"},{\"@type\":\"ListItem\",\"position\":3,\"name\":\"Ruban \u00e0 Transfert d&#8217;Adh\u00e9sif 3M\u2122 VHB\u2122\"}]},{\"@type\":\"WebSite\",\"@id\":\"https:\/\/distribuidor-cintas-adhesivas.es\/fr\/#website\",\"url\":\"https:\/\/distribuidor-cintas-adhesivas.es\/fr\/\",\"name\":\"Distribuidor de cintas 3M\",\"description\":\"Distribuidor de cintas 3M, productos 3M, cinta adhesiva, 3M cinta doble cara, adhesivos 3M, cinta antideslizante, velcro 3M, cinta reflectante, 3m scotch, selladores de tuber\u00edas, formadores de juntas, retenedores, cianocrilatos reforzados con caucho, cianocrilatos ultrar\u00e1pidos, cianocrilatos para plasticos y caucho, cianocrilatos generales, cianocrilatos con poco olor, cianocrilatos para metales, adhesivos en aerosol, selladores y adhesivos, cintas de aluminio, cintas de vinilo para se\u00f1alizaci\u00f3n, cintas de tela americanas, cintas de papel para enmascarar, cintas para embalaje\",\"publisher\":{\"@id\":\"https:\/\/distribuidor-cintas-adhesivas.es\/fr\/#organization\"},\"potentialAction\":[{\"@type\":\"SearchAction\",\"target\":{\"@type\":\"EntryPoint\",\"urlTemplate\":\"https:\/\/distribuidor-cintas-adhesivas.es\/fr\/?s={search_term_string}\"},\"query-input\":{\"@type\":\"PropertyValueSpecification\",\"valueRequired\":true,\"valueName\":\"search_term_string\"}}],\"inLanguage\":\"fr-FR\"},{\"@type\":\"Organization\",\"@id\":\"https:\/\/distribuidor-cintas-adhesivas.es\/fr\/#organization\",\"name\":\"Distribuidor de cintas 3M\",\"url\":\"https:\/\/distribuidor-cintas-adhesivas.es\/fr\/\",\"logo\":{\"@type\":\"ImageObject\",\"inLanguage\":\"fr-FR\",\"@id\":\"https:\/\/distribuidor-cintas-adhesivas.es\/fr\/#\/schema\/logo\/image\/\",\"url\":\"https:\/\/distribuidor-cintas-adhesivas.es\/wp-content\/uploads\/2022\/10\/logo-espanol-portugues.png\",\"contentUrl\":\"https:\/\/distribuidor-cintas-adhesivas.es\/wp-content\/uploads\/2022\/10\/logo-espanol-portugues.png\",\"width\":739,\"height\":150,\"caption\":\"Distribuidor de cintas 3M\"},\"image\":{\"@id\":\"https:\/\/distribuidor-cintas-adhesivas.es\/fr\/#\/schema\/logo\/image\/\"},\"sameAs\":[\"https:\/\/distribuidorcintastesa.es\",\"https:\/\/solbi-mural.com\/es\/\",\"https:\/\/muralsrd.com\/\",\"https:\/\/www.instagram.com\/solbimural\/?igsh=ZnR6ZmkzZm1ubWhl\"]}]}<\/script>\n<!-- \/ Yoast SEO Premium plugin. -->","yoast_head_json":{"title":"Ruban \u00e0 Transfert d'Adh\u00e9sif 3M\u2122 VHB\u2122","description":"Ruban \u00e0 Transfert d'Adh\u00e9sif 3M\u2122 VHB\u2122 offre des performances \u00e9lev\u00e9es pour l'assemblage dans les processus industriels ou pour la fabrication d'\u00e9l\u00e9ments m\u00e9talliques.","robots":{"index":"index","follow":"follow","max-snippet":"max-snippet:-1","max-image-preview":"max-image-preview:large","max-video-preview":"max-video-preview:-1"},"canonical":"https:\/\/distribuidor-cintas-adhesivas.es\/fr\/producto\/ruban-a-transfert-dadhesif-3m-vhb\/","og_locale":"fr_FR","og_type":"article","og_title":"Ruban \u00e0 Transfert d'Adh\u00e9sif 3M\u2122 VHB\u2122","og_description":"Ruban \u00e0 Transfert d'Adh\u00e9sif 3M\u2122 VHB\u2122 offre des performances \u00e9lev\u00e9es pour l'assemblage dans les processus industriels ou pour la fabrication d'\u00e9l\u00e9ments m\u00e9talliques.","og_url":"https:\/\/distribuidor-cintas-adhesivas.es\/fr\/producto\/ruban-a-transfert-dadhesif-3m-vhb\/","og_site_name":"Distribuidor de cintas 3M, productos 3M, http:\/\/www.http:\/\/distribuidorcintas3m.es, Mejores ofertas en cintas","article_modified_time":"2024-07-24T14:46:42+00:00","og_image":[{"width":800,"height":800,"url":"https:\/\/distribuidor-cintas-adhesivas.es\/wp-content\/uploads\/2024\/07\/VHB-9473PC-3M-ROLLO.jpg","type":"image\/jpeg"}],"twitter_card":"summary_large_image","twitter_misc":{"Dur\u00e9e de lecture estim\u00e9e":"2 minutes"},"schema":{"@context":"https:\/\/schema.org","@graph":[{"@type":"WebPage","@id":"https:\/\/distribuidor-cintas-adhesivas.es\/fr\/producto\/ruban-a-transfert-dadhesif-3m-vhb\/","url":"https:\/\/distribuidor-cintas-adhesivas.es\/fr\/producto\/ruban-a-transfert-dadhesif-3m-vhb\/","name":"Ruban \u00e0 Transfert d'Adh\u00e9sif 3M\u2122 VHB\u2122","isPartOf":{"@id":"https:\/\/distribuidor-cintas-adhesivas.es\/fr\/#website"},"primaryImageOfPage":{"@id":"https:\/\/distribuidor-cintas-adhesivas.es\/fr\/producto\/ruban-a-transfert-dadhesif-3m-vhb\/#primaryimage"},"image":{"@id":"https:\/\/distribuidor-cintas-adhesivas.es\/fr\/producto\/ruban-a-transfert-dadhesif-3m-vhb\/#primaryimage"},"thumbnailUrl":"https:\/\/distribuidor-cintas-adhesivas.es\/wp-content\/uploads\/2024\/07\/VHB-9473PC-3M-ROLLO.jpg","datePublished":"2024-07-23T14:00:24+00:00","dateModified":"2024-07-24T14:46:42+00:00","description":"Ruban \u00e0 Transfert d'Adh\u00e9sif 3M\u2122 VHB\u2122 offre des performances \u00e9lev\u00e9es pour l'assemblage dans les processus industriels ou pour la fabrication d'\u00e9l\u00e9ments m\u00e9talliques.","breadcrumb":{"@id":"https:\/\/distribuidor-cintas-adhesivas.es\/fr\/producto\/ruban-a-transfert-dadhesif-3m-vhb\/#breadcrumb"},"inLanguage":"fr-FR","potentialAction":[{"@type":"ReadAction","target":["https:\/\/distribuidor-cintas-adhesivas.es\/fr\/producto\/ruban-a-transfert-dadhesif-3m-vhb\/"]}]},{"@type":"ImageObject","inLanguage":"fr-FR","@id":"https:\/\/distribuidor-cintas-adhesivas.es\/fr\/producto\/ruban-a-transfert-dadhesif-3m-vhb\/#primaryimage","url":"https:\/\/distribuidor-cintas-adhesivas.es\/wp-content\/uploads\/2024\/07\/VHB-9473PC-3M-ROLLO.jpg","contentUrl":"https:\/\/distribuidor-cintas-adhesivas.es\/wp-content\/uploads\/2024\/07\/VHB-9473PC-3M-ROLLO.jpg","width":800,"height":800,"caption":"VHB 9473PC 3M ROULEAU"},{"@type":"BreadcrumbList","@id":"https:\/\/distribuidor-cintas-adhesivas.es\/fr\/producto\/ruban-a-transfert-dadhesif-3m-vhb\/#breadcrumb","itemListElement":[{"@type":"ListItem","position":1,"name":"Portada","item":"https:\/\/distribuidor-cintas-adhesivas.es\/fr\/"},{"@type":"ListItem","position":2,"name":"Produits","item":"https:\/\/distribuidor-cintas-adhesivas.es\/shop\/"},{"@type":"ListItem","position":3,"name":"Ruban \u00e0 Transfert d&#8217;Adh\u00e9sif 3M\u2122 VHB\u2122"}]},{"@type":"WebSite","@id":"https:\/\/distribuidor-cintas-adhesivas.es\/fr\/#website","url":"https:\/\/distribuidor-cintas-adhesivas.es\/fr\/","name":"Distribuidor de cintas 3M","description":"Distribuidor de cintas 3M, productos 3M, cinta adhesiva, 3M cinta doble cara, adhesivos 3M, cinta antideslizante, velcro 3M, cinta reflectante, 3m scotch, selladores de tuber\u00edas, formadores de juntas, retenedores, cianocrilatos reforzados con caucho, cianocrilatos ultrar\u00e1pidos, cianocrilatos para plasticos y caucho, cianocrilatos generales, cianocrilatos con poco olor, cianocrilatos para metales, adhesivos en aerosol, selladores y adhesivos, cintas de aluminio, cintas de vinilo para se\u00f1alizaci\u00f3n, cintas de tela americanas, cintas de papel para enmascarar, cintas para embalaje","publisher":{"@id":"https:\/\/distribuidor-cintas-adhesivas.es\/fr\/#organization"},"potentialAction":[{"@type":"SearchAction","target":{"@type":"EntryPoint","urlTemplate":"https:\/\/distribuidor-cintas-adhesivas.es\/fr\/?s={search_term_string}"},"query-input":{"@type":"PropertyValueSpecification","valueRequired":true,"valueName":"search_term_string"}}],"inLanguage":"fr-FR"},{"@type":"Organization","@id":"https:\/\/distribuidor-cintas-adhesivas.es\/fr\/#organization","name":"Distribuidor de cintas 3M","url":"https:\/\/distribuidor-cintas-adhesivas.es\/fr\/","logo":{"@type":"ImageObject","inLanguage":"fr-FR","@id":"https:\/\/distribuidor-cintas-adhesivas.es\/fr\/#\/schema\/logo\/image\/","url":"https:\/\/distribuidor-cintas-adhesivas.es\/wp-content\/uploads\/2022\/10\/logo-espanol-portugues.png","contentUrl":"https:\/\/distribuidor-cintas-adhesivas.es\/wp-content\/uploads\/2022\/10\/logo-espanol-portugues.png","width":739,"height":150,"caption":"Distribuidor de cintas 3M"},"image":{"@id":"https:\/\/distribuidor-cintas-adhesivas.es\/fr\/#\/schema\/logo\/image\/"},"sameAs":["https:\/\/distribuidorcintastesa.es","https:\/\/solbi-mural.com\/es\/","https:\/\/muralsrd.com\/","https:\/\/www.instagram.com\/solbimural\/?igsh=ZnR6ZmkzZm1ubWhl"]}]}},"_links":{"self":[{"href":"https:\/\/distribuidor-cintas-adhesivas.es\/fr\/wp-json\/wp\/v2\/product\/5398","targetHints":{"allow":["GET"]}}],"collection":[{"href":"https:\/\/distribuidor-cintas-adhesivas.es\/fr\/wp-json\/wp\/v2\/product"}],"about":[{"href":"https:\/\/distribuidor-cintas-adhesivas.es\/fr\/wp-json\/wp\/v2\/types\/product"}],"wp:featuredmedia":[{"embeddable":true,"href":"https:\/\/distribuidor-cintas-adhesivas.es\/fr\/wp-json\/wp\/v2\/media\/5396"}],"wp:attachment":[{"href":"https:\/\/distribuidor-cintas-adhesivas.es\/fr\/wp-json\/wp\/v2\/media?parent=5398"}],"wp:term":[{"taxonomy":"product_brand","embeddable":true,"href":"https:\/\/distribuidor-cintas-adhesivas.es\/fr\/wp-json\/wp\/v2\/product_brand?post=5398"},{"taxonomy":"product_cat","embeddable":true,"href":"https:\/\/distribuidor-cintas-adhesivas.es\/fr\/wp-json\/wp\/v2\/product_cat?post=5398"},{"taxonomy":"product_tag","embeddable":true,"href":"https:\/\/distribuidor-cintas-adhesivas.es\/fr\/wp-json\/wp\/v2\/product_tag?post=5398"}],"curies":[{"name":"wp","href":"https:\/\/api.w.org\/{rel}","templated":true}]}}