{"id":5464,"date":"2024-07-26T09:54:03","date_gmt":"2024-07-26T08:17:07","guid":{"rendered":"https:\/\/distribuidor-cintas-adhesivas.es\/?post_type=product&#038;p=5464"},"modified":"2024-08-01T13:31:04","modified_gmt":"2024-08-01T13:31:04","slug":"colle-structurale-epoxyde-3m-scotch-weld-dp410","status":"publish","type":"product","link":"https:\/\/distribuidor-cintas-adhesivas.es\/fr\/producto\/colle-structurale-epoxyde-3m-scotch-weld-dp410\/","title":{"rendered":"Colle Structurale \u00c9poxyde 3M\u2122 Scotch-Weld\u2122 DP410"},"content":{"rendered":"<p>Colle Structurale \u00c9poxyde 3M\u2122 Scotch-Weld\u2122 DP410 est un adh\u00e9sif \u00e0 deux composants con\u00e7u pour offrir une r\u00e9sistance \u00e9lev\u00e9e, une grande durabilit\u00e9 et un durcissement rapide. Il est compos\u00e9 de polym\u00e8res r\u00e9actifs liquides qui subissent une r\u00e9action chimique lorsqu&rsquo;ils sont m\u00e9lang\u00e9s et durcissent ensuite pour former un mat\u00e9riau plastique solide. Une fois que les deux composants ont \u00e9t\u00e9 m\u00e9lang\u00e9s selon le rapport sp\u00e9cifi\u00e9, le processus de durcissement commence ; cela donne un temps limit\u00e9 pour appliquer l&rsquo;adh\u00e9sif et coller les deux surfaces ensemble comme requis.<\/p>\n<div class=\"content user-select-text\" tabindex=\"0\" aria-description=\"\" aria-label=\"Enviado por Copilot: Claro, puedo ayudarte con eso. Aqu\u00ed tienes la parafraseada: &quot;Los epoxi se componen de pol\u00edmeros reactivos l\u00edquidos que experimentan una reacci\u00f3n qu\u00edmica al mezclarse y luego se endurecen para formar un material pl\u00e1stico s\u00f3lido. Una vez que los dos componentes se han mezclado seg\u00fan la relaci\u00f3n especificada, comienza el proceso de curado; esto proporciona una ventana de tiempo limitada para aplicar el adhesivo y unir las dos superficies seg\u00fan sea necesario.&quot;[^1^] [^2^] \u00bfHay algo m\u00e1s en lo que pueda ayudarte? \ud83d\ude0a\">\n<div class=\"ac-container ac-adaptiveCard has-image\">\n<div class=\"ac-textBlock\"><strong style=\"color: #000000; font-size: 24px;\">Achat en ligne<\/strong><\/div>\n<\/div>\n<\/div>\n<h4><span style=\"color: #3366ff;\"><a style=\"color: #3366ff;\" href=\"https:\/\/solbi-mural.com\/fr\/destacados\/409-3m-scotch-weld-adhesif-epoxy-pour-metaux-et-aluminium-dp410-blanc-cartouche-de-50-ml.html\" target=\"_blank\" rel=\"noopener\"><strong>DP410<\/strong><\/a><\/span><\/h4>\n<p>&nbsp;<\/p>\n<h4>Caract\u00e9ristiques<\/h4>\n<ul>\n<li>Temps de m\u00e9lange de 10 minutes et durcissement en 30 minutes (\u00e0 temp\u00e9rature ambiante 20\/25\u00b0C et peut \u00eatre acc\u00e9l\u00e9r\u00e9 avec une l\u00e9g\u00e8re chaleur).<\/li>\n<li>Colle Structurale \u00c9poxyde 3M\u2122 Scotch-Weld\u2122 DP410 con\u00e7u pour se contracter et s&rsquo;\u00e9tendre dans des environnements changeants<\/li>\n<li>R\u00e9sistance aux temp\u00e9ratures \u00e9lev\u00e9es<\/li>\n<li>Couleur entre blanc\/beige (blanc cass\u00e9 jaun\u00e2tre)<\/li>\n<li>Rapport de m\u00e9lange 2:1<\/li>\n<\/ul>\n<p><strong style=\"font-size: 1.3em;\">Applications\u00a0<\/strong><\/p>\n<ul>\n<li>Facile et rapide \u00e0 appliquer gr\u00e2ce au m\u00e9lange adh\u00e9sif l\u00e9ger et fluide.<\/li>\n<li>N\u00e9cessite un applicateur, disponible en version manuelle ou automatique.<\/li>\n<li>Piston diff\u00e9rent pour les petites et les grandes cartouches<\/li>\n<li>Diff\u00e9rentes buses de m\u00e9lange disponibles, en fonction de la taille de la cartouche.<\/li>\n<li>Recommand\u00e9 pour une utilisation avec la<a href=\"https:\/\/solbi-mural.com\/fr\/adhesifs-primers\/549-3m-scotch-weld-epx-buse-verte-buse-de-45ml-0051111922927.html\" target=\"_blank\" rel=\"noopener\"><strong><span style=\"color: #3366ff;\"> buse verte<\/span><\/strong><\/a> pour les petites cartouches.<\/li>\n<li>Convient pour le collage du m\u00e9tal et de l&rsquo;aluminium, du verre et du caoutchouc.<\/li>\n<li>Secteur des transports (ferroviaire et automobile).<\/li>\n<li>Peut \u00eatre utilis\u00e9 \u00e0 l&rsquo;int\u00e9rieur ou \u00e0 l&rsquo;ext\u00e9rieur dans une large gamme d&rsquo;applications.<\/li>\n<\/ul>\n<p><strong><span style=\"color: #ff0000;\">Rappel<\/span> <\/strong>: Comme indiqu\u00e9, la dur\u00e9e de vie est courte et vous devrez donc acheter autant de buses que de fois o\u00f9 vous souhaitez utiliser l&rsquo;adh\u00e9sif. Le m\u00e9lange dans la buse durcit toutes les 10 minutes. Si vous l&rsquo;utilisez en continu, il n&rsquo;y a pas de durcissement dans la buse.<\/p>\n<p>&nbsp;<\/p>\n<h4><strong>Produits similaires<\/strong><\/h4>\n<ul>\n<li style=\"list-style-type: none;\">\n<ul>\n<li><a href=\"https:\/\/distribuidor-cintas-adhesivas.es\/fr\/producto\/colle-structurale-epoxyde-3m-scotch-weld-dp100-plus\/\" target=\"_blank\" rel=\"noopener\">DP100 Plus<\/a><\/li>\n<li><a href=\"https:\/\/distribuidor-cintas-adhesivas.es\/fr\/producto\/3m-scotch-weld-adhesif-acrylique-a-faible-odeur-dp810\/\" target=\"_blank\" rel=\"noopener\">DP810<\/a><\/li>\n<li><a href=\"https:\/\/distribuidor-cintas-adhesivas.es\/fr\/producto\/colle-structurale-acrylique-a-liant-metallique-3m-scotch-weld-8407ns\/\" target=\"_blank\" rel=\"noopener\">DP8407<\/a><\/li>\n<li><a href=\"https:\/\/distribuidor-cintas-adhesivas.es\/fr\/producto\/colle-structurale-epoxyde-3m-scotch-weld-dp460\/\" target=\"_blank\" rel=\"noopener\">DP460<\/a><\/li>\n<\/ul>\n<\/li>\n<\/ul>\n","protected":false},"excerpt":{"rendered":"<p>Colle Structurale \u00c9poxyde 3M\u2122 Scotch-Weld\u2122 DP410 est un adh\u00e9sif \u00e0 deux composants con\u00e7u pour offrir une r\u00e9sistance \u00e9lev\u00e9e, une grande durabilit\u00e9 et un durcissement rapide. Il est compos\u00e9 de polym\u00e8res r\u00e9actifs liquides qui subissent une r\u00e9action chimique lorsqu&rsquo;ils sont m\u00e9lang\u00e9s et durcissent ensuite pour former un mat\u00e9riau plastique solide. Une fois que les deux composants [&hellip;]<\/p>\n","protected":false},"featured_media":5457,"template":"","meta":{"site-sidebar-layout":"default","site-content-layout":"","ast-site-content-layout":"default","site-content-style":"default","site-sidebar-style":"default","ast-global-header-display":"","ast-banner-title-visibility":"","ast-main-header-display":"","ast-hfb-above-header-display":"","ast-hfb-below-header-display":"","ast-hfb-mobile-header-display":"","site-post-title":"","ast-breadcrumbs-content":"","ast-featured-img":"","footer-sml-layout":"","ast-disable-related-posts":"","theme-transparent-header-meta":"default","adv-header-id-meta":"","stick-header-meta":"","header-above-stick-meta":"","header-main-stick-meta":"","header-below-stick-meta":"","astra-migrate-meta-layouts":"set","ast-page-background-enabled":"default","ast-page-background-meta":{"desktop":{"background-color":"","background-image":"","background-repeat":"repeat","background-position":"center center","background-size":"auto","background-attachment":"scroll","background-type":"","background-media":"","overlay-type":"","overlay-color":"","overlay-opacity":"","overlay-gradient":""},"tablet":{"background-color":"","background-image":"","background-repeat":"repeat","background-position":"center center","background-size":"auto","background-attachment":"scroll","background-type":"","background-media":"","overlay-type":"","overlay-color":"","overlay-opacity":"","overlay-gradient":""},"mobile":{"background-color":"","background-image":"","background-repeat":"repeat","background-position":"center center","background-size":"auto","background-attachment":"scroll","background-type":"","background-media":"","overlay-type":"","overlay-color":"","overlay-opacity":"","overlay-gradient":""}},"ast-content-background-meta":{"desktop":{"background-color":"var(--ast-global-color-5)","background-image":"","background-repeat":"repeat","background-position":"center center","background-size":"auto","background-attachment":"scroll","background-type":"","background-media":"","overlay-type":"","overlay-color":"","overlay-opacity":"","overlay-gradient":""},"tablet":{"background-color":"var(--ast-global-color-5)","background-image":"","background-repeat":"repeat","background-position":"center center","background-size":"auto","background-attachment":"scroll","background-type":"","background-media":"","overlay-type":"","overlay-color":"","overlay-opacity":"","overlay-gradient":""},"mobile":{"background-color":"var(--ast-global-color-5)","background-image":"","background-repeat":"repeat","background-position":"center center","background-size":"auto","background-attachment":"scroll","background-type":"","background-media":"","overlay-type":"","overlay-color":"","overlay-opacity":"","overlay-gradient":""}}},"product_brand":[],"product_cat":[3006,960],"product_tag":[],"class_list":{"0":"post-5464","1":"product","2":"type-product","3":"status-publish","4":"has-post-thumbnail","6":"product_cat-adhesif-epoxyde-a-deux-composants","7":"product_cat-adhesifs","8":"desktop-align-center","9":"tablet-align-center","10":"mobile-align-center","12":"first","13":"instock","14":"shipping-taxable","15":"product-type-simple"},"yoast_head":"<!-- This site is optimized with the Yoast SEO Premium plugin v27.2 (Yoast SEO v27.2) - https:\/\/yoast.com\/product\/yoast-seo-premium-wordpress\/ -->\n<title>Colle Structurale \u00c9poxyde 3M\u2122 Scotch-Weld\u2122 DP410<\/title>\n<meta name=\"description\" content=\"Colle Structurale \u00c9poxyde 3M\u2122 Scotch-Weld\u2122 DP410 adh\u00e9sif \u00e0 deux composants con\u00e7u pour une r\u00e9sistance \u00e9lev\u00e9e, une grande durabilit\u00e9 et un durcissement rapide.\" \/>\n<meta name=\"robots\" content=\"index, follow, max-snippet:-1, max-image-preview:large, max-video-preview:-1\" \/>\n<link rel=\"canonical\" href=\"https:\/\/distribuidor-cintas-adhesivas.es\/fr\/producto\/colle-structurale-epoxyde-3m-scotch-weld-dp410\/\" \/>\n<meta property=\"og:locale\" content=\"fr_FR\" \/>\n<meta property=\"og:type\" content=\"article\" \/>\n<meta property=\"og:title\" content=\"Colle Structurale \u00c9poxyde 3M\u2122 Scotch-Weld\u2122 DP410\" \/>\n<meta property=\"og:description\" content=\"Colle Structurale \u00c9poxyde 3M\u2122 Scotch-Weld\u2122 DP410 adh\u00e9sif \u00e0 deux composants con\u00e7u pour une r\u00e9sistance \u00e9lev\u00e9e, une grande durabilit\u00e9 et un durcissement rapide.\" \/>\n<meta property=\"og:url\" content=\"https:\/\/distribuidor-cintas-adhesivas.es\/fr\/producto\/colle-structurale-epoxyde-3m-scotch-weld-dp410\/\" \/>\n<meta property=\"og:site_name\" content=\"Distribuidor de cintas 3M, productos 3M, http:\/\/www.http:\/\/distribuidorcintas3m.es, Mejores ofertas en cintas\" \/>\n<meta property=\"article:modified_time\" content=\"2024-08-01T13:31:04+00:00\" \/>\n<meta property=\"og:image\" content=\"https:\/\/distribuidor-cintas-adhesivas.es\/wp-content\/uploads\/2024\/07\/3M\u2122-Scotch-Weld\u2122-ADHESIVO-BICOMPONENTE-EPOXI-DP410.jpg\" \/>\n\t<meta property=\"og:image:width\" content=\"800\" \/>\n\t<meta property=\"og:image:height\" content=\"800\" \/>\n\t<meta property=\"og:image:type\" content=\"image\/jpeg\" \/>\n<meta name=\"twitter:card\" content=\"summary_large_image\" \/>\n<meta name=\"twitter:label1\" content=\"Dur\u00e9e de lecture estim\u00e9e\" \/>\n\t<meta name=\"twitter:data1\" content=\"2 minutes\" \/>\n<script type=\"application\/ld+json\" class=\"yoast-schema-graph\">{\"@context\":\"https:\/\/schema.org\",\"@graph\":[{\"@type\":\"WebPage\",\"@id\":\"https:\/\/distribuidor-cintas-adhesivas.es\/fr\/producto\/colle-structurale-epoxyde-3m-scotch-weld-dp410\/\",\"url\":\"https:\/\/distribuidor-cintas-adhesivas.es\/fr\/producto\/colle-structurale-epoxyde-3m-scotch-weld-dp410\/\",\"name\":\"Colle Structurale \u00c9poxyde 3M\u2122 Scotch-Weld\u2122 DP410\",\"isPartOf\":{\"@id\":\"https:\/\/distribuidor-cintas-adhesivas.es\/fr\/#website\"},\"primaryImageOfPage\":{\"@id\":\"https:\/\/distribuidor-cintas-adhesivas.es\/fr\/producto\/colle-structurale-epoxyde-3m-scotch-weld-dp410\/#primaryimage\"},\"image\":{\"@id\":\"https:\/\/distribuidor-cintas-adhesivas.es\/fr\/producto\/colle-structurale-epoxyde-3m-scotch-weld-dp410\/#primaryimage\"},\"thumbnailUrl\":\"https:\/\/distribuidor-cintas-adhesivas.es\/wp-content\/uploads\/2024\/07\/3M\u2122-Scotch-Weld\u2122-ADHESIVO-BICOMPONENTE-EPOXI-DP410.jpg\",\"datePublished\":\"2024-07-26T08:17:07+00:00\",\"dateModified\":\"2024-08-01T13:31:04+00:00\",\"description\":\"Colle Structurale \u00c9poxyde 3M\u2122 Scotch-Weld\u2122 DP410 adh\u00e9sif \u00e0 deux composants con\u00e7u pour une r\u00e9sistance \u00e9lev\u00e9e, une grande durabilit\u00e9 et un durcissement rapide.\",\"breadcrumb\":{\"@id\":\"https:\/\/distribuidor-cintas-adhesivas.es\/fr\/producto\/colle-structurale-epoxyde-3m-scotch-weld-dp410\/#breadcrumb\"},\"inLanguage\":\"fr-FR\",\"potentialAction\":[{\"@type\":\"ReadAction\",\"target\":[\"https:\/\/distribuidor-cintas-adhesivas.es\/fr\/producto\/colle-structurale-epoxyde-3m-scotch-weld-dp410\/\"]}]},{\"@type\":\"ImageObject\",\"inLanguage\":\"fr-FR\",\"@id\":\"https:\/\/distribuidor-cintas-adhesivas.es\/fr\/producto\/colle-structurale-epoxyde-3m-scotch-weld-dp410\/#primaryimage\",\"url\":\"https:\/\/distribuidor-cintas-adhesivas.es\/wp-content\/uploads\/2024\/07\/3M\u2122-Scotch-Weld\u2122-ADHESIVO-BICOMPONENTE-EPOXI-DP410.jpg\",\"contentUrl\":\"https:\/\/distribuidor-cintas-adhesivas.es\/wp-content\/uploads\/2024\/07\/3M\u2122-Scotch-Weld\u2122-ADHESIVO-BICOMPONENTE-EPOXI-DP410.jpg\",\"width\":800,\"height\":800,\"caption\":\"Adh\u00e9sif EPOXY BICOMPONENT 3M\u2122 Scotch-Weld\u2122 DP410\"},{\"@type\":\"BreadcrumbList\",\"@id\":\"https:\/\/distribuidor-cintas-adhesivas.es\/fr\/producto\/colle-structurale-epoxyde-3m-scotch-weld-dp410\/#breadcrumb\",\"itemListElement\":[{\"@type\":\"ListItem\",\"position\":1,\"name\":\"Portada\",\"item\":\"https:\/\/distribuidor-cintas-adhesivas.es\/fr\/\"},{\"@type\":\"ListItem\",\"position\":2,\"name\":\"Produits\",\"item\":\"https:\/\/distribuidor-cintas-adhesivas.es\/shop\/\"},{\"@type\":\"ListItem\",\"position\":3,\"name\":\"Colle Structurale \u00c9poxyde 3M\u2122 Scotch-Weld\u2122 DP410\"}]},{\"@type\":\"WebSite\",\"@id\":\"https:\/\/distribuidor-cintas-adhesivas.es\/fr\/#website\",\"url\":\"https:\/\/distribuidor-cintas-adhesivas.es\/fr\/\",\"name\":\"Distribuidor de cintas 3M\",\"description\":\"Distribuidor de cintas 3M, productos 3M, cinta adhesiva, 3M cinta doble cara, adhesivos 3M, cinta antideslizante, velcro 3M, cinta reflectante, 3m scotch, selladores de tuber\u00edas, formadores de juntas, retenedores, cianocrilatos reforzados con caucho, cianocrilatos ultrar\u00e1pidos, cianocrilatos para plasticos y caucho, cianocrilatos generales, cianocrilatos con poco olor, cianocrilatos para metales, adhesivos en aerosol, selladores y adhesivos, cintas de aluminio, cintas de vinilo para se\u00f1alizaci\u00f3n, cintas de tela americanas, cintas de papel para enmascarar, cintas para embalaje\",\"publisher\":{\"@id\":\"https:\/\/distribuidor-cintas-adhesivas.es\/fr\/#organization\"},\"potentialAction\":[{\"@type\":\"SearchAction\",\"target\":{\"@type\":\"EntryPoint\",\"urlTemplate\":\"https:\/\/distribuidor-cintas-adhesivas.es\/fr\/?s={search_term_string}\"},\"query-input\":{\"@type\":\"PropertyValueSpecification\",\"valueRequired\":true,\"valueName\":\"search_term_string\"}}],\"inLanguage\":\"fr-FR\"},{\"@type\":\"Organization\",\"@id\":\"https:\/\/distribuidor-cintas-adhesivas.es\/fr\/#organization\",\"name\":\"Distribuidor de cintas 3M\",\"url\":\"https:\/\/distribuidor-cintas-adhesivas.es\/fr\/\",\"logo\":{\"@type\":\"ImageObject\",\"inLanguage\":\"fr-FR\",\"@id\":\"https:\/\/distribuidor-cintas-adhesivas.es\/fr\/#\/schema\/logo\/image\/\",\"url\":\"https:\/\/distribuidor-cintas-adhesivas.es\/wp-content\/uploads\/2022\/10\/logo-espanol-portugues.png\",\"contentUrl\":\"https:\/\/distribuidor-cintas-adhesivas.es\/wp-content\/uploads\/2022\/10\/logo-espanol-portugues.png\",\"width\":739,\"height\":150,\"caption\":\"Distribuidor de cintas 3M\"},\"image\":{\"@id\":\"https:\/\/distribuidor-cintas-adhesivas.es\/fr\/#\/schema\/logo\/image\/\"},\"sameAs\":[\"https:\/\/distribuidorcintastesa.es\",\"https:\/\/solbi-mural.com\/es\/\",\"https:\/\/muralsrd.com\/\",\"https:\/\/www.instagram.com\/solbimural\/?igsh=ZnR6ZmkzZm1ubWhl\"]}]}<\/script>\n<!-- \/ Yoast SEO Premium plugin. -->","yoast_head_json":{"title":"Colle Structurale \u00c9poxyde 3M\u2122 Scotch-Weld\u2122 DP410","description":"Colle Structurale \u00c9poxyde 3M\u2122 Scotch-Weld\u2122 DP410 adh\u00e9sif \u00e0 deux composants con\u00e7u pour une r\u00e9sistance \u00e9lev\u00e9e, une grande durabilit\u00e9 et un durcissement rapide.","robots":{"index":"index","follow":"follow","max-snippet":"max-snippet:-1","max-image-preview":"max-image-preview:large","max-video-preview":"max-video-preview:-1"},"canonical":"https:\/\/distribuidor-cintas-adhesivas.es\/fr\/producto\/colle-structurale-epoxyde-3m-scotch-weld-dp410\/","og_locale":"fr_FR","og_type":"article","og_title":"Colle Structurale \u00c9poxyde 3M\u2122 Scotch-Weld\u2122 DP410","og_description":"Colle Structurale \u00c9poxyde 3M\u2122 Scotch-Weld\u2122 DP410 adh\u00e9sif \u00e0 deux composants con\u00e7u pour une r\u00e9sistance \u00e9lev\u00e9e, une grande durabilit\u00e9 et un durcissement rapide.","og_url":"https:\/\/distribuidor-cintas-adhesivas.es\/fr\/producto\/colle-structurale-epoxyde-3m-scotch-weld-dp410\/","og_site_name":"Distribuidor de cintas 3M, productos 3M, http:\/\/www.http:\/\/distribuidorcintas3m.es, Mejores ofertas en cintas","article_modified_time":"2024-08-01T13:31:04+00:00","og_image":[{"width":800,"height":800,"url":"https:\/\/distribuidor-cintas-adhesivas.es\/wp-content\/uploads\/2024\/07\/3M\u2122-Scotch-Weld\u2122-ADHESIVO-BICOMPONENTE-EPOXI-DP410.jpg","type":"image\/jpeg"}],"twitter_card":"summary_large_image","twitter_misc":{"Dur\u00e9e de lecture estim\u00e9e":"2 minutes"},"schema":{"@context":"https:\/\/schema.org","@graph":[{"@type":"WebPage","@id":"https:\/\/distribuidor-cintas-adhesivas.es\/fr\/producto\/colle-structurale-epoxyde-3m-scotch-weld-dp410\/","url":"https:\/\/distribuidor-cintas-adhesivas.es\/fr\/producto\/colle-structurale-epoxyde-3m-scotch-weld-dp410\/","name":"Colle Structurale \u00c9poxyde 3M\u2122 Scotch-Weld\u2122 DP410","isPartOf":{"@id":"https:\/\/distribuidor-cintas-adhesivas.es\/fr\/#website"},"primaryImageOfPage":{"@id":"https:\/\/distribuidor-cintas-adhesivas.es\/fr\/producto\/colle-structurale-epoxyde-3m-scotch-weld-dp410\/#primaryimage"},"image":{"@id":"https:\/\/distribuidor-cintas-adhesivas.es\/fr\/producto\/colle-structurale-epoxyde-3m-scotch-weld-dp410\/#primaryimage"},"thumbnailUrl":"https:\/\/distribuidor-cintas-adhesivas.es\/wp-content\/uploads\/2024\/07\/3M\u2122-Scotch-Weld\u2122-ADHESIVO-BICOMPONENTE-EPOXI-DP410.jpg","datePublished":"2024-07-26T08:17:07+00:00","dateModified":"2024-08-01T13:31:04+00:00","description":"Colle Structurale \u00c9poxyde 3M\u2122 Scotch-Weld\u2122 DP410 adh\u00e9sif \u00e0 deux composants con\u00e7u pour une r\u00e9sistance \u00e9lev\u00e9e, une grande durabilit\u00e9 et un durcissement rapide.","breadcrumb":{"@id":"https:\/\/distribuidor-cintas-adhesivas.es\/fr\/producto\/colle-structurale-epoxyde-3m-scotch-weld-dp410\/#breadcrumb"},"inLanguage":"fr-FR","potentialAction":[{"@type":"ReadAction","target":["https:\/\/distribuidor-cintas-adhesivas.es\/fr\/producto\/colle-structurale-epoxyde-3m-scotch-weld-dp410\/"]}]},{"@type":"ImageObject","inLanguage":"fr-FR","@id":"https:\/\/distribuidor-cintas-adhesivas.es\/fr\/producto\/colle-structurale-epoxyde-3m-scotch-weld-dp410\/#primaryimage","url":"https:\/\/distribuidor-cintas-adhesivas.es\/wp-content\/uploads\/2024\/07\/3M\u2122-Scotch-Weld\u2122-ADHESIVO-BICOMPONENTE-EPOXI-DP410.jpg","contentUrl":"https:\/\/distribuidor-cintas-adhesivas.es\/wp-content\/uploads\/2024\/07\/3M\u2122-Scotch-Weld\u2122-ADHESIVO-BICOMPONENTE-EPOXI-DP410.jpg","width":800,"height":800,"caption":"Adh\u00e9sif EPOXY BICOMPONENT 3M\u2122 Scotch-Weld\u2122 DP410"},{"@type":"BreadcrumbList","@id":"https:\/\/distribuidor-cintas-adhesivas.es\/fr\/producto\/colle-structurale-epoxyde-3m-scotch-weld-dp410\/#breadcrumb","itemListElement":[{"@type":"ListItem","position":1,"name":"Portada","item":"https:\/\/distribuidor-cintas-adhesivas.es\/fr\/"},{"@type":"ListItem","position":2,"name":"Produits","item":"https:\/\/distribuidor-cintas-adhesivas.es\/shop\/"},{"@type":"ListItem","position":3,"name":"Colle Structurale \u00c9poxyde 3M\u2122 Scotch-Weld\u2122 DP410"}]},{"@type":"WebSite","@id":"https:\/\/distribuidor-cintas-adhesivas.es\/fr\/#website","url":"https:\/\/distribuidor-cintas-adhesivas.es\/fr\/","name":"Distribuidor de cintas 3M","description":"Distribuidor de cintas 3M, productos 3M, cinta adhesiva, 3M cinta doble cara, adhesivos 3M, cinta antideslizante, velcro 3M, cinta reflectante, 3m scotch, selladores de tuber\u00edas, formadores de juntas, retenedores, cianocrilatos reforzados con caucho, cianocrilatos ultrar\u00e1pidos, cianocrilatos para plasticos y caucho, cianocrilatos generales, cianocrilatos con poco olor, cianocrilatos para metales, adhesivos en aerosol, selladores y adhesivos, cintas de aluminio, cintas de vinilo para se\u00f1alizaci\u00f3n, cintas de tela americanas, cintas de papel para enmascarar, cintas para embalaje","publisher":{"@id":"https:\/\/distribuidor-cintas-adhesivas.es\/fr\/#organization"},"potentialAction":[{"@type":"SearchAction","target":{"@type":"EntryPoint","urlTemplate":"https:\/\/distribuidor-cintas-adhesivas.es\/fr\/?s={search_term_string}"},"query-input":{"@type":"PropertyValueSpecification","valueRequired":true,"valueName":"search_term_string"}}],"inLanguage":"fr-FR"},{"@type":"Organization","@id":"https:\/\/distribuidor-cintas-adhesivas.es\/fr\/#organization","name":"Distribuidor de cintas 3M","url":"https:\/\/distribuidor-cintas-adhesivas.es\/fr\/","logo":{"@type":"ImageObject","inLanguage":"fr-FR","@id":"https:\/\/distribuidor-cintas-adhesivas.es\/fr\/#\/schema\/logo\/image\/","url":"https:\/\/distribuidor-cintas-adhesivas.es\/wp-content\/uploads\/2022\/10\/logo-espanol-portugues.png","contentUrl":"https:\/\/distribuidor-cintas-adhesivas.es\/wp-content\/uploads\/2022\/10\/logo-espanol-portugues.png","width":739,"height":150,"caption":"Distribuidor de cintas 3M"},"image":{"@id":"https:\/\/distribuidor-cintas-adhesivas.es\/fr\/#\/schema\/logo\/image\/"},"sameAs":["https:\/\/distribuidorcintastesa.es","https:\/\/solbi-mural.com\/es\/","https:\/\/muralsrd.com\/","https:\/\/www.instagram.com\/solbimural\/?igsh=ZnR6ZmkzZm1ubWhl"]}]}},"_links":{"self":[{"href":"https:\/\/distribuidor-cintas-adhesivas.es\/fr\/wp-json\/wp\/v2\/product\/5464","targetHints":{"allow":["GET"]}}],"collection":[{"href":"https:\/\/distribuidor-cintas-adhesivas.es\/fr\/wp-json\/wp\/v2\/product"}],"about":[{"href":"https:\/\/distribuidor-cintas-adhesivas.es\/fr\/wp-json\/wp\/v2\/types\/product"}],"wp:featuredmedia":[{"embeddable":true,"href":"https:\/\/distribuidor-cintas-adhesivas.es\/fr\/wp-json\/wp\/v2\/media\/5457"}],"wp:attachment":[{"href":"https:\/\/distribuidor-cintas-adhesivas.es\/fr\/wp-json\/wp\/v2\/media?parent=5464"}],"wp:term":[{"taxonomy":"product_brand","embeddable":true,"href":"https:\/\/distribuidor-cintas-adhesivas.es\/fr\/wp-json\/wp\/v2\/product_brand?post=5464"},{"taxonomy":"product_cat","embeddable":true,"href":"https:\/\/distribuidor-cintas-adhesivas.es\/fr\/wp-json\/wp\/v2\/product_cat?post=5464"},{"taxonomy":"product_tag","embeddable":true,"href":"https:\/\/distribuidor-cintas-adhesivas.es\/fr\/wp-json\/wp\/v2\/product_tag?post=5464"}],"curies":[{"name":"wp","href":"https:\/\/api.w.org\/{rel}","templated":true}]}}