{"id":5503,"date":"2024-07-30T11:38:35","date_gmt":"2024-07-30T11:38:35","guid":{"rendered":"https:\/\/distribuidor-cintas-adhesivas.es\/producto\/colle-structurale-acrylique-a-liant-metallique-3m-scotch-weld-8407ns\/"},"modified":"2024-08-01T11:04:38","modified_gmt":"2024-08-01T11:04:38","slug":"colle-structurale-acrylique-a-liant-metallique-3m-scotch-weld-8407ns","status":"publish","type":"product","link":"https:\/\/distribuidor-cintas-adhesivas.es\/fr\/producto\/colle-structurale-acrylique-a-liant-metallique-3m-scotch-weld-8407ns\/","title":{"rendered":"Colle Structurale Acrylique \u00e0 liant M\u00e9tallique 3M\u2122 Scotch-Weld\u2122 8407NS"},"content":{"rendered":"<p>Colle Structurale Acrylique \u00e0 liant M\u00e9tallique 3M\u2122 Scotch-Weld\u2122 8407NS est un adh\u00e9sif structurel \u00e0 deux composants. Con\u00e7u pour adh\u00e9rer de mani\u00e8re permanente aux m\u00e9taux nus avec une pr\u00e9paration de surface minimale, il fonctionne \u00e9galement sans probl\u00e8me sur de nombreux autres mat\u00e9riaux, y compris la plupart des plastiques. Il est compos\u00e9 de polym\u00e8res r\u00e9actifs liquides qui subissent une r\u00e9action chimique lorsqu&rsquo;ils sont m\u00e9lang\u00e9s, puis durcissent pour former un mat\u00e9riau plastique solide. Une fois que les deux composants ont \u00e9t\u00e9 m\u00e9lang\u00e9s dans le rapport sp\u00e9cifi\u00e9, le processus de durcissement commence ; cela donne un temps limit\u00e9 pour appliquer l&rsquo;adh\u00e9sif et coller les deux surfaces ensemble comme requis.<\/p>\n<div class=\"content user-select-text\" tabindex=\"0\" aria-description=\"\" aria-label=\"Enviado por Copilot: Claro, puedo ayudarte con eso. Aqu\u00ed tienes la parafraseada: &quot;Los epoxi se componen de pol\u00edmeros reactivos l\u00edquidos que experimentan una reacci\u00f3n qu\u00edmica al mezclarse y luego se endurecen para formar un material pl\u00e1stico s\u00f3lido. Una vez que los dos componentes se han mezclado seg\u00fan la relaci\u00f3n especificada, comienza el proceso de curado; esto proporciona una ventana de tiempo limitada para aplicar el adhesivo y unir las dos superficies seg\u00fan sea necesario.&quot;[^1^] [^2^] \u00bfHay algo m\u00e1s en lo que pueda ayudarte? \ud83d\ude0a\">\n<div class=\"ac-container ac-adaptiveCard has-image\">\n<div class=\"ac-textBlock\"><strong style=\"color: #000000; font-size: 24px;\">Achat en ligne<\/strong><\/div>\n<\/div>\n<\/div>\n<h4><span style=\"color: #3366ff;\"><a style=\"color: #3366ff;\" href=\"https:\/\/solbi-mural.com\/fr\/adhesifs-primers\/1814-3m-scotch-weld-epoxy-acrylique-pour-metal-dp8407-gris-cartouche-de-45-ml.html\" target=\"_blank\" rel=\"noopener\"><strong>DP8407<\/strong><\/a><\/span><\/h4>\n<p>&nbsp;<\/p>\n<h4>Caract\u00e9ristiques<\/h4>\n<ul>\n<li>Temps de m\u00e9lange de 7 minutes et durcissement en 24 minutes (\u00e0 temp\u00e9rature ambiante 20\/25\u00b0C).<\/li>\n<li>Colle Structurale Acrylique \u00e0 liant M\u00e9tallique 3M\u2122 Scotch-Weld\u2122 8407NS r\u00e9siste \u00e0 des cycles de s\u00e9chage de peintures et de rev\u00eatements en poudre jusqu&rsquo;\u00e0 204\u00b0C pendant 1 heure<\/li>\n<li>R\u00e9sistant au cisaillement, au pelage et \u00e0 des temp\u00e9ratures allant jusqu&rsquo;\u00e0 -40\u00b0C.<\/li>\n<li>Stockage durable sans r\u00e9frig\u00e9ration<\/li>\n<li>Couleur grise<\/li>\n<li>Rapport de m\u00e9lange 10:1<\/li>\n<\/ul>\n<p><strong style=\"font-size: 1.3em;\">Applications\u00a0<\/strong><\/p>\n<ul>\n<li>Facile et rapide \u00e0 appliquer<\/li>\n<li>N\u00e9cessite un applicateur, disponible en version <strong><span style=\"color: #3366ff;\"><a style=\"color: #3366ff;\" href=\"https:\/\/solbi-mural.com\/es\/aparatos-y-dispensadores\/62-849-3m-aplicador-manual-scotch-weld-epx-0051111920800.html#\/29-color-transparente\" target=\"_blank\" rel=\"noopener\">manuelle<\/a> <\/span><\/strong>ou automatique (si vous avez besoin de ce dernier, veuillez nous contacter).<\/li>\n<li>Besoin d&rsquo;un <span style=\"color: #3366ff;\"><strong><a style=\"color: #3366ff;\" href=\"https:\/\/solbi-mural.com\/fr\/appareils-distributeur-bandes-adhesives\/63-3m-scotch-weld-epx-piston-pour-applicateur-epx--3134375465236.html\" target=\"_blank\" rel=\"noopener\">piston pour les petites cartouches<\/a><\/strong><\/span><\/li>\n<li>Diff\u00e9rentes buses de m\u00e9lange disponibles, en fonction de la taille de la cartouche<\/li>\n<li>Utilisation recommand\u00e9e avec la <span style=\"color: #3366ff;\"><strong><a style=\"color: #3366ff;\" href=\"https:\/\/solbi-mural.com\/fr\/adhesifs-primers\/153-3m-scotch-weld-epx-buse-orange-10-1-buse-de-45ml.html\" target=\"_blank\" rel=\"noopener\">buse orange<\/a><\/strong><\/span> pour les petites cartouches<\/li>\n<li>Convient \u00e0 l&rsquo;assemblage de la plupart des plastiques, des m\u00e9taux l\u00e9g\u00e8rement huileux et de divers m\u00e9taux (aluminium, acier lamin\u00e9 \u00e0 froid, acier galvanis\u00e9, cuivre, laiton et bronze) et r\u00e9siste \u00e0 la corrosion.<\/li>\n<li>Industries : m\u00e9tallurgie, climatisation, v\u00e9hicules sp\u00e9ciaux, v\u00e9hicules de loisirs.<\/li>\n<li>Peut \u00eatre utilis\u00e9 \u00e0 l&rsquo;int\u00e9rieur ou \u00e0 l&rsquo;ext\u00e9rieur.<\/li>\n<\/ul>\n<p><strong><span style=\"color: #ff0000;\">Rappel<\/span> <\/strong>: comme indiqu\u00e9 ci-dessus, la dur\u00e9e de conservation est courte, vous devrez donc acheter autant de buses que vous souhaitez utiliser l&rsquo;adh\u00e9sif. Le m\u00e9lange des buses durcit en 7 minutes. Si vous l&rsquo;utilisez en continu, l&rsquo;adh\u00e9sif \u00e0 l&rsquo;int\u00e9rieur de la buse ne durcira pas.<\/p>\n<h4><strong>Produits similaires<\/strong><\/h4>\n<ul>\n<li style=\"list-style-type: none;\">\n<ul>\n<li><a href=\"https:\/\/distribuidor-cintas-adhesivas.es\/fr\/producto\/colle-structurale-epoxyde-3m-scotch-weld-dp100-plus\/\" target=\"_blank\" rel=\"noopener\">DP100 Plus<\/a><\/li>\n<li><a href=\"https:\/\/distribuidor-cintas-adhesivas.es\/fr\/producto\/colle-structurale-epoxyde-3m-scotch-weld-dp410\/\" target=\"_blank\" rel=\"noopener\">DP410<\/a><\/li>\n<li><a href=\"https:\/\/distribuidor-cintas-adhesivas.es\/fr\/producto\/3m-scotch-weld-adhesif-acrylique-a-faible-odeur-dp810\/\" target=\"_blank\" rel=\"noopener\">DP810<\/a><\/li>\n<li><a href=\"https:\/\/distribuidor-cintas-adhesivas.es\/fr\/producto\/colle-structurale-epoxyde-3m-scotch-weld-dp460\/\" target=\"_blank\" rel=\"noopener\">DP460<\/a><\/li>\n<\/ul>\n<\/li>\n<\/ul>\n","protected":false},"excerpt":{"rendered":"<p>Colle Structurale Acrylique \u00e0 liant M\u00e9tallique 3M\u2122 Scotch-Weld\u2122 8407NS est un adh\u00e9sif structurel \u00e0 deux composants. Con\u00e7u pour adh\u00e9rer de mani\u00e8re permanente aux m\u00e9taux nus avec une pr\u00e9paration de surface minimale, il fonctionne \u00e9galement sans probl\u00e8me sur de nombreux autres mat\u00e9riaux, y compris la plupart des plastiques. Il est compos\u00e9 de polym\u00e8res r\u00e9actifs liquides qui [&hellip;]<\/p>\n","protected":false},"featured_media":5497,"template":"","meta":{"site-sidebar-layout":"default","site-content-layout":"","ast-site-content-layout":"default","site-content-style":"default","site-sidebar-style":"default","ast-global-header-display":"","ast-banner-title-visibility":"","ast-main-header-display":"","ast-hfb-above-header-display":"","ast-hfb-below-header-display":"","ast-hfb-mobile-header-display":"","site-post-title":"","ast-breadcrumbs-content":"","ast-featured-img":"","footer-sml-layout":"","ast-disable-related-posts":"","theme-transparent-header-meta":"default","adv-header-id-meta":"","stick-header-meta":"","header-above-stick-meta":"","header-main-stick-meta":"","header-below-stick-meta":"","astra-migrate-meta-layouts":"set","ast-page-background-enabled":"default","ast-page-background-meta":{"desktop":{"background-color":"","background-image":"","background-repeat":"repeat","background-position":"center center","background-size":"auto","background-attachment":"scroll","background-type":"","background-media":"","overlay-type":"","overlay-color":"","overlay-opacity":"","overlay-gradient":""},"tablet":{"background-color":"","background-image":"","background-repeat":"repeat","background-position":"center center","background-size":"auto","background-attachment":"scroll","background-type":"","background-media":"","overlay-type":"","overlay-color":"","overlay-opacity":"","overlay-gradient":""},"mobile":{"background-color":"","background-image":"","background-repeat":"repeat","background-position":"center center","background-size":"auto","background-attachment":"scroll","background-type":"","background-media":"","overlay-type":"","overlay-color":"","overlay-opacity":"","overlay-gradient":""}},"ast-content-background-meta":{"desktop":{"background-color":"var(--ast-global-color-5)","background-image":"","background-repeat":"repeat","background-position":"center center","background-size":"auto","background-attachment":"scroll","background-type":"","background-media":"","overlay-type":"","overlay-color":"","overlay-opacity":"","overlay-gradient":""},"tablet":{"background-color":"var(--ast-global-color-5)","background-image":"","background-repeat":"repeat","background-position":"center center","background-size":"auto","background-attachment":"scroll","background-type":"","background-media":"","overlay-type":"","overlay-color":"","overlay-opacity":"","overlay-gradient":""},"mobile":{"background-color":"var(--ast-global-color-5)","background-image":"","background-repeat":"repeat","background-position":"center center","background-size":"auto","background-attachment":"scroll","background-type":"","background-media":"","overlay-type":"","overlay-color":"","overlay-opacity":"","overlay-gradient":""}}},"product_brand":[],"product_cat":[3006,960],"product_tag":[3007],"class_list":{"0":"post-5503","1":"product","2":"type-product","3":"status-publish","4":"has-post-thumbnail","6":"product_cat-adhesif-epoxyde-a-deux-composants","7":"product_cat-adhesifs","8":"product_tag-adhesif-bi-composant-3m","9":"desktop-align-center","10":"tablet-align-center","11":"mobile-align-center","13":"first","14":"instock","15":"shipping-taxable","16":"product-type-simple"},"yoast_head":"<!-- This site is optimized with the Yoast SEO Premium plugin v27.2 (Yoast SEO v27.2) - https:\/\/yoast.com\/product\/yoast-seo-premium-wordpress\/ -->\n<title>Colle Structurale Acrylique \u00e0 liant M\u00e9tallique 3M\u2122 Scotch-Weld\u2122 8407NS<\/title>\n<meta name=\"description\" content=\"Colle Structurale Acrylique \u00e0 liant M\u00e9tallique 3M\u2122 Scotch-Weld\u2122 8407NS est un adh\u00e9sif structurel \u00e0 deux composants. Collage permanent sur les m\u00e9taux.\" \/>\n<meta name=\"robots\" content=\"index, follow, max-snippet:-1, max-image-preview:large, max-video-preview:-1\" \/>\n<link rel=\"canonical\" href=\"https:\/\/distribuidor-cintas-adhesivas.es\/fr\/producto\/colle-structurale-acrylique-a-liant-metallique-3m-scotch-weld-8407ns\/\" \/>\n<meta property=\"og:locale\" content=\"fr_FR\" \/>\n<meta property=\"og:type\" content=\"article\" \/>\n<meta property=\"og:title\" content=\"Colle Structurale Acrylique \u00e0 liant M\u00e9tallique 3M\u2122 Scotch-Weld\u2122 8407NS\" \/>\n<meta property=\"og:description\" content=\"Colle Structurale Acrylique \u00e0 liant M\u00e9tallique 3M\u2122 Scotch-Weld\u2122 8407NS est un adh\u00e9sif structurel \u00e0 deux composants. Collage permanent sur les m\u00e9taux.\" \/>\n<meta property=\"og:url\" content=\"https:\/\/distribuidor-cintas-adhesivas.es\/fr\/producto\/colle-structurale-acrylique-a-liant-metallique-3m-scotch-weld-8407ns\/\" \/>\n<meta property=\"og:site_name\" content=\"Distribuidor de cintas 3M, productos 3M, http:\/\/www.http:\/\/distribuidorcintas3m.es, Mejores ofertas en cintas\" \/>\n<meta property=\"article:modified_time\" content=\"2024-08-01T11:04:38+00:00\" \/>\n<meta property=\"og:image\" content=\"https:\/\/distribuidor-cintas-adhesivas.es\/wp-content\/uploads\/2024\/07\/3M-Adhesivo-Acrilico-DP8407NS-para-Metal.jpg\" \/>\n\t<meta property=\"og:image:width\" content=\"800\" \/>\n\t<meta property=\"og:image:height\" content=\"800\" \/>\n\t<meta property=\"og:image:type\" content=\"image\/jpeg\" \/>\n<meta name=\"twitter:card\" content=\"summary_large_image\" \/>\n<meta name=\"twitter:label1\" content=\"Dur\u00e9e de lecture estim\u00e9e\" \/>\n\t<meta name=\"twitter:data1\" content=\"2 minutes\" \/>\n<script type=\"application\/ld+json\" class=\"yoast-schema-graph\">{\"@context\":\"https:\/\/schema.org\",\"@graph\":[{\"@type\":\"WebPage\",\"@id\":\"https:\/\/distribuidor-cintas-adhesivas.es\/fr\/producto\/colle-structurale-acrylique-a-liant-metallique-3m-scotch-weld-8407ns\/\",\"url\":\"https:\/\/distribuidor-cintas-adhesivas.es\/fr\/producto\/colle-structurale-acrylique-a-liant-metallique-3m-scotch-weld-8407ns\/\",\"name\":\"Colle Structurale Acrylique \u00e0 liant M\u00e9tallique 3M\u2122 Scotch-Weld\u2122 8407NS\",\"isPartOf\":{\"@id\":\"https:\/\/distribuidor-cintas-adhesivas.es\/fr\/#website\"},\"primaryImageOfPage\":{\"@id\":\"https:\/\/distribuidor-cintas-adhesivas.es\/fr\/producto\/colle-structurale-acrylique-a-liant-metallique-3m-scotch-weld-8407ns\/#primaryimage\"},\"image\":{\"@id\":\"https:\/\/distribuidor-cintas-adhesivas.es\/fr\/producto\/colle-structurale-acrylique-a-liant-metallique-3m-scotch-weld-8407ns\/#primaryimage\"},\"thumbnailUrl\":\"https:\/\/distribuidor-cintas-adhesivas.es\/wp-content\/uploads\/2024\/07\/3M-Adhesivo-Acrilico-DP8407NS-para-Metal.jpg\",\"datePublished\":\"2024-07-30T11:38:35+00:00\",\"dateModified\":\"2024-08-01T11:04:38+00:00\",\"description\":\"Colle Structurale Acrylique \u00e0 liant M\u00e9tallique 3M\u2122 Scotch-Weld\u2122 8407NS est un adh\u00e9sif structurel \u00e0 deux composants. Collage permanent sur les m\u00e9taux.\",\"breadcrumb\":{\"@id\":\"https:\/\/distribuidor-cintas-adhesivas.es\/fr\/producto\/colle-structurale-acrylique-a-liant-metallique-3m-scotch-weld-8407ns\/#breadcrumb\"},\"inLanguage\":\"fr-FR\",\"potentialAction\":[{\"@type\":\"ReadAction\",\"target\":[\"https:\/\/distribuidor-cintas-adhesivas.es\/fr\/producto\/colle-structurale-acrylique-a-liant-metallique-3m-scotch-weld-8407ns\/\"]}]},{\"@type\":\"ImageObject\",\"inLanguage\":\"fr-FR\",\"@id\":\"https:\/\/distribuidor-cintas-adhesivas.es\/fr\/producto\/colle-structurale-acrylique-a-liant-metallique-3m-scotch-weld-8407ns\/#primaryimage\",\"url\":\"https:\/\/distribuidor-cintas-adhesivas.es\/wp-content\/uploads\/2024\/07\/3M-Adhesivo-Acrilico-DP8407NS-para-Metal.jpg\",\"contentUrl\":\"https:\/\/distribuidor-cintas-adhesivas.es\/wp-content\/uploads\/2024\/07\/3M-Adhesivo-Acrilico-DP8407NS-para-Metal.jpg\",\"width\":800,\"height\":800,\"caption\":\"Adh\u00e9sif acrylique pour m\u00e9tal 3M DP8407NS\"},{\"@type\":\"BreadcrumbList\",\"@id\":\"https:\/\/distribuidor-cintas-adhesivas.es\/fr\/producto\/colle-structurale-acrylique-a-liant-metallique-3m-scotch-weld-8407ns\/#breadcrumb\",\"itemListElement\":[{\"@type\":\"ListItem\",\"position\":1,\"name\":\"Portada\",\"item\":\"https:\/\/distribuidor-cintas-adhesivas.es\/fr\/\"},{\"@type\":\"ListItem\",\"position\":2,\"name\":\"Produits\",\"item\":\"https:\/\/distribuidor-cintas-adhesivas.es\/shop\/\"},{\"@type\":\"ListItem\",\"position\":3,\"name\":\"Colle Structurale Acrylique \u00e0 liant M\u00e9tallique 3M\u2122 Scotch-Weld\u2122 8407NS\"}]},{\"@type\":\"WebSite\",\"@id\":\"https:\/\/distribuidor-cintas-adhesivas.es\/fr\/#website\",\"url\":\"https:\/\/distribuidor-cintas-adhesivas.es\/fr\/\",\"name\":\"Distribuidor de cintas 3M\",\"description\":\"Distribuidor de cintas 3M, productos 3M, cinta adhesiva, 3M cinta doble cara, adhesivos 3M, cinta antideslizante, velcro 3M, cinta reflectante, 3m scotch, selladores de tuber\u00edas, formadores de juntas, retenedores, cianocrilatos reforzados con caucho, cianocrilatos ultrar\u00e1pidos, cianocrilatos para plasticos y caucho, cianocrilatos generales, cianocrilatos con poco olor, cianocrilatos para metales, adhesivos en aerosol, selladores y adhesivos, cintas de aluminio, cintas de vinilo para se\u00f1alizaci\u00f3n, cintas de tela americanas, cintas de papel para enmascarar, cintas para embalaje\",\"publisher\":{\"@id\":\"https:\/\/distribuidor-cintas-adhesivas.es\/fr\/#organization\"},\"potentialAction\":[{\"@type\":\"SearchAction\",\"target\":{\"@type\":\"EntryPoint\",\"urlTemplate\":\"https:\/\/distribuidor-cintas-adhesivas.es\/fr\/?s={search_term_string}\"},\"query-input\":{\"@type\":\"PropertyValueSpecification\",\"valueRequired\":true,\"valueName\":\"search_term_string\"}}],\"inLanguage\":\"fr-FR\"},{\"@type\":\"Organization\",\"@id\":\"https:\/\/distribuidor-cintas-adhesivas.es\/fr\/#organization\",\"name\":\"Distribuidor de cintas 3M\",\"url\":\"https:\/\/distribuidor-cintas-adhesivas.es\/fr\/\",\"logo\":{\"@type\":\"ImageObject\",\"inLanguage\":\"fr-FR\",\"@id\":\"https:\/\/distribuidor-cintas-adhesivas.es\/fr\/#\/schema\/logo\/image\/\",\"url\":\"https:\/\/distribuidor-cintas-adhesivas.es\/wp-content\/uploads\/2022\/10\/logo-espanol-portugues.png\",\"contentUrl\":\"https:\/\/distribuidor-cintas-adhesivas.es\/wp-content\/uploads\/2022\/10\/logo-espanol-portugues.png\",\"width\":739,\"height\":150,\"caption\":\"Distribuidor de cintas 3M\"},\"image\":{\"@id\":\"https:\/\/distribuidor-cintas-adhesivas.es\/fr\/#\/schema\/logo\/image\/\"},\"sameAs\":[\"https:\/\/distribuidorcintastesa.es\",\"https:\/\/solbi-mural.com\/es\/\",\"https:\/\/muralsrd.com\/\",\"https:\/\/www.instagram.com\/solbimural\/?igsh=ZnR6ZmkzZm1ubWhl\"]}]}<\/script>\n<!-- \/ Yoast SEO Premium plugin. -->","yoast_head_json":{"title":"Colle Structurale Acrylique \u00e0 liant M\u00e9tallique 3M\u2122 Scotch-Weld\u2122 8407NS","description":"Colle Structurale Acrylique \u00e0 liant M\u00e9tallique 3M\u2122 Scotch-Weld\u2122 8407NS est un adh\u00e9sif structurel \u00e0 deux composants. Collage permanent sur les m\u00e9taux.","robots":{"index":"index","follow":"follow","max-snippet":"max-snippet:-1","max-image-preview":"max-image-preview:large","max-video-preview":"max-video-preview:-1"},"canonical":"https:\/\/distribuidor-cintas-adhesivas.es\/fr\/producto\/colle-structurale-acrylique-a-liant-metallique-3m-scotch-weld-8407ns\/","og_locale":"fr_FR","og_type":"article","og_title":"Colle Structurale Acrylique \u00e0 liant M\u00e9tallique 3M\u2122 Scotch-Weld\u2122 8407NS","og_description":"Colle Structurale Acrylique \u00e0 liant M\u00e9tallique 3M\u2122 Scotch-Weld\u2122 8407NS est un adh\u00e9sif structurel \u00e0 deux composants. Collage permanent sur les m\u00e9taux.","og_url":"https:\/\/distribuidor-cintas-adhesivas.es\/fr\/producto\/colle-structurale-acrylique-a-liant-metallique-3m-scotch-weld-8407ns\/","og_site_name":"Distribuidor de cintas 3M, productos 3M, http:\/\/www.http:\/\/distribuidorcintas3m.es, Mejores ofertas en cintas","article_modified_time":"2024-08-01T11:04:38+00:00","og_image":[{"width":800,"height":800,"url":"https:\/\/distribuidor-cintas-adhesivas.es\/wp-content\/uploads\/2024\/07\/3M-Adhesivo-Acrilico-DP8407NS-para-Metal.jpg","type":"image\/jpeg"}],"twitter_card":"summary_large_image","twitter_misc":{"Dur\u00e9e de lecture estim\u00e9e":"2 minutes"},"schema":{"@context":"https:\/\/schema.org","@graph":[{"@type":"WebPage","@id":"https:\/\/distribuidor-cintas-adhesivas.es\/fr\/producto\/colle-structurale-acrylique-a-liant-metallique-3m-scotch-weld-8407ns\/","url":"https:\/\/distribuidor-cintas-adhesivas.es\/fr\/producto\/colle-structurale-acrylique-a-liant-metallique-3m-scotch-weld-8407ns\/","name":"Colle Structurale Acrylique \u00e0 liant M\u00e9tallique 3M\u2122 Scotch-Weld\u2122 8407NS","isPartOf":{"@id":"https:\/\/distribuidor-cintas-adhesivas.es\/fr\/#website"},"primaryImageOfPage":{"@id":"https:\/\/distribuidor-cintas-adhesivas.es\/fr\/producto\/colle-structurale-acrylique-a-liant-metallique-3m-scotch-weld-8407ns\/#primaryimage"},"image":{"@id":"https:\/\/distribuidor-cintas-adhesivas.es\/fr\/producto\/colle-structurale-acrylique-a-liant-metallique-3m-scotch-weld-8407ns\/#primaryimage"},"thumbnailUrl":"https:\/\/distribuidor-cintas-adhesivas.es\/wp-content\/uploads\/2024\/07\/3M-Adhesivo-Acrilico-DP8407NS-para-Metal.jpg","datePublished":"2024-07-30T11:38:35+00:00","dateModified":"2024-08-01T11:04:38+00:00","description":"Colle Structurale Acrylique \u00e0 liant M\u00e9tallique 3M\u2122 Scotch-Weld\u2122 8407NS est un adh\u00e9sif structurel \u00e0 deux composants. Collage permanent sur les m\u00e9taux.","breadcrumb":{"@id":"https:\/\/distribuidor-cintas-adhesivas.es\/fr\/producto\/colle-structurale-acrylique-a-liant-metallique-3m-scotch-weld-8407ns\/#breadcrumb"},"inLanguage":"fr-FR","potentialAction":[{"@type":"ReadAction","target":["https:\/\/distribuidor-cintas-adhesivas.es\/fr\/producto\/colle-structurale-acrylique-a-liant-metallique-3m-scotch-weld-8407ns\/"]}]},{"@type":"ImageObject","inLanguage":"fr-FR","@id":"https:\/\/distribuidor-cintas-adhesivas.es\/fr\/producto\/colle-structurale-acrylique-a-liant-metallique-3m-scotch-weld-8407ns\/#primaryimage","url":"https:\/\/distribuidor-cintas-adhesivas.es\/wp-content\/uploads\/2024\/07\/3M-Adhesivo-Acrilico-DP8407NS-para-Metal.jpg","contentUrl":"https:\/\/distribuidor-cintas-adhesivas.es\/wp-content\/uploads\/2024\/07\/3M-Adhesivo-Acrilico-DP8407NS-para-Metal.jpg","width":800,"height":800,"caption":"Adh\u00e9sif acrylique pour m\u00e9tal 3M DP8407NS"},{"@type":"BreadcrumbList","@id":"https:\/\/distribuidor-cintas-adhesivas.es\/fr\/producto\/colle-structurale-acrylique-a-liant-metallique-3m-scotch-weld-8407ns\/#breadcrumb","itemListElement":[{"@type":"ListItem","position":1,"name":"Portada","item":"https:\/\/distribuidor-cintas-adhesivas.es\/fr\/"},{"@type":"ListItem","position":2,"name":"Produits","item":"https:\/\/distribuidor-cintas-adhesivas.es\/shop\/"},{"@type":"ListItem","position":3,"name":"Colle Structurale Acrylique \u00e0 liant M\u00e9tallique 3M\u2122 Scotch-Weld\u2122 8407NS"}]},{"@type":"WebSite","@id":"https:\/\/distribuidor-cintas-adhesivas.es\/fr\/#website","url":"https:\/\/distribuidor-cintas-adhesivas.es\/fr\/","name":"Distribuidor de cintas 3M","description":"Distribuidor de cintas 3M, productos 3M, cinta adhesiva, 3M cinta doble cara, adhesivos 3M, cinta antideslizante, velcro 3M, cinta reflectante, 3m scotch, selladores de tuber\u00edas, formadores de juntas, retenedores, cianocrilatos reforzados con caucho, cianocrilatos ultrar\u00e1pidos, cianocrilatos para plasticos y caucho, cianocrilatos generales, cianocrilatos con poco olor, cianocrilatos para metales, adhesivos en aerosol, selladores y adhesivos, cintas de aluminio, cintas de vinilo para se\u00f1alizaci\u00f3n, cintas de tela americanas, cintas de papel para enmascarar, cintas para embalaje","publisher":{"@id":"https:\/\/distribuidor-cintas-adhesivas.es\/fr\/#organization"},"potentialAction":[{"@type":"SearchAction","target":{"@type":"EntryPoint","urlTemplate":"https:\/\/distribuidor-cintas-adhesivas.es\/fr\/?s={search_term_string}"},"query-input":{"@type":"PropertyValueSpecification","valueRequired":true,"valueName":"search_term_string"}}],"inLanguage":"fr-FR"},{"@type":"Organization","@id":"https:\/\/distribuidor-cintas-adhesivas.es\/fr\/#organization","name":"Distribuidor de cintas 3M","url":"https:\/\/distribuidor-cintas-adhesivas.es\/fr\/","logo":{"@type":"ImageObject","inLanguage":"fr-FR","@id":"https:\/\/distribuidor-cintas-adhesivas.es\/fr\/#\/schema\/logo\/image\/","url":"https:\/\/distribuidor-cintas-adhesivas.es\/wp-content\/uploads\/2022\/10\/logo-espanol-portugues.png","contentUrl":"https:\/\/distribuidor-cintas-adhesivas.es\/wp-content\/uploads\/2022\/10\/logo-espanol-portugues.png","width":739,"height":150,"caption":"Distribuidor de cintas 3M"},"image":{"@id":"https:\/\/distribuidor-cintas-adhesivas.es\/fr\/#\/schema\/logo\/image\/"},"sameAs":["https:\/\/distribuidorcintastesa.es","https:\/\/solbi-mural.com\/es\/","https:\/\/muralsrd.com\/","https:\/\/www.instagram.com\/solbimural\/?igsh=ZnR6ZmkzZm1ubWhl"]}]}},"_links":{"self":[{"href":"https:\/\/distribuidor-cintas-adhesivas.es\/fr\/wp-json\/wp\/v2\/product\/5503","targetHints":{"allow":["GET"]}}],"collection":[{"href":"https:\/\/distribuidor-cintas-adhesivas.es\/fr\/wp-json\/wp\/v2\/product"}],"about":[{"href":"https:\/\/distribuidor-cintas-adhesivas.es\/fr\/wp-json\/wp\/v2\/types\/product"}],"wp:featuredmedia":[{"embeddable":true,"href":"https:\/\/distribuidor-cintas-adhesivas.es\/fr\/wp-json\/wp\/v2\/media\/5497"}],"wp:attachment":[{"href":"https:\/\/distribuidor-cintas-adhesivas.es\/fr\/wp-json\/wp\/v2\/media?parent=5503"}],"wp:term":[{"taxonomy":"product_brand","embeddable":true,"href":"https:\/\/distribuidor-cintas-adhesivas.es\/fr\/wp-json\/wp\/v2\/product_brand?post=5503"},{"taxonomy":"product_cat","embeddable":true,"href":"https:\/\/distribuidor-cintas-adhesivas.es\/fr\/wp-json\/wp\/v2\/product_cat?post=5503"},{"taxonomy":"product_tag","embeddable":true,"href":"https:\/\/distribuidor-cintas-adhesivas.es\/fr\/wp-json\/wp\/v2\/product_tag?post=5503"}],"curies":[{"name":"wp","href":"https:\/\/api.w.org\/{rel}","templated":true}]}}