{"id":3336,"date":"2020-11-17T03:44:47","date_gmt":"2020-11-17T03:44:47","guid":{"rendered":"https:\/\/distribuidor-cintas-adhesivas.es\/producto\/cinta-de-vinilo-471-2\/"},"modified":"2023-02-08T09:49:08","modified_gmt":"2023-02-08T09:49:08","slug":"3m-cinta-vinilo-471","status":"publish","type":"product","link":"https:\/\/distribuidor-cintas-adhesivas.es\/pt-pt\/producto\/3m-cinta-vinilo-471\/","title":{"rendered":"3M\u2122 Cinta Vinilo 471"},"content":{"rendered":"<p>3M\u2122 Cinta de Vinilo 471 Fineline en color azul y adhesivo de caucho, est\u00e1 dise\u00f1ada para enmascarado fino en pintura y decoraci\u00f3n automotriz.<\/p>\n<h4><strong><a href=\"https:\/\/solbi-mural.com\/es\/cintas-adhesivas-una-cara\/201-158-3m-cinta-de-vinilo-471-fineline-azul-rollo-de-33m-x-3mm-0051131064041.html#\/38-color-azul_dodger\">Compra on-line 3M\u2122 Cinta de Vinilo 471 Fineline<\/a><\/strong><\/h4>\n<ul>\n<li>Compatible con pintura a base de agua.<\/li>\n<li>L\u00edneas de pintura n\u00edtidas.<\/li>\n<li>Conformable.<\/li>\n<li>Uso en automotores, aeroespaciales, militar, industrias en general, mantenimiento, reparaci\u00f3n y operaciones, administraci\u00f3n de instalaciones, transporte y marina.<\/li>\n<li>Enmascarar, sellar, proteger y atar.<\/li>\n<li>Proporciona una eliminaci\u00f3n limpia sin residuos de adhesivos incluso despu\u00e9s de un ciclo de horneo de 30 minutos a 121 \u00b0C.<\/li>\n<\/ul>\n<p>Se pueden realizar l\u00edneas de pintura limpias y definidas para la separaci\u00f3n del color porque es resistente a levantamientos y su vers\u00e1til adhesivo de goma se adhiere a una amplia variedad de superficies, entre ellas, resinas, y a continuaci\u00f3n se separa limpiamente de superficies planas o compuestas. Dise\u00f1amos esta cinta para adaptarse bien a curvas y para estirarse y aguantar, incluso con un radio tan estrecho como 38 mm.<\/p>\n<p>Sigue dise\u00f1os irregulares para proporcionar l\u00edneas definidas. Su moderada transparencia facilita la alineaci\u00f3n cuando al seguir el contorno de patrones complejos. Nuestro flexible soporte de vinilo tambi\u00e9n es resistente a la abrasi\u00f3n y proteger\u00e1 superficies adyacentes en operaciones de lijado. Cuando se ha terminado, su eliminaci\u00f3n de una pieza conservada las definidas l\u00edneas de pintura que contribuy\u00f3 a crear.<\/p>\n<h5><strong><a href=\"https:\/\/distribuidor-cintas-adhesivas.es\/pt-pt\/3m-fitas-de-marcacao-e-sinalizacao-alta-qualidade\/\">M\u00e1s informaci\u00f3n<\/a><\/strong><\/h5>\n","protected":false},"excerpt":{"rendered":"<p>3M\u2122 Cinta de Vinilo 471 Fineline en color azul y adhesivo de caucho, est\u00e1 dise\u00f1ada para enmascarado fino en pintura y decoraci\u00f3n automotriz. Compra on-line 3M\u2122 Cinta de Vinilo 471 Fineline Compatible con pintura a base de agua. L\u00edneas de pintura n\u00edtidas. Conformable. Uso en automotores, aeroespaciales, militar, industrias en general, mantenimiento, reparaci\u00f3n y operaciones, [&hellip;]<\/p>\n","protected":false},"featured_media":3427,"template":"","meta":{"site-sidebar-layout":"default","site-content-layout":"","ast-site-content-layout":"default","site-content-style":"default","site-sidebar-style":"default","ast-global-header-display":"","ast-banner-title-visibility":"","ast-main-header-display":"","ast-hfb-above-header-display":"","ast-hfb-below-header-display":"","ast-hfb-mobile-header-display":"","site-post-title":"","ast-breadcrumbs-content":"","ast-featured-img":"","footer-sml-layout":"","ast-disable-related-posts":"","theme-transparent-header-meta":"","adv-header-id-meta":"","stick-header-meta":"","header-above-stick-meta":"","header-main-stick-meta":"","header-below-stick-meta":"","astra-migrate-meta-layouts":"default","ast-page-background-enabled":"default","ast-page-background-meta":{"desktop":{"background-color":"","background-image":"","background-repeat":"repeat","background-position":"center center","background-size":"auto","background-attachment":"scroll","background-type":"","background-media":"","overlay-type":"","overlay-color":"","overlay-opacity":"","overlay-gradient":""},"tablet":{"background-color":"","background-image":"","background-repeat":"repeat","background-position":"center center","background-size":"auto","background-attachment":"scroll","background-type":"","background-media":"","overlay-type":"","overlay-color":"","overlay-opacity":"","overlay-gradient":""},"mobile":{"background-color":"","background-image":"","background-repeat":"repeat","background-position":"center center","background-size":"auto","background-attachment":"scroll","background-type":"","background-media":"","overlay-type":"","overlay-color":"","overlay-opacity":"","overlay-gradient":""}},"ast-content-background-meta":{"desktop":{"background-color":"var(--ast-global-color-5)","background-image":"","background-repeat":"repeat","background-position":"center center","background-size":"auto","background-attachment":"scroll","background-type":"","background-media":"","overlay-type":"","overlay-color":"","overlay-opacity":"","overlay-gradient":""},"tablet":{"background-color":"var(--ast-global-color-5)","background-image":"","background-repeat":"repeat","background-position":"center center","background-size":"auto","background-attachment":"scroll","background-type":"","background-media":"","overlay-type":"","overlay-color":"","overlay-opacity":"","overlay-gradient":""},"mobile":{"background-color":"var(--ast-global-color-5)","background-image":"","background-repeat":"repeat","background-position":"center center","background-size":"auto","background-attachment":"scroll","background-type":"","background-media":"","overlay-type":"","overlay-color":"","overlay-opacity":"","overlay-gradient":""}}},"product_brand":[],"product_cat":[941],"product_tag":[1625,1629,1626,1627,1534,1628,1630,1632,1631,1633,1634],"class_list":{"0":"post-3336","1":"product","2":"type-product","3":"status-publish","4":"has-post-thumbnail","6":"product_cat-fitas-especiais","7":"product_tag-3m-cinta-471-pt-pt","8":"product_tag-3m-fineline-pt-pt","9":"product_tag-3m-fita-471-fineline-pt-pt","10":"product_tag-3m-fita-mascaramento-pt-pt","11":"product_tag-3m-fita-proteccao-pt-pt","12":"product_tag-3m-fita-selagem-pt-pt","13":"product_tag-cinta-471-pt-pt","14":"product_tag-cinta-fineline-pt-pt","15":"product_tag-fita-mascaramento-pt-pt","16":"product_tag-fita-protectora-pt-pt","17":"product_tag-fita-selagem-pt-pt","18":"desktop-align-center","19":"tablet-align-center","20":"mobile-align-center","22":"first","23":"instock","24":"shipping-taxable","25":"product-type-simple"},"yoast_head":"<!-- This site is optimized with the Yoast SEO Premium plugin v27.2 (Yoast SEO v27.2) - https:\/\/yoast.com\/product\/yoast-seo-premium-wordpress\/ -->\n<title>3M\u2122 Cinta Vinilo 471<\/title>\n<meta name=\"description\" content=\"3M\u2122 Cinta Vinilo 471 est\u00e1 dise\u00f1ada para enmascarado fino en pintura y decoraci\u00f3n automotriz. Adhesivo de goma vers\u00e1til y resistente a levantamientos.\" \/>\n<meta name=\"robots\" content=\"index, follow, max-snippet:-1, max-image-preview:large, max-video-preview:-1\" \/>\n<link rel=\"canonical\" href=\"https:\/\/distribuidor-cintas-adhesivas.es\/pt-pt\/producto\/3m-cinta-vinilo-471\/\" \/>\n<meta property=\"og:locale\" content=\"pt_PT\" \/>\n<meta property=\"og:type\" content=\"article\" \/>\n<meta property=\"og:title\" content=\"3M\u2122 Cinta Vinilo 471\" \/>\n<meta property=\"og:description\" content=\"3M\u2122 Cinta Vinilo 471 est\u00e1 dise\u00f1ada para enmascarado fino en pintura y decoraci\u00f3n automotriz. Adhesivo de goma vers\u00e1til y resistente a levantamientos.\" \/>\n<meta property=\"og:url\" content=\"https:\/\/distribuidor-cintas-adhesivas.es\/pt-pt\/producto\/3m-cinta-vinilo-471\/\" \/>\n<meta property=\"og:site_name\" content=\"Distribuidor de cintas 3M, productos 3M, http:\/\/www.http:\/\/distribuidorcintas3m.es, Mejores ofertas en cintas\" \/>\n<meta property=\"article:modified_time\" content=\"2023-02-08T09:49:08+00:00\" \/>\n<meta property=\"og:image\" content=\"https:\/\/distribuidor-cintas-adhesivas.es\/wp-content\/uploads\/2020\/11\/3m-cinta-de-vinilo-471-fineline-azul-rollo-de-33m-x-3mm.jpg\" \/>\n\t<meta property=\"og:image:width\" content=\"800\" \/>\n\t<meta property=\"og:image:height\" content=\"800\" \/>\n\t<meta property=\"og:image:type\" content=\"image\/jpeg\" \/>\n<meta name=\"twitter:card\" content=\"summary_large_image\" \/>\n<meta name=\"twitter:label1\" content=\"Tempo estimado de leitura\" \/>\n\t<meta name=\"twitter:data1\" content=\"1 minuto\" \/>\n<script type=\"application\/ld+json\" class=\"yoast-schema-graph\">{\"@context\":\"https:\/\/schema.org\",\"@graph\":[{\"@type\":\"WebPage\",\"@id\":\"https:\/\/distribuidor-cintas-adhesivas.es\/pt-pt\/producto\/3m-cinta-vinilo-471\/\",\"url\":\"https:\/\/distribuidor-cintas-adhesivas.es\/pt-pt\/producto\/3m-cinta-vinilo-471\/\",\"name\":\"3M\u2122 Cinta Vinilo 471\",\"isPartOf\":{\"@id\":\"https:\/\/distribuidor-cintas-adhesivas.es\/pt-pt\/#website\"},\"primaryImageOfPage\":{\"@id\":\"https:\/\/distribuidor-cintas-adhesivas.es\/pt-pt\/producto\/3m-cinta-vinilo-471\/#primaryimage\"},\"image\":{\"@id\":\"https:\/\/distribuidor-cintas-adhesivas.es\/pt-pt\/producto\/3m-cinta-vinilo-471\/#primaryimage\"},\"thumbnailUrl\":\"https:\/\/distribuidor-cintas-adhesivas.es\/wp-content\/uploads\/2020\/11\/3m-cinta-de-vinilo-471-fineline-azul-rollo-de-33m-x-3mm.jpg\",\"datePublished\":\"2020-11-17T03:44:47+00:00\",\"dateModified\":\"2023-02-08T09:49:08+00:00\",\"description\":\"3M\u2122 Cinta Vinilo 471 est\u00e1 dise\u00f1ada para enmascarado fino en pintura y decoraci\u00f3n automotriz. Adhesivo de goma vers\u00e1til y resistente a levantamientos.\",\"breadcrumb\":{\"@id\":\"https:\/\/distribuidor-cintas-adhesivas.es\/pt-pt\/producto\/3m-cinta-vinilo-471\/#breadcrumb\"},\"inLanguage\":\"pt-PT\",\"potentialAction\":[{\"@type\":\"ReadAction\",\"target\":[\"https:\/\/distribuidor-cintas-adhesivas.es\/pt-pt\/producto\/3m-cinta-vinilo-471\/\"]}]},{\"@type\":\"ImageObject\",\"inLanguage\":\"pt-PT\",\"@id\":\"https:\/\/distribuidor-cintas-adhesivas.es\/pt-pt\/producto\/3m-cinta-vinilo-471\/#primaryimage\",\"url\":\"https:\/\/distribuidor-cintas-adhesivas.es\/wp-content\/uploads\/2020\/11\/3m-cinta-de-vinilo-471-fineline-azul-rollo-de-33m-x-3mm.jpg\",\"contentUrl\":\"https:\/\/distribuidor-cintas-adhesivas.es\/wp-content\/uploads\/2020\/11\/3m-cinta-de-vinilo-471-fineline-azul-rollo-de-33m-x-3mm.jpg\",\"width\":800,\"height\":800,\"caption\":\"3M\u2122 Cinta Vinilo 471\"},{\"@type\":\"BreadcrumbList\",\"@id\":\"https:\/\/distribuidor-cintas-adhesivas.es\/pt-pt\/producto\/3m-cinta-vinilo-471\/#breadcrumb\",\"itemListElement\":[{\"@type\":\"ListItem\",\"position\":1,\"name\":\"Portada\",\"item\":\"https:\/\/distribuidor-cintas-adhesivas.es\/pt-pt\/\"},{\"@type\":\"ListItem\",\"position\":2,\"name\":\"Produtos\",\"item\":\"https:\/\/distribuidor-cintas-adhesivas.es\/shop\/\"},{\"@type\":\"ListItem\",\"position\":3,\"name\":\"3M\u2122 Cinta Vinilo 471\"}]},{\"@type\":\"WebSite\",\"@id\":\"https:\/\/distribuidor-cintas-adhesivas.es\/pt-pt\/#website\",\"url\":\"https:\/\/distribuidor-cintas-adhesivas.es\/pt-pt\/\",\"name\":\"Distribuidor de cintas 3M\",\"description\":\"Distribuidor de cintas 3M, productos 3M, cinta adhesiva, 3M cinta doble cara, adhesivos 3M, cinta antideslizante, velcro 3M, cinta reflectante, 3m scotch, selladores de tuber\u00edas, formadores de juntas, retenedores, cianocrilatos reforzados con caucho, cianocrilatos ultrar\u00e1pidos, cianocrilatos para plasticos y caucho, cianocrilatos generales, cianocrilatos con poco olor, cianocrilatos para metales, adhesivos en aerosol, selladores y adhesivos, cintas de aluminio, cintas de vinilo para se\u00f1alizaci\u00f3n, cintas de tela americanas, cintas de papel para enmascarar, cintas para embalaje\",\"publisher\":{\"@id\":\"https:\/\/distribuidor-cintas-adhesivas.es\/pt-pt\/#organization\"},\"potentialAction\":[{\"@type\":\"SearchAction\",\"target\":{\"@type\":\"EntryPoint\",\"urlTemplate\":\"https:\/\/distribuidor-cintas-adhesivas.es\/pt-pt\/?s={search_term_string}\"},\"query-input\":{\"@type\":\"PropertyValueSpecification\",\"valueRequired\":true,\"valueName\":\"search_term_string\"}}],\"inLanguage\":\"pt-PT\"},{\"@type\":\"Organization\",\"@id\":\"https:\/\/distribuidor-cintas-adhesivas.es\/pt-pt\/#organization\",\"name\":\"Distribuidor de cintas 3M\",\"url\":\"https:\/\/distribuidor-cintas-adhesivas.es\/pt-pt\/\",\"logo\":{\"@type\":\"ImageObject\",\"inLanguage\":\"pt-PT\",\"@id\":\"https:\/\/distribuidor-cintas-adhesivas.es\/pt-pt\/#\/schema\/logo\/image\/\",\"url\":\"https:\/\/distribuidor-cintas-adhesivas.es\/wp-content\/uploads\/2022\/10\/logo-espanol-portugues.png\",\"contentUrl\":\"https:\/\/distribuidor-cintas-adhesivas.es\/wp-content\/uploads\/2022\/10\/logo-espanol-portugues.png\",\"width\":739,\"height\":150,\"caption\":\"Distribuidor de cintas 3M\"},\"image\":{\"@id\":\"https:\/\/distribuidor-cintas-adhesivas.es\/pt-pt\/#\/schema\/logo\/image\/\"},\"sameAs\":[\"https:\/\/distribuidorcintastesa.es\",\"https:\/\/solbi-mural.com\/es\/\",\"https:\/\/muralsrd.com\/\",\"https:\/\/www.instagram.com\/solbimural\/?igsh=ZnR6ZmkzZm1ubWhl\"]}]}<\/script>\n<!-- \/ Yoast SEO Premium plugin. -->","yoast_head_json":{"title":"3M\u2122 Cinta Vinilo 471","description":"3M\u2122 Cinta Vinilo 471 est\u00e1 dise\u00f1ada para enmascarado fino en pintura y decoraci\u00f3n automotriz. Adhesivo de goma vers\u00e1til y resistente a levantamientos.","robots":{"index":"index","follow":"follow","max-snippet":"max-snippet:-1","max-image-preview":"max-image-preview:large","max-video-preview":"max-video-preview:-1"},"canonical":"https:\/\/distribuidor-cintas-adhesivas.es\/pt-pt\/producto\/3m-cinta-vinilo-471\/","og_locale":"pt_PT","og_type":"article","og_title":"3M\u2122 Cinta Vinilo 471","og_description":"3M\u2122 Cinta Vinilo 471 est\u00e1 dise\u00f1ada para enmascarado fino en pintura y decoraci\u00f3n automotriz. Adhesivo de goma vers\u00e1til y resistente a levantamientos.","og_url":"https:\/\/distribuidor-cintas-adhesivas.es\/pt-pt\/producto\/3m-cinta-vinilo-471\/","og_site_name":"Distribuidor de cintas 3M, productos 3M, http:\/\/www.http:\/\/distribuidorcintas3m.es, Mejores ofertas en cintas","article_modified_time":"2023-02-08T09:49:08+00:00","og_image":[{"width":800,"height":800,"url":"https:\/\/distribuidor-cintas-adhesivas.es\/wp-content\/uploads\/2020\/11\/3m-cinta-de-vinilo-471-fineline-azul-rollo-de-33m-x-3mm.jpg","type":"image\/jpeg"}],"twitter_card":"summary_large_image","twitter_misc":{"Tempo estimado de leitura":"1 minuto"},"schema":{"@context":"https:\/\/schema.org","@graph":[{"@type":"WebPage","@id":"https:\/\/distribuidor-cintas-adhesivas.es\/pt-pt\/producto\/3m-cinta-vinilo-471\/","url":"https:\/\/distribuidor-cintas-adhesivas.es\/pt-pt\/producto\/3m-cinta-vinilo-471\/","name":"3M\u2122 Cinta Vinilo 471","isPartOf":{"@id":"https:\/\/distribuidor-cintas-adhesivas.es\/pt-pt\/#website"},"primaryImageOfPage":{"@id":"https:\/\/distribuidor-cintas-adhesivas.es\/pt-pt\/producto\/3m-cinta-vinilo-471\/#primaryimage"},"image":{"@id":"https:\/\/distribuidor-cintas-adhesivas.es\/pt-pt\/producto\/3m-cinta-vinilo-471\/#primaryimage"},"thumbnailUrl":"https:\/\/distribuidor-cintas-adhesivas.es\/wp-content\/uploads\/2020\/11\/3m-cinta-de-vinilo-471-fineline-azul-rollo-de-33m-x-3mm.jpg","datePublished":"2020-11-17T03:44:47+00:00","dateModified":"2023-02-08T09:49:08+00:00","description":"3M\u2122 Cinta Vinilo 471 est\u00e1 dise\u00f1ada para enmascarado fino en pintura y decoraci\u00f3n automotriz. Adhesivo de goma vers\u00e1til y resistente a levantamientos.","breadcrumb":{"@id":"https:\/\/distribuidor-cintas-adhesivas.es\/pt-pt\/producto\/3m-cinta-vinilo-471\/#breadcrumb"},"inLanguage":"pt-PT","potentialAction":[{"@type":"ReadAction","target":["https:\/\/distribuidor-cintas-adhesivas.es\/pt-pt\/producto\/3m-cinta-vinilo-471\/"]}]},{"@type":"ImageObject","inLanguage":"pt-PT","@id":"https:\/\/distribuidor-cintas-adhesivas.es\/pt-pt\/producto\/3m-cinta-vinilo-471\/#primaryimage","url":"https:\/\/distribuidor-cintas-adhesivas.es\/wp-content\/uploads\/2020\/11\/3m-cinta-de-vinilo-471-fineline-azul-rollo-de-33m-x-3mm.jpg","contentUrl":"https:\/\/distribuidor-cintas-adhesivas.es\/wp-content\/uploads\/2020\/11\/3m-cinta-de-vinilo-471-fineline-azul-rollo-de-33m-x-3mm.jpg","width":800,"height":800,"caption":"3M\u2122 Cinta Vinilo 471"},{"@type":"BreadcrumbList","@id":"https:\/\/distribuidor-cintas-adhesivas.es\/pt-pt\/producto\/3m-cinta-vinilo-471\/#breadcrumb","itemListElement":[{"@type":"ListItem","position":1,"name":"Portada","item":"https:\/\/distribuidor-cintas-adhesivas.es\/pt-pt\/"},{"@type":"ListItem","position":2,"name":"Produtos","item":"https:\/\/distribuidor-cintas-adhesivas.es\/shop\/"},{"@type":"ListItem","position":3,"name":"3M\u2122 Cinta Vinilo 471"}]},{"@type":"WebSite","@id":"https:\/\/distribuidor-cintas-adhesivas.es\/pt-pt\/#website","url":"https:\/\/distribuidor-cintas-adhesivas.es\/pt-pt\/","name":"Distribuidor de cintas 3M","description":"Distribuidor de cintas 3M, productos 3M, cinta adhesiva, 3M cinta doble cara, adhesivos 3M, cinta antideslizante, velcro 3M, cinta reflectante, 3m scotch, selladores de tuber\u00edas, formadores de juntas, retenedores, cianocrilatos reforzados con caucho, cianocrilatos ultrar\u00e1pidos, cianocrilatos para plasticos y caucho, cianocrilatos generales, cianocrilatos con poco olor, cianocrilatos para metales, adhesivos en aerosol, selladores y adhesivos, cintas de aluminio, cintas de vinilo para se\u00f1alizaci\u00f3n, cintas de tela americanas, cintas de papel para enmascarar, cintas para embalaje","publisher":{"@id":"https:\/\/distribuidor-cintas-adhesivas.es\/pt-pt\/#organization"},"potentialAction":[{"@type":"SearchAction","target":{"@type":"EntryPoint","urlTemplate":"https:\/\/distribuidor-cintas-adhesivas.es\/pt-pt\/?s={search_term_string}"},"query-input":{"@type":"PropertyValueSpecification","valueRequired":true,"valueName":"search_term_string"}}],"inLanguage":"pt-PT"},{"@type":"Organization","@id":"https:\/\/distribuidor-cintas-adhesivas.es\/pt-pt\/#organization","name":"Distribuidor de cintas 3M","url":"https:\/\/distribuidor-cintas-adhesivas.es\/pt-pt\/","logo":{"@type":"ImageObject","inLanguage":"pt-PT","@id":"https:\/\/distribuidor-cintas-adhesivas.es\/pt-pt\/#\/schema\/logo\/image\/","url":"https:\/\/distribuidor-cintas-adhesivas.es\/wp-content\/uploads\/2022\/10\/logo-espanol-portugues.png","contentUrl":"https:\/\/distribuidor-cintas-adhesivas.es\/wp-content\/uploads\/2022\/10\/logo-espanol-portugues.png","width":739,"height":150,"caption":"Distribuidor de cintas 3M"},"image":{"@id":"https:\/\/distribuidor-cintas-adhesivas.es\/pt-pt\/#\/schema\/logo\/image\/"},"sameAs":["https:\/\/distribuidorcintastesa.es","https:\/\/solbi-mural.com\/es\/","https:\/\/muralsrd.com\/","https:\/\/www.instagram.com\/solbimural\/?igsh=ZnR6ZmkzZm1ubWhl"]}]}},"_links":{"self":[{"href":"https:\/\/distribuidor-cintas-adhesivas.es\/pt-pt\/wp-json\/wp\/v2\/product\/3336","targetHints":{"allow":["GET"]}}],"collection":[{"href":"https:\/\/distribuidor-cintas-adhesivas.es\/pt-pt\/wp-json\/wp\/v2\/product"}],"about":[{"href":"https:\/\/distribuidor-cintas-adhesivas.es\/pt-pt\/wp-json\/wp\/v2\/types\/product"}],"wp:featuredmedia":[{"embeddable":true,"href":"https:\/\/distribuidor-cintas-adhesivas.es\/pt-pt\/wp-json\/wp\/v2\/media\/3427"}],"wp:attachment":[{"href":"https:\/\/distribuidor-cintas-adhesivas.es\/pt-pt\/wp-json\/wp\/v2\/media?parent=3336"}],"wp:term":[{"taxonomy":"product_brand","embeddable":true,"href":"https:\/\/distribuidor-cintas-adhesivas.es\/pt-pt\/wp-json\/wp\/v2\/product_brand?post=3336"},{"taxonomy":"product_cat","embeddable":true,"href":"https:\/\/distribuidor-cintas-adhesivas.es\/pt-pt\/wp-json\/wp\/v2\/product_cat?post=3336"},{"taxonomy":"product_tag","embeddable":true,"href":"https:\/\/distribuidor-cintas-adhesivas.es\/pt-pt\/wp-json\/wp\/v2\/product_tag?post=3336"}],"curies":[{"name":"wp","href":"https:\/\/api.w.org\/{rel}","templated":true}]}}