{"id":3390,"date":"2020-11-17T03:42:44","date_gmt":"2020-11-17T03:42:44","guid":{"rendered":"https:\/\/distribuidor-cintas-adhesivas.es\/producto\/cinta-vinilo-5702\/"},"modified":"2023-02-08T10:00:51","modified_gmt":"2023-02-08T10:00:51","slug":"3m-5702-cinta-vinilo","status":"publish","type":"product","link":"https:\/\/distribuidor-cintas-adhesivas.es\/pt-pt\/producto\/3m-5702-cinta-vinilo\/","title":{"rendered":"3M\u2122 Cinta de Vinilo con Franjas de Seguridad 5702 &#8211; Premium"},"content":{"rendered":"<p>La gama de cintas de vinilo, para marcaje, de 3M\u2122 presenta una gran adhesi\u00f3n en multitud de superficies, ofreciendo una excelente aplicaci\u00f3n sin goteos, sin necesidad de limpiar, y retirada f\u00e1cil, lo que favorece a que no queden residuos. Presentan un amplio rango de resistencia a temperaturas, una ideal elongaci\u00f3n a la rotura y una alta resistencia al pelado y a la tracci\u00f3n.<\/p>\n<p>La cinta de seguridad 3M 5702 es un medio efectivo de marcar carriles, \u00e1reas peligrosas, equipo sobresaliente y objetos que cuelgan bajo en f\u00e1bricas, almacenes y hospitales.<\/p>\n<h4><a href=\"https:\/\/solbi-mural.com\/es\/cintas-adhesivas-una-cara\/550-2040-3m-cinta-premium-de-vinilo-con-franjas-de-seguridad-5702-amarillanegra-rollo-de-33-m-x-50-mm-014-mm-0021200045851.html\"><strong>Compra on-line 3M 5702<\/strong><\/a><\/h4>\n<h4><strong>Caracter\u00edsticas<\/strong><\/h4>\n<ul>\n<li>Flexible y conformable, que permite adherir a diversas superficies irregulares.<\/li>\n<li>Con adhesivo caucho para una alta adhesi\u00f3n inicial sobre diversas superficies (curvas, esquinas e irregulares).<\/li>\n<li>Presenta l\u00edneas diagonales en colores negro y amarillo, proporcionando una excelente visibilidad.<\/li>\n<li>De alta durabilidad ya que posee color integrado y alta resistencia a la abrasi\u00f3n, qu\u00edmicos, rasgu\u00f1os, intemperie y humedad.<\/li>\n<li>Ideal para marcar v\u00edas de circulaci\u00f3n en bodegas, hospitales, f\u00e1bricas, marcar \u00e1reas restringidas y\/o de peligro.<\/li>\n<\/ul>\n<h4><strong>Propiedades t\u00e9cnicas<\/strong><\/h4>\n<ul>\n<li>Soporte: PVC<\/li>\n<li>Resistencia a pelado [Newton\/25 mm]: 5&#8217;3<\/li>\n<li>Resistencia a la tracci\u00f3n [Newton\/25 mm]: 65<\/li>\n<li>Elongaci\u00f3n a la rotura: 170%<\/li>\n<li>Rango de temperaturas de uso: 4 \u00baC &#8211; 77 \u00baC<\/li>\n<\/ul>\n<h4><strong>Aplicaciones recomendadas<\/strong><\/h4>\n<ul>\n<li>Marcado y\/o se\u00f1alizaci\u00f3n de v\u00edas de seguridad o de acceso.<\/li>\n<li>Identificaci\u00f3n de zonas peligrosas.<\/li>\n<li>Crear \u00e1reas para el distanciamiento entre empleados y clientes (distancia social).<\/li>\n<\/ul>\n<h4><strong>Productos relacionados<\/strong><\/h4>\n<ul>\n<li><a href=\"https:\/\/solbi-mural.com\/es\/3m-seguridad-senalizacion\/548-2038-3m-cinta-premium-de-vinilo-con-franjas-de-seguridad-5700-33m-x-55mm-0021200043673.html\">3M\u2122 5700<\/a><\/li>\n<li><a href=\"https:\/\/solbi-mural.com\/es\/cintas-adhesivas-una-cara\/199-157-3m-cinta-de-vinilo-premium-471-rollo-de-33m-x-50mm.html\">3M\u2122 471<\/a><\/li>\n<li><a href=\"https:\/\/solbi-mural.com\/es\/cintas-adhesivas-una-cara\/184-131-3m-cinta-de-vinilo-764-uso-general-rollo-de-33m-x-50mm.html\">3M\u2122 764<\/a><\/li>\n<li><a href=\"https:\/\/solbi-mural.com\/es\/cintas-adhesivas-una-cara\/213-165-3m-cinta-de-vinilo-con-franjas-de-seguridad-767i-766i-rollo-de-33m-x-50mm.html\">3M\u2122 766\/767<\/a><\/li>\n<\/ul>\n<h4><strong><a href=\"https:\/\/distribuidor-cintas-adhesivas.es\/pt-pt\/3m-fitas-de-marcacao-e-sinalizacao-alta-qualidade\/\">M\u00e1s informaci\u00f3n<\/a><\/strong><\/h4>\n<p>&nbsp;<\/p>\n","protected":false},"excerpt":{"rendered":"<p>La gama de cintas de vinilo, para marcaje, de 3M\u2122 presenta una gran adhesi\u00f3n en multitud de superficies, ofreciendo una excelente aplicaci\u00f3n sin goteos, sin necesidad de limpiar, y retirada f\u00e1cil, lo que favorece a que no queden residuos. Presentan un amplio rango de resistencia a temperaturas, una ideal elongaci\u00f3n a la rotura y una [&hellip;]<\/p>\n","protected":false},"featured_media":3431,"template":"","meta":{"site-sidebar-layout":"default","site-content-layout":"","ast-site-content-layout":"default","site-content-style":"default","site-sidebar-style":"default","ast-global-header-display":"","ast-banner-title-visibility":"","ast-main-header-display":"","ast-hfb-above-header-display":"","ast-hfb-below-header-display":"","ast-hfb-mobile-header-display":"","site-post-title":"","ast-breadcrumbs-content":"","ast-featured-img":"","footer-sml-layout":"","ast-disable-related-posts":"","theme-transparent-header-meta":"","adv-header-id-meta":"","stick-header-meta":"","header-above-stick-meta":"","header-main-stick-meta":"","header-below-stick-meta":"","astra-migrate-meta-layouts":"default","ast-page-background-enabled":"default","ast-page-background-meta":{"desktop":{"background-color":"","background-image":"","background-repeat":"repeat","background-position":"center center","background-size":"auto","background-attachment":"scroll","background-type":"","background-media":"","overlay-type":"","overlay-color":"","overlay-opacity":"","overlay-gradient":""},"tablet":{"background-color":"","background-image":"","background-repeat":"repeat","background-position":"center center","background-size":"auto","background-attachment":"scroll","background-type":"","background-media":"","overlay-type":"","overlay-color":"","overlay-opacity":"","overlay-gradient":""},"mobile":{"background-color":"","background-image":"","background-repeat":"repeat","background-position":"center center","background-size":"auto","background-attachment":"scroll","background-type":"","background-media":"","overlay-type":"","overlay-color":"","overlay-opacity":"","overlay-gradient":""}},"ast-content-background-meta":{"desktop":{"background-color":"var(--ast-global-color-5)","background-image":"","background-repeat":"repeat","background-position":"center center","background-size":"auto","background-attachment":"scroll","background-type":"","background-media":"","overlay-type":"","overlay-color":"","overlay-opacity":"","overlay-gradient":""},"tablet":{"background-color":"var(--ast-global-color-5)","background-image":"","background-repeat":"repeat","background-position":"center center","background-size":"auto","background-attachment":"scroll","background-type":"","background-media":"","overlay-type":"","overlay-color":"","overlay-opacity":"","overlay-gradient":""},"mobile":{"background-color":"var(--ast-global-color-5)","background-image":"","background-repeat":"repeat","background-position":"center center","background-size":"auto","background-attachment":"scroll","background-type":"","background-media":"","overlay-type":"","overlay-color":"","overlay-opacity":"","overlay-gradient":""}}},"product_brand":[],"product_cat":[941],"product_tag":[1694,1695,1696,1697,1698,1699,1700,1701,1702,1703,1704,1705,1706,1707,1708],"class_list":{"0":"post-3390","1":"product","2":"type-product","3":"status-publish","4":"has-post-thumbnail","6":"product_cat-fitas-especiais","7":"product_tag-3m-5702-pt-pt","8":"product_tag-3m-fita-pt-pt","9":"product_tag-3m-fita-marcacao-pt-pt","10":"product_tag-3m-fita-marcacao-5702-pt-pt","11":"product_tag-3m-fita-seguranca-pt-pt","12":"product_tag-3m-fita-sinalizacao-pt-pt","13":"product_tag-3m-fita-sinalizacao-5702-pt-pt","14":"product_tag-3m-fita-vinil-pt-pt","15":"product_tag-3m-fita-vinil-5702-pt-pt","16":"product_tag-3m-marcacao-pt-pt","17":"product_tag-3m-seguranca-pt-pt","18":"product_tag-3m-vinil-pt-pt","19":"product_tag-cinta-marcaje-5702-pt-pt","20":"product_tag-cinta-seguridad-5702-pt-pt","21":"product_tag-cinta-senalizacion-5702-pt-pt","22":"desktop-align-center","23":"tablet-align-center","24":"mobile-align-center","26":"first","27":"instock","28":"shipping-taxable","29":"product-type-simple"},"yoast_head":"<!-- This site is optimized with the Yoast SEO Premium plugin v27.2 (Yoast SEO v27.2) - https:\/\/yoast.com\/product\/yoast-seo-premium-wordpress\/ -->\n<title>3M 5702 Cinta Vinilo<\/title>\n<meta name=\"description\" content=\"3M 5702 es una cinta de vinilo efectiva para marcar carriles, \u00e1reas peligrosas, equipo sobresaliente y objetos que cuelgan bajo en f\u00e1bricas y almacenes.\" \/>\n<meta name=\"robots\" content=\"index, follow, max-snippet:-1, max-image-preview:large, max-video-preview:-1\" \/>\n<link rel=\"canonical\" href=\"https:\/\/distribuidor-cintas-adhesivas.es\/pt-pt\/producto\/3m-5702-cinta-vinilo\/\" \/>\n<meta property=\"og:locale\" content=\"pt_PT\" \/>\n<meta property=\"og:type\" content=\"article\" \/>\n<meta property=\"og:title\" content=\"3M\u2122 Cinta de Vinilo con Franjas de Seguridad 5702 - Premium\" \/>\n<meta property=\"og:description\" content=\"3M 5702 es una cinta de vinilo efectiva para marcar carriles, \u00e1reas peligrosas, equipo sobresaliente y objetos que cuelgan bajo en f\u00e1bricas y almacenes.\" \/>\n<meta property=\"og:url\" content=\"https:\/\/distribuidor-cintas-adhesivas.es\/pt-pt\/producto\/3m-5702-cinta-vinilo\/\" \/>\n<meta property=\"og:site_name\" content=\"Distribuidor de cintas 3M, productos 3M, http:\/\/www.http:\/\/distribuidorcintas3m.es, Mejores ofertas en cintas\" \/>\n<meta property=\"article:modified_time\" content=\"2023-02-08T10:00:51+00:00\" \/>\n<meta property=\"og:image\" content=\"https:\/\/distribuidor-cintas-adhesivas.es\/wp-content\/uploads\/2020\/11\/3M-5702-AM-NG.jpg\" \/>\n\t<meta property=\"og:image:width\" content=\"1200\" \/>\n\t<meta property=\"og:image:height\" content=\"1200\" \/>\n\t<meta property=\"og:image:type\" content=\"image\/jpeg\" \/>\n<meta name=\"twitter:card\" content=\"summary_large_image\" \/>\n<meta name=\"twitter:label1\" content=\"Tempo estimado de leitura\" \/>\n\t<meta name=\"twitter:data1\" content=\"1 minuto\" \/>\n<script type=\"application\/ld+json\" class=\"yoast-schema-graph\">{\"@context\":\"https:\/\/schema.org\",\"@graph\":[{\"@type\":\"WebPage\",\"@id\":\"https:\/\/distribuidor-cintas-adhesivas.es\/pt-pt\/producto\/3m-5702-cinta-vinilo\/\",\"url\":\"https:\/\/distribuidor-cintas-adhesivas.es\/pt-pt\/producto\/3m-5702-cinta-vinilo\/\",\"name\":\"3M 5702 Cinta Vinilo\",\"isPartOf\":{\"@id\":\"https:\/\/distribuidor-cintas-adhesivas.es\/pt-pt\/#website\"},\"primaryImageOfPage\":{\"@id\":\"https:\/\/distribuidor-cintas-adhesivas.es\/pt-pt\/producto\/3m-5702-cinta-vinilo\/#primaryimage\"},\"image\":{\"@id\":\"https:\/\/distribuidor-cintas-adhesivas.es\/pt-pt\/producto\/3m-5702-cinta-vinilo\/#primaryimage\"},\"thumbnailUrl\":\"https:\/\/distribuidor-cintas-adhesivas.es\/wp-content\/uploads\/2020\/11\/3M-5702-AM-NG.jpg\",\"datePublished\":\"2020-11-17T03:42:44+00:00\",\"dateModified\":\"2023-02-08T10:00:51+00:00\",\"description\":\"3M 5702 es una cinta de vinilo efectiva para marcar carriles, \u00e1reas peligrosas, equipo sobresaliente y objetos que cuelgan bajo en f\u00e1bricas y almacenes.\",\"breadcrumb\":{\"@id\":\"https:\/\/distribuidor-cintas-adhesivas.es\/pt-pt\/producto\/3m-5702-cinta-vinilo\/#breadcrumb\"},\"inLanguage\":\"pt-PT\",\"potentialAction\":[{\"@type\":\"ReadAction\",\"target\":[\"https:\/\/distribuidor-cintas-adhesivas.es\/pt-pt\/producto\/3m-5702-cinta-vinilo\/\"]}]},{\"@type\":\"ImageObject\",\"inLanguage\":\"pt-PT\",\"@id\":\"https:\/\/distribuidor-cintas-adhesivas.es\/pt-pt\/producto\/3m-5702-cinta-vinilo\/#primaryimage\",\"url\":\"https:\/\/distribuidor-cintas-adhesivas.es\/wp-content\/uploads\/2020\/11\/3M-5702-AM-NG.jpg\",\"contentUrl\":\"https:\/\/distribuidor-cintas-adhesivas.es\/wp-content\/uploads\/2020\/11\/3M-5702-AM-NG.jpg\",\"width\":1200,\"height\":1200,\"caption\":\"3M 5702\"},{\"@type\":\"BreadcrumbList\",\"@id\":\"https:\/\/distribuidor-cintas-adhesivas.es\/pt-pt\/producto\/3m-5702-cinta-vinilo\/#breadcrumb\",\"itemListElement\":[{\"@type\":\"ListItem\",\"position\":1,\"name\":\"Portada\",\"item\":\"https:\/\/distribuidor-cintas-adhesivas.es\/pt-pt\/\"},{\"@type\":\"ListItem\",\"position\":2,\"name\":\"Produtos\",\"item\":\"https:\/\/distribuidor-cintas-adhesivas.es\/shop\/\"},{\"@type\":\"ListItem\",\"position\":3,\"name\":\"3M\u2122 Cinta de Vinilo con Franjas de Seguridad 5702 &#8211; Premium\"}]},{\"@type\":\"WebSite\",\"@id\":\"https:\/\/distribuidor-cintas-adhesivas.es\/pt-pt\/#website\",\"url\":\"https:\/\/distribuidor-cintas-adhesivas.es\/pt-pt\/\",\"name\":\"Distribuidor de cintas 3M\",\"description\":\"Distribuidor de cintas 3M, productos 3M, cinta adhesiva, 3M cinta doble cara, adhesivos 3M, cinta antideslizante, velcro 3M, cinta reflectante, 3m scotch, selladores de tuber\u00edas, formadores de juntas, retenedores, cianocrilatos reforzados con caucho, cianocrilatos ultrar\u00e1pidos, cianocrilatos para plasticos y caucho, cianocrilatos generales, cianocrilatos con poco olor, cianocrilatos para metales, adhesivos en aerosol, selladores y adhesivos, cintas de aluminio, cintas de vinilo para se\u00f1alizaci\u00f3n, cintas de tela americanas, cintas de papel para enmascarar, cintas para embalaje\",\"publisher\":{\"@id\":\"https:\/\/distribuidor-cintas-adhesivas.es\/pt-pt\/#organization\"},\"potentialAction\":[{\"@type\":\"SearchAction\",\"target\":{\"@type\":\"EntryPoint\",\"urlTemplate\":\"https:\/\/distribuidor-cintas-adhesivas.es\/pt-pt\/?s={search_term_string}\"},\"query-input\":{\"@type\":\"PropertyValueSpecification\",\"valueRequired\":true,\"valueName\":\"search_term_string\"}}],\"inLanguage\":\"pt-PT\"},{\"@type\":\"Organization\",\"@id\":\"https:\/\/distribuidor-cintas-adhesivas.es\/pt-pt\/#organization\",\"name\":\"Distribuidor de cintas 3M\",\"url\":\"https:\/\/distribuidor-cintas-adhesivas.es\/pt-pt\/\",\"logo\":{\"@type\":\"ImageObject\",\"inLanguage\":\"pt-PT\",\"@id\":\"https:\/\/distribuidor-cintas-adhesivas.es\/pt-pt\/#\/schema\/logo\/image\/\",\"url\":\"https:\/\/distribuidor-cintas-adhesivas.es\/wp-content\/uploads\/2022\/10\/logo-espanol-portugues.png\",\"contentUrl\":\"https:\/\/distribuidor-cintas-adhesivas.es\/wp-content\/uploads\/2022\/10\/logo-espanol-portugues.png\",\"width\":739,\"height\":150,\"caption\":\"Distribuidor de cintas 3M\"},\"image\":{\"@id\":\"https:\/\/distribuidor-cintas-adhesivas.es\/pt-pt\/#\/schema\/logo\/image\/\"},\"sameAs\":[\"https:\/\/distribuidorcintastesa.es\",\"https:\/\/solbi-mural.com\/es\/\",\"https:\/\/muralsrd.com\/\",\"https:\/\/www.instagram.com\/solbimural\/?igsh=ZnR6ZmkzZm1ubWhl\"]}]}<\/script>\n<!-- \/ Yoast SEO Premium plugin. -->","yoast_head_json":{"title":"3M 5702 Cinta Vinilo","description":"3M 5702 es una cinta de vinilo efectiva para marcar carriles, \u00e1reas peligrosas, equipo sobresaliente y objetos que cuelgan bajo en f\u00e1bricas y almacenes.","robots":{"index":"index","follow":"follow","max-snippet":"max-snippet:-1","max-image-preview":"max-image-preview:large","max-video-preview":"max-video-preview:-1"},"canonical":"https:\/\/distribuidor-cintas-adhesivas.es\/pt-pt\/producto\/3m-5702-cinta-vinilo\/","og_locale":"pt_PT","og_type":"article","og_title":"3M\u2122 Cinta de Vinilo con Franjas de Seguridad 5702 - Premium","og_description":"3M 5702 es una cinta de vinilo efectiva para marcar carriles, \u00e1reas peligrosas, equipo sobresaliente y objetos que cuelgan bajo en f\u00e1bricas y almacenes.","og_url":"https:\/\/distribuidor-cintas-adhesivas.es\/pt-pt\/producto\/3m-5702-cinta-vinilo\/","og_site_name":"Distribuidor de cintas 3M, productos 3M, http:\/\/www.http:\/\/distribuidorcintas3m.es, Mejores ofertas en cintas","article_modified_time":"2023-02-08T10:00:51+00:00","og_image":[{"width":1200,"height":1200,"url":"https:\/\/distribuidor-cintas-adhesivas.es\/wp-content\/uploads\/2020\/11\/3M-5702-AM-NG.jpg","type":"image\/jpeg"}],"twitter_card":"summary_large_image","twitter_misc":{"Tempo estimado de leitura":"1 minuto"},"schema":{"@context":"https:\/\/schema.org","@graph":[{"@type":"WebPage","@id":"https:\/\/distribuidor-cintas-adhesivas.es\/pt-pt\/producto\/3m-5702-cinta-vinilo\/","url":"https:\/\/distribuidor-cintas-adhesivas.es\/pt-pt\/producto\/3m-5702-cinta-vinilo\/","name":"3M 5702 Cinta Vinilo","isPartOf":{"@id":"https:\/\/distribuidor-cintas-adhesivas.es\/pt-pt\/#website"},"primaryImageOfPage":{"@id":"https:\/\/distribuidor-cintas-adhesivas.es\/pt-pt\/producto\/3m-5702-cinta-vinilo\/#primaryimage"},"image":{"@id":"https:\/\/distribuidor-cintas-adhesivas.es\/pt-pt\/producto\/3m-5702-cinta-vinilo\/#primaryimage"},"thumbnailUrl":"https:\/\/distribuidor-cintas-adhesivas.es\/wp-content\/uploads\/2020\/11\/3M-5702-AM-NG.jpg","datePublished":"2020-11-17T03:42:44+00:00","dateModified":"2023-02-08T10:00:51+00:00","description":"3M 5702 es una cinta de vinilo efectiva para marcar carriles, \u00e1reas peligrosas, equipo sobresaliente y objetos que cuelgan bajo en f\u00e1bricas y almacenes.","breadcrumb":{"@id":"https:\/\/distribuidor-cintas-adhesivas.es\/pt-pt\/producto\/3m-5702-cinta-vinilo\/#breadcrumb"},"inLanguage":"pt-PT","potentialAction":[{"@type":"ReadAction","target":["https:\/\/distribuidor-cintas-adhesivas.es\/pt-pt\/producto\/3m-5702-cinta-vinilo\/"]}]},{"@type":"ImageObject","inLanguage":"pt-PT","@id":"https:\/\/distribuidor-cintas-adhesivas.es\/pt-pt\/producto\/3m-5702-cinta-vinilo\/#primaryimage","url":"https:\/\/distribuidor-cintas-adhesivas.es\/wp-content\/uploads\/2020\/11\/3M-5702-AM-NG.jpg","contentUrl":"https:\/\/distribuidor-cintas-adhesivas.es\/wp-content\/uploads\/2020\/11\/3M-5702-AM-NG.jpg","width":1200,"height":1200,"caption":"3M 5702"},{"@type":"BreadcrumbList","@id":"https:\/\/distribuidor-cintas-adhesivas.es\/pt-pt\/producto\/3m-5702-cinta-vinilo\/#breadcrumb","itemListElement":[{"@type":"ListItem","position":1,"name":"Portada","item":"https:\/\/distribuidor-cintas-adhesivas.es\/pt-pt\/"},{"@type":"ListItem","position":2,"name":"Produtos","item":"https:\/\/distribuidor-cintas-adhesivas.es\/shop\/"},{"@type":"ListItem","position":3,"name":"3M\u2122 Cinta de Vinilo con Franjas de Seguridad 5702 &#8211; Premium"}]},{"@type":"WebSite","@id":"https:\/\/distribuidor-cintas-adhesivas.es\/pt-pt\/#website","url":"https:\/\/distribuidor-cintas-adhesivas.es\/pt-pt\/","name":"Distribuidor de cintas 3M","description":"Distribuidor de cintas 3M, productos 3M, cinta adhesiva, 3M cinta doble cara, adhesivos 3M, cinta antideslizante, velcro 3M, cinta reflectante, 3m scotch, selladores de tuber\u00edas, formadores de juntas, retenedores, cianocrilatos reforzados con caucho, cianocrilatos ultrar\u00e1pidos, cianocrilatos para plasticos y caucho, cianocrilatos generales, cianocrilatos con poco olor, cianocrilatos para metales, adhesivos en aerosol, selladores y adhesivos, cintas de aluminio, cintas de vinilo para se\u00f1alizaci\u00f3n, cintas de tela americanas, cintas de papel para enmascarar, cintas para embalaje","publisher":{"@id":"https:\/\/distribuidor-cintas-adhesivas.es\/pt-pt\/#organization"},"potentialAction":[{"@type":"SearchAction","target":{"@type":"EntryPoint","urlTemplate":"https:\/\/distribuidor-cintas-adhesivas.es\/pt-pt\/?s={search_term_string}"},"query-input":{"@type":"PropertyValueSpecification","valueRequired":true,"valueName":"search_term_string"}}],"inLanguage":"pt-PT"},{"@type":"Organization","@id":"https:\/\/distribuidor-cintas-adhesivas.es\/pt-pt\/#organization","name":"Distribuidor de cintas 3M","url":"https:\/\/distribuidor-cintas-adhesivas.es\/pt-pt\/","logo":{"@type":"ImageObject","inLanguage":"pt-PT","@id":"https:\/\/distribuidor-cintas-adhesivas.es\/pt-pt\/#\/schema\/logo\/image\/","url":"https:\/\/distribuidor-cintas-adhesivas.es\/wp-content\/uploads\/2022\/10\/logo-espanol-portugues.png","contentUrl":"https:\/\/distribuidor-cintas-adhesivas.es\/wp-content\/uploads\/2022\/10\/logo-espanol-portugues.png","width":739,"height":150,"caption":"Distribuidor de cintas 3M"},"image":{"@id":"https:\/\/distribuidor-cintas-adhesivas.es\/pt-pt\/#\/schema\/logo\/image\/"},"sameAs":["https:\/\/distribuidorcintastesa.es","https:\/\/solbi-mural.com\/es\/","https:\/\/muralsrd.com\/","https:\/\/www.instagram.com\/solbimural\/?igsh=ZnR6ZmkzZm1ubWhl"]}]}},"_links":{"self":[{"href":"https:\/\/distribuidor-cintas-adhesivas.es\/pt-pt\/wp-json\/wp\/v2\/product\/3390","targetHints":{"allow":["GET"]}}],"collection":[{"href":"https:\/\/distribuidor-cintas-adhesivas.es\/pt-pt\/wp-json\/wp\/v2\/product"}],"about":[{"href":"https:\/\/distribuidor-cintas-adhesivas.es\/pt-pt\/wp-json\/wp\/v2\/types\/product"}],"wp:featuredmedia":[{"embeddable":true,"href":"https:\/\/distribuidor-cintas-adhesivas.es\/pt-pt\/wp-json\/wp\/v2\/media\/3431"}],"wp:attachment":[{"href":"https:\/\/distribuidor-cintas-adhesivas.es\/pt-pt\/wp-json\/wp\/v2\/media?parent=3390"}],"wp:term":[{"taxonomy":"product_brand","embeddable":true,"href":"https:\/\/distribuidor-cintas-adhesivas.es\/pt-pt\/wp-json\/wp\/v2\/product_brand?post=3390"},{"taxonomy":"product_cat","embeddable":true,"href":"https:\/\/distribuidor-cintas-adhesivas.es\/pt-pt\/wp-json\/wp\/v2\/product_cat?post=3390"},{"taxonomy":"product_tag","embeddable":true,"href":"https:\/\/distribuidor-cintas-adhesivas.es\/pt-pt\/wp-json\/wp\/v2\/product_tag?post=3390"}],"curies":[{"name":"wp","href":"https:\/\/api.w.org\/{rel}","templated":true}]}}