{"id":3402,"date":"2020-11-16T23:36:10","date_gmt":"2020-11-16T23:36:10","guid":{"rendered":"https:\/\/distribuidor-cintas-adhesivas.es\/producto\/cinta-duct-tape-1900-gris\/"},"modified":"2023-02-08T11:22:52","modified_gmt":"2023-02-08T11:22:52","slug":"3m-1900","status":"publish","type":"product","link":"https:\/\/distribuidor-cintas-adhesivas.es\/pt-pt\/producto\/3m-1900\/","title":{"rendered":"3M\u2122 Cinta Adhesiva Americana 1900 de Uso General"},"content":{"rendered":"<p>3M 1900 es una cinta de tela multi-prop\u00f3sito, perfecta para cajas de herramientas para aplicaciones generales.<\/p>\n<h4><strong><a href=\"https:\/\/solbi-mural.com\/es\/cintas-adhesivas-una-cara\/214-169-3m-cinta-adhesiva-americana-1900-de-uso-general-rollo-de-50m-x-50mm.html#\/35-color-gris\">Compra on-line 3M 1900<\/a><\/strong><\/h4>\n<h4><strong>Caracter\u00edsticas<\/strong><\/h4>\n<ul>\n<li>Alta adherencia en m\u00faltiples materiales.<\/li>\n<li>Soporte de polietileno que ofrece un excelente rendimiento en zonas h\u00famedas o mojadas.<\/li>\n<li>Sellos de bajo esfuerzo.<\/li>\n<li>Sujecci\u00f3n, embalaje e identificaci\u00f3n.<\/li>\n<li>Reparaciones temporales.<\/li>\n<li>Econ\u00f3mica.<\/li>\n<li>Adhesivo sint\u00e9tico.<\/li>\n<li>Adaptabilidad a superficies irregulares.<\/li>\n<li>Retirada sin dejar restos de residuos.<\/li>\n<li>Resistente a la humedad gracias a su recubrimiento de polietileno.<\/li>\n<li>Adhesi\u00f3n garantizada a metal, vidrio, pl\u00e1stico, hormig\u00f3n sellado y otros sustratos suaves.<\/li>\n<li>Rasgado sencillo con la mano.<\/li>\n<li>M\u00e1xima durabilidad.<\/li>\n<li>Alta resistencia a la abrasi\u00f3n, al calor y a la tracci\u00f3n.<\/li>\n<\/ul>\n<h4><strong>Propiedades t\u00e9cnicas<\/strong><\/h4>\n<ul>\n<li>Espesor soporte: 0&#8217;07 mm<\/li>\n<li>Longitud: 55 m<\/li>\n<li>Grosor: 50 mm<\/li>\n<li>Resistencia a la tracci\u00f3n [Newton\/25 mm]: 33<\/li>\n<li>Elongaci\u00f3n a la rotura: 15 %<\/li>\n<li>Temperatura de funcionamiento m\u00e1xima: 93 \u00baC<\/li>\n<li>Tipo de adhesivo: caucho sint\u00e9tico<\/li>\n<\/ul>\n<h4><strong>Aplicaciones recomendadas<\/strong><\/h4>\n<ul>\n<li>Tareas ligeras, no cr\u00edticas, de sellado, etiquetado, identificaci\u00f3n y agrupamiento.<\/li>\n<li>Refuerzo, agrupamiento y reparaci\u00f3n temporal.<\/li>\n<li>Otras tareas industriales o de uso com\u00fan.<\/li>\n<\/ul>\n<h4><strong>Productos relacionados<\/strong><\/h4>\n<ul>\n<li>3M Cinta Americana DT17<\/li>\n<li>3M Cinta Americana DT18<\/li>\n<li>3M Cinta Americana DT11<\/li>\n<li>3M Cinta Americana 8979<\/li>\n<li>3M Cinta Americana 2904<\/li>\n<li>3M Cinta Americana 389<\/li>\n<li>3M Cinta Americana Scotch\u00ae Extremium\u2122 Universal<\/li>\n<li>3M Cinta Americana Scotch\u00ae Extremium\u2122 Ultra<\/li>\n<li>3M Cinta Americana Scotch\u00ae Universal<\/li>\n<\/ul>\n","protected":false},"excerpt":{"rendered":"<p>3M 1900 es una cinta de tela multi-prop\u00f3sito, perfecta para cajas de herramientas para aplicaciones generales. Compra on-line 3M 1900 Caracter\u00edsticas Alta adherencia en m\u00faltiples materiales. Soporte de polietileno que ofrece un excelente rendimiento en zonas h\u00famedas o mojadas. Sellos de bajo esfuerzo. Sujecci\u00f3n, embalaje e identificaci\u00f3n. Reparaciones temporales. Econ\u00f3mica. Adhesivo sint\u00e9tico. Adaptabilidad a superficies [&hellip;]<\/p>\n","protected":false},"featured_media":3439,"template":"","meta":{"site-sidebar-layout":"default","site-content-layout":"","ast-site-content-layout":"default","site-content-style":"default","site-sidebar-style":"default","ast-global-header-display":"","ast-banner-title-visibility":"","ast-main-header-display":"","ast-hfb-above-header-display":"","ast-hfb-below-header-display":"","ast-hfb-mobile-header-display":"","site-post-title":"","ast-breadcrumbs-content":"","ast-featured-img":"","footer-sml-layout":"","ast-disable-related-posts":"","theme-transparent-header-meta":"","adv-header-id-meta":"","stick-header-meta":"","header-above-stick-meta":"","header-main-stick-meta":"","header-below-stick-meta":"","astra-migrate-meta-layouts":"default","ast-page-background-enabled":"default","ast-page-background-meta":{"desktop":{"background-color":"","background-image":"","background-repeat":"repeat","background-position":"center center","background-size":"auto","background-attachment":"scroll","background-type":"","background-media":"","overlay-type":"","overlay-color":"","overlay-opacity":"","overlay-gradient":""},"tablet":{"background-color":"","background-image":"","background-repeat":"repeat","background-position":"center center","background-size":"auto","background-attachment":"scroll","background-type":"","background-media":"","overlay-type":"","overlay-color":"","overlay-opacity":"","overlay-gradient":""},"mobile":{"background-color":"","background-image":"","background-repeat":"repeat","background-position":"center center","background-size":"auto","background-attachment":"scroll","background-type":"","background-media":"","overlay-type":"","overlay-color":"","overlay-opacity":"","overlay-gradient":""}},"ast-content-background-meta":{"desktop":{"background-color":"var(--ast-global-color-5)","background-image":"","background-repeat":"repeat","background-position":"center center","background-size":"auto","background-attachment":"scroll","background-type":"","background-media":"","overlay-type":"","overlay-color":"","overlay-opacity":"","overlay-gradient":""},"tablet":{"background-color":"var(--ast-global-color-5)","background-image":"","background-repeat":"repeat","background-position":"center center","background-size":"auto","background-attachment":"scroll","background-type":"","background-media":"","overlay-type":"","overlay-color":"","overlay-opacity":"","overlay-gradient":""},"mobile":{"background-color":"var(--ast-global-color-5)","background-image":"","background-repeat":"repeat","background-position":"center center","background-size":"auto","background-attachment":"scroll","background-type":"","background-media":"","overlay-type":"","overlay-color":"","overlay-opacity":"","overlay-gradient":""}}},"product_brand":[],"product_cat":[952],"product_tag":[1780,1783,1787,1781,1782,1784,1786,1785,1788,1628],"class_list":{"0":"post-3402","1":"product","2":"type-product","3":"status-publish","4":"has-post-thumbnail","6":"product_cat-fitas-multiusos","7":"product_tag-3m-1900-pt-pt","8":"product_tag-3m-cinta-americana-1900-pt-pt","9":"product_tag-3m-cinta-refuerzo-pt-pt","10":"product_tag-3m-fita-agrupamento-pt-pt","11":"product_tag-3m-fita-americana-pt-pt","12":"product_tag-3m-fita-etiquetagem-pt-pt","13":"product_tag-3m-fita-multiusos-pt-pt","14":"product_tag-3m-fita-polivalente-pt-pt","15":"product_tag-3m-fita-reparacao-pt-pt","16":"product_tag-3m-fita-selagem-pt-pt","17":"desktop-align-center","18":"tablet-align-center","19":"mobile-align-center","21":"first","22":"instock","23":"shipping-taxable","24":"product-type-simple"},"yoast_head":"<!-- This site is optimized with the Yoast SEO Premium plugin v27.2 (Yoast SEO v27.2) - https:\/\/yoast.com\/product\/yoast-seo-premium-wordpress\/ -->\n<title>3M 1900 - Cinta Americana de Uso General<\/title>\n<meta name=\"description\" content=\"3M 1900 es una cinta americana de uso general para tareas ligeras, no cr\u00edticas, de sellado, etiquetado, identificaci\u00f3n y agrupamiento.\" \/>\n<meta name=\"robots\" content=\"index, follow, max-snippet:-1, max-image-preview:large, max-video-preview:-1\" \/>\n<link rel=\"canonical\" href=\"https:\/\/distribuidor-cintas-adhesivas.es\/pt-pt\/producto\/3m-1900\/\" \/>\n<meta property=\"og:locale\" content=\"pt_PT\" \/>\n<meta property=\"og:type\" content=\"article\" \/>\n<meta property=\"og:title\" content=\"3M\u2122 Cinta Adhesiva Americana 1900 de Uso General\" \/>\n<meta property=\"og:description\" content=\"3M 1900 es una cinta americana de uso general para tareas ligeras, no cr\u00edticas, de sellado, etiquetado, identificaci\u00f3n y agrupamiento.\" \/>\n<meta property=\"og:url\" content=\"https:\/\/distribuidor-cintas-adhesivas.es\/pt-pt\/producto\/3m-1900\/\" \/>\n<meta property=\"og:site_name\" content=\"Distribuidor de cintas 3M, productos 3M, http:\/\/www.http:\/\/distribuidorcintas3m.es, Mejores ofertas en cintas\" \/>\n<meta property=\"article:modified_time\" content=\"2023-02-08T11:22:52+00:00\" \/>\n<meta property=\"og:image\" content=\"https:\/\/distribuidor-cintas-adhesivas.es\/wp-content\/uploads\/2020\/11\/1.jpg\" \/>\n\t<meta property=\"og:image:width\" content=\"2500\" \/>\n\t<meta property=\"og:image:height\" content=\"2500\" \/>\n\t<meta property=\"og:image:type\" content=\"image\/jpeg\" \/>\n<meta name=\"twitter:card\" content=\"summary_large_image\" \/>\n<meta name=\"twitter:label1\" content=\"Tempo estimado de leitura\" \/>\n\t<meta name=\"twitter:data1\" content=\"1 minuto\" \/>\n<script type=\"application\/ld+json\" class=\"yoast-schema-graph\">{\"@context\":\"https:\/\/schema.org\",\"@graph\":[{\"@type\":\"WebPage\",\"@id\":\"https:\/\/distribuidor-cintas-adhesivas.es\/pt-pt\/producto\/3m-1900\/\",\"url\":\"https:\/\/distribuidor-cintas-adhesivas.es\/pt-pt\/producto\/3m-1900\/\",\"name\":\"3M 1900 - Cinta Americana de Uso General\",\"isPartOf\":{\"@id\":\"https:\/\/distribuidor-cintas-adhesivas.es\/pt-pt\/#website\"},\"primaryImageOfPage\":{\"@id\":\"https:\/\/distribuidor-cintas-adhesivas.es\/pt-pt\/producto\/3m-1900\/#primaryimage\"},\"image\":{\"@id\":\"https:\/\/distribuidor-cintas-adhesivas.es\/pt-pt\/producto\/3m-1900\/#primaryimage\"},\"thumbnailUrl\":\"https:\/\/distribuidor-cintas-adhesivas.es\/wp-content\/uploads\/2020\/11\/1.jpg\",\"datePublished\":\"2020-11-16T23:36:10+00:00\",\"dateModified\":\"2023-02-08T11:22:52+00:00\",\"description\":\"3M 1900 es una cinta americana de uso general para tareas ligeras, no cr\u00edticas, de sellado, etiquetado, identificaci\u00f3n y agrupamiento.\",\"breadcrumb\":{\"@id\":\"https:\/\/distribuidor-cintas-adhesivas.es\/pt-pt\/producto\/3m-1900\/#breadcrumb\"},\"inLanguage\":\"pt-PT\",\"potentialAction\":[{\"@type\":\"ReadAction\",\"target\":[\"https:\/\/distribuidor-cintas-adhesivas.es\/pt-pt\/producto\/3m-1900\/\"]}]},{\"@type\":\"ImageObject\",\"inLanguage\":\"pt-PT\",\"@id\":\"https:\/\/distribuidor-cintas-adhesivas.es\/pt-pt\/producto\/3m-1900\/#primaryimage\",\"url\":\"https:\/\/distribuidor-cintas-adhesivas.es\/wp-content\/uploads\/2020\/11\/1.jpg\",\"contentUrl\":\"https:\/\/distribuidor-cintas-adhesivas.es\/wp-content\/uploads\/2020\/11\/1.jpg\",\"width\":2500,\"height\":2500,\"caption\":\"3M 1900 es una cinta americana de uso general para tareas ligeras, no cr\u00edticas, de sellado, etiquetado, identificaci\u00f3n y agrupamiento.\"},{\"@type\":\"BreadcrumbList\",\"@id\":\"https:\/\/distribuidor-cintas-adhesivas.es\/pt-pt\/producto\/3m-1900\/#breadcrumb\",\"itemListElement\":[{\"@type\":\"ListItem\",\"position\":1,\"name\":\"Portada\",\"item\":\"https:\/\/distribuidor-cintas-adhesivas.es\/pt-pt\/\"},{\"@type\":\"ListItem\",\"position\":2,\"name\":\"Produtos\",\"item\":\"https:\/\/distribuidor-cintas-adhesivas.es\/shop\/\"},{\"@type\":\"ListItem\",\"position\":3,\"name\":\"3M\u2122 Cinta Adhesiva Americana 1900 de Uso General\"}]},{\"@type\":\"WebSite\",\"@id\":\"https:\/\/distribuidor-cintas-adhesivas.es\/pt-pt\/#website\",\"url\":\"https:\/\/distribuidor-cintas-adhesivas.es\/pt-pt\/\",\"name\":\"Distribuidor de cintas 3M\",\"description\":\"Distribuidor de cintas 3M, productos 3M, cinta adhesiva, 3M cinta doble cara, adhesivos 3M, cinta antideslizante, velcro 3M, cinta reflectante, 3m scotch, selladores de tuber\u00edas, formadores de juntas, retenedores, cianocrilatos reforzados con caucho, cianocrilatos ultrar\u00e1pidos, cianocrilatos para plasticos y caucho, cianocrilatos generales, cianocrilatos con poco olor, cianocrilatos para metales, adhesivos en aerosol, selladores y adhesivos, cintas de aluminio, cintas de vinilo para se\u00f1alizaci\u00f3n, cintas de tela americanas, cintas de papel para enmascarar, cintas para embalaje\",\"publisher\":{\"@id\":\"https:\/\/distribuidor-cintas-adhesivas.es\/pt-pt\/#organization\"},\"potentialAction\":[{\"@type\":\"SearchAction\",\"target\":{\"@type\":\"EntryPoint\",\"urlTemplate\":\"https:\/\/distribuidor-cintas-adhesivas.es\/pt-pt\/?s={search_term_string}\"},\"query-input\":{\"@type\":\"PropertyValueSpecification\",\"valueRequired\":true,\"valueName\":\"search_term_string\"}}],\"inLanguage\":\"pt-PT\"},{\"@type\":\"Organization\",\"@id\":\"https:\/\/distribuidor-cintas-adhesivas.es\/pt-pt\/#organization\",\"name\":\"Distribuidor de cintas 3M\",\"url\":\"https:\/\/distribuidor-cintas-adhesivas.es\/pt-pt\/\",\"logo\":{\"@type\":\"ImageObject\",\"inLanguage\":\"pt-PT\",\"@id\":\"https:\/\/distribuidor-cintas-adhesivas.es\/pt-pt\/#\/schema\/logo\/image\/\",\"url\":\"https:\/\/distribuidor-cintas-adhesivas.es\/wp-content\/uploads\/2022\/10\/logo-espanol-portugues.png\",\"contentUrl\":\"https:\/\/distribuidor-cintas-adhesivas.es\/wp-content\/uploads\/2022\/10\/logo-espanol-portugues.png\",\"width\":739,\"height\":150,\"caption\":\"Distribuidor de cintas 3M\"},\"image\":{\"@id\":\"https:\/\/distribuidor-cintas-adhesivas.es\/pt-pt\/#\/schema\/logo\/image\/\"},\"sameAs\":[\"https:\/\/distribuidorcintastesa.es\",\"https:\/\/solbi-mural.com\/es\/\",\"https:\/\/muralsrd.com\/\",\"https:\/\/www.instagram.com\/solbimural\/?igsh=ZnR6ZmkzZm1ubWhl\"]}]}<\/script>\n<!-- \/ Yoast SEO Premium plugin. -->","yoast_head_json":{"title":"3M 1900 - Cinta Americana de Uso General","description":"3M 1900 es una cinta americana de uso general para tareas ligeras, no cr\u00edticas, de sellado, etiquetado, identificaci\u00f3n y agrupamiento.","robots":{"index":"index","follow":"follow","max-snippet":"max-snippet:-1","max-image-preview":"max-image-preview:large","max-video-preview":"max-video-preview:-1"},"canonical":"https:\/\/distribuidor-cintas-adhesivas.es\/pt-pt\/producto\/3m-1900\/","og_locale":"pt_PT","og_type":"article","og_title":"3M\u2122 Cinta Adhesiva Americana 1900 de Uso General","og_description":"3M 1900 es una cinta americana de uso general para tareas ligeras, no cr\u00edticas, de sellado, etiquetado, identificaci\u00f3n y agrupamiento.","og_url":"https:\/\/distribuidor-cintas-adhesivas.es\/pt-pt\/producto\/3m-1900\/","og_site_name":"Distribuidor de cintas 3M, productos 3M, http:\/\/www.http:\/\/distribuidorcintas3m.es, Mejores ofertas en cintas","article_modified_time":"2023-02-08T11:22:52+00:00","og_image":[{"width":2500,"height":2500,"url":"https:\/\/distribuidor-cintas-adhesivas.es\/wp-content\/uploads\/2020\/11\/1.jpg","type":"image\/jpeg"}],"twitter_card":"summary_large_image","twitter_misc":{"Tempo estimado de leitura":"1 minuto"},"schema":{"@context":"https:\/\/schema.org","@graph":[{"@type":"WebPage","@id":"https:\/\/distribuidor-cintas-adhesivas.es\/pt-pt\/producto\/3m-1900\/","url":"https:\/\/distribuidor-cintas-adhesivas.es\/pt-pt\/producto\/3m-1900\/","name":"3M 1900 - Cinta Americana de Uso General","isPartOf":{"@id":"https:\/\/distribuidor-cintas-adhesivas.es\/pt-pt\/#website"},"primaryImageOfPage":{"@id":"https:\/\/distribuidor-cintas-adhesivas.es\/pt-pt\/producto\/3m-1900\/#primaryimage"},"image":{"@id":"https:\/\/distribuidor-cintas-adhesivas.es\/pt-pt\/producto\/3m-1900\/#primaryimage"},"thumbnailUrl":"https:\/\/distribuidor-cintas-adhesivas.es\/wp-content\/uploads\/2020\/11\/1.jpg","datePublished":"2020-11-16T23:36:10+00:00","dateModified":"2023-02-08T11:22:52+00:00","description":"3M 1900 es una cinta americana de uso general para tareas ligeras, no cr\u00edticas, de sellado, etiquetado, identificaci\u00f3n y agrupamiento.","breadcrumb":{"@id":"https:\/\/distribuidor-cintas-adhesivas.es\/pt-pt\/producto\/3m-1900\/#breadcrumb"},"inLanguage":"pt-PT","potentialAction":[{"@type":"ReadAction","target":["https:\/\/distribuidor-cintas-adhesivas.es\/pt-pt\/producto\/3m-1900\/"]}]},{"@type":"ImageObject","inLanguage":"pt-PT","@id":"https:\/\/distribuidor-cintas-adhesivas.es\/pt-pt\/producto\/3m-1900\/#primaryimage","url":"https:\/\/distribuidor-cintas-adhesivas.es\/wp-content\/uploads\/2020\/11\/1.jpg","contentUrl":"https:\/\/distribuidor-cintas-adhesivas.es\/wp-content\/uploads\/2020\/11\/1.jpg","width":2500,"height":2500,"caption":"3M 1900 es una cinta americana de uso general para tareas ligeras, no cr\u00edticas, de sellado, etiquetado, identificaci\u00f3n y agrupamiento."},{"@type":"BreadcrumbList","@id":"https:\/\/distribuidor-cintas-adhesivas.es\/pt-pt\/producto\/3m-1900\/#breadcrumb","itemListElement":[{"@type":"ListItem","position":1,"name":"Portada","item":"https:\/\/distribuidor-cintas-adhesivas.es\/pt-pt\/"},{"@type":"ListItem","position":2,"name":"Produtos","item":"https:\/\/distribuidor-cintas-adhesivas.es\/shop\/"},{"@type":"ListItem","position":3,"name":"3M\u2122 Cinta Adhesiva Americana 1900 de Uso General"}]},{"@type":"WebSite","@id":"https:\/\/distribuidor-cintas-adhesivas.es\/pt-pt\/#website","url":"https:\/\/distribuidor-cintas-adhesivas.es\/pt-pt\/","name":"Distribuidor de cintas 3M","description":"Distribuidor de cintas 3M, productos 3M, cinta adhesiva, 3M cinta doble cara, adhesivos 3M, cinta antideslizante, velcro 3M, cinta reflectante, 3m scotch, selladores de tuber\u00edas, formadores de juntas, retenedores, cianocrilatos reforzados con caucho, cianocrilatos ultrar\u00e1pidos, cianocrilatos para plasticos y caucho, cianocrilatos generales, cianocrilatos con poco olor, cianocrilatos para metales, adhesivos en aerosol, selladores y adhesivos, cintas de aluminio, cintas de vinilo para se\u00f1alizaci\u00f3n, cintas de tela americanas, cintas de papel para enmascarar, cintas para embalaje","publisher":{"@id":"https:\/\/distribuidor-cintas-adhesivas.es\/pt-pt\/#organization"},"potentialAction":[{"@type":"SearchAction","target":{"@type":"EntryPoint","urlTemplate":"https:\/\/distribuidor-cintas-adhesivas.es\/pt-pt\/?s={search_term_string}"},"query-input":{"@type":"PropertyValueSpecification","valueRequired":true,"valueName":"search_term_string"}}],"inLanguage":"pt-PT"},{"@type":"Organization","@id":"https:\/\/distribuidor-cintas-adhesivas.es\/pt-pt\/#organization","name":"Distribuidor de cintas 3M","url":"https:\/\/distribuidor-cintas-adhesivas.es\/pt-pt\/","logo":{"@type":"ImageObject","inLanguage":"pt-PT","@id":"https:\/\/distribuidor-cintas-adhesivas.es\/pt-pt\/#\/schema\/logo\/image\/","url":"https:\/\/distribuidor-cintas-adhesivas.es\/wp-content\/uploads\/2022\/10\/logo-espanol-portugues.png","contentUrl":"https:\/\/distribuidor-cintas-adhesivas.es\/wp-content\/uploads\/2022\/10\/logo-espanol-portugues.png","width":739,"height":150,"caption":"Distribuidor de cintas 3M"},"image":{"@id":"https:\/\/distribuidor-cintas-adhesivas.es\/pt-pt\/#\/schema\/logo\/image\/"},"sameAs":["https:\/\/distribuidorcintastesa.es","https:\/\/solbi-mural.com\/es\/","https:\/\/muralsrd.com\/","https:\/\/www.instagram.com\/solbimural\/?igsh=ZnR6ZmkzZm1ubWhl"]}]}},"_links":{"self":[{"href":"https:\/\/distribuidor-cintas-adhesivas.es\/pt-pt\/wp-json\/wp\/v2\/product\/3402","targetHints":{"allow":["GET"]}}],"collection":[{"href":"https:\/\/distribuidor-cintas-adhesivas.es\/pt-pt\/wp-json\/wp\/v2\/product"}],"about":[{"href":"https:\/\/distribuidor-cintas-adhesivas.es\/pt-pt\/wp-json\/wp\/v2\/types\/product"}],"wp:featuredmedia":[{"embeddable":true,"href":"https:\/\/distribuidor-cintas-adhesivas.es\/pt-pt\/wp-json\/wp\/v2\/media\/3439"}],"wp:attachment":[{"href":"https:\/\/distribuidor-cintas-adhesivas.es\/pt-pt\/wp-json\/wp\/v2\/media?parent=3402"}],"wp:term":[{"taxonomy":"product_brand","embeddable":true,"href":"https:\/\/distribuidor-cintas-adhesivas.es\/pt-pt\/wp-json\/wp\/v2\/product_brand?post=3402"},{"taxonomy":"product_cat","embeddable":true,"href":"https:\/\/distribuidor-cintas-adhesivas.es\/pt-pt\/wp-json\/wp\/v2\/product_cat?post=3402"},{"taxonomy":"product_tag","embeddable":true,"href":"https:\/\/distribuidor-cintas-adhesivas.es\/pt-pt\/wp-json\/wp\/v2\/product_tag?post=3402"}],"curies":[{"name":"wp","href":"https:\/\/api.w.org\/{rel}","templated":true}]}}