{"id":4670,"date":"2024-04-22T11:14:52","date_gmt":"2024-04-22T11:14:52","guid":{"rendered":"https:\/\/distribuidor-cintas-adhesivas.es\/producto\/3m-dual-lock-sistemas-de-union-desmontable-sj355d\/"},"modified":"2024-07-22T09:14:04","modified_gmt":"2024-07-22T09:14:04","slug":"sistema-de-fixacao-desmontavel-3m-dual-lock-sj355d","status":"publish","type":"product","link":"https:\/\/distribuidor-cintas-adhesivas.es\/pt-pt\/producto\/sistema-de-fixacao-desmontavel-3m-dual-lock-sj355d\/","title":{"rendered":"Sistema de fixa\u00e7\u00e3o desmont\u00e1vel 3M\u2122 Dual Lock\u2122 SJ355D"},"content":{"rendered":"<p>Sistema de fixa\u00e7\u00e3o desmont\u00e1vel 3M\u2122 Dual Lock\u2122 SJ355D permite-lhe esquecer as ferramentas e sistemas complicados. O sistema de bloqueio fornece uma solu\u00e7\u00e3o simples e eficaz para as suas necessidades de fixa\u00e7\u00e3o.<\/p>\n<h4><span style=\"color: #3366ff;\"><a style=\"color: #3366ff;\" href=\"https:\/\/solbi-mural.com\/pt\/velcro-dual-lock\/23-18-3m-dual-lock-sistemas-de-uniao-removiveis-sj355d-preto-rolo-de-25m-x-25mm-4001895502385.html\" target=\"_blank\" rel=\"noopener\"><strong>Comprar online 3M\u2122 SJ355D<\/strong><\/a><\/span><\/h4>\n<h4><\/h4>\n<h4><strong>Caracter\u00edsticas<\/strong><\/h4>\n<ul>\n<li>Sistema de bloqueio de filamentos preto, em forma de cogumelo, com adesivo acr\u00edlico sens\u00edvel \u00e0 press\u00e3o<\/li>\n<li>Compat\u00edvel com o tipo 250 e tamb\u00e9m pode ser combinado com os tipos 170 ou 400<\/li>\n<li>Este sistema fecha-se de forma aud\u00edvel e oferece cinco vezes mais resist\u00eancia \u00e0 tra\u00e7\u00e3o do que os fechos tradicionais de gancho e la\u00e7o<\/li>\n<li>Pode ser aberto e fechado 1000 vezes antes de perder 50% da sua resist\u00eancia \u00e0 tra\u00e7\u00e3o original<\/li>\n<li>Concebida especificamente para a colagem de metais, vidro, tintas e pl\u00e1sticos com energias de superf\u00edcie elevadas a m\u00e9dias<\/li>\n<li>Esta fita de espuma permite um melhor contacto com superf\u00edcies texturadas ou irregulares<\/li>\n<li>Densidade de 40 filamentos em forma de cogumelo por cent\u00edmetro quadrado, espessura de colagem de 5,7 mm, resist\u00eancia a temperaturas de -30 \u00b0C a 70 \u00b0C a longo prazo (+95 \u00b0C a curto prazo)<\/li>\n<\/ul>\n<h4><strong>Aplica\u00e7\u00f5es<\/strong><\/h4>\n<ul>\n<li>Sistema de fixa\u00e7\u00e3o desmont\u00e1vel 3M\u2122 Dual Lock\u2122 SJ355D permite-lhe fixar portas, pain\u00e9is, sinais e componentes de exposi\u00e7\u00e3o que requerem abertura e fecho frequentes. Proporciona acesso repetido sem perda significativa da for\u00e7a adesiva ao longo do tempo.<\/li>\n<li>Adere bem a papel e cart\u00e3o, tinta, metal exposto e pintado, vidro, madeira e muitos pl\u00e1sticos.<\/li>\n<li>Adequado para v\u00e1rios sectores, como os transportes, a eletr\u00f3nica, os acess\u00f3rios de escrit\u00f3rio e de loja.<\/li>\n<li>Adequado para utiliza\u00e7\u00e3o em interiores e exteriores.<\/li>\n<\/ul>\n<h4><strong>Productos Relacionados<\/strong><\/h4>\n<ul>\n<li><a href=\"https:\/\/distribuidor-cintas-adhesivas.es\/pt-pt\/producto\/3m-dual-lock-sistemas-de-uniao-desmontavel-sj3870\/\" target=\"_blank\" rel=\"noopener\">SJ3870<\/a><\/li>\n<\/ul>\n","protected":false},"excerpt":{"rendered":"<p>Sistema de fixa\u00e7\u00e3o desmont\u00e1vel 3M\u2122 Dual Lock\u2122 SJ355D permite-lhe esquecer as ferramentas e sistemas complicados. O sistema de bloqueio fornece uma solu\u00e7\u00e3o simples e eficaz para as suas necessidades de fixa\u00e7\u00e3o. Comprar online 3M\u2122 SJ355D Caracter\u00edsticas Sistema de bloqueio de filamentos preto, em forma de cogumelo, com adesivo acr\u00edlico sens\u00edvel \u00e0 press\u00e3o Compat\u00edvel com o [&hellip;]<\/p>\n","protected":false},"featured_media":4649,"template":"","meta":{"site-sidebar-layout":"default","site-content-layout":"","ast-site-content-layout":"default","site-content-style":"default","site-sidebar-style":"default","ast-global-header-display":"","ast-banner-title-visibility":"","ast-main-header-display":"","ast-hfb-above-header-display":"","ast-hfb-below-header-display":"","ast-hfb-mobile-header-display":"","site-post-title":"","ast-breadcrumbs-content":"","ast-featured-img":"","footer-sml-layout":"","ast-disable-related-posts":"","theme-transparent-header-meta":"default","adv-header-id-meta":"","stick-header-meta":"","header-above-stick-meta":"","header-main-stick-meta":"","header-below-stick-meta":"","astra-migrate-meta-layouts":"set","ast-page-background-enabled":"default","ast-page-background-meta":{"desktop":{"background-color":"","background-image":"","background-repeat":"repeat","background-position":"center center","background-size":"auto","background-attachment":"scroll","background-type":"","background-media":"","overlay-type":"","overlay-color":"","overlay-opacity":"","overlay-gradient":""},"tablet":{"background-color":"","background-image":"","background-repeat":"repeat","background-position":"center center","background-size":"auto","background-attachment":"scroll","background-type":"","background-media":"","overlay-type":"","overlay-color":"","overlay-opacity":"","overlay-gradient":""},"mobile":{"background-color":"","background-image":"","background-repeat":"repeat","background-position":"center center","background-size":"auto","background-attachment":"scroll","background-type":"","background-media":"","overlay-type":"","overlay-color":"","overlay-opacity":"","overlay-gradient":""}},"ast-content-background-meta":{"desktop":{"background-color":"var(--ast-global-color-5)","background-image":"","background-repeat":"repeat","background-position":"center center","background-size":"auto","background-attachment":"scroll","background-type":"","background-media":"","overlay-type":"","overlay-color":"","overlay-opacity":"","overlay-gradient":""},"tablet":{"background-color":"var(--ast-global-color-5)","background-image":"","background-repeat":"repeat","background-position":"center center","background-size":"auto","background-attachment":"scroll","background-type":"","background-media":"","overlay-type":"","overlay-color":"","overlay-opacity":"","overlay-gradient":""},"mobile":{"background-color":"var(--ast-global-color-5)","background-image":"","background-repeat":"repeat","background-position":"center center","background-size":"auto","background-attachment":"scroll","background-type":"","background-media":"","overlay-type":"","overlay-color":"","overlay-opacity":"","overlay-gradient":""}}},"product_brand":[],"product_cat":[937],"product_tag":[2554,2555,2556,2557,2558],"class_list":{"0":"post-4670","1":"product","2":"type-product","3":"status-publish","4":"has-post-thumbnail","6":"product_cat-dual-lock-pt-pt","7":"product_tag-dual-lock-pt-pt","8":"product_tag-sistema-union-desmontable-pt-pt","9":"product_tag-sj355-pt-pt","10":"product_tag-sj355d-pt-pt","11":"product_tag-velcro-pt-pt","12":"desktop-align-center","13":"tablet-align-center","14":"mobile-align-center","16":"first","17":"instock","18":"shipping-taxable","19":"product-type-simple"},"yoast_head":"<!-- This site is optimized with the Yoast SEO Premium plugin v27.2 (Yoast SEO v27.2) - https:\/\/yoast.com\/product\/yoast-seo-premium-wordpress\/ -->\n<title>Sistema de fixa\u00e7\u00e3o desmont\u00e1vel 3M\u2122 Dual Lock\u2122 SJ355D<\/title>\n<meta name=\"description\" content=\"Sistema de fixa\u00e7\u00e3o desmont\u00e1vel 3M\u2122 Dual Lock\u2122 SJ355D \u00e9 \u00fatil para aplica\u00e7\u00f5es em interiores (papel, cart\u00e3o, tinta, metal exposto, etc.).\" \/>\n<meta name=\"robots\" content=\"index, follow, max-snippet:-1, max-image-preview:large, max-video-preview:-1\" \/>\n<link rel=\"canonical\" href=\"https:\/\/distribuidor-cintas-adhesivas.es\/pt-pt\/producto\/sistema-de-fixacao-desmontavel-3m-dual-lock-sj355d\/\" \/>\n<meta property=\"og:locale\" content=\"pt_PT\" \/>\n<meta property=\"og:type\" content=\"article\" \/>\n<meta property=\"og:title\" content=\"Sistema de fixa\u00e7\u00e3o desmont\u00e1vel 3M\u2122 Dual Lock\u2122 SJ355D\" \/>\n<meta property=\"og:description\" content=\"Sistema de fixa\u00e7\u00e3o desmont\u00e1vel 3M\u2122 Dual Lock\u2122 SJ355D \u00e9 \u00fatil para aplica\u00e7\u00f5es em interiores (papel, cart\u00e3o, tinta, metal exposto, etc.).\" \/>\n<meta property=\"og:url\" content=\"https:\/\/distribuidor-cintas-adhesivas.es\/pt-pt\/producto\/sistema-de-fixacao-desmontavel-3m-dual-lock-sj355d\/\" \/>\n<meta property=\"og:site_name\" content=\"Distribuidor de cintas 3M, productos 3M, http:\/\/www.http:\/\/distribuidorcintas3m.es, Mejores ofertas en cintas\" \/>\n<meta property=\"article:modified_time\" content=\"2024-07-22T09:14:04+00:00\" \/>\n<meta property=\"og:image\" content=\"https:\/\/distribuidor-cintas-adhesivas.es\/wp-content\/uploads\/2024\/04\/3m-dual-lock-sistemas-de-union-desmontable-sj355b-cf-negro-rollo-de-25m-x-25mm-1.jpg\" \/>\n\t<meta property=\"og:image:width\" content=\"800\" \/>\n\t<meta property=\"og:image:height\" content=\"800\" \/>\n\t<meta property=\"og:image:type\" content=\"image\/jpeg\" \/>\n<meta name=\"twitter:card\" content=\"summary_large_image\" \/>\n<meta name=\"twitter:label1\" content=\"Tempo estimado de leitura\" \/>\n\t<meta name=\"twitter:data1\" content=\"2 minutos\" \/>\n<script type=\"application\/ld+json\" class=\"yoast-schema-graph\">{\"@context\":\"https:\/\/schema.org\",\"@graph\":[{\"@type\":\"WebPage\",\"@id\":\"https:\/\/distribuidor-cintas-adhesivas.es\/pt-pt\/producto\/sistema-de-fixacao-desmontavel-3m-dual-lock-sj355d\/\",\"url\":\"https:\/\/distribuidor-cintas-adhesivas.es\/pt-pt\/producto\/sistema-de-fixacao-desmontavel-3m-dual-lock-sj355d\/\",\"name\":\"Sistema de fixa\u00e7\u00e3o desmont\u00e1vel 3M\u2122 Dual Lock\u2122 SJ355D\",\"isPartOf\":{\"@id\":\"https:\/\/distribuidor-cintas-adhesivas.es\/pt-pt\/#website\"},\"primaryImageOfPage\":{\"@id\":\"https:\/\/distribuidor-cintas-adhesivas.es\/pt-pt\/producto\/sistema-de-fixacao-desmontavel-3m-dual-lock-sj355d\/#primaryimage\"},\"image\":{\"@id\":\"https:\/\/distribuidor-cintas-adhesivas.es\/pt-pt\/producto\/sistema-de-fixacao-desmontavel-3m-dual-lock-sj355d\/#primaryimage\"},\"thumbnailUrl\":\"https:\/\/distribuidor-cintas-adhesivas.es\/wp-content\/uploads\/2024\/04\/3m-dual-lock-sistemas-de-union-desmontable-sj355b-cf-negro-rollo-de-25m-x-25mm-1.jpg\",\"datePublished\":\"2024-04-22T11:14:52+00:00\",\"dateModified\":\"2024-07-22T09:14:04+00:00\",\"description\":\"Sistema de fixa\u00e7\u00e3o desmont\u00e1vel 3M\u2122 Dual Lock\u2122 SJ355D \u00e9 \u00fatil para aplica\u00e7\u00f5es em interiores (papel, cart\u00e3o, tinta, metal exposto, etc.).\",\"breadcrumb\":{\"@id\":\"https:\/\/distribuidor-cintas-adhesivas.es\/pt-pt\/producto\/sistema-de-fixacao-desmontavel-3m-dual-lock-sj355d\/#breadcrumb\"},\"inLanguage\":\"pt-PT\",\"potentialAction\":[{\"@type\":\"ReadAction\",\"target\":[\"https:\/\/distribuidor-cintas-adhesivas.es\/pt-pt\/producto\/sistema-de-fixacao-desmontavel-3m-dual-lock-sj355d\/\"]}]},{\"@type\":\"ImageObject\",\"inLanguage\":\"pt-PT\",\"@id\":\"https:\/\/distribuidor-cintas-adhesivas.es\/pt-pt\/producto\/sistema-de-fixacao-desmontavel-3m-dual-lock-sj355d\/#primaryimage\",\"url\":\"https:\/\/distribuidor-cintas-adhesivas.es\/wp-content\/uploads\/2024\/04\/3m-dual-lock-sistemas-de-union-desmontable-sj355b-cf-negro-rollo-de-25m-x-25mm-1.jpg\",\"contentUrl\":\"https:\/\/distribuidor-cintas-adhesivas.es\/wp-content\/uploads\/2024\/04\/3m-dual-lock-sistemas-de-union-desmontable-sj355b-cf-negro-rollo-de-25m-x-25mm-1.jpg\",\"width\":800,\"height\":800,\"caption\":\"sistemas de juntas destac\u00e1veis 3M Dual Lock SJ355D\"},{\"@type\":\"BreadcrumbList\",\"@id\":\"https:\/\/distribuidor-cintas-adhesivas.es\/pt-pt\/producto\/sistema-de-fixacao-desmontavel-3m-dual-lock-sj355d\/#breadcrumb\",\"itemListElement\":[{\"@type\":\"ListItem\",\"position\":1,\"name\":\"Portada\",\"item\":\"https:\/\/distribuidor-cintas-adhesivas.es\/pt-pt\/\"},{\"@type\":\"ListItem\",\"position\":2,\"name\":\"Produtos\",\"item\":\"https:\/\/distribuidor-cintas-adhesivas.es\/shop\/\"},{\"@type\":\"ListItem\",\"position\":3,\"name\":\"Sistema de fixa\u00e7\u00e3o desmont\u00e1vel 3M\u2122 Dual Lock\u2122 SJ355D\"}]},{\"@type\":\"WebSite\",\"@id\":\"https:\/\/distribuidor-cintas-adhesivas.es\/pt-pt\/#website\",\"url\":\"https:\/\/distribuidor-cintas-adhesivas.es\/pt-pt\/\",\"name\":\"Distribuidor de cintas 3M\",\"description\":\"Distribuidor de cintas 3M, productos 3M, cinta adhesiva, 3M cinta doble cara, adhesivos 3M, cinta antideslizante, velcro 3M, cinta reflectante, 3m scotch, selladores de tuber\u00edas, formadores de juntas, retenedores, cianocrilatos reforzados con caucho, cianocrilatos ultrar\u00e1pidos, cianocrilatos para plasticos y caucho, cianocrilatos generales, cianocrilatos con poco olor, cianocrilatos para metales, adhesivos en aerosol, selladores y adhesivos, cintas de aluminio, cintas de vinilo para se\u00f1alizaci\u00f3n, cintas de tela americanas, cintas de papel para enmascarar, cintas para embalaje\",\"publisher\":{\"@id\":\"https:\/\/distribuidor-cintas-adhesivas.es\/pt-pt\/#organization\"},\"potentialAction\":[{\"@type\":\"SearchAction\",\"target\":{\"@type\":\"EntryPoint\",\"urlTemplate\":\"https:\/\/distribuidor-cintas-adhesivas.es\/pt-pt\/?s={search_term_string}\"},\"query-input\":{\"@type\":\"PropertyValueSpecification\",\"valueRequired\":true,\"valueName\":\"search_term_string\"}}],\"inLanguage\":\"pt-PT\"},{\"@type\":\"Organization\",\"@id\":\"https:\/\/distribuidor-cintas-adhesivas.es\/pt-pt\/#organization\",\"name\":\"Distribuidor de cintas 3M\",\"url\":\"https:\/\/distribuidor-cintas-adhesivas.es\/pt-pt\/\",\"logo\":{\"@type\":\"ImageObject\",\"inLanguage\":\"pt-PT\",\"@id\":\"https:\/\/distribuidor-cintas-adhesivas.es\/pt-pt\/#\/schema\/logo\/image\/\",\"url\":\"https:\/\/distribuidor-cintas-adhesivas.es\/wp-content\/uploads\/2022\/10\/logo-espanol-portugues.png\",\"contentUrl\":\"https:\/\/distribuidor-cintas-adhesivas.es\/wp-content\/uploads\/2022\/10\/logo-espanol-portugues.png\",\"width\":739,\"height\":150,\"caption\":\"Distribuidor de cintas 3M\"},\"image\":{\"@id\":\"https:\/\/distribuidor-cintas-adhesivas.es\/pt-pt\/#\/schema\/logo\/image\/\"},\"sameAs\":[\"https:\/\/distribuidorcintastesa.es\",\"https:\/\/solbi-mural.com\/es\/\",\"https:\/\/muralsrd.com\/\",\"https:\/\/www.instagram.com\/solbimural\/?igsh=ZnR6ZmkzZm1ubWhl\"]}]}<\/script>\n<!-- \/ Yoast SEO Premium plugin. -->","yoast_head_json":{"title":"Sistema de fixa\u00e7\u00e3o desmont\u00e1vel 3M\u2122 Dual Lock\u2122 SJ355D","description":"Sistema de fixa\u00e7\u00e3o desmont\u00e1vel 3M\u2122 Dual Lock\u2122 SJ355D \u00e9 \u00fatil para aplica\u00e7\u00f5es em interiores (papel, cart\u00e3o, tinta, metal exposto, etc.).","robots":{"index":"index","follow":"follow","max-snippet":"max-snippet:-1","max-image-preview":"max-image-preview:large","max-video-preview":"max-video-preview:-1"},"canonical":"https:\/\/distribuidor-cintas-adhesivas.es\/pt-pt\/producto\/sistema-de-fixacao-desmontavel-3m-dual-lock-sj355d\/","og_locale":"pt_PT","og_type":"article","og_title":"Sistema de fixa\u00e7\u00e3o desmont\u00e1vel 3M\u2122 Dual Lock\u2122 SJ355D","og_description":"Sistema de fixa\u00e7\u00e3o desmont\u00e1vel 3M\u2122 Dual Lock\u2122 SJ355D \u00e9 \u00fatil para aplica\u00e7\u00f5es em interiores (papel, cart\u00e3o, tinta, metal exposto, etc.).","og_url":"https:\/\/distribuidor-cintas-adhesivas.es\/pt-pt\/producto\/sistema-de-fixacao-desmontavel-3m-dual-lock-sj355d\/","og_site_name":"Distribuidor de cintas 3M, productos 3M, http:\/\/www.http:\/\/distribuidorcintas3m.es, Mejores ofertas en cintas","article_modified_time":"2024-07-22T09:14:04+00:00","og_image":[{"width":800,"height":800,"url":"https:\/\/distribuidor-cintas-adhesivas.es\/wp-content\/uploads\/2024\/04\/3m-dual-lock-sistemas-de-union-desmontable-sj355b-cf-negro-rollo-de-25m-x-25mm-1.jpg","type":"image\/jpeg"}],"twitter_card":"summary_large_image","twitter_misc":{"Tempo estimado de leitura":"2 minutos"},"schema":{"@context":"https:\/\/schema.org","@graph":[{"@type":"WebPage","@id":"https:\/\/distribuidor-cintas-adhesivas.es\/pt-pt\/producto\/sistema-de-fixacao-desmontavel-3m-dual-lock-sj355d\/","url":"https:\/\/distribuidor-cintas-adhesivas.es\/pt-pt\/producto\/sistema-de-fixacao-desmontavel-3m-dual-lock-sj355d\/","name":"Sistema de fixa\u00e7\u00e3o desmont\u00e1vel 3M\u2122 Dual Lock\u2122 SJ355D","isPartOf":{"@id":"https:\/\/distribuidor-cintas-adhesivas.es\/pt-pt\/#website"},"primaryImageOfPage":{"@id":"https:\/\/distribuidor-cintas-adhesivas.es\/pt-pt\/producto\/sistema-de-fixacao-desmontavel-3m-dual-lock-sj355d\/#primaryimage"},"image":{"@id":"https:\/\/distribuidor-cintas-adhesivas.es\/pt-pt\/producto\/sistema-de-fixacao-desmontavel-3m-dual-lock-sj355d\/#primaryimage"},"thumbnailUrl":"https:\/\/distribuidor-cintas-adhesivas.es\/wp-content\/uploads\/2024\/04\/3m-dual-lock-sistemas-de-union-desmontable-sj355b-cf-negro-rollo-de-25m-x-25mm-1.jpg","datePublished":"2024-04-22T11:14:52+00:00","dateModified":"2024-07-22T09:14:04+00:00","description":"Sistema de fixa\u00e7\u00e3o desmont\u00e1vel 3M\u2122 Dual Lock\u2122 SJ355D \u00e9 \u00fatil para aplica\u00e7\u00f5es em interiores (papel, cart\u00e3o, tinta, metal exposto, etc.).","breadcrumb":{"@id":"https:\/\/distribuidor-cintas-adhesivas.es\/pt-pt\/producto\/sistema-de-fixacao-desmontavel-3m-dual-lock-sj355d\/#breadcrumb"},"inLanguage":"pt-PT","potentialAction":[{"@type":"ReadAction","target":["https:\/\/distribuidor-cintas-adhesivas.es\/pt-pt\/producto\/sistema-de-fixacao-desmontavel-3m-dual-lock-sj355d\/"]}]},{"@type":"ImageObject","inLanguage":"pt-PT","@id":"https:\/\/distribuidor-cintas-adhesivas.es\/pt-pt\/producto\/sistema-de-fixacao-desmontavel-3m-dual-lock-sj355d\/#primaryimage","url":"https:\/\/distribuidor-cintas-adhesivas.es\/wp-content\/uploads\/2024\/04\/3m-dual-lock-sistemas-de-union-desmontable-sj355b-cf-negro-rollo-de-25m-x-25mm-1.jpg","contentUrl":"https:\/\/distribuidor-cintas-adhesivas.es\/wp-content\/uploads\/2024\/04\/3m-dual-lock-sistemas-de-union-desmontable-sj355b-cf-negro-rollo-de-25m-x-25mm-1.jpg","width":800,"height":800,"caption":"sistemas de juntas destac\u00e1veis 3M Dual Lock SJ355D"},{"@type":"BreadcrumbList","@id":"https:\/\/distribuidor-cintas-adhesivas.es\/pt-pt\/producto\/sistema-de-fixacao-desmontavel-3m-dual-lock-sj355d\/#breadcrumb","itemListElement":[{"@type":"ListItem","position":1,"name":"Portada","item":"https:\/\/distribuidor-cintas-adhesivas.es\/pt-pt\/"},{"@type":"ListItem","position":2,"name":"Produtos","item":"https:\/\/distribuidor-cintas-adhesivas.es\/shop\/"},{"@type":"ListItem","position":3,"name":"Sistema de fixa\u00e7\u00e3o desmont\u00e1vel 3M\u2122 Dual Lock\u2122 SJ355D"}]},{"@type":"WebSite","@id":"https:\/\/distribuidor-cintas-adhesivas.es\/pt-pt\/#website","url":"https:\/\/distribuidor-cintas-adhesivas.es\/pt-pt\/","name":"Distribuidor de cintas 3M","description":"Distribuidor de cintas 3M, productos 3M, cinta adhesiva, 3M cinta doble cara, adhesivos 3M, cinta antideslizante, velcro 3M, cinta reflectante, 3m scotch, selladores de tuber\u00edas, formadores de juntas, retenedores, cianocrilatos reforzados con caucho, cianocrilatos ultrar\u00e1pidos, cianocrilatos para plasticos y caucho, cianocrilatos generales, cianocrilatos con poco olor, cianocrilatos para metales, adhesivos en aerosol, selladores y adhesivos, cintas de aluminio, cintas de vinilo para se\u00f1alizaci\u00f3n, cintas de tela americanas, cintas de papel para enmascarar, cintas para embalaje","publisher":{"@id":"https:\/\/distribuidor-cintas-adhesivas.es\/pt-pt\/#organization"},"potentialAction":[{"@type":"SearchAction","target":{"@type":"EntryPoint","urlTemplate":"https:\/\/distribuidor-cintas-adhesivas.es\/pt-pt\/?s={search_term_string}"},"query-input":{"@type":"PropertyValueSpecification","valueRequired":true,"valueName":"search_term_string"}}],"inLanguage":"pt-PT"},{"@type":"Organization","@id":"https:\/\/distribuidor-cintas-adhesivas.es\/pt-pt\/#organization","name":"Distribuidor de cintas 3M","url":"https:\/\/distribuidor-cintas-adhesivas.es\/pt-pt\/","logo":{"@type":"ImageObject","inLanguage":"pt-PT","@id":"https:\/\/distribuidor-cintas-adhesivas.es\/pt-pt\/#\/schema\/logo\/image\/","url":"https:\/\/distribuidor-cintas-adhesivas.es\/wp-content\/uploads\/2022\/10\/logo-espanol-portugues.png","contentUrl":"https:\/\/distribuidor-cintas-adhesivas.es\/wp-content\/uploads\/2022\/10\/logo-espanol-portugues.png","width":739,"height":150,"caption":"Distribuidor de cintas 3M"},"image":{"@id":"https:\/\/distribuidor-cintas-adhesivas.es\/pt-pt\/#\/schema\/logo\/image\/"},"sameAs":["https:\/\/distribuidorcintastesa.es","https:\/\/solbi-mural.com\/es\/","https:\/\/muralsrd.com\/","https:\/\/www.instagram.com\/solbimural\/?igsh=ZnR6ZmkzZm1ubWhl"]}]}},"_links":{"self":[{"href":"https:\/\/distribuidor-cintas-adhesivas.es\/pt-pt\/wp-json\/wp\/v2\/product\/4670","targetHints":{"allow":["GET"]}}],"collection":[{"href":"https:\/\/distribuidor-cintas-adhesivas.es\/pt-pt\/wp-json\/wp\/v2\/product"}],"about":[{"href":"https:\/\/distribuidor-cintas-adhesivas.es\/pt-pt\/wp-json\/wp\/v2\/types\/product"}],"wp:featuredmedia":[{"embeddable":true,"href":"https:\/\/distribuidor-cintas-adhesivas.es\/pt-pt\/wp-json\/wp\/v2\/media\/4649"}],"wp:attachment":[{"href":"https:\/\/distribuidor-cintas-adhesivas.es\/pt-pt\/wp-json\/wp\/v2\/media?parent=4670"}],"wp:term":[{"taxonomy":"product_brand","embeddable":true,"href":"https:\/\/distribuidor-cintas-adhesivas.es\/pt-pt\/wp-json\/wp\/v2\/product_brand?post=4670"},{"taxonomy":"product_cat","embeddable":true,"href":"https:\/\/distribuidor-cintas-adhesivas.es\/pt-pt\/wp-json\/wp\/v2\/product_cat?post=4670"},{"taxonomy":"product_tag","embeddable":true,"href":"https:\/\/distribuidor-cintas-adhesivas.es\/pt-pt\/wp-json\/wp\/v2\/product_tag?post=4670"}],"curies":[{"name":"wp","href":"https:\/\/api.w.org\/{rel}","templated":true}]}}