{"id":4717,"date":"2024-04-23T14:27:23","date_gmt":"2024-04-23T14:27:23","guid":{"rendered":"https:\/\/distribuidor-cintas-adhesivas.es\/producto\/3m-dual-lock-sistemas-de-union-desmontable-sj3550cf\/"},"modified":"2024-07-22T09:13:45","modified_gmt":"2024-07-22T09:13:45","slug":"sistema-de-fixacao-desmontavel-3m-dual-lock-sj3550cf","status":"publish","type":"product","link":"https:\/\/distribuidor-cintas-adhesivas.es\/pt-pt\/producto\/sistema-de-fixacao-desmontavel-3m-dual-lock-sj3550cf\/","title":{"rendered":"Sistema de fixa\u00e7\u00e3o desmont\u00e1vel 3M\u2122 Dual Lock\u2122 SJ3550CF"},"content":{"rendered":"<p>Sistema de fixa\u00e7\u00e3o desmont\u00e1vel 3M\u2122 Dual Lock\u2122 SJ3550CF permite-lhe esquecer as ferramentas e os sistemas complicados. O sistema de bloqueio proporciona uma solu\u00e7\u00e3o simples e eficaz para as suas necessidades de fixa\u00e7\u00e3o.<\/p>\n<h4><span style=\"color: #3366ff;\"><a style=\"color: #3366ff;\" href=\"https:\/\/solbi-mural.com\/pt\/pesquisa?s=sj3550\" target=\"_blank\" rel=\"noopener\"><strong>Compra em linha 3M SJ3550<\/strong><\/a><\/span><\/h4>\n<h4><\/h4>\n<h4><strong>Caracter\u00edsticas<\/strong><\/h4>\n<ul>\n<li>O sistema de bloqueio de filamentos em forma de cogumelo preto com adesivo acr\u00edlico sens\u00edvel \u00e0 press\u00e3o<\/li>\n<li>Compat\u00edvel com o tipo 26 e tamb\u00e9m pode ser combinada com os tipos 40 ou 62<\/li>\n<li>A fita acr\u00edlica incolor adere solidamente a uma variedade de substratos, tais como metais, vidro e pl\u00e1sticos (incluindo acr\u00edlico, policarbonato e ABS).<\/li>\n<li>Esta fixa\u00e7\u00e3o discreta, em alternativa \u00e0 utiliza\u00e7\u00e3o de parafusos e cavilhas, proporciona um ajuste preciso e um aspeto agrad\u00e1vel.<\/li>\n<li>Resist\u00eancia \u00e0 temperatura at\u00e9 104 \u00b0C<\/li>\n<\/ul>\n<h4>Aplica\u00e7\u00f5es do sistema de fixa\u00e7\u00e3o destac\u00e1vel 3M\u2122 Dual Lock\u2122 SJ3550CF<\/h4>\n<ul>\n<li>Este sistema de colagem amov\u00edvel Dual Lock fixa portas, pain\u00e9is, sinais e componentes de exposi\u00e7\u00e3o que requerem abertura e fecho frequentes. Oferece acesso repetido sem perda significativa da for\u00e7a adesiva ao longo do tempo.<\/li>\n<li>Proporciona at\u00e9 5 vezes a resist\u00eancia \u00e0 tra\u00e7\u00e3o dos produtos de fecho t\u00edpicos.<\/li>\n<li>Design incolor protegido por um revestimento de pel\u00edcula amov\u00edvel.<\/li>\n<li>Adere bem a papel e cart\u00e3o, tinta, metal exposto e pintado, vidro e muitos pl\u00e1sticos.<\/li>\n<li>Adequado para v\u00e1rios sectores, como os transportes, a eletr\u00f3nica, os acess\u00f3rios de escrit\u00f3rio e de loja.<\/li>\n<li>Adequado para utiliza\u00e7\u00e3o em interiores e exteriores.<\/li>\n<\/ul>\n<h4><strong>Produtos Relacionados<\/strong><\/h4>\n<ul>\n<li><a href=\"https:\/\/distribuidor-cintas-adhesivas.es\/pt-pt\/producto\/3m-dual-lock-sistemas-de-uniao-desmontavel-sj3870\/\" target=\"_blank\" rel=\"noopener\">SJ3870<\/a><\/li>\n<li><a href=\"https:\/\/distribuidor-cintas-adhesivas.es\/pt-pt\/producto\/sistema-de-fixacao-desmontavel-3m-dual-lock-sj355d\/\" target=\"_blank\" rel=\"noopener\">SJ355D<\/a><\/li>\n<\/ul>\n","protected":false},"excerpt":{"rendered":"<p>Sistema de fixa\u00e7\u00e3o desmont\u00e1vel 3M\u2122 Dual Lock\u2122 SJ3550CF permite-lhe esquecer as ferramentas e os sistemas complicados. O sistema de bloqueio proporciona uma solu\u00e7\u00e3o simples e eficaz para as suas necessidades de fixa\u00e7\u00e3o. Compra em linha 3M SJ3550 Caracter\u00edsticas O sistema de bloqueio de filamentos em forma de cogumelo preto com adesivo acr\u00edlico sens\u00edvel \u00e0 press\u00e3o [&hellip;]<\/p>\n","protected":false},"featured_media":4709,"template":"","meta":{"site-sidebar-layout":"default","site-content-layout":"","ast-site-content-layout":"default","site-content-style":"default","site-sidebar-style":"default","ast-global-header-display":"","ast-banner-title-visibility":"","ast-main-header-display":"","ast-hfb-above-header-display":"","ast-hfb-below-header-display":"","ast-hfb-mobile-header-display":"","site-post-title":"","ast-breadcrumbs-content":"","ast-featured-img":"","footer-sml-layout":"","ast-disable-related-posts":"","theme-transparent-header-meta":"default","adv-header-id-meta":"","stick-header-meta":"","header-above-stick-meta":"","header-main-stick-meta":"","header-below-stick-meta":"","astra-migrate-meta-layouts":"set","ast-page-background-enabled":"default","ast-page-background-meta":{"desktop":{"background-color":"","background-image":"","background-repeat":"repeat","background-position":"center center","background-size":"auto","background-attachment":"scroll","background-type":"","background-media":"","overlay-type":"","overlay-color":"","overlay-opacity":"","overlay-gradient":""},"tablet":{"background-color":"","background-image":"","background-repeat":"repeat","background-position":"center center","background-size":"auto","background-attachment":"scroll","background-type":"","background-media":"","overlay-type":"","overlay-color":"","overlay-opacity":"","overlay-gradient":""},"mobile":{"background-color":"","background-image":"","background-repeat":"repeat","background-position":"center center","background-size":"auto","background-attachment":"scroll","background-type":"","background-media":"","overlay-type":"","overlay-color":"","overlay-opacity":"","overlay-gradient":""}},"ast-content-background-meta":{"desktop":{"background-color":"var(--ast-global-color-5)","background-image":"","background-repeat":"repeat","background-position":"center center","background-size":"auto","background-attachment":"scroll","background-type":"","background-media":"","overlay-type":"","overlay-color":"","overlay-opacity":"","overlay-gradient":""},"tablet":{"background-color":"var(--ast-global-color-5)","background-image":"","background-repeat":"repeat","background-position":"center center","background-size":"auto","background-attachment":"scroll","background-type":"","background-media":"","overlay-type":"","overlay-color":"","overlay-opacity":"","overlay-gradient":""},"mobile":{"background-color":"var(--ast-global-color-5)","background-image":"","background-repeat":"repeat","background-position":"center center","background-size":"auto","background-attachment":"scroll","background-type":"","background-media":"","overlay-type":"","overlay-color":"","overlay-opacity":"","overlay-gradient":""}}},"product_brand":[],"product_cat":[937],"product_tag":[2554,2589,2590,2591,2592,2558],"class_list":{"0":"post-4717","1":"product","2":"type-product","3":"status-publish","4":"has-post-thumbnail","6":"product_cat-dual-lock-pt-pt","7":"product_tag-dual-lock-pt-pt","8":"product_tag-sj3550-pt-pt","9":"product_tag-sj3550cf-pt-pt","10":"product_tag-tb3550-pt-pt","11":"product_tag-tb3550cf-pt-pt","12":"product_tag-velcro-pt-pt","13":"desktop-align-center","14":"tablet-align-center","15":"mobile-align-center","17":"first","18":"instock","19":"shipping-taxable","20":"product-type-simple"},"yoast_head":"<!-- This site is optimized with the Yoast SEO Premium plugin v27.2 (Yoast SEO v27.2) - https:\/\/yoast.com\/product\/yoast-seo-premium-wordpress\/ -->\n<title>Sistema de fixa\u00e7\u00e3o desmont\u00e1vel 3M\u2122 Dual Lock\u2122 SJ3550CF - Distribuidor de cintas 3M, productos 3M, http:\/\/www.http:\/\/distribuidorcintas3m.es, Mejores ofertas en cintas<\/title>\n<meta name=\"description\" content=\"Sistema de fixa\u00e7\u00e3o desmont\u00e1vel 3M\u2122 Dual Lock\u2122 SJ3550CF proporciona uma veda\u00e7\u00e3o invis\u00edvel nos acessos \u00e0s portas, sinais e componentes.\" \/>\n<meta name=\"robots\" content=\"index, follow, max-snippet:-1, max-image-preview:large, max-video-preview:-1\" \/>\n<link rel=\"canonical\" href=\"https:\/\/distribuidor-cintas-adhesivas.es\/pt-pt\/producto\/sistema-de-fixacao-desmontavel-3m-dual-lock-sj3550cf\/\" \/>\n<meta property=\"og:locale\" content=\"pt_PT\" \/>\n<meta property=\"og:type\" content=\"article\" \/>\n<meta property=\"og:title\" content=\"Sistema de fixa\u00e7\u00e3o desmont\u00e1vel 3M\u2122 Dual Lock\u2122 SJ3550CF\" \/>\n<meta property=\"og:description\" content=\"Sistema de fixa\u00e7\u00e3o desmont\u00e1vel 3M\u2122 Dual Lock\u2122 SJ3550CF proporciona uma veda\u00e7\u00e3o invis\u00edvel nos acessos \u00e0s portas, sinais e componentes.\" \/>\n<meta property=\"og:url\" content=\"https:\/\/distribuidor-cintas-adhesivas.es\/pt-pt\/producto\/sistema-de-fixacao-desmontavel-3m-dual-lock-sj3550cf\/\" \/>\n<meta property=\"og:site_name\" content=\"Distribuidor de cintas 3M, productos 3M, http:\/\/www.http:\/\/distribuidorcintas3m.es, Mejores ofertas en cintas\" \/>\n<meta property=\"article:modified_time\" content=\"2024-07-22T09:13:45+00:00\" \/>\n<meta property=\"og:image\" content=\"https:\/\/distribuidor-cintas-adhesivas.es\/wp-content\/uploads\/2024\/04\/3m-dual-lock-sistema-de-cierre-reposicionable-sjtb3550-negro-rollo-25m-x-25mm-3.jpg\" \/>\n\t<meta property=\"og:image:width\" content=\"800\" \/>\n\t<meta property=\"og:image:height\" content=\"800\" \/>\n\t<meta property=\"og:image:type\" content=\"image\/jpeg\" \/>\n<meta name=\"twitter:card\" content=\"summary_large_image\" \/>\n<meta name=\"twitter:label1\" content=\"Tempo estimado de leitura\" \/>\n\t<meta name=\"twitter:data1\" content=\"2 minutos\" \/>\n<script type=\"application\/ld+json\" class=\"yoast-schema-graph\">{\"@context\":\"https:\/\/schema.org\",\"@graph\":[{\"@type\":\"WebPage\",\"@id\":\"https:\/\/distribuidor-cintas-adhesivas.es\/pt-pt\/producto\/sistema-de-fixacao-desmontavel-3m-dual-lock-sj3550cf\/\",\"url\":\"https:\/\/distribuidor-cintas-adhesivas.es\/pt-pt\/producto\/sistema-de-fixacao-desmontavel-3m-dual-lock-sj3550cf\/\",\"name\":\"Sistema de fixa\u00e7\u00e3o desmont\u00e1vel 3M\u2122 Dual Lock\u2122 SJ3550CF - Distribuidor de cintas 3M, productos 3M, http:\/\/www.http:\/\/distribuidorcintas3m.es, Mejores ofertas en cintas\",\"isPartOf\":{\"@id\":\"https:\/\/distribuidor-cintas-adhesivas.es\/pt-pt\/#website\"},\"primaryImageOfPage\":{\"@id\":\"https:\/\/distribuidor-cintas-adhesivas.es\/pt-pt\/producto\/sistema-de-fixacao-desmontavel-3m-dual-lock-sj3550cf\/#primaryimage\"},\"image\":{\"@id\":\"https:\/\/distribuidor-cintas-adhesivas.es\/pt-pt\/producto\/sistema-de-fixacao-desmontavel-3m-dual-lock-sj3550cf\/#primaryimage\"},\"thumbnailUrl\":\"https:\/\/distribuidor-cintas-adhesivas.es\/wp-content\/uploads\/2024\/04\/3m-dual-lock-sistema-de-cierre-reposicionable-sjtb3550-negro-rollo-25m-x-25mm-3.jpg\",\"datePublished\":\"2024-04-23T14:27:23+00:00\",\"dateModified\":\"2024-07-22T09:13:45+00:00\",\"description\":\"Sistema de fixa\u00e7\u00e3o desmont\u00e1vel 3M\u2122 Dual Lock\u2122 SJ3550CF proporciona uma veda\u00e7\u00e3o invis\u00edvel nos acessos \u00e0s portas, sinais e componentes.\",\"breadcrumb\":{\"@id\":\"https:\/\/distribuidor-cintas-adhesivas.es\/pt-pt\/producto\/sistema-de-fixacao-desmontavel-3m-dual-lock-sj3550cf\/#breadcrumb\"},\"inLanguage\":\"pt-PT\",\"potentialAction\":[{\"@type\":\"ReadAction\",\"target\":[\"https:\/\/distribuidor-cintas-adhesivas.es\/pt-pt\/producto\/sistema-de-fixacao-desmontavel-3m-dual-lock-sj3550cf\/\"]}]},{\"@type\":\"ImageObject\",\"inLanguage\":\"pt-PT\",\"@id\":\"https:\/\/distribuidor-cintas-adhesivas.es\/pt-pt\/producto\/sistema-de-fixacao-desmontavel-3m-dual-lock-sj3550cf\/#primaryimage\",\"url\":\"https:\/\/distribuidor-cintas-adhesivas.es\/wp-content\/uploads\/2024\/04\/3m-dual-lock-sistema-de-cierre-reposicionable-sjtb3550-negro-rollo-25m-x-25mm-3.jpg\",\"contentUrl\":\"https:\/\/distribuidor-cintas-adhesivas.es\/wp-content\/uploads\/2024\/04\/3m-dual-lock-sistema-de-cierre-reposicionable-sjtb3550-negro-rollo-25m-x-25mm-3.jpg\",\"width\":800,\"height\":800,\"caption\":\"Sistema de fixa\u00e7\u00e3o desmont\u00e1vel 3M Dual Lock SJ3550CF\"},{\"@type\":\"BreadcrumbList\",\"@id\":\"https:\/\/distribuidor-cintas-adhesivas.es\/pt-pt\/producto\/sistema-de-fixacao-desmontavel-3m-dual-lock-sj3550cf\/#breadcrumb\",\"itemListElement\":[{\"@type\":\"ListItem\",\"position\":1,\"name\":\"Portada\",\"item\":\"https:\/\/distribuidor-cintas-adhesivas.es\/pt-pt\/\"},{\"@type\":\"ListItem\",\"position\":2,\"name\":\"Produtos\",\"item\":\"https:\/\/distribuidor-cintas-adhesivas.es\/shop\/\"},{\"@type\":\"ListItem\",\"position\":3,\"name\":\"Sistema de fixa\u00e7\u00e3o desmont\u00e1vel 3M\u2122 Dual Lock\u2122 SJ3550CF\"}]},{\"@type\":\"WebSite\",\"@id\":\"https:\/\/distribuidor-cintas-adhesivas.es\/pt-pt\/#website\",\"url\":\"https:\/\/distribuidor-cintas-adhesivas.es\/pt-pt\/\",\"name\":\"Distribuidor de cintas 3M\",\"description\":\"Distribuidor de cintas 3M, productos 3M, cinta adhesiva, 3M cinta doble cara, adhesivos 3M, cinta antideslizante, velcro 3M, cinta reflectante, 3m scotch, selladores de tuber\u00edas, formadores de juntas, retenedores, cianocrilatos reforzados con caucho, cianocrilatos ultrar\u00e1pidos, cianocrilatos para plasticos y caucho, cianocrilatos generales, cianocrilatos con poco olor, cianocrilatos para metales, adhesivos en aerosol, selladores y adhesivos, cintas de aluminio, cintas de vinilo para se\u00f1alizaci\u00f3n, cintas de tela americanas, cintas de papel para enmascarar, cintas para embalaje\",\"publisher\":{\"@id\":\"https:\/\/distribuidor-cintas-adhesivas.es\/pt-pt\/#organization\"},\"potentialAction\":[{\"@type\":\"SearchAction\",\"target\":{\"@type\":\"EntryPoint\",\"urlTemplate\":\"https:\/\/distribuidor-cintas-adhesivas.es\/pt-pt\/?s={search_term_string}\"},\"query-input\":{\"@type\":\"PropertyValueSpecification\",\"valueRequired\":true,\"valueName\":\"search_term_string\"}}],\"inLanguage\":\"pt-PT\"},{\"@type\":\"Organization\",\"@id\":\"https:\/\/distribuidor-cintas-adhesivas.es\/pt-pt\/#organization\",\"name\":\"Distribuidor de cintas 3M\",\"url\":\"https:\/\/distribuidor-cintas-adhesivas.es\/pt-pt\/\",\"logo\":{\"@type\":\"ImageObject\",\"inLanguage\":\"pt-PT\",\"@id\":\"https:\/\/distribuidor-cintas-adhesivas.es\/pt-pt\/#\/schema\/logo\/image\/\",\"url\":\"https:\/\/distribuidor-cintas-adhesivas.es\/wp-content\/uploads\/2022\/10\/logo-espanol-portugues.png\",\"contentUrl\":\"https:\/\/distribuidor-cintas-adhesivas.es\/wp-content\/uploads\/2022\/10\/logo-espanol-portugues.png\",\"width\":739,\"height\":150,\"caption\":\"Distribuidor de cintas 3M\"},\"image\":{\"@id\":\"https:\/\/distribuidor-cintas-adhesivas.es\/pt-pt\/#\/schema\/logo\/image\/\"},\"sameAs\":[\"https:\/\/distribuidorcintastesa.es\",\"https:\/\/solbi-mural.com\/es\/\",\"https:\/\/muralsrd.com\/\",\"https:\/\/www.instagram.com\/solbimural\/?igsh=ZnR6ZmkzZm1ubWhl\"]}]}<\/script>\n<!-- \/ Yoast SEO Premium plugin. -->","yoast_head_json":{"title":"Sistema de fixa\u00e7\u00e3o desmont\u00e1vel 3M\u2122 Dual Lock\u2122 SJ3550CF - Distribuidor de cintas 3M, productos 3M, http:\/\/www.http:\/\/distribuidorcintas3m.es, Mejores ofertas en cintas","description":"Sistema de fixa\u00e7\u00e3o desmont\u00e1vel 3M\u2122 Dual Lock\u2122 SJ3550CF proporciona uma veda\u00e7\u00e3o invis\u00edvel nos acessos \u00e0s portas, sinais e componentes.","robots":{"index":"index","follow":"follow","max-snippet":"max-snippet:-1","max-image-preview":"max-image-preview:large","max-video-preview":"max-video-preview:-1"},"canonical":"https:\/\/distribuidor-cintas-adhesivas.es\/pt-pt\/producto\/sistema-de-fixacao-desmontavel-3m-dual-lock-sj3550cf\/","og_locale":"pt_PT","og_type":"article","og_title":"Sistema de fixa\u00e7\u00e3o desmont\u00e1vel 3M\u2122 Dual Lock\u2122 SJ3550CF","og_description":"Sistema de fixa\u00e7\u00e3o desmont\u00e1vel 3M\u2122 Dual Lock\u2122 SJ3550CF proporciona uma veda\u00e7\u00e3o invis\u00edvel nos acessos \u00e0s portas, sinais e componentes.","og_url":"https:\/\/distribuidor-cintas-adhesivas.es\/pt-pt\/producto\/sistema-de-fixacao-desmontavel-3m-dual-lock-sj3550cf\/","og_site_name":"Distribuidor de cintas 3M, productos 3M, http:\/\/www.http:\/\/distribuidorcintas3m.es, Mejores ofertas en cintas","article_modified_time":"2024-07-22T09:13:45+00:00","og_image":[{"width":800,"height":800,"url":"https:\/\/distribuidor-cintas-adhesivas.es\/wp-content\/uploads\/2024\/04\/3m-dual-lock-sistema-de-cierre-reposicionable-sjtb3550-negro-rollo-25m-x-25mm-3.jpg","type":"image\/jpeg"}],"twitter_card":"summary_large_image","twitter_misc":{"Tempo estimado de leitura":"2 minutos"},"schema":{"@context":"https:\/\/schema.org","@graph":[{"@type":"WebPage","@id":"https:\/\/distribuidor-cintas-adhesivas.es\/pt-pt\/producto\/sistema-de-fixacao-desmontavel-3m-dual-lock-sj3550cf\/","url":"https:\/\/distribuidor-cintas-adhesivas.es\/pt-pt\/producto\/sistema-de-fixacao-desmontavel-3m-dual-lock-sj3550cf\/","name":"Sistema de fixa\u00e7\u00e3o desmont\u00e1vel 3M\u2122 Dual Lock\u2122 SJ3550CF - Distribuidor de cintas 3M, productos 3M, http:\/\/www.http:\/\/distribuidorcintas3m.es, Mejores ofertas en cintas","isPartOf":{"@id":"https:\/\/distribuidor-cintas-adhesivas.es\/pt-pt\/#website"},"primaryImageOfPage":{"@id":"https:\/\/distribuidor-cintas-adhesivas.es\/pt-pt\/producto\/sistema-de-fixacao-desmontavel-3m-dual-lock-sj3550cf\/#primaryimage"},"image":{"@id":"https:\/\/distribuidor-cintas-adhesivas.es\/pt-pt\/producto\/sistema-de-fixacao-desmontavel-3m-dual-lock-sj3550cf\/#primaryimage"},"thumbnailUrl":"https:\/\/distribuidor-cintas-adhesivas.es\/wp-content\/uploads\/2024\/04\/3m-dual-lock-sistema-de-cierre-reposicionable-sjtb3550-negro-rollo-25m-x-25mm-3.jpg","datePublished":"2024-04-23T14:27:23+00:00","dateModified":"2024-07-22T09:13:45+00:00","description":"Sistema de fixa\u00e7\u00e3o desmont\u00e1vel 3M\u2122 Dual Lock\u2122 SJ3550CF proporciona uma veda\u00e7\u00e3o invis\u00edvel nos acessos \u00e0s portas, sinais e componentes.","breadcrumb":{"@id":"https:\/\/distribuidor-cintas-adhesivas.es\/pt-pt\/producto\/sistema-de-fixacao-desmontavel-3m-dual-lock-sj3550cf\/#breadcrumb"},"inLanguage":"pt-PT","potentialAction":[{"@type":"ReadAction","target":["https:\/\/distribuidor-cintas-adhesivas.es\/pt-pt\/producto\/sistema-de-fixacao-desmontavel-3m-dual-lock-sj3550cf\/"]}]},{"@type":"ImageObject","inLanguage":"pt-PT","@id":"https:\/\/distribuidor-cintas-adhesivas.es\/pt-pt\/producto\/sistema-de-fixacao-desmontavel-3m-dual-lock-sj3550cf\/#primaryimage","url":"https:\/\/distribuidor-cintas-adhesivas.es\/wp-content\/uploads\/2024\/04\/3m-dual-lock-sistema-de-cierre-reposicionable-sjtb3550-negro-rollo-25m-x-25mm-3.jpg","contentUrl":"https:\/\/distribuidor-cintas-adhesivas.es\/wp-content\/uploads\/2024\/04\/3m-dual-lock-sistema-de-cierre-reposicionable-sjtb3550-negro-rollo-25m-x-25mm-3.jpg","width":800,"height":800,"caption":"Sistema de fixa\u00e7\u00e3o desmont\u00e1vel 3M Dual Lock SJ3550CF"},{"@type":"BreadcrumbList","@id":"https:\/\/distribuidor-cintas-adhesivas.es\/pt-pt\/producto\/sistema-de-fixacao-desmontavel-3m-dual-lock-sj3550cf\/#breadcrumb","itemListElement":[{"@type":"ListItem","position":1,"name":"Portada","item":"https:\/\/distribuidor-cintas-adhesivas.es\/pt-pt\/"},{"@type":"ListItem","position":2,"name":"Produtos","item":"https:\/\/distribuidor-cintas-adhesivas.es\/shop\/"},{"@type":"ListItem","position":3,"name":"Sistema de fixa\u00e7\u00e3o desmont\u00e1vel 3M\u2122 Dual Lock\u2122 SJ3550CF"}]},{"@type":"WebSite","@id":"https:\/\/distribuidor-cintas-adhesivas.es\/pt-pt\/#website","url":"https:\/\/distribuidor-cintas-adhesivas.es\/pt-pt\/","name":"Distribuidor de cintas 3M","description":"Distribuidor de cintas 3M, productos 3M, cinta adhesiva, 3M cinta doble cara, adhesivos 3M, cinta antideslizante, velcro 3M, cinta reflectante, 3m scotch, selladores de tuber\u00edas, formadores de juntas, retenedores, cianocrilatos reforzados con caucho, cianocrilatos ultrar\u00e1pidos, cianocrilatos para plasticos y caucho, cianocrilatos generales, cianocrilatos con poco olor, cianocrilatos para metales, adhesivos en aerosol, selladores y adhesivos, cintas de aluminio, cintas de vinilo para se\u00f1alizaci\u00f3n, cintas de tela americanas, cintas de papel para enmascarar, cintas para embalaje","publisher":{"@id":"https:\/\/distribuidor-cintas-adhesivas.es\/pt-pt\/#organization"},"potentialAction":[{"@type":"SearchAction","target":{"@type":"EntryPoint","urlTemplate":"https:\/\/distribuidor-cintas-adhesivas.es\/pt-pt\/?s={search_term_string}"},"query-input":{"@type":"PropertyValueSpecification","valueRequired":true,"valueName":"search_term_string"}}],"inLanguage":"pt-PT"},{"@type":"Organization","@id":"https:\/\/distribuidor-cintas-adhesivas.es\/pt-pt\/#organization","name":"Distribuidor de cintas 3M","url":"https:\/\/distribuidor-cintas-adhesivas.es\/pt-pt\/","logo":{"@type":"ImageObject","inLanguage":"pt-PT","@id":"https:\/\/distribuidor-cintas-adhesivas.es\/pt-pt\/#\/schema\/logo\/image\/","url":"https:\/\/distribuidor-cintas-adhesivas.es\/wp-content\/uploads\/2022\/10\/logo-espanol-portugues.png","contentUrl":"https:\/\/distribuidor-cintas-adhesivas.es\/wp-content\/uploads\/2022\/10\/logo-espanol-portugues.png","width":739,"height":150,"caption":"Distribuidor de cintas 3M"},"image":{"@id":"https:\/\/distribuidor-cintas-adhesivas.es\/pt-pt\/#\/schema\/logo\/image\/"},"sameAs":["https:\/\/distribuidorcintastesa.es","https:\/\/solbi-mural.com\/es\/","https:\/\/muralsrd.com\/","https:\/\/www.instagram.com\/solbimural\/?igsh=ZnR6ZmkzZm1ubWhl"]}]}},"_links":{"self":[{"href":"https:\/\/distribuidor-cintas-adhesivas.es\/pt-pt\/wp-json\/wp\/v2\/product\/4717","targetHints":{"allow":["GET"]}}],"collection":[{"href":"https:\/\/distribuidor-cintas-adhesivas.es\/pt-pt\/wp-json\/wp\/v2\/product"}],"about":[{"href":"https:\/\/distribuidor-cintas-adhesivas.es\/pt-pt\/wp-json\/wp\/v2\/types\/product"}],"wp:featuredmedia":[{"embeddable":true,"href":"https:\/\/distribuidor-cintas-adhesivas.es\/pt-pt\/wp-json\/wp\/v2\/media\/4709"}],"wp:attachment":[{"href":"https:\/\/distribuidor-cintas-adhesivas.es\/pt-pt\/wp-json\/wp\/v2\/media?parent=4717"}],"wp:term":[{"taxonomy":"product_brand","embeddable":true,"href":"https:\/\/distribuidor-cintas-adhesivas.es\/pt-pt\/wp-json\/wp\/v2\/product_brand?post=4717"},{"taxonomy":"product_cat","embeddable":true,"href":"https:\/\/distribuidor-cintas-adhesivas.es\/pt-pt\/wp-json\/wp\/v2\/product_cat?post=4717"},{"taxonomy":"product_tag","embeddable":true,"href":"https:\/\/distribuidor-cintas-adhesivas.es\/pt-pt\/wp-json\/wp\/v2\/product_tag?post=4717"}],"curies":[{"name":"wp","href":"https:\/\/api.w.org\/{rel}","templated":true}]}}