{"id":4748,"date":"2024-04-25T13:37:46","date_gmt":"2024-04-25T13:40:25","guid":{"rendered":"https:\/\/distribuidor-cintas-adhesivas.es\/?post_type=product&#038;p=4748"},"modified":"2024-07-22T09:07:07","modified_gmt":"2024-07-22T09:07:07","slug":"3m-diamond-grade-983-72-s-ece104","status":"publish","type":"product","link":"https:\/\/distribuidor-cintas-adhesivas.es\/pt-pt\/producto\/3m-diamond-grade-983-72-s-ece104\/","title":{"rendered":"3M\u2122 Diamond Grade\u2122 983-72 S ECE104"},"content":{"rendered":"<p>3M\u2122 Diamond Grade\u2122 983-72 S ECE104 foi concebida para melhorar a visibilidade dos cami\u00f5es-cisterna e dos ve\u00edculos com formas dif\u00edceis. A fita 3M\u2122 para cami\u00f5es-cisterna 983-72 S ECE104 oferece uma excelente refletividade e brilho, com garantia de dez anos e cumpre os requisitos da norma 104 da UNECE. Est\u00e1 tamb\u00e9m dispon\u00edvel numa gama de cores, incluindo amarelo, branco e vermelho.<\/p>\n<h4><span style=\"color: #3366ff;\"><a style=\"color: #3366ff;\" href=\"https:\/\/solbi-mural.com\/pt\/3m-fitas-reflectoras\/39-29-3m-diamond-grade-983-72s-refletivo-segm-cisternas-rolo-50mm-x-50m-4046719623860.html\" target=\"_blank\" rel=\"noopener\"><strong>Comprar em linha 3M 983-72 S<\/strong><\/a><\/span><\/h4>\n<h4><\/h4>\n<h4>Caracter\u00edsticas<\/h4>\n<ul>\n<li>Seguran\u00e7a e redu\u00e7\u00e3o de acidentes<\/li>\n<li>Imagem de marca: ao ser proactivo em mat\u00e9ria de seguran\u00e7a, melhora a imagem da sua empresa.<\/li>\n<li>Prote\u00e7\u00e3o jur\u00eddica: evita potenciais ac\u00e7\u00f5es judiciais relacionadas com a seguran\u00e7a de terceiros.<\/li>\n<li>Sem PVC: Constru\u00e7\u00e3o sem PVC e adesivo sem solventes.<\/li>\n<li>Cores vivas e brilhantes para uma elevada visibilidade.<\/li>\n<li>Brilhante de dia e de noite: permanece vis\u00edvel em diferentes condi\u00e7\u00f5es de luminosidade.<\/li>\n<li>Resistente \u00e0 \u00e1gua: sem perda de retrorreflex\u00e3o em condi\u00e7\u00f5es de humidade.<\/li>\n<li>Sem penetra\u00e7\u00e3o de sujidade ou \u00e1gua nos bordos.<\/li>\n<li>Adesivo sens\u00edvel \u00e0 press\u00e3o.<\/li>\n<\/ul>\n<h4><strong>Aplica\u00e7\u00f5es para 3M\u2122 Diamond Grade\u2122 983-72 S ECE104<\/strong><\/h4>\n<ul>\n<li>F\u00e1cil de aplicar<\/li>\n<li>Resistente \u00e0 delamina\u00e7\u00e3o e a outros danos.<\/li>\n<li>Mant\u00e9m o seu brilho e cor mesmo em condi\u00e7\u00f5es de trabalho dif\u00edceis.<\/li>\n<li>Garantia de 10 anos da 3M<\/li>\n<\/ul>\n<h4>Aprova\u00e7\u00e3o da norma ECE104<\/h4>\n<p>O novo regulamento europeu 48 da UNECE define a marca\u00e7\u00e3o volunt\u00e1ria ou obrigat\u00f3ria com materiais adesivos reflectores na traseira e nos lados de diferentes tipos de ve\u00edculos.<\/p>\n<p>Este novo regulamento torna a marca\u00e7\u00e3o de contorno obrigat\u00f3ria para ve\u00edculos a motor com pelo menos 4 rodas destinados ao transporte de mercadorias, com um peso m\u00e1ximo autorizado superior a 7,5 toneladas e uma largura de 2,1 metros ou mais.<\/p>\n<h4><strong>Produtos relacionados<\/strong><\/h4>\n<ul>\n<li><a href=\"https:\/\/distribuidor-cintas-adhesivas.es\/pt-pt\/producto\/3m-lamina-retrorreflectante-957s-ece104\/\" target=\"_blank\" rel=\"noopener\">957S<\/a><\/li>\n<\/ul>\n","protected":false},"excerpt":{"rendered":"<p>3M\u2122 Diamond Grade\u2122 983-72 S ECE104 foi concebida para melhorar a visibilidade dos cami\u00f5es-cisterna e dos ve\u00edculos com formas dif\u00edceis. A fita 3M\u2122 para cami\u00f5es-cisterna 983-72 S ECE104 oferece uma excelente refletividade e brilho, com garantia de dez anos e cumpre os requisitos da norma 104 da UNECE. Est\u00e1 tamb\u00e9m dispon\u00edvel numa gama de cores, [&hellip;]<\/p>\n","protected":false},"featured_media":4727,"template":"","meta":{"site-sidebar-layout":"default","site-content-layout":"","ast-site-content-layout":"default","site-content-style":"default","site-sidebar-style":"default","ast-global-header-display":"","ast-banner-title-visibility":"","ast-main-header-display":"","ast-hfb-above-header-display":"","ast-hfb-below-header-display":"","ast-hfb-mobile-header-display":"","site-post-title":"","ast-breadcrumbs-content":"","ast-featured-img":"","footer-sml-layout":"","ast-disable-related-posts":"","theme-transparent-header-meta":"default","adv-header-id-meta":"","stick-header-meta":"","header-above-stick-meta":"","header-main-stick-meta":"","header-below-stick-meta":"","astra-migrate-meta-layouts":"set","ast-page-background-enabled":"default","ast-page-background-meta":{"desktop":{"background-color":"","background-image":"","background-repeat":"repeat","background-position":"center center","background-size":"auto","background-attachment":"scroll","background-type":"","background-media":"","overlay-type":"","overlay-color":"","overlay-opacity":"","overlay-gradient":""},"tablet":{"background-color":"","background-image":"","background-repeat":"repeat","background-position":"center center","background-size":"auto","background-attachment":"scroll","background-type":"","background-media":"","overlay-type":"","overlay-color":"","overlay-opacity":"","overlay-gradient":""},"mobile":{"background-color":"","background-image":"","background-repeat":"repeat","background-position":"center center","background-size":"auto","background-attachment":"scroll","background-type":"","background-media":"","overlay-type":"","overlay-color":"","overlay-opacity":"","overlay-gradient":""}},"ast-content-background-meta":{"desktop":{"background-color":"var(--ast-global-color-5)","background-image":"","background-repeat":"repeat","background-position":"center center","background-size":"auto","background-attachment":"scroll","background-type":"","background-media":"","overlay-type":"","overlay-color":"","overlay-opacity":"","overlay-gradient":""},"tablet":{"background-color":"var(--ast-global-color-5)","background-image":"","background-repeat":"repeat","background-position":"center center","background-size":"auto","background-attachment":"scroll","background-type":"","background-media":"","overlay-type":"","overlay-color":"","overlay-opacity":"","overlay-gradient":""},"mobile":{"background-color":"var(--ast-global-color-5)","background-image":"","background-repeat":"repeat","background-position":"center center","background-size":"auto","background-attachment":"scroll","background-type":"","background-media":"","overlay-type":"","overlay-color":"","overlay-opacity":"","overlay-gradient":""}}},"product_brand":[],"product_cat":[2619],"product_tag":[2620,2621,2654,2622,2655,2656],"class_list":{"0":"post-4748","1":"product","2":"type-product","3":"status-publish","4":"has-post-thumbnail","6":"product_cat-fitas-reflectantes-pt","7":"product_tag-3m-pt-pt","8":"product_tag-983s-pt-pt","9":"product_tag-camiao-cisterna-pt-pt","10":"product_tag-diamond-grade-pt-pt","11":"product_tag-fita-reflectora-pt-pt","12":"product_tag-retrorreflectante-pt-pt","13":"desktop-align-center","14":"tablet-align-center","15":"mobile-align-center","17":"first","18":"instock","19":"shipping-taxable","20":"product-type-simple"},"yoast_head":"<!-- This site is optimized with the Yoast SEO Premium plugin v27.2 (Yoast SEO v27.2) - https:\/\/yoast.com\/product\/yoast-seo-premium-wordpress\/ -->\n<title>3M\u2122 Diamond Grade\u2122 983-72 S ECE104<\/title>\n<meta name=\"description\" content=\"3M\u2122 Diamond Grade\u2122 983-72 S ECE104 foi concebido para melhorar a visibilidade dos navios-tanque, com homologa\u00e7\u00e3o europeia.\" \/>\n<meta name=\"robots\" content=\"index, follow, max-snippet:-1, max-image-preview:large, max-video-preview:-1\" \/>\n<link rel=\"canonical\" href=\"https:\/\/distribuidor-cintas-adhesivas.es\/pt-pt\/producto\/3m-diamond-grade-983-72-s-ece104\/\" \/>\n<meta property=\"og:locale\" content=\"pt_PT\" \/>\n<meta property=\"og:type\" content=\"article\" \/>\n<meta property=\"og:title\" content=\"3M\u2122 Diamond Grade\u2122 983-72 S ECE104\" \/>\n<meta property=\"og:description\" content=\"3M\u2122 Diamond Grade\u2122 983-72 S ECE104 foi concebido para melhorar a visibilidade dos navios-tanque, com homologa\u00e7\u00e3o europeia.\" \/>\n<meta property=\"og:url\" content=\"https:\/\/distribuidor-cintas-adhesivas.es\/pt-pt\/producto\/3m-diamond-grade-983-72-s-ece104\/\" \/>\n<meta property=\"og:site_name\" content=\"Distribuidor de cintas 3M, productos 3M, http:\/\/www.http:\/\/distribuidorcintas3m.es, Mejores ofertas en cintas\" \/>\n<meta property=\"article:modified_time\" content=\"2024-07-22T09:07:07+00:00\" \/>\n<meta property=\"og:image\" content=\"https:\/\/distribuidor-cintas-adhesivas.es\/wp-content\/uploads\/2024\/04\/3m-diamond-grade-983-72s-reflectante-segm-cisterna-rollo-50mm-x-50m.jpg\" \/>\n\t<meta property=\"og:image:width\" content=\"800\" \/>\n\t<meta property=\"og:image:height\" content=\"800\" \/>\n\t<meta property=\"og:image:type\" content=\"image\/jpeg\" \/>\n<meta name=\"twitter:card\" content=\"summary_large_image\" \/>\n<meta name=\"twitter:label1\" content=\"Tempo estimado de leitura\" \/>\n\t<meta name=\"twitter:data1\" content=\"2 minutos\" \/>\n<script type=\"application\/ld+json\" class=\"yoast-schema-graph\">{\"@context\":\"https:\/\/schema.org\",\"@graph\":[{\"@type\":\"WebPage\",\"@id\":\"https:\/\/distribuidor-cintas-adhesivas.es\/pt-pt\/producto\/3m-diamond-grade-983-72-s-ece104\/\",\"url\":\"https:\/\/distribuidor-cintas-adhesivas.es\/pt-pt\/producto\/3m-diamond-grade-983-72-s-ece104\/\",\"name\":\"3M\u2122 Diamond Grade\u2122 983-72 S ECE104\",\"isPartOf\":{\"@id\":\"https:\/\/distribuidor-cintas-adhesivas.es\/pt-pt\/#website\"},\"primaryImageOfPage\":{\"@id\":\"https:\/\/distribuidor-cintas-adhesivas.es\/pt-pt\/producto\/3m-diamond-grade-983-72-s-ece104\/#primaryimage\"},\"image\":{\"@id\":\"https:\/\/distribuidor-cintas-adhesivas.es\/pt-pt\/producto\/3m-diamond-grade-983-72-s-ece104\/#primaryimage\"},\"thumbnailUrl\":\"https:\/\/distribuidor-cintas-adhesivas.es\/wp-content\/uploads\/2024\/04\/3m-diamond-grade-983-72s-reflectante-segm-cisterna-rollo-50mm-x-50m.jpg\",\"datePublished\":\"2024-04-25T13:40:25+00:00\",\"dateModified\":\"2024-07-22T09:07:07+00:00\",\"description\":\"3M\u2122 Diamond Grade\u2122 983-72 S ECE104 foi concebido para melhorar a visibilidade dos navios-tanque, com homologa\u00e7\u00e3o europeia.\",\"breadcrumb\":{\"@id\":\"https:\/\/distribuidor-cintas-adhesivas.es\/pt-pt\/producto\/3m-diamond-grade-983-72-s-ece104\/#breadcrumb\"},\"inLanguage\":\"pt-PT\",\"potentialAction\":[{\"@type\":\"ReadAction\",\"target\":[\"https:\/\/distribuidor-cintas-adhesivas.es\/pt-pt\/producto\/3m-diamond-grade-983-72-s-ece104\/\"]}]},{\"@type\":\"ImageObject\",\"inLanguage\":\"pt-PT\",\"@id\":\"https:\/\/distribuidor-cintas-adhesivas.es\/pt-pt\/producto\/3m-diamond-grade-983-72-s-ece104\/#primaryimage\",\"url\":\"https:\/\/distribuidor-cintas-adhesivas.es\/wp-content\/uploads\/2024\/04\/3m-diamond-grade-983-72s-reflectante-segm-cisterna-rollo-50mm-x-50m.jpg\",\"contentUrl\":\"https:\/\/distribuidor-cintas-adhesivas.es\/wp-content\/uploads\/2024\/04\/3m-diamond-grade-983-72s-reflectante-segm-cisterna-rollo-50mm-x-50m.jpg\",\"width\":800,\"height\":800,\"caption\":\"3M Diamond Grade 983-72 S reflectante ECE104\"},{\"@type\":\"BreadcrumbList\",\"@id\":\"https:\/\/distribuidor-cintas-adhesivas.es\/pt-pt\/producto\/3m-diamond-grade-983-72-s-ece104\/#breadcrumb\",\"itemListElement\":[{\"@type\":\"ListItem\",\"position\":1,\"name\":\"Portada\",\"item\":\"https:\/\/distribuidor-cintas-adhesivas.es\/pt-pt\/\"},{\"@type\":\"ListItem\",\"position\":2,\"name\":\"Produtos\",\"item\":\"https:\/\/distribuidor-cintas-adhesivas.es\/shop\/\"},{\"@type\":\"ListItem\",\"position\":3,\"name\":\"3M\u2122 Diamond Grade\u2122 983-72 S ECE104\"}]},{\"@type\":\"WebSite\",\"@id\":\"https:\/\/distribuidor-cintas-adhesivas.es\/pt-pt\/#website\",\"url\":\"https:\/\/distribuidor-cintas-adhesivas.es\/pt-pt\/\",\"name\":\"Distribuidor de cintas 3M\",\"description\":\"Distribuidor de cintas 3M, productos 3M, cinta adhesiva, 3M cinta doble cara, adhesivos 3M, cinta antideslizante, velcro 3M, cinta reflectante, 3m scotch, selladores de tuber\u00edas, formadores de juntas, retenedores, cianocrilatos reforzados con caucho, cianocrilatos ultrar\u00e1pidos, cianocrilatos para plasticos y caucho, cianocrilatos generales, cianocrilatos con poco olor, cianocrilatos para metales, adhesivos en aerosol, selladores y adhesivos, cintas de aluminio, cintas de vinilo para se\u00f1alizaci\u00f3n, cintas de tela americanas, cintas de papel para enmascarar, cintas para embalaje\",\"publisher\":{\"@id\":\"https:\/\/distribuidor-cintas-adhesivas.es\/pt-pt\/#organization\"},\"potentialAction\":[{\"@type\":\"SearchAction\",\"target\":{\"@type\":\"EntryPoint\",\"urlTemplate\":\"https:\/\/distribuidor-cintas-adhesivas.es\/pt-pt\/?s={search_term_string}\"},\"query-input\":{\"@type\":\"PropertyValueSpecification\",\"valueRequired\":true,\"valueName\":\"search_term_string\"}}],\"inLanguage\":\"pt-PT\"},{\"@type\":\"Organization\",\"@id\":\"https:\/\/distribuidor-cintas-adhesivas.es\/pt-pt\/#organization\",\"name\":\"Distribuidor de cintas 3M\",\"url\":\"https:\/\/distribuidor-cintas-adhesivas.es\/pt-pt\/\",\"logo\":{\"@type\":\"ImageObject\",\"inLanguage\":\"pt-PT\",\"@id\":\"https:\/\/distribuidor-cintas-adhesivas.es\/pt-pt\/#\/schema\/logo\/image\/\",\"url\":\"https:\/\/distribuidor-cintas-adhesivas.es\/wp-content\/uploads\/2022\/10\/logo-espanol-portugues.png\",\"contentUrl\":\"https:\/\/distribuidor-cintas-adhesivas.es\/wp-content\/uploads\/2022\/10\/logo-espanol-portugues.png\",\"width\":739,\"height\":150,\"caption\":\"Distribuidor de cintas 3M\"},\"image\":{\"@id\":\"https:\/\/distribuidor-cintas-adhesivas.es\/pt-pt\/#\/schema\/logo\/image\/\"},\"sameAs\":[\"https:\/\/distribuidorcintastesa.es\",\"https:\/\/solbi-mural.com\/es\/\",\"https:\/\/muralsrd.com\/\",\"https:\/\/www.instagram.com\/solbimural\/?igsh=ZnR6ZmkzZm1ubWhl\"]}]}<\/script>\n<!-- \/ Yoast SEO Premium plugin. -->","yoast_head_json":{"title":"3M\u2122 Diamond Grade\u2122 983-72 S ECE104","description":"3M\u2122 Diamond Grade\u2122 983-72 S ECE104 foi concebido para melhorar a visibilidade dos navios-tanque, com homologa\u00e7\u00e3o europeia.","robots":{"index":"index","follow":"follow","max-snippet":"max-snippet:-1","max-image-preview":"max-image-preview:large","max-video-preview":"max-video-preview:-1"},"canonical":"https:\/\/distribuidor-cintas-adhesivas.es\/pt-pt\/producto\/3m-diamond-grade-983-72-s-ece104\/","og_locale":"pt_PT","og_type":"article","og_title":"3M\u2122 Diamond Grade\u2122 983-72 S ECE104","og_description":"3M\u2122 Diamond Grade\u2122 983-72 S ECE104 foi concebido para melhorar a visibilidade dos navios-tanque, com homologa\u00e7\u00e3o europeia.","og_url":"https:\/\/distribuidor-cintas-adhesivas.es\/pt-pt\/producto\/3m-diamond-grade-983-72-s-ece104\/","og_site_name":"Distribuidor de cintas 3M, productos 3M, http:\/\/www.http:\/\/distribuidorcintas3m.es, Mejores ofertas en cintas","article_modified_time":"2024-07-22T09:07:07+00:00","og_image":[{"width":800,"height":800,"url":"https:\/\/distribuidor-cintas-adhesivas.es\/wp-content\/uploads\/2024\/04\/3m-diamond-grade-983-72s-reflectante-segm-cisterna-rollo-50mm-x-50m.jpg","type":"image\/jpeg"}],"twitter_card":"summary_large_image","twitter_misc":{"Tempo estimado de leitura":"2 minutos"},"schema":{"@context":"https:\/\/schema.org","@graph":[{"@type":"WebPage","@id":"https:\/\/distribuidor-cintas-adhesivas.es\/pt-pt\/producto\/3m-diamond-grade-983-72-s-ece104\/","url":"https:\/\/distribuidor-cintas-adhesivas.es\/pt-pt\/producto\/3m-diamond-grade-983-72-s-ece104\/","name":"3M\u2122 Diamond Grade\u2122 983-72 S ECE104","isPartOf":{"@id":"https:\/\/distribuidor-cintas-adhesivas.es\/pt-pt\/#website"},"primaryImageOfPage":{"@id":"https:\/\/distribuidor-cintas-adhesivas.es\/pt-pt\/producto\/3m-diamond-grade-983-72-s-ece104\/#primaryimage"},"image":{"@id":"https:\/\/distribuidor-cintas-adhesivas.es\/pt-pt\/producto\/3m-diamond-grade-983-72-s-ece104\/#primaryimage"},"thumbnailUrl":"https:\/\/distribuidor-cintas-adhesivas.es\/wp-content\/uploads\/2024\/04\/3m-diamond-grade-983-72s-reflectante-segm-cisterna-rollo-50mm-x-50m.jpg","datePublished":"2024-04-25T13:40:25+00:00","dateModified":"2024-07-22T09:07:07+00:00","description":"3M\u2122 Diamond Grade\u2122 983-72 S ECE104 foi concebido para melhorar a visibilidade dos navios-tanque, com homologa\u00e7\u00e3o europeia.","breadcrumb":{"@id":"https:\/\/distribuidor-cintas-adhesivas.es\/pt-pt\/producto\/3m-diamond-grade-983-72-s-ece104\/#breadcrumb"},"inLanguage":"pt-PT","potentialAction":[{"@type":"ReadAction","target":["https:\/\/distribuidor-cintas-adhesivas.es\/pt-pt\/producto\/3m-diamond-grade-983-72-s-ece104\/"]}]},{"@type":"ImageObject","inLanguage":"pt-PT","@id":"https:\/\/distribuidor-cintas-adhesivas.es\/pt-pt\/producto\/3m-diamond-grade-983-72-s-ece104\/#primaryimage","url":"https:\/\/distribuidor-cintas-adhesivas.es\/wp-content\/uploads\/2024\/04\/3m-diamond-grade-983-72s-reflectante-segm-cisterna-rollo-50mm-x-50m.jpg","contentUrl":"https:\/\/distribuidor-cintas-adhesivas.es\/wp-content\/uploads\/2024\/04\/3m-diamond-grade-983-72s-reflectante-segm-cisterna-rollo-50mm-x-50m.jpg","width":800,"height":800,"caption":"3M Diamond Grade 983-72 S reflectante ECE104"},{"@type":"BreadcrumbList","@id":"https:\/\/distribuidor-cintas-adhesivas.es\/pt-pt\/producto\/3m-diamond-grade-983-72-s-ece104\/#breadcrumb","itemListElement":[{"@type":"ListItem","position":1,"name":"Portada","item":"https:\/\/distribuidor-cintas-adhesivas.es\/pt-pt\/"},{"@type":"ListItem","position":2,"name":"Produtos","item":"https:\/\/distribuidor-cintas-adhesivas.es\/shop\/"},{"@type":"ListItem","position":3,"name":"3M\u2122 Diamond Grade\u2122 983-72 S ECE104"}]},{"@type":"WebSite","@id":"https:\/\/distribuidor-cintas-adhesivas.es\/pt-pt\/#website","url":"https:\/\/distribuidor-cintas-adhesivas.es\/pt-pt\/","name":"Distribuidor de cintas 3M","description":"Distribuidor de cintas 3M, productos 3M, cinta adhesiva, 3M cinta doble cara, adhesivos 3M, cinta antideslizante, velcro 3M, cinta reflectante, 3m scotch, selladores de tuber\u00edas, formadores de juntas, retenedores, cianocrilatos reforzados con caucho, cianocrilatos ultrar\u00e1pidos, cianocrilatos para plasticos y caucho, cianocrilatos generales, cianocrilatos con poco olor, cianocrilatos para metales, adhesivos en aerosol, selladores y adhesivos, cintas de aluminio, cintas de vinilo para se\u00f1alizaci\u00f3n, cintas de tela americanas, cintas de papel para enmascarar, cintas para embalaje","publisher":{"@id":"https:\/\/distribuidor-cintas-adhesivas.es\/pt-pt\/#organization"},"potentialAction":[{"@type":"SearchAction","target":{"@type":"EntryPoint","urlTemplate":"https:\/\/distribuidor-cintas-adhesivas.es\/pt-pt\/?s={search_term_string}"},"query-input":{"@type":"PropertyValueSpecification","valueRequired":true,"valueName":"search_term_string"}}],"inLanguage":"pt-PT"},{"@type":"Organization","@id":"https:\/\/distribuidor-cintas-adhesivas.es\/pt-pt\/#organization","name":"Distribuidor de cintas 3M","url":"https:\/\/distribuidor-cintas-adhesivas.es\/pt-pt\/","logo":{"@type":"ImageObject","inLanguage":"pt-PT","@id":"https:\/\/distribuidor-cintas-adhesivas.es\/pt-pt\/#\/schema\/logo\/image\/","url":"https:\/\/distribuidor-cintas-adhesivas.es\/wp-content\/uploads\/2022\/10\/logo-espanol-portugues.png","contentUrl":"https:\/\/distribuidor-cintas-adhesivas.es\/wp-content\/uploads\/2022\/10\/logo-espanol-portugues.png","width":739,"height":150,"caption":"Distribuidor de cintas 3M"},"image":{"@id":"https:\/\/distribuidor-cintas-adhesivas.es\/pt-pt\/#\/schema\/logo\/image\/"},"sameAs":["https:\/\/distribuidorcintastesa.es","https:\/\/solbi-mural.com\/es\/","https:\/\/muralsrd.com\/","https:\/\/www.instagram.com\/solbimural\/?igsh=ZnR6ZmkzZm1ubWhl"]}]}},"_links":{"self":[{"href":"https:\/\/distribuidor-cintas-adhesivas.es\/pt-pt\/wp-json\/wp\/v2\/product\/4748","targetHints":{"allow":["GET"]}}],"collection":[{"href":"https:\/\/distribuidor-cintas-adhesivas.es\/pt-pt\/wp-json\/wp\/v2\/product"}],"about":[{"href":"https:\/\/distribuidor-cintas-adhesivas.es\/pt-pt\/wp-json\/wp\/v2\/types\/product"}],"wp:featuredmedia":[{"embeddable":true,"href":"https:\/\/distribuidor-cintas-adhesivas.es\/pt-pt\/wp-json\/wp\/v2\/media\/4727"}],"wp:attachment":[{"href":"https:\/\/distribuidor-cintas-adhesivas.es\/pt-pt\/wp-json\/wp\/v2\/media?parent=4748"}],"wp:term":[{"taxonomy":"product_brand","embeddable":true,"href":"https:\/\/distribuidor-cintas-adhesivas.es\/pt-pt\/wp-json\/wp\/v2\/product_brand?post=4748"},{"taxonomy":"product_cat","embeddable":true,"href":"https:\/\/distribuidor-cintas-adhesivas.es\/pt-pt\/wp-json\/wp\/v2\/product_cat?post=4748"},{"taxonomy":"product_tag","embeddable":true,"href":"https:\/\/distribuidor-cintas-adhesivas.es\/pt-pt\/wp-json\/wp\/v2\/product_tag?post=4748"}],"curies":[{"name":"wp","href":"https:\/\/api.w.org\/{rel}","templated":true}]}}