{"id":4886,"date":"2024-05-06T10:07:18","date_gmt":"2024-05-06T07:53:48","guid":{"rendered":"https:\/\/distribuidor-cintas-adhesivas.es\/?post_type=product&#038;p=4886"},"modified":"2024-07-22T09:06:57","modified_gmt":"2024-07-22T09:06:57","slug":"3m-imprimisao-stamark-p50","status":"publish","type":"product","link":"https:\/\/distribuidor-cintas-adhesivas.es\/pt-pt\/producto\/3m-imprimisao-stamark-p50\/","title":{"rendered":"3M\u2122 Imprimis\u00e3o Stamark\u2122 P50"},"content":{"rendered":"<p>3M Imprimis\u00e3o Stamark P50 \u00e9 utilizado para a prepara\u00e7\u00e3o da superf\u00edcie. Este imprima\u00e7\u00e3o 3M para Stamark melhora a ader\u00eancia destas fitas para coloca\u00e7\u00e3o em pavimentos e estradas como marca\u00e7\u00f5es rodovi\u00e1rias. Aumenta a ader\u00eancia da fita no asfalto antigo. Tamb\u00e9m recomendamos este produto para asfalto novo para melhorar as propriedades de ader\u00eancia do produto.<\/p>\n<h4><span style=\"color: #3366ff;\"><a style=\"color: #3366ff;\" href=\"https:\/\/solbi-mural.com\/pt\/adesivos-primers\/59-847-3m-stamark-p50-primer-lata-de-20l-3134375274383.html\" target=\"_blank\" rel=\"noopener\"><strong>Compra em linha 3M Imprimis\u00e3o P50<\/strong><\/a><\/span><\/h4>\n<h4><\/h4>\n<h4><strong>Caracter\u00edsticas<\/strong><\/h4>\n<ul>\n<li>3M Imprimis\u00e3o Stamark P50\u00a0\u00e9 um adesivo para a prepara\u00e7\u00e3o de superf\u00edcies<\/li>\n<li>\u00c9 utilizado para melhorar a ader\u00eancia das fitas 3M\u2122 Stamark\u2122.<\/li>\n<li>N\u00e3o se destina a ser utilizado em aplica\u00e7\u00f5es de inlay, betume ou sem imprimis\u00e3o.<\/li>\n<li>ESTE PRODUTO S\u00d3 EST\u00c1 DISPON\u00cdVEL PARA VENDA DIRECTA EM ESPANHA CONTINENTAL<\/li>\n<\/ul>\n<h4>Aplica\u00e7\u00f5es<\/h4>\n<ul>\n<li>Cobertura de 0,2 &#8211; 0,3 litros\/m2<\/li>\n<li>Aplica\u00e7\u00e3o com rolo ou carro de pulveriza\u00e7\u00e3o mec\u00e2nica<\/li>\n<\/ul>\n<h4><strong>Produtos Relacionados<\/strong><\/h4>\n<ul>\n<li><a href=\"https:\/\/distribuidor-cintas-adhesivas.es\/pt-pt\/producto\/promotor-de-adesao-3m-111-dose-unica\/\" target=\"_blank\" rel=\"noopener\">3M 111 Dose \u00fanica<\/a><\/li>\n<\/ul>\n","protected":false},"excerpt":{"rendered":"<p>3M Imprimis\u00e3o Stamark P50 \u00e9 utilizado para a prepara\u00e7\u00e3o da superf\u00edcie. Este imprima\u00e7\u00e3o 3M para Stamark melhora a ader\u00eancia destas fitas para coloca\u00e7\u00e3o em pavimentos e estradas como marca\u00e7\u00f5es rodovi\u00e1rias. Aumenta a ader\u00eancia da fita no asfalto antigo. Tamb\u00e9m recomendamos este produto para asfalto novo para melhorar as propriedades de ader\u00eancia do produto. Compra em [&hellip;]<\/p>\n","protected":false},"featured_media":4786,"template":"","meta":{"site-sidebar-layout":"default","site-content-layout":"","ast-site-content-layout":"default","site-content-style":"default","site-sidebar-style":"default","ast-global-header-display":"","ast-banner-title-visibility":"","ast-main-header-display":"","ast-hfb-above-header-display":"","ast-hfb-below-header-display":"","ast-hfb-mobile-header-display":"","site-post-title":"","ast-breadcrumbs-content":"","ast-featured-img":"","footer-sml-layout":"","ast-disable-related-posts":"","theme-transparent-header-meta":"default","adv-header-id-meta":"","stick-header-meta":"","header-above-stick-meta":"","header-main-stick-meta":"","header-below-stick-meta":"","astra-migrate-meta-layouts":"set","ast-page-background-enabled":"default","ast-page-background-meta":{"desktop":{"background-color":"","background-image":"","background-repeat":"repeat","background-position":"center center","background-size":"auto","background-attachment":"scroll","background-type":"","background-media":"","overlay-type":"","overlay-color":"","overlay-opacity":"","overlay-gradient":""},"tablet":{"background-color":"","background-image":"","background-repeat":"repeat","background-position":"center center","background-size":"auto","background-attachment":"scroll","background-type":"","background-media":"","overlay-type":"","overlay-color":"","overlay-opacity":"","overlay-gradient":""},"mobile":{"background-color":"","background-image":"","background-repeat":"repeat","background-position":"center center","background-size":"auto","background-attachment":"scroll","background-type":"","background-media":"","overlay-type":"","overlay-color":"","overlay-opacity":"","overlay-gradient":""}},"ast-content-background-meta":{"desktop":{"background-color":"var(--ast-global-color-5)","background-image":"","background-repeat":"repeat","background-position":"center center","background-size":"auto","background-attachment":"scroll","background-type":"","background-media":"","overlay-type":"","overlay-color":"","overlay-opacity":"","overlay-gradient":""},"tablet":{"background-color":"var(--ast-global-color-5)","background-image":"","background-repeat":"repeat","background-position":"center center","background-size":"auto","background-attachment":"scroll","background-type":"","background-media":"","overlay-type":"","overlay-color":"","overlay-opacity":"","overlay-gradient":""},"mobile":{"background-color":"var(--ast-global-color-5)","background-image":"","background-repeat":"repeat","background-position":"center center","background-size":"auto","background-attachment":"scroll","background-type":"","background-media":"","overlay-type":"","overlay-color":"","overlay-opacity":"","overlay-gradient":""}}},"product_brand":[],"product_cat":[2670],"product_tag":[2620,2665,2663,2667,2664,2666],"class_list":{"0":"post-4886","1":"product","2":"type-product","3":"status-publish","4":"has-post-thumbnail","6":"product_cat-primer-pt","7":"product_tag-3m-pt-pt","8":"product_tag-3m-p50-pt-pt","9":"product_tag-imprimacion-pt-pt","10":"product_tag-imprimacion-stamark-pt-pt","11":"product_tag-primer-pt-pt","12":"product_tag-stamark-pt-pt","13":"desktop-align-center","14":"tablet-align-center","15":"mobile-align-center","17":"first","18":"instock","19":"shipping-taxable","20":"product-type-simple"},"yoast_head":"<!-- This site is optimized with the Yoast SEO Premium plugin v27.2 (Yoast SEO v27.2) - https:\/\/yoast.com\/product\/yoast-seo-premium-wordpress\/ -->\n<title>3M Imprimis\u00e3o Stamark P50<\/title>\n<meta name=\"description\" content=\"3M Imprimis\u00e3o Stamark P50 \u00e9 um adesivo para prepara\u00e7\u00e3o de superf\u00edcies, principalmente para melhorar a ader\u00eancia das fitas 3M\u2122 Stamark\u2122.\" \/>\n<meta name=\"robots\" content=\"index, follow, max-snippet:-1, max-image-preview:large, max-video-preview:-1\" \/>\n<link rel=\"canonical\" href=\"https:\/\/distribuidor-cintas-adhesivas.es\/pt-pt\/producto\/3m-imprimisao-stamark-p50\/\" \/>\n<meta property=\"og:locale\" content=\"pt_PT\" \/>\n<meta property=\"og:type\" content=\"article\" \/>\n<meta property=\"og:title\" content=\"3M\u2122 Imprimis\u00e3o Stamark\u2122 P50\" \/>\n<meta property=\"og:description\" content=\"3M Imprimis\u00e3o Stamark P50 \u00e9 um adesivo para prepara\u00e7\u00e3o de superf\u00edcies, principalmente para melhorar a ader\u00eancia das fitas 3M\u2122 Stamark\u2122.\" \/>\n<meta property=\"og:url\" content=\"https:\/\/distribuidor-cintas-adhesivas.es\/pt-pt\/producto\/3m-imprimisao-stamark-p50\/\" \/>\n<meta property=\"og:site_name\" content=\"Distribuidor de cintas 3M, productos 3M, http:\/\/www.http:\/\/distribuidorcintas3m.es, Mejores ofertas en cintas\" \/>\n<meta property=\"article:modified_time\" content=\"2024-07-22T09:06:57+00:00\" \/>\n<meta property=\"og:image\" content=\"https:\/\/distribuidor-cintas-adhesivas.es\/wp-content\/uploads\/2024\/04\/3m-stamark-p50-imprimacion-bote-de-20l.jpg\" \/>\n\t<meta property=\"og:image:width\" content=\"600\" \/>\n\t<meta property=\"og:image:height\" content=\"600\" \/>\n\t<meta property=\"og:image:type\" content=\"image\/jpeg\" \/>\n<meta name=\"twitter:card\" content=\"summary_large_image\" \/>\n<meta name=\"twitter:label1\" content=\"Tempo estimado de leitura\" \/>\n\t<meta name=\"twitter:data1\" content=\"1 minuto\" \/>\n<script type=\"application\/ld+json\" class=\"yoast-schema-graph\">{\"@context\":\"https:\/\/schema.org\",\"@graph\":[{\"@type\":\"WebPage\",\"@id\":\"https:\/\/distribuidor-cintas-adhesivas.es\/pt-pt\/producto\/3m-imprimisao-stamark-p50\/\",\"url\":\"https:\/\/distribuidor-cintas-adhesivas.es\/pt-pt\/producto\/3m-imprimisao-stamark-p50\/\",\"name\":\"3M Imprimis\u00e3o Stamark P50\",\"isPartOf\":{\"@id\":\"https:\/\/distribuidor-cintas-adhesivas.es\/pt-pt\/#website\"},\"primaryImageOfPage\":{\"@id\":\"https:\/\/distribuidor-cintas-adhesivas.es\/pt-pt\/producto\/3m-imprimisao-stamark-p50\/#primaryimage\"},\"image\":{\"@id\":\"https:\/\/distribuidor-cintas-adhesivas.es\/pt-pt\/producto\/3m-imprimisao-stamark-p50\/#primaryimage\"},\"thumbnailUrl\":\"https:\/\/distribuidor-cintas-adhesivas.es\/wp-content\/uploads\/2024\/04\/3m-stamark-p50-imprimacion-bote-de-20l.jpg\",\"datePublished\":\"2024-05-06T07:53:48+00:00\",\"dateModified\":\"2024-07-22T09:06:57+00:00\",\"description\":\"3M Imprimis\u00e3o Stamark P50 \u00e9 um adesivo para prepara\u00e7\u00e3o de superf\u00edcies, principalmente para melhorar a ader\u00eancia das fitas 3M\u2122 Stamark\u2122.\",\"breadcrumb\":{\"@id\":\"https:\/\/distribuidor-cintas-adhesivas.es\/pt-pt\/producto\/3m-imprimisao-stamark-p50\/#breadcrumb\"},\"inLanguage\":\"pt-PT\",\"potentialAction\":[{\"@type\":\"ReadAction\",\"target\":[\"https:\/\/distribuidor-cintas-adhesivas.es\/pt-pt\/producto\/3m-imprimisao-stamark-p50\/\"]}]},{\"@type\":\"ImageObject\",\"inLanguage\":\"pt-PT\",\"@id\":\"https:\/\/distribuidor-cintas-adhesivas.es\/pt-pt\/producto\/3m-imprimisao-stamark-p50\/#primaryimage\",\"url\":\"https:\/\/distribuidor-cintas-adhesivas.es\/wp-content\/uploads\/2024\/04\/3m-stamark-p50-imprimacion-bote-de-20l.jpg\",\"contentUrl\":\"https:\/\/distribuidor-cintas-adhesivas.es\/wp-content\/uploads\/2024\/04\/3m-stamark-p50-imprimacion-bote-de-20l.jpg\",\"width\":600,\"height\":600,\"caption\":\"3M Imprimis\u00e3o Stamark P50\"},{\"@type\":\"BreadcrumbList\",\"@id\":\"https:\/\/distribuidor-cintas-adhesivas.es\/pt-pt\/producto\/3m-imprimisao-stamark-p50\/#breadcrumb\",\"itemListElement\":[{\"@type\":\"ListItem\",\"position\":1,\"name\":\"Portada\",\"item\":\"https:\/\/distribuidor-cintas-adhesivas.es\/pt-pt\/\"},{\"@type\":\"ListItem\",\"position\":2,\"name\":\"Produtos\",\"item\":\"https:\/\/distribuidor-cintas-adhesivas.es\/shop\/\"},{\"@type\":\"ListItem\",\"position\":3,\"name\":\"3M\u2122 Imprimis\u00e3o Stamark\u2122 P50\"}]},{\"@type\":\"WebSite\",\"@id\":\"https:\/\/distribuidor-cintas-adhesivas.es\/pt-pt\/#website\",\"url\":\"https:\/\/distribuidor-cintas-adhesivas.es\/pt-pt\/\",\"name\":\"Distribuidor de cintas 3M\",\"description\":\"Distribuidor de cintas 3M, productos 3M, cinta adhesiva, 3M cinta doble cara, adhesivos 3M, cinta antideslizante, velcro 3M, cinta reflectante, 3m scotch, selladores de tuber\u00edas, formadores de juntas, retenedores, cianocrilatos reforzados con caucho, cianocrilatos ultrar\u00e1pidos, cianocrilatos para plasticos y caucho, cianocrilatos generales, cianocrilatos con poco olor, cianocrilatos para metales, adhesivos en aerosol, selladores y adhesivos, cintas de aluminio, cintas de vinilo para se\u00f1alizaci\u00f3n, cintas de tela americanas, cintas de papel para enmascarar, cintas para embalaje\",\"publisher\":{\"@id\":\"https:\/\/distribuidor-cintas-adhesivas.es\/pt-pt\/#organization\"},\"potentialAction\":[{\"@type\":\"SearchAction\",\"target\":{\"@type\":\"EntryPoint\",\"urlTemplate\":\"https:\/\/distribuidor-cintas-adhesivas.es\/pt-pt\/?s={search_term_string}\"},\"query-input\":{\"@type\":\"PropertyValueSpecification\",\"valueRequired\":true,\"valueName\":\"search_term_string\"}}],\"inLanguage\":\"pt-PT\"},{\"@type\":\"Organization\",\"@id\":\"https:\/\/distribuidor-cintas-adhesivas.es\/pt-pt\/#organization\",\"name\":\"Distribuidor de cintas 3M\",\"url\":\"https:\/\/distribuidor-cintas-adhesivas.es\/pt-pt\/\",\"logo\":{\"@type\":\"ImageObject\",\"inLanguage\":\"pt-PT\",\"@id\":\"https:\/\/distribuidor-cintas-adhesivas.es\/pt-pt\/#\/schema\/logo\/image\/\",\"url\":\"https:\/\/distribuidor-cintas-adhesivas.es\/wp-content\/uploads\/2022\/10\/logo-espanol-portugues.png\",\"contentUrl\":\"https:\/\/distribuidor-cintas-adhesivas.es\/wp-content\/uploads\/2022\/10\/logo-espanol-portugues.png\",\"width\":739,\"height\":150,\"caption\":\"Distribuidor de cintas 3M\"},\"image\":{\"@id\":\"https:\/\/distribuidor-cintas-adhesivas.es\/pt-pt\/#\/schema\/logo\/image\/\"},\"sameAs\":[\"https:\/\/distribuidorcintastesa.es\",\"https:\/\/solbi-mural.com\/es\/\",\"https:\/\/muralsrd.com\/\",\"https:\/\/www.instagram.com\/solbimural\/?igsh=ZnR6ZmkzZm1ubWhl\"]}]}<\/script>\n<!-- \/ Yoast SEO Premium plugin. -->","yoast_head_json":{"title":"3M Imprimis\u00e3o Stamark P50","description":"3M Imprimis\u00e3o Stamark P50 \u00e9 um adesivo para prepara\u00e7\u00e3o de superf\u00edcies, principalmente para melhorar a ader\u00eancia das fitas 3M\u2122 Stamark\u2122.","robots":{"index":"index","follow":"follow","max-snippet":"max-snippet:-1","max-image-preview":"max-image-preview:large","max-video-preview":"max-video-preview:-1"},"canonical":"https:\/\/distribuidor-cintas-adhesivas.es\/pt-pt\/producto\/3m-imprimisao-stamark-p50\/","og_locale":"pt_PT","og_type":"article","og_title":"3M\u2122 Imprimis\u00e3o Stamark\u2122 P50","og_description":"3M Imprimis\u00e3o Stamark P50 \u00e9 um adesivo para prepara\u00e7\u00e3o de superf\u00edcies, principalmente para melhorar a ader\u00eancia das fitas 3M\u2122 Stamark\u2122.","og_url":"https:\/\/distribuidor-cintas-adhesivas.es\/pt-pt\/producto\/3m-imprimisao-stamark-p50\/","og_site_name":"Distribuidor de cintas 3M, productos 3M, http:\/\/www.http:\/\/distribuidorcintas3m.es, Mejores ofertas en cintas","article_modified_time":"2024-07-22T09:06:57+00:00","og_image":[{"width":600,"height":600,"url":"https:\/\/distribuidor-cintas-adhesivas.es\/wp-content\/uploads\/2024\/04\/3m-stamark-p50-imprimacion-bote-de-20l.jpg","type":"image\/jpeg"}],"twitter_card":"summary_large_image","twitter_misc":{"Tempo estimado de leitura":"1 minuto"},"schema":{"@context":"https:\/\/schema.org","@graph":[{"@type":"WebPage","@id":"https:\/\/distribuidor-cintas-adhesivas.es\/pt-pt\/producto\/3m-imprimisao-stamark-p50\/","url":"https:\/\/distribuidor-cintas-adhesivas.es\/pt-pt\/producto\/3m-imprimisao-stamark-p50\/","name":"3M Imprimis\u00e3o Stamark P50","isPartOf":{"@id":"https:\/\/distribuidor-cintas-adhesivas.es\/pt-pt\/#website"},"primaryImageOfPage":{"@id":"https:\/\/distribuidor-cintas-adhesivas.es\/pt-pt\/producto\/3m-imprimisao-stamark-p50\/#primaryimage"},"image":{"@id":"https:\/\/distribuidor-cintas-adhesivas.es\/pt-pt\/producto\/3m-imprimisao-stamark-p50\/#primaryimage"},"thumbnailUrl":"https:\/\/distribuidor-cintas-adhesivas.es\/wp-content\/uploads\/2024\/04\/3m-stamark-p50-imprimacion-bote-de-20l.jpg","datePublished":"2024-05-06T07:53:48+00:00","dateModified":"2024-07-22T09:06:57+00:00","description":"3M Imprimis\u00e3o Stamark P50 \u00e9 um adesivo para prepara\u00e7\u00e3o de superf\u00edcies, principalmente para melhorar a ader\u00eancia das fitas 3M\u2122 Stamark\u2122.","breadcrumb":{"@id":"https:\/\/distribuidor-cintas-adhesivas.es\/pt-pt\/producto\/3m-imprimisao-stamark-p50\/#breadcrumb"},"inLanguage":"pt-PT","potentialAction":[{"@type":"ReadAction","target":["https:\/\/distribuidor-cintas-adhesivas.es\/pt-pt\/producto\/3m-imprimisao-stamark-p50\/"]}]},{"@type":"ImageObject","inLanguage":"pt-PT","@id":"https:\/\/distribuidor-cintas-adhesivas.es\/pt-pt\/producto\/3m-imprimisao-stamark-p50\/#primaryimage","url":"https:\/\/distribuidor-cintas-adhesivas.es\/wp-content\/uploads\/2024\/04\/3m-stamark-p50-imprimacion-bote-de-20l.jpg","contentUrl":"https:\/\/distribuidor-cintas-adhesivas.es\/wp-content\/uploads\/2024\/04\/3m-stamark-p50-imprimacion-bote-de-20l.jpg","width":600,"height":600,"caption":"3M Imprimis\u00e3o Stamark P50"},{"@type":"BreadcrumbList","@id":"https:\/\/distribuidor-cintas-adhesivas.es\/pt-pt\/producto\/3m-imprimisao-stamark-p50\/#breadcrumb","itemListElement":[{"@type":"ListItem","position":1,"name":"Portada","item":"https:\/\/distribuidor-cintas-adhesivas.es\/pt-pt\/"},{"@type":"ListItem","position":2,"name":"Produtos","item":"https:\/\/distribuidor-cintas-adhesivas.es\/shop\/"},{"@type":"ListItem","position":3,"name":"3M\u2122 Imprimis\u00e3o Stamark\u2122 P50"}]},{"@type":"WebSite","@id":"https:\/\/distribuidor-cintas-adhesivas.es\/pt-pt\/#website","url":"https:\/\/distribuidor-cintas-adhesivas.es\/pt-pt\/","name":"Distribuidor de cintas 3M","description":"Distribuidor de cintas 3M, productos 3M, cinta adhesiva, 3M cinta doble cara, adhesivos 3M, cinta antideslizante, velcro 3M, cinta reflectante, 3m scotch, selladores de tuber\u00edas, formadores de juntas, retenedores, cianocrilatos reforzados con caucho, cianocrilatos ultrar\u00e1pidos, cianocrilatos para plasticos y caucho, cianocrilatos generales, cianocrilatos con poco olor, cianocrilatos para metales, adhesivos en aerosol, selladores y adhesivos, cintas de aluminio, cintas de vinilo para se\u00f1alizaci\u00f3n, cintas de tela americanas, cintas de papel para enmascarar, cintas para embalaje","publisher":{"@id":"https:\/\/distribuidor-cintas-adhesivas.es\/pt-pt\/#organization"},"potentialAction":[{"@type":"SearchAction","target":{"@type":"EntryPoint","urlTemplate":"https:\/\/distribuidor-cintas-adhesivas.es\/pt-pt\/?s={search_term_string}"},"query-input":{"@type":"PropertyValueSpecification","valueRequired":true,"valueName":"search_term_string"}}],"inLanguage":"pt-PT"},{"@type":"Organization","@id":"https:\/\/distribuidor-cintas-adhesivas.es\/pt-pt\/#organization","name":"Distribuidor de cintas 3M","url":"https:\/\/distribuidor-cintas-adhesivas.es\/pt-pt\/","logo":{"@type":"ImageObject","inLanguage":"pt-PT","@id":"https:\/\/distribuidor-cintas-adhesivas.es\/pt-pt\/#\/schema\/logo\/image\/","url":"https:\/\/distribuidor-cintas-adhesivas.es\/wp-content\/uploads\/2022\/10\/logo-espanol-portugues.png","contentUrl":"https:\/\/distribuidor-cintas-adhesivas.es\/wp-content\/uploads\/2022\/10\/logo-espanol-portugues.png","width":739,"height":150,"caption":"Distribuidor de cintas 3M"},"image":{"@id":"https:\/\/distribuidor-cintas-adhesivas.es\/pt-pt\/#\/schema\/logo\/image\/"},"sameAs":["https:\/\/distribuidorcintastesa.es","https:\/\/solbi-mural.com\/es\/","https:\/\/muralsrd.com\/","https:\/\/www.instagram.com\/solbimural\/?igsh=ZnR6ZmkzZm1ubWhl"]}]}},"_links":{"self":[{"href":"https:\/\/distribuidor-cintas-adhesivas.es\/pt-pt\/wp-json\/wp\/v2\/product\/4886","targetHints":{"allow":["GET"]}}],"collection":[{"href":"https:\/\/distribuidor-cintas-adhesivas.es\/pt-pt\/wp-json\/wp\/v2\/product"}],"about":[{"href":"https:\/\/distribuidor-cintas-adhesivas.es\/pt-pt\/wp-json\/wp\/v2\/types\/product"}],"wp:featuredmedia":[{"embeddable":true,"href":"https:\/\/distribuidor-cintas-adhesivas.es\/pt-pt\/wp-json\/wp\/v2\/media\/4786"}],"wp:attachment":[{"href":"https:\/\/distribuidor-cintas-adhesivas.es\/pt-pt\/wp-json\/wp\/v2\/media?parent=4886"}],"wp:term":[{"taxonomy":"product_brand","embeddable":true,"href":"https:\/\/distribuidor-cintas-adhesivas.es\/pt-pt\/wp-json\/wp\/v2\/product_brand?post=4886"},{"taxonomy":"product_cat","embeddable":true,"href":"https:\/\/distribuidor-cintas-adhesivas.es\/pt-pt\/wp-json\/wp\/v2\/product_cat?post=4886"},{"taxonomy":"product_tag","embeddable":true,"href":"https:\/\/distribuidor-cintas-adhesivas.es\/pt-pt\/wp-json\/wp\/v2\/product_tag?post=4886"}],"curies":[{"name":"wp","href":"https:\/\/api.w.org\/{rel}","templated":true}]}}