{"id":4984,"date":"2024-05-07T11:47:15","date_gmt":"2024-05-07T11:47:15","guid":{"rendered":"https:\/\/distribuidor-cintas-adhesivas.es\/producto\/3m-3410-tela-reflectora-microprismatica-classe-ra2\/"},"modified":"2024-07-22T09:00:00","modified_gmt":"2024-07-22T09:00:00","slug":"3m-3410-tela-reflectora-microprismatica-classe-ra2","status":"publish","type":"product","link":"https:\/\/distribuidor-cintas-adhesivas.es\/pt-pt\/producto\/3m-3410-tela-reflectora-microprismatica-classe-ra2\/","title":{"rendered":"3M\u2122 3410 Tela Reflectora Microprism\u00e1tica Classe RA2"},"content":{"rendered":"<p>3M\u2122 3410 Tela Reflectora Microprism\u00e1tica Classe RA2 destina-se \u00e0 marca\u00e7\u00e3o de ve\u00edculos de emerg\u00eancia, tais como ambul\u00e2ncias ou reboques, de acordo com os novos regulamentos. A homologa\u00e7\u00e3o de acordo com a norma DIN 30710 destina-se \u00e0 marca\u00e7\u00e3o de seguran\u00e7a de ve\u00edculos com direitos especiais, de acordo com o \u00a7 35 (6) do C\u00f3digo da Estrada alem\u00e3o. Marca\u00e7\u00e3o V2.<\/p>\n<p>Cumpre os valores de refletividade da norma EN 12899-1: e do Regulamento Geral de Ve\u00edculos, BOE 23 de janeiro de 2010; sinal V2 (Ve\u00edculo Obst\u00e1culo na estrada), de acordo com o Relat\u00f3rio T\u00e9cnico emitido pelo L.C.O.E. (Laborat\u00f3rio Central Oficial de Eletrotecnia). \u00c9 vendido em embalagens de 2 tiras (direita e esquerda).<\/p>\n<h4><span style=\"color: #3366ff;\"><a style=\"color: #3366ff;\" href=\"https:\/\/solbi-mural.com\/pt\/3m-fitas-reflectoras\/61-2024-3m-3410-microprismatico-retrorrefletivo-classe-ra2-branco-vermelho-pacote-de-2-rolos-141-mm-x-9-m-1-esquerdo-1-direito.html\" target=\"_blank\" rel=\"noopener\"><strong>Compra em linha 3M 3410<\/strong><\/a><\/span><\/h4>\n<p>&nbsp;<\/p>\n<h4><strong>Caracter\u00edsticas<\/strong><\/h4>\n<ul>\n<li><span lang=\"pt\" xml:lang=\"pt\">3M\u2122 3410 Tela Reflectora Microprism\u00e1tica Classe RA2 \u00e9 Homologada para a sinaliza\u00e7\u00e3o de ambul\u00e2ncias. Marca\u00e7\u00e3o V2.<\/span><\/li>\n<li><span lang=\"pt\" xml:lang=\"pt\">Muito boa vis\u00e3o nocturna.<\/span><\/li>\n<li><span lang=\"pt\" xml:lang=\"pt\">Mais fino e mais flex\u00edvel devido \u00e0 constru\u00e7\u00e3o de camada \u00fanica.<\/span><\/li>\n<li><span lang=\"pt\" xml:lang=\"pt\">Chevron branco ou vermelho impresso num \u00e2ngulo de 45\u00b0<\/span><\/li>\n<li><span lang=\"pt\" xml:lang=\"pt\">Aspeto branco (mais branco do que as fitas de marca\u00e7\u00e3o de ve\u00edculos comuns)<\/span><\/li>\n<\/ul>\n<h4>Aplica\u00e7\u00f5es<\/h4>\n<ul>\n<li>F\u00e1cil de aplicar, basta exercer uma ligeira press\u00e3o com a m\u00e3o ou com a ajuda de uma esp\u00e1tula de pl\u00e1stico\/borracha.<\/li>\n<li>Adequado para aplica\u00e7\u00e3o em superf\u00edcies lisas e minimamente curvas.<\/li>\n<li>Resistente ao impacto<\/li>\n<li>Remov\u00edvel pelo calor<\/li>\n<li>Garantia 3M at\u00e9 3 anos no exterior<\/li>\n<\/ul>\n<p><span style=\"font-size: 16px;\">Se procura flexibilidade e\/ou um material adapt\u00e1vel para lonas, recomendamos as fitas 3M\u00a0<\/span><a style=\"font-size: 16px; background-color: #ffffff;\" href=\"https:\/\/solbi-mural.com\/pt\/3m-fitas-reflectoras\/48-44-3m-diamond-grade-997957-folha-retrorrefletivo-microprismatico-segmentado-classe-c-classe-ece104-dg-rolo-51mm-x-50m.html\" target=\"_blank\" rel=\"noopener\">957S<\/a><span style=\"font-size: 16px;\"> o <\/span><a style=\"font-size: 16px; background-color: #ffffff;\" href=\"https:\/\/solbi-mural.com\/pt\/3m-fitas-reflectoras\/39-29-3m-diamond-grade-983-72s-refletivo-segm-cisternas-rolo-50mm-x-50m-4046719623860.html\" target=\"_blank\" rel=\"noopener\">983S<\/a><span style=\"font-size: 16px;\">.<\/span><\/p>\n<h4><strong>Produtos Relacionados<\/strong><\/h4>\n<ul>\n<li><a href=\"https:\/\/distribuidor-cintas-adhesivas.es\/pt-pt\/producto\/folha-reflectora-flexivel-3m-823i-classe-ra2\/\" target=\"_blank\" rel=\"noopener\">823i<\/a><\/li>\n<li><a href=\"https:\/\/distribuidor-cintas-adhesivas.es\/pt-pt\/producto\/3m-lamina-retrorreflectante-957s-ece104\/\" target=\"_blank\" rel=\"noopener\">957S<\/a><\/li>\n<li><a href=\"https:\/\/distribuidor-cintas-adhesivas.es\/pt-pt\/producto\/3m-diamond-grade-983-72-s-ece104\/\" target=\"_blank\" rel=\"noopener\">983S<\/a><\/li>\n<li><a href=\"https:\/\/distribuidor-cintas-adhesivas.es\/pt-pt\/producto\/3m-3932-tela-retrorreflectora-microprismatica-classe-ra2\/\">3932<\/a><\/li>\n<li><a href=\"https:\/\/distribuidor-cintas-adhesivas.es\/pt-pt\/producto\/3m-3431-tela-retrorreflectora-microprismatica-classe-ra1-egp\/\">3431<\/a><\/li>\n<li><a href=\"https:\/\/distribuidor-cintas-adhesivas.es\/pt-pt\/producto\/3m-4083-tela-retrorreflectora-microprismatica-classe-ra3\/\">4083<\/a><\/li>\n<\/ul>\n","protected":false},"excerpt":{"rendered":"<p>3M\u2122 3410 Tela Reflectora Microprism\u00e1tica Classe RA2 destina-se \u00e0 marca\u00e7\u00e3o de ve\u00edculos de emerg\u00eancia, tais como ambul\u00e2ncias ou reboques, de acordo com os novos regulamentos. A homologa\u00e7\u00e3o de acordo com a norma DIN 30710 destina-se \u00e0 marca\u00e7\u00e3o de seguran\u00e7a de ve\u00edculos com direitos especiais, de acordo com o \u00a7 35 (6) do C\u00f3digo da Estrada [&hellip;]<\/p>\n","protected":false},"featured_media":4980,"template":"","meta":{"site-sidebar-layout":"default","site-content-layout":"","ast-site-content-layout":"default","site-content-style":"default","site-sidebar-style":"default","ast-global-header-display":"","ast-banner-title-visibility":"","ast-main-header-display":"","ast-hfb-above-header-display":"","ast-hfb-below-header-display":"","ast-hfb-mobile-header-display":"","site-post-title":"","ast-breadcrumbs-content":"","ast-featured-img":"","footer-sml-layout":"","ast-disable-related-posts":"","theme-transparent-header-meta":"default","adv-header-id-meta":"","stick-header-meta":"","header-above-stick-meta":"","header-main-stick-meta":"","header-below-stick-meta":"","astra-migrate-meta-layouts":"set","ast-page-background-enabled":"default","ast-page-background-meta":{"desktop":{"background-color":"","background-image":"","background-repeat":"repeat","background-position":"center center","background-size":"auto","background-attachment":"scroll","background-type":"","background-media":"","overlay-type":"","overlay-color":"","overlay-opacity":"","overlay-gradient":""},"tablet":{"background-color":"","background-image":"","background-repeat":"repeat","background-position":"center center","background-size":"auto","background-attachment":"scroll","background-type":"","background-media":"","overlay-type":"","overlay-color":"","overlay-opacity":"","overlay-gradient":""},"mobile":{"background-color":"","background-image":"","background-repeat":"repeat","background-position":"center center","background-size":"auto","background-attachment":"scroll","background-type":"","background-media":"","overlay-type":"","overlay-color":"","overlay-opacity":"","overlay-gradient":""}},"ast-content-background-meta":{"desktop":{"background-color":"var(--ast-global-color-5)","background-image":"","background-repeat":"repeat","background-position":"center center","background-size":"auto","background-attachment":"scroll","background-type":"","background-media":"","overlay-type":"","overlay-color":"","overlay-opacity":"","overlay-gradient":""},"tablet":{"background-color":"var(--ast-global-color-5)","background-image":"","background-repeat":"repeat","background-position":"center center","background-size":"auto","background-attachment":"scroll","background-type":"","background-media":"","overlay-type":"","overlay-color":"","overlay-opacity":"","overlay-gradient":""},"mobile":{"background-color":"var(--ast-global-color-5)","background-image":"","background-repeat":"repeat","background-position":"center center","background-size":"auto","background-attachment":"scroll","background-type":"","background-media":"","overlay-type":"","overlay-color":"","overlay-opacity":"","overlay-gradient":""}}},"product_brand":[],"product_cat":[2619],"product_tag":[2759,2760,2761,2762,2763],"class_list":{"0":"post-4984","1":"product","2":"type-product","3":"status-publish","4":"has-post-thumbnail","6":"product_cat-fitas-reflectantes-pt","7":"product_tag-3410-3m-pt-pt","8":"product_tag-fita-3410-3m","9":"product_tag-fita-homologada","10":"product_tag-fita-reflectora-para-ambulancia","11":"product_tag-fita-reflectora-para-gruas","12":"desktop-align-center","13":"tablet-align-center","14":"mobile-align-center","16":"first","17":"instock","18":"shipping-taxable","19":"product-type-simple"},"yoast_head":"<!-- This site is optimized with the Yoast SEO Premium plugin v27.2 (Yoast SEO v27.2) - https:\/\/yoast.com\/product\/yoast-seo-premium-wordpress\/ -->\n<title>3M\u2122 3410 Tela Reflectora Microprism\u00e1tica Classe RA2<\/title>\n<meta name=\"description\" content=\"3M\u2122 3410 Tela Reflectora Microprism\u00e1tica Classe RA2 Utilizado para a etiquetagem de ve\u00edculos de emerg\u00eancia, como ambul\u00e2ncias ou gruas. Com aprova\u00e7\u00e3o.\" \/>\n<meta name=\"robots\" content=\"index, follow, max-snippet:-1, max-image-preview:large, max-video-preview:-1\" \/>\n<link rel=\"canonical\" href=\"https:\/\/distribuidor-cintas-adhesivas.es\/pt-pt\/producto\/3m-3410-tela-reflectora-microprismatica-classe-ra2\/\" \/>\n<meta property=\"og:locale\" content=\"pt_PT\" \/>\n<meta property=\"og:type\" content=\"article\" \/>\n<meta property=\"og:title\" content=\"3M\u2122 3410 Tela Reflectora Microprism\u00e1tica Classe RA2\" \/>\n<meta property=\"og:description\" content=\"3M\u2122 3410 Tela Reflectora Microprism\u00e1tica Classe RA2 Utilizado para a etiquetagem de ve\u00edculos de emerg\u00eancia, como ambul\u00e2ncias ou gruas. Com aprova\u00e7\u00e3o.\" \/>\n<meta property=\"og:url\" content=\"https:\/\/distribuidor-cintas-adhesivas.es\/pt-pt\/producto\/3m-3410-tela-reflectora-microprismatica-classe-ra2\/\" \/>\n<meta property=\"og:site_name\" content=\"Distribuidor de cintas 3M, productos 3M, http:\/\/www.http:\/\/distribuidorcintas3m.es, Mejores ofertas en cintas\" \/>\n<meta property=\"article:modified_time\" content=\"2024-07-22T09:00:00+00:00\" \/>\n<meta property=\"og:image\" content=\"https:\/\/distribuidor-cintas-adhesivas.es\/wp-content\/uploads\/2024\/05\/3M-3410-Cinta-reflectante-Microprismas-Clase-RA2-scaled.jpeg\" \/>\n\t<meta property=\"og:image:width\" content=\"2560\" \/>\n\t<meta property=\"og:image:height\" content=\"2560\" \/>\n\t<meta property=\"og:image:type\" content=\"image\/jpeg\" \/>\n<meta name=\"twitter:card\" content=\"summary_large_image\" \/>\n<meta name=\"twitter:label1\" content=\"Tempo estimado de leitura\" \/>\n\t<meta name=\"twitter:data1\" content=\"2 minutos\" \/>\n<script type=\"application\/ld+json\" class=\"yoast-schema-graph\">{\"@context\":\"https:\/\/schema.org\",\"@graph\":[{\"@type\":\"WebPage\",\"@id\":\"https:\/\/distribuidor-cintas-adhesivas.es\/pt-pt\/producto\/3m-3410-tela-reflectora-microprismatica-classe-ra2\/\",\"url\":\"https:\/\/distribuidor-cintas-adhesivas.es\/pt-pt\/producto\/3m-3410-tela-reflectora-microprismatica-classe-ra2\/\",\"name\":\"3M\u2122 3410 Tela Reflectora Microprism\u00e1tica Classe RA2\",\"isPartOf\":{\"@id\":\"https:\/\/distribuidor-cintas-adhesivas.es\/pt-pt\/#website\"},\"primaryImageOfPage\":{\"@id\":\"https:\/\/distribuidor-cintas-adhesivas.es\/pt-pt\/producto\/3m-3410-tela-reflectora-microprismatica-classe-ra2\/#primaryimage\"},\"image\":{\"@id\":\"https:\/\/distribuidor-cintas-adhesivas.es\/pt-pt\/producto\/3m-3410-tela-reflectora-microprismatica-classe-ra2\/#primaryimage\"},\"thumbnailUrl\":\"https:\/\/distribuidor-cintas-adhesivas.es\/wp-content\/uploads\/2024\/05\/3M-3410-Cinta-reflectante-Microprismas-Clase-RA2-scaled.jpeg\",\"datePublished\":\"2024-05-07T11:47:15+00:00\",\"dateModified\":\"2024-07-22T09:00:00+00:00\",\"description\":\"3M\u2122 3410 Tela Reflectora Microprism\u00e1tica Classe RA2 Utilizado para a etiquetagem de ve\u00edculos de emerg\u00eancia, como ambul\u00e2ncias ou gruas. Com aprova\u00e7\u00e3o.\",\"breadcrumb\":{\"@id\":\"https:\/\/distribuidor-cintas-adhesivas.es\/pt-pt\/producto\/3m-3410-tela-reflectora-microprismatica-classe-ra2\/#breadcrumb\"},\"inLanguage\":\"pt-PT\",\"potentialAction\":[{\"@type\":\"ReadAction\",\"target\":[\"https:\/\/distribuidor-cintas-adhesivas.es\/pt-pt\/producto\/3m-3410-tela-reflectora-microprismatica-classe-ra2\/\"]}]},{\"@type\":\"ImageObject\",\"inLanguage\":\"pt-PT\",\"@id\":\"https:\/\/distribuidor-cintas-adhesivas.es\/pt-pt\/producto\/3m-3410-tela-reflectora-microprismatica-classe-ra2\/#primaryimage\",\"url\":\"https:\/\/distribuidor-cintas-adhesivas.es\/wp-content\/uploads\/2024\/05\/3M-3410-Cinta-reflectante-Microprismas-Clase-RA2-scaled.jpeg\",\"contentUrl\":\"https:\/\/distribuidor-cintas-adhesivas.es\/wp-content\/uploads\/2024\/05\/3M-3410-Cinta-reflectante-Microprismas-Clase-RA2-scaled.jpeg\",\"width\":2560,\"height\":2560,\"caption\":\"Fita reflectora de microprisma 3M 3410 Classe RA2 Homologada\"},{\"@type\":\"BreadcrumbList\",\"@id\":\"https:\/\/distribuidor-cintas-adhesivas.es\/pt-pt\/producto\/3m-3410-tela-reflectora-microprismatica-classe-ra2\/#breadcrumb\",\"itemListElement\":[{\"@type\":\"ListItem\",\"position\":1,\"name\":\"Portada\",\"item\":\"https:\/\/distribuidor-cintas-adhesivas.es\/pt-pt\/\"},{\"@type\":\"ListItem\",\"position\":2,\"name\":\"Produtos\",\"item\":\"https:\/\/distribuidor-cintas-adhesivas.es\/shop\/\"},{\"@type\":\"ListItem\",\"position\":3,\"name\":\"3M\u2122 3410 Tela Reflectora Microprism\u00e1tica Classe RA2\"}]},{\"@type\":\"WebSite\",\"@id\":\"https:\/\/distribuidor-cintas-adhesivas.es\/pt-pt\/#website\",\"url\":\"https:\/\/distribuidor-cintas-adhesivas.es\/pt-pt\/\",\"name\":\"Distribuidor de cintas 3M\",\"description\":\"Distribuidor de cintas 3M, productos 3M, cinta adhesiva, 3M cinta doble cara, adhesivos 3M, cinta antideslizante, velcro 3M, cinta reflectante, 3m scotch, selladores de tuber\u00edas, formadores de juntas, retenedores, cianocrilatos reforzados con caucho, cianocrilatos ultrar\u00e1pidos, cianocrilatos para plasticos y caucho, cianocrilatos generales, cianocrilatos con poco olor, cianocrilatos para metales, adhesivos en aerosol, selladores y adhesivos, cintas de aluminio, cintas de vinilo para se\u00f1alizaci\u00f3n, cintas de tela americanas, cintas de papel para enmascarar, cintas para embalaje\",\"publisher\":{\"@id\":\"https:\/\/distribuidor-cintas-adhesivas.es\/pt-pt\/#organization\"},\"potentialAction\":[{\"@type\":\"SearchAction\",\"target\":{\"@type\":\"EntryPoint\",\"urlTemplate\":\"https:\/\/distribuidor-cintas-adhesivas.es\/pt-pt\/?s={search_term_string}\"},\"query-input\":{\"@type\":\"PropertyValueSpecification\",\"valueRequired\":true,\"valueName\":\"search_term_string\"}}],\"inLanguage\":\"pt-PT\"},{\"@type\":\"Organization\",\"@id\":\"https:\/\/distribuidor-cintas-adhesivas.es\/pt-pt\/#organization\",\"name\":\"Distribuidor de cintas 3M\",\"url\":\"https:\/\/distribuidor-cintas-adhesivas.es\/pt-pt\/\",\"logo\":{\"@type\":\"ImageObject\",\"inLanguage\":\"pt-PT\",\"@id\":\"https:\/\/distribuidor-cintas-adhesivas.es\/pt-pt\/#\/schema\/logo\/image\/\",\"url\":\"https:\/\/distribuidor-cintas-adhesivas.es\/wp-content\/uploads\/2022\/10\/logo-espanol-portugues.png\",\"contentUrl\":\"https:\/\/distribuidor-cintas-adhesivas.es\/wp-content\/uploads\/2022\/10\/logo-espanol-portugues.png\",\"width\":739,\"height\":150,\"caption\":\"Distribuidor de cintas 3M\"},\"image\":{\"@id\":\"https:\/\/distribuidor-cintas-adhesivas.es\/pt-pt\/#\/schema\/logo\/image\/\"},\"sameAs\":[\"https:\/\/distribuidorcintastesa.es\",\"https:\/\/solbi-mural.com\/es\/\",\"https:\/\/muralsrd.com\/\",\"https:\/\/www.instagram.com\/solbimural\/?igsh=ZnR6ZmkzZm1ubWhl\"]}]}<\/script>\n<!-- \/ Yoast SEO Premium plugin. -->","yoast_head_json":{"title":"3M\u2122 3410 Tela Reflectora Microprism\u00e1tica Classe RA2","description":"3M\u2122 3410 Tela Reflectora Microprism\u00e1tica Classe RA2 Utilizado para a etiquetagem de ve\u00edculos de emerg\u00eancia, como ambul\u00e2ncias ou gruas. Com aprova\u00e7\u00e3o.","robots":{"index":"index","follow":"follow","max-snippet":"max-snippet:-1","max-image-preview":"max-image-preview:large","max-video-preview":"max-video-preview:-1"},"canonical":"https:\/\/distribuidor-cintas-adhesivas.es\/pt-pt\/producto\/3m-3410-tela-reflectora-microprismatica-classe-ra2\/","og_locale":"pt_PT","og_type":"article","og_title":"3M\u2122 3410 Tela Reflectora Microprism\u00e1tica Classe RA2","og_description":"3M\u2122 3410 Tela Reflectora Microprism\u00e1tica Classe RA2 Utilizado para a etiquetagem de ve\u00edculos de emerg\u00eancia, como ambul\u00e2ncias ou gruas. Com aprova\u00e7\u00e3o.","og_url":"https:\/\/distribuidor-cintas-adhesivas.es\/pt-pt\/producto\/3m-3410-tela-reflectora-microprismatica-classe-ra2\/","og_site_name":"Distribuidor de cintas 3M, productos 3M, http:\/\/www.http:\/\/distribuidorcintas3m.es, Mejores ofertas en cintas","article_modified_time":"2024-07-22T09:00:00+00:00","og_image":[{"width":2560,"height":2560,"url":"https:\/\/distribuidor-cintas-adhesivas.es\/wp-content\/uploads\/2024\/05\/3M-3410-Cinta-reflectante-Microprismas-Clase-RA2-scaled.jpeg","type":"image\/jpeg"}],"twitter_card":"summary_large_image","twitter_misc":{"Tempo estimado de leitura":"2 minutos"},"schema":{"@context":"https:\/\/schema.org","@graph":[{"@type":"WebPage","@id":"https:\/\/distribuidor-cintas-adhesivas.es\/pt-pt\/producto\/3m-3410-tela-reflectora-microprismatica-classe-ra2\/","url":"https:\/\/distribuidor-cintas-adhesivas.es\/pt-pt\/producto\/3m-3410-tela-reflectora-microprismatica-classe-ra2\/","name":"3M\u2122 3410 Tela Reflectora Microprism\u00e1tica Classe RA2","isPartOf":{"@id":"https:\/\/distribuidor-cintas-adhesivas.es\/pt-pt\/#website"},"primaryImageOfPage":{"@id":"https:\/\/distribuidor-cintas-adhesivas.es\/pt-pt\/producto\/3m-3410-tela-reflectora-microprismatica-classe-ra2\/#primaryimage"},"image":{"@id":"https:\/\/distribuidor-cintas-adhesivas.es\/pt-pt\/producto\/3m-3410-tela-reflectora-microprismatica-classe-ra2\/#primaryimage"},"thumbnailUrl":"https:\/\/distribuidor-cintas-adhesivas.es\/wp-content\/uploads\/2024\/05\/3M-3410-Cinta-reflectante-Microprismas-Clase-RA2-scaled.jpeg","datePublished":"2024-05-07T11:47:15+00:00","dateModified":"2024-07-22T09:00:00+00:00","description":"3M\u2122 3410 Tela Reflectora Microprism\u00e1tica Classe RA2 Utilizado para a etiquetagem de ve\u00edculos de emerg\u00eancia, como ambul\u00e2ncias ou gruas. Com aprova\u00e7\u00e3o.","breadcrumb":{"@id":"https:\/\/distribuidor-cintas-adhesivas.es\/pt-pt\/producto\/3m-3410-tela-reflectora-microprismatica-classe-ra2\/#breadcrumb"},"inLanguage":"pt-PT","potentialAction":[{"@type":"ReadAction","target":["https:\/\/distribuidor-cintas-adhesivas.es\/pt-pt\/producto\/3m-3410-tela-reflectora-microprismatica-classe-ra2\/"]}]},{"@type":"ImageObject","inLanguage":"pt-PT","@id":"https:\/\/distribuidor-cintas-adhesivas.es\/pt-pt\/producto\/3m-3410-tela-reflectora-microprismatica-classe-ra2\/#primaryimage","url":"https:\/\/distribuidor-cintas-adhesivas.es\/wp-content\/uploads\/2024\/05\/3M-3410-Cinta-reflectante-Microprismas-Clase-RA2-scaled.jpeg","contentUrl":"https:\/\/distribuidor-cintas-adhesivas.es\/wp-content\/uploads\/2024\/05\/3M-3410-Cinta-reflectante-Microprismas-Clase-RA2-scaled.jpeg","width":2560,"height":2560,"caption":"Fita reflectora de microprisma 3M 3410 Classe RA2 Homologada"},{"@type":"BreadcrumbList","@id":"https:\/\/distribuidor-cintas-adhesivas.es\/pt-pt\/producto\/3m-3410-tela-reflectora-microprismatica-classe-ra2\/#breadcrumb","itemListElement":[{"@type":"ListItem","position":1,"name":"Portada","item":"https:\/\/distribuidor-cintas-adhesivas.es\/pt-pt\/"},{"@type":"ListItem","position":2,"name":"Produtos","item":"https:\/\/distribuidor-cintas-adhesivas.es\/shop\/"},{"@type":"ListItem","position":3,"name":"3M\u2122 3410 Tela Reflectora Microprism\u00e1tica Classe RA2"}]},{"@type":"WebSite","@id":"https:\/\/distribuidor-cintas-adhesivas.es\/pt-pt\/#website","url":"https:\/\/distribuidor-cintas-adhesivas.es\/pt-pt\/","name":"Distribuidor de cintas 3M","description":"Distribuidor de cintas 3M, productos 3M, cinta adhesiva, 3M cinta doble cara, adhesivos 3M, cinta antideslizante, velcro 3M, cinta reflectante, 3m scotch, selladores de tuber\u00edas, formadores de juntas, retenedores, cianocrilatos reforzados con caucho, cianocrilatos ultrar\u00e1pidos, cianocrilatos para plasticos y caucho, cianocrilatos generales, cianocrilatos con poco olor, cianocrilatos para metales, adhesivos en aerosol, selladores y adhesivos, cintas de aluminio, cintas de vinilo para se\u00f1alizaci\u00f3n, cintas de tela americanas, cintas de papel para enmascarar, cintas para embalaje","publisher":{"@id":"https:\/\/distribuidor-cintas-adhesivas.es\/pt-pt\/#organization"},"potentialAction":[{"@type":"SearchAction","target":{"@type":"EntryPoint","urlTemplate":"https:\/\/distribuidor-cintas-adhesivas.es\/pt-pt\/?s={search_term_string}"},"query-input":{"@type":"PropertyValueSpecification","valueRequired":true,"valueName":"search_term_string"}}],"inLanguage":"pt-PT"},{"@type":"Organization","@id":"https:\/\/distribuidor-cintas-adhesivas.es\/pt-pt\/#organization","name":"Distribuidor de cintas 3M","url":"https:\/\/distribuidor-cintas-adhesivas.es\/pt-pt\/","logo":{"@type":"ImageObject","inLanguage":"pt-PT","@id":"https:\/\/distribuidor-cintas-adhesivas.es\/pt-pt\/#\/schema\/logo\/image\/","url":"https:\/\/distribuidor-cintas-adhesivas.es\/wp-content\/uploads\/2022\/10\/logo-espanol-portugues.png","contentUrl":"https:\/\/distribuidor-cintas-adhesivas.es\/wp-content\/uploads\/2022\/10\/logo-espanol-portugues.png","width":739,"height":150,"caption":"Distribuidor de cintas 3M"},"image":{"@id":"https:\/\/distribuidor-cintas-adhesivas.es\/pt-pt\/#\/schema\/logo\/image\/"},"sameAs":["https:\/\/distribuidorcintastesa.es","https:\/\/solbi-mural.com\/es\/","https:\/\/muralsrd.com\/","https:\/\/www.instagram.com\/solbimural\/?igsh=ZnR6ZmkzZm1ubWhl"]}]}},"_links":{"self":[{"href":"https:\/\/distribuidor-cintas-adhesivas.es\/pt-pt\/wp-json\/wp\/v2\/product\/4984","targetHints":{"allow":["GET"]}}],"collection":[{"href":"https:\/\/distribuidor-cintas-adhesivas.es\/pt-pt\/wp-json\/wp\/v2\/product"}],"about":[{"href":"https:\/\/distribuidor-cintas-adhesivas.es\/pt-pt\/wp-json\/wp\/v2\/types\/product"}],"wp:featuredmedia":[{"embeddable":true,"href":"https:\/\/distribuidor-cintas-adhesivas.es\/pt-pt\/wp-json\/wp\/v2\/media\/4980"}],"wp:attachment":[{"href":"https:\/\/distribuidor-cintas-adhesivas.es\/pt-pt\/wp-json\/wp\/v2\/media?parent=4984"}],"wp:term":[{"taxonomy":"product_brand","embeddable":true,"href":"https:\/\/distribuidor-cintas-adhesivas.es\/pt-pt\/wp-json\/wp\/v2\/product_brand?post=4984"},{"taxonomy":"product_cat","embeddable":true,"href":"https:\/\/distribuidor-cintas-adhesivas.es\/pt-pt\/wp-json\/wp\/v2\/product_cat?post=4984"},{"taxonomy":"product_tag","embeddable":true,"href":"https:\/\/distribuidor-cintas-adhesivas.es\/pt-pt\/wp-json\/wp\/v2\/product_tag?post=4984"}],"curies":[{"name":"wp","href":"https:\/\/api.w.org\/{rel}","templated":true}]}}