{"id":4991,"date":"2024-05-06T15:13:44","date_gmt":"2024-05-06T15:13:44","guid":{"rendered":"https:\/\/distribuidor-cintas-adhesivas.es\/producto\/folha-reflectora-flexivel-3m-823i-classe-ra2\/"},"modified":"2024-07-22T09:00:47","modified_gmt":"2024-07-22T09:00:47","slug":"folha-reflectora-flexivel-3m-823i-classe-ra2","status":"publish","type":"product","link":"https:\/\/distribuidor-cintas-adhesivas.es\/pt-pt\/producto\/folha-reflectora-flexivel-3m-823i-classe-ra2\/","title":{"rendered":"Folha reflectora flex\u00edvel 3M\u2122 823i Classe RA2"},"content":{"rendered":"<p>Folha reflectora flex\u00edvel 3M\u2122 823i Classe RA2 foi concebido para a inscri\u00e7\u00e3o de ve\u00edculos de assist\u00eancia na estrada ou mais vulgarmente conhecidos como reboques, de acordo com a nova regulamenta\u00e7\u00e3o aplic\u00e1vel. Aprovado para a sinaliza\u00e7\u00e3o de gruas, sinaliza\u00e7\u00e3o V2. Est\u00e1 em conformidade com os valores de refletividade da norma EN 12899-1: 2007 para os materiais da classe RA2. \u00c9 vendida em embalagens de 2 fitas (esquerda e direita, ambas com o mesmo comprimento, 9 metros ou 45,7 metros).<\/p>\n<h4><span style=\"color: #3366ff;\"><a style=\"color: #3366ff;\" href=\"https:\/\/solbi-mural.com\/pt\/3m-fitas-reflectoras\/1833-4796-3m-823i-fita-microprismatica-retrorrefletiva-flexivel-branco-vermelho-pacote-2-r-de-140-mm-x-9-m-1-esquerdo-1-direito.html\" target=\"_blank\" rel=\"noopener\"><strong>Compra em linha 3M 823i\u00a0 140mm<\/strong><\/a><\/span><\/h4>\n<h4><span style=\"color: #3366ff;\"><a style=\"color: #3366ff;\" href=\"https:\/\/solbi-mural.com\/pt\/3m-fitas-reflectoras\/1760-4804-3m-823i-fita-microprismatica-retrorrefletiva-flexivel-branco-vermelho-pacote-2-r-de-70-mm-x-9-m-1-esquerdo-1-direito.html\" target=\"_blank\" rel=\"noopener\"><strong>Compra em linha 3M 823i\u00a0 70mm<\/strong><\/a><\/span><\/h4>\n<p>&nbsp;<\/p>\n<h4><strong>Caracter\u00edsticas<\/strong><\/h4>\n<ul>\n<li><span lang=\"pt\" xml:lang=\"pt\">Folha reflectora flex\u00edvel 3M\u2122 823i Classe RA2 est\u00e1 aprovada para a sinaliza\u00e7\u00e3o de gruas. Sinaliza\u00e7\u00e3o V2.<\/span><\/li>\n<li><span lang=\"pt\" xml:lang=\"pt\">Muito boa vis\u00e3o nocturna<\/span><\/li>\n<li><span lang=\"pt\" xml:lang=\"pt\">Mais fino e mais flex\u00edvel devido \u00e0 constru\u00e7\u00e3o de camada \u00fanica.<\/span><\/li>\n<li><span lang=\"pt\" xml:lang=\"pt\">Chevron branco ou vermelho impresso num \u00e2ngulo de 45\u00b0.<\/span><\/li>\n<\/ul>\n<h4>Aplica\u00e7\u00f5es<\/h4>\n<ul>\n<li>F\u00e1cil de aplicar, basta exercer uma ligeira press\u00e3o com a m\u00e3o ou com a ajuda de uma esp\u00e1tula de pl\u00e1stico\/borracha.<\/li>\n<li>Adequado para aplica\u00e7\u00e3o em superf\u00edcies lisas e minimamente curvas.<\/li>\n<li>Resistente ao impacto<\/li>\n<li>Remov\u00edvel pelo calor<\/li>\n<li>Garantia 3M at\u00e9 3 anos no exterior<\/li>\n<\/ul>\n<p>Recomendamos o kit de 140 mm para gruas e o kit de 70 mm \u00e9 a largura ideal para os lados do reboque da grua, evitando assim a necessidade de cortar material.<\/p>\n<p>Se procura flexibilidade e\/ou um material adapt\u00e1vel para lonas, recomendamos as fitas 3M <a href=\"https:\/\/solbi-mural.com\/pt\/3m-fitas-reflectoras\/48-44-3m-diamond-grade-997957-folha-retrorrefletivo-microprismatico-segmentado-classe-c-classe-ece104-dg-rolo-51mm-x-50m.html\" target=\"_blank\" rel=\"noopener\">957S<\/a> o <a href=\"https:\/\/solbi-mural.com\/pt\/3m-fitas-reflectoras\/39-29-3m-diamond-grade-983-72s-refletivo-segm-cisternas-rolo-50mm-x-50m-4046719623860.html\" target=\"_blank\" rel=\"noopener\">983S<\/a>.<\/p>\n<h4><strong>Produtos Relacionados<\/strong><\/h4>\n<ul>\n<li><a href=\"https:\/\/distribuidor-cintas-adhesivas.es\/pt-pt\/producto\/3m-3410-tela-reflectora-microprismatica-classe-ra2\/\" target=\"_blank\" rel=\"noopener\">3410<\/a><\/li>\n<li><a href=\"https:\/\/distribuidor-cintas-adhesivas.es\/pt-pt\/producto\/3m-lamina-retrorreflectante-957s-ece104\/\" target=\"_blank\" rel=\"noopener\">957S<\/a><\/li>\n<li><a href=\"https:\/\/distribuidor-cintas-adhesivas.es\/pt-pt\/producto\/3m-diamond-grade-983-72-s-ece104\/\" target=\"_blank\" rel=\"noopener\">983S<\/a><\/li>\n<li><a href=\"https:\/\/distribuidor-cintas-adhesivas.es\/pt-pt\/producto\/3m-3932-tela-retrorreflectora-microprismatica-classe-ra2\/\">3932<\/a><\/li>\n<li><a href=\"https:\/\/distribuidor-cintas-adhesivas.es\/pt-pt\/producto\/3m-3431-tela-retrorreflectora-microprismatica-classe-ra1-egp\/\">3431<\/a><\/li>\n<\/ul>\n","protected":false},"excerpt":{"rendered":"<p>Folha reflectora flex\u00edvel 3M\u2122 823i Classe RA2 foi concebido para a inscri\u00e7\u00e3o de ve\u00edculos de assist\u00eancia na estrada ou mais vulgarmente conhecidos como reboques, de acordo com a nova regulamenta\u00e7\u00e3o aplic\u00e1vel. Aprovado para a sinaliza\u00e7\u00e3o de gruas, sinaliza\u00e7\u00e3o V2. Est\u00e1 em conformidade com os valores de refletividade da norma EN 12899-1: 2007 para os materiais [&hellip;]<\/p>\n","protected":false},"featured_media":4934,"template":"","meta":{"site-sidebar-layout":"default","site-content-layout":"","ast-site-content-layout":"default","site-content-style":"default","site-sidebar-style":"default","ast-global-header-display":"","ast-banner-title-visibility":"","ast-main-header-display":"","ast-hfb-above-header-display":"","ast-hfb-below-header-display":"","ast-hfb-mobile-header-display":"","site-post-title":"","ast-breadcrumbs-content":"","ast-featured-img":"","footer-sml-layout":"","ast-disable-related-posts":"","theme-transparent-header-meta":"default","adv-header-id-meta":"","stick-header-meta":"","header-above-stick-meta":"","header-main-stick-meta":"","header-below-stick-meta":"","astra-migrate-meta-layouts":"set","ast-page-background-enabled":"default","ast-page-background-meta":{"desktop":{"background-color":"","background-image":"","background-repeat":"repeat","background-position":"center center","background-size":"auto","background-attachment":"scroll","background-type":"","background-media":"","overlay-type":"","overlay-color":"","overlay-opacity":"","overlay-gradient":""},"tablet":{"background-color":"","background-image":"","background-repeat":"repeat","background-position":"center center","background-size":"auto","background-attachment":"scroll","background-type":"","background-media":"","overlay-type":"","overlay-color":"","overlay-opacity":"","overlay-gradient":""},"mobile":{"background-color":"","background-image":"","background-repeat":"repeat","background-position":"center center","background-size":"auto","background-attachment":"scroll","background-type":"","background-media":"","overlay-type":"","overlay-color":"","overlay-opacity":"","overlay-gradient":""}},"ast-content-background-meta":{"desktop":{"background-color":"var(--ast-global-color-5)","background-image":"","background-repeat":"repeat","background-position":"center center","background-size":"auto","background-attachment":"scroll","background-type":"","background-media":"","overlay-type":"","overlay-color":"","overlay-opacity":"","overlay-gradient":""},"tablet":{"background-color":"var(--ast-global-color-5)","background-image":"","background-repeat":"repeat","background-position":"center center","background-size":"auto","background-attachment":"scroll","background-type":"","background-media":"","overlay-type":"","overlay-color":"","overlay-opacity":"","overlay-gradient":""},"mobile":{"background-color":"var(--ast-global-color-5)","background-image":"","background-repeat":"repeat","background-position":"center center","background-size":"auto","background-attachment":"scroll","background-type":"","background-media":"","overlay-type":"","overlay-color":"","overlay-opacity":"","overlay-gradient":""}}},"product_brand":[],"product_cat":[2619],"product_tag":[2776,2655,2777,2778],"class_list":{"0":"post-4991","1":"product","2":"type-product","3":"status-publish","4":"has-post-thumbnail","6":"product_cat-fitas-reflectantes-pt","7":"product_tag-823i-3m-pt-pt","8":"product_tag-fita-reflectora-pt-pt","9":"product_tag-fita-reflectora-aprovada","10":"product_tag-refletor-flexivel-3m","11":"desktop-align-center","12":"tablet-align-center","13":"mobile-align-center","15":"first","16":"instock","17":"shipping-taxable","18":"product-type-simple"},"yoast_head":"<!-- This site is optimized with the Yoast SEO Premium plugin v27.2 (Yoast SEO v27.2) - https:\/\/yoast.com\/product\/yoast-seo-premium-wordpress\/ -->\n<title>Folha reflectora flex\u00edvel 3M\u2122 823i Classe RA2<\/title>\n<meta name=\"description\" content=\"Folha reflectora flex\u00edvel 3M\u2122 823i Classe RA2 \u00e9 utilizado para as inscri\u00e7\u00f5es de assist\u00eancia rodovi\u00e1ria. Aprovado para a sinaliza\u00e7\u00e3o de gruas sinaliza\u00e7\u00e3o V2.\" \/>\n<meta name=\"robots\" content=\"index, follow, max-snippet:-1, max-image-preview:large, max-video-preview:-1\" \/>\n<link rel=\"canonical\" href=\"https:\/\/distribuidor-cintas-adhesivas.es\/pt-pt\/producto\/folha-reflectora-flexivel-3m-823i-classe-ra2\/\" \/>\n<meta property=\"og:locale\" content=\"pt_PT\" \/>\n<meta property=\"og:type\" content=\"article\" \/>\n<meta property=\"og:title\" content=\"Folha reflectora flex\u00edvel 3M\u2122 823i Classe RA2\" \/>\n<meta property=\"og:description\" content=\"Folha reflectora flex\u00edvel 3M\u2122 823i Classe RA2 \u00e9 utilizado para as inscri\u00e7\u00f5es de assist\u00eancia rodovi\u00e1ria. Aprovado para a sinaliza\u00e7\u00e3o de gruas sinaliza\u00e7\u00e3o V2.\" \/>\n<meta property=\"og:url\" content=\"https:\/\/distribuidor-cintas-adhesivas.es\/pt-pt\/producto\/folha-reflectora-flexivel-3m-823i-classe-ra2\/\" \/>\n<meta property=\"og:site_name\" content=\"Distribuidor de cintas 3M, productos 3M, http:\/\/www.http:\/\/distribuidorcintas3m.es, Mejores ofertas en cintas\" \/>\n<meta property=\"article:modified_time\" content=\"2024-07-22T09:00:47+00:00\" \/>\n<meta property=\"og:image\" content=\"https:\/\/distribuidor-cintas-adhesivas.es\/wp-content\/uploads\/2024\/05\/3M-Cinta-reflectante-Flexible-823i-Clase-RA2.jpg\" \/>\n\t<meta property=\"og:image:width\" content=\"974\" \/>\n\t<meta property=\"og:image:height\" content=\"761\" \/>\n\t<meta property=\"og:image:type\" content=\"image\/jpeg\" \/>\n<meta name=\"twitter:card\" content=\"summary_large_image\" \/>\n<meta name=\"twitter:label1\" content=\"Tempo estimado de leitura\" \/>\n\t<meta name=\"twitter:data1\" content=\"2 minutos\" \/>\n<script type=\"application\/ld+json\" class=\"yoast-schema-graph\">{\"@context\":\"https:\/\/schema.org\",\"@graph\":[{\"@type\":\"WebPage\",\"@id\":\"https:\/\/distribuidor-cintas-adhesivas.es\/pt-pt\/producto\/folha-reflectora-flexivel-3m-823i-classe-ra2\/\",\"url\":\"https:\/\/distribuidor-cintas-adhesivas.es\/pt-pt\/producto\/folha-reflectora-flexivel-3m-823i-classe-ra2\/\",\"name\":\"Folha reflectora flex\u00edvel 3M\u2122 823i Classe RA2\",\"isPartOf\":{\"@id\":\"https:\/\/distribuidor-cintas-adhesivas.es\/pt-pt\/#website\"},\"primaryImageOfPage\":{\"@id\":\"https:\/\/distribuidor-cintas-adhesivas.es\/pt-pt\/producto\/folha-reflectora-flexivel-3m-823i-classe-ra2\/#primaryimage\"},\"image\":{\"@id\":\"https:\/\/distribuidor-cintas-adhesivas.es\/pt-pt\/producto\/folha-reflectora-flexivel-3m-823i-classe-ra2\/#primaryimage\"},\"thumbnailUrl\":\"https:\/\/distribuidor-cintas-adhesivas.es\/wp-content\/uploads\/2024\/05\/3M-Cinta-reflectante-Flexible-823i-Clase-RA2.jpg\",\"datePublished\":\"2024-05-06T15:13:44+00:00\",\"dateModified\":\"2024-07-22T09:00:47+00:00\",\"description\":\"Folha reflectora flex\u00edvel 3M\u2122 823i Classe RA2 \u00e9 utilizado para as inscri\u00e7\u00f5es de assist\u00eancia rodovi\u00e1ria. Aprovado para a sinaliza\u00e7\u00e3o de gruas sinaliza\u00e7\u00e3o V2.\",\"breadcrumb\":{\"@id\":\"https:\/\/distribuidor-cintas-adhesivas.es\/pt-pt\/producto\/folha-reflectora-flexivel-3m-823i-classe-ra2\/#breadcrumb\"},\"inLanguage\":\"pt-PT\",\"potentialAction\":[{\"@type\":\"ReadAction\",\"target\":[\"https:\/\/distribuidor-cintas-adhesivas.es\/pt-pt\/producto\/folha-reflectora-flexivel-3m-823i-classe-ra2\/\"]}]},{\"@type\":\"ImageObject\",\"inLanguage\":\"pt-PT\",\"@id\":\"https:\/\/distribuidor-cintas-adhesivas.es\/pt-pt\/producto\/folha-reflectora-flexivel-3m-823i-classe-ra2\/#primaryimage\",\"url\":\"https:\/\/distribuidor-cintas-adhesivas.es\/wp-content\/uploads\/2024\/05\/3M-Cinta-reflectante-Flexible-823i-Clase-RA2.jpg\",\"contentUrl\":\"https:\/\/distribuidor-cintas-adhesivas.es\/wp-content\/uploads\/2024\/05\/3M-Cinta-reflectante-Flexible-823i-Clase-RA2.jpg\",\"width\":974,\"height\":761,\"caption\":\"3M L\u00e1mina reflectante Flexible 823i Clase RA2\"},{\"@type\":\"BreadcrumbList\",\"@id\":\"https:\/\/distribuidor-cintas-adhesivas.es\/pt-pt\/producto\/folha-reflectora-flexivel-3m-823i-classe-ra2\/#breadcrumb\",\"itemListElement\":[{\"@type\":\"ListItem\",\"position\":1,\"name\":\"Portada\",\"item\":\"https:\/\/distribuidor-cintas-adhesivas.es\/pt-pt\/\"},{\"@type\":\"ListItem\",\"position\":2,\"name\":\"Produtos\",\"item\":\"https:\/\/distribuidor-cintas-adhesivas.es\/shop\/\"},{\"@type\":\"ListItem\",\"position\":3,\"name\":\"Folha reflectora flex\u00edvel 3M\u2122 823i Classe RA2\"}]},{\"@type\":\"WebSite\",\"@id\":\"https:\/\/distribuidor-cintas-adhesivas.es\/pt-pt\/#website\",\"url\":\"https:\/\/distribuidor-cintas-adhesivas.es\/pt-pt\/\",\"name\":\"Distribuidor de cintas 3M\",\"description\":\"Distribuidor de cintas 3M, productos 3M, cinta adhesiva, 3M cinta doble cara, adhesivos 3M, cinta antideslizante, velcro 3M, cinta reflectante, 3m scotch, selladores de tuber\u00edas, formadores de juntas, retenedores, cianocrilatos reforzados con caucho, cianocrilatos ultrar\u00e1pidos, cianocrilatos para plasticos y caucho, cianocrilatos generales, cianocrilatos con poco olor, cianocrilatos para metales, adhesivos en aerosol, selladores y adhesivos, cintas de aluminio, cintas de vinilo para se\u00f1alizaci\u00f3n, cintas de tela americanas, cintas de papel para enmascarar, cintas para embalaje\",\"publisher\":{\"@id\":\"https:\/\/distribuidor-cintas-adhesivas.es\/pt-pt\/#organization\"},\"potentialAction\":[{\"@type\":\"SearchAction\",\"target\":{\"@type\":\"EntryPoint\",\"urlTemplate\":\"https:\/\/distribuidor-cintas-adhesivas.es\/pt-pt\/?s={search_term_string}\"},\"query-input\":{\"@type\":\"PropertyValueSpecification\",\"valueRequired\":true,\"valueName\":\"search_term_string\"}}],\"inLanguage\":\"pt-PT\"},{\"@type\":\"Organization\",\"@id\":\"https:\/\/distribuidor-cintas-adhesivas.es\/pt-pt\/#organization\",\"name\":\"Distribuidor de cintas 3M\",\"url\":\"https:\/\/distribuidor-cintas-adhesivas.es\/pt-pt\/\",\"logo\":{\"@type\":\"ImageObject\",\"inLanguage\":\"pt-PT\",\"@id\":\"https:\/\/distribuidor-cintas-adhesivas.es\/pt-pt\/#\/schema\/logo\/image\/\",\"url\":\"https:\/\/distribuidor-cintas-adhesivas.es\/wp-content\/uploads\/2022\/10\/logo-espanol-portugues.png\",\"contentUrl\":\"https:\/\/distribuidor-cintas-adhesivas.es\/wp-content\/uploads\/2022\/10\/logo-espanol-portugues.png\",\"width\":739,\"height\":150,\"caption\":\"Distribuidor de cintas 3M\"},\"image\":{\"@id\":\"https:\/\/distribuidor-cintas-adhesivas.es\/pt-pt\/#\/schema\/logo\/image\/\"},\"sameAs\":[\"https:\/\/distribuidorcintastesa.es\",\"https:\/\/solbi-mural.com\/es\/\",\"https:\/\/muralsrd.com\/\",\"https:\/\/www.instagram.com\/solbimural\/?igsh=ZnR6ZmkzZm1ubWhl\"]}]}<\/script>\n<!-- \/ Yoast SEO Premium plugin. -->","yoast_head_json":{"title":"Folha reflectora flex\u00edvel 3M\u2122 823i Classe RA2","description":"Folha reflectora flex\u00edvel 3M\u2122 823i Classe RA2 \u00e9 utilizado para as inscri\u00e7\u00f5es de assist\u00eancia rodovi\u00e1ria. Aprovado para a sinaliza\u00e7\u00e3o de gruas sinaliza\u00e7\u00e3o V2.","robots":{"index":"index","follow":"follow","max-snippet":"max-snippet:-1","max-image-preview":"max-image-preview:large","max-video-preview":"max-video-preview:-1"},"canonical":"https:\/\/distribuidor-cintas-adhesivas.es\/pt-pt\/producto\/folha-reflectora-flexivel-3m-823i-classe-ra2\/","og_locale":"pt_PT","og_type":"article","og_title":"Folha reflectora flex\u00edvel 3M\u2122 823i Classe RA2","og_description":"Folha reflectora flex\u00edvel 3M\u2122 823i Classe RA2 \u00e9 utilizado para as inscri\u00e7\u00f5es de assist\u00eancia rodovi\u00e1ria. Aprovado para a sinaliza\u00e7\u00e3o de gruas sinaliza\u00e7\u00e3o V2.","og_url":"https:\/\/distribuidor-cintas-adhesivas.es\/pt-pt\/producto\/folha-reflectora-flexivel-3m-823i-classe-ra2\/","og_site_name":"Distribuidor de cintas 3M, productos 3M, http:\/\/www.http:\/\/distribuidorcintas3m.es, Mejores ofertas en cintas","article_modified_time":"2024-07-22T09:00:47+00:00","og_image":[{"width":974,"height":761,"url":"https:\/\/distribuidor-cintas-adhesivas.es\/wp-content\/uploads\/2024\/05\/3M-Cinta-reflectante-Flexible-823i-Clase-RA2.jpg","type":"image\/jpeg"}],"twitter_card":"summary_large_image","twitter_misc":{"Tempo estimado de leitura":"2 minutos"},"schema":{"@context":"https:\/\/schema.org","@graph":[{"@type":"WebPage","@id":"https:\/\/distribuidor-cintas-adhesivas.es\/pt-pt\/producto\/folha-reflectora-flexivel-3m-823i-classe-ra2\/","url":"https:\/\/distribuidor-cintas-adhesivas.es\/pt-pt\/producto\/folha-reflectora-flexivel-3m-823i-classe-ra2\/","name":"Folha reflectora flex\u00edvel 3M\u2122 823i Classe RA2","isPartOf":{"@id":"https:\/\/distribuidor-cintas-adhesivas.es\/pt-pt\/#website"},"primaryImageOfPage":{"@id":"https:\/\/distribuidor-cintas-adhesivas.es\/pt-pt\/producto\/folha-reflectora-flexivel-3m-823i-classe-ra2\/#primaryimage"},"image":{"@id":"https:\/\/distribuidor-cintas-adhesivas.es\/pt-pt\/producto\/folha-reflectora-flexivel-3m-823i-classe-ra2\/#primaryimage"},"thumbnailUrl":"https:\/\/distribuidor-cintas-adhesivas.es\/wp-content\/uploads\/2024\/05\/3M-Cinta-reflectante-Flexible-823i-Clase-RA2.jpg","datePublished":"2024-05-06T15:13:44+00:00","dateModified":"2024-07-22T09:00:47+00:00","description":"Folha reflectora flex\u00edvel 3M\u2122 823i Classe RA2 \u00e9 utilizado para as inscri\u00e7\u00f5es de assist\u00eancia rodovi\u00e1ria. Aprovado para a sinaliza\u00e7\u00e3o de gruas sinaliza\u00e7\u00e3o V2.","breadcrumb":{"@id":"https:\/\/distribuidor-cintas-adhesivas.es\/pt-pt\/producto\/folha-reflectora-flexivel-3m-823i-classe-ra2\/#breadcrumb"},"inLanguage":"pt-PT","potentialAction":[{"@type":"ReadAction","target":["https:\/\/distribuidor-cintas-adhesivas.es\/pt-pt\/producto\/folha-reflectora-flexivel-3m-823i-classe-ra2\/"]}]},{"@type":"ImageObject","inLanguage":"pt-PT","@id":"https:\/\/distribuidor-cintas-adhesivas.es\/pt-pt\/producto\/folha-reflectora-flexivel-3m-823i-classe-ra2\/#primaryimage","url":"https:\/\/distribuidor-cintas-adhesivas.es\/wp-content\/uploads\/2024\/05\/3M-Cinta-reflectante-Flexible-823i-Clase-RA2.jpg","contentUrl":"https:\/\/distribuidor-cintas-adhesivas.es\/wp-content\/uploads\/2024\/05\/3M-Cinta-reflectante-Flexible-823i-Clase-RA2.jpg","width":974,"height":761,"caption":"3M L\u00e1mina reflectante Flexible 823i Clase RA2"},{"@type":"BreadcrumbList","@id":"https:\/\/distribuidor-cintas-adhesivas.es\/pt-pt\/producto\/folha-reflectora-flexivel-3m-823i-classe-ra2\/#breadcrumb","itemListElement":[{"@type":"ListItem","position":1,"name":"Portada","item":"https:\/\/distribuidor-cintas-adhesivas.es\/pt-pt\/"},{"@type":"ListItem","position":2,"name":"Produtos","item":"https:\/\/distribuidor-cintas-adhesivas.es\/shop\/"},{"@type":"ListItem","position":3,"name":"Folha reflectora flex\u00edvel 3M\u2122 823i Classe RA2"}]},{"@type":"WebSite","@id":"https:\/\/distribuidor-cintas-adhesivas.es\/pt-pt\/#website","url":"https:\/\/distribuidor-cintas-adhesivas.es\/pt-pt\/","name":"Distribuidor de cintas 3M","description":"Distribuidor de cintas 3M, productos 3M, cinta adhesiva, 3M cinta doble cara, adhesivos 3M, cinta antideslizante, velcro 3M, cinta reflectante, 3m scotch, selladores de tuber\u00edas, formadores de juntas, retenedores, cianocrilatos reforzados con caucho, cianocrilatos ultrar\u00e1pidos, cianocrilatos para plasticos y caucho, cianocrilatos generales, cianocrilatos con poco olor, cianocrilatos para metales, adhesivos en aerosol, selladores y adhesivos, cintas de aluminio, cintas de vinilo para se\u00f1alizaci\u00f3n, cintas de tela americanas, cintas de papel para enmascarar, cintas para embalaje","publisher":{"@id":"https:\/\/distribuidor-cintas-adhesivas.es\/pt-pt\/#organization"},"potentialAction":[{"@type":"SearchAction","target":{"@type":"EntryPoint","urlTemplate":"https:\/\/distribuidor-cintas-adhesivas.es\/pt-pt\/?s={search_term_string}"},"query-input":{"@type":"PropertyValueSpecification","valueRequired":true,"valueName":"search_term_string"}}],"inLanguage":"pt-PT"},{"@type":"Organization","@id":"https:\/\/distribuidor-cintas-adhesivas.es\/pt-pt\/#organization","name":"Distribuidor de cintas 3M","url":"https:\/\/distribuidor-cintas-adhesivas.es\/pt-pt\/","logo":{"@type":"ImageObject","inLanguage":"pt-PT","@id":"https:\/\/distribuidor-cintas-adhesivas.es\/pt-pt\/#\/schema\/logo\/image\/","url":"https:\/\/distribuidor-cintas-adhesivas.es\/wp-content\/uploads\/2022\/10\/logo-espanol-portugues.png","contentUrl":"https:\/\/distribuidor-cintas-adhesivas.es\/wp-content\/uploads\/2022\/10\/logo-espanol-portugues.png","width":739,"height":150,"caption":"Distribuidor de cintas 3M"},"image":{"@id":"https:\/\/distribuidor-cintas-adhesivas.es\/pt-pt\/#\/schema\/logo\/image\/"},"sameAs":["https:\/\/distribuidorcintastesa.es","https:\/\/solbi-mural.com\/es\/","https:\/\/muralsrd.com\/","https:\/\/www.instagram.com\/solbimural\/?igsh=ZnR6ZmkzZm1ubWhl"]}]}},"_links":{"self":[{"href":"https:\/\/distribuidor-cintas-adhesivas.es\/pt-pt\/wp-json\/wp\/v2\/product\/4991","targetHints":{"allow":["GET"]}}],"collection":[{"href":"https:\/\/distribuidor-cintas-adhesivas.es\/pt-pt\/wp-json\/wp\/v2\/product"}],"about":[{"href":"https:\/\/distribuidor-cintas-adhesivas.es\/pt-pt\/wp-json\/wp\/v2\/types\/product"}],"wp:featuredmedia":[{"embeddable":true,"href":"https:\/\/distribuidor-cintas-adhesivas.es\/pt-pt\/wp-json\/wp\/v2\/media\/4934"}],"wp:attachment":[{"href":"https:\/\/distribuidor-cintas-adhesivas.es\/pt-pt\/wp-json\/wp\/v2\/media?parent=4991"}],"wp:term":[{"taxonomy":"product_brand","embeddable":true,"href":"https:\/\/distribuidor-cintas-adhesivas.es\/pt-pt\/wp-json\/wp\/v2\/product_brand?post=4991"},{"taxonomy":"product_cat","embeddable":true,"href":"https:\/\/distribuidor-cintas-adhesivas.es\/pt-pt\/wp-json\/wp\/v2\/product_cat?post=4991"},{"taxonomy":"product_tag","embeddable":true,"href":"https:\/\/distribuidor-cintas-adhesivas.es\/pt-pt\/wp-json\/wp\/v2\/product_tag?post=4991"}],"curies":[{"name":"wp","href":"https:\/\/api.w.org\/{rel}","templated":true}]}}