{"id":5103,"date":"2024-05-22T10:23:51","date_gmt":"2024-05-22T10:23:51","guid":{"rendered":"https:\/\/distribuidor-cintas-adhesivas.es\/producto\/3m-sistemas-de-uniao-desmontavel-sj352b\/"},"modified":"2024-07-22T09:00:09","modified_gmt":"2024-07-22T09:00:09","slug":"3m-sistemas-de-uniao-desmontavel-sj352b","status":"publish","type":"product","link":"https:\/\/distribuidor-cintas-adhesivas.es\/pt-pt\/producto\/3m-sistemas-de-uniao-desmontavel-sj352b\/","title":{"rendered":"3M\u2122 Sistemas de Uni\u00e3o Desmont\u00e1vel SJ352B"},"content":{"rendered":"<p>3M\u2122 Sistemas de Uni\u00e3o Desmont\u00e1vel SJ352B foram concebidos para garantir uma fixa\u00e7\u00e3o duradoura. O tecido de nylon pode ser aberto e fechado in\u00fameras vezes e proporciona uma liga\u00e7\u00e3o firme a v\u00e1rios materiais, permitindo-lhe esquecer ferramentas e sistemas complicados. Os sistemas de juntas de gancho e la\u00e7o 3M\u2122 Scotchmate\u2122 proporcionam uma solu\u00e7\u00e3o simples e eficaz para as suas necessidades de fixa\u00e7\u00e3o.<\/p>\n<h4><span style=\"color: #3366ff;\"><a style=\"color: #3366ff;\" href=\"https:\/\/solbi-mural.com\/pt\/fecho-reposicionavel-duplo-hookloop\/34-3m-scotchmate-sistema-de-fixacao-hook-loop-sj352b-nylon-preto-pack-2-rolos-125m-x-25mm.html\" target=\"_blank\" rel=\"noopener\"><strong>Compra em linha 3M SJ352B<\/strong><\/a><\/span><\/h4>\n<h4><\/h4>\n<h4><strong>Caracter\u00edsticas<\/strong><\/h4>\n<ul>\n<li>3M\u2122 Sistemas de Uni\u00e3o Desmont\u00e1vel SJ352B \u00e9 um adesivo \u00e0 base de borracha de elevado desempenho concebido para aplica\u00e7\u00f5es interiores que requerem uma resist\u00eancia a temperaturas m\u00e9dias.<\/li>\n<li>Resist\u00eancia a temperaturas m\u00e9dias at\u00e9 +50\u00b0C a longo prazo (+70\u00b0C a curto prazo)<\/li>\n<li>Constru\u00e7\u00e3o em nylon para durabilidade ao longo de milhares de fixa\u00e7\u00f5es<\/li>\n<li>Fixa\u00e7\u00e3o r\u00e1pida para reduzir os custos e os tempos de produ\u00e7\u00e3o<\/li>\n<li>Oferece uma liga\u00e7\u00e3o forte para diferentes tipos de superf\u00edcies<\/li>\n<li>Revestimento de pel\u00edcula de polipropileno branco<\/li>\n<li>O tipo de adesivo \u00e9 um adesivo de borracha de alto desempenho.<\/li>\n<li>Dispon\u00edvel em branco ou preto<\/li>\n<\/ul>\n<h4>Aplica\u00e7\u00f5es<\/h4>\n<ul>\n<li>Este sistema de juntas de gancho e la\u00e7o 3M\u2122 Scotchmate\u2122 adere bem a papel e cart\u00e3o, tinta, metal nu e pintado, vidro, madeira selada e muitos pl\u00e1sticos.<\/li>\n<li>Adequado para v\u00e1rios sectores, como os transportes, a eletr\u00f3nica e o equipamento de escrit\u00f3rios e lojas.<\/li>\n<li>Adequado para utiliza\u00e7\u00e3o em interiores<\/li>\n<\/ul>\n<h4><strong>Produtos Relacionados\u00a0<\/strong><\/h4>\n<ul>\n<li><a href=\"https:\/\/distribuidor-cintas-adhesivas.es\/pt-pt\/producto\/3m-dual-lock-sistemas-de-uniao-desmontavel-sj3870\/\" target=\"_blank\" rel=\"noopener\">SJ3870<\/a><\/li>\n<li><a href=\"https:\/\/distribuidor-cintas-adhesivas.es\/pt-pt\/producto\/sistema-de-fixacao-desmontavel-3m-dual-lock-sj355d\/\" target=\"_blank\" rel=\"noopener\">SJ355D<\/a><\/li>\n<li><a href=\"https:\/\/distribuidor-cintas-adhesivas.es\/pt-pt\/producto\/sistema-de-fixacao-desmontavel-3m-dual-lock-sj3550cf\/\" target=\"_blank\" rel=\"noopener\">SJ3550CF<\/a><\/li>\n<\/ul>\n","protected":false},"excerpt":{"rendered":"<p>3M\u2122 Sistemas de Uni\u00e3o Desmont\u00e1vel SJ352B foram concebidos para garantir uma fixa\u00e7\u00e3o duradoura. O tecido de nylon pode ser aberto e fechado in\u00fameras vezes e proporciona uma liga\u00e7\u00e3o firme a v\u00e1rios materiais, permitindo-lhe esquecer ferramentas e sistemas complicados. Os sistemas de juntas de gancho e la\u00e7o 3M\u2122 Scotchmate\u2122 proporcionam uma solu\u00e7\u00e3o simples e eficaz para [&hellip;]<\/p>\n","protected":false},"featured_media":5086,"template":"","meta":{"site-sidebar-layout":"default","site-content-layout":"","ast-site-content-layout":"default","site-content-style":"default","site-sidebar-style":"default","ast-global-header-display":"","ast-banner-title-visibility":"","ast-main-header-display":"","ast-hfb-above-header-display":"","ast-hfb-below-header-display":"","ast-hfb-mobile-header-display":"","site-post-title":"","ast-breadcrumbs-content":"","ast-featured-img":"","footer-sml-layout":"","ast-disable-related-posts":"","theme-transparent-header-meta":"default","adv-header-id-meta":"","stick-header-meta":"","header-above-stick-meta":"","header-main-stick-meta":"","header-below-stick-meta":"","astra-migrate-meta-layouts":"set","ast-page-background-enabled":"default","ast-page-background-meta":{"desktop":{"background-color":"","background-image":"","background-repeat":"repeat","background-position":"center center","background-size":"auto","background-attachment":"scroll","background-type":"","background-media":"","overlay-type":"","overlay-color":"","overlay-opacity":"","overlay-gradient":""},"tablet":{"background-color":"","background-image":"","background-repeat":"repeat","background-position":"center center","background-size":"auto","background-attachment":"scroll","background-type":"","background-media":"","overlay-type":"","overlay-color":"","overlay-opacity":"","overlay-gradient":""},"mobile":{"background-color":"","background-image":"","background-repeat":"repeat","background-position":"center center","background-size":"auto","background-attachment":"scroll","background-type":"","background-media":"","overlay-type":"","overlay-color":"","overlay-opacity":"","overlay-gradient":""}},"ast-content-background-meta":{"desktop":{"background-color":"var(--ast-global-color-5)","background-image":"","background-repeat":"repeat","background-position":"center center","background-size":"auto","background-attachment":"scroll","background-type":"","background-media":"","overlay-type":"","overlay-color":"","overlay-opacity":"","overlay-gradient":""},"tablet":{"background-color":"var(--ast-global-color-5)","background-image":"","background-repeat":"repeat","background-position":"center center","background-size":"auto","background-attachment":"scroll","background-type":"","background-media":"","overlay-type":"","overlay-color":"","overlay-opacity":"","overlay-gradient":""},"mobile":{"background-color":"var(--ast-global-color-5)","background-image":"","background-repeat":"repeat","background-position":"center center","background-size":"auto","background-attachment":"scroll","background-type":"","background-media":"","overlay-type":"","overlay-color":"","overlay-opacity":"","overlay-gradient":""}}},"product_brand":[],"product_cat":[937],"product_tag":[2792,2793,2794,2795,2796],"class_list":{"0":"post-5103","1":"product","2":"type-product","3":"status-publish","4":"has-post-thumbnail","6":"product_cat-dual-lock-pt-pt","7":"product_tag-gancho-e-laco-3m","8":"product_tag-hook-and-loop-3m-pt-pt","9":"product_tag-sistemas-de-uniao-desmontavel-pt-pt","10":"product_tag-tipo-dual-lock-pt-pt","11":"product_tag-tipo-velcro-pt-pt","12":"desktop-align-center","13":"tablet-align-center","14":"mobile-align-center","16":"first","17":"instock","18":"shipping-taxable","19":"product-type-simple"},"yoast_head":"<!-- This site is optimized with the Yoast SEO Premium plugin v27.2 (Yoast SEO v27.2) - https:\/\/yoast.com\/product\/yoast-seo-premium-wordpress\/ -->\n<title>3M\u2122 Sistemas de Uni\u00e3o Desmont\u00e1vel SJ352B<\/title>\n<meta name=\"description\" content=\"3M\u2122 Sistemas de Uni\u00e3o Desmont\u00e1vel SJ352B concebido para aplica\u00e7\u00f5es interiores que exigem uma resist\u00eancia a temperaturas m\u00e9dias.\" \/>\n<meta name=\"robots\" content=\"index, follow, max-snippet:-1, max-image-preview:large, max-video-preview:-1\" \/>\n<link rel=\"canonical\" href=\"https:\/\/distribuidor-cintas-adhesivas.es\/pt-pt\/producto\/3m-sistemas-de-uniao-desmontavel-sj352b\/\" \/>\n<meta property=\"og:locale\" content=\"pt_PT\" \/>\n<meta property=\"og:type\" content=\"article\" \/>\n<meta property=\"og:title\" content=\"3M\u2122 Sistemas de Uni\u00e3o Desmont\u00e1vel SJ352B\" \/>\n<meta property=\"og:description\" content=\"3M\u2122 Sistemas de Uni\u00e3o Desmont\u00e1vel SJ352B concebido para aplica\u00e7\u00f5es interiores que exigem uma resist\u00eancia a temperaturas m\u00e9dias.\" \/>\n<meta property=\"og:url\" content=\"https:\/\/distribuidor-cintas-adhesivas.es\/pt-pt\/producto\/3m-sistemas-de-uniao-desmontavel-sj352b\/\" \/>\n<meta property=\"og:site_name\" content=\"Distribuidor de cintas 3M, productos 3M, http:\/\/www.http:\/\/distribuidorcintas3m.es, Mejores ofertas en cintas\" \/>\n<meta property=\"article:modified_time\" content=\"2024-07-22T09:00:09+00:00\" \/>\n<meta property=\"og:image\" content=\"https:\/\/distribuidor-cintas-adhesivas.es\/wp-content\/uploads\/2024\/05\/3M-Sistemas-de-Union-Desmontable-Hook-and-Loop-SJ352B.jpg\" \/>\n\t<meta property=\"og:image:width\" content=\"800\" \/>\n\t<meta property=\"og:image:height\" content=\"800\" \/>\n\t<meta property=\"og:image:type\" content=\"image\/jpeg\" \/>\n<meta name=\"twitter:card\" content=\"summary_large_image\" \/>\n<meta name=\"twitter:label1\" content=\"Tempo estimado de leitura\" \/>\n\t<meta name=\"twitter:data1\" content=\"2 minutos\" \/>\n<script type=\"application\/ld+json\" class=\"yoast-schema-graph\">{\"@context\":\"https:\/\/schema.org\",\"@graph\":[{\"@type\":\"WebPage\",\"@id\":\"https:\/\/distribuidor-cintas-adhesivas.es\/pt-pt\/producto\/3m-sistemas-de-uniao-desmontavel-sj352b\/\",\"url\":\"https:\/\/distribuidor-cintas-adhesivas.es\/pt-pt\/producto\/3m-sistemas-de-uniao-desmontavel-sj352b\/\",\"name\":\"3M\u2122 Sistemas de Uni\u00e3o Desmont\u00e1vel SJ352B\",\"isPartOf\":{\"@id\":\"https:\/\/distribuidor-cintas-adhesivas.es\/pt-pt\/#website\"},\"primaryImageOfPage\":{\"@id\":\"https:\/\/distribuidor-cintas-adhesivas.es\/pt-pt\/producto\/3m-sistemas-de-uniao-desmontavel-sj352b\/#primaryimage\"},\"image\":{\"@id\":\"https:\/\/distribuidor-cintas-adhesivas.es\/pt-pt\/producto\/3m-sistemas-de-uniao-desmontavel-sj352b\/#primaryimage\"},\"thumbnailUrl\":\"https:\/\/distribuidor-cintas-adhesivas.es\/wp-content\/uploads\/2024\/05\/3M-Sistemas-de-Union-Desmontable-Hook-and-Loop-SJ352B.jpg\",\"datePublished\":\"2024-05-22T10:23:51+00:00\",\"dateModified\":\"2024-07-22T09:00:09+00:00\",\"description\":\"3M\u2122 Sistemas de Uni\u00e3o Desmont\u00e1vel SJ352B concebido para aplica\u00e7\u00f5es interiores que exigem uma resist\u00eancia a temperaturas m\u00e9dias.\",\"breadcrumb\":{\"@id\":\"https:\/\/distribuidor-cintas-adhesivas.es\/pt-pt\/producto\/3m-sistemas-de-uniao-desmontavel-sj352b\/#breadcrumb\"},\"inLanguage\":\"pt-PT\",\"potentialAction\":[{\"@type\":\"ReadAction\",\"target\":[\"https:\/\/distribuidor-cintas-adhesivas.es\/pt-pt\/producto\/3m-sistemas-de-uniao-desmontavel-sj352b\/\"]}]},{\"@type\":\"ImageObject\",\"inLanguage\":\"pt-PT\",\"@id\":\"https:\/\/distribuidor-cintas-adhesivas.es\/pt-pt\/producto\/3m-sistemas-de-uniao-desmontavel-sj352b\/#primaryimage\",\"url\":\"https:\/\/distribuidor-cintas-adhesivas.es\/wp-content\/uploads\/2024\/05\/3M-Sistemas-de-Union-Desmontable-Hook-and-Loop-SJ352B.jpg\",\"contentUrl\":\"https:\/\/distribuidor-cintas-adhesivas.es\/wp-content\/uploads\/2024\/05\/3M-Sistemas-de-Union-Desmontable-Hook-and-Loop-SJ352B.jpg\",\"width\":800,\"height\":800,\"caption\":\"Sistema de uni\u00e3o desmont\u00e1vel 3M Hook and Loop SJ352B - 3\"},{\"@type\":\"BreadcrumbList\",\"@id\":\"https:\/\/distribuidor-cintas-adhesivas.es\/pt-pt\/producto\/3m-sistemas-de-uniao-desmontavel-sj352b\/#breadcrumb\",\"itemListElement\":[{\"@type\":\"ListItem\",\"position\":1,\"name\":\"Portada\",\"item\":\"https:\/\/distribuidor-cintas-adhesivas.es\/pt-pt\/\"},{\"@type\":\"ListItem\",\"position\":2,\"name\":\"Produtos\",\"item\":\"https:\/\/distribuidor-cintas-adhesivas.es\/shop\/\"},{\"@type\":\"ListItem\",\"position\":3,\"name\":\"3M\u2122 Sistemas de Uni\u00e3o Desmont\u00e1vel SJ352B\"}]},{\"@type\":\"WebSite\",\"@id\":\"https:\/\/distribuidor-cintas-adhesivas.es\/pt-pt\/#website\",\"url\":\"https:\/\/distribuidor-cintas-adhesivas.es\/pt-pt\/\",\"name\":\"Distribuidor de cintas 3M\",\"description\":\"Distribuidor de cintas 3M, productos 3M, cinta adhesiva, 3M cinta doble cara, adhesivos 3M, cinta antideslizante, velcro 3M, cinta reflectante, 3m scotch, selladores de tuber\u00edas, formadores de juntas, retenedores, cianocrilatos reforzados con caucho, cianocrilatos ultrar\u00e1pidos, cianocrilatos para plasticos y caucho, cianocrilatos generales, cianocrilatos con poco olor, cianocrilatos para metales, adhesivos en aerosol, selladores y adhesivos, cintas de aluminio, cintas de vinilo para se\u00f1alizaci\u00f3n, cintas de tela americanas, cintas de papel para enmascarar, cintas para embalaje\",\"publisher\":{\"@id\":\"https:\/\/distribuidor-cintas-adhesivas.es\/pt-pt\/#organization\"},\"potentialAction\":[{\"@type\":\"SearchAction\",\"target\":{\"@type\":\"EntryPoint\",\"urlTemplate\":\"https:\/\/distribuidor-cintas-adhesivas.es\/pt-pt\/?s={search_term_string}\"},\"query-input\":{\"@type\":\"PropertyValueSpecification\",\"valueRequired\":true,\"valueName\":\"search_term_string\"}}],\"inLanguage\":\"pt-PT\"},{\"@type\":\"Organization\",\"@id\":\"https:\/\/distribuidor-cintas-adhesivas.es\/pt-pt\/#organization\",\"name\":\"Distribuidor de cintas 3M\",\"url\":\"https:\/\/distribuidor-cintas-adhesivas.es\/pt-pt\/\",\"logo\":{\"@type\":\"ImageObject\",\"inLanguage\":\"pt-PT\",\"@id\":\"https:\/\/distribuidor-cintas-adhesivas.es\/pt-pt\/#\/schema\/logo\/image\/\",\"url\":\"https:\/\/distribuidor-cintas-adhesivas.es\/wp-content\/uploads\/2022\/10\/logo-espanol-portugues.png\",\"contentUrl\":\"https:\/\/distribuidor-cintas-adhesivas.es\/wp-content\/uploads\/2022\/10\/logo-espanol-portugues.png\",\"width\":739,\"height\":150,\"caption\":\"Distribuidor de cintas 3M\"},\"image\":{\"@id\":\"https:\/\/distribuidor-cintas-adhesivas.es\/pt-pt\/#\/schema\/logo\/image\/\"},\"sameAs\":[\"https:\/\/distribuidorcintastesa.es\",\"https:\/\/solbi-mural.com\/es\/\",\"https:\/\/muralsrd.com\/\",\"https:\/\/www.instagram.com\/solbimural\/?igsh=ZnR6ZmkzZm1ubWhl\"]}]}<\/script>\n<!-- \/ Yoast SEO Premium plugin. -->","yoast_head_json":{"title":"3M\u2122 Sistemas de Uni\u00e3o Desmont\u00e1vel SJ352B","description":"3M\u2122 Sistemas de Uni\u00e3o Desmont\u00e1vel SJ352B concebido para aplica\u00e7\u00f5es interiores que exigem uma resist\u00eancia a temperaturas m\u00e9dias.","robots":{"index":"index","follow":"follow","max-snippet":"max-snippet:-1","max-image-preview":"max-image-preview:large","max-video-preview":"max-video-preview:-1"},"canonical":"https:\/\/distribuidor-cintas-adhesivas.es\/pt-pt\/producto\/3m-sistemas-de-uniao-desmontavel-sj352b\/","og_locale":"pt_PT","og_type":"article","og_title":"3M\u2122 Sistemas de Uni\u00e3o Desmont\u00e1vel SJ352B","og_description":"3M\u2122 Sistemas de Uni\u00e3o Desmont\u00e1vel SJ352B concebido para aplica\u00e7\u00f5es interiores que exigem uma resist\u00eancia a temperaturas m\u00e9dias.","og_url":"https:\/\/distribuidor-cintas-adhesivas.es\/pt-pt\/producto\/3m-sistemas-de-uniao-desmontavel-sj352b\/","og_site_name":"Distribuidor de cintas 3M, productos 3M, http:\/\/www.http:\/\/distribuidorcintas3m.es, Mejores ofertas en cintas","article_modified_time":"2024-07-22T09:00:09+00:00","og_image":[{"width":800,"height":800,"url":"https:\/\/distribuidor-cintas-adhesivas.es\/wp-content\/uploads\/2024\/05\/3M-Sistemas-de-Union-Desmontable-Hook-and-Loop-SJ352B.jpg","type":"image\/jpeg"}],"twitter_card":"summary_large_image","twitter_misc":{"Tempo estimado de leitura":"2 minutos"},"schema":{"@context":"https:\/\/schema.org","@graph":[{"@type":"WebPage","@id":"https:\/\/distribuidor-cintas-adhesivas.es\/pt-pt\/producto\/3m-sistemas-de-uniao-desmontavel-sj352b\/","url":"https:\/\/distribuidor-cintas-adhesivas.es\/pt-pt\/producto\/3m-sistemas-de-uniao-desmontavel-sj352b\/","name":"3M\u2122 Sistemas de Uni\u00e3o Desmont\u00e1vel SJ352B","isPartOf":{"@id":"https:\/\/distribuidor-cintas-adhesivas.es\/pt-pt\/#website"},"primaryImageOfPage":{"@id":"https:\/\/distribuidor-cintas-adhesivas.es\/pt-pt\/producto\/3m-sistemas-de-uniao-desmontavel-sj352b\/#primaryimage"},"image":{"@id":"https:\/\/distribuidor-cintas-adhesivas.es\/pt-pt\/producto\/3m-sistemas-de-uniao-desmontavel-sj352b\/#primaryimage"},"thumbnailUrl":"https:\/\/distribuidor-cintas-adhesivas.es\/wp-content\/uploads\/2024\/05\/3M-Sistemas-de-Union-Desmontable-Hook-and-Loop-SJ352B.jpg","datePublished":"2024-05-22T10:23:51+00:00","dateModified":"2024-07-22T09:00:09+00:00","description":"3M\u2122 Sistemas de Uni\u00e3o Desmont\u00e1vel SJ352B concebido para aplica\u00e7\u00f5es interiores que exigem uma resist\u00eancia a temperaturas m\u00e9dias.","breadcrumb":{"@id":"https:\/\/distribuidor-cintas-adhesivas.es\/pt-pt\/producto\/3m-sistemas-de-uniao-desmontavel-sj352b\/#breadcrumb"},"inLanguage":"pt-PT","potentialAction":[{"@type":"ReadAction","target":["https:\/\/distribuidor-cintas-adhesivas.es\/pt-pt\/producto\/3m-sistemas-de-uniao-desmontavel-sj352b\/"]}]},{"@type":"ImageObject","inLanguage":"pt-PT","@id":"https:\/\/distribuidor-cintas-adhesivas.es\/pt-pt\/producto\/3m-sistemas-de-uniao-desmontavel-sj352b\/#primaryimage","url":"https:\/\/distribuidor-cintas-adhesivas.es\/wp-content\/uploads\/2024\/05\/3M-Sistemas-de-Union-Desmontable-Hook-and-Loop-SJ352B.jpg","contentUrl":"https:\/\/distribuidor-cintas-adhesivas.es\/wp-content\/uploads\/2024\/05\/3M-Sistemas-de-Union-Desmontable-Hook-and-Loop-SJ352B.jpg","width":800,"height":800,"caption":"Sistema de uni\u00e3o desmont\u00e1vel 3M Hook and Loop SJ352B - 3"},{"@type":"BreadcrumbList","@id":"https:\/\/distribuidor-cintas-adhesivas.es\/pt-pt\/producto\/3m-sistemas-de-uniao-desmontavel-sj352b\/#breadcrumb","itemListElement":[{"@type":"ListItem","position":1,"name":"Portada","item":"https:\/\/distribuidor-cintas-adhesivas.es\/pt-pt\/"},{"@type":"ListItem","position":2,"name":"Produtos","item":"https:\/\/distribuidor-cintas-adhesivas.es\/shop\/"},{"@type":"ListItem","position":3,"name":"3M\u2122 Sistemas de Uni\u00e3o Desmont\u00e1vel SJ352B"}]},{"@type":"WebSite","@id":"https:\/\/distribuidor-cintas-adhesivas.es\/pt-pt\/#website","url":"https:\/\/distribuidor-cintas-adhesivas.es\/pt-pt\/","name":"Distribuidor de cintas 3M","description":"Distribuidor de cintas 3M, productos 3M, cinta adhesiva, 3M cinta doble cara, adhesivos 3M, cinta antideslizante, velcro 3M, cinta reflectante, 3m scotch, selladores de tuber\u00edas, formadores de juntas, retenedores, cianocrilatos reforzados con caucho, cianocrilatos ultrar\u00e1pidos, cianocrilatos para plasticos y caucho, cianocrilatos generales, cianocrilatos con poco olor, cianocrilatos para metales, adhesivos en aerosol, selladores y adhesivos, cintas de aluminio, cintas de vinilo para se\u00f1alizaci\u00f3n, cintas de tela americanas, cintas de papel para enmascarar, cintas para embalaje","publisher":{"@id":"https:\/\/distribuidor-cintas-adhesivas.es\/pt-pt\/#organization"},"potentialAction":[{"@type":"SearchAction","target":{"@type":"EntryPoint","urlTemplate":"https:\/\/distribuidor-cintas-adhesivas.es\/pt-pt\/?s={search_term_string}"},"query-input":{"@type":"PropertyValueSpecification","valueRequired":true,"valueName":"search_term_string"}}],"inLanguage":"pt-PT"},{"@type":"Organization","@id":"https:\/\/distribuidor-cintas-adhesivas.es\/pt-pt\/#organization","name":"Distribuidor de cintas 3M","url":"https:\/\/distribuidor-cintas-adhesivas.es\/pt-pt\/","logo":{"@type":"ImageObject","inLanguage":"pt-PT","@id":"https:\/\/distribuidor-cintas-adhesivas.es\/pt-pt\/#\/schema\/logo\/image\/","url":"https:\/\/distribuidor-cintas-adhesivas.es\/wp-content\/uploads\/2022\/10\/logo-espanol-portugues.png","contentUrl":"https:\/\/distribuidor-cintas-adhesivas.es\/wp-content\/uploads\/2022\/10\/logo-espanol-portugues.png","width":739,"height":150,"caption":"Distribuidor de cintas 3M"},"image":{"@id":"https:\/\/distribuidor-cintas-adhesivas.es\/pt-pt\/#\/schema\/logo\/image\/"},"sameAs":["https:\/\/distribuidorcintastesa.es","https:\/\/solbi-mural.com\/es\/","https:\/\/muralsrd.com\/","https:\/\/www.instagram.com\/solbimural\/?igsh=ZnR6ZmkzZm1ubWhl"]}]}},"_links":{"self":[{"href":"https:\/\/distribuidor-cintas-adhesivas.es\/pt-pt\/wp-json\/wp\/v2\/product\/5103","targetHints":{"allow":["GET"]}}],"collection":[{"href":"https:\/\/distribuidor-cintas-adhesivas.es\/pt-pt\/wp-json\/wp\/v2\/product"}],"about":[{"href":"https:\/\/distribuidor-cintas-adhesivas.es\/pt-pt\/wp-json\/wp\/v2\/types\/product"}],"wp:featuredmedia":[{"embeddable":true,"href":"https:\/\/distribuidor-cintas-adhesivas.es\/pt-pt\/wp-json\/wp\/v2\/media\/5086"}],"wp:attachment":[{"href":"https:\/\/distribuidor-cintas-adhesivas.es\/pt-pt\/wp-json\/wp\/v2\/media?parent=5103"}],"wp:term":[{"taxonomy":"product_brand","embeddable":true,"href":"https:\/\/distribuidor-cintas-adhesivas.es\/pt-pt\/wp-json\/wp\/v2\/product_brand?post=5103"},{"taxonomy":"product_cat","embeddable":true,"href":"https:\/\/distribuidor-cintas-adhesivas.es\/pt-pt\/wp-json\/wp\/v2\/product_cat?post=5103"},{"taxonomy":"product_tag","embeddable":true,"href":"https:\/\/distribuidor-cintas-adhesivas.es\/pt-pt\/wp-json\/wp\/v2\/product_tag?post=5103"}],"curies":[{"name":"wp","href":"https:\/\/api.w.org\/{rel}","templated":true}]}}