{"id":5151,"date":"2024-07-09T14:34:13","date_gmt":"2024-07-09T14:34:13","guid":{"rendered":"https:\/\/distribuidor-cintas-adhesivas.es\/producto\/3m-3431-tela-retrorreflectora-microprismatica-classe-ra1-egp\/"},"modified":"2024-07-22T08:49:09","modified_gmt":"2024-07-22T08:49:09","slug":"3m-3431-tela-retrorreflectora-microprismatica-classe-ra1-egp","status":"publish","type":"product","link":"https:\/\/distribuidor-cintas-adhesivas.es\/pt-pt\/producto\/3m-3431-tela-retrorreflectora-microprismatica-classe-ra1-egp\/","title":{"rendered":"3M\u2122 3431 Tela Retrorreflectora Microprism\u00e1tica Classe RA1 EGP"},"content":{"rendered":"<p>3M\u2122 3431 Tela Retrorreflectora Microprism\u00e1tica Classe RA1 EGP \u00e9 aprovado para a produ\u00e7\u00e3o de sinais n\u00e3o cr\u00edticos (sinais de proibi\u00e7\u00e3o de estacionamento, lugares de estacionamento reservados V15 para diversidade funcional ou sinais de estacionamento restrito) e para sinais comerciais expostos verticalmente em servi\u00e7o. \u00c9 aprovado para a produ\u00e7\u00e3o de sinais de tr\u00e2nsito com Avalia\u00e7\u00f5es T\u00e9cnicas Europeias (ETA).<\/p>\n<h4><span style=\"color: #3366ff;\"><a style=\"color: #3366ff;\" href=\"https:\/\/solbi-mural.com\/pt\/3m-fitas-reflectoras\/159-3m-fita-reflectora-3431-rolo-de-457m-x-25mm-metro-linear.html\" target=\"_blank\" rel=\"noopener\"><strong>Comprar online 3M 3431<\/strong><\/a><\/span><\/h4>\n<p>&nbsp;<\/p>\n<h4>Caracter\u00edsticas<\/h4>\n<ul>\n<li><span lang=\"pt\" xml:lang=\"pt\">3M\u2122 3431 Tela Retrorreflectora Microprism\u00e1tica Classe RA1 EGP \u00e9 aprovado para o fabrico de sinais de tr\u00e2nsito n\u00e3o cr\u00edticos.<\/span><\/li>\n<li><span lang=\"pt\" xml:lang=\"pt\">Possui uma tecnologia \u00f3tica retrorreflectora prism\u00e1tica fi\u00e1vel, testada pela 3M para a classe RA1, grau de engenharia.<\/span><\/li>\n<li><span style=\"font-size: 16px;\">Oferece melhor luminosidade diurna e nocturna do que as lentes de vidro pr\u00e9-formado da Classe RA1.<\/span><\/li>\n<li><span style=\"font-size: 16px;\">Em conformidade com a norma EN 12899-1:2007 Classe RA2 para cor e desempenho.<\/span><\/li>\n<li><span style=\"font-size: 16px;\">Fita amiga do ambiente. Reduz significativamente as emiss\u00f5es de compostos org\u00e2nicos vol\u00e1teis (COV), o consumo de energia e os res\u00edduos, em compara\u00e7\u00e3o com as pel\u00edculas de vidro de esferas da classe RA1.<\/span><\/li>\n<li>Dispon\u00edvel em v\u00e1rias larguras, 27,5 mm; 50 mm; 100 mm; 125 mm e 150 mm<\/li>\n<li>Dispon\u00edvel em todas as cores de tr\u00e1fego padr\u00e3o.<\/li>\n<li>Facilmente vis\u00edvel gra\u00e7as \u00e0 marca\u00e7\u00e3o &#8220;EGP&#8221; integrada.<\/li>\n<li>Fita reflectora com microprismas<\/li>\n<li>N\u00e3o metalizada<\/li>\n<\/ul>\n<h4>Aplica\u00e7\u00f5es<\/h4>\n<ul>\n<li>F\u00e1cil de aplicar, bastando exercer uma ligeira press\u00e3o \u00e0 m\u00e3o ou com uma esp\u00e1tula de pl\u00e1stico\/borracha.<\/li>\n<li>Adequado para aplica\u00e7\u00e3o em superf\u00edcies lisas e ligeiramente curvas.<\/li>\n<\/ul>\n<h4>Produtos similares<\/h4>\n<ul>\n<li><a href=\"https:\/\/distribuidor-cintas-adhesivas.es\/pt-pt\/producto\/folha-reflectora-flexivel-3m-823i-classe-ra2\/\" target=\"_blank\" rel=\"noopener\">823i<\/a><\/li>\n<li><a href=\"https:\/\/distribuidor-cintas-adhesivas.es\/pt-pt\/producto\/3m-lamina-retrorreflectante-957s-ece104\/\" target=\"_blank\" rel=\"noopener\">957S<\/a><\/li>\n<li><a href=\"https:\/\/distribuidor-cintas-adhesivas.es\/pt-pt\/producto\/3m-diamond-grade-983-72-s-ece104\/\" target=\"_blank\" rel=\"noopener\">983S<\/a><\/li>\n<li><a href=\"https:\/\/distribuidor-cintas-adhesivas.es\/pt-pt\/producto\/3m-3410-tela-reflectora-microprismatica-classe-ra2\/\">3410<\/a><\/li>\n<li><a href=\"https:\/\/distribuidor-cintas-adhesivas.es\/pt-pt\/producto\/3m-3932-tela-retrorreflectora-microprismatica-classe-ra2\/\">3932<\/a><\/li>\n<li><a href=\"https:\/\/distribuidor-cintas-adhesivas.es\/pt-pt\/producto\/3m-4083-tela-retrorreflectora-microprismatica-classe-ra3\/\">4083<\/a><\/li>\n<\/ul>\n","protected":false},"excerpt":{"rendered":"<p>3M\u2122 3431 Tela Retrorreflectora Microprism\u00e1tica Classe RA1 EGP \u00e9 aprovado para a produ\u00e7\u00e3o de sinais n\u00e3o cr\u00edticos (sinais de proibi\u00e7\u00e3o de estacionamento, lugares de estacionamento reservados V15 para diversidade funcional ou sinais de estacionamento restrito) e para sinais comerciais expostos verticalmente em servi\u00e7o. \u00c9 aprovado para a produ\u00e7\u00e3o de sinais de tr\u00e2nsito com Avalia\u00e7\u00f5es T\u00e9cnicas [&hellip;]<\/p>\n","protected":false},"featured_media":5143,"template":"","meta":{"site-sidebar-layout":"default","site-content-layout":"","ast-site-content-layout":"default","site-content-style":"default","site-sidebar-style":"default","ast-global-header-display":"","ast-banner-title-visibility":"","ast-main-header-display":"","ast-hfb-above-header-display":"","ast-hfb-below-header-display":"","ast-hfb-mobile-header-display":"","site-post-title":"","ast-breadcrumbs-content":"","ast-featured-img":"","footer-sml-layout":"","ast-disable-related-posts":"","theme-transparent-header-meta":"default","adv-header-id-meta":"","stick-header-meta":"","header-above-stick-meta":"","header-main-stick-meta":"","header-below-stick-meta":"","astra-migrate-meta-layouts":"set","ast-page-background-enabled":"default","ast-page-background-meta":{"desktop":{"background-color":"","background-image":"","background-repeat":"repeat","background-position":"center center","background-size":"auto","background-attachment":"scroll","background-type":"","background-media":"","overlay-type":"","overlay-color":"","overlay-opacity":"","overlay-gradient":""},"tablet":{"background-color":"","background-image":"","background-repeat":"repeat","background-position":"center center","background-size":"auto","background-attachment":"scroll","background-type":"","background-media":"","overlay-type":"","overlay-color":"","overlay-opacity":"","overlay-gradient":""},"mobile":{"background-color":"","background-image":"","background-repeat":"repeat","background-position":"center center","background-size":"auto","background-attachment":"scroll","background-type":"","background-media":"","overlay-type":"","overlay-color":"","overlay-opacity":"","overlay-gradient":""}},"ast-content-background-meta":{"desktop":{"background-color":"var(--ast-global-color-5)","background-image":"","background-repeat":"repeat","background-position":"center center","background-size":"auto","background-attachment":"scroll","background-type":"","background-media":"","overlay-type":"","overlay-color":"","overlay-opacity":"","overlay-gradient":""},"tablet":{"background-color":"var(--ast-global-color-5)","background-image":"","background-repeat":"repeat","background-position":"center center","background-size":"auto","background-attachment":"scroll","background-type":"","background-media":"","overlay-type":"","overlay-color":"","overlay-opacity":"","overlay-gradient":""},"mobile":{"background-color":"var(--ast-global-color-5)","background-image":"","background-repeat":"repeat","background-position":"center center","background-size":"auto","background-attachment":"scroll","background-type":"","background-media":"","overlay-type":"","overlay-color":"","overlay-opacity":"","overlay-gradient":""}}},"product_brand":[],"product_cat":[2619],"product_tag":[2815,2808,2761,2655,2816,2777],"class_list":{"0":"post-5151","1":"product","2":"type-product","3":"status-publish","4":"has-post-thumbnail","6":"product_cat-fitas-reflectantes-pt","7":"product_tag-3m-3430-pt-pt","8":"product_tag-fita-de-sinalizacao-de-transito","9":"product_tag-fita-homologada","10":"product_tag-fita-reflectora-pt-pt","11":"product_tag-fita-reflectora-3m","12":"product_tag-fita-reflectora-aprovada","13":"desktop-align-center","14":"tablet-align-center","15":"mobile-align-center","17":"first","18":"instock","19":"shipping-taxable","20":"product-type-simple"},"yoast_head":"<!-- This site is optimized with the Yoast SEO Premium plugin v27.2 (Yoast SEO v27.2) - https:\/\/yoast.com\/product\/yoast-seo-premium-wordpress\/ -->\n<title>3M\u2122 3431 Tela Retrorreflectora Microprism\u00e1tica Classe RA1 EGP<\/title>\n<meta name=\"description\" content=\"3M\u2122 3431 Tela Retrorreflectora Microprism\u00e1tica Classe RA1 EGP aprovado para a produ\u00e7\u00e3o de sinais de tr\u00e2nsito n\u00e3o cr\u00edticos (sinais de proibi\u00e7\u00e3o de estacionamento, sinais V15, etc.).\" \/>\n<meta name=\"robots\" content=\"index, follow, max-snippet:-1, max-image-preview:large, max-video-preview:-1\" \/>\n<link rel=\"canonical\" href=\"https:\/\/distribuidor-cintas-adhesivas.es\/pt-pt\/producto\/3m-3431-tela-retrorreflectora-microprismatica-classe-ra1-egp\/\" \/>\n<meta property=\"og:locale\" content=\"pt_PT\" \/>\n<meta property=\"og:type\" content=\"article\" \/>\n<meta property=\"og:title\" content=\"3M\u2122 3431 Tela Retrorreflectora Microprism\u00e1tica Classe RA1 EGP\" \/>\n<meta property=\"og:description\" content=\"3M\u2122 3431 Tela Retrorreflectora Microprism\u00e1tica Classe RA1 EGP aprovado para a produ\u00e7\u00e3o de sinais de tr\u00e2nsito n\u00e3o cr\u00edticos (sinais de proibi\u00e7\u00e3o de estacionamento, sinais V15, etc.).\" \/>\n<meta property=\"og:url\" content=\"https:\/\/distribuidor-cintas-adhesivas.es\/pt-pt\/producto\/3m-3431-tela-retrorreflectora-microprismatica-classe-ra1-egp\/\" \/>\n<meta property=\"og:site_name\" content=\"Distribuidor de cintas 3M, productos 3M, http:\/\/www.http:\/\/distribuidorcintas3m.es, Mejores ofertas en cintas\" \/>\n<meta property=\"article:modified_time\" content=\"2024-07-22T08:49:09+00:00\" \/>\n<meta property=\"og:image\" content=\"https:\/\/distribuidor-cintas-adhesivas.es\/wp-content\/uploads\/2024\/07\/3M-3431-Cinta-reflectante-Microprismas-Clase-RA1-EGP.png\" \/>\n\t<meta property=\"og:image:width\" content=\"800\" \/>\n\t<meta property=\"og:image:height\" content=\"800\" \/>\n\t<meta property=\"og:image:type\" content=\"image\/png\" \/>\n<meta name=\"twitter:card\" content=\"summary_large_image\" \/>\n<meta name=\"twitter:label1\" content=\"Tempo estimado de leitura\" \/>\n\t<meta name=\"twitter:data1\" content=\"2 minutos\" \/>\n<script type=\"application\/ld+json\" class=\"yoast-schema-graph\">{\"@context\":\"https:\/\/schema.org\",\"@graph\":[{\"@type\":\"WebPage\",\"@id\":\"https:\/\/distribuidor-cintas-adhesivas.es\/pt-pt\/producto\/3m-3431-tela-retrorreflectora-microprismatica-classe-ra1-egp\/\",\"url\":\"https:\/\/distribuidor-cintas-adhesivas.es\/pt-pt\/producto\/3m-3431-tela-retrorreflectora-microprismatica-classe-ra1-egp\/\",\"name\":\"3M\u2122 3431 Tela Retrorreflectora Microprism\u00e1tica Classe RA1 EGP\",\"isPartOf\":{\"@id\":\"https:\/\/distribuidor-cintas-adhesivas.es\/pt-pt\/#website\"},\"primaryImageOfPage\":{\"@id\":\"https:\/\/distribuidor-cintas-adhesivas.es\/pt-pt\/producto\/3m-3431-tela-retrorreflectora-microprismatica-classe-ra1-egp\/#primaryimage\"},\"image\":{\"@id\":\"https:\/\/distribuidor-cintas-adhesivas.es\/pt-pt\/producto\/3m-3431-tela-retrorreflectora-microprismatica-classe-ra1-egp\/#primaryimage\"},\"thumbnailUrl\":\"https:\/\/distribuidor-cintas-adhesivas.es\/wp-content\/uploads\/2024\/07\/3M-3431-Cinta-reflectante-Microprismas-Clase-RA1-EGP.png\",\"datePublished\":\"2024-07-09T14:34:13+00:00\",\"dateModified\":\"2024-07-22T08:49:09+00:00\",\"description\":\"3M\u2122 3431 Tela Retrorreflectora Microprism\u00e1tica Classe RA1 EGP aprovado para a produ\u00e7\u00e3o de sinais de tr\u00e2nsito n\u00e3o cr\u00edticos (sinais de proibi\u00e7\u00e3o de estacionamento, sinais V15, etc.).\",\"breadcrumb\":{\"@id\":\"https:\/\/distribuidor-cintas-adhesivas.es\/pt-pt\/producto\/3m-3431-tela-retrorreflectora-microprismatica-classe-ra1-egp\/#breadcrumb\"},\"inLanguage\":\"pt-PT\",\"potentialAction\":[{\"@type\":\"ReadAction\",\"target\":[\"https:\/\/distribuidor-cintas-adhesivas.es\/pt-pt\/producto\/3m-3431-tela-retrorreflectora-microprismatica-classe-ra1-egp\/\"]}]},{\"@type\":\"ImageObject\",\"inLanguage\":\"pt-PT\",\"@id\":\"https:\/\/distribuidor-cintas-adhesivas.es\/pt-pt\/producto\/3m-3431-tela-retrorreflectora-microprismatica-classe-ra1-egp\/#primaryimage\",\"url\":\"https:\/\/distribuidor-cintas-adhesivas.es\/wp-content\/uploads\/2024\/07\/3M-3431-Cinta-reflectante-Microprismas-Clase-RA1-EGP.png\",\"contentUrl\":\"https:\/\/distribuidor-cintas-adhesivas.es\/wp-content\/uploads\/2024\/07\/3M-3431-Cinta-reflectante-Microprismas-Clase-RA1-EGP.png\",\"width\":800,\"height\":800,\"caption\":\"Fita reflectora de microprisma 3M 3431 Classe RA1 EGP\"},{\"@type\":\"BreadcrumbList\",\"@id\":\"https:\/\/distribuidor-cintas-adhesivas.es\/pt-pt\/producto\/3m-3431-tela-retrorreflectora-microprismatica-classe-ra1-egp\/#breadcrumb\",\"itemListElement\":[{\"@type\":\"ListItem\",\"position\":1,\"name\":\"Portada\",\"item\":\"https:\/\/distribuidor-cintas-adhesivas.es\/pt-pt\/\"},{\"@type\":\"ListItem\",\"position\":2,\"name\":\"Produtos\",\"item\":\"https:\/\/distribuidor-cintas-adhesivas.es\/shop\/\"},{\"@type\":\"ListItem\",\"position\":3,\"name\":\"3M\u2122 3431 Tela Retrorreflectora Microprism\u00e1tica Classe RA1 EGP\"}]},{\"@type\":\"WebSite\",\"@id\":\"https:\/\/distribuidor-cintas-adhesivas.es\/pt-pt\/#website\",\"url\":\"https:\/\/distribuidor-cintas-adhesivas.es\/pt-pt\/\",\"name\":\"Distribuidor de cintas 3M\",\"description\":\"Distribuidor de cintas 3M, productos 3M, cinta adhesiva, 3M cinta doble cara, adhesivos 3M, cinta antideslizante, velcro 3M, cinta reflectante, 3m scotch, selladores de tuber\u00edas, formadores de juntas, retenedores, cianocrilatos reforzados con caucho, cianocrilatos ultrar\u00e1pidos, cianocrilatos para plasticos y caucho, cianocrilatos generales, cianocrilatos con poco olor, cianocrilatos para metales, adhesivos en aerosol, selladores y adhesivos, cintas de aluminio, cintas de vinilo para se\u00f1alizaci\u00f3n, cintas de tela americanas, cintas de papel para enmascarar, cintas para embalaje\",\"publisher\":{\"@id\":\"https:\/\/distribuidor-cintas-adhesivas.es\/pt-pt\/#organization\"},\"potentialAction\":[{\"@type\":\"SearchAction\",\"target\":{\"@type\":\"EntryPoint\",\"urlTemplate\":\"https:\/\/distribuidor-cintas-adhesivas.es\/pt-pt\/?s={search_term_string}\"},\"query-input\":{\"@type\":\"PropertyValueSpecification\",\"valueRequired\":true,\"valueName\":\"search_term_string\"}}],\"inLanguage\":\"pt-PT\"},{\"@type\":\"Organization\",\"@id\":\"https:\/\/distribuidor-cintas-adhesivas.es\/pt-pt\/#organization\",\"name\":\"Distribuidor de cintas 3M\",\"url\":\"https:\/\/distribuidor-cintas-adhesivas.es\/pt-pt\/\",\"logo\":{\"@type\":\"ImageObject\",\"inLanguage\":\"pt-PT\",\"@id\":\"https:\/\/distribuidor-cintas-adhesivas.es\/pt-pt\/#\/schema\/logo\/image\/\",\"url\":\"https:\/\/distribuidor-cintas-adhesivas.es\/wp-content\/uploads\/2022\/10\/logo-espanol-portugues.png\",\"contentUrl\":\"https:\/\/distribuidor-cintas-adhesivas.es\/wp-content\/uploads\/2022\/10\/logo-espanol-portugues.png\",\"width\":739,\"height\":150,\"caption\":\"Distribuidor de cintas 3M\"},\"image\":{\"@id\":\"https:\/\/distribuidor-cintas-adhesivas.es\/pt-pt\/#\/schema\/logo\/image\/\"},\"sameAs\":[\"https:\/\/distribuidorcintastesa.es\",\"https:\/\/solbi-mural.com\/es\/\",\"https:\/\/muralsrd.com\/\",\"https:\/\/www.instagram.com\/solbimural\/?igsh=ZnR6ZmkzZm1ubWhl\"]}]}<\/script>\n<!-- \/ Yoast SEO Premium plugin. -->","yoast_head_json":{"title":"3M\u2122 3431 Tela Retrorreflectora Microprism\u00e1tica Classe RA1 EGP","description":"3M\u2122 3431 Tela Retrorreflectora Microprism\u00e1tica Classe RA1 EGP aprovado para a produ\u00e7\u00e3o de sinais de tr\u00e2nsito n\u00e3o cr\u00edticos (sinais de proibi\u00e7\u00e3o de estacionamento, sinais V15, etc.).","robots":{"index":"index","follow":"follow","max-snippet":"max-snippet:-1","max-image-preview":"max-image-preview:large","max-video-preview":"max-video-preview:-1"},"canonical":"https:\/\/distribuidor-cintas-adhesivas.es\/pt-pt\/producto\/3m-3431-tela-retrorreflectora-microprismatica-classe-ra1-egp\/","og_locale":"pt_PT","og_type":"article","og_title":"3M\u2122 3431 Tela Retrorreflectora Microprism\u00e1tica Classe RA1 EGP","og_description":"3M\u2122 3431 Tela Retrorreflectora Microprism\u00e1tica Classe RA1 EGP aprovado para a produ\u00e7\u00e3o de sinais de tr\u00e2nsito n\u00e3o cr\u00edticos (sinais de proibi\u00e7\u00e3o de estacionamento, sinais V15, etc.).","og_url":"https:\/\/distribuidor-cintas-adhesivas.es\/pt-pt\/producto\/3m-3431-tela-retrorreflectora-microprismatica-classe-ra1-egp\/","og_site_name":"Distribuidor de cintas 3M, productos 3M, http:\/\/www.http:\/\/distribuidorcintas3m.es, Mejores ofertas en cintas","article_modified_time":"2024-07-22T08:49:09+00:00","og_image":[{"width":800,"height":800,"url":"https:\/\/distribuidor-cintas-adhesivas.es\/wp-content\/uploads\/2024\/07\/3M-3431-Cinta-reflectante-Microprismas-Clase-RA1-EGP.png","type":"image\/png"}],"twitter_card":"summary_large_image","twitter_misc":{"Tempo estimado de leitura":"2 minutos"},"schema":{"@context":"https:\/\/schema.org","@graph":[{"@type":"WebPage","@id":"https:\/\/distribuidor-cintas-adhesivas.es\/pt-pt\/producto\/3m-3431-tela-retrorreflectora-microprismatica-classe-ra1-egp\/","url":"https:\/\/distribuidor-cintas-adhesivas.es\/pt-pt\/producto\/3m-3431-tela-retrorreflectora-microprismatica-classe-ra1-egp\/","name":"3M\u2122 3431 Tela Retrorreflectora Microprism\u00e1tica Classe RA1 EGP","isPartOf":{"@id":"https:\/\/distribuidor-cintas-adhesivas.es\/pt-pt\/#website"},"primaryImageOfPage":{"@id":"https:\/\/distribuidor-cintas-adhesivas.es\/pt-pt\/producto\/3m-3431-tela-retrorreflectora-microprismatica-classe-ra1-egp\/#primaryimage"},"image":{"@id":"https:\/\/distribuidor-cintas-adhesivas.es\/pt-pt\/producto\/3m-3431-tela-retrorreflectora-microprismatica-classe-ra1-egp\/#primaryimage"},"thumbnailUrl":"https:\/\/distribuidor-cintas-adhesivas.es\/wp-content\/uploads\/2024\/07\/3M-3431-Cinta-reflectante-Microprismas-Clase-RA1-EGP.png","datePublished":"2024-07-09T14:34:13+00:00","dateModified":"2024-07-22T08:49:09+00:00","description":"3M\u2122 3431 Tela Retrorreflectora Microprism\u00e1tica Classe RA1 EGP aprovado para a produ\u00e7\u00e3o de sinais de tr\u00e2nsito n\u00e3o cr\u00edticos (sinais de proibi\u00e7\u00e3o de estacionamento, sinais V15, etc.).","breadcrumb":{"@id":"https:\/\/distribuidor-cintas-adhesivas.es\/pt-pt\/producto\/3m-3431-tela-retrorreflectora-microprismatica-classe-ra1-egp\/#breadcrumb"},"inLanguage":"pt-PT","potentialAction":[{"@type":"ReadAction","target":["https:\/\/distribuidor-cintas-adhesivas.es\/pt-pt\/producto\/3m-3431-tela-retrorreflectora-microprismatica-classe-ra1-egp\/"]}]},{"@type":"ImageObject","inLanguage":"pt-PT","@id":"https:\/\/distribuidor-cintas-adhesivas.es\/pt-pt\/producto\/3m-3431-tela-retrorreflectora-microprismatica-classe-ra1-egp\/#primaryimage","url":"https:\/\/distribuidor-cintas-adhesivas.es\/wp-content\/uploads\/2024\/07\/3M-3431-Cinta-reflectante-Microprismas-Clase-RA1-EGP.png","contentUrl":"https:\/\/distribuidor-cintas-adhesivas.es\/wp-content\/uploads\/2024\/07\/3M-3431-Cinta-reflectante-Microprismas-Clase-RA1-EGP.png","width":800,"height":800,"caption":"Fita reflectora de microprisma 3M 3431 Classe RA1 EGP"},{"@type":"BreadcrumbList","@id":"https:\/\/distribuidor-cintas-adhesivas.es\/pt-pt\/producto\/3m-3431-tela-retrorreflectora-microprismatica-classe-ra1-egp\/#breadcrumb","itemListElement":[{"@type":"ListItem","position":1,"name":"Portada","item":"https:\/\/distribuidor-cintas-adhesivas.es\/pt-pt\/"},{"@type":"ListItem","position":2,"name":"Produtos","item":"https:\/\/distribuidor-cintas-adhesivas.es\/shop\/"},{"@type":"ListItem","position":3,"name":"3M\u2122 3431 Tela Retrorreflectora Microprism\u00e1tica Classe RA1 EGP"}]},{"@type":"WebSite","@id":"https:\/\/distribuidor-cintas-adhesivas.es\/pt-pt\/#website","url":"https:\/\/distribuidor-cintas-adhesivas.es\/pt-pt\/","name":"Distribuidor de cintas 3M","description":"Distribuidor de cintas 3M, productos 3M, cinta adhesiva, 3M cinta doble cara, adhesivos 3M, cinta antideslizante, velcro 3M, cinta reflectante, 3m scotch, selladores de tuber\u00edas, formadores de juntas, retenedores, cianocrilatos reforzados con caucho, cianocrilatos ultrar\u00e1pidos, cianocrilatos para plasticos y caucho, cianocrilatos generales, cianocrilatos con poco olor, cianocrilatos para metales, adhesivos en aerosol, selladores y adhesivos, cintas de aluminio, cintas de vinilo para se\u00f1alizaci\u00f3n, cintas de tela americanas, cintas de papel para enmascarar, cintas para embalaje","publisher":{"@id":"https:\/\/distribuidor-cintas-adhesivas.es\/pt-pt\/#organization"},"potentialAction":[{"@type":"SearchAction","target":{"@type":"EntryPoint","urlTemplate":"https:\/\/distribuidor-cintas-adhesivas.es\/pt-pt\/?s={search_term_string}"},"query-input":{"@type":"PropertyValueSpecification","valueRequired":true,"valueName":"search_term_string"}}],"inLanguage":"pt-PT"},{"@type":"Organization","@id":"https:\/\/distribuidor-cintas-adhesivas.es\/pt-pt\/#organization","name":"Distribuidor de cintas 3M","url":"https:\/\/distribuidor-cintas-adhesivas.es\/pt-pt\/","logo":{"@type":"ImageObject","inLanguage":"pt-PT","@id":"https:\/\/distribuidor-cintas-adhesivas.es\/pt-pt\/#\/schema\/logo\/image\/","url":"https:\/\/distribuidor-cintas-adhesivas.es\/wp-content\/uploads\/2022\/10\/logo-espanol-portugues.png","contentUrl":"https:\/\/distribuidor-cintas-adhesivas.es\/wp-content\/uploads\/2022\/10\/logo-espanol-portugues.png","width":739,"height":150,"caption":"Distribuidor de cintas 3M"},"image":{"@id":"https:\/\/distribuidor-cintas-adhesivas.es\/pt-pt\/#\/schema\/logo\/image\/"},"sameAs":["https:\/\/distribuidorcintastesa.es","https:\/\/solbi-mural.com\/es\/","https:\/\/muralsrd.com\/","https:\/\/www.instagram.com\/solbimural\/?igsh=ZnR6ZmkzZm1ubWhl"]}]}},"_links":{"self":[{"href":"https:\/\/distribuidor-cintas-adhesivas.es\/pt-pt\/wp-json\/wp\/v2\/product\/5151","targetHints":{"allow":["GET"]}}],"collection":[{"href":"https:\/\/distribuidor-cintas-adhesivas.es\/pt-pt\/wp-json\/wp\/v2\/product"}],"about":[{"href":"https:\/\/distribuidor-cintas-adhesivas.es\/pt-pt\/wp-json\/wp\/v2\/types\/product"}],"wp:featuredmedia":[{"embeddable":true,"href":"https:\/\/distribuidor-cintas-adhesivas.es\/pt-pt\/wp-json\/wp\/v2\/media\/5143"}],"wp:attachment":[{"href":"https:\/\/distribuidor-cintas-adhesivas.es\/pt-pt\/wp-json\/wp\/v2\/media?parent=5151"}],"wp:term":[{"taxonomy":"product_brand","embeddable":true,"href":"https:\/\/distribuidor-cintas-adhesivas.es\/pt-pt\/wp-json\/wp\/v2\/product_brand?post=5151"},{"taxonomy":"product_cat","embeddable":true,"href":"https:\/\/distribuidor-cintas-adhesivas.es\/pt-pt\/wp-json\/wp\/v2\/product_cat?post=5151"},{"taxonomy":"product_tag","embeddable":true,"href":"https:\/\/distribuidor-cintas-adhesivas.es\/pt-pt\/wp-json\/wp\/v2\/product_tag?post=5151"}],"curies":[{"name":"wp","href":"https:\/\/api.w.org\/{rel}","templated":true}]}}