{"id":5236,"date":"2024-07-17T11:16:18","date_gmt":"2024-07-17T13:47:39","guid":{"rendered":"https:\/\/distribuidor-cintas-adhesivas.es\/?post_type=product&#038;p=5236"},"modified":"2024-07-24T14:59:01","modified_gmt":"2024-07-24T14:59:01","slug":"fita-3m-vhb-muito-conformavel","status":"publish","type":"product","link":"https:\/\/distribuidor-cintas-adhesivas.es\/pt-pt\/producto\/fita-3m-vhb-muito-conformavel\/","title":{"rendered":"Fita 3M\u2122 VHB\u2122 Muito Conform\u00e1vel"},"content":{"rendered":"<p>A Fita 3M\u2122 VHB\u2122 Muito Conform\u00e1vel oferecem uma colagem duradoura, r\u00e1pida e f\u00e1cil de aplicar que proporciona uma elevada resist\u00eancia e durabilidade a longo prazo. Proporciona liga\u00e7\u00f5es quase invis\u00edveis que tornam as superf\u00edcies lisas.<\/p>\n<h4><strong>Compra em linha<\/strong><\/h4>\n<h4><span style=\"color: #3366ff;\"><a style=\"color: #3366ff;\" href=\"https:\/\/solbi-mural.com\/pt\/pesquisa?s=5915f\">5915F espessura 0.4mm<\/a><\/span><\/h4>\n<h4><span style=\"color: #3366ff;\"><a style=\"color: #3366ff;\" href=\"https:\/\/solbi-mural.com\/pt\/fitas-adesivas-dupla-face\/742-2044-3m-vhb-fita-vedante-de-espuma-acrilica-5925f-folhas-de-210-mm-x-295-mm-4046719418503.html#\/11-cor-preto\">5925F <strong>espessura 0.6 mm<\/strong><\/a><\/span><\/h4>\n<h4><span style=\"color: #3366ff;\"><a style=\"color: #3366ff;\" href=\"https:\/\/solbi-mural.com\/pt\/pesquisa?controller=search&amp;s=5952f\" target=\"_blank\" rel=\"noopener\"><strong>5952F espessura 1,1 mm<\/strong><\/a><\/span><\/h4>\n<h4><span style=\"color: #3366ff;\"><a style=\"color: #3366ff;\" href=\"https:\/\/solbi-mural.com\/pt\/pesquisa?s=5962f\" target=\"_blank\" rel=\"noopener\"><strong>5962F espessura 1,6 mm<\/strong><\/a><\/span><\/h4>\n<h4><\/h4>\n<h4><strong>Caracter\u00edsticas<\/strong><\/h4>\n<ul>\n<li>Adesivo acr\u00edlico preto modificado com propriedades viscoel\u00e1sticas e um n\u00facleo de espuma acr\u00edlica <strong>altamente adapt\u00e1vel.<\/strong><\/li>\n<li>Fita 3M\u2122 VHB\u2122 Muito Conform\u00e1vel adere a uma grande variedade de substratos, incluindo a maioria dos revestimentos em p\u00f3 e superf\u00edcies irregulares<\/li>\n<li>Pode substituir os fixadores mec\u00e2nicos (rebites, pontos de soldadura, parafusos) ou adesivos l\u00edquidos, eliminando a necessidade de perfurar, esmerilar, lixar, aparafusar, soldar e limpar.<\/li>\n<li>A elevada absor\u00e7\u00e3o de tens\u00f5es din\u00e2micas reduz as vibra\u00e7\u00f5es e as tens\u00f5es de impacto<\/li>\n<li>Cria uma veda\u00e7\u00e3o permanente contra a \u00e1gua e a humidade<\/li>\n<li>Resist\u00eancia \u00e0 temperatura M\u00ednima -35\u00baC e M\u00e1xima em ABS e PVC R\u00edgido de 75\u00baC e no resto de 90\u00baC.<\/li>\n<\/ul>\n<h4>Aplica\u00e7\u00f5es<\/h4>\n<ul>\n<li>F\u00e1cil de aplicar, bastando exercer uma ligeira press\u00e3o com a m\u00e3o.<\/li>\n<li>Adere a ambas as superf\u00edcies em contacto e permite um manuseamento imediato.<\/li>\n<li>Possui um n\u00facleo de espuma acr\u00edlica altamente conform\u00e1vel que adere a uma grande variedade de substratos, incluindo a maioria dos revestimentos em p\u00f3 e superf\u00edcies irregulares.<\/li>\n<li>Adere a uma vasta gama de substratos, incluindo alum\u00ednio, a\u00e7o inoxid\u00e1vel, a\u00e7o galvanizado, comp\u00f3sitos e pl\u00e1sticos, acr\u00edlicos, policarbonatos e ABS, bem como madeira pintada ou lacada.<\/li>\n<li>A gama de fitas VHB\u2122 pode ser utilizada em interiores ou exteriores numa grande variedade de aplica\u00e7\u00f5es, incluindo montagem de janelas, portas e sinais, componentes electr\u00f3nicos, constru\u00e7\u00e3o e in\u00fameras aplica\u00e7\u00f5es industriais.<\/li>\n<\/ul>\n<p>&nbsp;<\/p>\n<p>Nesta mesma fam\u00edlia de adesivos est\u00e3o dispon\u00edveis as seguintes refer\u00eancias: 5930, 5930P e 5958FR. Se necessitar de alguma destas refer\u00eancias, <strong>contacte-nos<\/strong> para obter um or\u00e7amento e um prazo de entrega, enviando um e-mail para <a href=\"mailto:federico@distribuidor-3m.solbi-mural.com\"><strong>federico@distribuidor-3m.solbi-mural.com<\/strong><\/a><\/p>\n<h4>Produtos relacionados<\/h4>\n<ul>\n<li><a href=\"https:\/\/distribuidor-cintas-adhesivas.es\/pt-pt\/producto\/3m-vhb-fita-gph-060gf\/\">GPH-060GF ; GPH-110GF ; GPH-160GF<\/a><\/li>\n<li><a href=\"https:\/\/distribuidor-cintas-adhesivas.es\/pt-pt\/producto\/fita-de-espuma-acrilica-3m-vhb-conformavel\/\">VHB Conform\u00e1vel<\/a><\/li>\n<li><a href=\"https:\/\/distribuidor-cintas-adhesivas.es\/pt-pt\/producto\/fita-de-espuma-acrilica-solida-para-uso-geral-3m-vhb\/\">VHB Solido<\/a><\/li>\n<li><a href=\"https:\/\/distribuidor-cintas-adhesivas.es\/pt-pt\/producto\/3m-vhb-fita-trasferidora\/\" target=\"_blank\" rel=\"noopener\">VHB Transfer<\/a><\/li>\n<li><a href=\"https:\/\/distribuidor-cintas-adhesivas.es\/pt-pt\/producto\/fita-3m-gpt-020\/\" target=\"_blank\" rel=\"noopener\">GPT-020<\/a><\/li>\n<\/ul>\n","protected":false},"excerpt":{"rendered":"<p>A Fita 3M\u2122 VHB\u2122 Muito Conform\u00e1vel oferecem uma colagem duradoura, r\u00e1pida e f\u00e1cil de aplicar que proporciona uma elevada resist\u00eancia e durabilidade a longo prazo. Proporciona liga\u00e7\u00f5es quase invis\u00edveis que tornam as superf\u00edcies lisas. Compra em linha 5915F espessura 0.4mm 5925F espessura 0.6 mm 5952F espessura 1,1 mm 5962F espessura 1,6 mm Caracter\u00edsticas Adesivo acr\u00edlico [&hellip;]<\/p>\n","protected":false},"featured_media":5316,"template":"","meta":{"site-sidebar-layout":"default","site-content-layout":"","ast-site-content-layout":"default","site-content-style":"default","site-sidebar-style":"default","ast-global-header-display":"","ast-banner-title-visibility":"","ast-main-header-display":"","ast-hfb-above-header-display":"","ast-hfb-below-header-display":"","ast-hfb-mobile-header-display":"","site-post-title":"","ast-breadcrumbs-content":"","ast-featured-img":"","footer-sml-layout":"","ast-disable-related-posts":"","theme-transparent-header-meta":"default","adv-header-id-meta":"","stick-header-meta":"","header-above-stick-meta":"","header-main-stick-meta":"","header-below-stick-meta":"","astra-migrate-meta-layouts":"set","ast-page-background-enabled":"default","ast-page-background-meta":{"desktop":{"background-color":"","background-image":"","background-repeat":"repeat","background-position":"center center","background-size":"auto","background-attachment":"scroll","background-type":"","background-media":"","overlay-type":"","overlay-color":"","overlay-opacity":"","overlay-gradient":""},"tablet":{"background-color":"","background-image":"","background-repeat":"repeat","background-position":"center center","background-size":"auto","background-attachment":"scroll","background-type":"","background-media":"","overlay-type":"","overlay-color":"","overlay-opacity":"","overlay-gradient":""},"mobile":{"background-color":"","background-image":"","background-repeat":"repeat","background-position":"center center","background-size":"auto","background-attachment":"scroll","background-type":"","background-media":"","overlay-type":"","overlay-color":"","overlay-opacity":"","overlay-gradient":""}},"ast-content-background-meta":{"desktop":{"background-color":"var(--ast-global-color-5)","background-image":"","background-repeat":"repeat","background-position":"center center","background-size":"auto","background-attachment":"scroll","background-type":"","background-media":"","overlay-type":"","overlay-color":"","overlay-opacity":"","overlay-gradient":""},"tablet":{"background-color":"var(--ast-global-color-5)","background-image":"","background-repeat":"repeat","background-position":"center center","background-size":"auto","background-attachment":"scroll","background-type":"","background-media":"","overlay-type":"","overlay-color":"","overlay-opacity":"","overlay-gradient":""},"mobile":{"background-color":"var(--ast-global-color-5)","background-image":"","background-repeat":"repeat","background-position":"center center","background-size":"auto","background-attachment":"scroll","background-type":"","background-media":"","overlay-type":"","overlay-color":"","overlay-opacity":"","overlay-gradient":""}}},"product_brand":[],"product_cat":[940,936],"product_tag":[1895,2244,2922,2873,1992,2877,2874,2875,2876,2878,2879,2880,2881],"class_list":{"0":"post-5236","1":"product","2":"type-product","3":"status-publish","4":"has-post-thumbnail","6":"product_cat-fitas-de-espuma","7":"product_cat-fitas-vhb","8":"product_tag-3m-vhb-pt-pt","9":"product_tag-3m-vhb-5952f-pt-pt","10":"product_tag-5915f","11":"product_tag-5962f-3m-pt-pt","12":"product_tag-cinta-espuma-pt-pt","13":"product_tag-colagem-imediata","14":"product_tag-fita-de-espuma-acrilica","15":"product_tag-fita-de-espuma-acrilica-3m","16":"product_tag-fita-muito-resistente","17":"product_tag-reduz-a-vibracao","18":"product_tag-substitui-as-fixacoes","19":"product_tag-todos-os-tipos-de-colagem","20":"product_tag-vhb-5962-pt-pt","21":"desktop-align-center","22":"tablet-align-center","23":"mobile-align-center","25":"first","26":"instock","27":"shipping-taxable","28":"product-type-simple"},"yoast_head":"<!-- This site is optimized with the Yoast SEO Premium plugin v27.2 (Yoast SEO v27.2) - https:\/\/yoast.com\/product\/yoast-seo-premium-wordpress\/ -->\n<title>Fita 3M\u2122 VHB\u2122 Muito Conform\u00e1vel<\/title>\n<meta name=\"description\" content=\"Fita 3M\u2122 VHB\u2122 Muito Conform\u00e1vel oferece uma liga\u00e7\u00e3o duradoura, r\u00e1pida e f\u00e1cil de aplicar que proporciona uma elevada resist\u00eancia e durabilidade.\" \/>\n<meta name=\"robots\" content=\"index, follow, max-snippet:-1, max-image-preview:large, max-video-preview:-1\" \/>\n<link rel=\"canonical\" href=\"https:\/\/distribuidor-cintas-adhesivas.es\/pt-pt\/producto\/fita-3m-vhb-muito-conformavel\/\" \/>\n<meta property=\"og:locale\" content=\"pt_PT\" \/>\n<meta property=\"og:type\" content=\"article\" \/>\n<meta property=\"og:title\" content=\"Fita 3M\u2122 VHB\u2122 Muito Conform\u00e1vel\" \/>\n<meta property=\"og:description\" content=\"Fita 3M\u2122 VHB\u2122 Muito Conform\u00e1vel oferece uma liga\u00e7\u00e3o duradoura, r\u00e1pida e f\u00e1cil de aplicar que proporciona uma elevada resist\u00eancia e durabilidade.\" \/>\n<meta property=\"og:url\" content=\"https:\/\/distribuidor-cintas-adhesivas.es\/pt-pt\/producto\/fita-3m-vhb-muito-conformavel\/\" \/>\n<meta property=\"og:site_name\" content=\"Distribuidor de cintas 3M, productos 3M, http:\/\/www.http:\/\/distribuidorcintas3m.es, Mejores ofertas en cintas\" \/>\n<meta property=\"article:modified_time\" content=\"2024-07-24T14:59:01+00:00\" \/>\n<meta property=\"og:image\" content=\"https:\/\/distribuidor-cintas-adhesivas.es\/wp-content\/uploads\/2024\/07\/3m-vhb-cinta-de-espuma-acrilica-5952f-rollo-de-11m-x-19mm-x-11mm-4.jpg\" \/>\n\t<meta property=\"og:image:width\" content=\"800\" \/>\n\t<meta property=\"og:image:height\" content=\"800\" \/>\n\t<meta property=\"og:image:type\" content=\"image\/jpeg\" \/>\n<meta name=\"twitter:card\" content=\"summary_large_image\" \/>\n<meta name=\"twitter:label1\" content=\"Tempo estimado de leitura\" \/>\n\t<meta name=\"twitter:data1\" content=\"2 minutos\" \/>\n<script type=\"application\/ld+json\" class=\"yoast-schema-graph\">{\"@context\":\"https:\/\/schema.org\",\"@graph\":[{\"@type\":\"WebPage\",\"@id\":\"https:\/\/distribuidor-cintas-adhesivas.es\/pt-pt\/producto\/fita-3m-vhb-muito-conformavel\/\",\"url\":\"https:\/\/distribuidor-cintas-adhesivas.es\/pt-pt\/producto\/fita-3m-vhb-muito-conformavel\/\",\"name\":\"Fita 3M\u2122 VHB\u2122 Muito Conform\u00e1vel\",\"isPartOf\":{\"@id\":\"https:\/\/distribuidor-cintas-adhesivas.es\/pt-pt\/#website\"},\"primaryImageOfPage\":{\"@id\":\"https:\/\/distribuidor-cintas-adhesivas.es\/pt-pt\/producto\/fita-3m-vhb-muito-conformavel\/#primaryimage\"},\"image\":{\"@id\":\"https:\/\/distribuidor-cintas-adhesivas.es\/pt-pt\/producto\/fita-3m-vhb-muito-conformavel\/#primaryimage\"},\"thumbnailUrl\":\"https:\/\/distribuidor-cintas-adhesivas.es\/wp-content\/uploads\/2024\/07\/3m-vhb-cinta-de-espuma-acrilica-5952f-rollo-de-11m-x-19mm-x-11mm-4.jpg\",\"datePublished\":\"2024-07-17T13:47:39+00:00\",\"dateModified\":\"2024-07-24T14:59:01+00:00\",\"description\":\"Fita 3M\u2122 VHB\u2122 Muito Conform\u00e1vel oferece uma liga\u00e7\u00e3o duradoura, r\u00e1pida e f\u00e1cil de aplicar que proporciona uma elevada resist\u00eancia e durabilidade.\",\"breadcrumb\":{\"@id\":\"https:\/\/distribuidor-cintas-adhesivas.es\/pt-pt\/producto\/fita-3m-vhb-muito-conformavel\/#breadcrumb\"},\"inLanguage\":\"pt-PT\",\"potentialAction\":[{\"@type\":\"ReadAction\",\"target\":[\"https:\/\/distribuidor-cintas-adhesivas.es\/pt-pt\/producto\/fita-3m-vhb-muito-conformavel\/\"]}]},{\"@type\":\"ImageObject\",\"inLanguage\":\"pt-PT\",\"@id\":\"https:\/\/distribuidor-cintas-adhesivas.es\/pt-pt\/producto\/fita-3m-vhb-muito-conformavel\/#primaryimage\",\"url\":\"https:\/\/distribuidor-cintas-adhesivas.es\/wp-content\/uploads\/2024\/07\/3m-vhb-cinta-de-espuma-acrilica-5952f-rollo-de-11m-x-19mm-x-11mm-4.jpg\",\"contentUrl\":\"https:\/\/distribuidor-cintas-adhesivas.es\/wp-content\/uploads\/2024\/07\/3m-vhb-cinta-de-espuma-acrilica-5952f-rollo-de-11m-x-19mm-x-11mm-4.jpg\",\"width\":800,\"height\":800,\"caption\":\"3M VHB CINTA ESPUMA ACRILICA 5962F 5952f\"},{\"@type\":\"BreadcrumbList\",\"@id\":\"https:\/\/distribuidor-cintas-adhesivas.es\/pt-pt\/producto\/fita-3m-vhb-muito-conformavel\/#breadcrumb\",\"itemListElement\":[{\"@type\":\"ListItem\",\"position\":1,\"name\":\"Portada\",\"item\":\"https:\/\/distribuidor-cintas-adhesivas.es\/pt-pt\/\"},{\"@type\":\"ListItem\",\"position\":2,\"name\":\"Produtos\",\"item\":\"https:\/\/distribuidor-cintas-adhesivas.es\/shop\/\"},{\"@type\":\"ListItem\",\"position\":3,\"name\":\"Fita 3M\u2122 VHB\u2122 Muito Conform\u00e1vel\"}]},{\"@type\":\"WebSite\",\"@id\":\"https:\/\/distribuidor-cintas-adhesivas.es\/pt-pt\/#website\",\"url\":\"https:\/\/distribuidor-cintas-adhesivas.es\/pt-pt\/\",\"name\":\"Distribuidor de cintas 3M\",\"description\":\"Distribuidor de cintas 3M, productos 3M, cinta adhesiva, 3M cinta doble cara, adhesivos 3M, cinta antideslizante, velcro 3M, cinta reflectante, 3m scotch, selladores de tuber\u00edas, formadores de juntas, retenedores, cianocrilatos reforzados con caucho, cianocrilatos ultrar\u00e1pidos, cianocrilatos para plasticos y caucho, cianocrilatos generales, cianocrilatos con poco olor, cianocrilatos para metales, adhesivos en aerosol, selladores y adhesivos, cintas de aluminio, cintas de vinilo para se\u00f1alizaci\u00f3n, cintas de tela americanas, cintas de papel para enmascarar, cintas para embalaje\",\"publisher\":{\"@id\":\"https:\/\/distribuidor-cintas-adhesivas.es\/pt-pt\/#organization\"},\"potentialAction\":[{\"@type\":\"SearchAction\",\"target\":{\"@type\":\"EntryPoint\",\"urlTemplate\":\"https:\/\/distribuidor-cintas-adhesivas.es\/pt-pt\/?s={search_term_string}\"},\"query-input\":{\"@type\":\"PropertyValueSpecification\",\"valueRequired\":true,\"valueName\":\"search_term_string\"}}],\"inLanguage\":\"pt-PT\"},{\"@type\":\"Organization\",\"@id\":\"https:\/\/distribuidor-cintas-adhesivas.es\/pt-pt\/#organization\",\"name\":\"Distribuidor de cintas 3M\",\"url\":\"https:\/\/distribuidor-cintas-adhesivas.es\/pt-pt\/\",\"logo\":{\"@type\":\"ImageObject\",\"inLanguage\":\"pt-PT\",\"@id\":\"https:\/\/distribuidor-cintas-adhesivas.es\/pt-pt\/#\/schema\/logo\/image\/\",\"url\":\"https:\/\/distribuidor-cintas-adhesivas.es\/wp-content\/uploads\/2022\/10\/logo-espanol-portugues.png\",\"contentUrl\":\"https:\/\/distribuidor-cintas-adhesivas.es\/wp-content\/uploads\/2022\/10\/logo-espanol-portugues.png\",\"width\":739,\"height\":150,\"caption\":\"Distribuidor de cintas 3M\"},\"image\":{\"@id\":\"https:\/\/distribuidor-cintas-adhesivas.es\/pt-pt\/#\/schema\/logo\/image\/\"},\"sameAs\":[\"https:\/\/distribuidorcintastesa.es\",\"https:\/\/solbi-mural.com\/es\/\",\"https:\/\/muralsrd.com\/\",\"https:\/\/www.instagram.com\/solbimural\/?igsh=ZnR6ZmkzZm1ubWhl\"]}]}<\/script>\n<!-- \/ Yoast SEO Premium plugin. -->","yoast_head_json":{"title":"Fita 3M\u2122 VHB\u2122 Muito Conform\u00e1vel","description":"Fita 3M\u2122 VHB\u2122 Muito Conform\u00e1vel oferece uma liga\u00e7\u00e3o duradoura, r\u00e1pida e f\u00e1cil de aplicar que proporciona uma elevada resist\u00eancia e durabilidade.","robots":{"index":"index","follow":"follow","max-snippet":"max-snippet:-1","max-image-preview":"max-image-preview:large","max-video-preview":"max-video-preview:-1"},"canonical":"https:\/\/distribuidor-cintas-adhesivas.es\/pt-pt\/producto\/fita-3m-vhb-muito-conformavel\/","og_locale":"pt_PT","og_type":"article","og_title":"Fita 3M\u2122 VHB\u2122 Muito Conform\u00e1vel","og_description":"Fita 3M\u2122 VHB\u2122 Muito Conform\u00e1vel oferece uma liga\u00e7\u00e3o duradoura, r\u00e1pida e f\u00e1cil de aplicar que proporciona uma elevada resist\u00eancia e durabilidade.","og_url":"https:\/\/distribuidor-cintas-adhesivas.es\/pt-pt\/producto\/fita-3m-vhb-muito-conformavel\/","og_site_name":"Distribuidor de cintas 3M, productos 3M, http:\/\/www.http:\/\/distribuidorcintas3m.es, Mejores ofertas en cintas","article_modified_time":"2024-07-24T14:59:01+00:00","og_image":[{"width":800,"height":800,"url":"https:\/\/distribuidor-cintas-adhesivas.es\/wp-content\/uploads\/2024\/07\/3m-vhb-cinta-de-espuma-acrilica-5952f-rollo-de-11m-x-19mm-x-11mm-4.jpg","type":"image\/jpeg"}],"twitter_card":"summary_large_image","twitter_misc":{"Tempo estimado de leitura":"2 minutos"},"schema":{"@context":"https:\/\/schema.org","@graph":[{"@type":"WebPage","@id":"https:\/\/distribuidor-cintas-adhesivas.es\/pt-pt\/producto\/fita-3m-vhb-muito-conformavel\/","url":"https:\/\/distribuidor-cintas-adhesivas.es\/pt-pt\/producto\/fita-3m-vhb-muito-conformavel\/","name":"Fita 3M\u2122 VHB\u2122 Muito Conform\u00e1vel","isPartOf":{"@id":"https:\/\/distribuidor-cintas-adhesivas.es\/pt-pt\/#website"},"primaryImageOfPage":{"@id":"https:\/\/distribuidor-cintas-adhesivas.es\/pt-pt\/producto\/fita-3m-vhb-muito-conformavel\/#primaryimage"},"image":{"@id":"https:\/\/distribuidor-cintas-adhesivas.es\/pt-pt\/producto\/fita-3m-vhb-muito-conformavel\/#primaryimage"},"thumbnailUrl":"https:\/\/distribuidor-cintas-adhesivas.es\/wp-content\/uploads\/2024\/07\/3m-vhb-cinta-de-espuma-acrilica-5952f-rollo-de-11m-x-19mm-x-11mm-4.jpg","datePublished":"2024-07-17T13:47:39+00:00","dateModified":"2024-07-24T14:59:01+00:00","description":"Fita 3M\u2122 VHB\u2122 Muito Conform\u00e1vel oferece uma liga\u00e7\u00e3o duradoura, r\u00e1pida e f\u00e1cil de aplicar que proporciona uma elevada resist\u00eancia e durabilidade.","breadcrumb":{"@id":"https:\/\/distribuidor-cintas-adhesivas.es\/pt-pt\/producto\/fita-3m-vhb-muito-conformavel\/#breadcrumb"},"inLanguage":"pt-PT","potentialAction":[{"@type":"ReadAction","target":["https:\/\/distribuidor-cintas-adhesivas.es\/pt-pt\/producto\/fita-3m-vhb-muito-conformavel\/"]}]},{"@type":"ImageObject","inLanguage":"pt-PT","@id":"https:\/\/distribuidor-cintas-adhesivas.es\/pt-pt\/producto\/fita-3m-vhb-muito-conformavel\/#primaryimage","url":"https:\/\/distribuidor-cintas-adhesivas.es\/wp-content\/uploads\/2024\/07\/3m-vhb-cinta-de-espuma-acrilica-5952f-rollo-de-11m-x-19mm-x-11mm-4.jpg","contentUrl":"https:\/\/distribuidor-cintas-adhesivas.es\/wp-content\/uploads\/2024\/07\/3m-vhb-cinta-de-espuma-acrilica-5952f-rollo-de-11m-x-19mm-x-11mm-4.jpg","width":800,"height":800,"caption":"3M VHB CINTA ESPUMA ACRILICA 5962F 5952f"},{"@type":"BreadcrumbList","@id":"https:\/\/distribuidor-cintas-adhesivas.es\/pt-pt\/producto\/fita-3m-vhb-muito-conformavel\/#breadcrumb","itemListElement":[{"@type":"ListItem","position":1,"name":"Portada","item":"https:\/\/distribuidor-cintas-adhesivas.es\/pt-pt\/"},{"@type":"ListItem","position":2,"name":"Produtos","item":"https:\/\/distribuidor-cintas-adhesivas.es\/shop\/"},{"@type":"ListItem","position":3,"name":"Fita 3M\u2122 VHB\u2122 Muito Conform\u00e1vel"}]},{"@type":"WebSite","@id":"https:\/\/distribuidor-cintas-adhesivas.es\/pt-pt\/#website","url":"https:\/\/distribuidor-cintas-adhesivas.es\/pt-pt\/","name":"Distribuidor de cintas 3M","description":"Distribuidor de cintas 3M, productos 3M, cinta adhesiva, 3M cinta doble cara, adhesivos 3M, cinta antideslizante, velcro 3M, cinta reflectante, 3m scotch, selladores de tuber\u00edas, formadores de juntas, retenedores, cianocrilatos reforzados con caucho, cianocrilatos ultrar\u00e1pidos, cianocrilatos para plasticos y caucho, cianocrilatos generales, cianocrilatos con poco olor, cianocrilatos para metales, adhesivos en aerosol, selladores y adhesivos, cintas de aluminio, cintas de vinilo para se\u00f1alizaci\u00f3n, cintas de tela americanas, cintas de papel para enmascarar, cintas para embalaje","publisher":{"@id":"https:\/\/distribuidor-cintas-adhesivas.es\/pt-pt\/#organization"},"potentialAction":[{"@type":"SearchAction","target":{"@type":"EntryPoint","urlTemplate":"https:\/\/distribuidor-cintas-adhesivas.es\/pt-pt\/?s={search_term_string}"},"query-input":{"@type":"PropertyValueSpecification","valueRequired":true,"valueName":"search_term_string"}}],"inLanguage":"pt-PT"},{"@type":"Organization","@id":"https:\/\/distribuidor-cintas-adhesivas.es\/pt-pt\/#organization","name":"Distribuidor de cintas 3M","url":"https:\/\/distribuidor-cintas-adhesivas.es\/pt-pt\/","logo":{"@type":"ImageObject","inLanguage":"pt-PT","@id":"https:\/\/distribuidor-cintas-adhesivas.es\/pt-pt\/#\/schema\/logo\/image\/","url":"https:\/\/distribuidor-cintas-adhesivas.es\/wp-content\/uploads\/2022\/10\/logo-espanol-portugues.png","contentUrl":"https:\/\/distribuidor-cintas-adhesivas.es\/wp-content\/uploads\/2022\/10\/logo-espanol-portugues.png","width":739,"height":150,"caption":"Distribuidor de cintas 3M"},"image":{"@id":"https:\/\/distribuidor-cintas-adhesivas.es\/pt-pt\/#\/schema\/logo\/image\/"},"sameAs":["https:\/\/distribuidorcintastesa.es","https:\/\/solbi-mural.com\/es\/","https:\/\/muralsrd.com\/","https:\/\/www.instagram.com\/solbimural\/?igsh=ZnR6ZmkzZm1ubWhl"]}]}},"_links":{"self":[{"href":"https:\/\/distribuidor-cintas-adhesivas.es\/pt-pt\/wp-json\/wp\/v2\/product\/5236","targetHints":{"allow":["GET"]}}],"collection":[{"href":"https:\/\/distribuidor-cintas-adhesivas.es\/pt-pt\/wp-json\/wp\/v2\/product"}],"about":[{"href":"https:\/\/distribuidor-cintas-adhesivas.es\/pt-pt\/wp-json\/wp\/v2\/types\/product"}],"wp:featuredmedia":[{"embeddable":true,"href":"https:\/\/distribuidor-cintas-adhesivas.es\/pt-pt\/wp-json\/wp\/v2\/media\/5316"}],"wp:attachment":[{"href":"https:\/\/distribuidor-cintas-adhesivas.es\/pt-pt\/wp-json\/wp\/v2\/media?parent=5236"}],"wp:term":[{"taxonomy":"product_brand","embeddable":true,"href":"https:\/\/distribuidor-cintas-adhesivas.es\/pt-pt\/wp-json\/wp\/v2\/product_brand?post=5236"},{"taxonomy":"product_cat","embeddable":true,"href":"https:\/\/distribuidor-cintas-adhesivas.es\/pt-pt\/wp-json\/wp\/v2\/product_cat?post=5236"},{"taxonomy":"product_tag","embeddable":true,"href":"https:\/\/distribuidor-cintas-adhesivas.es\/pt-pt\/wp-json\/wp\/v2\/product_tag?post=5236"}],"curies":[{"name":"wp","href":"https:\/\/api.w.org\/{rel}","templated":true}]}}