{"id":5597,"date":"2024-08-29T13:05:56","date_gmt":"2024-08-29T13:05:56","guid":{"rendered":"https:\/\/distribuidor-cintas-adhesivas.es\/?post_type=product&#038;p=5597"},"modified":"2024-09-04T09:15:24","modified_gmt":"2024-09-04T09:15:24","slug":"fita-scotch-4737tl","status":"publish","type":"product","link":"https:\/\/distribuidor-cintas-adhesivas.es\/pt-pt\/producto\/fita-scotch-4737tl\/","title":{"rendered":"Fita Scotch\u00ae 4737TL"},"content":{"rendered":"<p>Fita Scotch\u00ae 4737TL \u00e9 uma fita concebida para mascarar linhas finas e trabalhos a altas temperaturas, at\u00e9 149\u00b0C durante 30 minutos. A fita tem um adesivo de vinil resistente ao calor e \u00e9 revestida com um adesivo de borracha natural sens\u00edvel \u00e0 press\u00e3o que adere de forma fi\u00e1vel e \u00e9 facilmente removido de uma pe\u00e7a de trabalho, reduzindo os tempos de produ\u00e7\u00e3o.<\/p>\n<p><strong style=\"color: #000000; font-size: 24px;\">Compra em linha<\/strong><\/p>\n<h4><a href=\"https:\/\/solbi-mural.com\/pt\/3m-fitas-de-uma-face\/354-4905-3m-scotch-fita-de-vinil-para-mascaramento-fine-line-4737t-resistente-a-altas-temperaturas-azul-rolo-de-33m.html#\/143-largura-6mm\" target=\"_blank\" rel=\"noopener\"><span style=\"color: #3366ff;\"><strong>3M 4737T<\/strong><\/span><\/a><\/h4>\n<p>&nbsp;<\/p>\n<h4><strong>Caracter\u00edsticas<\/strong><\/h4>\n<ul>\n<li>Adequada para ciclos modernos de cozedura em fornos de alta temperatura at\u00e9 149\u00b0C durante 30 minutos<\/li>\n<li>Fita Scotch\u00ae 4737TL proporciona linhas limpas e uma separa\u00e7\u00e3o de cores perfeita em processos de pintura a alta temperatura.<\/li>\n<li>Evita manchas de tinta e levantamento de bordas para obter melhores resultados<\/li>\n<li>Oferece uma conformabilidade \u00f3ptima para formas curvas e objectos rebaixados<\/li>\n<li>Adesivo de borracha natural<\/li>\n<li>Remove-se com um m\u00ednimo de res\u00edduos<\/li>\n<li>Cor azul transl\u00facida<\/li>\n<\/ul>\n<p><strong style=\"font-size: 1.3em;\">Aplica\u00e7\u00f5es <\/strong><\/p>\n<ul>\n<li>Fita ideal para aplica\u00e7\u00f5es de m\u00e1scara a altas temperaturas<\/li>\n<li>F\u00e1cil remo\u00e7\u00e3o com o m\u00ednimo de res\u00edduos de adesivo<\/li>\n<li>Mascaramento para separa\u00e7\u00e3o de cores e linhas finas<\/li>\n<li>Apenas para utiliza\u00e7\u00e3o em interiores<\/li>\n<li>Recomendada para pintores<\/li>\n<\/ul>\n<h4><strong>Produtos Relacionados<\/strong><\/h4>\n<ul>\n<li style=\"list-style-type: none;\">\n<ul>\n<li><a href=\"https:\/\/distribuidor-cintas-adhesivas.es\/pt-pt\/producto\/3m-fita-de-mascarar-multiusos-101e\/\" target=\"_blank\" rel=\"noopener\">101E<\/a><\/li>\n<li><a href=\"https:\/\/distribuidor-cintas-adhesivas.es\/pt-pt\/producto\/3m-fita-de-poliester-8902\/\" target=\"_blank\" rel=\"noopener\">8902<\/a><\/li>\n<li><a href=\"https:\/\/distribuidor-cintas-adhesivas.es\/pt-pt\/producto\/fita-de-poliester-3m-8992\/\" target=\"_blank\" rel=\"noopener\">8992<\/a><\/li>\n<li><a href=\"https:\/\/distribuidor-cintas-adhesivas.es\/pt-pt\/producto\/fita-resistente-raios-uv-3m-2814\/\" target=\"_blank\" rel=\"noopener\">2814<\/a><\/li>\n<li><a href=\"https:\/\/distribuidor-cintas-adhesivas.es\/pt-pt\/producto\/fita-de-poliester-3m\/\" target=\"_blank\" rel=\"noopener\">875\/876<\/a><\/li>\n<\/ul>\n<\/li>\n<\/ul>\n","protected":false},"excerpt":{"rendered":"<p>Fita Scotch\u00ae 4737TL \u00e9 uma fita concebida para mascarar linhas finas e trabalhos a altas temperaturas, at\u00e9 149\u00b0C durante 30 minutos. A fita tem um adesivo de vinil resistente ao calor e \u00e9 revestida com um adesivo de borracha natural sens\u00edvel \u00e0 press\u00e3o que adere de forma fi\u00e1vel e \u00e9 facilmente removido de uma pe\u00e7a [&hellip;]<\/p>\n","protected":false},"featured_media":5609,"template":"","meta":{"site-sidebar-layout":"default","site-content-layout":"","ast-site-content-layout":"default","site-content-style":"default","site-sidebar-style":"default","ast-global-header-display":"","ast-banner-title-visibility":"","ast-main-header-display":"","ast-hfb-above-header-display":"","ast-hfb-below-header-display":"","ast-hfb-mobile-header-display":"","site-post-title":"","ast-breadcrumbs-content":"","ast-featured-img":"","footer-sml-layout":"","ast-disable-related-posts":"","theme-transparent-header-meta":"default","adv-header-id-meta":"","stick-header-meta":"","header-above-stick-meta":"","header-main-stick-meta":"","header-below-stick-meta":"","astra-migrate-meta-layouts":"set","ast-page-background-enabled":"default","ast-page-background-meta":{"desktop":{"background-color":"","background-image":"","background-repeat":"repeat","background-position":"center center","background-size":"auto","background-attachment":"scroll","background-type":"","background-media":"","overlay-type":"","overlay-color":"","overlay-opacity":"","overlay-gradient":""},"tablet":{"background-color":"","background-image":"","background-repeat":"repeat","background-position":"center center","background-size":"auto","background-attachment":"scroll","background-type":"","background-media":"","overlay-type":"","overlay-color":"","overlay-opacity":"","overlay-gradient":""},"mobile":{"background-color":"","background-image":"","background-repeat":"repeat","background-position":"center center","background-size":"auto","background-attachment":"scroll","background-type":"","background-media":"","overlay-type":"","overlay-color":"","overlay-opacity":"","overlay-gradient":""}},"ast-content-background-meta":{"desktop":{"background-color":"var(--ast-global-color-5)","background-image":"","background-repeat":"repeat","background-position":"center center","background-size":"auto","background-attachment":"scroll","background-type":"","background-media":"","overlay-type":"","overlay-color":"","overlay-opacity":"","overlay-gradient":""},"tablet":{"background-color":"var(--ast-global-color-5)","background-image":"","background-repeat":"repeat","background-position":"center center","background-size":"auto","background-attachment":"scroll","background-type":"","background-media":"","overlay-type":"","overlay-color":"","overlay-opacity":"","overlay-gradient":""},"mobile":{"background-color":"var(--ast-global-color-5)","background-image":"","background-repeat":"repeat","background-position":"center center","background-size":"auto","background-attachment":"scroll","background-type":"","background-media":"","overlay-type":"","overlay-color":"","overlay-opacity":"","overlay-gradient":""}}},"product_brand":[],"product_cat":[3058],"product_tag":[3086,3089,3087,3090,3088],"class_list":{"0":"post-5597","1":"product","2":"type-product","3":"status-publish","4":"has-post-thumbnail","6":"product_cat-fitas-de-mascarar","7":"product_tag-fita-adesiva-pt-pt","8":"product_tag-fita-de-alta-temperatura","9":"product_tag-fita-de-pintor-pt-pt","10":"product_tag-fita-de-pintura-temporaria-pt-pt","11":"product_tag-fita-de-poliester-3m","12":"desktop-align-center","13":"tablet-align-center","14":"mobile-align-center","16":"first","17":"instock","18":"shipping-taxable","19":"product-type-simple"},"yoast_head":"<!-- This site is optimized with the Yoast SEO Premium plugin v27.2 (Yoast SEO v27.2) - https:\/\/yoast.com\/product\/yoast-seo-premium-wordpress\/ -->\n<title>Fita Scotch\u00ae 4737TL<\/title>\n<meta name=\"description\" content=\"Fita Scotch\u00ae 4737TL \u00e9 uma fita concebida para mascarar linhas finas e trabalhos a altas temperaturas, at\u00e9 149\u00b0C durante 30 minutos.\" \/>\n<meta name=\"robots\" content=\"index, follow, max-snippet:-1, max-image-preview:large, max-video-preview:-1\" \/>\n<link rel=\"canonical\" href=\"https:\/\/distribuidor-cintas-adhesivas.es\/pt-pt\/producto\/fita-scotch-4737tl\/\" \/>\n<meta property=\"og:locale\" content=\"pt_PT\" \/>\n<meta property=\"og:type\" content=\"article\" \/>\n<meta property=\"og:title\" content=\"Fita Scotch\u00ae 4737TL\" \/>\n<meta property=\"og:description\" content=\"Fita Scotch\u00ae 4737TL \u00e9 uma fita concebida para mascarar linhas finas e trabalhos a altas temperaturas, at\u00e9 149\u00b0C durante 30 minutos.\" \/>\n<meta property=\"og:url\" content=\"https:\/\/distribuidor-cintas-adhesivas.es\/pt-pt\/producto\/fita-scotch-4737tl\/\" \/>\n<meta property=\"og:site_name\" content=\"Distribuidor de cintas 3M, productos 3M, http:\/\/www.http:\/\/distribuidorcintas3m.es, Mejores ofertas en cintas\" \/>\n<meta property=\"article:modified_time\" content=\"2024-09-04T09:15:24+00:00\" \/>\n<meta property=\"og:image\" content=\"https:\/\/distribuidor-cintas-adhesivas.es\/wp-content\/uploads\/2024\/08\/Scotch\u00ae-Cinta-Altas-Temperaturas-4737TL.jpg\" \/>\n\t<meta property=\"og:image:width\" content=\"800\" \/>\n\t<meta property=\"og:image:height\" content=\"800\" \/>\n\t<meta property=\"og:image:type\" content=\"image\/jpeg\" \/>\n<meta name=\"twitter:card\" content=\"summary_large_image\" \/>\n<meta name=\"twitter:label1\" content=\"Tempo estimado de leitura\" \/>\n\t<meta name=\"twitter:data1\" content=\"2 minutos\" \/>\n<script type=\"application\/ld+json\" class=\"yoast-schema-graph\">{\"@context\":\"https:\/\/schema.org\",\"@graph\":[{\"@type\":\"WebPage\",\"@id\":\"https:\/\/distribuidor-cintas-adhesivas.es\/pt-pt\/producto\/fita-scotch-4737tl\/\",\"url\":\"https:\/\/distribuidor-cintas-adhesivas.es\/pt-pt\/producto\/fita-scotch-4737tl\/\",\"name\":\"Fita Scotch\u00ae 4737TL\",\"isPartOf\":{\"@id\":\"https:\/\/distribuidor-cintas-adhesivas.es\/pt-pt\/#website\"},\"primaryImageOfPage\":{\"@id\":\"https:\/\/distribuidor-cintas-adhesivas.es\/pt-pt\/producto\/fita-scotch-4737tl\/#primaryimage\"},\"image\":{\"@id\":\"https:\/\/distribuidor-cintas-adhesivas.es\/pt-pt\/producto\/fita-scotch-4737tl\/#primaryimage\"},\"thumbnailUrl\":\"https:\/\/distribuidor-cintas-adhesivas.es\/wp-content\/uploads\/2024\/08\/Scotch\u00ae-Cinta-Altas-Temperaturas-4737TL.jpg\",\"datePublished\":\"2024-08-29T13:05:56+00:00\",\"dateModified\":\"2024-09-04T09:15:24+00:00\",\"description\":\"Fita Scotch\u00ae 4737TL \u00e9 uma fita concebida para mascarar linhas finas e trabalhos a altas temperaturas, at\u00e9 149\u00b0C durante 30 minutos.\",\"breadcrumb\":{\"@id\":\"https:\/\/distribuidor-cintas-adhesivas.es\/pt-pt\/producto\/fita-scotch-4737tl\/#breadcrumb\"},\"inLanguage\":\"pt-PT\",\"potentialAction\":[{\"@type\":\"ReadAction\",\"target\":[\"https:\/\/distribuidor-cintas-adhesivas.es\/pt-pt\/producto\/fita-scotch-4737tl\/\"]}]},{\"@type\":\"ImageObject\",\"inLanguage\":\"pt-PT\",\"@id\":\"https:\/\/distribuidor-cintas-adhesivas.es\/pt-pt\/producto\/fita-scotch-4737tl\/#primaryimage\",\"url\":\"https:\/\/distribuidor-cintas-adhesivas.es\/wp-content\/uploads\/2024\/08\/Scotch\u00ae-Cinta-Altas-Temperaturas-4737TL.jpg\",\"contentUrl\":\"https:\/\/distribuidor-cintas-adhesivas.es\/wp-content\/uploads\/2024\/08\/Scotch\u00ae-Cinta-Altas-Temperaturas-4737TL.jpg\",\"width\":800,\"height\":800,\"caption\":\"Scotch\u00ae Cinta Altas Temperaturas 4737TL\"},{\"@type\":\"BreadcrumbList\",\"@id\":\"https:\/\/distribuidor-cintas-adhesivas.es\/pt-pt\/producto\/fita-scotch-4737tl\/#breadcrumb\",\"itemListElement\":[{\"@type\":\"ListItem\",\"position\":1,\"name\":\"Portada\",\"item\":\"https:\/\/distribuidor-cintas-adhesivas.es\/pt-pt\/\"},{\"@type\":\"ListItem\",\"position\":2,\"name\":\"Produtos\",\"item\":\"https:\/\/distribuidor-cintas-adhesivas.es\/shop\/\"},{\"@type\":\"ListItem\",\"position\":3,\"name\":\"Fita Scotch\u00ae 4737TL\"}]},{\"@type\":\"WebSite\",\"@id\":\"https:\/\/distribuidor-cintas-adhesivas.es\/pt-pt\/#website\",\"url\":\"https:\/\/distribuidor-cintas-adhesivas.es\/pt-pt\/\",\"name\":\"Distribuidor de cintas 3M\",\"description\":\"Distribuidor de cintas 3M, productos 3M, cinta adhesiva, 3M cinta doble cara, adhesivos 3M, cinta antideslizante, velcro 3M, cinta reflectante, 3m scotch, selladores de tuber\u00edas, formadores de juntas, retenedores, cianocrilatos reforzados con caucho, cianocrilatos ultrar\u00e1pidos, cianocrilatos para plasticos y caucho, cianocrilatos generales, cianocrilatos con poco olor, cianocrilatos para metales, adhesivos en aerosol, selladores y adhesivos, cintas de aluminio, cintas de vinilo para se\u00f1alizaci\u00f3n, cintas de tela americanas, cintas de papel para enmascarar, cintas para embalaje\",\"publisher\":{\"@id\":\"https:\/\/distribuidor-cintas-adhesivas.es\/pt-pt\/#organization\"},\"potentialAction\":[{\"@type\":\"SearchAction\",\"target\":{\"@type\":\"EntryPoint\",\"urlTemplate\":\"https:\/\/distribuidor-cintas-adhesivas.es\/pt-pt\/?s={search_term_string}\"},\"query-input\":{\"@type\":\"PropertyValueSpecification\",\"valueRequired\":true,\"valueName\":\"search_term_string\"}}],\"inLanguage\":\"pt-PT\"},{\"@type\":\"Organization\",\"@id\":\"https:\/\/distribuidor-cintas-adhesivas.es\/pt-pt\/#organization\",\"name\":\"Distribuidor de cintas 3M\",\"url\":\"https:\/\/distribuidor-cintas-adhesivas.es\/pt-pt\/\",\"logo\":{\"@type\":\"ImageObject\",\"inLanguage\":\"pt-PT\",\"@id\":\"https:\/\/distribuidor-cintas-adhesivas.es\/pt-pt\/#\/schema\/logo\/image\/\",\"url\":\"https:\/\/distribuidor-cintas-adhesivas.es\/wp-content\/uploads\/2022\/10\/logo-espanol-portugues.png\",\"contentUrl\":\"https:\/\/distribuidor-cintas-adhesivas.es\/wp-content\/uploads\/2022\/10\/logo-espanol-portugues.png\",\"width\":739,\"height\":150,\"caption\":\"Distribuidor de cintas 3M\"},\"image\":{\"@id\":\"https:\/\/distribuidor-cintas-adhesivas.es\/pt-pt\/#\/schema\/logo\/image\/\"},\"sameAs\":[\"https:\/\/distribuidorcintastesa.es\",\"https:\/\/solbi-mural.com\/es\/\",\"https:\/\/muralsrd.com\/\",\"https:\/\/www.instagram.com\/solbimural\/?igsh=ZnR6ZmkzZm1ubWhl\"]}]}<\/script>\n<!-- \/ Yoast SEO Premium plugin. -->","yoast_head_json":{"title":"Fita Scotch\u00ae 4737TL","description":"Fita Scotch\u00ae 4737TL \u00e9 uma fita concebida para mascarar linhas finas e trabalhos a altas temperaturas, at\u00e9 149\u00b0C durante 30 minutos.","robots":{"index":"index","follow":"follow","max-snippet":"max-snippet:-1","max-image-preview":"max-image-preview:large","max-video-preview":"max-video-preview:-1"},"canonical":"https:\/\/distribuidor-cintas-adhesivas.es\/pt-pt\/producto\/fita-scotch-4737tl\/","og_locale":"pt_PT","og_type":"article","og_title":"Fita Scotch\u00ae 4737TL","og_description":"Fita Scotch\u00ae 4737TL \u00e9 uma fita concebida para mascarar linhas finas e trabalhos a altas temperaturas, at\u00e9 149\u00b0C durante 30 minutos.","og_url":"https:\/\/distribuidor-cintas-adhesivas.es\/pt-pt\/producto\/fita-scotch-4737tl\/","og_site_name":"Distribuidor de cintas 3M, productos 3M, http:\/\/www.http:\/\/distribuidorcintas3m.es, Mejores ofertas en cintas","article_modified_time":"2024-09-04T09:15:24+00:00","og_image":[{"width":800,"height":800,"url":"https:\/\/distribuidor-cintas-adhesivas.es\/wp-content\/uploads\/2024\/08\/Scotch\u00ae-Cinta-Altas-Temperaturas-4737TL.jpg","type":"image\/jpeg"}],"twitter_card":"summary_large_image","twitter_misc":{"Tempo estimado de leitura":"2 minutos"},"schema":{"@context":"https:\/\/schema.org","@graph":[{"@type":"WebPage","@id":"https:\/\/distribuidor-cintas-adhesivas.es\/pt-pt\/producto\/fita-scotch-4737tl\/","url":"https:\/\/distribuidor-cintas-adhesivas.es\/pt-pt\/producto\/fita-scotch-4737tl\/","name":"Fita Scotch\u00ae 4737TL","isPartOf":{"@id":"https:\/\/distribuidor-cintas-adhesivas.es\/pt-pt\/#website"},"primaryImageOfPage":{"@id":"https:\/\/distribuidor-cintas-adhesivas.es\/pt-pt\/producto\/fita-scotch-4737tl\/#primaryimage"},"image":{"@id":"https:\/\/distribuidor-cintas-adhesivas.es\/pt-pt\/producto\/fita-scotch-4737tl\/#primaryimage"},"thumbnailUrl":"https:\/\/distribuidor-cintas-adhesivas.es\/wp-content\/uploads\/2024\/08\/Scotch\u00ae-Cinta-Altas-Temperaturas-4737TL.jpg","datePublished":"2024-08-29T13:05:56+00:00","dateModified":"2024-09-04T09:15:24+00:00","description":"Fita Scotch\u00ae 4737TL \u00e9 uma fita concebida para mascarar linhas finas e trabalhos a altas temperaturas, at\u00e9 149\u00b0C durante 30 minutos.","breadcrumb":{"@id":"https:\/\/distribuidor-cintas-adhesivas.es\/pt-pt\/producto\/fita-scotch-4737tl\/#breadcrumb"},"inLanguage":"pt-PT","potentialAction":[{"@type":"ReadAction","target":["https:\/\/distribuidor-cintas-adhesivas.es\/pt-pt\/producto\/fita-scotch-4737tl\/"]}]},{"@type":"ImageObject","inLanguage":"pt-PT","@id":"https:\/\/distribuidor-cintas-adhesivas.es\/pt-pt\/producto\/fita-scotch-4737tl\/#primaryimage","url":"https:\/\/distribuidor-cintas-adhesivas.es\/wp-content\/uploads\/2024\/08\/Scotch\u00ae-Cinta-Altas-Temperaturas-4737TL.jpg","contentUrl":"https:\/\/distribuidor-cintas-adhesivas.es\/wp-content\/uploads\/2024\/08\/Scotch\u00ae-Cinta-Altas-Temperaturas-4737TL.jpg","width":800,"height":800,"caption":"Scotch\u00ae Cinta Altas Temperaturas 4737TL"},{"@type":"BreadcrumbList","@id":"https:\/\/distribuidor-cintas-adhesivas.es\/pt-pt\/producto\/fita-scotch-4737tl\/#breadcrumb","itemListElement":[{"@type":"ListItem","position":1,"name":"Portada","item":"https:\/\/distribuidor-cintas-adhesivas.es\/pt-pt\/"},{"@type":"ListItem","position":2,"name":"Produtos","item":"https:\/\/distribuidor-cintas-adhesivas.es\/shop\/"},{"@type":"ListItem","position":3,"name":"Fita Scotch\u00ae 4737TL"}]},{"@type":"WebSite","@id":"https:\/\/distribuidor-cintas-adhesivas.es\/pt-pt\/#website","url":"https:\/\/distribuidor-cintas-adhesivas.es\/pt-pt\/","name":"Distribuidor de cintas 3M","description":"Distribuidor de cintas 3M, productos 3M, cinta adhesiva, 3M cinta doble cara, adhesivos 3M, cinta antideslizante, velcro 3M, cinta reflectante, 3m scotch, selladores de tuber\u00edas, formadores de juntas, retenedores, cianocrilatos reforzados con caucho, cianocrilatos ultrar\u00e1pidos, cianocrilatos para plasticos y caucho, cianocrilatos generales, cianocrilatos con poco olor, cianocrilatos para metales, adhesivos en aerosol, selladores y adhesivos, cintas de aluminio, cintas de vinilo para se\u00f1alizaci\u00f3n, cintas de tela americanas, cintas de papel para enmascarar, cintas para embalaje","publisher":{"@id":"https:\/\/distribuidor-cintas-adhesivas.es\/pt-pt\/#organization"},"potentialAction":[{"@type":"SearchAction","target":{"@type":"EntryPoint","urlTemplate":"https:\/\/distribuidor-cintas-adhesivas.es\/pt-pt\/?s={search_term_string}"},"query-input":{"@type":"PropertyValueSpecification","valueRequired":true,"valueName":"search_term_string"}}],"inLanguage":"pt-PT"},{"@type":"Organization","@id":"https:\/\/distribuidor-cintas-adhesivas.es\/pt-pt\/#organization","name":"Distribuidor de cintas 3M","url":"https:\/\/distribuidor-cintas-adhesivas.es\/pt-pt\/","logo":{"@type":"ImageObject","inLanguage":"pt-PT","@id":"https:\/\/distribuidor-cintas-adhesivas.es\/pt-pt\/#\/schema\/logo\/image\/","url":"https:\/\/distribuidor-cintas-adhesivas.es\/wp-content\/uploads\/2022\/10\/logo-espanol-portugues.png","contentUrl":"https:\/\/distribuidor-cintas-adhesivas.es\/wp-content\/uploads\/2022\/10\/logo-espanol-portugues.png","width":739,"height":150,"caption":"Distribuidor de cintas 3M"},"image":{"@id":"https:\/\/distribuidor-cintas-adhesivas.es\/pt-pt\/#\/schema\/logo\/image\/"},"sameAs":["https:\/\/distribuidorcintastesa.es","https:\/\/solbi-mural.com\/es\/","https:\/\/muralsrd.com\/","https:\/\/www.instagram.com\/solbimural\/?igsh=ZnR6ZmkzZm1ubWhl"]}]}},"_links":{"self":[{"href":"https:\/\/distribuidor-cintas-adhesivas.es\/pt-pt\/wp-json\/wp\/v2\/product\/5597","targetHints":{"allow":["GET"]}}],"collection":[{"href":"https:\/\/distribuidor-cintas-adhesivas.es\/pt-pt\/wp-json\/wp\/v2\/product"}],"about":[{"href":"https:\/\/distribuidor-cintas-adhesivas.es\/pt-pt\/wp-json\/wp\/v2\/types\/product"}],"wp:featuredmedia":[{"embeddable":true,"href":"https:\/\/distribuidor-cintas-adhesivas.es\/pt-pt\/wp-json\/wp\/v2\/media\/5609"}],"wp:attachment":[{"href":"https:\/\/distribuidor-cintas-adhesivas.es\/pt-pt\/wp-json\/wp\/v2\/media?parent=5597"}],"wp:term":[{"taxonomy":"product_brand","embeddable":true,"href":"https:\/\/distribuidor-cintas-adhesivas.es\/pt-pt\/wp-json\/wp\/v2\/product_brand?post=5597"},{"taxonomy":"product_cat","embeddable":true,"href":"https:\/\/distribuidor-cintas-adhesivas.es\/pt-pt\/wp-json\/wp\/v2\/product_cat?post=5597"},{"taxonomy":"product_tag","embeddable":true,"href":"https:\/\/distribuidor-cintas-adhesivas.es\/pt-pt\/wp-json\/wp\/v2\/product_tag?post=5597"}],"curies":[{"name":"wp","href":"https:\/\/api.w.org\/{rel}","templated":true}]}}